{"id":264639,"date":"2025-04-28T07:46:17","date_gmt":"2025-04-28T05:46:17","guid":{"rendered":"https:\/\/shopatoa.com\/ro\/dripping-gold-set-cadou-party-prep-collection\/"},"modified":"2025-12-09T06:23:54","modified_gmt":"2025-12-09T05:23:54","slug":"dripping-gold-set-cadou-party-prep-collection","status":"publish","type":"product","link":"https:\/\/shopatoa.com\/ro\/dripping-gold-set-cadou-party-prep-collection\/","title":{"rendered":"Dripping Gold Set cadou Party Prep Collection"},"content":{"rendered":"<p>Setul con\u021bine: Spum\u0103 auto-bronzat\u0103 transparent\u0103 nuan\u021b\u0103: Medium Lo\u021biune autobronzanta nuan\u021b\u0103: light\/medium Stick de bronzare pentru iluminare Bronze Bar M\u0103nu\u0219\u0103 de aplicare Pachetul de Cr\u0103ciun Party Prep, o colec\u021bie original\u0103 de produse care v\u0103 vor ajuta s\u0103 ob\u021bine\u021bi cu u\u0219urin\u021b\u0103 un aspect irezistibil de petrecere de sear\u0103. Preg\u0103ti\u021bi-v\u0103 s\u0103 str\u0103luci\u021bi cu \u00eencredere cu acest set de produse atent concepute pentru a v\u0103 oferi un bronz cu aspect natural. \u00cencepe\u021bi cu o spum\u0103 transparent\u0103 autobronzant\u0103 cu absorb\u021bie rapid\u0103, \u00een nuan\u021b\u0103 medie. Aceast\u0103 spum\u0103 unic\u0103 nu con\u021bine colorant conductiv, a\u0219a c\u0103 nu las\u0103 urme pe lenjerie de pat sau \u00eembr\u0103c\u0103minte, oferind \u00een acela\u0219i timp pielii un bronz \u00een c\u00e2teva ore. Pentru o aplicare impecabila, folosi\u021bi m\u0103nu\u0219a de aplicare catifelat\u0103 inclus\u0103 in acest set. Suprafa\u021ba sa moale asigur\u0103 o aplicare uniform\u0103, f\u0103r\u0103 urme, permi\u021b\u00e2ndu-v\u0103 s\u0103 ob\u021bine\u021bi un finisaj profesional acas\u0103. Ad\u0103uga\u021bi la asta cea\u021ba facial\u0103 autobronzant\u0103 \u00een nuan\u021b\u0103 deschis\u0103-medie, o formul\u0103 r\u0103coritoare \u0219i hidratant\u0103 care va oferi pielii dumneavoastr\u0103 un aspect bronzat natural. Pentru a v\u0103 accentua bronzul, utiliza\u021bi stick-ul de bronz str\u0103lucitor Bronze Bar. Consisten\u021ba sa alunec\u0103 u\u0219or peste piele, dar \u00een acela\u0219i timp nu las\u0103 urme grase. Aduce un parfum pl\u0103cut de nuc\u0103 de cocos care va oferi preg\u0103tirii dvs. pentru petrecere o not\u0103 de lux tropical cu o str\u0103lucire irezistibil\u0103 a pielii.<\/p>\n","protected":false},"excerpt":{"rendered":"<p>Setul con\u021bine: Spum\u0103 auto-bronzat\u0103 transparent\u0103 nuan\u021b\u0103: Medium Lo\u021biune autobronzanta nuan\u021b\u0103: light\/medium Stick de bronzare pentru iluminare Bronze Bar M\u0103nu\u0219\u0103 de aplicare Pachetul de Cr\u0103ciun Party Prep, o colec\u021bie original\u0103 de produse care v\u0103 vor ajuta s\u0103 ob\u021bine\u021bi cu u\u0219urin\u021b\u0103 un aspect irezistibil de petrecere de sear\u0103. Preg\u0103ti\u021bi-v\u0103 s\u0103 str\u0103luci\u021bi cu \u00eencredere cu acest set de&#8230;<\/p>\n","protected":false},"featured_media":341044,"comment_status":"closed","ping_status":"open","template":"","meta":{"_acf_changed":false,"_kadence_starter_templates_imported_post":false,"_kad_post_transparent":"","_kad_post_title":"","_kad_post_layout":"","_kad_post_sidebar_id":"","_kad_post_content_style":"","_kad_post_vertical_padding":"","_kad_post_feature":"","_kad_post_feature_position":"","_kad_post_header":false,"_kad_post_footer":false,"_kad_post_classname":""},"product_brand":[921],"product_cat":[246,642,768],"product_tag":[],"class_list":{"0":"post-264639","1":"product","2":"type-product","3":"status-publish","4":"has-post-thumbnail","6":"product_brand-dripping-gold","7":"product_cat-cosmetice","8":"product_cat-cosmetice-de-protectie-solara","9":"product_cat-produse-cosmetice-autobronzante","11":"first","12":"instock","13":"sale","14":"product-type-external","15":"entry","16":"content-bg","17":"loop-entry"},"acf":[],"yoast_head":"<!-- This site is optimized with the Yoast SEO plugin v27.3 - https:\/\/yoast.com\/product\/yoast-seo-wordpress\/ -->\n<title>Dripping Gold Set cadou Party Prep Collection - SHOPATOA.COM<\/title>\n<meta name=\"robots\" content=\"index, follow, max-snippet:-1, max-image-preview:large, max-video-preview:-1\" \/>\n<link rel=\"canonical\" href=\"https:\/\/shopatoa.com\/ro\/dripping-gold-set-cadou-party-prep-collection\/\" \/>\n<meta property=\"og:locale\" content=\"ro_RO\" \/>\n<meta property=\"og:type\" content=\"article\" \/>\n<meta property=\"og:title\" content=\"Dripping Gold Set cadou Party Prep Collection - SHOPATOA.COM\" \/>\n<meta property=\"og:description\" content=\"Setul con\u021bine: Spum\u0103 auto-bronzat\u0103 transparent\u0103 nuan\u021b\u0103: Medium Lo\u021biune autobronzanta nuan\u021b\u0103: light\/medium Stick de bronzare pentru iluminare Bronze Bar M\u0103nu\u0219\u0103 de aplicare Pachetul de Cr\u0103ciun Party Prep, o colec\u021bie original\u0103 de produse care v\u0103 vor ajuta s\u0103 ob\u021bine\u021bi cu u\u0219urin\u021b\u0103 un aspect irezistibil de petrecere de sear\u0103. Preg\u0103ti\u021bi-v\u0103 s\u0103 str\u0103luci\u021bi cu \u00eencredere cu acest set de...\" \/>\n<meta property=\"og:url\" content=\"https:\/\/shopatoa.com\/ro\/dripping-gold-set-cadou-party-prep-collection\/\" \/>\n<meta property=\"og:site_name\" content=\"SHOPATOA\" \/>\n<meta property=\"article:modified_time\" content=\"2025-12-09T05:23:54+00:00\" \/>\n<meta property=\"og:image\" content=\"https:\/\/storage.googleapis.com\/cz-shopatoa-img\/ro\/97069a03-unnamed-file.webp\" \/>\n\t<meta property=\"og:image:width\" content=\"800\" \/>\n\t<meta property=\"og:image:height\" content=\"800\" \/>\n\t<meta property=\"og:image:type\" content=\"image\/webp\" \/>\n<meta name=\"twitter:card\" content=\"summary_large_image\" \/>\n<meta name=\"twitter:label1\" content=\"Timp estimat pentru citire\" \/>\n\t<meta name=\"twitter:data1\" content=\"1 minut\" \/>\n<script type=\"application\/ld+json\" class=\"yoast-schema-graph\">{\"@context\":\"https:\\\/\\\/schema.org\",\"@graph\":[{\"@type\":\"WebPage\",\"@id\":\"https:\\\/\\\/shopatoa.com\\\/ro\\\/dripping-gold-set-cadou-party-prep-collection\\\/\",\"url\":\"https:\\\/\\\/shopatoa.com\\\/ro\\\/dripping-gold-set-cadou-party-prep-collection\\\/\",\"name\":\"Dripping Gold Set cadou Party Prep Collection - SHOPATOA.COM\",\"isPartOf\":{\"@id\":\"https:\\\/\\\/shopatoa.com\\\/ro\\\/#website\"},\"primaryImageOfPage\":{\"@id\":\"https:\\\/\\\/shopatoa.com\\\/ro\\\/dripping-gold-set-cadou-party-prep-collection\\\/#primaryimage\"},\"image\":{\"@id\":\"https:\\\/\\\/shopatoa.com\\\/ro\\\/dripping-gold-set-cadou-party-prep-collection\\\/#primaryimage\"},\"thumbnailUrl\":\"https:\\\/\\\/storage.googleapis.com\\\/cz-shopatoa-img\\\/ro\\\/97069a03-unnamed-file.webp\",\"datePublished\":\"2025-04-28T05:46:17+00:00\",\"dateModified\":\"2025-12-09T05:23:54+00:00\",\"breadcrumb\":{\"@id\":\"https:\\\/\\\/shopatoa.com\\\/ro\\\/dripping-gold-set-cadou-party-prep-collection\\\/#breadcrumb\"},\"inLanguage\":\"ro-RO\",\"potentialAction\":[{\"@type\":\"ReadAction\",\"target\":[\"https:\\\/\\\/shopatoa.com\\\/ro\\\/dripping-gold-set-cadou-party-prep-collection\\\/\"]}]},{\"@type\":\"ImageObject\",\"inLanguage\":\"ro-RO\",\"@id\":\"https:\\\/\\\/shopatoa.com\\\/ro\\\/dripping-gold-set-cadou-party-prep-collection\\\/#primaryimage\",\"url\":\"https:\\\/\\\/storage.googleapis.com\\\/cz-shopatoa-img\\\/ro\\\/97069a03-unnamed-file.webp\",\"contentUrl\":\"https:\\\/\\\/storage.googleapis.com\\\/cz-shopatoa-img\\\/ro\\\/97069a03-unnamed-file.webp\",\"width\":800,\"height\":800},{\"@type\":\"BreadcrumbList\",\"@id\":\"https:\\\/\\\/shopatoa.com\\\/ro\\\/dripping-gold-set-cadou-party-prep-collection\\\/#breadcrumb\",\"itemListElement\":[{\"@type\":\"ListItem\",\"position\":1,\"name\":\"Dom\u016f\",\"item\":\"https:\\\/\\\/shopatoa.com\\\/ro\\\/\"},{\"@type\":\"ListItem\",\"position\":2,\"name\":\"Shop\",\"item\":\"https:\\\/\\\/shopatoa.com\\\/ro\\\/shop\\\/\"},{\"@type\":\"ListItem\",\"position\":3,\"name\":\"Cosmetice\",\"item\":\"https:\\\/\\\/shopatoa.com\\\/ro\\\/cosmetice\\\/\"},{\"@type\":\"ListItem\",\"position\":4,\"name\":\"Cosmetice de protec\u021bie solar\u0103\",\"item\":\"https:\\\/\\\/shopatoa.com\\\/ro\\\/cosmetice-de-protectie-solara\\\/\"},{\"@type\":\"ListItem\",\"position\":5,\"name\":\"Produse cosmetice autobronzante\",\"item\":\"https:\\\/\\\/shopatoa.com\\\/ro\\\/produse-cosmetice-autobronzante\\\/\"},{\"@type\":\"ListItem\",\"position\":6,\"name\":\"Dripping Gold Set cadou Party Prep Collection\"}]},{\"@type\":\"WebSite\",\"@id\":\"https:\\\/\\\/shopatoa.com\\\/ro\\\/#website\",\"url\":\"https:\\\/\\\/shopatoa.com\\\/ro\\\/\",\"name\":\"SHOPATOA\",\"description\":\"\",\"publisher\":{\"@id\":\"https:\\\/\\\/shopatoa.com\\\/ro\\\/#organization\"},\"potentialAction\":[{\"@type\":\"SearchAction\",\"target\":{\"@type\":\"EntryPoint\",\"urlTemplate\":\"https:\\\/\\\/shopatoa.com\\\/ro\\\/?s={search_term_string}\"},\"query-input\":{\"@type\":\"PropertyValueSpecification\",\"valueRequired\":true,\"valueName\":\"search_term_string\"}}],\"inLanguage\":\"ro-RO\"},{\"@type\":\"Organization\",\"@id\":\"https:\\\/\\\/shopatoa.com\\\/ro\\\/#organization\",\"name\":\"SHOPATOA\",\"url\":\"https:\\\/\\\/shopatoa.com\\\/ro\\\/\",\"logo\":{\"@type\":\"ImageObject\",\"inLanguage\":\"ro-RO\",\"@id\":\"https:\\\/\\\/shopatoa.com\\\/ro\\\/#\\\/schema\\\/logo\\\/image\\\/\",\"url\":\"https:\\\/\\\/storage.googleapis.com\\\/cz-shopatoa-img\\\/ro\\\/b4dac915-shopatoa_logo.png\",\"contentUrl\":\"https:\\\/\\\/storage.googleapis.com\\\/cz-shopatoa-img\\\/ro\\\/b4dac915-shopatoa_logo.png\",\"width\":416,\"height\":63,\"caption\":\"SHOPATOA\"},\"image\":{\"@id\":\"https:\\\/\\\/shopatoa.com\\\/ro\\\/#\\\/schema\\\/logo\\\/image\\\/\"}}]}<\/script>\n<!-- \/ Yoast SEO plugin. -->","yoast_head_json":{"title":"Dripping Gold Set cadou Party Prep Collection - SHOPATOA.COM","robots":{"index":"index","follow":"follow","max-snippet":"max-snippet:-1","max-image-preview":"max-image-preview:large","max-video-preview":"max-video-preview:-1"},"canonical":"https:\/\/shopatoa.com\/ro\/dripping-gold-set-cadou-party-prep-collection\/","og_locale":"ro_RO","og_type":"article","og_title":"Dripping Gold Set cadou Party Prep Collection - SHOPATOA.COM","og_description":"Setul con\u021bine: Spum\u0103 auto-bronzat\u0103 transparent\u0103 nuan\u021b\u0103: Medium Lo\u021biune autobronzanta nuan\u021b\u0103: light\/medium Stick de bronzare pentru iluminare Bronze Bar M\u0103nu\u0219\u0103 de aplicare Pachetul de Cr\u0103ciun Party Prep, o colec\u021bie original\u0103 de produse care v\u0103 vor ajuta s\u0103 ob\u021bine\u021bi cu u\u0219urin\u021b\u0103 un aspect irezistibil de petrecere de sear\u0103. Preg\u0103ti\u021bi-v\u0103 s\u0103 str\u0103luci\u021bi cu \u00eencredere cu acest set de...","og_url":"https:\/\/shopatoa.com\/ro\/dripping-gold-set-cadou-party-prep-collection\/","og_site_name":"SHOPATOA","article_modified_time":"2025-12-09T05:23:54+00:00","og_image":[{"width":800,"height":800,"url":"https:\/\/storage.googleapis.com\/cz-shopatoa-img\/ro\/97069a03-unnamed-file.webp","type":"image\/webp"}],"twitter_card":"summary_large_image","twitter_misc":{"Timp estimat pentru citire":"1 minut"},"schema":{"@context":"https:\/\/schema.org","@graph":[{"@type":"WebPage","@id":"https:\/\/shopatoa.com\/ro\/dripping-gold-set-cadou-party-prep-collection\/","url":"https:\/\/shopatoa.com\/ro\/dripping-gold-set-cadou-party-prep-collection\/","name":"Dripping Gold Set cadou Party Prep Collection - SHOPATOA.COM","isPartOf":{"@id":"https:\/\/shopatoa.com\/ro\/#website"},"primaryImageOfPage":{"@id":"https:\/\/shopatoa.com\/ro\/dripping-gold-set-cadou-party-prep-collection\/#primaryimage"},"image":{"@id":"https:\/\/shopatoa.com\/ro\/dripping-gold-set-cadou-party-prep-collection\/#primaryimage"},"thumbnailUrl":"https:\/\/storage.googleapis.com\/cz-shopatoa-img\/ro\/97069a03-unnamed-file.webp","datePublished":"2025-04-28T05:46:17+00:00","dateModified":"2025-12-09T05:23:54+00:00","breadcrumb":{"@id":"https:\/\/shopatoa.com\/ro\/dripping-gold-set-cadou-party-prep-collection\/#breadcrumb"},"inLanguage":"ro-RO","potentialAction":[{"@type":"ReadAction","target":["https:\/\/shopatoa.com\/ro\/dripping-gold-set-cadou-party-prep-collection\/"]}]},{"@type":"ImageObject","inLanguage":"ro-RO","@id":"https:\/\/shopatoa.com\/ro\/dripping-gold-set-cadou-party-prep-collection\/#primaryimage","url":"https:\/\/storage.googleapis.com\/cz-shopatoa-img\/ro\/97069a03-unnamed-file.webp","contentUrl":"https:\/\/storage.googleapis.com\/cz-shopatoa-img\/ro\/97069a03-unnamed-file.webp","width":800,"height":800},{"@type":"BreadcrumbList","@id":"https:\/\/shopatoa.com\/ro\/dripping-gold-set-cadou-party-prep-collection\/#breadcrumb","itemListElement":[{"@type":"ListItem","position":1,"name":"Dom\u016f","item":"https:\/\/shopatoa.com\/ro\/"},{"@type":"ListItem","position":2,"name":"Shop","item":"https:\/\/shopatoa.com\/ro\/shop\/"},{"@type":"ListItem","position":3,"name":"Cosmetice","item":"https:\/\/shopatoa.com\/ro\/cosmetice\/"},{"@type":"ListItem","position":4,"name":"Cosmetice de protec\u021bie solar\u0103","item":"https:\/\/shopatoa.com\/ro\/cosmetice-de-protectie-solara\/"},{"@type":"ListItem","position":5,"name":"Produse cosmetice autobronzante","item":"https:\/\/shopatoa.com\/ro\/produse-cosmetice-autobronzante\/"},{"@type":"ListItem","position":6,"name":"Dripping Gold Set cadou Party Prep Collection"}]},{"@type":"WebSite","@id":"https:\/\/shopatoa.com\/ro\/#website","url":"https:\/\/shopatoa.com\/ro\/","name":"SHOPATOA","description":"","publisher":{"@id":"https:\/\/shopatoa.com\/ro\/#organization"},"potentialAction":[{"@type":"SearchAction","target":{"@type":"EntryPoint","urlTemplate":"https:\/\/shopatoa.com\/ro\/?s={search_term_string}"},"query-input":{"@type":"PropertyValueSpecification","valueRequired":true,"valueName":"search_term_string"}}],"inLanguage":"ro-RO"},{"@type":"Organization","@id":"https:\/\/shopatoa.com\/ro\/#organization","name":"SHOPATOA","url":"https:\/\/shopatoa.com\/ro\/","logo":{"@type":"ImageObject","inLanguage":"ro-RO","@id":"https:\/\/shopatoa.com\/ro\/#\/schema\/logo\/image\/","url":"https:\/\/storage.googleapis.com\/cz-shopatoa-img\/ro\/b4dac915-shopatoa_logo.png","contentUrl":"https:\/\/storage.googleapis.com\/cz-shopatoa-img\/ro\/b4dac915-shopatoa_logo.png","width":416,"height":63,"caption":"SHOPATOA"},"image":{"@id":"https:\/\/shopatoa.com\/ro\/#\/schema\/logo\/image\/"}}]}},"_links":{"self":[{"href":"https:\/\/shopatoa.com\/ro\/wp-json\/wp\/v2\/product\/264639","targetHints":{"allow":["GET"]}}],"collection":[{"href":"https:\/\/shopatoa.com\/ro\/wp-json\/wp\/v2\/product"}],"about":[{"href":"https:\/\/shopatoa.com\/ro\/wp-json\/wp\/v2\/types\/product"}],"replies":[{"embeddable":true,"href":"https:\/\/shopatoa.com\/ro\/wp-json\/wp\/v2\/comments?post=264639"}],"wp:featuredmedia":[{"embeddable":true,"href":"https:\/\/shopatoa.com\/ro\/wp-json\/wp\/v2\/media\/341044"}],"wp:attachment":[{"href":"https:\/\/shopatoa.com\/ro\/wp-json\/wp\/v2\/media?parent=264639"}],"wp:term":[{"taxonomy":"product_brand","embeddable":true,"href":"https:\/\/shopatoa.com\/ro\/wp-json\/wp\/v2\/product_brand?post=264639"},{"taxonomy":"product_cat","embeddable":true,"href":"https:\/\/shopatoa.com\/ro\/wp-json\/wp\/v2\/product_cat?post=264639"},{"taxonomy":"product_tag","embeddable":true,"href":"https:\/\/shopatoa.com\/ro\/wp-json\/wp\/v2\/product_tag?post=264639"}],"curies":[{"name":"wp","href":"https:\/\/api.w.org\/{rel}","templated":true}]}}