{"id":264770,"date":"2025-04-28T08:36:01","date_gmt":"2025-04-28T06:36:01","guid":{"rendered":"https:\/\/shopatoa.com\/ro\/rb-sticla-sanatoasa-fresh-2in1-gri-albastru-07-l\/"},"modified":"2025-05-17T16:09:04","modified_gmt":"2025-05-17T14:09:04","slug":"rb-sticla-sanatoasa-fresh-2in1-gri-albastru-07-l","status":"publish","type":"product","link":"https:\/\/shopatoa.com\/ro\/rb-sticla-sanatoasa-fresh-2in1-gri-albastru-07-l\/","title":{"rendered":"R&#038;B Sticl\u0103 s\u0103n\u0103toas\u0103 Fresh 2in1 gri-albastru 0,7 l"},"content":{"rendered":"<p>Sticl\u0103 s\u0103n\u0103toas\u0103\u00ae 2in1 \u2013 sticla de b\u0103ut \u0219i strecur\u0103tor \u00eentr-unul singur este realizat din material special dezvoltat pentru scopuri medicale \u0219i farmaceutice. Sticl\u0103 s\u0103n\u0103toas\u0103\u00ae nu con\u021bine ftala\u021bi, plastifian\u021bi \u0219i bisfenol A, nu absoarbe mirosurile, nu formeaz\u0103 mucegai. Ideal pentru prepararea u\u0219oar\u0103 a apei aromate cu buc\u0103\u021bi de fructe, ceai matcha, cafea cu ghea\u021b\u0103 \u0219i b\u0103utur\u0103 pentru sport.<\/p>\n","protected":false},"excerpt":{"rendered":"<p>Sticl\u0103 s\u0103n\u0103toas\u0103\u00ae 2in1 \u2013 sticla de b\u0103ut \u0219i strecur\u0103tor \u00eentr-unul singur este realizat din material special dezvoltat pentru scopuri medicale \u0219i farmaceutice. Sticl\u0103 s\u0103n\u0103toas\u0103\u00ae nu con\u021bine ftala\u021bi, plastifian\u021bi \u0219i bisfenol A, nu absoarbe mirosurile, nu formeaz\u0103 mucegai. Ideal pentru prepararea u\u0219oar\u0103 a apei aromate cu buc\u0103\u021bi de fructe, ceai matcha, cafea cu ghea\u021b\u0103 \u0219i b\u0103utur\u0103&#8230;<\/p>\n","protected":false},"featured_media":341163,"comment_status":"closed","ping_status":"open","template":"","meta":{"_acf_changed":false,"_kadence_starter_templates_imported_post":false,"_kad_post_transparent":"","_kad_post_title":"","_kad_post_layout":"","_kad_post_sidebar_id":"","_kad_post_content_style":"","_kad_post_vertical_padding":"","_kad_post_feature":"","_kad_post_feature_position":"","_kad_post_header":false,"_kad_post_footer":false,"_kad_post_classname":""},"product_brand":[321],"product_cat":[703,353],"product_tag":[],"class_list":{"0":"post-264770","1":"product","2":"type-product","3":"status-publish","4":"has-post-thumbnail","6":"product_brand-rb","7":"product_cat-gospodarie","8":"product_cat-sanatate","10":"first","11":"instock","12":"product-type-external","13":"entry","14":"content-bg","15":"loop-entry"},"acf":[],"yoast_head":"<!-- This site is optimized with the Yoast SEO plugin v27.4 - https:\/\/yoast.com\/product\/yoast-seo-wordpress\/ -->\n<title>R&amp;B Sticl\u0103 s\u0103n\u0103toas\u0103 Fresh 2in1 gri-albastru 0,7 l - SHOPATOA.COM<\/title>\n<meta name=\"robots\" content=\"index, follow, max-snippet:-1, max-image-preview:large, max-video-preview:-1\" \/>\n<link rel=\"canonical\" href=\"https:\/\/shopatoa.com\/ro\/rb-sticla-sanatoasa-fresh-2in1-gri-albastru-07-l\/\" \/>\n<meta property=\"og:locale\" content=\"ro_RO\" \/>\n<meta property=\"og:type\" content=\"article\" \/>\n<meta property=\"og:title\" content=\"R&amp;B Sticl\u0103 s\u0103n\u0103toas\u0103 Fresh 2in1 gri-albastru 0,7 l - SHOPATOA.COM\" \/>\n<meta property=\"og:description\" content=\"Sticl\u0103 s\u0103n\u0103toas\u0103\u00ae 2in1 \u2013 sticla de b\u0103ut \u0219i strecur\u0103tor \u00eentr-unul singur este realizat din material special dezvoltat pentru scopuri medicale \u0219i farmaceutice. Sticl\u0103 s\u0103n\u0103toas\u0103\u00ae nu con\u021bine ftala\u021bi, plastifian\u021bi \u0219i bisfenol A, nu absoarbe mirosurile, nu formeaz\u0103 mucegai. Ideal pentru prepararea u\u0219oar\u0103 a apei aromate cu buc\u0103\u021bi de fructe, ceai matcha, cafea cu ghea\u021b\u0103 \u0219i b\u0103utur\u0103...\" \/>\n<meta property=\"og:url\" content=\"https:\/\/shopatoa.com\/ro\/rb-sticla-sanatoasa-fresh-2in1-gri-albastru-07-l\/\" \/>\n<meta property=\"og:site_name\" content=\"SHOPATOA\" \/>\n<meta property=\"article:modified_time\" content=\"2025-05-17T14:09:04+00:00\" \/>\n<meta property=\"og:image\" content=\"https:\/\/storage.googleapis.com\/cz-shopatoa-img\/ro\/32dd3b15-unnamed-file.webp\" \/>\n\t<meta property=\"og:image:width\" content=\"800\" \/>\n\t<meta property=\"og:image:height\" content=\"800\" \/>\n\t<meta property=\"og:image:type\" content=\"image\/webp\" \/>\n<meta name=\"twitter:card\" content=\"summary_large_image\" \/>\n<script type=\"application\/ld+json\" class=\"yoast-schema-graph\">{\"@context\":\"https:\\\/\\\/schema.org\",\"@graph\":[{\"@type\":\"WebPage\",\"@id\":\"https:\\\/\\\/shopatoa.com\\\/ro\\\/rb-sticla-sanatoasa-fresh-2in1-gri-albastru-07-l\\\/\",\"url\":\"https:\\\/\\\/shopatoa.com\\\/ro\\\/rb-sticla-sanatoasa-fresh-2in1-gri-albastru-07-l\\\/\",\"name\":\"R&B Sticl\u0103 s\u0103n\u0103toas\u0103 Fresh 2in1 gri-albastru 0,7 l - SHOPATOA.COM\",\"isPartOf\":{\"@id\":\"https:\\\/\\\/shopatoa.com\\\/ro\\\/#website\"},\"primaryImageOfPage\":{\"@id\":\"https:\\\/\\\/shopatoa.com\\\/ro\\\/rb-sticla-sanatoasa-fresh-2in1-gri-albastru-07-l\\\/#primaryimage\"},\"image\":{\"@id\":\"https:\\\/\\\/shopatoa.com\\\/ro\\\/rb-sticla-sanatoasa-fresh-2in1-gri-albastru-07-l\\\/#primaryimage\"},\"thumbnailUrl\":\"https:\\\/\\\/storage.googleapis.com\\\/cz-shopatoa-img\\\/ro\\\/32dd3b15-unnamed-file.webp\",\"datePublished\":\"2025-04-28T06:36:01+00:00\",\"dateModified\":\"2025-05-17T14:09:04+00:00\",\"breadcrumb\":{\"@id\":\"https:\\\/\\\/shopatoa.com\\\/ro\\\/rb-sticla-sanatoasa-fresh-2in1-gri-albastru-07-l\\\/#breadcrumb\"},\"inLanguage\":\"ro-RO\",\"potentialAction\":[{\"@type\":\"ReadAction\",\"target\":[\"https:\\\/\\\/shopatoa.com\\\/ro\\\/rb-sticla-sanatoasa-fresh-2in1-gri-albastru-07-l\\\/\"]}]},{\"@type\":\"ImageObject\",\"inLanguage\":\"ro-RO\",\"@id\":\"https:\\\/\\\/shopatoa.com\\\/ro\\\/rb-sticla-sanatoasa-fresh-2in1-gri-albastru-07-l\\\/#primaryimage\",\"url\":\"https:\\\/\\\/storage.googleapis.com\\\/cz-shopatoa-img\\\/ro\\\/32dd3b15-unnamed-file.webp\",\"contentUrl\":\"https:\\\/\\\/storage.googleapis.com\\\/cz-shopatoa-img\\\/ro\\\/32dd3b15-unnamed-file.webp\",\"width\":800,\"height\":800},{\"@type\":\"BreadcrumbList\",\"@id\":\"https:\\\/\\\/shopatoa.com\\\/ro\\\/rb-sticla-sanatoasa-fresh-2in1-gri-albastru-07-l\\\/#breadcrumb\",\"itemListElement\":[{\"@type\":\"ListItem\",\"position\":1,\"name\":\"Dom\u016f\",\"item\":\"https:\\\/\\\/shopatoa.com\\\/ro\\\/\"},{\"@type\":\"ListItem\",\"position\":2,\"name\":\"Shop\",\"item\":\"https:\\\/\\\/shopatoa.com\\\/ro\\\/shop\\\/\"},{\"@type\":\"ListItem\",\"position\":3,\"name\":\"S\u0103n\u0103tate\",\"item\":\"https:\\\/\\\/shopatoa.com\\\/ro\\\/sanatate\\\/\"},{\"@type\":\"ListItem\",\"position\":4,\"name\":\"Gospod\u0103rie\",\"item\":\"https:\\\/\\\/shopatoa.com\\\/ro\\\/gospodarie\\\/\"},{\"@type\":\"ListItem\",\"position\":5,\"name\":\"R&#038;B Sticl\u0103 s\u0103n\u0103toas\u0103 Fresh 2in1 gri-albastru 0,7 l\"}]},{\"@type\":\"WebSite\",\"@id\":\"https:\\\/\\\/shopatoa.com\\\/ro\\\/#website\",\"url\":\"https:\\\/\\\/shopatoa.com\\\/ro\\\/\",\"name\":\"SHOPATOA\",\"description\":\"\",\"publisher\":{\"@id\":\"https:\\\/\\\/shopatoa.com\\\/ro\\\/#organization\"},\"potentialAction\":[{\"@type\":\"SearchAction\",\"target\":{\"@type\":\"EntryPoint\",\"urlTemplate\":\"https:\\\/\\\/shopatoa.com\\\/ro\\\/?s={search_term_string}\"},\"query-input\":{\"@type\":\"PropertyValueSpecification\",\"valueRequired\":true,\"valueName\":\"search_term_string\"}}],\"inLanguage\":\"ro-RO\"},{\"@type\":\"Organization\",\"@id\":\"https:\\\/\\\/shopatoa.com\\\/ro\\\/#organization\",\"name\":\"SHOPATOA\",\"url\":\"https:\\\/\\\/shopatoa.com\\\/ro\\\/\",\"logo\":{\"@type\":\"ImageObject\",\"inLanguage\":\"ro-RO\",\"@id\":\"https:\\\/\\\/shopatoa.com\\\/ro\\\/#\\\/schema\\\/logo\\\/image\\\/\",\"url\":\"https:\\\/\\\/storage.googleapis.com\\\/cz-shopatoa-img\\\/ro\\\/b4dac915-shopatoa_logo.png\",\"contentUrl\":\"https:\\\/\\\/storage.googleapis.com\\\/cz-shopatoa-img\\\/ro\\\/b4dac915-shopatoa_logo.png\",\"width\":416,\"height\":63,\"caption\":\"SHOPATOA\"},\"image\":{\"@id\":\"https:\\\/\\\/shopatoa.com\\\/ro\\\/#\\\/schema\\\/logo\\\/image\\\/\"}}]}<\/script>\n<!-- \/ Yoast SEO plugin. -->","yoast_head_json":{"title":"R&B Sticl\u0103 s\u0103n\u0103toas\u0103 Fresh 2in1 gri-albastru 0,7 l - SHOPATOA.COM","robots":{"index":"index","follow":"follow","max-snippet":"max-snippet:-1","max-image-preview":"max-image-preview:large","max-video-preview":"max-video-preview:-1"},"canonical":"https:\/\/shopatoa.com\/ro\/rb-sticla-sanatoasa-fresh-2in1-gri-albastru-07-l\/","og_locale":"ro_RO","og_type":"article","og_title":"R&B Sticl\u0103 s\u0103n\u0103toas\u0103 Fresh 2in1 gri-albastru 0,7 l - SHOPATOA.COM","og_description":"Sticl\u0103 s\u0103n\u0103toas\u0103\u00ae 2in1 \u2013 sticla de b\u0103ut \u0219i strecur\u0103tor \u00eentr-unul singur este realizat din material special dezvoltat pentru scopuri medicale \u0219i farmaceutice. Sticl\u0103 s\u0103n\u0103toas\u0103\u00ae nu con\u021bine ftala\u021bi, plastifian\u021bi \u0219i bisfenol A, nu absoarbe mirosurile, nu formeaz\u0103 mucegai. Ideal pentru prepararea u\u0219oar\u0103 a apei aromate cu buc\u0103\u021bi de fructe, ceai matcha, cafea cu ghea\u021b\u0103 \u0219i b\u0103utur\u0103...","og_url":"https:\/\/shopatoa.com\/ro\/rb-sticla-sanatoasa-fresh-2in1-gri-albastru-07-l\/","og_site_name":"SHOPATOA","article_modified_time":"2025-05-17T14:09:04+00:00","og_image":[{"width":800,"height":800,"url":"https:\/\/storage.googleapis.com\/cz-shopatoa-img\/ro\/32dd3b15-unnamed-file.webp","type":"image\/webp"}],"twitter_card":"summary_large_image","schema":{"@context":"https:\/\/schema.org","@graph":[{"@type":"WebPage","@id":"https:\/\/shopatoa.com\/ro\/rb-sticla-sanatoasa-fresh-2in1-gri-albastru-07-l\/","url":"https:\/\/shopatoa.com\/ro\/rb-sticla-sanatoasa-fresh-2in1-gri-albastru-07-l\/","name":"R&B Sticl\u0103 s\u0103n\u0103toas\u0103 Fresh 2in1 gri-albastru 0,7 l - SHOPATOA.COM","isPartOf":{"@id":"https:\/\/shopatoa.com\/ro\/#website"},"primaryImageOfPage":{"@id":"https:\/\/shopatoa.com\/ro\/rb-sticla-sanatoasa-fresh-2in1-gri-albastru-07-l\/#primaryimage"},"image":{"@id":"https:\/\/shopatoa.com\/ro\/rb-sticla-sanatoasa-fresh-2in1-gri-albastru-07-l\/#primaryimage"},"thumbnailUrl":"https:\/\/storage.googleapis.com\/cz-shopatoa-img\/ro\/32dd3b15-unnamed-file.webp","datePublished":"2025-04-28T06:36:01+00:00","dateModified":"2025-05-17T14:09:04+00:00","breadcrumb":{"@id":"https:\/\/shopatoa.com\/ro\/rb-sticla-sanatoasa-fresh-2in1-gri-albastru-07-l\/#breadcrumb"},"inLanguage":"ro-RO","potentialAction":[{"@type":"ReadAction","target":["https:\/\/shopatoa.com\/ro\/rb-sticla-sanatoasa-fresh-2in1-gri-albastru-07-l\/"]}]},{"@type":"ImageObject","inLanguage":"ro-RO","@id":"https:\/\/shopatoa.com\/ro\/rb-sticla-sanatoasa-fresh-2in1-gri-albastru-07-l\/#primaryimage","url":"https:\/\/storage.googleapis.com\/cz-shopatoa-img\/ro\/32dd3b15-unnamed-file.webp","contentUrl":"https:\/\/storage.googleapis.com\/cz-shopatoa-img\/ro\/32dd3b15-unnamed-file.webp","width":800,"height":800},{"@type":"BreadcrumbList","@id":"https:\/\/shopatoa.com\/ro\/rb-sticla-sanatoasa-fresh-2in1-gri-albastru-07-l\/#breadcrumb","itemListElement":[{"@type":"ListItem","position":1,"name":"Dom\u016f","item":"https:\/\/shopatoa.com\/ro\/"},{"@type":"ListItem","position":2,"name":"Shop","item":"https:\/\/shopatoa.com\/ro\/shop\/"},{"@type":"ListItem","position":3,"name":"S\u0103n\u0103tate","item":"https:\/\/shopatoa.com\/ro\/sanatate\/"},{"@type":"ListItem","position":4,"name":"Gospod\u0103rie","item":"https:\/\/shopatoa.com\/ro\/gospodarie\/"},{"@type":"ListItem","position":5,"name":"R&#038;B Sticl\u0103 s\u0103n\u0103toas\u0103 Fresh 2in1 gri-albastru 0,7 l"}]},{"@type":"WebSite","@id":"https:\/\/shopatoa.com\/ro\/#website","url":"https:\/\/shopatoa.com\/ro\/","name":"SHOPATOA","description":"","publisher":{"@id":"https:\/\/shopatoa.com\/ro\/#organization"},"potentialAction":[{"@type":"SearchAction","target":{"@type":"EntryPoint","urlTemplate":"https:\/\/shopatoa.com\/ro\/?s={search_term_string}"},"query-input":{"@type":"PropertyValueSpecification","valueRequired":true,"valueName":"search_term_string"}}],"inLanguage":"ro-RO"},{"@type":"Organization","@id":"https:\/\/shopatoa.com\/ro\/#organization","name":"SHOPATOA","url":"https:\/\/shopatoa.com\/ro\/","logo":{"@type":"ImageObject","inLanguage":"ro-RO","@id":"https:\/\/shopatoa.com\/ro\/#\/schema\/logo\/image\/","url":"https:\/\/storage.googleapis.com\/cz-shopatoa-img\/ro\/b4dac915-shopatoa_logo.png","contentUrl":"https:\/\/storage.googleapis.com\/cz-shopatoa-img\/ro\/b4dac915-shopatoa_logo.png","width":416,"height":63,"caption":"SHOPATOA"},"image":{"@id":"https:\/\/shopatoa.com\/ro\/#\/schema\/logo\/image\/"}}]}},"_links":{"self":[{"href":"https:\/\/shopatoa.com\/ro\/wp-json\/wp\/v2\/product\/264770","targetHints":{"allow":["GET"]}}],"collection":[{"href":"https:\/\/shopatoa.com\/ro\/wp-json\/wp\/v2\/product"}],"about":[{"href":"https:\/\/shopatoa.com\/ro\/wp-json\/wp\/v2\/types\/product"}],"replies":[{"embeddable":true,"href":"https:\/\/shopatoa.com\/ro\/wp-json\/wp\/v2\/comments?post=264770"}],"wp:featuredmedia":[{"embeddable":true,"href":"https:\/\/shopatoa.com\/ro\/wp-json\/wp\/v2\/media\/341163"}],"wp:attachment":[{"href":"https:\/\/shopatoa.com\/ro\/wp-json\/wp\/v2\/media?parent=264770"}],"wp:term":[{"taxonomy":"product_brand","embeddable":true,"href":"https:\/\/shopatoa.com\/ro\/wp-json\/wp\/v2\/product_brand?post=264770"},{"taxonomy":"product_cat","embeddable":true,"href":"https:\/\/shopatoa.com\/ro\/wp-json\/wp\/v2\/product_cat?post=264770"},{"taxonomy":"product_tag","embeddable":true,"href":"https:\/\/shopatoa.com\/ro\/wp-json\/wp\/v2\/product_tag?post=264770"}],"curies":[{"name":"wp","href":"https:\/\/api.w.org\/{rel}","templated":true}]}}