{"id":264821,"date":"2025-04-28T08:56:00","date_gmt":"2025-04-28T06:56:00","guid":{"rendered":"https:\/\/shopatoa.com\/ro\/bait-al-bakhoor-dahaab-saafi-edp-100-ml\/"},"modified":"2025-12-10T19:32:36","modified_gmt":"2025-12-10T18:32:36","slug":"bait-al-bakhoor-dahaab-saafi-edp-100-ml","status":"publish","type":"product","link":"https:\/\/shopatoa.com\/ro\/bait-al-bakhoor-dahaab-saafi-edp-100-ml\/","title":{"rendered":"Bait Al Bakhoor Dahaab Saafi &#8211; EDP 100 ml"},"content":{"rendered":"<p>Dahaab Saafi de la marca Bait Al Bakhoor este o ap\u0103 de parfum exclusiv\u0103 care va mul\u021bumi at\u00e2t b\u0103rba\u021bilor, c\u00e2t \u0219i femeilor. Acordurile de deschidere puternice de trandafir \u0219i vanilie delicioas\u0103 sunt urmate de o combina\u021bie senzual\u0103 de mosc alb \u0219i note profunde de lemn de cedru. Finalul este un amestec proasp\u0103t \u0219i nea\u0219teptat de note de l\u0103m\u00e2ie \u0219i ap\u0103. Acest parfum \u00een\u0103l\u021b\u0103tor v\u0103 \u00eenv\u0103luie \u00eentr-o aur\u0103 de seducere \u0219i v\u0103 spore\u0219te atractivitatea natural\u0103. Parfumul a fost lansat pe pia\u021b\u0103 \u00een anul 2021.<\/p>\n","protected":false},"excerpt":{"rendered":"<p>Dahaab Saafi de la marca Bait Al Bakhoor este o ap\u0103 de parfum exclusiv\u0103 care va mul\u021bumi at\u00e2t b\u0103rba\u021bilor, c\u00e2t \u0219i femeilor. Acordurile de deschidere puternice de trandafir \u0219i vanilie delicioas\u0103 sunt urmate de o combina\u021bie senzual\u0103 de mosc alb \u0219i note profunde de lemn de cedru. Finalul este un amestec proasp\u0103t \u0219i nea\u0219teptat de&#8230;<\/p>\n","protected":false},"featured_media":341211,"comment_status":"closed","ping_status":"open","template":"","meta":{"_acf_changed":false,"_kadence_starter_templates_imported_post":false,"_kad_post_transparent":"","_kad_post_title":"","_kad_post_layout":"","_kad_post_sidebar_id":"","_kad_post_content_style":"","_kad_post_vertical_padding":"","_kad_post_feature":"","_kad_post_feature_position":"","_kad_post_header":false,"_kad_post_footer":false,"_kad_post_classname":""},"product_brand":[1045],"product_cat":[619,614],"product_tag":[],"class_list":{"0":"post-264821","1":"product","2":"type-product","3":"status-publish","4":"has-post-thumbnail","6":"product_brand-bait-al-bakhoor","7":"product_cat-ape-de-parfum-edp","8":"product_cat-parfumuri","10":"first","11":"instock","12":"sale","13":"product-type-external","14":"entry","15":"content-bg","16":"loop-entry"},"acf":[],"yoast_head":"<!-- This site is optimized with the Yoast SEO plugin v27.3 - https:\/\/yoast.com\/product\/yoast-seo-wordpress\/ -->\n<title>Bait Al Bakhoor Dahaab Saafi - EDP 100 ml - SHOPATOA.COM<\/title>\n<meta name=\"robots\" content=\"index, follow, max-snippet:-1, max-image-preview:large, max-video-preview:-1\" \/>\n<link rel=\"canonical\" href=\"https:\/\/shopatoa.com\/ro\/bait-al-bakhoor-dahaab-saafi-edp-100-ml\/\" \/>\n<meta property=\"og:locale\" content=\"ro_RO\" \/>\n<meta property=\"og:type\" content=\"article\" \/>\n<meta property=\"og:title\" content=\"Bait Al Bakhoor Dahaab Saafi - EDP 100 ml - SHOPATOA.COM\" \/>\n<meta property=\"og:description\" content=\"Dahaab Saafi de la marca Bait Al Bakhoor este o ap\u0103 de parfum exclusiv\u0103 care va mul\u021bumi at\u00e2t b\u0103rba\u021bilor, c\u00e2t \u0219i femeilor. Acordurile de deschidere puternice de trandafir \u0219i vanilie delicioas\u0103 sunt urmate de o combina\u021bie senzual\u0103 de mosc alb \u0219i note profunde de lemn de cedru. Finalul este un amestec proasp\u0103t \u0219i nea\u0219teptat de...\" \/>\n<meta property=\"og:url\" content=\"https:\/\/shopatoa.com\/ro\/bait-al-bakhoor-dahaab-saafi-edp-100-ml\/\" \/>\n<meta property=\"og:site_name\" content=\"SHOPATOA\" \/>\n<meta property=\"article:modified_time\" content=\"2025-12-10T18:32:36+00:00\" \/>\n<meta property=\"og:image\" content=\"https:\/\/storage.googleapis.com\/cz-shopatoa-img\/ro\/3d43b27d-unnamed-file.webp\" \/>\n\t<meta property=\"og:image:width\" content=\"800\" \/>\n\t<meta property=\"og:image:height\" content=\"800\" \/>\n\t<meta property=\"og:image:type\" content=\"image\/webp\" \/>\n<meta name=\"twitter:card\" content=\"summary_large_image\" \/>\n<script type=\"application\/ld+json\" class=\"yoast-schema-graph\">{\"@context\":\"https:\\\/\\\/schema.org\",\"@graph\":[{\"@type\":\"WebPage\",\"@id\":\"https:\\\/\\\/shopatoa.com\\\/ro\\\/bait-al-bakhoor-dahaab-saafi-edp-100-ml\\\/\",\"url\":\"https:\\\/\\\/shopatoa.com\\\/ro\\\/bait-al-bakhoor-dahaab-saafi-edp-100-ml\\\/\",\"name\":\"Bait Al Bakhoor Dahaab Saafi - EDP 100 ml - SHOPATOA.COM\",\"isPartOf\":{\"@id\":\"https:\\\/\\\/shopatoa.com\\\/ro\\\/#website\"},\"primaryImageOfPage\":{\"@id\":\"https:\\\/\\\/shopatoa.com\\\/ro\\\/bait-al-bakhoor-dahaab-saafi-edp-100-ml\\\/#primaryimage\"},\"image\":{\"@id\":\"https:\\\/\\\/shopatoa.com\\\/ro\\\/bait-al-bakhoor-dahaab-saafi-edp-100-ml\\\/#primaryimage\"},\"thumbnailUrl\":\"https:\\\/\\\/storage.googleapis.com\\\/cz-shopatoa-img\\\/ro\\\/3d43b27d-unnamed-file.webp\",\"datePublished\":\"2025-04-28T06:56:00+00:00\",\"dateModified\":\"2025-12-10T18:32:36+00:00\",\"breadcrumb\":{\"@id\":\"https:\\\/\\\/shopatoa.com\\\/ro\\\/bait-al-bakhoor-dahaab-saafi-edp-100-ml\\\/#breadcrumb\"},\"inLanguage\":\"ro-RO\",\"potentialAction\":[{\"@type\":\"ReadAction\",\"target\":[\"https:\\\/\\\/shopatoa.com\\\/ro\\\/bait-al-bakhoor-dahaab-saafi-edp-100-ml\\\/\"]}]},{\"@type\":\"ImageObject\",\"inLanguage\":\"ro-RO\",\"@id\":\"https:\\\/\\\/shopatoa.com\\\/ro\\\/bait-al-bakhoor-dahaab-saafi-edp-100-ml\\\/#primaryimage\",\"url\":\"https:\\\/\\\/storage.googleapis.com\\\/cz-shopatoa-img\\\/ro\\\/3d43b27d-unnamed-file.webp\",\"contentUrl\":\"https:\\\/\\\/storage.googleapis.com\\\/cz-shopatoa-img\\\/ro\\\/3d43b27d-unnamed-file.webp\",\"width\":800,\"height\":800},{\"@type\":\"BreadcrumbList\",\"@id\":\"https:\\\/\\\/shopatoa.com\\\/ro\\\/bait-al-bakhoor-dahaab-saafi-edp-100-ml\\\/#breadcrumb\",\"itemListElement\":[{\"@type\":\"ListItem\",\"position\":1,\"name\":\"Dom\u016f\",\"item\":\"https:\\\/\\\/shopatoa.com\\\/ro\\\/\"},{\"@type\":\"ListItem\",\"position\":2,\"name\":\"Shop\",\"item\":\"https:\\\/\\\/shopatoa.com\\\/ro\\\/shop\\\/\"},{\"@type\":\"ListItem\",\"position\":3,\"name\":\"Parfumuri\",\"item\":\"https:\\\/\\\/shopatoa.com\\\/ro\\\/parfumuri\\\/\"},{\"@type\":\"ListItem\",\"position\":4,\"name\":\"Ape de parfum (EDP)\",\"item\":\"https:\\\/\\\/shopatoa.com\\\/ro\\\/ape-de-parfum-edp\\\/\"},{\"@type\":\"ListItem\",\"position\":5,\"name\":\"Bait Al Bakhoor Dahaab Saafi &#8211; EDP 100 ml\"}]},{\"@type\":\"WebSite\",\"@id\":\"https:\\\/\\\/shopatoa.com\\\/ro\\\/#website\",\"url\":\"https:\\\/\\\/shopatoa.com\\\/ro\\\/\",\"name\":\"SHOPATOA\",\"description\":\"\",\"publisher\":{\"@id\":\"https:\\\/\\\/shopatoa.com\\\/ro\\\/#organization\"},\"potentialAction\":[{\"@type\":\"SearchAction\",\"target\":{\"@type\":\"EntryPoint\",\"urlTemplate\":\"https:\\\/\\\/shopatoa.com\\\/ro\\\/?s={search_term_string}\"},\"query-input\":{\"@type\":\"PropertyValueSpecification\",\"valueRequired\":true,\"valueName\":\"search_term_string\"}}],\"inLanguage\":\"ro-RO\"},{\"@type\":\"Organization\",\"@id\":\"https:\\\/\\\/shopatoa.com\\\/ro\\\/#organization\",\"name\":\"SHOPATOA\",\"url\":\"https:\\\/\\\/shopatoa.com\\\/ro\\\/\",\"logo\":{\"@type\":\"ImageObject\",\"inLanguage\":\"ro-RO\",\"@id\":\"https:\\\/\\\/shopatoa.com\\\/ro\\\/#\\\/schema\\\/logo\\\/image\\\/\",\"url\":\"https:\\\/\\\/storage.googleapis.com\\\/cz-shopatoa-img\\\/ro\\\/b4dac915-shopatoa_logo.png\",\"contentUrl\":\"https:\\\/\\\/storage.googleapis.com\\\/cz-shopatoa-img\\\/ro\\\/b4dac915-shopatoa_logo.png\",\"width\":416,\"height\":63,\"caption\":\"SHOPATOA\"},\"image\":{\"@id\":\"https:\\\/\\\/shopatoa.com\\\/ro\\\/#\\\/schema\\\/logo\\\/image\\\/\"}}]}<\/script>\n<!-- \/ Yoast SEO plugin. -->","yoast_head_json":{"title":"Bait Al Bakhoor Dahaab Saafi - EDP 100 ml - SHOPATOA.COM","robots":{"index":"index","follow":"follow","max-snippet":"max-snippet:-1","max-image-preview":"max-image-preview:large","max-video-preview":"max-video-preview:-1"},"canonical":"https:\/\/shopatoa.com\/ro\/bait-al-bakhoor-dahaab-saafi-edp-100-ml\/","og_locale":"ro_RO","og_type":"article","og_title":"Bait Al Bakhoor Dahaab Saafi - EDP 100 ml - SHOPATOA.COM","og_description":"Dahaab Saafi de la marca Bait Al Bakhoor este o ap\u0103 de parfum exclusiv\u0103 care va mul\u021bumi at\u00e2t b\u0103rba\u021bilor, c\u00e2t \u0219i femeilor. Acordurile de deschidere puternice de trandafir \u0219i vanilie delicioas\u0103 sunt urmate de o combina\u021bie senzual\u0103 de mosc alb \u0219i note profunde de lemn de cedru. Finalul este un amestec proasp\u0103t \u0219i nea\u0219teptat de...","og_url":"https:\/\/shopatoa.com\/ro\/bait-al-bakhoor-dahaab-saafi-edp-100-ml\/","og_site_name":"SHOPATOA","article_modified_time":"2025-12-10T18:32:36+00:00","og_image":[{"width":800,"height":800,"url":"https:\/\/storage.googleapis.com\/cz-shopatoa-img\/ro\/3d43b27d-unnamed-file.webp","type":"image\/webp"}],"twitter_card":"summary_large_image","schema":{"@context":"https:\/\/schema.org","@graph":[{"@type":"WebPage","@id":"https:\/\/shopatoa.com\/ro\/bait-al-bakhoor-dahaab-saafi-edp-100-ml\/","url":"https:\/\/shopatoa.com\/ro\/bait-al-bakhoor-dahaab-saafi-edp-100-ml\/","name":"Bait Al Bakhoor Dahaab Saafi - EDP 100 ml - SHOPATOA.COM","isPartOf":{"@id":"https:\/\/shopatoa.com\/ro\/#website"},"primaryImageOfPage":{"@id":"https:\/\/shopatoa.com\/ro\/bait-al-bakhoor-dahaab-saafi-edp-100-ml\/#primaryimage"},"image":{"@id":"https:\/\/shopatoa.com\/ro\/bait-al-bakhoor-dahaab-saafi-edp-100-ml\/#primaryimage"},"thumbnailUrl":"https:\/\/storage.googleapis.com\/cz-shopatoa-img\/ro\/3d43b27d-unnamed-file.webp","datePublished":"2025-04-28T06:56:00+00:00","dateModified":"2025-12-10T18:32:36+00:00","breadcrumb":{"@id":"https:\/\/shopatoa.com\/ro\/bait-al-bakhoor-dahaab-saafi-edp-100-ml\/#breadcrumb"},"inLanguage":"ro-RO","potentialAction":[{"@type":"ReadAction","target":["https:\/\/shopatoa.com\/ro\/bait-al-bakhoor-dahaab-saafi-edp-100-ml\/"]}]},{"@type":"ImageObject","inLanguage":"ro-RO","@id":"https:\/\/shopatoa.com\/ro\/bait-al-bakhoor-dahaab-saafi-edp-100-ml\/#primaryimage","url":"https:\/\/storage.googleapis.com\/cz-shopatoa-img\/ro\/3d43b27d-unnamed-file.webp","contentUrl":"https:\/\/storage.googleapis.com\/cz-shopatoa-img\/ro\/3d43b27d-unnamed-file.webp","width":800,"height":800},{"@type":"BreadcrumbList","@id":"https:\/\/shopatoa.com\/ro\/bait-al-bakhoor-dahaab-saafi-edp-100-ml\/#breadcrumb","itemListElement":[{"@type":"ListItem","position":1,"name":"Dom\u016f","item":"https:\/\/shopatoa.com\/ro\/"},{"@type":"ListItem","position":2,"name":"Shop","item":"https:\/\/shopatoa.com\/ro\/shop\/"},{"@type":"ListItem","position":3,"name":"Parfumuri","item":"https:\/\/shopatoa.com\/ro\/parfumuri\/"},{"@type":"ListItem","position":4,"name":"Ape de parfum (EDP)","item":"https:\/\/shopatoa.com\/ro\/ape-de-parfum-edp\/"},{"@type":"ListItem","position":5,"name":"Bait Al Bakhoor Dahaab Saafi &#8211; EDP 100 ml"}]},{"@type":"WebSite","@id":"https:\/\/shopatoa.com\/ro\/#website","url":"https:\/\/shopatoa.com\/ro\/","name":"SHOPATOA","description":"","publisher":{"@id":"https:\/\/shopatoa.com\/ro\/#organization"},"potentialAction":[{"@type":"SearchAction","target":{"@type":"EntryPoint","urlTemplate":"https:\/\/shopatoa.com\/ro\/?s={search_term_string}"},"query-input":{"@type":"PropertyValueSpecification","valueRequired":true,"valueName":"search_term_string"}}],"inLanguage":"ro-RO"},{"@type":"Organization","@id":"https:\/\/shopatoa.com\/ro\/#organization","name":"SHOPATOA","url":"https:\/\/shopatoa.com\/ro\/","logo":{"@type":"ImageObject","inLanguage":"ro-RO","@id":"https:\/\/shopatoa.com\/ro\/#\/schema\/logo\/image\/","url":"https:\/\/storage.googleapis.com\/cz-shopatoa-img\/ro\/b4dac915-shopatoa_logo.png","contentUrl":"https:\/\/storage.googleapis.com\/cz-shopatoa-img\/ro\/b4dac915-shopatoa_logo.png","width":416,"height":63,"caption":"SHOPATOA"},"image":{"@id":"https:\/\/shopatoa.com\/ro\/#\/schema\/logo\/image\/"}}]}},"_links":{"self":[{"href":"https:\/\/shopatoa.com\/ro\/wp-json\/wp\/v2\/product\/264821","targetHints":{"allow":["GET"]}}],"collection":[{"href":"https:\/\/shopatoa.com\/ro\/wp-json\/wp\/v2\/product"}],"about":[{"href":"https:\/\/shopatoa.com\/ro\/wp-json\/wp\/v2\/types\/product"}],"replies":[{"embeddable":true,"href":"https:\/\/shopatoa.com\/ro\/wp-json\/wp\/v2\/comments?post=264821"}],"wp:featuredmedia":[{"embeddable":true,"href":"https:\/\/shopatoa.com\/ro\/wp-json\/wp\/v2\/media\/341211"}],"wp:attachment":[{"href":"https:\/\/shopatoa.com\/ro\/wp-json\/wp\/v2\/media?parent=264821"}],"wp:term":[{"taxonomy":"product_brand","embeddable":true,"href":"https:\/\/shopatoa.com\/ro\/wp-json\/wp\/v2\/product_brand?post=264821"},{"taxonomy":"product_cat","embeddable":true,"href":"https:\/\/shopatoa.com\/ro\/wp-json\/wp\/v2\/product_cat?post=264821"},{"taxonomy":"product_tag","embeddable":true,"href":"https:\/\/shopatoa.com\/ro\/wp-json\/wp\/v2\/product_tag?post=264821"}],"curies":[{"name":"wp","href":"https:\/\/api.w.org\/{rel}","templated":true}]}}