{"id":264828,"date":"2025-04-28T09:00:24","date_gmt":"2025-04-28T07:00:24","guid":{"rendered":"https:\/\/shopatoa.com\/ro\/madara-machiaj-semi-mat-cu-peptide-skinonym-semi-matte-peptide-foundation-30-ml-linen\/"},"modified":"2025-12-10T19:14:17","modified_gmt":"2025-12-10T18:14:17","slug":"madara-machiaj-semi-mat-cu-peptide-skinonym-semi-matte-peptide-foundation-30-ml-linen","status":"publish","type":"product","link":"https:\/\/shopatoa.com\/ro\/madara-machiaj-semi-mat-cu-peptide-skinonym-semi-matte-peptide-foundation-30-ml-linen\/","title":{"rendered":"M\u00c1DARA Machiaj semi-mat cu peptide Skinonym (Semi-Matte Peptide Foundation) 30 ml Linen"},"content":{"rendered":"<p>Dezvoltat de exper\u021bi \u00een \u00eengrijirea pielii, fondul de ten mineral u\u0219or ofer\u0103, de asemenea, o acoperire impecabil\u0103, astfel \u00eenc\u00e2t nimeni s\u0103 nu observe m\u0103car c\u0103 por\u021bi machiaj. Nuan\u021be semi-mate care se adapteaz\u0103 structurii unice a pielii \u0219i \u00eei confer\u0103 un aspect proasp\u0103t, neted \u0219i uniform, rezistent \u00een timp. Este fortificat cu ingrediente active eficiente care \u00eengrijesc pielea \u0219i promoveaz\u0103 un aspect mai plin \u0219i mai s\u0103n\u0103tos la fiecare utilizare. Peptidele de origine vegetal\u0103 ajut\u0103 la stimularea produc\u021biei de colagen, \u00een timp ce acidul hialuronic \u0219i extractele de afine \u0219i r\u0103d\u0103cin\u0103 de pivoine, bogate \u00een antioxidan\u021bi, hr\u0103nesc, hidrateaz\u0103 \u0219i protejeaz\u0103 pielea.<\/p>\n","protected":false},"excerpt":{"rendered":"<p>Dezvoltat de exper\u021bi \u00een \u00eengrijirea pielii, fondul de ten mineral u\u0219or ofer\u0103, de asemenea, o acoperire impecabil\u0103, astfel \u00eenc\u00e2t nimeni s\u0103 nu observe m\u0103car c\u0103 por\u021bi machiaj. Nuan\u021be semi-mate care se adapteaz\u0103 structurii unice a pielii \u0219i \u00eei confer\u0103 un aspect proasp\u0103t, neted \u0219i uniform, rezistent \u00een timp. Este fortificat cu ingrediente active eficiente care&#8230;<\/p>\n","protected":false},"featured_media":341220,"comment_status":"closed","ping_status":"open","template":"","meta":{"_acf_changed":false,"_kadence_starter_templates_imported_post":false,"_kad_post_transparent":"","_kad_post_title":"","_kad_post_layout":"","_kad_post_sidebar_id":"","_kad_post_content_style":"","_kad_post_vertical_padding":"","_kad_post_feature":"","_kad_post_feature_position":"","_kad_post_header":false,"_kad_post_footer":false,"_kad_post_classname":""},"product_brand":[454],"product_cat":[246,609,616,705],"product_tag":[],"class_list":{"0":"post-264828","1":"product","2":"type-product","3":"status-publish","4":"has-post-thumbnail","6":"product_brand-madara","7":"product_cat-cosmetice","8":"product_cat-cosmetice-decorative","9":"product_cat-machiaj-pentru-fata","10":"product_cat-make-ups","12":"first","13":"instock","14":"sale","15":"product-type-external","16":"entry","17":"content-bg","18":"loop-entry"},"acf":[],"yoast_head":"<!-- This site is optimized with the Yoast SEO plugin v27.3 - https:\/\/yoast.com\/product\/yoast-seo-wordpress\/ -->\n<title>M\u00c1DARA Machiaj semi-mat cu peptide Skinonym (Semi-Matte Peptide Foundation) 30 ml Linen - SHOPATOA.COM<\/title>\n<meta name=\"robots\" content=\"index, follow, max-snippet:-1, max-image-preview:large, max-video-preview:-1\" \/>\n<link rel=\"canonical\" href=\"https:\/\/shopatoa.com\/ro\/madara-machiaj-semi-mat-cu-peptide-skinonym-semi-matte-peptide-foundation-30-ml-linen\/\" \/>\n<meta property=\"og:locale\" content=\"ro_RO\" \/>\n<meta property=\"og:type\" content=\"article\" \/>\n<meta property=\"og:title\" content=\"M\u00c1DARA Machiaj semi-mat cu peptide Skinonym (Semi-Matte Peptide Foundation) 30 ml Linen - SHOPATOA.COM\" \/>\n<meta property=\"og:description\" content=\"Dezvoltat de exper\u021bi \u00een \u00eengrijirea pielii, fondul de ten mineral u\u0219or ofer\u0103, de asemenea, o acoperire impecabil\u0103, astfel \u00eenc\u00e2t nimeni s\u0103 nu observe m\u0103car c\u0103 por\u021bi machiaj. Nuan\u021be semi-mate care se adapteaz\u0103 structurii unice a pielii \u0219i \u00eei confer\u0103 un aspect proasp\u0103t, neted \u0219i uniform, rezistent \u00een timp. Este fortificat cu ingrediente active eficiente care...\" \/>\n<meta property=\"og:url\" content=\"https:\/\/shopatoa.com\/ro\/madara-machiaj-semi-mat-cu-peptide-skinonym-semi-matte-peptide-foundation-30-ml-linen\/\" \/>\n<meta property=\"og:site_name\" content=\"SHOPATOA\" \/>\n<meta property=\"article:modified_time\" content=\"2025-12-10T18:14:17+00:00\" \/>\n<meta property=\"og:image\" content=\"https:\/\/storage.googleapis.com\/cz-shopatoa-img\/ro\/23799c58-unnamed-file.webp\" \/>\n\t<meta property=\"og:image:width\" content=\"800\" \/>\n\t<meta property=\"og:image:height\" content=\"800\" \/>\n\t<meta property=\"og:image:type\" content=\"image\/webp\" \/>\n<meta name=\"twitter:card\" content=\"summary_large_image\" \/>\n<meta name=\"twitter:label1\" content=\"Timp estimat pentru citire\" \/>\n\t<meta name=\"twitter:data1\" content=\"1 minut\" \/>\n<script type=\"application\/ld+json\" class=\"yoast-schema-graph\">{\"@context\":\"https:\\\/\\\/schema.org\",\"@graph\":[{\"@type\":\"WebPage\",\"@id\":\"https:\\\/\\\/shopatoa.com\\\/ro\\\/madara-machiaj-semi-mat-cu-peptide-skinonym-semi-matte-peptide-foundation-30-ml-linen\\\/\",\"url\":\"https:\\\/\\\/shopatoa.com\\\/ro\\\/madara-machiaj-semi-mat-cu-peptide-skinonym-semi-matte-peptide-foundation-30-ml-linen\\\/\",\"name\":\"M\u00c1DARA Machiaj semi-mat cu peptide Skinonym (Semi-Matte Peptide Foundation) 30 ml Linen - SHOPATOA.COM\",\"isPartOf\":{\"@id\":\"https:\\\/\\\/shopatoa.com\\\/ro\\\/#website\"},\"primaryImageOfPage\":{\"@id\":\"https:\\\/\\\/shopatoa.com\\\/ro\\\/madara-machiaj-semi-mat-cu-peptide-skinonym-semi-matte-peptide-foundation-30-ml-linen\\\/#primaryimage\"},\"image\":{\"@id\":\"https:\\\/\\\/shopatoa.com\\\/ro\\\/madara-machiaj-semi-mat-cu-peptide-skinonym-semi-matte-peptide-foundation-30-ml-linen\\\/#primaryimage\"},\"thumbnailUrl\":\"https:\\\/\\\/storage.googleapis.com\\\/cz-shopatoa-img\\\/ro\\\/23799c58-unnamed-file.webp\",\"datePublished\":\"2025-04-28T07:00:24+00:00\",\"dateModified\":\"2025-12-10T18:14:17+00:00\",\"breadcrumb\":{\"@id\":\"https:\\\/\\\/shopatoa.com\\\/ro\\\/madara-machiaj-semi-mat-cu-peptide-skinonym-semi-matte-peptide-foundation-30-ml-linen\\\/#breadcrumb\"},\"inLanguage\":\"ro-RO\",\"potentialAction\":[{\"@type\":\"ReadAction\",\"target\":[\"https:\\\/\\\/shopatoa.com\\\/ro\\\/madara-machiaj-semi-mat-cu-peptide-skinonym-semi-matte-peptide-foundation-30-ml-linen\\\/\"]}]},{\"@type\":\"ImageObject\",\"inLanguage\":\"ro-RO\",\"@id\":\"https:\\\/\\\/shopatoa.com\\\/ro\\\/madara-machiaj-semi-mat-cu-peptide-skinonym-semi-matte-peptide-foundation-30-ml-linen\\\/#primaryimage\",\"url\":\"https:\\\/\\\/storage.googleapis.com\\\/cz-shopatoa-img\\\/ro\\\/23799c58-unnamed-file.webp\",\"contentUrl\":\"https:\\\/\\\/storage.googleapis.com\\\/cz-shopatoa-img\\\/ro\\\/23799c58-unnamed-file.webp\",\"width\":800,\"height\":800},{\"@type\":\"BreadcrumbList\",\"@id\":\"https:\\\/\\\/shopatoa.com\\\/ro\\\/madara-machiaj-semi-mat-cu-peptide-skinonym-semi-matte-peptide-foundation-30-ml-linen\\\/#breadcrumb\",\"itemListElement\":[{\"@type\":\"ListItem\",\"position\":1,\"name\":\"Dom\u016f\",\"item\":\"https:\\\/\\\/shopatoa.com\\\/ro\\\/\"},{\"@type\":\"ListItem\",\"position\":2,\"name\":\"Shop\",\"item\":\"https:\\\/\\\/shopatoa.com\\\/ro\\\/shop\\\/\"},{\"@type\":\"ListItem\",\"position\":3,\"name\":\"Cosmetice\",\"item\":\"https:\\\/\\\/shopatoa.com\\\/ro\\\/cosmetice\\\/\"},{\"@type\":\"ListItem\",\"position\":4,\"name\":\"Cosmetice decorative\",\"item\":\"https:\\\/\\\/shopatoa.com\\\/ro\\\/cosmetice-decorative\\\/\"},{\"@type\":\"ListItem\",\"position\":5,\"name\":\"Machiaj pentru fa\u021ba\",\"item\":\"https:\\\/\\\/shopatoa.com\\\/ro\\\/machiaj-pentru-fata\\\/\"},{\"@type\":\"ListItem\",\"position\":6,\"name\":\"Make-ups\",\"item\":\"https:\\\/\\\/shopatoa.com\\\/ro\\\/make-ups\\\/\"},{\"@type\":\"ListItem\",\"position\":7,\"name\":\"M\u00c1DARA Machiaj semi-mat cu peptide Skinonym (Semi-Matte Peptide Foundation) 30 ml Linen\"}]},{\"@type\":\"WebSite\",\"@id\":\"https:\\\/\\\/shopatoa.com\\\/ro\\\/#website\",\"url\":\"https:\\\/\\\/shopatoa.com\\\/ro\\\/\",\"name\":\"SHOPATOA\",\"description\":\"\",\"publisher\":{\"@id\":\"https:\\\/\\\/shopatoa.com\\\/ro\\\/#organization\"},\"potentialAction\":[{\"@type\":\"SearchAction\",\"target\":{\"@type\":\"EntryPoint\",\"urlTemplate\":\"https:\\\/\\\/shopatoa.com\\\/ro\\\/?s={search_term_string}\"},\"query-input\":{\"@type\":\"PropertyValueSpecification\",\"valueRequired\":true,\"valueName\":\"search_term_string\"}}],\"inLanguage\":\"ro-RO\"},{\"@type\":\"Organization\",\"@id\":\"https:\\\/\\\/shopatoa.com\\\/ro\\\/#organization\",\"name\":\"SHOPATOA\",\"url\":\"https:\\\/\\\/shopatoa.com\\\/ro\\\/\",\"logo\":{\"@type\":\"ImageObject\",\"inLanguage\":\"ro-RO\",\"@id\":\"https:\\\/\\\/shopatoa.com\\\/ro\\\/#\\\/schema\\\/logo\\\/image\\\/\",\"url\":\"https:\\\/\\\/storage.googleapis.com\\\/cz-shopatoa-img\\\/ro\\\/b4dac915-shopatoa_logo.png\",\"contentUrl\":\"https:\\\/\\\/storage.googleapis.com\\\/cz-shopatoa-img\\\/ro\\\/b4dac915-shopatoa_logo.png\",\"width\":416,\"height\":63,\"caption\":\"SHOPATOA\"},\"image\":{\"@id\":\"https:\\\/\\\/shopatoa.com\\\/ro\\\/#\\\/schema\\\/logo\\\/image\\\/\"}}]}<\/script>\n<!-- \/ Yoast SEO plugin. -->","yoast_head_json":{"title":"M\u00c1DARA Machiaj semi-mat cu peptide Skinonym (Semi-Matte Peptide Foundation) 30 ml Linen - SHOPATOA.COM","robots":{"index":"index","follow":"follow","max-snippet":"max-snippet:-1","max-image-preview":"max-image-preview:large","max-video-preview":"max-video-preview:-1"},"canonical":"https:\/\/shopatoa.com\/ro\/madara-machiaj-semi-mat-cu-peptide-skinonym-semi-matte-peptide-foundation-30-ml-linen\/","og_locale":"ro_RO","og_type":"article","og_title":"M\u00c1DARA Machiaj semi-mat cu peptide Skinonym (Semi-Matte Peptide Foundation) 30 ml Linen - SHOPATOA.COM","og_description":"Dezvoltat de exper\u021bi \u00een \u00eengrijirea pielii, fondul de ten mineral u\u0219or ofer\u0103, de asemenea, o acoperire impecabil\u0103, astfel \u00eenc\u00e2t nimeni s\u0103 nu observe m\u0103car c\u0103 por\u021bi machiaj. Nuan\u021be semi-mate care se adapteaz\u0103 structurii unice a pielii \u0219i \u00eei confer\u0103 un aspect proasp\u0103t, neted \u0219i uniform, rezistent \u00een timp. Este fortificat cu ingrediente active eficiente care...","og_url":"https:\/\/shopatoa.com\/ro\/madara-machiaj-semi-mat-cu-peptide-skinonym-semi-matte-peptide-foundation-30-ml-linen\/","og_site_name":"SHOPATOA","article_modified_time":"2025-12-10T18:14:17+00:00","og_image":[{"width":800,"height":800,"url":"https:\/\/storage.googleapis.com\/cz-shopatoa-img\/ro\/23799c58-unnamed-file.webp","type":"image\/webp"}],"twitter_card":"summary_large_image","twitter_misc":{"Timp estimat pentru citire":"1 minut"},"schema":{"@context":"https:\/\/schema.org","@graph":[{"@type":"WebPage","@id":"https:\/\/shopatoa.com\/ro\/madara-machiaj-semi-mat-cu-peptide-skinonym-semi-matte-peptide-foundation-30-ml-linen\/","url":"https:\/\/shopatoa.com\/ro\/madara-machiaj-semi-mat-cu-peptide-skinonym-semi-matte-peptide-foundation-30-ml-linen\/","name":"M\u00c1DARA Machiaj semi-mat cu peptide Skinonym (Semi-Matte Peptide Foundation) 30 ml Linen - SHOPATOA.COM","isPartOf":{"@id":"https:\/\/shopatoa.com\/ro\/#website"},"primaryImageOfPage":{"@id":"https:\/\/shopatoa.com\/ro\/madara-machiaj-semi-mat-cu-peptide-skinonym-semi-matte-peptide-foundation-30-ml-linen\/#primaryimage"},"image":{"@id":"https:\/\/shopatoa.com\/ro\/madara-machiaj-semi-mat-cu-peptide-skinonym-semi-matte-peptide-foundation-30-ml-linen\/#primaryimage"},"thumbnailUrl":"https:\/\/storage.googleapis.com\/cz-shopatoa-img\/ro\/23799c58-unnamed-file.webp","datePublished":"2025-04-28T07:00:24+00:00","dateModified":"2025-12-10T18:14:17+00:00","breadcrumb":{"@id":"https:\/\/shopatoa.com\/ro\/madara-machiaj-semi-mat-cu-peptide-skinonym-semi-matte-peptide-foundation-30-ml-linen\/#breadcrumb"},"inLanguage":"ro-RO","potentialAction":[{"@type":"ReadAction","target":["https:\/\/shopatoa.com\/ro\/madara-machiaj-semi-mat-cu-peptide-skinonym-semi-matte-peptide-foundation-30-ml-linen\/"]}]},{"@type":"ImageObject","inLanguage":"ro-RO","@id":"https:\/\/shopatoa.com\/ro\/madara-machiaj-semi-mat-cu-peptide-skinonym-semi-matte-peptide-foundation-30-ml-linen\/#primaryimage","url":"https:\/\/storage.googleapis.com\/cz-shopatoa-img\/ro\/23799c58-unnamed-file.webp","contentUrl":"https:\/\/storage.googleapis.com\/cz-shopatoa-img\/ro\/23799c58-unnamed-file.webp","width":800,"height":800},{"@type":"BreadcrumbList","@id":"https:\/\/shopatoa.com\/ro\/madara-machiaj-semi-mat-cu-peptide-skinonym-semi-matte-peptide-foundation-30-ml-linen\/#breadcrumb","itemListElement":[{"@type":"ListItem","position":1,"name":"Dom\u016f","item":"https:\/\/shopatoa.com\/ro\/"},{"@type":"ListItem","position":2,"name":"Shop","item":"https:\/\/shopatoa.com\/ro\/shop\/"},{"@type":"ListItem","position":3,"name":"Cosmetice","item":"https:\/\/shopatoa.com\/ro\/cosmetice\/"},{"@type":"ListItem","position":4,"name":"Cosmetice decorative","item":"https:\/\/shopatoa.com\/ro\/cosmetice-decorative\/"},{"@type":"ListItem","position":5,"name":"Machiaj pentru fa\u021ba","item":"https:\/\/shopatoa.com\/ro\/machiaj-pentru-fata\/"},{"@type":"ListItem","position":6,"name":"Make-ups","item":"https:\/\/shopatoa.com\/ro\/make-ups\/"},{"@type":"ListItem","position":7,"name":"M\u00c1DARA Machiaj semi-mat cu peptide Skinonym (Semi-Matte Peptide Foundation) 30 ml Linen"}]},{"@type":"WebSite","@id":"https:\/\/shopatoa.com\/ro\/#website","url":"https:\/\/shopatoa.com\/ro\/","name":"SHOPATOA","description":"","publisher":{"@id":"https:\/\/shopatoa.com\/ro\/#organization"},"potentialAction":[{"@type":"SearchAction","target":{"@type":"EntryPoint","urlTemplate":"https:\/\/shopatoa.com\/ro\/?s={search_term_string}"},"query-input":{"@type":"PropertyValueSpecification","valueRequired":true,"valueName":"search_term_string"}}],"inLanguage":"ro-RO"},{"@type":"Organization","@id":"https:\/\/shopatoa.com\/ro\/#organization","name":"SHOPATOA","url":"https:\/\/shopatoa.com\/ro\/","logo":{"@type":"ImageObject","inLanguage":"ro-RO","@id":"https:\/\/shopatoa.com\/ro\/#\/schema\/logo\/image\/","url":"https:\/\/storage.googleapis.com\/cz-shopatoa-img\/ro\/b4dac915-shopatoa_logo.png","contentUrl":"https:\/\/storage.googleapis.com\/cz-shopatoa-img\/ro\/b4dac915-shopatoa_logo.png","width":416,"height":63,"caption":"SHOPATOA"},"image":{"@id":"https:\/\/shopatoa.com\/ro\/#\/schema\/logo\/image\/"}}]}},"_links":{"self":[{"href":"https:\/\/shopatoa.com\/ro\/wp-json\/wp\/v2\/product\/264828","targetHints":{"allow":["GET"]}}],"collection":[{"href":"https:\/\/shopatoa.com\/ro\/wp-json\/wp\/v2\/product"}],"about":[{"href":"https:\/\/shopatoa.com\/ro\/wp-json\/wp\/v2\/types\/product"}],"replies":[{"embeddable":true,"href":"https:\/\/shopatoa.com\/ro\/wp-json\/wp\/v2\/comments?post=264828"}],"wp:featuredmedia":[{"embeddable":true,"href":"https:\/\/shopatoa.com\/ro\/wp-json\/wp\/v2\/media\/341220"}],"wp:attachment":[{"href":"https:\/\/shopatoa.com\/ro\/wp-json\/wp\/v2\/media?parent=264828"}],"wp:term":[{"taxonomy":"product_brand","embeddable":true,"href":"https:\/\/shopatoa.com\/ro\/wp-json\/wp\/v2\/product_brand?post=264828"},{"taxonomy":"product_cat","embeddable":true,"href":"https:\/\/shopatoa.com\/ro\/wp-json\/wp\/v2\/product_cat?post=264828"},{"taxonomy":"product_tag","embeddable":true,"href":"https:\/\/shopatoa.com\/ro\/wp-json\/wp\/v2\/product_tag?post=264828"}],"curies":[{"name":"wp","href":"https:\/\/api.w.org\/{rel}","templated":true}]}}