{"id":264896,"date":"2025-04-28T09:27:04","date_gmt":"2025-04-28T07:27:04","guid":{"rendered":"https:\/\/shopatoa.com\/ro\/sesderma-ser-lipozomal-cu-efect-anti-imbatranire-samay-anti-aging-serum-30-ml\/"},"modified":"2025-12-10T17:13:38","modified_gmt":"2025-12-10T16:13:38","slug":"sesderma-ser-lipozomal-cu-efect-anti-imbatranire-samay-anti-aging-serum-30-ml","status":"publish","type":"product","link":"https:\/\/shopatoa.com\/ro\/sesderma-ser-lipozomal-cu-efect-anti-imbatranire-samay-anti-aging-serum-30-ml\/","title":{"rendered":"Sesderma Ser lipozomal cu efect anti-\u00eemb\u0103tr\u00e2nire Samay (Anti-Aging Serum) 30 ml"},"content":{"rendered":"<p>Pielea noastr\u0103 este unic\u0103 din punct de vedere al structurii \u0219i compozi\u021biei, datorit\u0103 c\u0103rora ne protejeaz\u0103 corpul de factori externi precum sunt: frigul, c\u0103ldura, lumina soarelui sau seceta \u0219i ajut\u0103 la men\u021binerea echilibrului. Dac\u0103 func\u021bia de barier\u0103 este afectat\u0103, pielea este mai vulnerabil\u0103 \u0219i mai sensibil\u0103 \u0219i poate fi excesiv de reactiv\u0103, ceea ce se manifest\u0103 prin m\u00e2nc\u0103rime, str\u00e2ngere, arsur\u0103 etc. Pielea care prezint\u0103 aceste simptome este sensibil\u0103. Necesit\u0103 \u00eengrijire special\u0103 pentru a restabili func\u021bia de barier\u0103, hidratarea \u0219i confortul. Concentr\u00e2ndu-se pe \u00eengrijirea pielii sensibile, Samay se str\u0103duie\u0219te nu numai s\u0103 \u00eent\u0103reasc\u0103 bariera protectoare \u0219i s\u0103 men\u021bin\u0103 hidratarea, ci face un pas mai departe \u00een \u00eengrijirea zilnic\u0103 \u0219i ajut\u0103, de asemenea, \u00een lupta \u00eempotriva \u00eemb\u0103tr\u00e2nirii. Serul pentru piele hidrateaz\u0103, calmeaz\u0103 \u0219i protejeaz\u0103 bariera pielii \u0219i lupt\u0103 \u00eempotriva semnelor \u00eemb\u0103tr\u00e2nirii pielii. Asigur\u0103 cea mai mare eficien\u021b\u0103 \u0219i toleran\u021b\u0103 pentru pielea sensibil\u0103.<\/p>\n","protected":false},"excerpt":{"rendered":"<p>Pielea noastr\u0103 este unic\u0103 din punct de vedere al structurii \u0219i compozi\u021biei, datorit\u0103 c\u0103rora ne protejeaz\u0103 corpul de factori externi precum sunt: frigul, c\u0103ldura, lumina soarelui sau seceta \u0219i ajut\u0103 la men\u021binerea echilibrului. Dac\u0103 func\u021bia de barier\u0103 este afectat\u0103, pielea este mai vulnerabil\u0103 \u0219i mai sensibil\u0103 \u0219i poate fi excesiv de reactiv\u0103, ceea ce se&#8230;<\/p>\n","protected":false},"featured_media":341293,"comment_status":"closed","ping_status":"open","template":"","meta":{"_acf_changed":false,"_kadence_starter_templates_imported_post":false,"_kad_post_transparent":"","_kad_post_title":"","_kad_post_layout":"","_kad_post_sidebar_id":"","_kad_post_content_style":"","_kad_post_vertical_padding":"","_kad_post_feature":"","_kad_post_feature_position":"","_kad_post_header":false,"_kad_post_footer":false,"_kad_post_classname":""},"product_brand":[440],"product_cat":[246,634,633,665],"product_tag":[],"class_list":{"0":"post-264896","1":"product","2":"type-product","3":"status-publish","4":"has-post-thumbnail","6":"product_brand-sesderma","7":"product_cat-cosmetice","8":"product_cat-produse-cosmetice-de-ingrijire-a-pielii","9":"product_cat-produse-cosmetice-pentru-piele","10":"product_cat-produse-cosmetice-pentru-riduri-si-anti-imbatranire","12":"first","13":"instock","14":"sale","15":"product-type-external","16":"entry","17":"content-bg","18":"loop-entry"},"acf":[],"yoast_head":"<!-- This site is optimized with the Yoast SEO plugin v27.3 - https:\/\/yoast.com\/product\/yoast-seo-wordpress\/ -->\n<title>Sesderma Ser lipozomal cu efect anti-\u00eemb\u0103tr\u00e2nire Samay (Anti-Aging Serum) 30 ml - SHOPATOA.COM<\/title>\n<meta name=\"robots\" content=\"index, follow, max-snippet:-1, max-image-preview:large, max-video-preview:-1\" \/>\n<link rel=\"canonical\" href=\"https:\/\/shopatoa.com\/ro\/sesderma-ser-lipozomal-cu-efect-anti-imbatranire-samay-anti-aging-serum-30-ml\/\" \/>\n<meta property=\"og:locale\" content=\"ro_RO\" \/>\n<meta property=\"og:type\" content=\"article\" \/>\n<meta property=\"og:title\" content=\"Sesderma Ser lipozomal cu efect anti-\u00eemb\u0103tr\u00e2nire Samay (Anti-Aging Serum) 30 ml - SHOPATOA.COM\" \/>\n<meta property=\"og:description\" content=\"Pielea noastr\u0103 este unic\u0103 din punct de vedere al structurii \u0219i compozi\u021biei, datorit\u0103 c\u0103rora ne protejeaz\u0103 corpul de factori externi precum sunt: frigul, c\u0103ldura, lumina soarelui sau seceta \u0219i ajut\u0103 la men\u021binerea echilibrului. Dac\u0103 func\u021bia de barier\u0103 este afectat\u0103, pielea este mai vulnerabil\u0103 \u0219i mai sensibil\u0103 \u0219i poate fi excesiv de reactiv\u0103, ceea ce se...\" \/>\n<meta property=\"og:url\" content=\"https:\/\/shopatoa.com\/ro\/sesderma-ser-lipozomal-cu-efect-anti-imbatranire-samay-anti-aging-serum-30-ml\/\" \/>\n<meta property=\"og:site_name\" content=\"SHOPATOA\" \/>\n<meta property=\"article:modified_time\" content=\"2025-12-10T16:13:38+00:00\" \/>\n<meta property=\"og:image\" content=\"https:\/\/storage.googleapis.com\/cz-shopatoa-img\/ro\/c396a127-unnamed-file.webp\" \/>\n\t<meta property=\"og:image:width\" content=\"800\" \/>\n\t<meta property=\"og:image:height\" content=\"800\" \/>\n\t<meta property=\"og:image:type\" content=\"image\/webp\" \/>\n<meta name=\"twitter:card\" content=\"summary_large_image\" \/>\n<meta name=\"twitter:label1\" content=\"Timp estimat pentru citire\" \/>\n\t<meta name=\"twitter:data1\" content=\"1 minut\" \/>\n<script type=\"application\/ld+json\" class=\"yoast-schema-graph\">{\"@context\":\"https:\\\/\\\/schema.org\",\"@graph\":[{\"@type\":\"WebPage\",\"@id\":\"https:\\\/\\\/shopatoa.com\\\/ro\\\/sesderma-ser-lipozomal-cu-efect-anti-imbatranire-samay-anti-aging-serum-30-ml\\\/\",\"url\":\"https:\\\/\\\/shopatoa.com\\\/ro\\\/sesderma-ser-lipozomal-cu-efect-anti-imbatranire-samay-anti-aging-serum-30-ml\\\/\",\"name\":\"Sesderma Ser lipozomal cu efect anti-\u00eemb\u0103tr\u00e2nire Samay (Anti-Aging Serum) 30 ml - SHOPATOA.COM\",\"isPartOf\":{\"@id\":\"https:\\\/\\\/shopatoa.com\\\/ro\\\/#website\"},\"primaryImageOfPage\":{\"@id\":\"https:\\\/\\\/shopatoa.com\\\/ro\\\/sesderma-ser-lipozomal-cu-efect-anti-imbatranire-samay-anti-aging-serum-30-ml\\\/#primaryimage\"},\"image\":{\"@id\":\"https:\\\/\\\/shopatoa.com\\\/ro\\\/sesderma-ser-lipozomal-cu-efect-anti-imbatranire-samay-anti-aging-serum-30-ml\\\/#primaryimage\"},\"thumbnailUrl\":\"https:\\\/\\\/storage.googleapis.com\\\/cz-shopatoa-img\\\/ro\\\/c396a127-unnamed-file.webp\",\"datePublished\":\"2025-04-28T07:27:04+00:00\",\"dateModified\":\"2025-12-10T16:13:38+00:00\",\"breadcrumb\":{\"@id\":\"https:\\\/\\\/shopatoa.com\\\/ro\\\/sesderma-ser-lipozomal-cu-efect-anti-imbatranire-samay-anti-aging-serum-30-ml\\\/#breadcrumb\"},\"inLanguage\":\"ro-RO\",\"potentialAction\":[{\"@type\":\"ReadAction\",\"target\":[\"https:\\\/\\\/shopatoa.com\\\/ro\\\/sesderma-ser-lipozomal-cu-efect-anti-imbatranire-samay-anti-aging-serum-30-ml\\\/\"]}]},{\"@type\":\"ImageObject\",\"inLanguage\":\"ro-RO\",\"@id\":\"https:\\\/\\\/shopatoa.com\\\/ro\\\/sesderma-ser-lipozomal-cu-efect-anti-imbatranire-samay-anti-aging-serum-30-ml\\\/#primaryimage\",\"url\":\"https:\\\/\\\/storage.googleapis.com\\\/cz-shopatoa-img\\\/ro\\\/c396a127-unnamed-file.webp\",\"contentUrl\":\"https:\\\/\\\/storage.googleapis.com\\\/cz-shopatoa-img\\\/ro\\\/c396a127-unnamed-file.webp\",\"width\":800,\"height\":800},{\"@type\":\"BreadcrumbList\",\"@id\":\"https:\\\/\\\/shopatoa.com\\\/ro\\\/sesderma-ser-lipozomal-cu-efect-anti-imbatranire-samay-anti-aging-serum-30-ml\\\/#breadcrumb\",\"itemListElement\":[{\"@type\":\"ListItem\",\"position\":1,\"name\":\"Dom\u016f\",\"item\":\"https:\\\/\\\/shopatoa.com\\\/ro\\\/\"},{\"@type\":\"ListItem\",\"position\":2,\"name\":\"Shop\",\"item\":\"https:\\\/\\\/shopatoa.com\\\/ro\\\/shop\\\/\"},{\"@type\":\"ListItem\",\"position\":3,\"name\":\"Cosmetice\",\"item\":\"https:\\\/\\\/shopatoa.com\\\/ro\\\/cosmetice\\\/\"},{\"@type\":\"ListItem\",\"position\":4,\"name\":\"Produse cosmetice pentru piele\",\"item\":\"https:\\\/\\\/shopatoa.com\\\/ro\\\/produse-cosmetice-pentru-piele\\\/\"},{\"@type\":\"ListItem\",\"position\":5,\"name\":\"Produse cosmetice de \u00eengrijire a pielii\",\"item\":\"https:\\\/\\\/shopatoa.com\\\/ro\\\/produse-cosmetice-de-ingrijire-a-pielii\\\/\"},{\"@type\":\"ListItem\",\"position\":6,\"name\":\"Produse cosmetice pentru riduri \u0219i anti-\u00eemb\u0103tr\u00e2nire\",\"item\":\"https:\\\/\\\/shopatoa.com\\\/ro\\\/produse-cosmetice-pentru-riduri-si-anti-imbatranire\\\/\"},{\"@type\":\"ListItem\",\"position\":7,\"name\":\"Sesderma Ser lipozomal cu efect anti-\u00eemb\u0103tr\u00e2nire Samay (Anti-Aging Serum) 30 ml\"}]},{\"@type\":\"WebSite\",\"@id\":\"https:\\\/\\\/shopatoa.com\\\/ro\\\/#website\",\"url\":\"https:\\\/\\\/shopatoa.com\\\/ro\\\/\",\"name\":\"SHOPATOA\",\"description\":\"\",\"publisher\":{\"@id\":\"https:\\\/\\\/shopatoa.com\\\/ro\\\/#organization\"},\"potentialAction\":[{\"@type\":\"SearchAction\",\"target\":{\"@type\":\"EntryPoint\",\"urlTemplate\":\"https:\\\/\\\/shopatoa.com\\\/ro\\\/?s={search_term_string}\"},\"query-input\":{\"@type\":\"PropertyValueSpecification\",\"valueRequired\":true,\"valueName\":\"search_term_string\"}}],\"inLanguage\":\"ro-RO\"},{\"@type\":\"Organization\",\"@id\":\"https:\\\/\\\/shopatoa.com\\\/ro\\\/#organization\",\"name\":\"SHOPATOA\",\"url\":\"https:\\\/\\\/shopatoa.com\\\/ro\\\/\",\"logo\":{\"@type\":\"ImageObject\",\"inLanguage\":\"ro-RO\",\"@id\":\"https:\\\/\\\/shopatoa.com\\\/ro\\\/#\\\/schema\\\/logo\\\/image\\\/\",\"url\":\"https:\\\/\\\/storage.googleapis.com\\\/cz-shopatoa-img\\\/ro\\\/b4dac915-shopatoa_logo.png\",\"contentUrl\":\"https:\\\/\\\/storage.googleapis.com\\\/cz-shopatoa-img\\\/ro\\\/b4dac915-shopatoa_logo.png\",\"width\":416,\"height\":63,\"caption\":\"SHOPATOA\"},\"image\":{\"@id\":\"https:\\\/\\\/shopatoa.com\\\/ro\\\/#\\\/schema\\\/logo\\\/image\\\/\"}}]}<\/script>\n<!-- \/ Yoast SEO plugin. -->","yoast_head_json":{"title":"Sesderma Ser lipozomal cu efect anti-\u00eemb\u0103tr\u00e2nire Samay (Anti-Aging Serum) 30 ml - SHOPATOA.COM","robots":{"index":"index","follow":"follow","max-snippet":"max-snippet:-1","max-image-preview":"max-image-preview:large","max-video-preview":"max-video-preview:-1"},"canonical":"https:\/\/shopatoa.com\/ro\/sesderma-ser-lipozomal-cu-efect-anti-imbatranire-samay-anti-aging-serum-30-ml\/","og_locale":"ro_RO","og_type":"article","og_title":"Sesderma Ser lipozomal cu efect anti-\u00eemb\u0103tr\u00e2nire Samay (Anti-Aging Serum) 30 ml - SHOPATOA.COM","og_description":"Pielea noastr\u0103 este unic\u0103 din punct de vedere al structurii \u0219i compozi\u021biei, datorit\u0103 c\u0103rora ne protejeaz\u0103 corpul de factori externi precum sunt: frigul, c\u0103ldura, lumina soarelui sau seceta \u0219i ajut\u0103 la men\u021binerea echilibrului. Dac\u0103 func\u021bia de barier\u0103 este afectat\u0103, pielea este mai vulnerabil\u0103 \u0219i mai sensibil\u0103 \u0219i poate fi excesiv de reactiv\u0103, ceea ce se...","og_url":"https:\/\/shopatoa.com\/ro\/sesderma-ser-lipozomal-cu-efect-anti-imbatranire-samay-anti-aging-serum-30-ml\/","og_site_name":"SHOPATOA","article_modified_time":"2025-12-10T16:13:38+00:00","og_image":[{"width":800,"height":800,"url":"https:\/\/storage.googleapis.com\/cz-shopatoa-img\/ro\/c396a127-unnamed-file.webp","type":"image\/webp"}],"twitter_card":"summary_large_image","twitter_misc":{"Timp estimat pentru citire":"1 minut"},"schema":{"@context":"https:\/\/schema.org","@graph":[{"@type":"WebPage","@id":"https:\/\/shopatoa.com\/ro\/sesderma-ser-lipozomal-cu-efect-anti-imbatranire-samay-anti-aging-serum-30-ml\/","url":"https:\/\/shopatoa.com\/ro\/sesderma-ser-lipozomal-cu-efect-anti-imbatranire-samay-anti-aging-serum-30-ml\/","name":"Sesderma Ser lipozomal cu efect anti-\u00eemb\u0103tr\u00e2nire Samay (Anti-Aging Serum) 30 ml - SHOPATOA.COM","isPartOf":{"@id":"https:\/\/shopatoa.com\/ro\/#website"},"primaryImageOfPage":{"@id":"https:\/\/shopatoa.com\/ro\/sesderma-ser-lipozomal-cu-efect-anti-imbatranire-samay-anti-aging-serum-30-ml\/#primaryimage"},"image":{"@id":"https:\/\/shopatoa.com\/ro\/sesderma-ser-lipozomal-cu-efect-anti-imbatranire-samay-anti-aging-serum-30-ml\/#primaryimage"},"thumbnailUrl":"https:\/\/storage.googleapis.com\/cz-shopatoa-img\/ro\/c396a127-unnamed-file.webp","datePublished":"2025-04-28T07:27:04+00:00","dateModified":"2025-12-10T16:13:38+00:00","breadcrumb":{"@id":"https:\/\/shopatoa.com\/ro\/sesderma-ser-lipozomal-cu-efect-anti-imbatranire-samay-anti-aging-serum-30-ml\/#breadcrumb"},"inLanguage":"ro-RO","potentialAction":[{"@type":"ReadAction","target":["https:\/\/shopatoa.com\/ro\/sesderma-ser-lipozomal-cu-efect-anti-imbatranire-samay-anti-aging-serum-30-ml\/"]}]},{"@type":"ImageObject","inLanguage":"ro-RO","@id":"https:\/\/shopatoa.com\/ro\/sesderma-ser-lipozomal-cu-efect-anti-imbatranire-samay-anti-aging-serum-30-ml\/#primaryimage","url":"https:\/\/storage.googleapis.com\/cz-shopatoa-img\/ro\/c396a127-unnamed-file.webp","contentUrl":"https:\/\/storage.googleapis.com\/cz-shopatoa-img\/ro\/c396a127-unnamed-file.webp","width":800,"height":800},{"@type":"BreadcrumbList","@id":"https:\/\/shopatoa.com\/ro\/sesderma-ser-lipozomal-cu-efect-anti-imbatranire-samay-anti-aging-serum-30-ml\/#breadcrumb","itemListElement":[{"@type":"ListItem","position":1,"name":"Dom\u016f","item":"https:\/\/shopatoa.com\/ro\/"},{"@type":"ListItem","position":2,"name":"Shop","item":"https:\/\/shopatoa.com\/ro\/shop\/"},{"@type":"ListItem","position":3,"name":"Cosmetice","item":"https:\/\/shopatoa.com\/ro\/cosmetice\/"},{"@type":"ListItem","position":4,"name":"Produse cosmetice pentru piele","item":"https:\/\/shopatoa.com\/ro\/produse-cosmetice-pentru-piele\/"},{"@type":"ListItem","position":5,"name":"Produse cosmetice de \u00eengrijire a pielii","item":"https:\/\/shopatoa.com\/ro\/produse-cosmetice-de-ingrijire-a-pielii\/"},{"@type":"ListItem","position":6,"name":"Produse cosmetice pentru riduri \u0219i anti-\u00eemb\u0103tr\u00e2nire","item":"https:\/\/shopatoa.com\/ro\/produse-cosmetice-pentru-riduri-si-anti-imbatranire\/"},{"@type":"ListItem","position":7,"name":"Sesderma Ser lipozomal cu efect anti-\u00eemb\u0103tr\u00e2nire Samay (Anti-Aging Serum) 30 ml"}]},{"@type":"WebSite","@id":"https:\/\/shopatoa.com\/ro\/#website","url":"https:\/\/shopatoa.com\/ro\/","name":"SHOPATOA","description":"","publisher":{"@id":"https:\/\/shopatoa.com\/ro\/#organization"},"potentialAction":[{"@type":"SearchAction","target":{"@type":"EntryPoint","urlTemplate":"https:\/\/shopatoa.com\/ro\/?s={search_term_string}"},"query-input":{"@type":"PropertyValueSpecification","valueRequired":true,"valueName":"search_term_string"}}],"inLanguage":"ro-RO"},{"@type":"Organization","@id":"https:\/\/shopatoa.com\/ro\/#organization","name":"SHOPATOA","url":"https:\/\/shopatoa.com\/ro\/","logo":{"@type":"ImageObject","inLanguage":"ro-RO","@id":"https:\/\/shopatoa.com\/ro\/#\/schema\/logo\/image\/","url":"https:\/\/storage.googleapis.com\/cz-shopatoa-img\/ro\/b4dac915-shopatoa_logo.png","contentUrl":"https:\/\/storage.googleapis.com\/cz-shopatoa-img\/ro\/b4dac915-shopatoa_logo.png","width":416,"height":63,"caption":"SHOPATOA"},"image":{"@id":"https:\/\/shopatoa.com\/ro\/#\/schema\/logo\/image\/"}}]}},"_links":{"self":[{"href":"https:\/\/shopatoa.com\/ro\/wp-json\/wp\/v2\/product\/264896","targetHints":{"allow":["GET"]}}],"collection":[{"href":"https:\/\/shopatoa.com\/ro\/wp-json\/wp\/v2\/product"}],"about":[{"href":"https:\/\/shopatoa.com\/ro\/wp-json\/wp\/v2\/types\/product"}],"replies":[{"embeddable":true,"href":"https:\/\/shopatoa.com\/ro\/wp-json\/wp\/v2\/comments?post=264896"}],"wp:featuredmedia":[{"embeddable":true,"href":"https:\/\/shopatoa.com\/ro\/wp-json\/wp\/v2\/media\/341293"}],"wp:attachment":[{"href":"https:\/\/shopatoa.com\/ro\/wp-json\/wp\/v2\/media?parent=264896"}],"wp:term":[{"taxonomy":"product_brand","embeddable":true,"href":"https:\/\/shopatoa.com\/ro\/wp-json\/wp\/v2\/product_brand?post=264896"},{"taxonomy":"product_cat","embeddable":true,"href":"https:\/\/shopatoa.com\/ro\/wp-json\/wp\/v2\/product_cat?post=264896"},{"taxonomy":"product_tag","embeddable":true,"href":"https:\/\/shopatoa.com\/ro\/wp-json\/wp\/v2\/product_tag?post=264896"}],"curies":[{"name":"wp","href":"https:\/\/api.w.org\/{rel}","templated":true}]}}