{"id":264951,"date":"2025-04-28T09:50:53","date_gmt":"2025-04-28T07:50:53","guid":{"rendered":"https:\/\/shopatoa.com\/ro\/grace-cole-set-cadou-pentru-ingrijirea-corpului-cu-geanta-cosmetica-rose-bujor-4-buc\/"},"modified":"2025-12-10T16:05:54","modified_gmt":"2025-12-10T15:05:54","slug":"grace-cole-set-cadou-pentru-ingrijirea-corpului-cu-geanta-cosmetica-rose-bujor-4-buc","status":"publish","type":"product","link":"https:\/\/shopatoa.com\/ro\/grace-cole-set-cadou-pentru-ingrijirea-corpului-cu-geanta-cosmetica-rose-bujor-4-buc\/","title":{"rendered":"Grace Cole Set cadou pentru \u00eengrijirea corpului cu geant\u0103 cosmetic\u0103 Rose &amp; Bujor 4 buc"},"content":{"rendered":"<p>Setul con\u021bine: Gel de du\u0219 250 ml Crem\u0103 de corp 50 ml Crem\u0103 de m\u00e2ini 50 ml Burete de baie 1 buc Geant\u0103 cosmetic\u0103 1 buc. Gel de du\u0219 Cur\u0103\u021b\u0103 delicat pielea, creeaz\u0103 o spum\u0103 bogat\u0103 \u0219i las\u0103 pielea moale la atingere. \u00cen plus, elibereaz\u0103 un parfum de lung\u0103 durat\u0103. Utilizare: Aplica\u021bi pe pielea umed\u0103, spuma\u021bi \u0219i cl\u0103ti\u021bi. Crem\u0103 de corp Crem\u0103 hr\u0103nitoare va oferi pielii hidratarea necesar\u0103 \u0219i u\u0219urarea senza\u021biei de usc\u0103ciune. O las\u0103 moale, supl\u0103 \u0219i pl\u0103cut parfumat\u0103. Utilizare: Aplica\u021bi pe pielea curat\u0103 \u0219i uscat\u0103, masa\u021bi u\u0219or p\u00e2n\u0103 c\u00e2nd crema se absoarbe. Crem\u0103 de m\u00e2ini Crema hr\u0103nitoare ofer\u0103 m\u00e2inilor \u00eengrijirea \u0219i hidratarea necesar\u0103. Las\u0103 m\u00e2inile moi \u0219i suple. Utilizare: Aplica\u021bi pe m\u00e2inile uscate \u0219i curate, se maseaz\u0103 p\u00e2n\u0103 la absorb\u021bie. Burete de baie \u00cendep\u0103rteaz\u0103 perfect murd\u0103ria \u0219i impurit\u0103\u021bile de pe piele. \u00cen plus, exfoliaz\u0103 u\u0219or, \u00eendep\u0103rteaz\u0103 pielea moart\u0103 \u0219i maseaz\u0103, promov\u00e2nd astfel circula\u021bia s\u00e2ngelui. Trandafir \u0219i Bujor Mirosul floral al bujorilor \u0219i trandafirilor este completat de parfumul proasp\u0103t al portocalelor \u0219i al zmeurii \u0219i este \u00eenchis cu lemn de santal. Colec\u021bia opulent\u0103 folose\u0219te modele florale pe un fundal negru \u00eenchis. Nuan\u021bele de roz pal \u0219i folie aurie confer\u0103 colec\u021biei o senza\u021bie de lux \u0219i elegan\u021b\u0103. Nu consuma\u021bi produsul. Evita\u021bi contactul cu ochii, evita\u021bi zona ochilor. \u00centrerupe\u021bi utilizarea la orice semn de iritare. F\u0103r\u0103 parabeni, siliconi \u0219i ftala\u021bi Vegan \u0219i Cruelty free<\/p>\n","protected":false},"excerpt":{"rendered":"<p>Setul con\u021bine: Gel de du\u0219 250 ml Crem\u0103 de corp 50 ml Crem\u0103 de m\u00e2ini 50 ml Burete de baie 1 buc Geant\u0103 cosmetic\u0103 1 buc. Gel de du\u0219 Cur\u0103\u021b\u0103 delicat pielea, creeaz\u0103 o spum\u0103 bogat\u0103 \u0219i las\u0103 pielea moale la atingere. \u00cen plus, elibereaz\u0103 un parfum de lung\u0103 durat\u0103. Utilizare: Aplica\u021bi pe pielea umed\u0103,&#8230;<\/p>\n","protected":false},"featured_media":341345,"comment_status":"closed","ping_status":"open","template":"","meta":{"_acf_changed":false,"_kadence_starter_templates_imported_post":false,"_kad_post_transparent":"","_kad_post_title":"","_kad_post_layout":"","_kad_post_sidebar_id":"","_kad_post_content_style":"","_kad_post_vertical_padding":"","_kad_post_feature":"","_kad_post_feature_position":"","_kad_post_header":false,"_kad_post_footer":false,"_kad_post_classname":""},"product_brand":[984],"product_cat":[246,641,611],"product_tag":[],"class_list":{"0":"post-264951","1":"product","2":"type-product","3":"status-publish","4":"has-post-thumbnail","6":"product_brand-grace-cole","7":"product_cat-cosmetice","8":"product_cat-cosmetice-pentru-dus-si-baie","9":"product_cat-produse-cosmetice-pentru-corp","11":"first","12":"instock","13":"sale","14":"product-type-external","15":"entry","16":"content-bg","17":"loop-entry"},"acf":[],"yoast_head":"<!-- This site is optimized with the Yoast SEO plugin v27.4 - https:\/\/yoast.com\/product\/yoast-seo-wordpress\/ -->\n<title>Grace Cole Set cadou pentru \u00eengrijirea corpului cu geant\u0103 cosmetic\u0103 Rose &amp; Bujor 4 buc - SHOPATOA.COM<\/title>\n<meta name=\"robots\" content=\"index, follow, max-snippet:-1, max-image-preview:large, max-video-preview:-1\" \/>\n<link rel=\"canonical\" href=\"https:\/\/shopatoa.com\/ro\/grace-cole-set-cadou-pentru-ingrijirea-corpului-cu-geanta-cosmetica-rose-bujor-4-buc\/\" \/>\n<meta property=\"og:locale\" content=\"ro_RO\" \/>\n<meta property=\"og:type\" content=\"article\" \/>\n<meta property=\"og:title\" content=\"Grace Cole Set cadou pentru \u00eengrijirea corpului cu geant\u0103 cosmetic\u0103 Rose &amp; Bujor 4 buc - SHOPATOA.COM\" \/>\n<meta property=\"og:description\" content=\"Setul con\u021bine: Gel de du\u0219 250 ml Crem\u0103 de corp 50 ml Crem\u0103 de m\u00e2ini 50 ml Burete de baie 1 buc Geant\u0103 cosmetic\u0103 1 buc. Gel de du\u0219 Cur\u0103\u021b\u0103 delicat pielea, creeaz\u0103 o spum\u0103 bogat\u0103 \u0219i las\u0103 pielea moale la atingere. \u00cen plus, elibereaz\u0103 un parfum de lung\u0103 durat\u0103. Utilizare: Aplica\u021bi pe pielea umed\u0103,...\" \/>\n<meta property=\"og:url\" content=\"https:\/\/shopatoa.com\/ro\/grace-cole-set-cadou-pentru-ingrijirea-corpului-cu-geanta-cosmetica-rose-bujor-4-buc\/\" \/>\n<meta property=\"og:site_name\" content=\"SHOPATOA\" \/>\n<meta property=\"article:modified_time\" content=\"2025-12-10T15:05:54+00:00\" \/>\n<meta property=\"og:image\" content=\"https:\/\/storage.googleapis.com\/cz-shopatoa-img\/ro\/2e6d81d1-unnamed-file.webp\" \/>\n\t<meta property=\"og:image:width\" content=\"800\" \/>\n\t<meta property=\"og:image:height\" content=\"800\" \/>\n\t<meta property=\"og:image:type\" content=\"image\/webp\" \/>\n<meta name=\"twitter:card\" content=\"summary_large_image\" \/>\n<meta name=\"twitter:label1\" content=\"Timp estimat pentru citire\" \/>\n\t<meta name=\"twitter:data1\" content=\"1 minut\" \/>\n<script type=\"application\/ld+json\" class=\"yoast-schema-graph\">{\"@context\":\"https:\\\/\\\/schema.org\",\"@graph\":[{\"@type\":\"WebPage\",\"@id\":\"https:\\\/\\\/shopatoa.com\\\/ro\\\/grace-cole-set-cadou-pentru-ingrijirea-corpului-cu-geanta-cosmetica-rose-bujor-4-buc\\\/\",\"url\":\"https:\\\/\\\/shopatoa.com\\\/ro\\\/grace-cole-set-cadou-pentru-ingrijirea-corpului-cu-geanta-cosmetica-rose-bujor-4-buc\\\/\",\"name\":\"Grace Cole Set cadou pentru \u00eengrijirea corpului cu geant\u0103 cosmetic\u0103 Rose & Bujor 4 buc - SHOPATOA.COM\",\"isPartOf\":{\"@id\":\"https:\\\/\\\/shopatoa.com\\\/ro\\\/#website\"},\"primaryImageOfPage\":{\"@id\":\"https:\\\/\\\/shopatoa.com\\\/ro\\\/grace-cole-set-cadou-pentru-ingrijirea-corpului-cu-geanta-cosmetica-rose-bujor-4-buc\\\/#primaryimage\"},\"image\":{\"@id\":\"https:\\\/\\\/shopatoa.com\\\/ro\\\/grace-cole-set-cadou-pentru-ingrijirea-corpului-cu-geanta-cosmetica-rose-bujor-4-buc\\\/#primaryimage\"},\"thumbnailUrl\":\"https:\\\/\\\/storage.googleapis.com\\\/cz-shopatoa-img\\\/ro\\\/2e6d81d1-unnamed-file.webp\",\"datePublished\":\"2025-04-28T07:50:53+00:00\",\"dateModified\":\"2025-12-10T15:05:54+00:00\",\"breadcrumb\":{\"@id\":\"https:\\\/\\\/shopatoa.com\\\/ro\\\/grace-cole-set-cadou-pentru-ingrijirea-corpului-cu-geanta-cosmetica-rose-bujor-4-buc\\\/#breadcrumb\"},\"inLanguage\":\"ro-RO\",\"potentialAction\":[{\"@type\":\"ReadAction\",\"target\":[\"https:\\\/\\\/shopatoa.com\\\/ro\\\/grace-cole-set-cadou-pentru-ingrijirea-corpului-cu-geanta-cosmetica-rose-bujor-4-buc\\\/\"]}]},{\"@type\":\"ImageObject\",\"inLanguage\":\"ro-RO\",\"@id\":\"https:\\\/\\\/shopatoa.com\\\/ro\\\/grace-cole-set-cadou-pentru-ingrijirea-corpului-cu-geanta-cosmetica-rose-bujor-4-buc\\\/#primaryimage\",\"url\":\"https:\\\/\\\/storage.googleapis.com\\\/cz-shopatoa-img\\\/ro\\\/2e6d81d1-unnamed-file.webp\",\"contentUrl\":\"https:\\\/\\\/storage.googleapis.com\\\/cz-shopatoa-img\\\/ro\\\/2e6d81d1-unnamed-file.webp\",\"width\":800,\"height\":800},{\"@type\":\"BreadcrumbList\",\"@id\":\"https:\\\/\\\/shopatoa.com\\\/ro\\\/grace-cole-set-cadou-pentru-ingrijirea-corpului-cu-geanta-cosmetica-rose-bujor-4-buc\\\/#breadcrumb\",\"itemListElement\":[{\"@type\":\"ListItem\",\"position\":1,\"name\":\"Dom\u016f\",\"item\":\"https:\\\/\\\/shopatoa.com\\\/ro\\\/\"},{\"@type\":\"ListItem\",\"position\":2,\"name\":\"Shop\",\"item\":\"https:\\\/\\\/shopatoa.com\\\/ro\\\/shop\\\/\"},{\"@type\":\"ListItem\",\"position\":3,\"name\":\"Cosmetice\",\"item\":\"https:\\\/\\\/shopatoa.com\\\/ro\\\/cosmetice\\\/\"},{\"@type\":\"ListItem\",\"position\":4,\"name\":\"Produse cosmetice pentru corp\",\"item\":\"https:\\\/\\\/shopatoa.com\\\/ro\\\/produse-cosmetice-pentru-corp\\\/\"},{\"@type\":\"ListItem\",\"position\":5,\"name\":\"Cosmetice pentru du\u0219 \u0219i baie\",\"item\":\"https:\\\/\\\/shopatoa.com\\\/ro\\\/cosmetice-pentru-dus-si-baie\\\/\"},{\"@type\":\"ListItem\",\"position\":6,\"name\":\"Grace Cole Set cadou pentru \u00eengrijirea corpului cu geant\u0103 cosmetic\u0103 Rose &amp; Bujor 4 buc\"}]},{\"@type\":\"WebSite\",\"@id\":\"https:\\\/\\\/shopatoa.com\\\/ro\\\/#website\",\"url\":\"https:\\\/\\\/shopatoa.com\\\/ro\\\/\",\"name\":\"SHOPATOA\",\"description\":\"\",\"publisher\":{\"@id\":\"https:\\\/\\\/shopatoa.com\\\/ro\\\/#organization\"},\"potentialAction\":[{\"@type\":\"SearchAction\",\"target\":{\"@type\":\"EntryPoint\",\"urlTemplate\":\"https:\\\/\\\/shopatoa.com\\\/ro\\\/?s={search_term_string}\"},\"query-input\":{\"@type\":\"PropertyValueSpecification\",\"valueRequired\":true,\"valueName\":\"search_term_string\"}}],\"inLanguage\":\"ro-RO\"},{\"@type\":\"Organization\",\"@id\":\"https:\\\/\\\/shopatoa.com\\\/ro\\\/#organization\",\"name\":\"SHOPATOA\",\"url\":\"https:\\\/\\\/shopatoa.com\\\/ro\\\/\",\"logo\":{\"@type\":\"ImageObject\",\"inLanguage\":\"ro-RO\",\"@id\":\"https:\\\/\\\/shopatoa.com\\\/ro\\\/#\\\/schema\\\/logo\\\/image\\\/\",\"url\":\"https:\\\/\\\/storage.googleapis.com\\\/cz-shopatoa-img\\\/ro\\\/b4dac915-shopatoa_logo.png\",\"contentUrl\":\"https:\\\/\\\/storage.googleapis.com\\\/cz-shopatoa-img\\\/ro\\\/b4dac915-shopatoa_logo.png\",\"width\":416,\"height\":63,\"caption\":\"SHOPATOA\"},\"image\":{\"@id\":\"https:\\\/\\\/shopatoa.com\\\/ro\\\/#\\\/schema\\\/logo\\\/image\\\/\"}}]}<\/script>\n<!-- \/ Yoast SEO plugin. -->","yoast_head_json":{"title":"Grace Cole Set cadou pentru \u00eengrijirea corpului cu geant\u0103 cosmetic\u0103 Rose & Bujor 4 buc - SHOPATOA.COM","robots":{"index":"index","follow":"follow","max-snippet":"max-snippet:-1","max-image-preview":"max-image-preview:large","max-video-preview":"max-video-preview:-1"},"canonical":"https:\/\/shopatoa.com\/ro\/grace-cole-set-cadou-pentru-ingrijirea-corpului-cu-geanta-cosmetica-rose-bujor-4-buc\/","og_locale":"ro_RO","og_type":"article","og_title":"Grace Cole Set cadou pentru \u00eengrijirea corpului cu geant\u0103 cosmetic\u0103 Rose & Bujor 4 buc - SHOPATOA.COM","og_description":"Setul con\u021bine: Gel de du\u0219 250 ml Crem\u0103 de corp 50 ml Crem\u0103 de m\u00e2ini 50 ml Burete de baie 1 buc Geant\u0103 cosmetic\u0103 1 buc. Gel de du\u0219 Cur\u0103\u021b\u0103 delicat pielea, creeaz\u0103 o spum\u0103 bogat\u0103 \u0219i las\u0103 pielea moale la atingere. \u00cen plus, elibereaz\u0103 un parfum de lung\u0103 durat\u0103. Utilizare: Aplica\u021bi pe pielea umed\u0103,...","og_url":"https:\/\/shopatoa.com\/ro\/grace-cole-set-cadou-pentru-ingrijirea-corpului-cu-geanta-cosmetica-rose-bujor-4-buc\/","og_site_name":"SHOPATOA","article_modified_time":"2025-12-10T15:05:54+00:00","og_image":[{"width":800,"height":800,"url":"https:\/\/storage.googleapis.com\/cz-shopatoa-img\/ro\/2e6d81d1-unnamed-file.webp","type":"image\/webp"}],"twitter_card":"summary_large_image","twitter_misc":{"Timp estimat pentru citire":"1 minut"},"schema":{"@context":"https:\/\/schema.org","@graph":[{"@type":"WebPage","@id":"https:\/\/shopatoa.com\/ro\/grace-cole-set-cadou-pentru-ingrijirea-corpului-cu-geanta-cosmetica-rose-bujor-4-buc\/","url":"https:\/\/shopatoa.com\/ro\/grace-cole-set-cadou-pentru-ingrijirea-corpului-cu-geanta-cosmetica-rose-bujor-4-buc\/","name":"Grace Cole Set cadou pentru \u00eengrijirea corpului cu geant\u0103 cosmetic\u0103 Rose & Bujor 4 buc - SHOPATOA.COM","isPartOf":{"@id":"https:\/\/shopatoa.com\/ro\/#website"},"primaryImageOfPage":{"@id":"https:\/\/shopatoa.com\/ro\/grace-cole-set-cadou-pentru-ingrijirea-corpului-cu-geanta-cosmetica-rose-bujor-4-buc\/#primaryimage"},"image":{"@id":"https:\/\/shopatoa.com\/ro\/grace-cole-set-cadou-pentru-ingrijirea-corpului-cu-geanta-cosmetica-rose-bujor-4-buc\/#primaryimage"},"thumbnailUrl":"https:\/\/storage.googleapis.com\/cz-shopatoa-img\/ro\/2e6d81d1-unnamed-file.webp","datePublished":"2025-04-28T07:50:53+00:00","dateModified":"2025-12-10T15:05:54+00:00","breadcrumb":{"@id":"https:\/\/shopatoa.com\/ro\/grace-cole-set-cadou-pentru-ingrijirea-corpului-cu-geanta-cosmetica-rose-bujor-4-buc\/#breadcrumb"},"inLanguage":"ro-RO","potentialAction":[{"@type":"ReadAction","target":["https:\/\/shopatoa.com\/ro\/grace-cole-set-cadou-pentru-ingrijirea-corpului-cu-geanta-cosmetica-rose-bujor-4-buc\/"]}]},{"@type":"ImageObject","inLanguage":"ro-RO","@id":"https:\/\/shopatoa.com\/ro\/grace-cole-set-cadou-pentru-ingrijirea-corpului-cu-geanta-cosmetica-rose-bujor-4-buc\/#primaryimage","url":"https:\/\/storage.googleapis.com\/cz-shopatoa-img\/ro\/2e6d81d1-unnamed-file.webp","contentUrl":"https:\/\/storage.googleapis.com\/cz-shopatoa-img\/ro\/2e6d81d1-unnamed-file.webp","width":800,"height":800},{"@type":"BreadcrumbList","@id":"https:\/\/shopatoa.com\/ro\/grace-cole-set-cadou-pentru-ingrijirea-corpului-cu-geanta-cosmetica-rose-bujor-4-buc\/#breadcrumb","itemListElement":[{"@type":"ListItem","position":1,"name":"Dom\u016f","item":"https:\/\/shopatoa.com\/ro\/"},{"@type":"ListItem","position":2,"name":"Shop","item":"https:\/\/shopatoa.com\/ro\/shop\/"},{"@type":"ListItem","position":3,"name":"Cosmetice","item":"https:\/\/shopatoa.com\/ro\/cosmetice\/"},{"@type":"ListItem","position":4,"name":"Produse cosmetice pentru corp","item":"https:\/\/shopatoa.com\/ro\/produse-cosmetice-pentru-corp\/"},{"@type":"ListItem","position":5,"name":"Cosmetice pentru du\u0219 \u0219i baie","item":"https:\/\/shopatoa.com\/ro\/cosmetice-pentru-dus-si-baie\/"},{"@type":"ListItem","position":6,"name":"Grace Cole Set cadou pentru \u00eengrijirea corpului cu geant\u0103 cosmetic\u0103 Rose &amp; Bujor 4 buc"}]},{"@type":"WebSite","@id":"https:\/\/shopatoa.com\/ro\/#website","url":"https:\/\/shopatoa.com\/ro\/","name":"SHOPATOA","description":"","publisher":{"@id":"https:\/\/shopatoa.com\/ro\/#organization"},"potentialAction":[{"@type":"SearchAction","target":{"@type":"EntryPoint","urlTemplate":"https:\/\/shopatoa.com\/ro\/?s={search_term_string}"},"query-input":{"@type":"PropertyValueSpecification","valueRequired":true,"valueName":"search_term_string"}}],"inLanguage":"ro-RO"},{"@type":"Organization","@id":"https:\/\/shopatoa.com\/ro\/#organization","name":"SHOPATOA","url":"https:\/\/shopatoa.com\/ro\/","logo":{"@type":"ImageObject","inLanguage":"ro-RO","@id":"https:\/\/shopatoa.com\/ro\/#\/schema\/logo\/image\/","url":"https:\/\/storage.googleapis.com\/cz-shopatoa-img\/ro\/b4dac915-shopatoa_logo.png","contentUrl":"https:\/\/storage.googleapis.com\/cz-shopatoa-img\/ro\/b4dac915-shopatoa_logo.png","width":416,"height":63,"caption":"SHOPATOA"},"image":{"@id":"https:\/\/shopatoa.com\/ro\/#\/schema\/logo\/image\/"}}]}},"_links":{"self":[{"href":"https:\/\/shopatoa.com\/ro\/wp-json\/wp\/v2\/product\/264951","targetHints":{"allow":["GET"]}}],"collection":[{"href":"https:\/\/shopatoa.com\/ro\/wp-json\/wp\/v2\/product"}],"about":[{"href":"https:\/\/shopatoa.com\/ro\/wp-json\/wp\/v2\/types\/product"}],"replies":[{"embeddable":true,"href":"https:\/\/shopatoa.com\/ro\/wp-json\/wp\/v2\/comments?post=264951"}],"wp:featuredmedia":[{"embeddable":true,"href":"https:\/\/shopatoa.com\/ro\/wp-json\/wp\/v2\/media\/341345"}],"wp:attachment":[{"href":"https:\/\/shopatoa.com\/ro\/wp-json\/wp\/v2\/media?parent=264951"}],"wp:term":[{"taxonomy":"product_brand","embeddable":true,"href":"https:\/\/shopatoa.com\/ro\/wp-json\/wp\/v2\/product_brand?post=264951"},{"taxonomy":"product_cat","embeddable":true,"href":"https:\/\/shopatoa.com\/ro\/wp-json\/wp\/v2\/product_cat?post=264951"},{"taxonomy":"product_tag","embeddable":true,"href":"https:\/\/shopatoa.com\/ro\/wp-json\/wp\/v2\/product_tag?post=264951"}],"curies":[{"name":"wp","href":"https:\/\/api.w.org\/{rel}","templated":true}]}}