{"id":265050,"date":"2025-04-28T10:16:05","date_gmt":"2025-04-28T08:16:05","guid":{"rendered":"https:\/\/shopatoa.com\/ro\/biokap-nutricolor-delicato-vopsea-pentru-par-4-00-maro-natural140-ml\/"},"modified":"2025-12-09T20:44:16","modified_gmt":"2025-12-09T19:44:16","slug":"biokap-nutricolor-delicato-vopsea-pentru-par-4-00-maro-natural140-ml","status":"publish","type":"product","link":"https:\/\/shopatoa.com\/ro\/biokap-nutricolor-delicato-vopsea-pentru-par-4-00-maro-natural140-ml\/","title":{"rendered":"Biokap NUTRICOLOR DELICATO -Vopsea pentru p\u0103r &#8211; 4.00 Maro &#8211; natural140 ml"},"content":{"rendered":"<p>NUTRICOLOR DELICATO -Vopsea pentru p\u0103r &#8211; 4.00 maro natural este un produs 92% natural, vopea permanent\u0103. Culoarea natural\u0103 a p\u0103rului care confer\u0103 p\u0103rului o culoare radiant\u0103 \u0219i str\u0103lucire de lung\u0103 durat\u0103. Acoper\u0103 perfect firele albe de p\u0103r, \u0219i este \u00eembog\u0103\u021bit cu extracte naturale care \u00eengrijesc p\u0103rul \u0219i scalpul. F\u0103r\u0103 amoniac, resorcinol, parabeni, fenilendiamine \u0219i parafenilendiamin\u0103 * F\u0103r\u0103 parfum. Testat pentru con\u021binutul de nichel. Potrivit pentru vegani. *) Absen\u021ba acestor componente nu exclude complet riscul unei reac\u021bii alergice.<\/p>\n","protected":false},"excerpt":{"rendered":"<p>NUTRICOLOR DELICATO -Vopsea pentru p\u0103r &#8211; 4.00 maro natural este un produs 92% natural, vopea permanent\u0103. Culoarea natural\u0103 a p\u0103rului care confer\u0103 p\u0103rului o culoare radiant\u0103 \u0219i str\u0103lucire de lung\u0103 durat\u0103. Acoper\u0103 perfect firele albe de p\u0103r, \u0219i este \u00eembog\u0103\u021bit cu extracte naturale care \u00eengrijesc p\u0103rul \u0219i scalpul. F\u0103r\u0103 amoniac, resorcinol, parabeni, fenilendiamine \u0219i parafenilendiamin\u0103&#8230;<\/p>\n","protected":false},"featured_media":265051,"comment_status":"closed","ping_status":"open","template":"","meta":{"_acf_changed":false,"_kadence_starter_templates_imported_post":false,"_kad_post_transparent":"","_kad_post_title":"","_kad_post_layout":"","_kad_post_sidebar_id":"","_kad_post_content_style":"","_kad_post_vertical_padding":"","_kad_post_feature":"","_kad_post_feature_position":"","_kad_post_header":false,"_kad_post_footer":false,"_kad_post_classname":""},"product_brand":[1027],"product_cat":[694,246,623],"product_tag":[],"class_list":{"0":"post-265050","1":"product","2":"type-product","3":"status-publish","4":"has-post-thumbnail","6":"product_brand-biokap","7":"product_cat-cosmetica-pentru-colorarea-parului","8":"product_cat-cosmetice","9":"product_cat-produse-cosmetice-pentru-par","11":"first","12":"instock","13":"product-type-external","14":"entry","15":"content-bg","16":"loop-entry"},"acf":[],"yoast_head":"<!-- This site is optimized with the Yoast SEO plugin v27.4 - https:\/\/yoast.com\/product\/yoast-seo-wordpress\/ -->\n<title>Biokap NUTRICOLOR DELICATO -Vopsea pentru p\u0103r - 4.00 Maro - natural140 ml - SHOPATOA.COM<\/title>\n<meta name=\"robots\" content=\"index, follow, max-snippet:-1, max-image-preview:large, max-video-preview:-1\" \/>\n<link rel=\"canonical\" href=\"https:\/\/shopatoa.com\/ro\/biokap-nutricolor-delicato-vopsea-pentru-par-4-00-maro-natural140-ml\/\" \/>\n<meta property=\"og:locale\" content=\"ro_RO\" \/>\n<meta property=\"og:type\" content=\"article\" \/>\n<meta property=\"og:title\" content=\"Biokap NUTRICOLOR DELICATO -Vopsea pentru p\u0103r - 4.00 Maro - natural140 ml - SHOPATOA.COM\" \/>\n<meta property=\"og:description\" content=\"NUTRICOLOR DELICATO -Vopsea pentru p\u0103r &#8211; 4.00 maro natural este un produs 92% natural, vopea permanent\u0103. Culoarea natural\u0103 a p\u0103rului care confer\u0103 p\u0103rului o culoare radiant\u0103 \u0219i str\u0103lucire de lung\u0103 durat\u0103. Acoper\u0103 perfect firele albe de p\u0103r, \u0219i este \u00eembog\u0103\u021bit cu extracte naturale care \u00eengrijesc p\u0103rul \u0219i scalpul. F\u0103r\u0103 amoniac, resorcinol, parabeni, fenilendiamine \u0219i parafenilendiamin\u0103...\" \/>\n<meta property=\"og:url\" content=\"https:\/\/shopatoa.com\/ro\/biokap-nutricolor-delicato-vopsea-pentru-par-4-00-maro-natural140-ml\/\" \/>\n<meta property=\"og:site_name\" content=\"SHOPATOA\" \/>\n<meta property=\"article:modified_time\" content=\"2025-12-09T19:44:16+00:00\" \/>\n<meta property=\"og:image\" content=\"https:\/\/storage.googleapis.com\/cz-shopatoa-img\/ro\/fd624d25-unnamed-file.webp\" \/>\n\t<meta property=\"og:image:width\" content=\"800\" \/>\n\t<meta property=\"og:image:height\" content=\"800\" \/>\n\t<meta property=\"og:image:type\" content=\"image\/webp\" \/>\n<meta name=\"twitter:card\" content=\"summary_large_image\" \/>\n<script type=\"application\/ld+json\" class=\"yoast-schema-graph\">{\"@context\":\"https:\\\/\\\/schema.org\",\"@graph\":[{\"@type\":\"WebPage\",\"@id\":\"https:\\\/\\\/shopatoa.com\\\/ro\\\/biokap-nutricolor-delicato-vopsea-pentru-par-4-00-maro-natural140-ml\\\/\",\"url\":\"https:\\\/\\\/shopatoa.com\\\/ro\\\/biokap-nutricolor-delicato-vopsea-pentru-par-4-00-maro-natural140-ml\\\/\",\"name\":\"Biokap NUTRICOLOR DELICATO -Vopsea pentru p\u0103r - 4.00 Maro - natural140 ml - SHOPATOA.COM\",\"isPartOf\":{\"@id\":\"https:\\\/\\\/shopatoa.com\\\/ro\\\/#website\"},\"primaryImageOfPage\":{\"@id\":\"https:\\\/\\\/shopatoa.com\\\/ro\\\/biokap-nutricolor-delicato-vopsea-pentru-par-4-00-maro-natural140-ml\\\/#primaryimage\"},\"image\":{\"@id\":\"https:\\\/\\\/shopatoa.com\\\/ro\\\/biokap-nutricolor-delicato-vopsea-pentru-par-4-00-maro-natural140-ml\\\/#primaryimage\"},\"thumbnailUrl\":\"https:\\\/\\\/storage.googleapis.com\\\/cz-shopatoa-img\\\/ro\\\/fd624d25-unnamed-file.webp\",\"datePublished\":\"2025-04-28T08:16:05+00:00\",\"dateModified\":\"2025-12-09T19:44:16+00:00\",\"breadcrumb\":{\"@id\":\"https:\\\/\\\/shopatoa.com\\\/ro\\\/biokap-nutricolor-delicato-vopsea-pentru-par-4-00-maro-natural140-ml\\\/#breadcrumb\"},\"inLanguage\":\"ro-RO\",\"potentialAction\":[{\"@type\":\"ReadAction\",\"target\":[\"https:\\\/\\\/shopatoa.com\\\/ro\\\/biokap-nutricolor-delicato-vopsea-pentru-par-4-00-maro-natural140-ml\\\/\"]}]},{\"@type\":\"ImageObject\",\"inLanguage\":\"ro-RO\",\"@id\":\"https:\\\/\\\/shopatoa.com\\\/ro\\\/biokap-nutricolor-delicato-vopsea-pentru-par-4-00-maro-natural140-ml\\\/#primaryimage\",\"url\":\"https:\\\/\\\/storage.googleapis.com\\\/cz-shopatoa-img\\\/ro\\\/fd624d25-unnamed-file.webp\",\"contentUrl\":\"https:\\\/\\\/storage.googleapis.com\\\/cz-shopatoa-img\\\/ro\\\/fd624d25-unnamed-file.webp\",\"width\":800,\"height\":800},{\"@type\":\"BreadcrumbList\",\"@id\":\"https:\\\/\\\/shopatoa.com\\\/ro\\\/biokap-nutricolor-delicato-vopsea-pentru-par-4-00-maro-natural140-ml\\\/#breadcrumb\",\"itemListElement\":[{\"@type\":\"ListItem\",\"position\":1,\"name\":\"Dom\u016f\",\"item\":\"https:\\\/\\\/shopatoa.com\\\/ro\\\/\"},{\"@type\":\"ListItem\",\"position\":2,\"name\":\"Shop\",\"item\":\"https:\\\/\\\/shopatoa.com\\\/ro\\\/shop\\\/\"},{\"@type\":\"ListItem\",\"position\":3,\"name\":\"Cosmetice\",\"item\":\"https:\\\/\\\/shopatoa.com\\\/ro\\\/cosmetice\\\/\"},{\"@type\":\"ListItem\",\"position\":4,\"name\":\"Produse cosmetice pentru p\u0103r\",\"item\":\"https:\\\/\\\/shopatoa.com\\\/ro\\\/produse-cosmetice-pentru-par\\\/\"},{\"@type\":\"ListItem\",\"position\":5,\"name\":\"Cosmetica pentru colorarea parului\",\"item\":\"https:\\\/\\\/shopatoa.com\\\/ro\\\/cosmetica-pentru-colorarea-parului\\\/\"},{\"@type\":\"ListItem\",\"position\":6,\"name\":\"Biokap NUTRICOLOR DELICATO -Vopsea pentru p\u0103r &#8211; 4.00 Maro &#8211; natural140 ml\"}]},{\"@type\":\"WebSite\",\"@id\":\"https:\\\/\\\/shopatoa.com\\\/ro\\\/#website\",\"url\":\"https:\\\/\\\/shopatoa.com\\\/ro\\\/\",\"name\":\"SHOPATOA\",\"description\":\"\",\"publisher\":{\"@id\":\"https:\\\/\\\/shopatoa.com\\\/ro\\\/#organization\"},\"potentialAction\":[{\"@type\":\"SearchAction\",\"target\":{\"@type\":\"EntryPoint\",\"urlTemplate\":\"https:\\\/\\\/shopatoa.com\\\/ro\\\/?s={search_term_string}\"},\"query-input\":{\"@type\":\"PropertyValueSpecification\",\"valueRequired\":true,\"valueName\":\"search_term_string\"}}],\"inLanguage\":\"ro-RO\"},{\"@type\":\"Organization\",\"@id\":\"https:\\\/\\\/shopatoa.com\\\/ro\\\/#organization\",\"name\":\"SHOPATOA\",\"url\":\"https:\\\/\\\/shopatoa.com\\\/ro\\\/\",\"logo\":{\"@type\":\"ImageObject\",\"inLanguage\":\"ro-RO\",\"@id\":\"https:\\\/\\\/shopatoa.com\\\/ro\\\/#\\\/schema\\\/logo\\\/image\\\/\",\"url\":\"https:\\\/\\\/storage.googleapis.com\\\/cz-shopatoa-img\\\/ro\\\/b4dac915-shopatoa_logo.png\",\"contentUrl\":\"https:\\\/\\\/storage.googleapis.com\\\/cz-shopatoa-img\\\/ro\\\/b4dac915-shopatoa_logo.png\",\"width\":416,\"height\":63,\"caption\":\"SHOPATOA\"},\"image\":{\"@id\":\"https:\\\/\\\/shopatoa.com\\\/ro\\\/#\\\/schema\\\/logo\\\/image\\\/\"}}]}<\/script>\n<!-- \/ Yoast SEO plugin. -->","yoast_head_json":{"title":"Biokap NUTRICOLOR DELICATO -Vopsea pentru p\u0103r - 4.00 Maro - natural140 ml - SHOPATOA.COM","robots":{"index":"index","follow":"follow","max-snippet":"max-snippet:-1","max-image-preview":"max-image-preview:large","max-video-preview":"max-video-preview:-1"},"canonical":"https:\/\/shopatoa.com\/ro\/biokap-nutricolor-delicato-vopsea-pentru-par-4-00-maro-natural140-ml\/","og_locale":"ro_RO","og_type":"article","og_title":"Biokap NUTRICOLOR DELICATO -Vopsea pentru p\u0103r - 4.00 Maro - natural140 ml - SHOPATOA.COM","og_description":"NUTRICOLOR DELICATO -Vopsea pentru p\u0103r &#8211; 4.00 maro natural este un produs 92% natural, vopea permanent\u0103. Culoarea natural\u0103 a p\u0103rului care confer\u0103 p\u0103rului o culoare radiant\u0103 \u0219i str\u0103lucire de lung\u0103 durat\u0103. Acoper\u0103 perfect firele albe de p\u0103r, \u0219i este \u00eembog\u0103\u021bit cu extracte naturale care \u00eengrijesc p\u0103rul \u0219i scalpul. F\u0103r\u0103 amoniac, resorcinol, parabeni, fenilendiamine \u0219i parafenilendiamin\u0103...","og_url":"https:\/\/shopatoa.com\/ro\/biokap-nutricolor-delicato-vopsea-pentru-par-4-00-maro-natural140-ml\/","og_site_name":"SHOPATOA","article_modified_time":"2025-12-09T19:44:16+00:00","og_image":[{"width":800,"height":800,"url":"https:\/\/storage.googleapis.com\/cz-shopatoa-img\/ro\/fd624d25-unnamed-file.webp","type":"image\/webp"}],"twitter_card":"summary_large_image","schema":{"@context":"https:\/\/schema.org","@graph":[{"@type":"WebPage","@id":"https:\/\/shopatoa.com\/ro\/biokap-nutricolor-delicato-vopsea-pentru-par-4-00-maro-natural140-ml\/","url":"https:\/\/shopatoa.com\/ro\/biokap-nutricolor-delicato-vopsea-pentru-par-4-00-maro-natural140-ml\/","name":"Biokap NUTRICOLOR DELICATO -Vopsea pentru p\u0103r - 4.00 Maro - natural140 ml - SHOPATOA.COM","isPartOf":{"@id":"https:\/\/shopatoa.com\/ro\/#website"},"primaryImageOfPage":{"@id":"https:\/\/shopatoa.com\/ro\/biokap-nutricolor-delicato-vopsea-pentru-par-4-00-maro-natural140-ml\/#primaryimage"},"image":{"@id":"https:\/\/shopatoa.com\/ro\/biokap-nutricolor-delicato-vopsea-pentru-par-4-00-maro-natural140-ml\/#primaryimage"},"thumbnailUrl":"https:\/\/storage.googleapis.com\/cz-shopatoa-img\/ro\/fd624d25-unnamed-file.webp","datePublished":"2025-04-28T08:16:05+00:00","dateModified":"2025-12-09T19:44:16+00:00","breadcrumb":{"@id":"https:\/\/shopatoa.com\/ro\/biokap-nutricolor-delicato-vopsea-pentru-par-4-00-maro-natural140-ml\/#breadcrumb"},"inLanguage":"ro-RO","potentialAction":[{"@type":"ReadAction","target":["https:\/\/shopatoa.com\/ro\/biokap-nutricolor-delicato-vopsea-pentru-par-4-00-maro-natural140-ml\/"]}]},{"@type":"ImageObject","inLanguage":"ro-RO","@id":"https:\/\/shopatoa.com\/ro\/biokap-nutricolor-delicato-vopsea-pentru-par-4-00-maro-natural140-ml\/#primaryimage","url":"https:\/\/storage.googleapis.com\/cz-shopatoa-img\/ro\/fd624d25-unnamed-file.webp","contentUrl":"https:\/\/storage.googleapis.com\/cz-shopatoa-img\/ro\/fd624d25-unnamed-file.webp","width":800,"height":800},{"@type":"BreadcrumbList","@id":"https:\/\/shopatoa.com\/ro\/biokap-nutricolor-delicato-vopsea-pentru-par-4-00-maro-natural140-ml\/#breadcrumb","itemListElement":[{"@type":"ListItem","position":1,"name":"Dom\u016f","item":"https:\/\/shopatoa.com\/ro\/"},{"@type":"ListItem","position":2,"name":"Shop","item":"https:\/\/shopatoa.com\/ro\/shop\/"},{"@type":"ListItem","position":3,"name":"Cosmetice","item":"https:\/\/shopatoa.com\/ro\/cosmetice\/"},{"@type":"ListItem","position":4,"name":"Produse cosmetice pentru p\u0103r","item":"https:\/\/shopatoa.com\/ro\/produse-cosmetice-pentru-par\/"},{"@type":"ListItem","position":5,"name":"Cosmetica pentru colorarea parului","item":"https:\/\/shopatoa.com\/ro\/cosmetica-pentru-colorarea-parului\/"},{"@type":"ListItem","position":6,"name":"Biokap NUTRICOLOR DELICATO -Vopsea pentru p\u0103r &#8211; 4.00 Maro &#8211; natural140 ml"}]},{"@type":"WebSite","@id":"https:\/\/shopatoa.com\/ro\/#website","url":"https:\/\/shopatoa.com\/ro\/","name":"SHOPATOA","description":"","publisher":{"@id":"https:\/\/shopatoa.com\/ro\/#organization"},"potentialAction":[{"@type":"SearchAction","target":{"@type":"EntryPoint","urlTemplate":"https:\/\/shopatoa.com\/ro\/?s={search_term_string}"},"query-input":{"@type":"PropertyValueSpecification","valueRequired":true,"valueName":"search_term_string"}}],"inLanguage":"ro-RO"},{"@type":"Organization","@id":"https:\/\/shopatoa.com\/ro\/#organization","name":"SHOPATOA","url":"https:\/\/shopatoa.com\/ro\/","logo":{"@type":"ImageObject","inLanguage":"ro-RO","@id":"https:\/\/shopatoa.com\/ro\/#\/schema\/logo\/image\/","url":"https:\/\/storage.googleapis.com\/cz-shopatoa-img\/ro\/b4dac915-shopatoa_logo.png","contentUrl":"https:\/\/storage.googleapis.com\/cz-shopatoa-img\/ro\/b4dac915-shopatoa_logo.png","width":416,"height":63,"caption":"SHOPATOA"},"image":{"@id":"https:\/\/shopatoa.com\/ro\/#\/schema\/logo\/image\/"}}]}},"_links":{"self":[{"href":"https:\/\/shopatoa.com\/ro\/wp-json\/wp\/v2\/product\/265050","targetHints":{"allow":["GET"]}}],"collection":[{"href":"https:\/\/shopatoa.com\/ro\/wp-json\/wp\/v2\/product"}],"about":[{"href":"https:\/\/shopatoa.com\/ro\/wp-json\/wp\/v2\/types\/product"}],"replies":[{"embeddable":true,"href":"https:\/\/shopatoa.com\/ro\/wp-json\/wp\/v2\/comments?post=265050"}],"wp:featuredmedia":[{"embeddable":true,"href":"https:\/\/shopatoa.com\/ro\/wp-json\/wp\/v2\/media\/265051"}],"wp:attachment":[{"href":"https:\/\/shopatoa.com\/ro\/wp-json\/wp\/v2\/media?parent=265050"}],"wp:term":[{"taxonomy":"product_brand","embeddable":true,"href":"https:\/\/shopatoa.com\/ro\/wp-json\/wp\/v2\/product_brand?post=265050"},{"taxonomy":"product_cat","embeddable":true,"href":"https:\/\/shopatoa.com\/ro\/wp-json\/wp\/v2\/product_cat?post=265050"},{"taxonomy":"product_tag","embeddable":true,"href":"https:\/\/shopatoa.com\/ro\/wp-json\/wp\/v2\/product_tag?post=265050"}],"curies":[{"name":"wp","href":"https:\/\/api.w.org\/{rel}","templated":true}]}}