{"id":265177,"date":"2025-04-28T10:46:25","date_gmt":"2025-04-28T08:46:25","guid":{"rendered":"https:\/\/shopatoa.com\/ro\/lavera-rimel-pentru-volum-lash-to-impress-mascara-14-ml-black\/"},"modified":"2025-12-09T19:52:56","modified_gmt":"2025-12-09T18:52:56","slug":"lavera-rimel-pentru-volum-lash-to-impress-mascara-14-ml-black","status":"publish","type":"product","link":"https:\/\/shopatoa.com\/ro\/lavera-rimel-pentru-volum-lash-to-impress-mascara-14-ml-black\/","title":{"rendered":"Lavera Rimel pentru volum Lash to Impress (Mascara) 14 ml Black"},"content":{"rendered":"<p>Rimelul va oferi genelor dvs. un aspect seduc\u0103tor cu un plus de volum. Compozi\u021bia sa este rezistent\u0103 la pete, nu lipe\u0219te \u0219i nu murd\u0103re\u0219te genele \u0219i ofer\u0103 un efect de ondulare. Datorit\u0103 formei speciale a pensulei (\u00een form\u0103 de clepsidr\u0103), pigmen\u021bii de culoare neagr\u0103 sunt perfect r\u0103sp\u00e2ndi\u021bi, iar genele dvs. vor ar\u0103ta optic mai lungi. Datorit\u0103 con\u021binutului de aloe vera organic \u0219i arginin\u0103, genele beneficiaz\u0103 \u0219i de \u00eengrijire protectoare \u0219i de \u00eent\u0103rire.<\/p>\n","protected":false},"excerpt":{"rendered":"<p>Rimelul va oferi genelor dvs. un aspect seduc\u0103tor cu un plus de volum. Compozi\u021bia sa este rezistent\u0103 la pete, nu lipe\u0219te \u0219i nu murd\u0103re\u0219te genele \u0219i ofer\u0103 un efect de ondulare. Datorit\u0103 formei speciale a pensulei (\u00een form\u0103 de clepsidr\u0103), pigmen\u021bii de culoare neagr\u0103 sunt perfect r\u0103sp\u00e2ndi\u021bi, iar genele dvs. vor ar\u0103ta optic mai lungi&#8230;.<\/p>\n","protected":false},"featured_media":265178,"comment_status":"closed","ping_status":"open","template":"","meta":{"_acf_changed":false,"_kadence_starter_templates_imported_post":false,"_kad_post_transparent":"","_kad_post_title":"","_kad_post_layout":"","_kad_post_sidebar_id":"","_kad_post_content_style":"","_kad_post_vertical_padding":"","_kad_post_feature":"","_kad_post_feature_position":"","_kad_post_header":false,"_kad_post_footer":false,"_kad_post_classname":""},"product_brand":[339],"product_cat":[246,609,631,632],"product_tag":[],"class_list":{"0":"post-265177","1":"product","2":"type-product","3":"status-publish","4":"has-post-thumbnail","6":"product_brand-lavera","7":"product_cat-cosmetice","8":"product_cat-cosmetice-decorative","9":"product_cat-machiaj-pentru-ochi","10":"product_cat-rimele","12":"first","13":"instock","14":"product-type-external","15":"entry","16":"content-bg","17":"loop-entry"},"acf":[],"yoast_head":"<!-- This site is optimized with the Yoast SEO plugin v27.3 - https:\/\/yoast.com\/product\/yoast-seo-wordpress\/ -->\n<title>Lavera Rimel pentru volum Lash to Impress (Mascara) 14 ml Black - SHOPATOA.COM<\/title>\n<meta name=\"robots\" content=\"index, follow, max-snippet:-1, max-image-preview:large, max-video-preview:-1\" \/>\n<link rel=\"canonical\" href=\"https:\/\/shopatoa.com\/ro\/lavera-rimel-pentru-volum-lash-to-impress-mascara-14-ml-black\/\" \/>\n<meta property=\"og:locale\" content=\"ro_RO\" \/>\n<meta property=\"og:type\" content=\"article\" \/>\n<meta property=\"og:title\" content=\"Lavera Rimel pentru volum Lash to Impress (Mascara) 14 ml Black - SHOPATOA.COM\" \/>\n<meta property=\"og:description\" content=\"Rimelul va oferi genelor dvs. un aspect seduc\u0103tor cu un plus de volum. Compozi\u021bia sa este rezistent\u0103 la pete, nu lipe\u0219te \u0219i nu murd\u0103re\u0219te genele \u0219i ofer\u0103 un efect de ondulare. Datorit\u0103 formei speciale a pensulei (\u00een form\u0103 de clepsidr\u0103), pigmen\u021bii de culoare neagr\u0103 sunt perfect r\u0103sp\u00e2ndi\u021bi, iar genele dvs. vor ar\u0103ta optic mai lungi....\" \/>\n<meta property=\"og:url\" content=\"https:\/\/shopatoa.com\/ro\/lavera-rimel-pentru-volum-lash-to-impress-mascara-14-ml-black\/\" \/>\n<meta property=\"og:site_name\" content=\"SHOPATOA\" \/>\n<meta property=\"article:modified_time\" content=\"2025-12-09T18:52:56+00:00\" \/>\n<meta property=\"og:image\" content=\"https:\/\/storage.googleapis.com\/cz-shopatoa-img\/ro\/b0bf42e0-.webp\" \/>\n\t<meta property=\"og:image:width\" content=\"800\" \/>\n\t<meta property=\"og:image:height\" content=\"800\" \/>\n\t<meta property=\"og:image:type\" content=\"image\/webp\" \/>\n<meta name=\"twitter:card\" content=\"summary_large_image\" \/>\n<script type=\"application\/ld+json\" class=\"yoast-schema-graph\">{\"@context\":\"https:\\\/\\\/schema.org\",\"@graph\":[{\"@type\":\"WebPage\",\"@id\":\"https:\\\/\\\/shopatoa.com\\\/ro\\\/lavera-rimel-pentru-volum-lash-to-impress-mascara-14-ml-black\\\/\",\"url\":\"https:\\\/\\\/shopatoa.com\\\/ro\\\/lavera-rimel-pentru-volum-lash-to-impress-mascara-14-ml-black\\\/\",\"name\":\"Lavera Rimel pentru volum Lash to Impress (Mascara) 14 ml Black - SHOPATOA.COM\",\"isPartOf\":{\"@id\":\"https:\\\/\\\/shopatoa.com\\\/ro\\\/#website\"},\"primaryImageOfPage\":{\"@id\":\"https:\\\/\\\/shopatoa.com\\\/ro\\\/lavera-rimel-pentru-volum-lash-to-impress-mascara-14-ml-black\\\/#primaryimage\"},\"image\":{\"@id\":\"https:\\\/\\\/shopatoa.com\\\/ro\\\/lavera-rimel-pentru-volum-lash-to-impress-mascara-14-ml-black\\\/#primaryimage\"},\"thumbnailUrl\":\"https:\\\/\\\/storage.googleapis.com\\\/cz-shopatoa-img\\\/ro\\\/b0bf42e0-.webp\",\"datePublished\":\"2025-04-28T08:46:25+00:00\",\"dateModified\":\"2025-12-09T18:52:56+00:00\",\"breadcrumb\":{\"@id\":\"https:\\\/\\\/shopatoa.com\\\/ro\\\/lavera-rimel-pentru-volum-lash-to-impress-mascara-14-ml-black\\\/#breadcrumb\"},\"inLanguage\":\"ro-RO\",\"potentialAction\":[{\"@type\":\"ReadAction\",\"target\":[\"https:\\\/\\\/shopatoa.com\\\/ro\\\/lavera-rimel-pentru-volum-lash-to-impress-mascara-14-ml-black\\\/\"]}]},{\"@type\":\"ImageObject\",\"inLanguage\":\"ro-RO\",\"@id\":\"https:\\\/\\\/shopatoa.com\\\/ro\\\/lavera-rimel-pentru-volum-lash-to-impress-mascara-14-ml-black\\\/#primaryimage\",\"url\":\"https:\\\/\\\/storage.googleapis.com\\\/cz-shopatoa-img\\\/ro\\\/b0bf42e0-.webp\",\"contentUrl\":\"https:\\\/\\\/storage.googleapis.com\\\/cz-shopatoa-img\\\/ro\\\/b0bf42e0-.webp\",\"width\":800,\"height\":800},{\"@type\":\"BreadcrumbList\",\"@id\":\"https:\\\/\\\/shopatoa.com\\\/ro\\\/lavera-rimel-pentru-volum-lash-to-impress-mascara-14-ml-black\\\/#breadcrumb\",\"itemListElement\":[{\"@type\":\"ListItem\",\"position\":1,\"name\":\"Dom\u016f\",\"item\":\"https:\\\/\\\/shopatoa.com\\\/ro\\\/\"},{\"@type\":\"ListItem\",\"position\":2,\"name\":\"Shop\",\"item\":\"https:\\\/\\\/shopatoa.com\\\/ro\\\/shop\\\/\"},{\"@type\":\"ListItem\",\"position\":3,\"name\":\"Cosmetice\",\"item\":\"https:\\\/\\\/shopatoa.com\\\/ro\\\/cosmetice\\\/\"},{\"@type\":\"ListItem\",\"position\":4,\"name\":\"Cosmetice decorative\",\"item\":\"https:\\\/\\\/shopatoa.com\\\/ro\\\/cosmetice-decorative\\\/\"},{\"@type\":\"ListItem\",\"position\":5,\"name\":\"Machiaj pentru ochi\",\"item\":\"https:\\\/\\\/shopatoa.com\\\/ro\\\/machiaj-pentru-ochi\\\/\"},{\"@type\":\"ListItem\",\"position\":6,\"name\":\"Rimele\",\"item\":\"https:\\\/\\\/shopatoa.com\\\/ro\\\/rimele\\\/\"},{\"@type\":\"ListItem\",\"position\":7,\"name\":\"Lavera Rimel pentru volum Lash to Impress (Mascara) 14 ml Black\"}]},{\"@type\":\"WebSite\",\"@id\":\"https:\\\/\\\/shopatoa.com\\\/ro\\\/#website\",\"url\":\"https:\\\/\\\/shopatoa.com\\\/ro\\\/\",\"name\":\"SHOPATOA\",\"description\":\"\",\"publisher\":{\"@id\":\"https:\\\/\\\/shopatoa.com\\\/ro\\\/#organization\"},\"potentialAction\":[{\"@type\":\"SearchAction\",\"target\":{\"@type\":\"EntryPoint\",\"urlTemplate\":\"https:\\\/\\\/shopatoa.com\\\/ro\\\/?s={search_term_string}\"},\"query-input\":{\"@type\":\"PropertyValueSpecification\",\"valueRequired\":true,\"valueName\":\"search_term_string\"}}],\"inLanguage\":\"ro-RO\"},{\"@type\":\"Organization\",\"@id\":\"https:\\\/\\\/shopatoa.com\\\/ro\\\/#organization\",\"name\":\"SHOPATOA\",\"url\":\"https:\\\/\\\/shopatoa.com\\\/ro\\\/\",\"logo\":{\"@type\":\"ImageObject\",\"inLanguage\":\"ro-RO\",\"@id\":\"https:\\\/\\\/shopatoa.com\\\/ro\\\/#\\\/schema\\\/logo\\\/image\\\/\",\"url\":\"https:\\\/\\\/storage.googleapis.com\\\/cz-shopatoa-img\\\/ro\\\/b4dac915-shopatoa_logo.png\",\"contentUrl\":\"https:\\\/\\\/storage.googleapis.com\\\/cz-shopatoa-img\\\/ro\\\/b4dac915-shopatoa_logo.png\",\"width\":416,\"height\":63,\"caption\":\"SHOPATOA\"},\"image\":{\"@id\":\"https:\\\/\\\/shopatoa.com\\\/ro\\\/#\\\/schema\\\/logo\\\/image\\\/\"}}]}<\/script>\n<!-- \/ Yoast SEO plugin. -->","yoast_head_json":{"title":"Lavera Rimel pentru volum Lash to Impress (Mascara) 14 ml Black - SHOPATOA.COM","robots":{"index":"index","follow":"follow","max-snippet":"max-snippet:-1","max-image-preview":"max-image-preview:large","max-video-preview":"max-video-preview:-1"},"canonical":"https:\/\/shopatoa.com\/ro\/lavera-rimel-pentru-volum-lash-to-impress-mascara-14-ml-black\/","og_locale":"ro_RO","og_type":"article","og_title":"Lavera Rimel pentru volum Lash to Impress (Mascara) 14 ml Black - SHOPATOA.COM","og_description":"Rimelul va oferi genelor dvs. un aspect seduc\u0103tor cu un plus de volum. Compozi\u021bia sa este rezistent\u0103 la pete, nu lipe\u0219te \u0219i nu murd\u0103re\u0219te genele \u0219i ofer\u0103 un efect de ondulare. Datorit\u0103 formei speciale a pensulei (\u00een form\u0103 de clepsidr\u0103), pigmen\u021bii de culoare neagr\u0103 sunt perfect r\u0103sp\u00e2ndi\u021bi, iar genele dvs. vor ar\u0103ta optic mai lungi....","og_url":"https:\/\/shopatoa.com\/ro\/lavera-rimel-pentru-volum-lash-to-impress-mascara-14-ml-black\/","og_site_name":"SHOPATOA","article_modified_time":"2025-12-09T18:52:56+00:00","og_image":[{"width":800,"height":800,"url":"https:\/\/storage.googleapis.com\/cz-shopatoa-img\/ro\/b0bf42e0-.webp","type":"image\/webp"}],"twitter_card":"summary_large_image","schema":{"@context":"https:\/\/schema.org","@graph":[{"@type":"WebPage","@id":"https:\/\/shopatoa.com\/ro\/lavera-rimel-pentru-volum-lash-to-impress-mascara-14-ml-black\/","url":"https:\/\/shopatoa.com\/ro\/lavera-rimel-pentru-volum-lash-to-impress-mascara-14-ml-black\/","name":"Lavera Rimel pentru volum Lash to Impress (Mascara) 14 ml Black - SHOPATOA.COM","isPartOf":{"@id":"https:\/\/shopatoa.com\/ro\/#website"},"primaryImageOfPage":{"@id":"https:\/\/shopatoa.com\/ro\/lavera-rimel-pentru-volum-lash-to-impress-mascara-14-ml-black\/#primaryimage"},"image":{"@id":"https:\/\/shopatoa.com\/ro\/lavera-rimel-pentru-volum-lash-to-impress-mascara-14-ml-black\/#primaryimage"},"thumbnailUrl":"https:\/\/storage.googleapis.com\/cz-shopatoa-img\/ro\/b0bf42e0-.webp","datePublished":"2025-04-28T08:46:25+00:00","dateModified":"2025-12-09T18:52:56+00:00","breadcrumb":{"@id":"https:\/\/shopatoa.com\/ro\/lavera-rimel-pentru-volum-lash-to-impress-mascara-14-ml-black\/#breadcrumb"},"inLanguage":"ro-RO","potentialAction":[{"@type":"ReadAction","target":["https:\/\/shopatoa.com\/ro\/lavera-rimel-pentru-volum-lash-to-impress-mascara-14-ml-black\/"]}]},{"@type":"ImageObject","inLanguage":"ro-RO","@id":"https:\/\/shopatoa.com\/ro\/lavera-rimel-pentru-volum-lash-to-impress-mascara-14-ml-black\/#primaryimage","url":"https:\/\/storage.googleapis.com\/cz-shopatoa-img\/ro\/b0bf42e0-.webp","contentUrl":"https:\/\/storage.googleapis.com\/cz-shopatoa-img\/ro\/b0bf42e0-.webp","width":800,"height":800},{"@type":"BreadcrumbList","@id":"https:\/\/shopatoa.com\/ro\/lavera-rimel-pentru-volum-lash-to-impress-mascara-14-ml-black\/#breadcrumb","itemListElement":[{"@type":"ListItem","position":1,"name":"Dom\u016f","item":"https:\/\/shopatoa.com\/ro\/"},{"@type":"ListItem","position":2,"name":"Shop","item":"https:\/\/shopatoa.com\/ro\/shop\/"},{"@type":"ListItem","position":3,"name":"Cosmetice","item":"https:\/\/shopatoa.com\/ro\/cosmetice\/"},{"@type":"ListItem","position":4,"name":"Cosmetice decorative","item":"https:\/\/shopatoa.com\/ro\/cosmetice-decorative\/"},{"@type":"ListItem","position":5,"name":"Machiaj pentru ochi","item":"https:\/\/shopatoa.com\/ro\/machiaj-pentru-ochi\/"},{"@type":"ListItem","position":6,"name":"Rimele","item":"https:\/\/shopatoa.com\/ro\/rimele\/"},{"@type":"ListItem","position":7,"name":"Lavera Rimel pentru volum Lash to Impress (Mascara) 14 ml Black"}]},{"@type":"WebSite","@id":"https:\/\/shopatoa.com\/ro\/#website","url":"https:\/\/shopatoa.com\/ro\/","name":"SHOPATOA","description":"","publisher":{"@id":"https:\/\/shopatoa.com\/ro\/#organization"},"potentialAction":[{"@type":"SearchAction","target":{"@type":"EntryPoint","urlTemplate":"https:\/\/shopatoa.com\/ro\/?s={search_term_string}"},"query-input":{"@type":"PropertyValueSpecification","valueRequired":true,"valueName":"search_term_string"}}],"inLanguage":"ro-RO"},{"@type":"Organization","@id":"https:\/\/shopatoa.com\/ro\/#organization","name":"SHOPATOA","url":"https:\/\/shopatoa.com\/ro\/","logo":{"@type":"ImageObject","inLanguage":"ro-RO","@id":"https:\/\/shopatoa.com\/ro\/#\/schema\/logo\/image\/","url":"https:\/\/storage.googleapis.com\/cz-shopatoa-img\/ro\/b4dac915-shopatoa_logo.png","contentUrl":"https:\/\/storage.googleapis.com\/cz-shopatoa-img\/ro\/b4dac915-shopatoa_logo.png","width":416,"height":63,"caption":"SHOPATOA"},"image":{"@id":"https:\/\/shopatoa.com\/ro\/#\/schema\/logo\/image\/"}}]}},"_links":{"self":[{"href":"https:\/\/shopatoa.com\/ro\/wp-json\/wp\/v2\/product\/265177","targetHints":{"allow":["GET"]}}],"collection":[{"href":"https:\/\/shopatoa.com\/ro\/wp-json\/wp\/v2\/product"}],"about":[{"href":"https:\/\/shopatoa.com\/ro\/wp-json\/wp\/v2\/types\/product"}],"replies":[{"embeddable":true,"href":"https:\/\/shopatoa.com\/ro\/wp-json\/wp\/v2\/comments?post=265177"}],"wp:featuredmedia":[{"embeddable":true,"href":"https:\/\/shopatoa.com\/ro\/wp-json\/wp\/v2\/media\/265178"}],"wp:attachment":[{"href":"https:\/\/shopatoa.com\/ro\/wp-json\/wp\/v2\/media?parent=265177"}],"wp:term":[{"taxonomy":"product_brand","embeddable":true,"href":"https:\/\/shopatoa.com\/ro\/wp-json\/wp\/v2\/product_brand?post=265177"},{"taxonomy":"product_cat","embeddable":true,"href":"https:\/\/shopatoa.com\/ro\/wp-json\/wp\/v2\/product_cat?post=265177"},{"taxonomy":"product_tag","embeddable":true,"href":"https:\/\/shopatoa.com\/ro\/wp-json\/wp\/v2\/product_tag?post=265177"}],"curies":[{"name":"wp","href":"https:\/\/api.w.org\/{rel}","templated":true}]}}