{"id":265546,"date":"2025-04-28T12:30:30","date_gmt":"2025-04-28T10:30:30","guid":{"rendered":"https:\/\/shopatoa.com\/ro\/proficare-aparat-de-ras-electric-pentru-barbati-pc-hr-3023\/"},"modified":"2025-12-09T16:25:50","modified_gmt":"2025-12-09T15:25:50","slug":"proficare-aparat-de-ras-electric-pentru-barbati-pc-hr-3023","status":"publish","type":"product","link":"https:\/\/shopatoa.com\/ro\/proficare-aparat-de-ras-electric-pentru-barbati-pc-hr-3023\/","title":{"rendered":"ProfiCare Aparat de ras electric pentru b\u0103rba\u021bi PC-HR 3023"},"content":{"rendered":"<p>Aparatul de ras electric ProfiCare pentru b\u0103rba\u021bi se remarc\u0103 prin designul s\u0103u deosebit \u0219i calitatea superioar\u0103. Datorit\u0103 sistemului de t\u0103iere \u00een 3 trepte \u0219i capetele flexibile, dispozitivele asigur\u0103 un b\u0103rbierit rapid \u0219i precis. Pe afisajul LED multifunc\u021bional sunt afi\u0219ate urm\u0103toarele informa\u021bii: Starea bateriei (\u00een minute) Nivelul bateriei (reprezentat grafic) Indicator de \u00eenc\u0103rcare Intervalul de cur\u0103\u021bare Blocare pentru c\u0103l\u0103torie Aparatul de ras este rezistent la jet de ap\u0103 (IPX5), astfel poate fi sp\u0103lat sub ap\u0103 curent\u0103 f\u0103r\u0103 probleme. Acesta este alimentat de un acumulator Li-Ion cu o durat\u0103 de via\u021b\u0103 \u00eendelungat\u0103 \u0219i o capacitate de 800 mAh. Iar \u00eenc\u0103rcarea complet\u0103 dureaz\u0103 aproximativ 60 de minute. Func\u021bia de operare direct\u0103 permite utilizarea aparatului chiar \u0219i atunci c\u00e2nd bateria este complet desc\u0103rcat\u0103, fiind suficient s\u0103-l conecta\u021bi la adaptorul de \u00eenc\u0103rcare pentru a prelua energia direct\u0103 din re\u021bea. Mai mult, nu conteaz\u0103 dac\u0103 exist\u0103 la dispozi\u021bie o priz\u0103 de 100V sau 230V, deoarece pachetul include \u0219i un adaptor de c\u0103l\u0103torie. Pentru c\u0103l\u0103torii, un blocaj electronic de c\u0103l\u0103torie va fi extrem de practic, \u00eempiedic\u00e2nd pornirea accidental\u0103 a aparatului, de exemplu, \u00een valiz\u0103. Utilizarea aparatului este rapid\u0103 \u0219i simpl\u0103 datorit\u0103 comutatorului On\/Off. \u00cen plus, capul deta\u0219abil permite o cur\u0103\u021bare u\u0219oar\u0103. Carcasa cromat\u0103 a aparatului de ras este foarte rezistent\u0103 la zg\u00e2rieturi. Pe l\u00e2ng\u0103 acestea, pachetul con\u021bine un trimmer pentru tunsul p\u0103rului lung, adaptor de \u00eenc\u0103rcare, perie de cur\u0103\u021bare, capac \u0219i hus\u0103. Sursa de alimentare este 100\u2013240 V, 50\/60 Hz.<\/p>\n","protected":false},"excerpt":{"rendered":"<p>Aparatul de ras electric ProfiCare pentru b\u0103rba\u021bi se remarc\u0103 prin designul s\u0103u deosebit \u0219i calitatea superioar\u0103. Datorit\u0103 sistemului de t\u0103iere \u00een 3 trepte \u0219i capetele flexibile, dispozitivele asigur\u0103 un b\u0103rbierit rapid \u0219i precis. Pe afisajul LED multifunc\u021bional sunt afi\u0219ate urm\u0103toarele informa\u021bii: Starea bateriei (\u00een minute) Nivelul bateriei (reprezentat grafic) Indicator de \u00eenc\u0103rcare Intervalul de cur\u0103\u021bare&#8230;<\/p>\n","protected":false},"featured_media":265547,"comment_status":"closed","ping_status":"open","template":"","meta":{"_acf_changed":false,"_kadence_starter_templates_imported_post":false,"_kad_post_transparent":"","_kad_post_title":"","_kad_post_layout":"","_kad_post_sidebar_id":"","_kad_post_content_style":"","_kad_post_vertical_padding":"","_kad_post_feature":"","_kad_post_feature_position":"","_kad_post_header":false,"_kad_post_footer":false,"_kad_post_classname":""},"product_brand":[876],"product_cat":[670,765,246],"product_tag":[],"class_list":{"0":"post-265546","1":"product","2":"type-product","3":"status-publish","4":"has-post-thumbnail","6":"product_brand-proficare","7":"product_cat-barber-shop","8":"product_cat-barber-shop-taiat","9":"product_cat-cosmetice","11":"first","12":"instock","13":"sale","14":"product-type-external","15":"entry","16":"content-bg","17":"loop-entry"},"acf":[],"yoast_head":"<!-- This site is optimized with the Yoast SEO plugin v27.4 - https:\/\/yoast.com\/product\/yoast-seo-wordpress\/ -->\n<title>ProfiCare Aparat de ras electric pentru b\u0103rba\u021bi PC-HR 3023 - SHOPATOA.COM<\/title>\n<meta name=\"robots\" content=\"index, follow, max-snippet:-1, max-image-preview:large, max-video-preview:-1\" \/>\n<link rel=\"canonical\" href=\"https:\/\/shopatoa.com\/ro\/proficare-aparat-de-ras-electric-pentru-barbati-pc-hr-3023\/\" \/>\n<meta property=\"og:locale\" content=\"ro_RO\" \/>\n<meta property=\"og:type\" content=\"article\" \/>\n<meta property=\"og:title\" content=\"ProfiCare Aparat de ras electric pentru b\u0103rba\u021bi PC-HR 3023 - SHOPATOA.COM\" \/>\n<meta property=\"og:description\" content=\"Aparatul de ras electric ProfiCare pentru b\u0103rba\u021bi se remarc\u0103 prin designul s\u0103u deosebit \u0219i calitatea superioar\u0103. Datorit\u0103 sistemului de t\u0103iere \u00een 3 trepte \u0219i capetele flexibile, dispozitivele asigur\u0103 un b\u0103rbierit rapid \u0219i precis. Pe afisajul LED multifunc\u021bional sunt afi\u0219ate urm\u0103toarele informa\u021bii: Starea bateriei (\u00een minute) Nivelul bateriei (reprezentat grafic) Indicator de \u00eenc\u0103rcare Intervalul de cur\u0103\u021bare...\" \/>\n<meta property=\"og:url\" content=\"https:\/\/shopatoa.com\/ro\/proficare-aparat-de-ras-electric-pentru-barbati-pc-hr-3023\/\" \/>\n<meta property=\"og:site_name\" content=\"SHOPATOA\" \/>\n<meta property=\"article:modified_time\" content=\"2025-12-09T15:25:50+00:00\" \/>\n<meta property=\"og:image\" content=\"https:\/\/storage.googleapis.com\/cz-shopatoa-img\/ro\/821696b9-unnamed-file.webp\" \/>\n\t<meta property=\"og:image:width\" content=\"800\" \/>\n\t<meta property=\"og:image:height\" content=\"800\" \/>\n\t<meta property=\"og:image:type\" content=\"image\/webp\" \/>\n<meta name=\"twitter:card\" content=\"summary_large_image\" \/>\n<meta name=\"twitter:label1\" content=\"Timp estimat pentru citire\" \/>\n\t<meta name=\"twitter:data1\" content=\"1 minut\" \/>\n<script type=\"application\/ld+json\" class=\"yoast-schema-graph\">{\"@context\":\"https:\\\/\\\/schema.org\",\"@graph\":[{\"@type\":\"WebPage\",\"@id\":\"https:\\\/\\\/shopatoa.com\\\/ro\\\/proficare-aparat-de-ras-electric-pentru-barbati-pc-hr-3023\\\/\",\"url\":\"https:\\\/\\\/shopatoa.com\\\/ro\\\/proficare-aparat-de-ras-electric-pentru-barbati-pc-hr-3023\\\/\",\"name\":\"ProfiCare Aparat de ras electric pentru b\u0103rba\u021bi PC-HR 3023 - SHOPATOA.COM\",\"isPartOf\":{\"@id\":\"https:\\\/\\\/shopatoa.com\\\/ro\\\/#website\"},\"primaryImageOfPage\":{\"@id\":\"https:\\\/\\\/shopatoa.com\\\/ro\\\/proficare-aparat-de-ras-electric-pentru-barbati-pc-hr-3023\\\/#primaryimage\"},\"image\":{\"@id\":\"https:\\\/\\\/shopatoa.com\\\/ro\\\/proficare-aparat-de-ras-electric-pentru-barbati-pc-hr-3023\\\/#primaryimage\"},\"thumbnailUrl\":\"https:\\\/\\\/storage.googleapis.com\\\/cz-shopatoa-img\\\/ro\\\/821696b9-unnamed-file.webp\",\"datePublished\":\"2025-04-28T10:30:30+00:00\",\"dateModified\":\"2025-12-09T15:25:50+00:00\",\"breadcrumb\":{\"@id\":\"https:\\\/\\\/shopatoa.com\\\/ro\\\/proficare-aparat-de-ras-electric-pentru-barbati-pc-hr-3023\\\/#breadcrumb\"},\"inLanguage\":\"ro-RO\",\"potentialAction\":[{\"@type\":\"ReadAction\",\"target\":[\"https:\\\/\\\/shopatoa.com\\\/ro\\\/proficare-aparat-de-ras-electric-pentru-barbati-pc-hr-3023\\\/\"]}]},{\"@type\":\"ImageObject\",\"inLanguage\":\"ro-RO\",\"@id\":\"https:\\\/\\\/shopatoa.com\\\/ro\\\/proficare-aparat-de-ras-electric-pentru-barbati-pc-hr-3023\\\/#primaryimage\",\"url\":\"https:\\\/\\\/storage.googleapis.com\\\/cz-shopatoa-img\\\/ro\\\/821696b9-unnamed-file.webp\",\"contentUrl\":\"https:\\\/\\\/storage.googleapis.com\\\/cz-shopatoa-img\\\/ro\\\/821696b9-unnamed-file.webp\",\"width\":800,\"height\":800},{\"@type\":\"BreadcrumbList\",\"@id\":\"https:\\\/\\\/shopatoa.com\\\/ro\\\/proficare-aparat-de-ras-electric-pentru-barbati-pc-hr-3023\\\/#breadcrumb\",\"itemListElement\":[{\"@type\":\"ListItem\",\"position\":1,\"name\":\"Dom\u016f\",\"item\":\"https:\\\/\\\/shopatoa.com\\\/ro\\\/\"},{\"@type\":\"ListItem\",\"position\":2,\"name\":\"Shop\",\"item\":\"https:\\\/\\\/shopatoa.com\\\/ro\\\/shop\\\/\"},{\"@type\":\"ListItem\",\"position\":3,\"name\":\"Cosmetice\",\"item\":\"https:\\\/\\\/shopatoa.com\\\/ro\\\/cosmetice\\\/\"},{\"@type\":\"ListItem\",\"position\":4,\"name\":\"Barber Shop\",\"item\":\"https:\\\/\\\/shopatoa.com\\\/ro\\\/barber-shop\\\/\"},{\"@type\":\"ListItem\",\"position\":5,\"name\":\"Barber Shop \u2013 t\u0103iat\",\"item\":\"https:\\\/\\\/shopatoa.com\\\/ro\\\/barber-shop-taiat\\\/\"},{\"@type\":\"ListItem\",\"position\":6,\"name\":\"ProfiCare Aparat de ras electric pentru b\u0103rba\u021bi PC-HR 3023\"}]},{\"@type\":\"WebSite\",\"@id\":\"https:\\\/\\\/shopatoa.com\\\/ro\\\/#website\",\"url\":\"https:\\\/\\\/shopatoa.com\\\/ro\\\/\",\"name\":\"SHOPATOA\",\"description\":\"\",\"publisher\":{\"@id\":\"https:\\\/\\\/shopatoa.com\\\/ro\\\/#organization\"},\"potentialAction\":[{\"@type\":\"SearchAction\",\"target\":{\"@type\":\"EntryPoint\",\"urlTemplate\":\"https:\\\/\\\/shopatoa.com\\\/ro\\\/?s={search_term_string}\"},\"query-input\":{\"@type\":\"PropertyValueSpecification\",\"valueRequired\":true,\"valueName\":\"search_term_string\"}}],\"inLanguage\":\"ro-RO\"},{\"@type\":\"Organization\",\"@id\":\"https:\\\/\\\/shopatoa.com\\\/ro\\\/#organization\",\"name\":\"SHOPATOA\",\"url\":\"https:\\\/\\\/shopatoa.com\\\/ro\\\/\",\"logo\":{\"@type\":\"ImageObject\",\"inLanguage\":\"ro-RO\",\"@id\":\"https:\\\/\\\/shopatoa.com\\\/ro\\\/#\\\/schema\\\/logo\\\/image\\\/\",\"url\":\"https:\\\/\\\/storage.googleapis.com\\\/cz-shopatoa-img\\\/ro\\\/b4dac915-shopatoa_logo.png\",\"contentUrl\":\"https:\\\/\\\/storage.googleapis.com\\\/cz-shopatoa-img\\\/ro\\\/b4dac915-shopatoa_logo.png\",\"width\":416,\"height\":63,\"caption\":\"SHOPATOA\"},\"image\":{\"@id\":\"https:\\\/\\\/shopatoa.com\\\/ro\\\/#\\\/schema\\\/logo\\\/image\\\/\"}}]}<\/script>\n<!-- \/ Yoast SEO plugin. -->","yoast_head_json":{"title":"ProfiCare Aparat de ras electric pentru b\u0103rba\u021bi PC-HR 3023 - SHOPATOA.COM","robots":{"index":"index","follow":"follow","max-snippet":"max-snippet:-1","max-image-preview":"max-image-preview:large","max-video-preview":"max-video-preview:-1"},"canonical":"https:\/\/shopatoa.com\/ro\/proficare-aparat-de-ras-electric-pentru-barbati-pc-hr-3023\/","og_locale":"ro_RO","og_type":"article","og_title":"ProfiCare Aparat de ras electric pentru b\u0103rba\u021bi PC-HR 3023 - SHOPATOA.COM","og_description":"Aparatul de ras electric ProfiCare pentru b\u0103rba\u021bi se remarc\u0103 prin designul s\u0103u deosebit \u0219i calitatea superioar\u0103. Datorit\u0103 sistemului de t\u0103iere \u00een 3 trepte \u0219i capetele flexibile, dispozitivele asigur\u0103 un b\u0103rbierit rapid \u0219i precis. Pe afisajul LED multifunc\u021bional sunt afi\u0219ate urm\u0103toarele informa\u021bii: Starea bateriei (\u00een minute) Nivelul bateriei (reprezentat grafic) Indicator de \u00eenc\u0103rcare Intervalul de cur\u0103\u021bare...","og_url":"https:\/\/shopatoa.com\/ro\/proficare-aparat-de-ras-electric-pentru-barbati-pc-hr-3023\/","og_site_name":"SHOPATOA","article_modified_time":"2025-12-09T15:25:50+00:00","og_image":[{"width":800,"height":800,"url":"https:\/\/storage.googleapis.com\/cz-shopatoa-img\/ro\/821696b9-unnamed-file.webp","type":"image\/webp"}],"twitter_card":"summary_large_image","twitter_misc":{"Timp estimat pentru citire":"1 minut"},"schema":{"@context":"https:\/\/schema.org","@graph":[{"@type":"WebPage","@id":"https:\/\/shopatoa.com\/ro\/proficare-aparat-de-ras-electric-pentru-barbati-pc-hr-3023\/","url":"https:\/\/shopatoa.com\/ro\/proficare-aparat-de-ras-electric-pentru-barbati-pc-hr-3023\/","name":"ProfiCare Aparat de ras electric pentru b\u0103rba\u021bi PC-HR 3023 - SHOPATOA.COM","isPartOf":{"@id":"https:\/\/shopatoa.com\/ro\/#website"},"primaryImageOfPage":{"@id":"https:\/\/shopatoa.com\/ro\/proficare-aparat-de-ras-electric-pentru-barbati-pc-hr-3023\/#primaryimage"},"image":{"@id":"https:\/\/shopatoa.com\/ro\/proficare-aparat-de-ras-electric-pentru-barbati-pc-hr-3023\/#primaryimage"},"thumbnailUrl":"https:\/\/storage.googleapis.com\/cz-shopatoa-img\/ro\/821696b9-unnamed-file.webp","datePublished":"2025-04-28T10:30:30+00:00","dateModified":"2025-12-09T15:25:50+00:00","breadcrumb":{"@id":"https:\/\/shopatoa.com\/ro\/proficare-aparat-de-ras-electric-pentru-barbati-pc-hr-3023\/#breadcrumb"},"inLanguage":"ro-RO","potentialAction":[{"@type":"ReadAction","target":["https:\/\/shopatoa.com\/ro\/proficare-aparat-de-ras-electric-pentru-barbati-pc-hr-3023\/"]}]},{"@type":"ImageObject","inLanguage":"ro-RO","@id":"https:\/\/shopatoa.com\/ro\/proficare-aparat-de-ras-electric-pentru-barbati-pc-hr-3023\/#primaryimage","url":"https:\/\/storage.googleapis.com\/cz-shopatoa-img\/ro\/821696b9-unnamed-file.webp","contentUrl":"https:\/\/storage.googleapis.com\/cz-shopatoa-img\/ro\/821696b9-unnamed-file.webp","width":800,"height":800},{"@type":"BreadcrumbList","@id":"https:\/\/shopatoa.com\/ro\/proficare-aparat-de-ras-electric-pentru-barbati-pc-hr-3023\/#breadcrumb","itemListElement":[{"@type":"ListItem","position":1,"name":"Dom\u016f","item":"https:\/\/shopatoa.com\/ro\/"},{"@type":"ListItem","position":2,"name":"Shop","item":"https:\/\/shopatoa.com\/ro\/shop\/"},{"@type":"ListItem","position":3,"name":"Cosmetice","item":"https:\/\/shopatoa.com\/ro\/cosmetice\/"},{"@type":"ListItem","position":4,"name":"Barber Shop","item":"https:\/\/shopatoa.com\/ro\/barber-shop\/"},{"@type":"ListItem","position":5,"name":"Barber Shop \u2013 t\u0103iat","item":"https:\/\/shopatoa.com\/ro\/barber-shop-taiat\/"},{"@type":"ListItem","position":6,"name":"ProfiCare Aparat de ras electric pentru b\u0103rba\u021bi PC-HR 3023"}]},{"@type":"WebSite","@id":"https:\/\/shopatoa.com\/ro\/#website","url":"https:\/\/shopatoa.com\/ro\/","name":"SHOPATOA","description":"","publisher":{"@id":"https:\/\/shopatoa.com\/ro\/#organization"},"potentialAction":[{"@type":"SearchAction","target":{"@type":"EntryPoint","urlTemplate":"https:\/\/shopatoa.com\/ro\/?s={search_term_string}"},"query-input":{"@type":"PropertyValueSpecification","valueRequired":true,"valueName":"search_term_string"}}],"inLanguage":"ro-RO"},{"@type":"Organization","@id":"https:\/\/shopatoa.com\/ro\/#organization","name":"SHOPATOA","url":"https:\/\/shopatoa.com\/ro\/","logo":{"@type":"ImageObject","inLanguage":"ro-RO","@id":"https:\/\/shopatoa.com\/ro\/#\/schema\/logo\/image\/","url":"https:\/\/storage.googleapis.com\/cz-shopatoa-img\/ro\/b4dac915-shopatoa_logo.png","contentUrl":"https:\/\/storage.googleapis.com\/cz-shopatoa-img\/ro\/b4dac915-shopatoa_logo.png","width":416,"height":63,"caption":"SHOPATOA"},"image":{"@id":"https:\/\/shopatoa.com\/ro\/#\/schema\/logo\/image\/"}}]}},"_links":{"self":[{"href":"https:\/\/shopatoa.com\/ro\/wp-json\/wp\/v2\/product\/265546","targetHints":{"allow":["GET"]}}],"collection":[{"href":"https:\/\/shopatoa.com\/ro\/wp-json\/wp\/v2\/product"}],"about":[{"href":"https:\/\/shopatoa.com\/ro\/wp-json\/wp\/v2\/types\/product"}],"replies":[{"embeddable":true,"href":"https:\/\/shopatoa.com\/ro\/wp-json\/wp\/v2\/comments?post=265546"}],"wp:featuredmedia":[{"embeddable":true,"href":"https:\/\/shopatoa.com\/ro\/wp-json\/wp\/v2\/media\/265547"}],"wp:attachment":[{"href":"https:\/\/shopatoa.com\/ro\/wp-json\/wp\/v2\/media?parent=265546"}],"wp:term":[{"taxonomy":"product_brand","embeddable":true,"href":"https:\/\/shopatoa.com\/ro\/wp-json\/wp\/v2\/product_brand?post=265546"},{"taxonomy":"product_cat","embeddable":true,"href":"https:\/\/shopatoa.com\/ro\/wp-json\/wp\/v2\/product_cat?post=265546"},{"taxonomy":"product_tag","embeddable":true,"href":"https:\/\/shopatoa.com\/ro\/wp-json\/wp\/v2\/product_tag?post=265546"}],"curies":[{"name":"wp","href":"https:\/\/api.w.org\/{rel}","templated":true}]}}