{"id":265755,"date":"2025-04-28T13:20:50","date_gmt":"2025-04-28T11:20:50","guid":{"rendered":"https:\/\/shopatoa.com\/ro\/philips-cap-de-schimb-pentru-periuta-de-dinti-pentru-copii-sonicare-for-kids-hx6034-33-4-buc\/"},"modified":"2025-12-09T15:03:43","modified_gmt":"2025-12-09T14:03:43","slug":"philips-cap-de-schimb-pentru-periuta-de-dinti-pentru-copii-sonicare-for-kids-hx6034-33-4-buc","status":"publish","type":"product","link":"https:\/\/shopatoa.com\/ro\/philips-cap-de-schimb-pentru-periuta-de-dinti-pentru-copii-sonicare-for-kids-hx6034-33-4-buc\/","title":{"rendered":"Philips Cap de schimb pentru periu\u021ba de din\u021bi pentru copii Sonicare for Kids HX6034\/33 4 buc"},"content":{"rendered":"<p>Capetele de schimb pentru periu\u021ba de din\u021bi sonic\u0103 electric\u0103 pentru copii ofer\u0103 protec\u021bie sporit\u0103 smal\u021bului din\u021bilor \u0219i gingiilor delicate ale copiilor. Nu numai c\u0103 cur\u0103\u021b\u0103 cu aten\u021bie din\u021bii, dar \u0219i suprafa\u021ba sa de cauciuc protejeaz\u0103 smal\u021bul din\u021bilor copiilor. Pachetul include 4 capete de schimb de dimensiuni compacte, care sunt potrivite pentru copiii de la 3 ani.<\/p>\n","protected":false},"excerpt":{"rendered":"<p>Capetele de schimb pentru periu\u021ba de din\u021bi sonic\u0103 electric\u0103 pentru copii ofer\u0103 protec\u021bie sporit\u0103 smal\u021bului din\u021bilor \u0219i gingiilor delicate ale copiilor. Nu numai c\u0103 cur\u0103\u021b\u0103 cu aten\u021bie din\u021bii, dar \u0219i suprafa\u021ba sa de cauciuc protejeaz\u0103 smal\u021bul din\u021bilor copiilor. Pachetul include 4 capete de schimb de dimensiuni compacte, care sunt potrivite pentru copiii de la 3&#8230;<\/p>\n","protected":false},"featured_media":265756,"comment_status":"closed","ping_status":"open","template":"","meta":{"_acf_changed":false,"_kadence_starter_templates_imported_post":false,"_kad_post_transparent":"","_kad_post_title":"","_kad_post_layout":"","_kad_post_sidebar_id":"","_kad_post_content_style":"","_kad_post_vertical_padding":"","_kad_post_feature":"","_kad_post_feature_position":"","_kad_post_header":false,"_kad_post_footer":false,"_kad_post_classname":""},"product_brand":[495],"product_cat":[246,709,761],"product_tag":[],"class_list":{"0":"post-265755","1":"product","2":"type-product","3":"status-publish","4":"has-post-thumbnail","6":"product_brand-philips","7":"product_cat-cosmetice","8":"product_cat-ingrijirea-dentara","9":"product_cat-periute-de-dinti-sonice","11":"first","12":"instock","13":"product-type-external","14":"entry","15":"content-bg","16":"loop-entry"},"acf":[],"yoast_head":"<!-- This site is optimized with the Yoast SEO plugin v27.4 - https:\/\/yoast.com\/product\/yoast-seo-wordpress\/ -->\n<title>Philips Cap de schimb pentru periu\u021ba de din\u021bi pentru copii Sonicare for Kids HX6034\/33 4 buc - SHOPATOA.COM<\/title>\n<meta name=\"robots\" content=\"index, follow, max-snippet:-1, max-image-preview:large, max-video-preview:-1\" \/>\n<link rel=\"canonical\" href=\"https:\/\/shopatoa.com\/ro\/philips-cap-de-schimb-pentru-periuta-de-dinti-pentru-copii-sonicare-for-kids-hx6034-33-4-buc\/\" \/>\n<meta property=\"og:locale\" content=\"ro_RO\" \/>\n<meta property=\"og:type\" content=\"article\" \/>\n<meta property=\"og:title\" content=\"Philips Cap de schimb pentru periu\u021ba de din\u021bi pentru copii Sonicare for Kids HX6034\/33 4 buc - SHOPATOA.COM\" \/>\n<meta property=\"og:description\" content=\"Capetele de schimb pentru periu\u021ba de din\u021bi sonic\u0103 electric\u0103 pentru copii ofer\u0103 protec\u021bie sporit\u0103 smal\u021bului din\u021bilor \u0219i gingiilor delicate ale copiilor. Nu numai c\u0103 cur\u0103\u021b\u0103 cu aten\u021bie din\u021bii, dar \u0219i suprafa\u021ba sa de cauciuc protejeaz\u0103 smal\u021bul din\u021bilor copiilor. Pachetul include 4 capete de schimb de dimensiuni compacte, care sunt potrivite pentru copiii de la 3...\" \/>\n<meta property=\"og:url\" content=\"https:\/\/shopatoa.com\/ro\/philips-cap-de-schimb-pentru-periuta-de-dinti-pentru-copii-sonicare-for-kids-hx6034-33-4-buc\/\" \/>\n<meta property=\"og:site_name\" content=\"SHOPATOA\" \/>\n<meta property=\"article:modified_time\" content=\"2025-12-09T14:03:43+00:00\" \/>\n<meta property=\"og:image\" content=\"https:\/\/storage.googleapis.com\/cz-shopatoa-img\/ro\/e9731fd7-unnamed-file.webp\" \/>\n\t<meta property=\"og:image:width\" content=\"800\" \/>\n\t<meta property=\"og:image:height\" content=\"800\" \/>\n\t<meta property=\"og:image:type\" content=\"image\/webp\" \/>\n<meta name=\"twitter:card\" content=\"summary_large_image\" \/>\n<script type=\"application\/ld+json\" class=\"yoast-schema-graph\">{\"@context\":\"https:\\\/\\\/schema.org\",\"@graph\":[{\"@type\":\"WebPage\",\"@id\":\"https:\\\/\\\/shopatoa.com\\\/ro\\\/philips-cap-de-schimb-pentru-periuta-de-dinti-pentru-copii-sonicare-for-kids-hx6034-33-4-buc\\\/\",\"url\":\"https:\\\/\\\/shopatoa.com\\\/ro\\\/philips-cap-de-schimb-pentru-periuta-de-dinti-pentru-copii-sonicare-for-kids-hx6034-33-4-buc\\\/\",\"name\":\"Philips Cap de schimb pentru periu\u021ba de din\u021bi pentru copii Sonicare for Kids HX6034\\\/33 4 buc - SHOPATOA.COM\",\"isPartOf\":{\"@id\":\"https:\\\/\\\/shopatoa.com\\\/ro\\\/#website\"},\"primaryImageOfPage\":{\"@id\":\"https:\\\/\\\/shopatoa.com\\\/ro\\\/philips-cap-de-schimb-pentru-periuta-de-dinti-pentru-copii-sonicare-for-kids-hx6034-33-4-buc\\\/#primaryimage\"},\"image\":{\"@id\":\"https:\\\/\\\/shopatoa.com\\\/ro\\\/philips-cap-de-schimb-pentru-periuta-de-dinti-pentru-copii-sonicare-for-kids-hx6034-33-4-buc\\\/#primaryimage\"},\"thumbnailUrl\":\"https:\\\/\\\/storage.googleapis.com\\\/cz-shopatoa-img\\\/ro\\\/e9731fd7-unnamed-file.webp\",\"datePublished\":\"2025-04-28T11:20:50+00:00\",\"dateModified\":\"2025-12-09T14:03:43+00:00\",\"breadcrumb\":{\"@id\":\"https:\\\/\\\/shopatoa.com\\\/ro\\\/philips-cap-de-schimb-pentru-periuta-de-dinti-pentru-copii-sonicare-for-kids-hx6034-33-4-buc\\\/#breadcrumb\"},\"inLanguage\":\"ro-RO\",\"potentialAction\":[{\"@type\":\"ReadAction\",\"target\":[\"https:\\\/\\\/shopatoa.com\\\/ro\\\/philips-cap-de-schimb-pentru-periuta-de-dinti-pentru-copii-sonicare-for-kids-hx6034-33-4-buc\\\/\"]}]},{\"@type\":\"ImageObject\",\"inLanguage\":\"ro-RO\",\"@id\":\"https:\\\/\\\/shopatoa.com\\\/ro\\\/philips-cap-de-schimb-pentru-periuta-de-dinti-pentru-copii-sonicare-for-kids-hx6034-33-4-buc\\\/#primaryimage\",\"url\":\"https:\\\/\\\/storage.googleapis.com\\\/cz-shopatoa-img\\\/ro\\\/e9731fd7-unnamed-file.webp\",\"contentUrl\":\"https:\\\/\\\/storage.googleapis.com\\\/cz-shopatoa-img\\\/ro\\\/e9731fd7-unnamed-file.webp\",\"width\":800,\"height\":800},{\"@type\":\"BreadcrumbList\",\"@id\":\"https:\\\/\\\/shopatoa.com\\\/ro\\\/philips-cap-de-schimb-pentru-periuta-de-dinti-pentru-copii-sonicare-for-kids-hx6034-33-4-buc\\\/#breadcrumb\",\"itemListElement\":[{\"@type\":\"ListItem\",\"position\":1,\"name\":\"Dom\u016f\",\"item\":\"https:\\\/\\\/shopatoa.com\\\/ro\\\/\"},{\"@type\":\"ListItem\",\"position\":2,\"name\":\"Shop\",\"item\":\"https:\\\/\\\/shopatoa.com\\\/ro\\\/shop\\\/\"},{\"@type\":\"ListItem\",\"position\":3,\"name\":\"Cosmetice\",\"item\":\"https:\\\/\\\/shopatoa.com\\\/ro\\\/cosmetice\\\/\"},{\"@type\":\"ListItem\",\"position\":4,\"name\":\"\u00cengrijirea dentar\u0103\",\"item\":\"https:\\\/\\\/shopatoa.com\\\/ro\\\/ingrijirea-dentara\\\/\"},{\"@type\":\"ListItem\",\"position\":5,\"name\":\"Periu\u021be de din\u021bi sonice\",\"item\":\"https:\\\/\\\/shopatoa.com\\\/ro\\\/periute-de-dinti-sonice\\\/\"},{\"@type\":\"ListItem\",\"position\":6,\"name\":\"Philips Cap de schimb pentru periu\u021ba de din\u021bi pentru copii Sonicare for Kids HX6034\\\/33 4 buc\"}]},{\"@type\":\"WebSite\",\"@id\":\"https:\\\/\\\/shopatoa.com\\\/ro\\\/#website\",\"url\":\"https:\\\/\\\/shopatoa.com\\\/ro\\\/\",\"name\":\"SHOPATOA\",\"description\":\"\",\"publisher\":{\"@id\":\"https:\\\/\\\/shopatoa.com\\\/ro\\\/#organization\"},\"potentialAction\":[{\"@type\":\"SearchAction\",\"target\":{\"@type\":\"EntryPoint\",\"urlTemplate\":\"https:\\\/\\\/shopatoa.com\\\/ro\\\/?s={search_term_string}\"},\"query-input\":{\"@type\":\"PropertyValueSpecification\",\"valueRequired\":true,\"valueName\":\"search_term_string\"}}],\"inLanguage\":\"ro-RO\"},{\"@type\":\"Organization\",\"@id\":\"https:\\\/\\\/shopatoa.com\\\/ro\\\/#organization\",\"name\":\"SHOPATOA\",\"url\":\"https:\\\/\\\/shopatoa.com\\\/ro\\\/\",\"logo\":{\"@type\":\"ImageObject\",\"inLanguage\":\"ro-RO\",\"@id\":\"https:\\\/\\\/shopatoa.com\\\/ro\\\/#\\\/schema\\\/logo\\\/image\\\/\",\"url\":\"https:\\\/\\\/storage.googleapis.com\\\/cz-shopatoa-img\\\/ro\\\/b4dac915-shopatoa_logo.png\",\"contentUrl\":\"https:\\\/\\\/storage.googleapis.com\\\/cz-shopatoa-img\\\/ro\\\/b4dac915-shopatoa_logo.png\",\"width\":416,\"height\":63,\"caption\":\"SHOPATOA\"},\"image\":{\"@id\":\"https:\\\/\\\/shopatoa.com\\\/ro\\\/#\\\/schema\\\/logo\\\/image\\\/\"}}]}<\/script>\n<!-- \/ Yoast SEO plugin. -->","yoast_head_json":{"title":"Philips Cap de schimb pentru periu\u021ba de din\u021bi pentru copii Sonicare for Kids HX6034\/33 4 buc - SHOPATOA.COM","robots":{"index":"index","follow":"follow","max-snippet":"max-snippet:-1","max-image-preview":"max-image-preview:large","max-video-preview":"max-video-preview:-1"},"canonical":"https:\/\/shopatoa.com\/ro\/philips-cap-de-schimb-pentru-periuta-de-dinti-pentru-copii-sonicare-for-kids-hx6034-33-4-buc\/","og_locale":"ro_RO","og_type":"article","og_title":"Philips Cap de schimb pentru periu\u021ba de din\u021bi pentru copii Sonicare for Kids HX6034\/33 4 buc - SHOPATOA.COM","og_description":"Capetele de schimb pentru periu\u021ba de din\u021bi sonic\u0103 electric\u0103 pentru copii ofer\u0103 protec\u021bie sporit\u0103 smal\u021bului din\u021bilor \u0219i gingiilor delicate ale copiilor. Nu numai c\u0103 cur\u0103\u021b\u0103 cu aten\u021bie din\u021bii, dar \u0219i suprafa\u021ba sa de cauciuc protejeaz\u0103 smal\u021bul din\u021bilor copiilor. Pachetul include 4 capete de schimb de dimensiuni compacte, care sunt potrivite pentru copiii de la 3...","og_url":"https:\/\/shopatoa.com\/ro\/philips-cap-de-schimb-pentru-periuta-de-dinti-pentru-copii-sonicare-for-kids-hx6034-33-4-buc\/","og_site_name":"SHOPATOA","article_modified_time":"2025-12-09T14:03:43+00:00","og_image":[{"width":800,"height":800,"url":"https:\/\/storage.googleapis.com\/cz-shopatoa-img\/ro\/e9731fd7-unnamed-file.webp","type":"image\/webp"}],"twitter_card":"summary_large_image","schema":{"@context":"https:\/\/schema.org","@graph":[{"@type":"WebPage","@id":"https:\/\/shopatoa.com\/ro\/philips-cap-de-schimb-pentru-periuta-de-dinti-pentru-copii-sonicare-for-kids-hx6034-33-4-buc\/","url":"https:\/\/shopatoa.com\/ro\/philips-cap-de-schimb-pentru-periuta-de-dinti-pentru-copii-sonicare-for-kids-hx6034-33-4-buc\/","name":"Philips Cap de schimb pentru periu\u021ba de din\u021bi pentru copii Sonicare for Kids HX6034\/33 4 buc - SHOPATOA.COM","isPartOf":{"@id":"https:\/\/shopatoa.com\/ro\/#website"},"primaryImageOfPage":{"@id":"https:\/\/shopatoa.com\/ro\/philips-cap-de-schimb-pentru-periuta-de-dinti-pentru-copii-sonicare-for-kids-hx6034-33-4-buc\/#primaryimage"},"image":{"@id":"https:\/\/shopatoa.com\/ro\/philips-cap-de-schimb-pentru-periuta-de-dinti-pentru-copii-sonicare-for-kids-hx6034-33-4-buc\/#primaryimage"},"thumbnailUrl":"https:\/\/storage.googleapis.com\/cz-shopatoa-img\/ro\/e9731fd7-unnamed-file.webp","datePublished":"2025-04-28T11:20:50+00:00","dateModified":"2025-12-09T14:03:43+00:00","breadcrumb":{"@id":"https:\/\/shopatoa.com\/ro\/philips-cap-de-schimb-pentru-periuta-de-dinti-pentru-copii-sonicare-for-kids-hx6034-33-4-buc\/#breadcrumb"},"inLanguage":"ro-RO","potentialAction":[{"@type":"ReadAction","target":["https:\/\/shopatoa.com\/ro\/philips-cap-de-schimb-pentru-periuta-de-dinti-pentru-copii-sonicare-for-kids-hx6034-33-4-buc\/"]}]},{"@type":"ImageObject","inLanguage":"ro-RO","@id":"https:\/\/shopatoa.com\/ro\/philips-cap-de-schimb-pentru-periuta-de-dinti-pentru-copii-sonicare-for-kids-hx6034-33-4-buc\/#primaryimage","url":"https:\/\/storage.googleapis.com\/cz-shopatoa-img\/ro\/e9731fd7-unnamed-file.webp","contentUrl":"https:\/\/storage.googleapis.com\/cz-shopatoa-img\/ro\/e9731fd7-unnamed-file.webp","width":800,"height":800},{"@type":"BreadcrumbList","@id":"https:\/\/shopatoa.com\/ro\/philips-cap-de-schimb-pentru-periuta-de-dinti-pentru-copii-sonicare-for-kids-hx6034-33-4-buc\/#breadcrumb","itemListElement":[{"@type":"ListItem","position":1,"name":"Dom\u016f","item":"https:\/\/shopatoa.com\/ro\/"},{"@type":"ListItem","position":2,"name":"Shop","item":"https:\/\/shopatoa.com\/ro\/shop\/"},{"@type":"ListItem","position":3,"name":"Cosmetice","item":"https:\/\/shopatoa.com\/ro\/cosmetice\/"},{"@type":"ListItem","position":4,"name":"\u00cengrijirea dentar\u0103","item":"https:\/\/shopatoa.com\/ro\/ingrijirea-dentara\/"},{"@type":"ListItem","position":5,"name":"Periu\u021be de din\u021bi sonice","item":"https:\/\/shopatoa.com\/ro\/periute-de-dinti-sonice\/"},{"@type":"ListItem","position":6,"name":"Philips Cap de schimb pentru periu\u021ba de din\u021bi pentru copii Sonicare for Kids HX6034\/33 4 buc"}]},{"@type":"WebSite","@id":"https:\/\/shopatoa.com\/ro\/#website","url":"https:\/\/shopatoa.com\/ro\/","name":"SHOPATOA","description":"","publisher":{"@id":"https:\/\/shopatoa.com\/ro\/#organization"},"potentialAction":[{"@type":"SearchAction","target":{"@type":"EntryPoint","urlTemplate":"https:\/\/shopatoa.com\/ro\/?s={search_term_string}"},"query-input":{"@type":"PropertyValueSpecification","valueRequired":true,"valueName":"search_term_string"}}],"inLanguage":"ro-RO"},{"@type":"Organization","@id":"https:\/\/shopatoa.com\/ro\/#organization","name":"SHOPATOA","url":"https:\/\/shopatoa.com\/ro\/","logo":{"@type":"ImageObject","inLanguage":"ro-RO","@id":"https:\/\/shopatoa.com\/ro\/#\/schema\/logo\/image\/","url":"https:\/\/storage.googleapis.com\/cz-shopatoa-img\/ro\/b4dac915-shopatoa_logo.png","contentUrl":"https:\/\/storage.googleapis.com\/cz-shopatoa-img\/ro\/b4dac915-shopatoa_logo.png","width":416,"height":63,"caption":"SHOPATOA"},"image":{"@id":"https:\/\/shopatoa.com\/ro\/#\/schema\/logo\/image\/"}}]}},"_links":{"self":[{"href":"https:\/\/shopatoa.com\/ro\/wp-json\/wp\/v2\/product\/265755","targetHints":{"allow":["GET"]}}],"collection":[{"href":"https:\/\/shopatoa.com\/ro\/wp-json\/wp\/v2\/product"}],"about":[{"href":"https:\/\/shopatoa.com\/ro\/wp-json\/wp\/v2\/types\/product"}],"replies":[{"embeddable":true,"href":"https:\/\/shopatoa.com\/ro\/wp-json\/wp\/v2\/comments?post=265755"}],"wp:featuredmedia":[{"embeddable":true,"href":"https:\/\/shopatoa.com\/ro\/wp-json\/wp\/v2\/media\/265756"}],"wp:attachment":[{"href":"https:\/\/shopatoa.com\/ro\/wp-json\/wp\/v2\/media?parent=265755"}],"wp:term":[{"taxonomy":"product_brand","embeddable":true,"href":"https:\/\/shopatoa.com\/ro\/wp-json\/wp\/v2\/product_brand?post=265755"},{"taxonomy":"product_cat","embeddable":true,"href":"https:\/\/shopatoa.com\/ro\/wp-json\/wp\/v2\/product_cat?post=265755"},{"taxonomy":"product_tag","embeddable":true,"href":"https:\/\/shopatoa.com\/ro\/wp-json\/wp\/v2\/product_tag?post=265755"}],"curies":[{"name":"wp","href":"https:\/\/api.w.org\/{rel}","templated":true}]}}