{"id":265891,"date":"2025-04-28T13:50:49","date_gmt":"2025-04-28T11:50:49","guid":{"rendered":"https:\/\/shopatoa.com\/ro\/avene-fluid-de-protectie-usor-pentru-piele-spf-50-fluid-50-ml\/"},"modified":"2025-12-09T13:56:24","modified_gmt":"2025-12-09T12:56:24","slug":"avene-fluid-de-protectie-usor-pentru-piele-spf-50-fluid-50-ml","status":"publish","type":"product","link":"https:\/\/shopatoa.com\/ro\/avene-fluid-de-protectie-usor-pentru-piele-spf-50-fluid-50-ml\/","title":{"rendered":"Av\u00e8ne Fluid de protec\u021bie u\u0219or pentru piele SPF 50+ (Fluid) 50 ml"},"content":{"rendered":"<p>Fluidul de protec\u021bie SPF 50+ u\u0219or texturat v\u0103 protejeaz\u0103 pielea nu numai de UVB \u0219i UVA, ci \u0219i de lumina albastr\u0103 care provoac\u0103 deteriorarea celulelor, \u00eemb\u0103tr\u00e2nirea pielii \u0219i hiperpigmentare. Se absoarbe rapid, este rezistent la apa si nu las\u0103 urme pe piele. Sistemul de filtrare extrem de sigur respect\u0103 ecosistemul oceanic. Noul ambalaj ecologic con\u021bine mai pu\u021bin plastic, este reciclabil \u0219i con\u021bine 64% plastic reciclat (excluz\u00e2nd capacul).<\/p>\n","protected":false},"excerpt":{"rendered":"<p>Fluidul de protec\u021bie SPF 50+ u\u0219or texturat v\u0103 protejeaz\u0103 pielea nu numai de UVB \u0219i UVA, ci \u0219i de lumina albastr\u0103 care provoac\u0103 deteriorarea celulelor, \u00eemb\u0103tr\u00e2nirea pielii \u0219i hiperpigmentare. Se absoarbe rapid, este rezistent la apa si nu las\u0103 urme pe piele. Sistemul de filtrare extrem de sigur respect\u0103 ecosistemul oceanic. Noul ambalaj ecologic con\u021bine&#8230;<\/p>\n","protected":false},"featured_media":265892,"comment_status":"closed","ping_status":"open","template":"","meta":{"_acf_changed":false,"_kadence_starter_templates_imported_post":false,"_kad_post_transparent":"","_kad_post_title":"","_kad_post_layout":"","_kad_post_sidebar_id":"","_kad_post_content_style":"","_kad_post_vertical_padding":"","_kad_post_feature":"","_kad_post_feature_position":"","_kad_post_header":false,"_kad_post_footer":false,"_kad_post_classname":""},"product_brand":[296],"product_cat":[246,642,643],"product_tag":[],"class_list":{"0":"post-265891","1":"product","2":"type-product","3":"status-publish","4":"has-post-thumbnail","6":"product_brand-avene","7":"product_cat-cosmetice","8":"product_cat-cosmetice-de-protectie-solara","9":"product_cat-produse-pentru-bronzare","11":"first","12":"instock","13":"sale","14":"product-type-external","15":"entry","16":"content-bg","17":"loop-entry"},"acf":[],"yoast_head":"<!-- This site is optimized with the Yoast SEO plugin v27.3 - https:\/\/yoast.com\/product\/yoast-seo-wordpress\/ -->\n<title>Av\u00e8ne Fluid de protec\u021bie u\u0219or pentru piele SPF 50+ (Fluid) 50 ml - SHOPATOA.COM<\/title>\n<meta name=\"robots\" content=\"index, follow, max-snippet:-1, max-image-preview:large, max-video-preview:-1\" \/>\n<link rel=\"canonical\" href=\"https:\/\/shopatoa.com\/ro\/avene-fluid-de-protectie-usor-pentru-piele-spf-50-fluid-50-ml\/\" \/>\n<meta property=\"og:locale\" content=\"ro_RO\" \/>\n<meta property=\"og:type\" content=\"article\" \/>\n<meta property=\"og:title\" content=\"Av\u00e8ne Fluid de protec\u021bie u\u0219or pentru piele SPF 50+ (Fluid) 50 ml - SHOPATOA.COM\" \/>\n<meta property=\"og:description\" content=\"Fluidul de protec\u021bie SPF 50+ u\u0219or texturat v\u0103 protejeaz\u0103 pielea nu numai de UVB \u0219i UVA, ci \u0219i de lumina albastr\u0103 care provoac\u0103 deteriorarea celulelor, \u00eemb\u0103tr\u00e2nirea pielii \u0219i hiperpigmentare. Se absoarbe rapid, este rezistent la apa si nu las\u0103 urme pe piele. Sistemul de filtrare extrem de sigur respect\u0103 ecosistemul oceanic. Noul ambalaj ecologic con\u021bine...\" \/>\n<meta property=\"og:url\" content=\"https:\/\/shopatoa.com\/ro\/avene-fluid-de-protectie-usor-pentru-piele-spf-50-fluid-50-ml\/\" \/>\n<meta property=\"og:site_name\" content=\"SHOPATOA\" \/>\n<meta property=\"article:modified_time\" content=\"2025-12-09T12:56:24+00:00\" \/>\n<meta property=\"og:image\" content=\"https:\/\/storage.googleapis.com\/cz-shopatoa-img\/ro\/a8b80490-unnamed-file.webp\" \/>\n\t<meta property=\"og:image:width\" content=\"800\" \/>\n\t<meta property=\"og:image:height\" content=\"800\" \/>\n\t<meta property=\"og:image:type\" content=\"image\/webp\" \/>\n<meta name=\"twitter:card\" content=\"summary_large_image\" \/>\n<script type=\"application\/ld+json\" class=\"yoast-schema-graph\">{\"@context\":\"https:\\\/\\\/schema.org\",\"@graph\":[{\"@type\":\"WebPage\",\"@id\":\"https:\\\/\\\/shopatoa.com\\\/ro\\\/avene-fluid-de-protectie-usor-pentru-piele-spf-50-fluid-50-ml\\\/\",\"url\":\"https:\\\/\\\/shopatoa.com\\\/ro\\\/avene-fluid-de-protectie-usor-pentru-piele-spf-50-fluid-50-ml\\\/\",\"name\":\"Av\u00e8ne Fluid de protec\u021bie u\u0219or pentru piele SPF 50+ (Fluid) 50 ml - SHOPATOA.COM\",\"isPartOf\":{\"@id\":\"https:\\\/\\\/shopatoa.com\\\/ro\\\/#website\"},\"primaryImageOfPage\":{\"@id\":\"https:\\\/\\\/shopatoa.com\\\/ro\\\/avene-fluid-de-protectie-usor-pentru-piele-spf-50-fluid-50-ml\\\/#primaryimage\"},\"image\":{\"@id\":\"https:\\\/\\\/shopatoa.com\\\/ro\\\/avene-fluid-de-protectie-usor-pentru-piele-spf-50-fluid-50-ml\\\/#primaryimage\"},\"thumbnailUrl\":\"https:\\\/\\\/storage.googleapis.com\\\/cz-shopatoa-img\\\/ro\\\/a8b80490-unnamed-file.webp\",\"datePublished\":\"2025-04-28T11:50:49+00:00\",\"dateModified\":\"2025-12-09T12:56:24+00:00\",\"breadcrumb\":{\"@id\":\"https:\\\/\\\/shopatoa.com\\\/ro\\\/avene-fluid-de-protectie-usor-pentru-piele-spf-50-fluid-50-ml\\\/#breadcrumb\"},\"inLanguage\":\"ro-RO\",\"potentialAction\":[{\"@type\":\"ReadAction\",\"target\":[\"https:\\\/\\\/shopatoa.com\\\/ro\\\/avene-fluid-de-protectie-usor-pentru-piele-spf-50-fluid-50-ml\\\/\"]}]},{\"@type\":\"ImageObject\",\"inLanguage\":\"ro-RO\",\"@id\":\"https:\\\/\\\/shopatoa.com\\\/ro\\\/avene-fluid-de-protectie-usor-pentru-piele-spf-50-fluid-50-ml\\\/#primaryimage\",\"url\":\"https:\\\/\\\/storage.googleapis.com\\\/cz-shopatoa-img\\\/ro\\\/a8b80490-unnamed-file.webp\",\"contentUrl\":\"https:\\\/\\\/storage.googleapis.com\\\/cz-shopatoa-img\\\/ro\\\/a8b80490-unnamed-file.webp\",\"width\":800,\"height\":800},{\"@type\":\"BreadcrumbList\",\"@id\":\"https:\\\/\\\/shopatoa.com\\\/ro\\\/avene-fluid-de-protectie-usor-pentru-piele-spf-50-fluid-50-ml\\\/#breadcrumb\",\"itemListElement\":[{\"@type\":\"ListItem\",\"position\":1,\"name\":\"Dom\u016f\",\"item\":\"https:\\\/\\\/shopatoa.com\\\/ro\\\/\"},{\"@type\":\"ListItem\",\"position\":2,\"name\":\"Shop\",\"item\":\"https:\\\/\\\/shopatoa.com\\\/ro\\\/shop\\\/\"},{\"@type\":\"ListItem\",\"position\":3,\"name\":\"Cosmetice\",\"item\":\"https:\\\/\\\/shopatoa.com\\\/ro\\\/cosmetice\\\/\"},{\"@type\":\"ListItem\",\"position\":4,\"name\":\"Cosmetice de protec\u021bie solar\u0103\",\"item\":\"https:\\\/\\\/shopatoa.com\\\/ro\\\/cosmetice-de-protectie-solara\\\/\"},{\"@type\":\"ListItem\",\"position\":5,\"name\":\"Produse pentru bronzare\",\"item\":\"https:\\\/\\\/shopatoa.com\\\/ro\\\/produse-pentru-bronzare\\\/\"},{\"@type\":\"ListItem\",\"position\":6,\"name\":\"Av\u00e8ne Fluid de protec\u021bie u\u0219or pentru piele SPF 50+ (Fluid) 50 ml\"}]},{\"@type\":\"WebSite\",\"@id\":\"https:\\\/\\\/shopatoa.com\\\/ro\\\/#website\",\"url\":\"https:\\\/\\\/shopatoa.com\\\/ro\\\/\",\"name\":\"SHOPATOA\",\"description\":\"\",\"publisher\":{\"@id\":\"https:\\\/\\\/shopatoa.com\\\/ro\\\/#organization\"},\"potentialAction\":[{\"@type\":\"SearchAction\",\"target\":{\"@type\":\"EntryPoint\",\"urlTemplate\":\"https:\\\/\\\/shopatoa.com\\\/ro\\\/?s={search_term_string}\"},\"query-input\":{\"@type\":\"PropertyValueSpecification\",\"valueRequired\":true,\"valueName\":\"search_term_string\"}}],\"inLanguage\":\"ro-RO\"},{\"@type\":\"Organization\",\"@id\":\"https:\\\/\\\/shopatoa.com\\\/ro\\\/#organization\",\"name\":\"SHOPATOA\",\"url\":\"https:\\\/\\\/shopatoa.com\\\/ro\\\/\",\"logo\":{\"@type\":\"ImageObject\",\"inLanguage\":\"ro-RO\",\"@id\":\"https:\\\/\\\/shopatoa.com\\\/ro\\\/#\\\/schema\\\/logo\\\/image\\\/\",\"url\":\"https:\\\/\\\/storage.googleapis.com\\\/cz-shopatoa-img\\\/ro\\\/b4dac915-shopatoa_logo.png\",\"contentUrl\":\"https:\\\/\\\/storage.googleapis.com\\\/cz-shopatoa-img\\\/ro\\\/b4dac915-shopatoa_logo.png\",\"width\":416,\"height\":63,\"caption\":\"SHOPATOA\"},\"image\":{\"@id\":\"https:\\\/\\\/shopatoa.com\\\/ro\\\/#\\\/schema\\\/logo\\\/image\\\/\"}}]}<\/script>\n<!-- \/ Yoast SEO plugin. -->","yoast_head_json":{"title":"Av\u00e8ne Fluid de protec\u021bie u\u0219or pentru piele SPF 50+ (Fluid) 50 ml - SHOPATOA.COM","robots":{"index":"index","follow":"follow","max-snippet":"max-snippet:-1","max-image-preview":"max-image-preview:large","max-video-preview":"max-video-preview:-1"},"canonical":"https:\/\/shopatoa.com\/ro\/avene-fluid-de-protectie-usor-pentru-piele-spf-50-fluid-50-ml\/","og_locale":"ro_RO","og_type":"article","og_title":"Av\u00e8ne Fluid de protec\u021bie u\u0219or pentru piele SPF 50+ (Fluid) 50 ml - SHOPATOA.COM","og_description":"Fluidul de protec\u021bie SPF 50+ u\u0219or texturat v\u0103 protejeaz\u0103 pielea nu numai de UVB \u0219i UVA, ci \u0219i de lumina albastr\u0103 care provoac\u0103 deteriorarea celulelor, \u00eemb\u0103tr\u00e2nirea pielii \u0219i hiperpigmentare. Se absoarbe rapid, este rezistent la apa si nu las\u0103 urme pe piele. Sistemul de filtrare extrem de sigur respect\u0103 ecosistemul oceanic. Noul ambalaj ecologic con\u021bine...","og_url":"https:\/\/shopatoa.com\/ro\/avene-fluid-de-protectie-usor-pentru-piele-spf-50-fluid-50-ml\/","og_site_name":"SHOPATOA","article_modified_time":"2025-12-09T12:56:24+00:00","og_image":[{"width":800,"height":800,"url":"https:\/\/storage.googleapis.com\/cz-shopatoa-img\/ro\/a8b80490-unnamed-file.webp","type":"image\/webp"}],"twitter_card":"summary_large_image","schema":{"@context":"https:\/\/schema.org","@graph":[{"@type":"WebPage","@id":"https:\/\/shopatoa.com\/ro\/avene-fluid-de-protectie-usor-pentru-piele-spf-50-fluid-50-ml\/","url":"https:\/\/shopatoa.com\/ro\/avene-fluid-de-protectie-usor-pentru-piele-spf-50-fluid-50-ml\/","name":"Av\u00e8ne Fluid de protec\u021bie u\u0219or pentru piele SPF 50+ (Fluid) 50 ml - SHOPATOA.COM","isPartOf":{"@id":"https:\/\/shopatoa.com\/ro\/#website"},"primaryImageOfPage":{"@id":"https:\/\/shopatoa.com\/ro\/avene-fluid-de-protectie-usor-pentru-piele-spf-50-fluid-50-ml\/#primaryimage"},"image":{"@id":"https:\/\/shopatoa.com\/ro\/avene-fluid-de-protectie-usor-pentru-piele-spf-50-fluid-50-ml\/#primaryimage"},"thumbnailUrl":"https:\/\/storage.googleapis.com\/cz-shopatoa-img\/ro\/a8b80490-unnamed-file.webp","datePublished":"2025-04-28T11:50:49+00:00","dateModified":"2025-12-09T12:56:24+00:00","breadcrumb":{"@id":"https:\/\/shopatoa.com\/ro\/avene-fluid-de-protectie-usor-pentru-piele-spf-50-fluid-50-ml\/#breadcrumb"},"inLanguage":"ro-RO","potentialAction":[{"@type":"ReadAction","target":["https:\/\/shopatoa.com\/ro\/avene-fluid-de-protectie-usor-pentru-piele-spf-50-fluid-50-ml\/"]}]},{"@type":"ImageObject","inLanguage":"ro-RO","@id":"https:\/\/shopatoa.com\/ro\/avene-fluid-de-protectie-usor-pentru-piele-spf-50-fluid-50-ml\/#primaryimage","url":"https:\/\/storage.googleapis.com\/cz-shopatoa-img\/ro\/a8b80490-unnamed-file.webp","contentUrl":"https:\/\/storage.googleapis.com\/cz-shopatoa-img\/ro\/a8b80490-unnamed-file.webp","width":800,"height":800},{"@type":"BreadcrumbList","@id":"https:\/\/shopatoa.com\/ro\/avene-fluid-de-protectie-usor-pentru-piele-spf-50-fluid-50-ml\/#breadcrumb","itemListElement":[{"@type":"ListItem","position":1,"name":"Dom\u016f","item":"https:\/\/shopatoa.com\/ro\/"},{"@type":"ListItem","position":2,"name":"Shop","item":"https:\/\/shopatoa.com\/ro\/shop\/"},{"@type":"ListItem","position":3,"name":"Cosmetice","item":"https:\/\/shopatoa.com\/ro\/cosmetice\/"},{"@type":"ListItem","position":4,"name":"Cosmetice de protec\u021bie solar\u0103","item":"https:\/\/shopatoa.com\/ro\/cosmetice-de-protectie-solara\/"},{"@type":"ListItem","position":5,"name":"Produse pentru bronzare","item":"https:\/\/shopatoa.com\/ro\/produse-pentru-bronzare\/"},{"@type":"ListItem","position":6,"name":"Av\u00e8ne Fluid de protec\u021bie u\u0219or pentru piele SPF 50+ (Fluid) 50 ml"}]},{"@type":"WebSite","@id":"https:\/\/shopatoa.com\/ro\/#website","url":"https:\/\/shopatoa.com\/ro\/","name":"SHOPATOA","description":"","publisher":{"@id":"https:\/\/shopatoa.com\/ro\/#organization"},"potentialAction":[{"@type":"SearchAction","target":{"@type":"EntryPoint","urlTemplate":"https:\/\/shopatoa.com\/ro\/?s={search_term_string}"},"query-input":{"@type":"PropertyValueSpecification","valueRequired":true,"valueName":"search_term_string"}}],"inLanguage":"ro-RO"},{"@type":"Organization","@id":"https:\/\/shopatoa.com\/ro\/#organization","name":"SHOPATOA","url":"https:\/\/shopatoa.com\/ro\/","logo":{"@type":"ImageObject","inLanguage":"ro-RO","@id":"https:\/\/shopatoa.com\/ro\/#\/schema\/logo\/image\/","url":"https:\/\/storage.googleapis.com\/cz-shopatoa-img\/ro\/b4dac915-shopatoa_logo.png","contentUrl":"https:\/\/storage.googleapis.com\/cz-shopatoa-img\/ro\/b4dac915-shopatoa_logo.png","width":416,"height":63,"caption":"SHOPATOA"},"image":{"@id":"https:\/\/shopatoa.com\/ro\/#\/schema\/logo\/image\/"}}]}},"_links":{"self":[{"href":"https:\/\/shopatoa.com\/ro\/wp-json\/wp\/v2\/product\/265891","targetHints":{"allow":["GET"]}}],"collection":[{"href":"https:\/\/shopatoa.com\/ro\/wp-json\/wp\/v2\/product"}],"about":[{"href":"https:\/\/shopatoa.com\/ro\/wp-json\/wp\/v2\/types\/product"}],"replies":[{"embeddable":true,"href":"https:\/\/shopatoa.com\/ro\/wp-json\/wp\/v2\/comments?post=265891"}],"wp:featuredmedia":[{"embeddable":true,"href":"https:\/\/shopatoa.com\/ro\/wp-json\/wp\/v2\/media\/265892"}],"wp:attachment":[{"href":"https:\/\/shopatoa.com\/ro\/wp-json\/wp\/v2\/media?parent=265891"}],"wp:term":[{"taxonomy":"product_brand","embeddable":true,"href":"https:\/\/shopatoa.com\/ro\/wp-json\/wp\/v2\/product_brand?post=265891"},{"taxonomy":"product_cat","embeddable":true,"href":"https:\/\/shopatoa.com\/ro\/wp-json\/wp\/v2\/product_cat?post=265891"},{"taxonomy":"product_tag","embeddable":true,"href":"https:\/\/shopatoa.com\/ro\/wp-json\/wp\/v2\/product_tag?post=265891"}],"curies":[{"name":"wp","href":"https:\/\/api.w.org\/{rel}","templated":true}]}}