{"id":266185,"date":"2025-04-28T14:51:52","date_gmt":"2025-04-28T12:51:52","guid":{"rendered":"https:\/\/shopatoa.com\/ro\/annemarie-borlind-spray-racoritor-pentru-protectie-solara-spf-30-sun-sport-cooling-sun-spray-100-ml\/"},"modified":"2025-12-09T12:34:28","modified_gmt":"2025-12-09T11:34:28","slug":"annemarie-borlind-spray-racoritor-pentru-protectie-solara-spf-30-sun-sport-cooling-sun-spray-100-ml","status":"publish","type":"product","link":"https:\/\/shopatoa.com\/ro\/annemarie-borlind-spray-racoritor-pentru-protectie-solara-spf-30-sun-sport-cooling-sun-spray-100-ml\/","title":{"rendered":"ANNEMARIE BORLIND Spray r\u0103coritor pentru protec\u021bie solar\u0103 SPF 30 Sun Sport (Cooling Sun Spray) 100 ml"},"content":{"rendered":"<p>Spray-ul r\u0103coritor rezistent la ap\u0103 cu factor de protec\u021bie SPF 30 ofer\u0103 protec\u021bie ridicat\u0103 \u00eempotriva soarelui \u0219i, \u00een acela\u0219i timp, \u00eengrijire suplimentar\u0103 pe baz\u0103 natural\u0103 \u00eentr-un singur produs cosmetic. Protec\u021bia sa fiabil\u0103 \u0219i sigur\u0103 cu factor de protec\u021bie SPF 30 \u00eempotriva razelor solare UVA \u0219i UVB d\u0103un\u0103toare \u00eendepline\u0219te cele mai recente standarde ale Comisiei Europene \u00eempotriva radia\u021biilor UVA \u0219i UVB. Combina\u021bia de filtre UV organice \u0219i un extract combinat unic de alge ofer\u0103 protec\u021bie solar\u0103 optim\u0103 pentru \u00eentreaga familie. Potrivit pentru toate tipurile de piele. Spray-ul r\u0103ce\u0219te u\u0219or, \u00eemprosp\u0103teaz\u0103, se absoarbe imediat \u0219i nu las\u0103 o pelicul\u0103 uleioas\u0103 pe piele. Con\u021bine un complex natural de hidratare cu pantenol, care hidrateaz\u0103 intens pielea.<\/p>\n","protected":false},"excerpt":{"rendered":"<p>Spray-ul r\u0103coritor rezistent la ap\u0103 cu factor de protec\u021bie SPF 30 ofer\u0103 protec\u021bie ridicat\u0103 \u00eempotriva soarelui \u0219i, \u00een acela\u0219i timp, \u00eengrijire suplimentar\u0103 pe baz\u0103 natural\u0103 \u00eentr-un singur produs cosmetic. Protec\u021bia sa fiabil\u0103 \u0219i sigur\u0103 cu factor de protec\u021bie SPF 30 \u00eempotriva razelor solare UVA \u0219i UVB d\u0103un\u0103toare \u00eendepline\u0219te cele mai recente standarde ale Comisiei Europene&#8230;<\/p>\n","protected":false},"featured_media":266186,"comment_status":"closed","ping_status":"open","template":"","meta":{"_acf_changed":false,"_kadence_starter_templates_imported_post":false,"_kad_post_transparent":"","_kad_post_title":"","_kad_post_layout":"","_kad_post_sidebar_id":"","_kad_post_content_style":"","_kad_post_vertical_padding":"","_kad_post_feature":"","_kad_post_feature_position":"","_kad_post_header":false,"_kad_post_footer":false,"_kad_post_classname":""},"product_brand":[112],"product_cat":[246,642,643],"product_tag":[],"class_list":{"0":"post-266185","1":"product","2":"type-product","3":"status-publish","4":"has-post-thumbnail","6":"product_brand-annemarie-borlind","7":"product_cat-cosmetice","8":"product_cat-cosmetice-de-protectie-solara","9":"product_cat-produse-pentru-bronzare","11":"first","12":"instock","13":"product-type-external","14":"entry","15":"content-bg","16":"loop-entry"},"acf":[],"yoast_head":"<!-- This site is optimized with the Yoast SEO plugin v27.3 - https:\/\/yoast.com\/product\/yoast-seo-wordpress\/ -->\n<title>ANNEMARIE BORLIND Spray r\u0103coritor pentru protec\u021bie solar\u0103 SPF 30 Sun Sport (Cooling Sun Spray) 100 ml - SHOPATOA.COM<\/title>\n<meta name=\"robots\" content=\"index, follow, max-snippet:-1, max-image-preview:large, max-video-preview:-1\" \/>\n<link rel=\"canonical\" href=\"https:\/\/shopatoa.com\/ro\/annemarie-borlind-spray-racoritor-pentru-protectie-solara-spf-30-sun-sport-cooling-sun-spray-100-ml\/\" \/>\n<meta property=\"og:locale\" content=\"ro_RO\" \/>\n<meta property=\"og:type\" content=\"article\" \/>\n<meta property=\"og:title\" content=\"ANNEMARIE BORLIND Spray r\u0103coritor pentru protec\u021bie solar\u0103 SPF 30 Sun Sport (Cooling Sun Spray) 100 ml - SHOPATOA.COM\" \/>\n<meta property=\"og:description\" content=\"Spray-ul r\u0103coritor rezistent la ap\u0103 cu factor de protec\u021bie SPF 30 ofer\u0103 protec\u021bie ridicat\u0103 \u00eempotriva soarelui \u0219i, \u00een acela\u0219i timp, \u00eengrijire suplimentar\u0103 pe baz\u0103 natural\u0103 \u00eentr-un singur produs cosmetic. Protec\u021bia sa fiabil\u0103 \u0219i sigur\u0103 cu factor de protec\u021bie SPF 30 \u00eempotriva razelor solare UVA \u0219i UVB d\u0103un\u0103toare \u00eendepline\u0219te cele mai recente standarde ale Comisiei Europene...\" \/>\n<meta property=\"og:url\" content=\"https:\/\/shopatoa.com\/ro\/annemarie-borlind-spray-racoritor-pentru-protectie-solara-spf-30-sun-sport-cooling-sun-spray-100-ml\/\" \/>\n<meta property=\"og:site_name\" content=\"SHOPATOA\" \/>\n<meta property=\"article:modified_time\" content=\"2025-12-09T11:34:28+00:00\" \/>\n<meta property=\"og:image\" content=\"https:\/\/storage.googleapis.com\/cz-shopatoa-img\/ro\/d3711330-unnamed-file.webp\" \/>\n\t<meta property=\"og:image:width\" content=\"800\" \/>\n\t<meta property=\"og:image:height\" content=\"800\" \/>\n\t<meta property=\"og:image:type\" content=\"image\/webp\" \/>\n<meta name=\"twitter:card\" content=\"summary_large_image\" \/>\n<meta name=\"twitter:label1\" content=\"Timp estimat pentru citire\" \/>\n\t<meta name=\"twitter:data1\" content=\"1 minut\" \/>\n<script type=\"application\/ld+json\" class=\"yoast-schema-graph\">{\"@context\":\"https:\\\/\\\/schema.org\",\"@graph\":[{\"@type\":\"WebPage\",\"@id\":\"https:\\\/\\\/shopatoa.com\\\/ro\\\/annemarie-borlind-spray-racoritor-pentru-protectie-solara-spf-30-sun-sport-cooling-sun-spray-100-ml\\\/\",\"url\":\"https:\\\/\\\/shopatoa.com\\\/ro\\\/annemarie-borlind-spray-racoritor-pentru-protectie-solara-spf-30-sun-sport-cooling-sun-spray-100-ml\\\/\",\"name\":\"ANNEMARIE BORLIND Spray r\u0103coritor pentru protec\u021bie solar\u0103 SPF 30 Sun Sport (Cooling Sun Spray) 100 ml - SHOPATOA.COM\",\"isPartOf\":{\"@id\":\"https:\\\/\\\/shopatoa.com\\\/ro\\\/#website\"},\"primaryImageOfPage\":{\"@id\":\"https:\\\/\\\/shopatoa.com\\\/ro\\\/annemarie-borlind-spray-racoritor-pentru-protectie-solara-spf-30-sun-sport-cooling-sun-spray-100-ml\\\/#primaryimage\"},\"image\":{\"@id\":\"https:\\\/\\\/shopatoa.com\\\/ro\\\/annemarie-borlind-spray-racoritor-pentru-protectie-solara-spf-30-sun-sport-cooling-sun-spray-100-ml\\\/#primaryimage\"},\"thumbnailUrl\":\"https:\\\/\\\/storage.googleapis.com\\\/cz-shopatoa-img\\\/ro\\\/d3711330-unnamed-file.webp\",\"datePublished\":\"2025-04-28T12:51:52+00:00\",\"dateModified\":\"2025-12-09T11:34:28+00:00\",\"breadcrumb\":{\"@id\":\"https:\\\/\\\/shopatoa.com\\\/ro\\\/annemarie-borlind-spray-racoritor-pentru-protectie-solara-spf-30-sun-sport-cooling-sun-spray-100-ml\\\/#breadcrumb\"},\"inLanguage\":\"ro-RO\",\"potentialAction\":[{\"@type\":\"ReadAction\",\"target\":[\"https:\\\/\\\/shopatoa.com\\\/ro\\\/annemarie-borlind-spray-racoritor-pentru-protectie-solara-spf-30-sun-sport-cooling-sun-spray-100-ml\\\/\"]}]},{\"@type\":\"ImageObject\",\"inLanguage\":\"ro-RO\",\"@id\":\"https:\\\/\\\/shopatoa.com\\\/ro\\\/annemarie-borlind-spray-racoritor-pentru-protectie-solara-spf-30-sun-sport-cooling-sun-spray-100-ml\\\/#primaryimage\",\"url\":\"https:\\\/\\\/storage.googleapis.com\\\/cz-shopatoa-img\\\/ro\\\/d3711330-unnamed-file.webp\",\"contentUrl\":\"https:\\\/\\\/storage.googleapis.com\\\/cz-shopatoa-img\\\/ro\\\/d3711330-unnamed-file.webp\",\"width\":800,\"height\":800},{\"@type\":\"BreadcrumbList\",\"@id\":\"https:\\\/\\\/shopatoa.com\\\/ro\\\/annemarie-borlind-spray-racoritor-pentru-protectie-solara-spf-30-sun-sport-cooling-sun-spray-100-ml\\\/#breadcrumb\",\"itemListElement\":[{\"@type\":\"ListItem\",\"position\":1,\"name\":\"Dom\u016f\",\"item\":\"https:\\\/\\\/shopatoa.com\\\/ro\\\/\"},{\"@type\":\"ListItem\",\"position\":2,\"name\":\"Shop\",\"item\":\"https:\\\/\\\/shopatoa.com\\\/ro\\\/shop\\\/\"},{\"@type\":\"ListItem\",\"position\":3,\"name\":\"Cosmetice\",\"item\":\"https:\\\/\\\/shopatoa.com\\\/ro\\\/cosmetice\\\/\"},{\"@type\":\"ListItem\",\"position\":4,\"name\":\"Cosmetice de protec\u021bie solar\u0103\",\"item\":\"https:\\\/\\\/shopatoa.com\\\/ro\\\/cosmetice-de-protectie-solara\\\/\"},{\"@type\":\"ListItem\",\"position\":5,\"name\":\"Produse pentru bronzare\",\"item\":\"https:\\\/\\\/shopatoa.com\\\/ro\\\/produse-pentru-bronzare\\\/\"},{\"@type\":\"ListItem\",\"position\":6,\"name\":\"ANNEMARIE BORLIND Spray r\u0103coritor pentru protec\u021bie solar\u0103 SPF 30 Sun Sport (Cooling Sun Spray) 100 ml\"}]},{\"@type\":\"WebSite\",\"@id\":\"https:\\\/\\\/shopatoa.com\\\/ro\\\/#website\",\"url\":\"https:\\\/\\\/shopatoa.com\\\/ro\\\/\",\"name\":\"SHOPATOA\",\"description\":\"\",\"publisher\":{\"@id\":\"https:\\\/\\\/shopatoa.com\\\/ro\\\/#organization\"},\"potentialAction\":[{\"@type\":\"SearchAction\",\"target\":{\"@type\":\"EntryPoint\",\"urlTemplate\":\"https:\\\/\\\/shopatoa.com\\\/ro\\\/?s={search_term_string}\"},\"query-input\":{\"@type\":\"PropertyValueSpecification\",\"valueRequired\":true,\"valueName\":\"search_term_string\"}}],\"inLanguage\":\"ro-RO\"},{\"@type\":\"Organization\",\"@id\":\"https:\\\/\\\/shopatoa.com\\\/ro\\\/#organization\",\"name\":\"SHOPATOA\",\"url\":\"https:\\\/\\\/shopatoa.com\\\/ro\\\/\",\"logo\":{\"@type\":\"ImageObject\",\"inLanguage\":\"ro-RO\",\"@id\":\"https:\\\/\\\/shopatoa.com\\\/ro\\\/#\\\/schema\\\/logo\\\/image\\\/\",\"url\":\"https:\\\/\\\/storage.googleapis.com\\\/cz-shopatoa-img\\\/ro\\\/b4dac915-shopatoa_logo.png\",\"contentUrl\":\"https:\\\/\\\/storage.googleapis.com\\\/cz-shopatoa-img\\\/ro\\\/b4dac915-shopatoa_logo.png\",\"width\":416,\"height\":63,\"caption\":\"SHOPATOA\"},\"image\":{\"@id\":\"https:\\\/\\\/shopatoa.com\\\/ro\\\/#\\\/schema\\\/logo\\\/image\\\/\"}}]}<\/script>\n<!-- \/ Yoast SEO plugin. -->","yoast_head_json":{"title":"ANNEMARIE BORLIND Spray r\u0103coritor pentru protec\u021bie solar\u0103 SPF 30 Sun Sport (Cooling Sun Spray) 100 ml - SHOPATOA.COM","robots":{"index":"index","follow":"follow","max-snippet":"max-snippet:-1","max-image-preview":"max-image-preview:large","max-video-preview":"max-video-preview:-1"},"canonical":"https:\/\/shopatoa.com\/ro\/annemarie-borlind-spray-racoritor-pentru-protectie-solara-spf-30-sun-sport-cooling-sun-spray-100-ml\/","og_locale":"ro_RO","og_type":"article","og_title":"ANNEMARIE BORLIND Spray r\u0103coritor pentru protec\u021bie solar\u0103 SPF 30 Sun Sport (Cooling Sun Spray) 100 ml - SHOPATOA.COM","og_description":"Spray-ul r\u0103coritor rezistent la ap\u0103 cu factor de protec\u021bie SPF 30 ofer\u0103 protec\u021bie ridicat\u0103 \u00eempotriva soarelui \u0219i, \u00een acela\u0219i timp, \u00eengrijire suplimentar\u0103 pe baz\u0103 natural\u0103 \u00eentr-un singur produs cosmetic. Protec\u021bia sa fiabil\u0103 \u0219i sigur\u0103 cu factor de protec\u021bie SPF 30 \u00eempotriva razelor solare UVA \u0219i UVB d\u0103un\u0103toare \u00eendepline\u0219te cele mai recente standarde ale Comisiei Europene...","og_url":"https:\/\/shopatoa.com\/ro\/annemarie-borlind-spray-racoritor-pentru-protectie-solara-spf-30-sun-sport-cooling-sun-spray-100-ml\/","og_site_name":"SHOPATOA","article_modified_time":"2025-12-09T11:34:28+00:00","og_image":[{"width":800,"height":800,"url":"https:\/\/storage.googleapis.com\/cz-shopatoa-img\/ro\/d3711330-unnamed-file.webp","type":"image\/webp"}],"twitter_card":"summary_large_image","twitter_misc":{"Timp estimat pentru citire":"1 minut"},"schema":{"@context":"https:\/\/schema.org","@graph":[{"@type":"WebPage","@id":"https:\/\/shopatoa.com\/ro\/annemarie-borlind-spray-racoritor-pentru-protectie-solara-spf-30-sun-sport-cooling-sun-spray-100-ml\/","url":"https:\/\/shopatoa.com\/ro\/annemarie-borlind-spray-racoritor-pentru-protectie-solara-spf-30-sun-sport-cooling-sun-spray-100-ml\/","name":"ANNEMARIE BORLIND Spray r\u0103coritor pentru protec\u021bie solar\u0103 SPF 30 Sun Sport (Cooling Sun Spray) 100 ml - SHOPATOA.COM","isPartOf":{"@id":"https:\/\/shopatoa.com\/ro\/#website"},"primaryImageOfPage":{"@id":"https:\/\/shopatoa.com\/ro\/annemarie-borlind-spray-racoritor-pentru-protectie-solara-spf-30-sun-sport-cooling-sun-spray-100-ml\/#primaryimage"},"image":{"@id":"https:\/\/shopatoa.com\/ro\/annemarie-borlind-spray-racoritor-pentru-protectie-solara-spf-30-sun-sport-cooling-sun-spray-100-ml\/#primaryimage"},"thumbnailUrl":"https:\/\/storage.googleapis.com\/cz-shopatoa-img\/ro\/d3711330-unnamed-file.webp","datePublished":"2025-04-28T12:51:52+00:00","dateModified":"2025-12-09T11:34:28+00:00","breadcrumb":{"@id":"https:\/\/shopatoa.com\/ro\/annemarie-borlind-spray-racoritor-pentru-protectie-solara-spf-30-sun-sport-cooling-sun-spray-100-ml\/#breadcrumb"},"inLanguage":"ro-RO","potentialAction":[{"@type":"ReadAction","target":["https:\/\/shopatoa.com\/ro\/annemarie-borlind-spray-racoritor-pentru-protectie-solara-spf-30-sun-sport-cooling-sun-spray-100-ml\/"]}]},{"@type":"ImageObject","inLanguage":"ro-RO","@id":"https:\/\/shopatoa.com\/ro\/annemarie-borlind-spray-racoritor-pentru-protectie-solara-spf-30-sun-sport-cooling-sun-spray-100-ml\/#primaryimage","url":"https:\/\/storage.googleapis.com\/cz-shopatoa-img\/ro\/d3711330-unnamed-file.webp","contentUrl":"https:\/\/storage.googleapis.com\/cz-shopatoa-img\/ro\/d3711330-unnamed-file.webp","width":800,"height":800},{"@type":"BreadcrumbList","@id":"https:\/\/shopatoa.com\/ro\/annemarie-borlind-spray-racoritor-pentru-protectie-solara-spf-30-sun-sport-cooling-sun-spray-100-ml\/#breadcrumb","itemListElement":[{"@type":"ListItem","position":1,"name":"Dom\u016f","item":"https:\/\/shopatoa.com\/ro\/"},{"@type":"ListItem","position":2,"name":"Shop","item":"https:\/\/shopatoa.com\/ro\/shop\/"},{"@type":"ListItem","position":3,"name":"Cosmetice","item":"https:\/\/shopatoa.com\/ro\/cosmetice\/"},{"@type":"ListItem","position":4,"name":"Cosmetice de protec\u021bie solar\u0103","item":"https:\/\/shopatoa.com\/ro\/cosmetice-de-protectie-solara\/"},{"@type":"ListItem","position":5,"name":"Produse pentru bronzare","item":"https:\/\/shopatoa.com\/ro\/produse-pentru-bronzare\/"},{"@type":"ListItem","position":6,"name":"ANNEMARIE BORLIND Spray r\u0103coritor pentru protec\u021bie solar\u0103 SPF 30 Sun Sport (Cooling Sun Spray) 100 ml"}]},{"@type":"WebSite","@id":"https:\/\/shopatoa.com\/ro\/#website","url":"https:\/\/shopatoa.com\/ro\/","name":"SHOPATOA","description":"","publisher":{"@id":"https:\/\/shopatoa.com\/ro\/#organization"},"potentialAction":[{"@type":"SearchAction","target":{"@type":"EntryPoint","urlTemplate":"https:\/\/shopatoa.com\/ro\/?s={search_term_string}"},"query-input":{"@type":"PropertyValueSpecification","valueRequired":true,"valueName":"search_term_string"}}],"inLanguage":"ro-RO"},{"@type":"Organization","@id":"https:\/\/shopatoa.com\/ro\/#organization","name":"SHOPATOA","url":"https:\/\/shopatoa.com\/ro\/","logo":{"@type":"ImageObject","inLanguage":"ro-RO","@id":"https:\/\/shopatoa.com\/ro\/#\/schema\/logo\/image\/","url":"https:\/\/storage.googleapis.com\/cz-shopatoa-img\/ro\/b4dac915-shopatoa_logo.png","contentUrl":"https:\/\/storage.googleapis.com\/cz-shopatoa-img\/ro\/b4dac915-shopatoa_logo.png","width":416,"height":63,"caption":"SHOPATOA"},"image":{"@id":"https:\/\/shopatoa.com\/ro\/#\/schema\/logo\/image\/"}}]}},"_links":{"self":[{"href":"https:\/\/shopatoa.com\/ro\/wp-json\/wp\/v2\/product\/266185","targetHints":{"allow":["GET"]}}],"collection":[{"href":"https:\/\/shopatoa.com\/ro\/wp-json\/wp\/v2\/product"}],"about":[{"href":"https:\/\/shopatoa.com\/ro\/wp-json\/wp\/v2\/types\/product"}],"replies":[{"embeddable":true,"href":"https:\/\/shopatoa.com\/ro\/wp-json\/wp\/v2\/comments?post=266185"}],"wp:featuredmedia":[{"embeddable":true,"href":"https:\/\/shopatoa.com\/ro\/wp-json\/wp\/v2\/media\/266186"}],"wp:attachment":[{"href":"https:\/\/shopatoa.com\/ro\/wp-json\/wp\/v2\/media?parent=266185"}],"wp:term":[{"taxonomy":"product_brand","embeddable":true,"href":"https:\/\/shopatoa.com\/ro\/wp-json\/wp\/v2\/product_brand?post=266185"},{"taxonomy":"product_cat","embeddable":true,"href":"https:\/\/shopatoa.com\/ro\/wp-json\/wp\/v2\/product_cat?post=266185"},{"taxonomy":"product_tag","embeddable":true,"href":"https:\/\/shopatoa.com\/ro\/wp-json\/wp\/v2\/product_tag?post=266185"}],"curies":[{"name":"wp","href":"https:\/\/api.w.org\/{rel}","templated":true}]}}