{"id":266255,"date":"2025-04-28T15:10:14","date_gmt":"2025-04-28T13:10:14","guid":{"rendered":"https:\/\/shopatoa.com\/ro\/proraso-set-cadou-clasic-de-produse-pentru-ingrijirea-barbii-azur-lime\/"},"modified":"2025-12-09T12:16:11","modified_gmt":"2025-12-09T11:16:11","slug":"proraso-set-cadou-clasic-de-produse-pentru-ingrijirea-barbii-azur-lime","status":"publish","type":"product","link":"https:\/\/shopatoa.com\/ro\/proraso-set-cadou-clasic-de-produse-pentru-ingrijirea-barbii-azur-lime\/","title":{"rendered":"Proraso Set cadou clasic de produse pentru \u00eengrijirea b\u0103rbii Azur Lime"},"content":{"rendered":"<p>Setul include: S\u0103pun pentru barb\u0103 Azur Lime (Beard Wash) 200 ml Ulei de barb\u0103 cu citrice mediteraneene Azur Lime (Beard Oil) 30 ml Balsam pentru barb\u0103 Azur Lime (Beard Balm) 100 ml Dimensiuni cutie: 21,5 x 23 x 7,7 cm Fabricat \u00een Italia<\/p>\n","protected":false},"excerpt":{"rendered":"<p>Setul include: S\u0103pun pentru barb\u0103 Azur Lime (Beard Wash) 200 ml Ulei de barb\u0103 cu citrice mediteraneene Azur Lime (Beard Oil) 30 ml Balsam pentru barb\u0103 Azur Lime (Beard Balm) 100 ml Dimensiuni cutie: 21,5 x 23 x 7,7 cm Fabricat \u00een Italia<\/p>\n","protected":false},"featured_media":266256,"comment_status":"closed","ping_status":"open","template":"","meta":{"_acf_changed":false,"_kadence_starter_templates_imported_post":false,"_kad_post_transparent":"","_kad_post_title":"","_kad_post_layout":"","_kad_post_sidebar_id":"","_kad_post_content_style":"","_kad_post_vertical_padding":"","_kad_post_feature":"","_kad_post_feature_position":"","_kad_post_header":false,"_kad_post_footer":false,"_kad_post_classname":""},"product_brand":[145],"product_cat":[670,721,246],"product_tag":[],"class_list":{"0":"post-266255","1":"product","2":"type-product","3":"status-publish","4":"has-post-thumbnail","6":"product_brand-proraso","7":"product_cat-barber-shop","8":"product_cat-barber-shop-ingrijirea-barbilor","9":"product_cat-cosmetice","11":"first","12":"instock","13":"sale","14":"product-type-external","15":"entry","16":"content-bg","17":"loop-entry"},"acf":[],"yoast_head":"<!-- This site is optimized with the Yoast SEO plugin v27.4 - https:\/\/yoast.com\/product\/yoast-seo-wordpress\/ -->\n<title>Proraso Set cadou clasic de produse pentru \u00eengrijirea b\u0103rbii Azur Lime - SHOPATOA.COM<\/title>\n<meta name=\"robots\" content=\"index, follow, max-snippet:-1, max-image-preview:large, max-video-preview:-1\" \/>\n<link rel=\"canonical\" href=\"https:\/\/shopatoa.com\/ro\/proraso-set-cadou-clasic-de-produse-pentru-ingrijirea-barbii-azur-lime\/\" \/>\n<meta property=\"og:locale\" content=\"ro_RO\" \/>\n<meta property=\"og:type\" content=\"article\" \/>\n<meta property=\"og:title\" content=\"Proraso Set cadou clasic de produse pentru \u00eengrijirea b\u0103rbii Azur Lime - SHOPATOA.COM\" \/>\n<meta property=\"og:description\" content=\"Setul include: S\u0103pun pentru barb\u0103 Azur Lime (Beard Wash) 200 ml Ulei de barb\u0103 cu citrice mediteraneene Azur Lime (Beard Oil) 30 ml Balsam pentru barb\u0103 Azur Lime (Beard Balm) 100 ml Dimensiuni cutie: 21,5 x 23 x 7,7 cm Fabricat \u00een Italia\" \/>\n<meta property=\"og:url\" content=\"https:\/\/shopatoa.com\/ro\/proraso-set-cadou-clasic-de-produse-pentru-ingrijirea-barbii-azur-lime\/\" \/>\n<meta property=\"og:site_name\" content=\"SHOPATOA\" \/>\n<meta property=\"article:modified_time\" content=\"2025-12-09T11:16:11+00:00\" \/>\n<meta property=\"og:image\" content=\"https:\/\/storage.googleapis.com\/cz-shopatoa-img\/ro\/156fd103-unnamed-file.webp\" \/>\n\t<meta property=\"og:image:width\" content=\"800\" \/>\n\t<meta property=\"og:image:height\" content=\"800\" \/>\n\t<meta property=\"og:image:type\" content=\"image\/webp\" \/>\n<meta name=\"twitter:card\" content=\"summary_large_image\" \/>\n<script type=\"application\/ld+json\" class=\"yoast-schema-graph\">{\"@context\":\"https:\\\/\\\/schema.org\",\"@graph\":[{\"@type\":\"WebPage\",\"@id\":\"https:\\\/\\\/shopatoa.com\\\/ro\\\/proraso-set-cadou-clasic-de-produse-pentru-ingrijirea-barbii-azur-lime\\\/\",\"url\":\"https:\\\/\\\/shopatoa.com\\\/ro\\\/proraso-set-cadou-clasic-de-produse-pentru-ingrijirea-barbii-azur-lime\\\/\",\"name\":\"Proraso Set cadou clasic de produse pentru \u00eengrijirea b\u0103rbii Azur Lime - SHOPATOA.COM\",\"isPartOf\":{\"@id\":\"https:\\\/\\\/shopatoa.com\\\/ro\\\/#website\"},\"primaryImageOfPage\":{\"@id\":\"https:\\\/\\\/shopatoa.com\\\/ro\\\/proraso-set-cadou-clasic-de-produse-pentru-ingrijirea-barbii-azur-lime\\\/#primaryimage\"},\"image\":{\"@id\":\"https:\\\/\\\/shopatoa.com\\\/ro\\\/proraso-set-cadou-clasic-de-produse-pentru-ingrijirea-barbii-azur-lime\\\/#primaryimage\"},\"thumbnailUrl\":\"https:\\\/\\\/storage.googleapis.com\\\/cz-shopatoa-img\\\/ro\\\/156fd103-unnamed-file.webp\",\"datePublished\":\"2025-04-28T13:10:14+00:00\",\"dateModified\":\"2025-12-09T11:16:11+00:00\",\"breadcrumb\":{\"@id\":\"https:\\\/\\\/shopatoa.com\\\/ro\\\/proraso-set-cadou-clasic-de-produse-pentru-ingrijirea-barbii-azur-lime\\\/#breadcrumb\"},\"inLanguage\":\"ro-RO\",\"potentialAction\":[{\"@type\":\"ReadAction\",\"target\":[\"https:\\\/\\\/shopatoa.com\\\/ro\\\/proraso-set-cadou-clasic-de-produse-pentru-ingrijirea-barbii-azur-lime\\\/\"]}]},{\"@type\":\"ImageObject\",\"inLanguage\":\"ro-RO\",\"@id\":\"https:\\\/\\\/shopatoa.com\\\/ro\\\/proraso-set-cadou-clasic-de-produse-pentru-ingrijirea-barbii-azur-lime\\\/#primaryimage\",\"url\":\"https:\\\/\\\/storage.googleapis.com\\\/cz-shopatoa-img\\\/ro\\\/156fd103-unnamed-file.webp\",\"contentUrl\":\"https:\\\/\\\/storage.googleapis.com\\\/cz-shopatoa-img\\\/ro\\\/156fd103-unnamed-file.webp\",\"width\":800,\"height\":800},{\"@type\":\"BreadcrumbList\",\"@id\":\"https:\\\/\\\/shopatoa.com\\\/ro\\\/proraso-set-cadou-clasic-de-produse-pentru-ingrijirea-barbii-azur-lime\\\/#breadcrumb\",\"itemListElement\":[{\"@type\":\"ListItem\",\"position\":1,\"name\":\"Dom\u016f\",\"item\":\"https:\\\/\\\/shopatoa.com\\\/ro\\\/\"},{\"@type\":\"ListItem\",\"position\":2,\"name\":\"Shop\",\"item\":\"https:\\\/\\\/shopatoa.com\\\/ro\\\/shop\\\/\"},{\"@type\":\"ListItem\",\"position\":3,\"name\":\"Cosmetice\",\"item\":\"https:\\\/\\\/shopatoa.com\\\/ro\\\/cosmetice\\\/\"},{\"@type\":\"ListItem\",\"position\":4,\"name\":\"Barber Shop\",\"item\":\"https:\\\/\\\/shopatoa.com\\\/ro\\\/barber-shop\\\/\"},{\"@type\":\"ListItem\",\"position\":5,\"name\":\"Barber Shop \u2013 ingrijirea barbilor\",\"item\":\"https:\\\/\\\/shopatoa.com\\\/ro\\\/barber-shop-ingrijirea-barbilor\\\/\"},{\"@type\":\"ListItem\",\"position\":6,\"name\":\"Proraso Set cadou clasic de produse pentru \u00eengrijirea b\u0103rbii Azur Lime\"}]},{\"@type\":\"WebSite\",\"@id\":\"https:\\\/\\\/shopatoa.com\\\/ro\\\/#website\",\"url\":\"https:\\\/\\\/shopatoa.com\\\/ro\\\/\",\"name\":\"SHOPATOA\",\"description\":\"\",\"publisher\":{\"@id\":\"https:\\\/\\\/shopatoa.com\\\/ro\\\/#organization\"},\"potentialAction\":[{\"@type\":\"SearchAction\",\"target\":{\"@type\":\"EntryPoint\",\"urlTemplate\":\"https:\\\/\\\/shopatoa.com\\\/ro\\\/?s={search_term_string}\"},\"query-input\":{\"@type\":\"PropertyValueSpecification\",\"valueRequired\":true,\"valueName\":\"search_term_string\"}}],\"inLanguage\":\"ro-RO\"},{\"@type\":\"Organization\",\"@id\":\"https:\\\/\\\/shopatoa.com\\\/ro\\\/#organization\",\"name\":\"SHOPATOA\",\"url\":\"https:\\\/\\\/shopatoa.com\\\/ro\\\/\",\"logo\":{\"@type\":\"ImageObject\",\"inLanguage\":\"ro-RO\",\"@id\":\"https:\\\/\\\/shopatoa.com\\\/ro\\\/#\\\/schema\\\/logo\\\/image\\\/\",\"url\":\"https:\\\/\\\/storage.googleapis.com\\\/cz-shopatoa-img\\\/ro\\\/b4dac915-shopatoa_logo.png\",\"contentUrl\":\"https:\\\/\\\/storage.googleapis.com\\\/cz-shopatoa-img\\\/ro\\\/b4dac915-shopatoa_logo.png\",\"width\":416,\"height\":63,\"caption\":\"SHOPATOA\"},\"image\":{\"@id\":\"https:\\\/\\\/shopatoa.com\\\/ro\\\/#\\\/schema\\\/logo\\\/image\\\/\"}}]}<\/script>\n<!-- \/ Yoast SEO plugin. -->","yoast_head_json":{"title":"Proraso Set cadou clasic de produse pentru \u00eengrijirea b\u0103rbii Azur Lime - SHOPATOA.COM","robots":{"index":"index","follow":"follow","max-snippet":"max-snippet:-1","max-image-preview":"max-image-preview:large","max-video-preview":"max-video-preview:-1"},"canonical":"https:\/\/shopatoa.com\/ro\/proraso-set-cadou-clasic-de-produse-pentru-ingrijirea-barbii-azur-lime\/","og_locale":"ro_RO","og_type":"article","og_title":"Proraso Set cadou clasic de produse pentru \u00eengrijirea b\u0103rbii Azur Lime - SHOPATOA.COM","og_description":"Setul include: S\u0103pun pentru barb\u0103 Azur Lime (Beard Wash) 200 ml Ulei de barb\u0103 cu citrice mediteraneene Azur Lime (Beard Oil) 30 ml Balsam pentru barb\u0103 Azur Lime (Beard Balm) 100 ml Dimensiuni cutie: 21,5 x 23 x 7,7 cm Fabricat \u00een Italia","og_url":"https:\/\/shopatoa.com\/ro\/proraso-set-cadou-clasic-de-produse-pentru-ingrijirea-barbii-azur-lime\/","og_site_name":"SHOPATOA","article_modified_time":"2025-12-09T11:16:11+00:00","og_image":[{"width":800,"height":800,"url":"https:\/\/storage.googleapis.com\/cz-shopatoa-img\/ro\/156fd103-unnamed-file.webp","type":"image\/webp"}],"twitter_card":"summary_large_image","schema":{"@context":"https:\/\/schema.org","@graph":[{"@type":"WebPage","@id":"https:\/\/shopatoa.com\/ro\/proraso-set-cadou-clasic-de-produse-pentru-ingrijirea-barbii-azur-lime\/","url":"https:\/\/shopatoa.com\/ro\/proraso-set-cadou-clasic-de-produse-pentru-ingrijirea-barbii-azur-lime\/","name":"Proraso Set cadou clasic de produse pentru \u00eengrijirea b\u0103rbii Azur Lime - SHOPATOA.COM","isPartOf":{"@id":"https:\/\/shopatoa.com\/ro\/#website"},"primaryImageOfPage":{"@id":"https:\/\/shopatoa.com\/ro\/proraso-set-cadou-clasic-de-produse-pentru-ingrijirea-barbii-azur-lime\/#primaryimage"},"image":{"@id":"https:\/\/shopatoa.com\/ro\/proraso-set-cadou-clasic-de-produse-pentru-ingrijirea-barbii-azur-lime\/#primaryimage"},"thumbnailUrl":"https:\/\/storage.googleapis.com\/cz-shopatoa-img\/ro\/156fd103-unnamed-file.webp","datePublished":"2025-04-28T13:10:14+00:00","dateModified":"2025-12-09T11:16:11+00:00","breadcrumb":{"@id":"https:\/\/shopatoa.com\/ro\/proraso-set-cadou-clasic-de-produse-pentru-ingrijirea-barbii-azur-lime\/#breadcrumb"},"inLanguage":"ro-RO","potentialAction":[{"@type":"ReadAction","target":["https:\/\/shopatoa.com\/ro\/proraso-set-cadou-clasic-de-produse-pentru-ingrijirea-barbii-azur-lime\/"]}]},{"@type":"ImageObject","inLanguage":"ro-RO","@id":"https:\/\/shopatoa.com\/ro\/proraso-set-cadou-clasic-de-produse-pentru-ingrijirea-barbii-azur-lime\/#primaryimage","url":"https:\/\/storage.googleapis.com\/cz-shopatoa-img\/ro\/156fd103-unnamed-file.webp","contentUrl":"https:\/\/storage.googleapis.com\/cz-shopatoa-img\/ro\/156fd103-unnamed-file.webp","width":800,"height":800},{"@type":"BreadcrumbList","@id":"https:\/\/shopatoa.com\/ro\/proraso-set-cadou-clasic-de-produse-pentru-ingrijirea-barbii-azur-lime\/#breadcrumb","itemListElement":[{"@type":"ListItem","position":1,"name":"Dom\u016f","item":"https:\/\/shopatoa.com\/ro\/"},{"@type":"ListItem","position":2,"name":"Shop","item":"https:\/\/shopatoa.com\/ro\/shop\/"},{"@type":"ListItem","position":3,"name":"Cosmetice","item":"https:\/\/shopatoa.com\/ro\/cosmetice\/"},{"@type":"ListItem","position":4,"name":"Barber Shop","item":"https:\/\/shopatoa.com\/ro\/barber-shop\/"},{"@type":"ListItem","position":5,"name":"Barber Shop \u2013 ingrijirea barbilor","item":"https:\/\/shopatoa.com\/ro\/barber-shop-ingrijirea-barbilor\/"},{"@type":"ListItem","position":6,"name":"Proraso Set cadou clasic de produse pentru \u00eengrijirea b\u0103rbii Azur Lime"}]},{"@type":"WebSite","@id":"https:\/\/shopatoa.com\/ro\/#website","url":"https:\/\/shopatoa.com\/ro\/","name":"SHOPATOA","description":"","publisher":{"@id":"https:\/\/shopatoa.com\/ro\/#organization"},"potentialAction":[{"@type":"SearchAction","target":{"@type":"EntryPoint","urlTemplate":"https:\/\/shopatoa.com\/ro\/?s={search_term_string}"},"query-input":{"@type":"PropertyValueSpecification","valueRequired":true,"valueName":"search_term_string"}}],"inLanguage":"ro-RO"},{"@type":"Organization","@id":"https:\/\/shopatoa.com\/ro\/#organization","name":"SHOPATOA","url":"https:\/\/shopatoa.com\/ro\/","logo":{"@type":"ImageObject","inLanguage":"ro-RO","@id":"https:\/\/shopatoa.com\/ro\/#\/schema\/logo\/image\/","url":"https:\/\/storage.googleapis.com\/cz-shopatoa-img\/ro\/b4dac915-shopatoa_logo.png","contentUrl":"https:\/\/storage.googleapis.com\/cz-shopatoa-img\/ro\/b4dac915-shopatoa_logo.png","width":416,"height":63,"caption":"SHOPATOA"},"image":{"@id":"https:\/\/shopatoa.com\/ro\/#\/schema\/logo\/image\/"}}]}},"_links":{"self":[{"href":"https:\/\/shopatoa.com\/ro\/wp-json\/wp\/v2\/product\/266255","targetHints":{"allow":["GET"]}}],"collection":[{"href":"https:\/\/shopatoa.com\/ro\/wp-json\/wp\/v2\/product"}],"about":[{"href":"https:\/\/shopatoa.com\/ro\/wp-json\/wp\/v2\/types\/product"}],"replies":[{"embeddable":true,"href":"https:\/\/shopatoa.com\/ro\/wp-json\/wp\/v2\/comments?post=266255"}],"wp:featuredmedia":[{"embeddable":true,"href":"https:\/\/shopatoa.com\/ro\/wp-json\/wp\/v2\/media\/266256"}],"wp:attachment":[{"href":"https:\/\/shopatoa.com\/ro\/wp-json\/wp\/v2\/media?parent=266255"}],"wp:term":[{"taxonomy":"product_brand","embeddable":true,"href":"https:\/\/shopatoa.com\/ro\/wp-json\/wp\/v2\/product_brand?post=266255"},{"taxonomy":"product_cat","embeddable":true,"href":"https:\/\/shopatoa.com\/ro\/wp-json\/wp\/v2\/product_cat?post=266255"},{"taxonomy":"product_tag","embeddable":true,"href":"https:\/\/shopatoa.com\/ro\/wp-json\/wp\/v2\/product_tag?post=266255"}],"curies":[{"name":"wp","href":"https:\/\/api.w.org\/{rel}","templated":true}]}}