{"id":266365,"date":"2025-04-28T15:35:48","date_gmt":"2025-04-28T13:35:48","guid":{"rendered":"https:\/\/shopatoa.com\/ro\/braun-perie-de-ondulare-cu-aer-cald-satin-hair-3-as-330\/"},"modified":"2025-12-09T11:53:31","modified_gmt":"2025-12-09T10:53:31","slug":"braun-perie-de-ondulare-cu-aer-cald-satin-hair-3-as-330","status":"publish","type":"product","link":"https:\/\/shopatoa.com\/ro\/braun-perie-de-ondulare-cu-aer-cald-satin-hair-3-as-330\/","title":{"rendered":"Braun Perie de ondulare cu aer cald Satin Hair 3 &#8211; AS 330"},"content":{"rendered":"<p>Tratament \u0219i uscare cu protec\u021bie maxim\u0103 a p\u0103rului: Perie de ondulare cu aer cald Satin Hair 3 O nou\u0103 coafur\u0103 \u00een fiecare zi f\u0103r\u0103 a fi nevoie vizita la un coafor? Nu numai c\u0103 acest lucru este posibil, dar este \u0219i simplu &#8211; cu peria de ondulare Satin Hair 3 cu aer cald. V\u0103 permite s\u0103 crea\u021bi coafuri uimitoare \u0219i v\u0103 usuc\u0103 p\u0103rul f\u0103r\u0103 uscare \u00een exces. Peria de ondulare cu aer cald Satin Hair 3 nu v\u0103 va \u00eencurca p\u0103rul, deoarece \u00eel va elibera automat. Este alegerea perfect\u0103 pentru femeile care doresc s\u0103 schimbe coafurile f\u0103r\u0103 a deteriora p\u0103rul. Indiferent de coafura pe care o alege\u021bi &#8211; peria de ondulare cu aer cald Satin Hair 3 v\u0103 protejeaz\u0103 p\u0103rul \u0219i \u00eei ofer\u0103 str\u0103lucire. Pentru p\u0103r frumos, s\u0103n\u0103tos la privire si la atingere. Principalele avantaje Perie ceramic\u0103 \u00cen scopul protej\u0103rii p\u0103rului \u00een timpul tratamentului \u0219i usc\u0103rii sale, Braun a proiectat o perie cu v\u00e2rfuri netede \u0219i o suprafa\u021b\u0103 100% din ceramic\u0103. Distribuie c\u0103ldura uniform \u0219i creeaz\u0103 bucle \u0219i valuri rapid \u0219i u\u0219or. Func\u021bia de eliberare Func\u021biile speciale de eliberare v\u0103 permit s\u0103 v\u0103 coafa\u021bi p\u0103rul f\u0103r\u0103 a il \u00eencalci sau rupe. Fiecare fir de p\u0103r se elibereaz\u0103 u\u0219or \u0219i neted. Pentru diverse coafuri f\u0103r\u0103 probleme! Set\u0103ri personale Tratamentul individual al p\u0103rului necesit\u0103 posibilitatea adapt\u0103rii individuale. 2 niveluri de set\u0103ri v\u0103 permit s\u0103 regla\u021bi temperatura \u0219i intensitatea fluxului de aer \u00een func\u021bie de nevoile dvs. Pute\u021bi fi siguri c\u0103 temperatura \u0219i intensitatea fluxului de aer se potrivesc \u00eentotdeauna exact cu tipul p\u0103rului dvs., deci astfel nu se va usca \u00een timpul tratamentului.<\/p>\n","protected":false},"excerpt":{"rendered":"<p>Tratament \u0219i uscare cu protec\u021bie maxim\u0103 a p\u0103rului: Perie de ondulare cu aer cald Satin Hair 3 O nou\u0103 coafur\u0103 \u00een fiecare zi f\u0103r\u0103 a fi nevoie vizita la un coafor? Nu numai c\u0103 acest lucru este posibil, dar este \u0219i simplu &#8211; cu peria de ondulare Satin Hair 3 cu aer cald. V\u0103 permite&#8230;<\/p>\n","protected":false},"featured_media":266366,"comment_status":"closed","ping_status":"open","template":"","meta":{"_acf_changed":false,"_kadence_starter_templates_imported_post":false,"_kad_post_transparent":"","_kad_post_title":"","_kad_post_layout":"","_kad_post_sidebar_id":"","_kad_post_content_style":"","_kad_post_vertical_padding":"","_kad_post_feature":"","_kad_post_feature_position":"","_kad_post_header":false,"_kad_post_footer":false,"_kad_post_classname":""},"product_brand":[502],"product_cat":[246,743,623,624],"product_tag":[],"class_list":{"0":"post-266365","1":"product","2":"type-product","3":"status-publish","4":"has-post-thumbnail","6":"product_brand-braun","7":"product_cat-cosmetice","8":"product_cat-piepteni","9":"product_cat-produse-cosmetice-pentru-par","10":"product_cat-produse-aparate-si-accesorii-pentru-par","12":"first","13":"instock","14":"sale","15":"product-type-external","16":"entry","17":"content-bg","18":"loop-entry"},"acf":[],"yoast_head":"<!-- This site is optimized with the Yoast SEO plugin v27.4 - https:\/\/yoast.com\/product\/yoast-seo-wordpress\/ -->\n<title>Braun Perie de ondulare cu aer cald Satin Hair 3 - AS 330 - SHOPATOA.COM<\/title>\n<meta name=\"robots\" content=\"index, follow, max-snippet:-1, max-image-preview:large, max-video-preview:-1\" \/>\n<link rel=\"canonical\" href=\"https:\/\/shopatoa.com\/ro\/braun-perie-de-ondulare-cu-aer-cald-satin-hair-3-as-330\/\" \/>\n<meta property=\"og:locale\" content=\"ro_RO\" \/>\n<meta property=\"og:type\" content=\"article\" \/>\n<meta property=\"og:title\" content=\"Braun Perie de ondulare cu aer cald Satin Hair 3 - AS 330 - SHOPATOA.COM\" \/>\n<meta property=\"og:description\" content=\"Tratament \u0219i uscare cu protec\u021bie maxim\u0103 a p\u0103rului: Perie de ondulare cu aer cald Satin Hair 3 O nou\u0103 coafur\u0103 \u00een fiecare zi f\u0103r\u0103 a fi nevoie vizita la un coafor? Nu numai c\u0103 acest lucru este posibil, dar este \u0219i simplu &#8211; cu peria de ondulare Satin Hair 3 cu aer cald. V\u0103 permite...\" \/>\n<meta property=\"og:url\" content=\"https:\/\/shopatoa.com\/ro\/braun-perie-de-ondulare-cu-aer-cald-satin-hair-3-as-330\/\" \/>\n<meta property=\"og:site_name\" content=\"SHOPATOA\" \/>\n<meta property=\"article:modified_time\" content=\"2025-12-09T10:53:31+00:00\" \/>\n<meta property=\"og:image\" content=\"https:\/\/storage.googleapis.com\/cz-shopatoa-img\/ro\/e3b61ad5-unnamed-file.webp\" \/>\n\t<meta property=\"og:image:width\" content=\"800\" \/>\n\t<meta property=\"og:image:height\" content=\"800\" \/>\n\t<meta property=\"og:image:type\" content=\"image\/webp\" \/>\n<meta name=\"twitter:card\" content=\"summary_large_image\" \/>\n<meta name=\"twitter:label1\" content=\"Timp estimat pentru citire\" \/>\n\t<meta name=\"twitter:data1\" content=\"1 minut\" \/>\n<script type=\"application\/ld+json\" class=\"yoast-schema-graph\">{\"@context\":\"https:\\\/\\\/schema.org\",\"@graph\":[{\"@type\":\"WebPage\",\"@id\":\"https:\\\/\\\/shopatoa.com\\\/ro\\\/braun-perie-de-ondulare-cu-aer-cald-satin-hair-3-as-330\\\/\",\"url\":\"https:\\\/\\\/shopatoa.com\\\/ro\\\/braun-perie-de-ondulare-cu-aer-cald-satin-hair-3-as-330\\\/\",\"name\":\"Braun Perie de ondulare cu aer cald Satin Hair 3 - AS 330 - SHOPATOA.COM\",\"isPartOf\":{\"@id\":\"https:\\\/\\\/shopatoa.com\\\/ro\\\/#website\"},\"primaryImageOfPage\":{\"@id\":\"https:\\\/\\\/shopatoa.com\\\/ro\\\/braun-perie-de-ondulare-cu-aer-cald-satin-hair-3-as-330\\\/#primaryimage\"},\"image\":{\"@id\":\"https:\\\/\\\/shopatoa.com\\\/ro\\\/braun-perie-de-ondulare-cu-aer-cald-satin-hair-3-as-330\\\/#primaryimage\"},\"thumbnailUrl\":\"https:\\\/\\\/storage.googleapis.com\\\/cz-shopatoa-img\\\/ro\\\/e3b61ad5-unnamed-file.webp\",\"datePublished\":\"2025-04-28T13:35:48+00:00\",\"dateModified\":\"2025-12-09T10:53:31+00:00\",\"breadcrumb\":{\"@id\":\"https:\\\/\\\/shopatoa.com\\\/ro\\\/braun-perie-de-ondulare-cu-aer-cald-satin-hair-3-as-330\\\/#breadcrumb\"},\"inLanguage\":\"ro-RO\",\"potentialAction\":[{\"@type\":\"ReadAction\",\"target\":[\"https:\\\/\\\/shopatoa.com\\\/ro\\\/braun-perie-de-ondulare-cu-aer-cald-satin-hair-3-as-330\\\/\"]}]},{\"@type\":\"ImageObject\",\"inLanguage\":\"ro-RO\",\"@id\":\"https:\\\/\\\/shopatoa.com\\\/ro\\\/braun-perie-de-ondulare-cu-aer-cald-satin-hair-3-as-330\\\/#primaryimage\",\"url\":\"https:\\\/\\\/storage.googleapis.com\\\/cz-shopatoa-img\\\/ro\\\/e3b61ad5-unnamed-file.webp\",\"contentUrl\":\"https:\\\/\\\/storage.googleapis.com\\\/cz-shopatoa-img\\\/ro\\\/e3b61ad5-unnamed-file.webp\",\"width\":800,\"height\":800},{\"@type\":\"BreadcrumbList\",\"@id\":\"https:\\\/\\\/shopatoa.com\\\/ro\\\/braun-perie-de-ondulare-cu-aer-cald-satin-hair-3-as-330\\\/#breadcrumb\",\"itemListElement\":[{\"@type\":\"ListItem\",\"position\":1,\"name\":\"Dom\u016f\",\"item\":\"https:\\\/\\\/shopatoa.com\\\/ro\\\/\"},{\"@type\":\"ListItem\",\"position\":2,\"name\":\"Shop\",\"item\":\"https:\\\/\\\/shopatoa.com\\\/ro\\\/shop\\\/\"},{\"@type\":\"ListItem\",\"position\":3,\"name\":\"Cosmetice\",\"item\":\"https:\\\/\\\/shopatoa.com\\\/ro\\\/cosmetice\\\/\"},{\"@type\":\"ListItem\",\"position\":4,\"name\":\"Produse cosmetice pentru p\u0103r\",\"item\":\"https:\\\/\\\/shopatoa.com\\\/ro\\\/produse-cosmetice-pentru-par\\\/\"},{\"@type\":\"ListItem\",\"position\":5,\"name\":\"Produse, aparate \u0219i accesorii pentru p\u0103r\",\"item\":\"https:\\\/\\\/shopatoa.com\\\/ro\\\/produse-aparate-si-accesorii-pentru-par\\\/\"},{\"@type\":\"ListItem\",\"position\":6,\"name\":\"Piepteni\",\"item\":\"https:\\\/\\\/shopatoa.com\\\/ro\\\/piepteni\\\/\"},{\"@type\":\"ListItem\",\"position\":7,\"name\":\"Braun Perie de ondulare cu aer cald Satin Hair 3 &#8211; AS 330\"}]},{\"@type\":\"WebSite\",\"@id\":\"https:\\\/\\\/shopatoa.com\\\/ro\\\/#website\",\"url\":\"https:\\\/\\\/shopatoa.com\\\/ro\\\/\",\"name\":\"SHOPATOA\",\"description\":\"\",\"publisher\":{\"@id\":\"https:\\\/\\\/shopatoa.com\\\/ro\\\/#organization\"},\"potentialAction\":[{\"@type\":\"SearchAction\",\"target\":{\"@type\":\"EntryPoint\",\"urlTemplate\":\"https:\\\/\\\/shopatoa.com\\\/ro\\\/?s={search_term_string}\"},\"query-input\":{\"@type\":\"PropertyValueSpecification\",\"valueRequired\":true,\"valueName\":\"search_term_string\"}}],\"inLanguage\":\"ro-RO\"},{\"@type\":\"Organization\",\"@id\":\"https:\\\/\\\/shopatoa.com\\\/ro\\\/#organization\",\"name\":\"SHOPATOA\",\"url\":\"https:\\\/\\\/shopatoa.com\\\/ro\\\/\",\"logo\":{\"@type\":\"ImageObject\",\"inLanguage\":\"ro-RO\",\"@id\":\"https:\\\/\\\/shopatoa.com\\\/ro\\\/#\\\/schema\\\/logo\\\/image\\\/\",\"url\":\"https:\\\/\\\/storage.googleapis.com\\\/cz-shopatoa-img\\\/ro\\\/b4dac915-shopatoa_logo.png\",\"contentUrl\":\"https:\\\/\\\/storage.googleapis.com\\\/cz-shopatoa-img\\\/ro\\\/b4dac915-shopatoa_logo.png\",\"width\":416,\"height\":63,\"caption\":\"SHOPATOA\"},\"image\":{\"@id\":\"https:\\\/\\\/shopatoa.com\\\/ro\\\/#\\\/schema\\\/logo\\\/image\\\/\"}}]}<\/script>\n<!-- \/ Yoast SEO plugin. -->","yoast_head_json":{"title":"Braun Perie de ondulare cu aer cald Satin Hair 3 - AS 330 - SHOPATOA.COM","robots":{"index":"index","follow":"follow","max-snippet":"max-snippet:-1","max-image-preview":"max-image-preview:large","max-video-preview":"max-video-preview:-1"},"canonical":"https:\/\/shopatoa.com\/ro\/braun-perie-de-ondulare-cu-aer-cald-satin-hair-3-as-330\/","og_locale":"ro_RO","og_type":"article","og_title":"Braun Perie de ondulare cu aer cald Satin Hair 3 - AS 330 - SHOPATOA.COM","og_description":"Tratament \u0219i uscare cu protec\u021bie maxim\u0103 a p\u0103rului: Perie de ondulare cu aer cald Satin Hair 3 O nou\u0103 coafur\u0103 \u00een fiecare zi f\u0103r\u0103 a fi nevoie vizita la un coafor? Nu numai c\u0103 acest lucru este posibil, dar este \u0219i simplu &#8211; cu peria de ondulare Satin Hair 3 cu aer cald. V\u0103 permite...","og_url":"https:\/\/shopatoa.com\/ro\/braun-perie-de-ondulare-cu-aer-cald-satin-hair-3-as-330\/","og_site_name":"SHOPATOA","article_modified_time":"2025-12-09T10:53:31+00:00","og_image":[{"width":800,"height":800,"url":"https:\/\/storage.googleapis.com\/cz-shopatoa-img\/ro\/e3b61ad5-unnamed-file.webp","type":"image\/webp"}],"twitter_card":"summary_large_image","twitter_misc":{"Timp estimat pentru citire":"1 minut"},"schema":{"@context":"https:\/\/schema.org","@graph":[{"@type":"WebPage","@id":"https:\/\/shopatoa.com\/ro\/braun-perie-de-ondulare-cu-aer-cald-satin-hair-3-as-330\/","url":"https:\/\/shopatoa.com\/ro\/braun-perie-de-ondulare-cu-aer-cald-satin-hair-3-as-330\/","name":"Braun Perie de ondulare cu aer cald Satin Hair 3 - AS 330 - SHOPATOA.COM","isPartOf":{"@id":"https:\/\/shopatoa.com\/ro\/#website"},"primaryImageOfPage":{"@id":"https:\/\/shopatoa.com\/ro\/braun-perie-de-ondulare-cu-aer-cald-satin-hair-3-as-330\/#primaryimage"},"image":{"@id":"https:\/\/shopatoa.com\/ro\/braun-perie-de-ondulare-cu-aer-cald-satin-hair-3-as-330\/#primaryimage"},"thumbnailUrl":"https:\/\/storage.googleapis.com\/cz-shopatoa-img\/ro\/e3b61ad5-unnamed-file.webp","datePublished":"2025-04-28T13:35:48+00:00","dateModified":"2025-12-09T10:53:31+00:00","breadcrumb":{"@id":"https:\/\/shopatoa.com\/ro\/braun-perie-de-ondulare-cu-aer-cald-satin-hair-3-as-330\/#breadcrumb"},"inLanguage":"ro-RO","potentialAction":[{"@type":"ReadAction","target":["https:\/\/shopatoa.com\/ro\/braun-perie-de-ondulare-cu-aer-cald-satin-hair-3-as-330\/"]}]},{"@type":"ImageObject","inLanguage":"ro-RO","@id":"https:\/\/shopatoa.com\/ro\/braun-perie-de-ondulare-cu-aer-cald-satin-hair-3-as-330\/#primaryimage","url":"https:\/\/storage.googleapis.com\/cz-shopatoa-img\/ro\/e3b61ad5-unnamed-file.webp","contentUrl":"https:\/\/storage.googleapis.com\/cz-shopatoa-img\/ro\/e3b61ad5-unnamed-file.webp","width":800,"height":800},{"@type":"BreadcrumbList","@id":"https:\/\/shopatoa.com\/ro\/braun-perie-de-ondulare-cu-aer-cald-satin-hair-3-as-330\/#breadcrumb","itemListElement":[{"@type":"ListItem","position":1,"name":"Dom\u016f","item":"https:\/\/shopatoa.com\/ro\/"},{"@type":"ListItem","position":2,"name":"Shop","item":"https:\/\/shopatoa.com\/ro\/shop\/"},{"@type":"ListItem","position":3,"name":"Cosmetice","item":"https:\/\/shopatoa.com\/ro\/cosmetice\/"},{"@type":"ListItem","position":4,"name":"Produse cosmetice pentru p\u0103r","item":"https:\/\/shopatoa.com\/ro\/produse-cosmetice-pentru-par\/"},{"@type":"ListItem","position":5,"name":"Produse, aparate \u0219i accesorii pentru p\u0103r","item":"https:\/\/shopatoa.com\/ro\/produse-aparate-si-accesorii-pentru-par\/"},{"@type":"ListItem","position":6,"name":"Piepteni","item":"https:\/\/shopatoa.com\/ro\/piepteni\/"},{"@type":"ListItem","position":7,"name":"Braun Perie de ondulare cu aer cald Satin Hair 3 &#8211; AS 330"}]},{"@type":"WebSite","@id":"https:\/\/shopatoa.com\/ro\/#website","url":"https:\/\/shopatoa.com\/ro\/","name":"SHOPATOA","description":"","publisher":{"@id":"https:\/\/shopatoa.com\/ro\/#organization"},"potentialAction":[{"@type":"SearchAction","target":{"@type":"EntryPoint","urlTemplate":"https:\/\/shopatoa.com\/ro\/?s={search_term_string}"},"query-input":{"@type":"PropertyValueSpecification","valueRequired":true,"valueName":"search_term_string"}}],"inLanguage":"ro-RO"},{"@type":"Organization","@id":"https:\/\/shopatoa.com\/ro\/#organization","name":"SHOPATOA","url":"https:\/\/shopatoa.com\/ro\/","logo":{"@type":"ImageObject","inLanguage":"ro-RO","@id":"https:\/\/shopatoa.com\/ro\/#\/schema\/logo\/image\/","url":"https:\/\/storage.googleapis.com\/cz-shopatoa-img\/ro\/b4dac915-shopatoa_logo.png","contentUrl":"https:\/\/storage.googleapis.com\/cz-shopatoa-img\/ro\/b4dac915-shopatoa_logo.png","width":416,"height":63,"caption":"SHOPATOA"},"image":{"@id":"https:\/\/shopatoa.com\/ro\/#\/schema\/logo\/image\/"}}]}},"_links":{"self":[{"href":"https:\/\/shopatoa.com\/ro\/wp-json\/wp\/v2\/product\/266365","targetHints":{"allow":["GET"]}}],"collection":[{"href":"https:\/\/shopatoa.com\/ro\/wp-json\/wp\/v2\/product"}],"about":[{"href":"https:\/\/shopatoa.com\/ro\/wp-json\/wp\/v2\/types\/product"}],"replies":[{"embeddable":true,"href":"https:\/\/shopatoa.com\/ro\/wp-json\/wp\/v2\/comments?post=266365"}],"wp:featuredmedia":[{"embeddable":true,"href":"https:\/\/shopatoa.com\/ro\/wp-json\/wp\/v2\/media\/266366"}],"wp:attachment":[{"href":"https:\/\/shopatoa.com\/ro\/wp-json\/wp\/v2\/media?parent=266365"}],"wp:term":[{"taxonomy":"product_brand","embeddable":true,"href":"https:\/\/shopatoa.com\/ro\/wp-json\/wp\/v2\/product_brand?post=266365"},{"taxonomy":"product_cat","embeddable":true,"href":"https:\/\/shopatoa.com\/ro\/wp-json\/wp\/v2\/product_cat?post=266365"},{"taxonomy":"product_tag","embeddable":true,"href":"https:\/\/shopatoa.com\/ro\/wp-json\/wp\/v2\/product_tag?post=266365"}],"curies":[{"name":"wp","href":"https:\/\/api.w.org\/{rel}","templated":true}]}}