{"id":266405,"date":"2025-04-28T15:45:37","date_gmt":"2025-04-28T13:45:37","guid":{"rendered":"https:\/\/shopatoa.com\/ro\/men-rock-london-geanta-cosmetica-cosmetic-bag\/"},"modified":"2025-12-09T11:43:10","modified_gmt":"2025-12-09T10:43:10","slug":"men-rock-london-geanta-cosmetica-cosmetic-bag","status":"publish","type":"product","link":"https:\/\/shopatoa.com\/ro\/men-rock-london-geanta-cosmetica-cosmetic-bag\/","title":{"rendered":"Men Rock London Geant\u0103 cosmetic\u0103 (Cosmetic Bag)"},"content":{"rendered":"<p>Geant\u0103 cosmetic\u0103 elegant\u0103 \u0219i practic\u0103, care v\u0103 men\u021bine organizat\u0103 rutina de \u00eengrijire. Fabricat\u0103 din material durabil \u0219i rezistent la ap\u0103, ofer\u0103 un design gri elegant, potrivit pentru utilizarea zilnic\u0103 \u0219i pentru c\u0103l\u0103torii. Interiorul spa\u021bios \u0219i fermoarul puternic asigur\u0103 depozitarea \u00een siguran\u021b\u0103 a tuturor lucrurilor esen\u021biale, de la \u00eengrijirea pielii la instrumentele de \u00eengrijire a b\u0103rbii. Designul minimalist cu logo-ul Men Rock confer\u0103 gen\u021bii un aspect modern \u0219i sofisticat. Accesoriul perfect pentru orice b\u0103rbat care dore\u0219te s\u0103 \u00ee\u0219i \u021bin\u0103 produsele de \u00eengrijire la \u00eendem\u00e2n\u0103.<\/p>\n","protected":false},"excerpt":{"rendered":"<p>Geant\u0103 cosmetic\u0103 elegant\u0103 \u0219i practic\u0103, care v\u0103 men\u021bine organizat\u0103 rutina de \u00eengrijire. Fabricat\u0103 din material durabil \u0219i rezistent la ap\u0103, ofer\u0103 un design gri elegant, potrivit pentru utilizarea zilnic\u0103 \u0219i pentru c\u0103l\u0103torii. Interiorul spa\u021bios \u0219i fermoarul puternic asigur\u0103 depozitarea \u00een siguran\u021b\u0103 a tuturor lucrurilor esen\u021biale, de la \u00eengrijirea pielii la instrumentele de \u00eengrijire a b\u0103rbii&#8230;.<\/p>\n","protected":false},"featured_media":266406,"comment_status":"closed","ping_status":"open","template":"","meta":{"_acf_changed":false,"_kadence_starter_templates_imported_post":false,"_kad_post_transparent":"","_kad_post_title":"","_kad_post_layout":"","_kad_post_sidebar_id":"","_kad_post_content_style":"","_kad_post_vertical_padding":"","_kad_post_feature":"","_kad_post_feature_position":"","_kad_post_header":false,"_kad_post_footer":false,"_kad_post_classname":""},"product_brand":[514],"product_cat":[658,1058,246,609],"product_tag":[],"class_list":{"0":"post-266405","1":"product","2":"type-product","3":"status-publish","4":"has-post-thumbnail","6":"product_brand-men-rock-london","7":"product_cat-accesorii-cosmetice","8":"product_cat-cazuri-cosmetice","9":"product_cat-cosmetice","10":"product_cat-cosmetice-decorative","12":"first","13":"instock","14":"product-type-external","15":"entry","16":"content-bg","17":"loop-entry"},"acf":[],"yoast_head":"<!-- This site is optimized with the Yoast SEO plugin v27.3 - https:\/\/yoast.com\/product\/yoast-seo-wordpress\/ -->\n<title>Men Rock London Geant\u0103 cosmetic\u0103 (Cosmetic Bag) - SHOPATOA.COM<\/title>\n<meta name=\"robots\" content=\"index, follow, max-snippet:-1, max-image-preview:large, max-video-preview:-1\" \/>\n<link rel=\"canonical\" href=\"https:\/\/shopatoa.com\/ro\/men-rock-london-geanta-cosmetica-cosmetic-bag\/\" \/>\n<meta property=\"og:locale\" content=\"ro_RO\" \/>\n<meta property=\"og:type\" content=\"article\" \/>\n<meta property=\"og:title\" content=\"Men Rock London Geant\u0103 cosmetic\u0103 (Cosmetic Bag) - SHOPATOA.COM\" \/>\n<meta property=\"og:description\" content=\"Geant\u0103 cosmetic\u0103 elegant\u0103 \u0219i practic\u0103, care v\u0103 men\u021bine organizat\u0103 rutina de \u00eengrijire. Fabricat\u0103 din material durabil \u0219i rezistent la ap\u0103, ofer\u0103 un design gri elegant, potrivit pentru utilizarea zilnic\u0103 \u0219i pentru c\u0103l\u0103torii. Interiorul spa\u021bios \u0219i fermoarul puternic asigur\u0103 depozitarea \u00een siguran\u021b\u0103 a tuturor lucrurilor esen\u021biale, de la \u00eengrijirea pielii la instrumentele de \u00eengrijire a b\u0103rbii....\" \/>\n<meta property=\"og:url\" content=\"https:\/\/shopatoa.com\/ro\/men-rock-london-geanta-cosmetica-cosmetic-bag\/\" \/>\n<meta property=\"og:site_name\" content=\"SHOPATOA\" \/>\n<meta property=\"article:modified_time\" content=\"2025-12-09T10:43:10+00:00\" \/>\n<meta property=\"og:image\" content=\"https:\/\/storage.googleapis.com\/cz-shopatoa-img\/ro\/ed312566-unnamed-file.webp\" \/>\n\t<meta property=\"og:image:width\" content=\"800\" \/>\n\t<meta property=\"og:image:height\" content=\"800\" \/>\n\t<meta property=\"og:image:type\" content=\"image\/webp\" \/>\n<meta name=\"twitter:card\" content=\"summary_large_image\" \/>\n<script type=\"application\/ld+json\" class=\"yoast-schema-graph\">{\"@context\":\"https:\\\/\\\/schema.org\",\"@graph\":[{\"@type\":\"WebPage\",\"@id\":\"https:\\\/\\\/shopatoa.com\\\/ro\\\/men-rock-london-geanta-cosmetica-cosmetic-bag\\\/\",\"url\":\"https:\\\/\\\/shopatoa.com\\\/ro\\\/men-rock-london-geanta-cosmetica-cosmetic-bag\\\/\",\"name\":\"Men Rock London Geant\u0103 cosmetic\u0103 (Cosmetic Bag) - SHOPATOA.COM\",\"isPartOf\":{\"@id\":\"https:\\\/\\\/shopatoa.com\\\/ro\\\/#website\"},\"primaryImageOfPage\":{\"@id\":\"https:\\\/\\\/shopatoa.com\\\/ro\\\/men-rock-london-geanta-cosmetica-cosmetic-bag\\\/#primaryimage\"},\"image\":{\"@id\":\"https:\\\/\\\/shopatoa.com\\\/ro\\\/men-rock-london-geanta-cosmetica-cosmetic-bag\\\/#primaryimage\"},\"thumbnailUrl\":\"https:\\\/\\\/storage.googleapis.com\\\/cz-shopatoa-img\\\/ro\\\/ed312566-unnamed-file.webp\",\"datePublished\":\"2025-04-28T13:45:37+00:00\",\"dateModified\":\"2025-12-09T10:43:10+00:00\",\"breadcrumb\":{\"@id\":\"https:\\\/\\\/shopatoa.com\\\/ro\\\/men-rock-london-geanta-cosmetica-cosmetic-bag\\\/#breadcrumb\"},\"inLanguage\":\"ro-RO\",\"potentialAction\":[{\"@type\":\"ReadAction\",\"target\":[\"https:\\\/\\\/shopatoa.com\\\/ro\\\/men-rock-london-geanta-cosmetica-cosmetic-bag\\\/\"]}]},{\"@type\":\"ImageObject\",\"inLanguage\":\"ro-RO\",\"@id\":\"https:\\\/\\\/shopatoa.com\\\/ro\\\/men-rock-london-geanta-cosmetica-cosmetic-bag\\\/#primaryimage\",\"url\":\"https:\\\/\\\/storage.googleapis.com\\\/cz-shopatoa-img\\\/ro\\\/ed312566-unnamed-file.webp\",\"contentUrl\":\"https:\\\/\\\/storage.googleapis.com\\\/cz-shopatoa-img\\\/ro\\\/ed312566-unnamed-file.webp\",\"width\":800,\"height\":800},{\"@type\":\"BreadcrumbList\",\"@id\":\"https:\\\/\\\/shopatoa.com\\\/ro\\\/men-rock-london-geanta-cosmetica-cosmetic-bag\\\/#breadcrumb\",\"itemListElement\":[{\"@type\":\"ListItem\",\"position\":1,\"name\":\"Dom\u016f\",\"item\":\"https:\\\/\\\/shopatoa.com\\\/ro\\\/\"},{\"@type\":\"ListItem\",\"position\":2,\"name\":\"Shop\",\"item\":\"https:\\\/\\\/shopatoa.com\\\/ro\\\/shop\\\/\"},{\"@type\":\"ListItem\",\"position\":3,\"name\":\"Cosmetice\",\"item\":\"https:\\\/\\\/shopatoa.com\\\/ro\\\/cosmetice\\\/\"},{\"@type\":\"ListItem\",\"position\":4,\"name\":\"Cosmetice decorative\",\"item\":\"https:\\\/\\\/shopatoa.com\\\/ro\\\/cosmetice-decorative\\\/\"},{\"@type\":\"ListItem\",\"position\":5,\"name\":\"Accesorii cosmetice\",\"item\":\"https:\\\/\\\/shopatoa.com\\\/ro\\\/accesorii-cosmetice\\\/\"},{\"@type\":\"ListItem\",\"position\":6,\"name\":\"Cazuri cosmetice\",\"item\":\"https:\\\/\\\/shopatoa.com\\\/ro\\\/cazuri-cosmetice\\\/\"},{\"@type\":\"ListItem\",\"position\":7,\"name\":\"Men Rock London Geant\u0103 cosmetic\u0103 (Cosmetic Bag)\"}]},{\"@type\":\"WebSite\",\"@id\":\"https:\\\/\\\/shopatoa.com\\\/ro\\\/#website\",\"url\":\"https:\\\/\\\/shopatoa.com\\\/ro\\\/\",\"name\":\"SHOPATOA\",\"description\":\"\",\"publisher\":{\"@id\":\"https:\\\/\\\/shopatoa.com\\\/ro\\\/#organization\"},\"potentialAction\":[{\"@type\":\"SearchAction\",\"target\":{\"@type\":\"EntryPoint\",\"urlTemplate\":\"https:\\\/\\\/shopatoa.com\\\/ro\\\/?s={search_term_string}\"},\"query-input\":{\"@type\":\"PropertyValueSpecification\",\"valueRequired\":true,\"valueName\":\"search_term_string\"}}],\"inLanguage\":\"ro-RO\"},{\"@type\":\"Organization\",\"@id\":\"https:\\\/\\\/shopatoa.com\\\/ro\\\/#organization\",\"name\":\"SHOPATOA\",\"url\":\"https:\\\/\\\/shopatoa.com\\\/ro\\\/\",\"logo\":{\"@type\":\"ImageObject\",\"inLanguage\":\"ro-RO\",\"@id\":\"https:\\\/\\\/shopatoa.com\\\/ro\\\/#\\\/schema\\\/logo\\\/image\\\/\",\"url\":\"https:\\\/\\\/storage.googleapis.com\\\/cz-shopatoa-img\\\/ro\\\/b4dac915-shopatoa_logo.png\",\"contentUrl\":\"https:\\\/\\\/storage.googleapis.com\\\/cz-shopatoa-img\\\/ro\\\/b4dac915-shopatoa_logo.png\",\"width\":416,\"height\":63,\"caption\":\"SHOPATOA\"},\"image\":{\"@id\":\"https:\\\/\\\/shopatoa.com\\\/ro\\\/#\\\/schema\\\/logo\\\/image\\\/\"}}]}<\/script>\n<!-- \/ Yoast SEO plugin. -->","yoast_head_json":{"title":"Men Rock London Geant\u0103 cosmetic\u0103 (Cosmetic Bag) - SHOPATOA.COM","robots":{"index":"index","follow":"follow","max-snippet":"max-snippet:-1","max-image-preview":"max-image-preview:large","max-video-preview":"max-video-preview:-1"},"canonical":"https:\/\/shopatoa.com\/ro\/men-rock-london-geanta-cosmetica-cosmetic-bag\/","og_locale":"ro_RO","og_type":"article","og_title":"Men Rock London Geant\u0103 cosmetic\u0103 (Cosmetic Bag) - SHOPATOA.COM","og_description":"Geant\u0103 cosmetic\u0103 elegant\u0103 \u0219i practic\u0103, care v\u0103 men\u021bine organizat\u0103 rutina de \u00eengrijire. Fabricat\u0103 din material durabil \u0219i rezistent la ap\u0103, ofer\u0103 un design gri elegant, potrivit pentru utilizarea zilnic\u0103 \u0219i pentru c\u0103l\u0103torii. Interiorul spa\u021bios \u0219i fermoarul puternic asigur\u0103 depozitarea \u00een siguran\u021b\u0103 a tuturor lucrurilor esen\u021biale, de la \u00eengrijirea pielii la instrumentele de \u00eengrijire a b\u0103rbii....","og_url":"https:\/\/shopatoa.com\/ro\/men-rock-london-geanta-cosmetica-cosmetic-bag\/","og_site_name":"SHOPATOA","article_modified_time":"2025-12-09T10:43:10+00:00","og_image":[{"width":800,"height":800,"url":"https:\/\/storage.googleapis.com\/cz-shopatoa-img\/ro\/ed312566-unnamed-file.webp","type":"image\/webp"}],"twitter_card":"summary_large_image","schema":{"@context":"https:\/\/schema.org","@graph":[{"@type":"WebPage","@id":"https:\/\/shopatoa.com\/ro\/men-rock-london-geanta-cosmetica-cosmetic-bag\/","url":"https:\/\/shopatoa.com\/ro\/men-rock-london-geanta-cosmetica-cosmetic-bag\/","name":"Men Rock London Geant\u0103 cosmetic\u0103 (Cosmetic Bag) - SHOPATOA.COM","isPartOf":{"@id":"https:\/\/shopatoa.com\/ro\/#website"},"primaryImageOfPage":{"@id":"https:\/\/shopatoa.com\/ro\/men-rock-london-geanta-cosmetica-cosmetic-bag\/#primaryimage"},"image":{"@id":"https:\/\/shopatoa.com\/ro\/men-rock-london-geanta-cosmetica-cosmetic-bag\/#primaryimage"},"thumbnailUrl":"https:\/\/storage.googleapis.com\/cz-shopatoa-img\/ro\/ed312566-unnamed-file.webp","datePublished":"2025-04-28T13:45:37+00:00","dateModified":"2025-12-09T10:43:10+00:00","breadcrumb":{"@id":"https:\/\/shopatoa.com\/ro\/men-rock-london-geanta-cosmetica-cosmetic-bag\/#breadcrumb"},"inLanguage":"ro-RO","potentialAction":[{"@type":"ReadAction","target":["https:\/\/shopatoa.com\/ro\/men-rock-london-geanta-cosmetica-cosmetic-bag\/"]}]},{"@type":"ImageObject","inLanguage":"ro-RO","@id":"https:\/\/shopatoa.com\/ro\/men-rock-london-geanta-cosmetica-cosmetic-bag\/#primaryimage","url":"https:\/\/storage.googleapis.com\/cz-shopatoa-img\/ro\/ed312566-unnamed-file.webp","contentUrl":"https:\/\/storage.googleapis.com\/cz-shopatoa-img\/ro\/ed312566-unnamed-file.webp","width":800,"height":800},{"@type":"BreadcrumbList","@id":"https:\/\/shopatoa.com\/ro\/men-rock-london-geanta-cosmetica-cosmetic-bag\/#breadcrumb","itemListElement":[{"@type":"ListItem","position":1,"name":"Dom\u016f","item":"https:\/\/shopatoa.com\/ro\/"},{"@type":"ListItem","position":2,"name":"Shop","item":"https:\/\/shopatoa.com\/ro\/shop\/"},{"@type":"ListItem","position":3,"name":"Cosmetice","item":"https:\/\/shopatoa.com\/ro\/cosmetice\/"},{"@type":"ListItem","position":4,"name":"Cosmetice decorative","item":"https:\/\/shopatoa.com\/ro\/cosmetice-decorative\/"},{"@type":"ListItem","position":5,"name":"Accesorii cosmetice","item":"https:\/\/shopatoa.com\/ro\/accesorii-cosmetice\/"},{"@type":"ListItem","position":6,"name":"Cazuri cosmetice","item":"https:\/\/shopatoa.com\/ro\/cazuri-cosmetice\/"},{"@type":"ListItem","position":7,"name":"Men Rock London Geant\u0103 cosmetic\u0103 (Cosmetic Bag)"}]},{"@type":"WebSite","@id":"https:\/\/shopatoa.com\/ro\/#website","url":"https:\/\/shopatoa.com\/ro\/","name":"SHOPATOA","description":"","publisher":{"@id":"https:\/\/shopatoa.com\/ro\/#organization"},"potentialAction":[{"@type":"SearchAction","target":{"@type":"EntryPoint","urlTemplate":"https:\/\/shopatoa.com\/ro\/?s={search_term_string}"},"query-input":{"@type":"PropertyValueSpecification","valueRequired":true,"valueName":"search_term_string"}}],"inLanguage":"ro-RO"},{"@type":"Organization","@id":"https:\/\/shopatoa.com\/ro\/#organization","name":"SHOPATOA","url":"https:\/\/shopatoa.com\/ro\/","logo":{"@type":"ImageObject","inLanguage":"ro-RO","@id":"https:\/\/shopatoa.com\/ro\/#\/schema\/logo\/image\/","url":"https:\/\/storage.googleapis.com\/cz-shopatoa-img\/ro\/b4dac915-shopatoa_logo.png","contentUrl":"https:\/\/storage.googleapis.com\/cz-shopatoa-img\/ro\/b4dac915-shopatoa_logo.png","width":416,"height":63,"caption":"SHOPATOA"},"image":{"@id":"https:\/\/shopatoa.com\/ro\/#\/schema\/logo\/image\/"}}]}},"_links":{"self":[{"href":"https:\/\/shopatoa.com\/ro\/wp-json\/wp\/v2\/product\/266405","targetHints":{"allow":["GET"]}}],"collection":[{"href":"https:\/\/shopatoa.com\/ro\/wp-json\/wp\/v2\/product"}],"about":[{"href":"https:\/\/shopatoa.com\/ro\/wp-json\/wp\/v2\/types\/product"}],"replies":[{"embeddable":true,"href":"https:\/\/shopatoa.com\/ro\/wp-json\/wp\/v2\/comments?post=266405"}],"wp:featuredmedia":[{"embeddable":true,"href":"https:\/\/shopatoa.com\/ro\/wp-json\/wp\/v2\/media\/266406"}],"wp:attachment":[{"href":"https:\/\/shopatoa.com\/ro\/wp-json\/wp\/v2\/media?parent=266405"}],"wp:term":[{"taxonomy":"product_brand","embeddable":true,"href":"https:\/\/shopatoa.com\/ro\/wp-json\/wp\/v2\/product_brand?post=266405"},{"taxonomy":"product_cat","embeddable":true,"href":"https:\/\/shopatoa.com\/ro\/wp-json\/wp\/v2\/product_cat?post=266405"},{"taxonomy":"product_tag","embeddable":true,"href":"https:\/\/shopatoa.com\/ro\/wp-json\/wp\/v2\/product_tag?post=266405"}],"curies":[{"name":"wp","href":"https:\/\/api.w.org\/{rel}","templated":true}]}}