{"id":266474,"date":"2025-04-28T16:00:48","date_gmt":"2025-04-28T14:00:48","guid":{"rendered":"https:\/\/shopatoa.com\/ro\/huda-beauty-machiaj-matifiant-fauxfilter-luminous-matte-foundation-35-ml-550r-hot-fudge\/"},"modified":"2025-12-09T11:26:11","modified_gmt":"2025-12-09T10:26:11","slug":"huda-beauty-machiaj-matifiant-fauxfilter-luminous-matte-foundation-35-ml-550r-hot-fudge","status":"publish","type":"product","link":"https:\/\/shopatoa.com\/ro\/huda-beauty-machiaj-matifiant-fauxfilter-luminous-matte-foundation-35-ml-550r-hot-fudge\/","title":{"rendered":"Huda Beauty Machiaj matifiant #FauxFilter (Luminous Matte Foundation) 35 ml 550R Hot Fudge"},"content":{"rendered":"<p>Machiajul #FauxFilter ofer\u0103 o acoperire complet\u0103 instantanee timp de p\u00e2n\u0103 la 24 de ore. Textura sa fluid\u0103 este rezistent\u0103 la pete \u0219i la decolorare, uniformizeaz\u0103 nuan\u021ba \u0219i textura pielii \u0219i las\u0103 pielea cu un aspect impecabil.<\/p>\n","protected":false},"excerpt":{"rendered":"<p>Machiajul #FauxFilter ofer\u0103 o acoperire complet\u0103 instantanee timp de p\u00e2n\u0103 la 24 de ore. Textura sa fluid\u0103 este rezistent\u0103 la pete \u0219i la decolorare, uniformizeaz\u0103 nuan\u021ba \u0219i textura pielii \u0219i las\u0103 pielea cu un aspect impecabil.<\/p>\n","protected":false},"featured_media":266475,"comment_status":"closed","ping_status":"open","template":"","meta":{"_acf_changed":false,"_kadence_starter_templates_imported_post":false,"_kad_post_transparent":"","_kad_post_title":"","_kad_post_layout":"","_kad_post_sidebar_id":"","_kad_post_content_style":"","_kad_post_vertical_padding":"","_kad_post_feature":"","_kad_post_feature_position":"","_kad_post_header":false,"_kad_post_footer":false,"_kad_post_classname":""},"product_brand":[515],"product_cat":[246,609,616,705],"product_tag":[],"class_list":{"0":"post-266474","1":"product","2":"type-product","3":"status-publish","4":"has-post-thumbnail","6":"product_brand-huda-beauty","7":"product_cat-cosmetice","8":"product_cat-cosmetice-decorative","9":"product_cat-machiaj-pentru-fata","10":"product_cat-make-ups","12":"first","13":"instock","14":"product-type-external","15":"entry","16":"content-bg","17":"loop-entry"},"acf":[],"yoast_head":"<!-- This site is optimized with the Yoast SEO plugin v27.3 - https:\/\/yoast.com\/product\/yoast-seo-wordpress\/ -->\n<title>Huda Beauty Machiaj matifiant #FauxFilter (Luminous Matte Foundation) 35 ml 550R Hot Fudge - SHOPATOA.COM<\/title>\n<meta name=\"robots\" content=\"index, follow, max-snippet:-1, max-image-preview:large, max-video-preview:-1\" \/>\n<link rel=\"canonical\" href=\"https:\/\/shopatoa.com\/ro\/huda-beauty-machiaj-matifiant-fauxfilter-luminous-matte-foundation-35-ml-550r-hot-fudge\/\" \/>\n<meta property=\"og:locale\" content=\"ro_RO\" \/>\n<meta property=\"og:type\" content=\"article\" \/>\n<meta property=\"og:title\" content=\"Huda Beauty Machiaj matifiant #FauxFilter (Luminous Matte Foundation) 35 ml 550R Hot Fudge - SHOPATOA.COM\" \/>\n<meta property=\"og:description\" content=\"Machiajul #FauxFilter ofer\u0103 o acoperire complet\u0103 instantanee timp de p\u00e2n\u0103 la 24 de ore. Textura sa fluid\u0103 este rezistent\u0103 la pete \u0219i la decolorare, uniformizeaz\u0103 nuan\u021ba \u0219i textura pielii \u0219i las\u0103 pielea cu un aspect impecabil.\" \/>\n<meta property=\"og:url\" content=\"https:\/\/shopatoa.com\/ro\/huda-beauty-machiaj-matifiant-fauxfilter-luminous-matte-foundation-35-ml-550r-hot-fudge\/\" \/>\n<meta property=\"og:site_name\" content=\"SHOPATOA\" \/>\n<meta property=\"article:modified_time\" content=\"2025-12-09T10:26:11+00:00\" \/>\n<meta property=\"og:image\" content=\"https:\/\/storage.googleapis.com\/cz-shopatoa-img\/ro\/1860c8f0-unnamed-file.webp\" \/>\n\t<meta property=\"og:image:width\" content=\"800\" \/>\n\t<meta property=\"og:image:height\" content=\"800\" \/>\n\t<meta property=\"og:image:type\" content=\"image\/webp\" \/>\n<meta name=\"twitter:card\" content=\"summary_large_image\" \/>\n<script type=\"application\/ld+json\" class=\"yoast-schema-graph\">{\"@context\":\"https:\\\/\\\/schema.org\",\"@graph\":[{\"@type\":\"WebPage\",\"@id\":\"https:\\\/\\\/shopatoa.com\\\/ro\\\/huda-beauty-machiaj-matifiant-fauxfilter-luminous-matte-foundation-35-ml-550r-hot-fudge\\\/\",\"url\":\"https:\\\/\\\/shopatoa.com\\\/ro\\\/huda-beauty-machiaj-matifiant-fauxfilter-luminous-matte-foundation-35-ml-550r-hot-fudge\\\/\",\"name\":\"Huda Beauty Machiaj matifiant #FauxFilter (Luminous Matte Foundation) 35 ml 550R Hot Fudge - SHOPATOA.COM\",\"isPartOf\":{\"@id\":\"https:\\\/\\\/shopatoa.com\\\/ro\\\/#website\"},\"primaryImageOfPage\":{\"@id\":\"https:\\\/\\\/shopatoa.com\\\/ro\\\/huda-beauty-machiaj-matifiant-fauxfilter-luminous-matte-foundation-35-ml-550r-hot-fudge\\\/#primaryimage\"},\"image\":{\"@id\":\"https:\\\/\\\/shopatoa.com\\\/ro\\\/huda-beauty-machiaj-matifiant-fauxfilter-luminous-matte-foundation-35-ml-550r-hot-fudge\\\/#primaryimage\"},\"thumbnailUrl\":\"https:\\\/\\\/storage.googleapis.com\\\/cz-shopatoa-img\\\/ro\\\/1860c8f0-unnamed-file.webp\",\"datePublished\":\"2025-04-28T14:00:48+00:00\",\"dateModified\":\"2025-12-09T10:26:11+00:00\",\"breadcrumb\":{\"@id\":\"https:\\\/\\\/shopatoa.com\\\/ro\\\/huda-beauty-machiaj-matifiant-fauxfilter-luminous-matte-foundation-35-ml-550r-hot-fudge\\\/#breadcrumb\"},\"inLanguage\":\"ro-RO\",\"potentialAction\":[{\"@type\":\"ReadAction\",\"target\":[\"https:\\\/\\\/shopatoa.com\\\/ro\\\/huda-beauty-machiaj-matifiant-fauxfilter-luminous-matte-foundation-35-ml-550r-hot-fudge\\\/\"]}]},{\"@type\":\"ImageObject\",\"inLanguage\":\"ro-RO\",\"@id\":\"https:\\\/\\\/shopatoa.com\\\/ro\\\/huda-beauty-machiaj-matifiant-fauxfilter-luminous-matte-foundation-35-ml-550r-hot-fudge\\\/#primaryimage\",\"url\":\"https:\\\/\\\/storage.googleapis.com\\\/cz-shopatoa-img\\\/ro\\\/1860c8f0-unnamed-file.webp\",\"contentUrl\":\"https:\\\/\\\/storage.googleapis.com\\\/cz-shopatoa-img\\\/ro\\\/1860c8f0-unnamed-file.webp\",\"width\":800,\"height\":800},{\"@type\":\"BreadcrumbList\",\"@id\":\"https:\\\/\\\/shopatoa.com\\\/ro\\\/huda-beauty-machiaj-matifiant-fauxfilter-luminous-matte-foundation-35-ml-550r-hot-fudge\\\/#breadcrumb\",\"itemListElement\":[{\"@type\":\"ListItem\",\"position\":1,\"name\":\"Dom\u016f\",\"item\":\"https:\\\/\\\/shopatoa.com\\\/ro\\\/\"},{\"@type\":\"ListItem\",\"position\":2,\"name\":\"Shop\",\"item\":\"https:\\\/\\\/shopatoa.com\\\/ro\\\/shop\\\/\"},{\"@type\":\"ListItem\",\"position\":3,\"name\":\"Cosmetice\",\"item\":\"https:\\\/\\\/shopatoa.com\\\/ro\\\/cosmetice\\\/\"},{\"@type\":\"ListItem\",\"position\":4,\"name\":\"Cosmetice decorative\",\"item\":\"https:\\\/\\\/shopatoa.com\\\/ro\\\/cosmetice-decorative\\\/\"},{\"@type\":\"ListItem\",\"position\":5,\"name\":\"Machiaj pentru fa\u021ba\",\"item\":\"https:\\\/\\\/shopatoa.com\\\/ro\\\/machiaj-pentru-fata\\\/\"},{\"@type\":\"ListItem\",\"position\":6,\"name\":\"Make-ups\",\"item\":\"https:\\\/\\\/shopatoa.com\\\/ro\\\/make-ups\\\/\"},{\"@type\":\"ListItem\",\"position\":7,\"name\":\"Huda Beauty Machiaj matifiant #FauxFilter (Luminous Matte Foundation) 35 ml 550R Hot Fudge\"}]},{\"@type\":\"WebSite\",\"@id\":\"https:\\\/\\\/shopatoa.com\\\/ro\\\/#website\",\"url\":\"https:\\\/\\\/shopatoa.com\\\/ro\\\/\",\"name\":\"SHOPATOA\",\"description\":\"\",\"publisher\":{\"@id\":\"https:\\\/\\\/shopatoa.com\\\/ro\\\/#organization\"},\"potentialAction\":[{\"@type\":\"SearchAction\",\"target\":{\"@type\":\"EntryPoint\",\"urlTemplate\":\"https:\\\/\\\/shopatoa.com\\\/ro\\\/?s={search_term_string}\"},\"query-input\":{\"@type\":\"PropertyValueSpecification\",\"valueRequired\":true,\"valueName\":\"search_term_string\"}}],\"inLanguage\":\"ro-RO\"},{\"@type\":\"Organization\",\"@id\":\"https:\\\/\\\/shopatoa.com\\\/ro\\\/#organization\",\"name\":\"SHOPATOA\",\"url\":\"https:\\\/\\\/shopatoa.com\\\/ro\\\/\",\"logo\":{\"@type\":\"ImageObject\",\"inLanguage\":\"ro-RO\",\"@id\":\"https:\\\/\\\/shopatoa.com\\\/ro\\\/#\\\/schema\\\/logo\\\/image\\\/\",\"url\":\"https:\\\/\\\/storage.googleapis.com\\\/cz-shopatoa-img\\\/ro\\\/b4dac915-shopatoa_logo.png\",\"contentUrl\":\"https:\\\/\\\/storage.googleapis.com\\\/cz-shopatoa-img\\\/ro\\\/b4dac915-shopatoa_logo.png\",\"width\":416,\"height\":63,\"caption\":\"SHOPATOA\"},\"image\":{\"@id\":\"https:\\\/\\\/shopatoa.com\\\/ro\\\/#\\\/schema\\\/logo\\\/image\\\/\"}}]}<\/script>\n<!-- \/ Yoast SEO plugin. -->","yoast_head_json":{"title":"Huda Beauty Machiaj matifiant #FauxFilter (Luminous Matte Foundation) 35 ml 550R Hot Fudge - SHOPATOA.COM","robots":{"index":"index","follow":"follow","max-snippet":"max-snippet:-1","max-image-preview":"max-image-preview:large","max-video-preview":"max-video-preview:-1"},"canonical":"https:\/\/shopatoa.com\/ro\/huda-beauty-machiaj-matifiant-fauxfilter-luminous-matte-foundation-35-ml-550r-hot-fudge\/","og_locale":"ro_RO","og_type":"article","og_title":"Huda Beauty Machiaj matifiant #FauxFilter (Luminous Matte Foundation) 35 ml 550R Hot Fudge - SHOPATOA.COM","og_description":"Machiajul #FauxFilter ofer\u0103 o acoperire complet\u0103 instantanee timp de p\u00e2n\u0103 la 24 de ore. Textura sa fluid\u0103 este rezistent\u0103 la pete \u0219i la decolorare, uniformizeaz\u0103 nuan\u021ba \u0219i textura pielii \u0219i las\u0103 pielea cu un aspect impecabil.","og_url":"https:\/\/shopatoa.com\/ro\/huda-beauty-machiaj-matifiant-fauxfilter-luminous-matte-foundation-35-ml-550r-hot-fudge\/","og_site_name":"SHOPATOA","article_modified_time":"2025-12-09T10:26:11+00:00","og_image":[{"width":800,"height":800,"url":"https:\/\/storage.googleapis.com\/cz-shopatoa-img\/ro\/1860c8f0-unnamed-file.webp","type":"image\/webp"}],"twitter_card":"summary_large_image","schema":{"@context":"https:\/\/schema.org","@graph":[{"@type":"WebPage","@id":"https:\/\/shopatoa.com\/ro\/huda-beauty-machiaj-matifiant-fauxfilter-luminous-matte-foundation-35-ml-550r-hot-fudge\/","url":"https:\/\/shopatoa.com\/ro\/huda-beauty-machiaj-matifiant-fauxfilter-luminous-matte-foundation-35-ml-550r-hot-fudge\/","name":"Huda Beauty Machiaj matifiant #FauxFilter (Luminous Matte Foundation) 35 ml 550R Hot Fudge - SHOPATOA.COM","isPartOf":{"@id":"https:\/\/shopatoa.com\/ro\/#website"},"primaryImageOfPage":{"@id":"https:\/\/shopatoa.com\/ro\/huda-beauty-machiaj-matifiant-fauxfilter-luminous-matte-foundation-35-ml-550r-hot-fudge\/#primaryimage"},"image":{"@id":"https:\/\/shopatoa.com\/ro\/huda-beauty-machiaj-matifiant-fauxfilter-luminous-matte-foundation-35-ml-550r-hot-fudge\/#primaryimage"},"thumbnailUrl":"https:\/\/storage.googleapis.com\/cz-shopatoa-img\/ro\/1860c8f0-unnamed-file.webp","datePublished":"2025-04-28T14:00:48+00:00","dateModified":"2025-12-09T10:26:11+00:00","breadcrumb":{"@id":"https:\/\/shopatoa.com\/ro\/huda-beauty-machiaj-matifiant-fauxfilter-luminous-matte-foundation-35-ml-550r-hot-fudge\/#breadcrumb"},"inLanguage":"ro-RO","potentialAction":[{"@type":"ReadAction","target":["https:\/\/shopatoa.com\/ro\/huda-beauty-machiaj-matifiant-fauxfilter-luminous-matte-foundation-35-ml-550r-hot-fudge\/"]}]},{"@type":"ImageObject","inLanguage":"ro-RO","@id":"https:\/\/shopatoa.com\/ro\/huda-beauty-machiaj-matifiant-fauxfilter-luminous-matte-foundation-35-ml-550r-hot-fudge\/#primaryimage","url":"https:\/\/storage.googleapis.com\/cz-shopatoa-img\/ro\/1860c8f0-unnamed-file.webp","contentUrl":"https:\/\/storage.googleapis.com\/cz-shopatoa-img\/ro\/1860c8f0-unnamed-file.webp","width":800,"height":800},{"@type":"BreadcrumbList","@id":"https:\/\/shopatoa.com\/ro\/huda-beauty-machiaj-matifiant-fauxfilter-luminous-matte-foundation-35-ml-550r-hot-fudge\/#breadcrumb","itemListElement":[{"@type":"ListItem","position":1,"name":"Dom\u016f","item":"https:\/\/shopatoa.com\/ro\/"},{"@type":"ListItem","position":2,"name":"Shop","item":"https:\/\/shopatoa.com\/ro\/shop\/"},{"@type":"ListItem","position":3,"name":"Cosmetice","item":"https:\/\/shopatoa.com\/ro\/cosmetice\/"},{"@type":"ListItem","position":4,"name":"Cosmetice decorative","item":"https:\/\/shopatoa.com\/ro\/cosmetice-decorative\/"},{"@type":"ListItem","position":5,"name":"Machiaj pentru fa\u021ba","item":"https:\/\/shopatoa.com\/ro\/machiaj-pentru-fata\/"},{"@type":"ListItem","position":6,"name":"Make-ups","item":"https:\/\/shopatoa.com\/ro\/make-ups\/"},{"@type":"ListItem","position":7,"name":"Huda Beauty Machiaj matifiant #FauxFilter (Luminous Matte Foundation) 35 ml 550R Hot Fudge"}]},{"@type":"WebSite","@id":"https:\/\/shopatoa.com\/ro\/#website","url":"https:\/\/shopatoa.com\/ro\/","name":"SHOPATOA","description":"","publisher":{"@id":"https:\/\/shopatoa.com\/ro\/#organization"},"potentialAction":[{"@type":"SearchAction","target":{"@type":"EntryPoint","urlTemplate":"https:\/\/shopatoa.com\/ro\/?s={search_term_string}"},"query-input":{"@type":"PropertyValueSpecification","valueRequired":true,"valueName":"search_term_string"}}],"inLanguage":"ro-RO"},{"@type":"Organization","@id":"https:\/\/shopatoa.com\/ro\/#organization","name":"SHOPATOA","url":"https:\/\/shopatoa.com\/ro\/","logo":{"@type":"ImageObject","inLanguage":"ro-RO","@id":"https:\/\/shopatoa.com\/ro\/#\/schema\/logo\/image\/","url":"https:\/\/storage.googleapis.com\/cz-shopatoa-img\/ro\/b4dac915-shopatoa_logo.png","contentUrl":"https:\/\/storage.googleapis.com\/cz-shopatoa-img\/ro\/b4dac915-shopatoa_logo.png","width":416,"height":63,"caption":"SHOPATOA"},"image":{"@id":"https:\/\/shopatoa.com\/ro\/#\/schema\/logo\/image\/"}}]}},"_links":{"self":[{"href":"https:\/\/shopatoa.com\/ro\/wp-json\/wp\/v2\/product\/266474","targetHints":{"allow":["GET"]}}],"collection":[{"href":"https:\/\/shopatoa.com\/ro\/wp-json\/wp\/v2\/product"}],"about":[{"href":"https:\/\/shopatoa.com\/ro\/wp-json\/wp\/v2\/types\/product"}],"replies":[{"embeddable":true,"href":"https:\/\/shopatoa.com\/ro\/wp-json\/wp\/v2\/comments?post=266474"}],"wp:featuredmedia":[{"embeddable":true,"href":"https:\/\/shopatoa.com\/ro\/wp-json\/wp\/v2\/media\/266475"}],"wp:attachment":[{"href":"https:\/\/shopatoa.com\/ro\/wp-json\/wp\/v2\/media?parent=266474"}],"wp:term":[{"taxonomy":"product_brand","embeddable":true,"href":"https:\/\/shopatoa.com\/ro\/wp-json\/wp\/v2\/product_brand?post=266474"},{"taxonomy":"product_cat","embeddable":true,"href":"https:\/\/shopatoa.com\/ro\/wp-json\/wp\/v2\/product_cat?post=266474"},{"taxonomy":"product_tag","embeddable":true,"href":"https:\/\/shopatoa.com\/ro\/wp-json\/wp\/v2\/product_tag?post=266474"}],"curies":[{"name":"wp","href":"https:\/\/api.w.org\/{rel}","templated":true}]}}