{"id":266532,"date":"2025-04-28T16:15:16","date_gmt":"2025-04-28T14:15:16","guid":{"rendered":"https:\/\/shopatoa.com\/ro\/forrest-love-cana-pentru-cocktailuri-racite-450-ml\/"},"modified":"2025-12-09T10:55:19","modified_gmt":"2025-12-09T09:55:19","slug":"forrest-love-cana-pentru-cocktailuri-racite-450-ml","status":"publish","type":"product","link":"https:\/\/shopatoa.com\/ro\/forrest-love-cana-pentru-cocktailuri-racite-450-ml\/","title":{"rendered":"Forrest &amp; Love Can\u0103 pentru cocktailuri r\u0103cite 450 ml"},"content":{"rendered":"<p>Cana pentru cocktailuri r\u0103coritoare, conceput\u0103 \u00eentr-un stil clasic minimalist, care va \u00eembog\u0103\u021bi instantaneu colec\u021bia dvs. de accesorii de bar, este fabricat\u0103 din o\u021bel inoxidabil alimentar cu un aspect luxos de cupru pe partea exterioar\u0103, f\u0103r\u0103 con\u021binut de metale grele.<\/p>\n","protected":false},"excerpt":{"rendered":"<p>Cana pentru cocktailuri r\u0103coritoare, conceput\u0103 \u00eentr-un stil clasic minimalist, care va \u00eembog\u0103\u021bi instantaneu colec\u021bia dvs. de accesorii de bar, este fabricat\u0103 din o\u021bel inoxidabil alimentar cu un aspect luxos de cupru pe partea exterioar\u0103, f\u0103r\u0103 con\u021binut de metale grele.<\/p>\n","protected":false},"featured_media":266533,"comment_status":"closed","ping_status":"open","template":"","meta":{"_acf_changed":false,"_kadence_starter_templates_imported_post":false,"_kad_post_transparent":"","_kad_post_title":"","_kad_post_layout":"","_kad_post_sidebar_id":"","_kad_post_content_style":"","_kad_post_vertical_padding":"","_kad_post_feature":"","_kad_post_feature_position":"","_kad_post_header":false,"_kad_post_footer":false,"_kad_post_classname":""},"product_brand":[996],"product_cat":[703,353],"product_tag":[],"class_list":{"0":"post-266532","1":"product","2":"type-product","3":"status-publish","4":"has-post-thumbnail","6":"product_brand-forrest-love","7":"product_cat-gospodarie","8":"product_cat-sanatate","10":"first","11":"instock","12":"product-type-external","13":"entry","14":"content-bg","15":"loop-entry"},"acf":[],"yoast_head":"<!-- This site is optimized with the Yoast SEO plugin v27.4 - https:\/\/yoast.com\/product\/yoast-seo-wordpress\/ -->\n<title>Forrest &amp; Love Can\u0103 pentru cocktailuri r\u0103cite 450 ml - SHOPATOA.COM<\/title>\n<meta name=\"robots\" content=\"index, follow, max-snippet:-1, max-image-preview:large, max-video-preview:-1\" \/>\n<link rel=\"canonical\" href=\"https:\/\/shopatoa.com\/ro\/forrest-love-cana-pentru-cocktailuri-racite-450-ml\/\" \/>\n<meta property=\"og:locale\" content=\"ro_RO\" \/>\n<meta property=\"og:type\" content=\"article\" \/>\n<meta property=\"og:title\" content=\"Forrest &amp; Love Can\u0103 pentru cocktailuri r\u0103cite 450 ml - SHOPATOA.COM\" \/>\n<meta property=\"og:description\" content=\"Cana pentru cocktailuri r\u0103coritoare, conceput\u0103 \u00eentr-un stil clasic minimalist, care va \u00eembog\u0103\u021bi instantaneu colec\u021bia dvs. de accesorii de bar, este fabricat\u0103 din o\u021bel inoxidabil alimentar cu un aspect luxos de cupru pe partea exterioar\u0103, f\u0103r\u0103 con\u021binut de metale grele.\" \/>\n<meta property=\"og:url\" content=\"https:\/\/shopatoa.com\/ro\/forrest-love-cana-pentru-cocktailuri-racite-450-ml\/\" \/>\n<meta property=\"og:site_name\" content=\"SHOPATOA\" \/>\n<meta property=\"article:modified_time\" content=\"2025-12-09T09:55:19+00:00\" \/>\n<meta property=\"og:image\" content=\"https:\/\/storage.googleapis.com\/cz-shopatoa-img\/ro\/a7ab134c-unnamed-file.webp\" \/>\n\t<meta property=\"og:image:width\" content=\"800\" \/>\n\t<meta property=\"og:image:height\" content=\"800\" \/>\n\t<meta property=\"og:image:type\" content=\"image\/webp\" \/>\n<meta name=\"twitter:card\" content=\"summary_large_image\" \/>\n<script type=\"application\/ld+json\" class=\"yoast-schema-graph\">{\"@context\":\"https:\\\/\\\/schema.org\",\"@graph\":[{\"@type\":\"WebPage\",\"@id\":\"https:\\\/\\\/shopatoa.com\\\/ro\\\/forrest-love-cana-pentru-cocktailuri-racite-450-ml\\\/\",\"url\":\"https:\\\/\\\/shopatoa.com\\\/ro\\\/forrest-love-cana-pentru-cocktailuri-racite-450-ml\\\/\",\"name\":\"Forrest & Love Can\u0103 pentru cocktailuri r\u0103cite 450 ml - SHOPATOA.COM\",\"isPartOf\":{\"@id\":\"https:\\\/\\\/shopatoa.com\\\/ro\\\/#website\"},\"primaryImageOfPage\":{\"@id\":\"https:\\\/\\\/shopatoa.com\\\/ro\\\/forrest-love-cana-pentru-cocktailuri-racite-450-ml\\\/#primaryimage\"},\"image\":{\"@id\":\"https:\\\/\\\/shopatoa.com\\\/ro\\\/forrest-love-cana-pentru-cocktailuri-racite-450-ml\\\/#primaryimage\"},\"thumbnailUrl\":\"https:\\\/\\\/storage.googleapis.com\\\/cz-shopatoa-img\\\/ro\\\/a7ab134c-unnamed-file.webp\",\"datePublished\":\"2025-04-28T14:15:16+00:00\",\"dateModified\":\"2025-12-09T09:55:19+00:00\",\"breadcrumb\":{\"@id\":\"https:\\\/\\\/shopatoa.com\\\/ro\\\/forrest-love-cana-pentru-cocktailuri-racite-450-ml\\\/#breadcrumb\"},\"inLanguage\":\"ro-RO\",\"potentialAction\":[{\"@type\":\"ReadAction\",\"target\":[\"https:\\\/\\\/shopatoa.com\\\/ro\\\/forrest-love-cana-pentru-cocktailuri-racite-450-ml\\\/\"]}]},{\"@type\":\"ImageObject\",\"inLanguage\":\"ro-RO\",\"@id\":\"https:\\\/\\\/shopatoa.com\\\/ro\\\/forrest-love-cana-pentru-cocktailuri-racite-450-ml\\\/#primaryimage\",\"url\":\"https:\\\/\\\/storage.googleapis.com\\\/cz-shopatoa-img\\\/ro\\\/a7ab134c-unnamed-file.webp\",\"contentUrl\":\"https:\\\/\\\/storage.googleapis.com\\\/cz-shopatoa-img\\\/ro\\\/a7ab134c-unnamed-file.webp\",\"width\":800,\"height\":800},{\"@type\":\"BreadcrumbList\",\"@id\":\"https:\\\/\\\/shopatoa.com\\\/ro\\\/forrest-love-cana-pentru-cocktailuri-racite-450-ml\\\/#breadcrumb\",\"itemListElement\":[{\"@type\":\"ListItem\",\"position\":1,\"name\":\"Dom\u016f\",\"item\":\"https:\\\/\\\/shopatoa.com\\\/ro\\\/\"},{\"@type\":\"ListItem\",\"position\":2,\"name\":\"Shop\",\"item\":\"https:\\\/\\\/shopatoa.com\\\/ro\\\/shop\\\/\"},{\"@type\":\"ListItem\",\"position\":3,\"name\":\"S\u0103n\u0103tate\",\"item\":\"https:\\\/\\\/shopatoa.com\\\/ro\\\/sanatate\\\/\"},{\"@type\":\"ListItem\",\"position\":4,\"name\":\"Gospod\u0103rie\",\"item\":\"https:\\\/\\\/shopatoa.com\\\/ro\\\/gospodarie\\\/\"},{\"@type\":\"ListItem\",\"position\":5,\"name\":\"Forrest &amp; Love Can\u0103 pentru cocktailuri r\u0103cite 450 ml\"}]},{\"@type\":\"WebSite\",\"@id\":\"https:\\\/\\\/shopatoa.com\\\/ro\\\/#website\",\"url\":\"https:\\\/\\\/shopatoa.com\\\/ro\\\/\",\"name\":\"SHOPATOA\",\"description\":\"\",\"publisher\":{\"@id\":\"https:\\\/\\\/shopatoa.com\\\/ro\\\/#organization\"},\"potentialAction\":[{\"@type\":\"SearchAction\",\"target\":{\"@type\":\"EntryPoint\",\"urlTemplate\":\"https:\\\/\\\/shopatoa.com\\\/ro\\\/?s={search_term_string}\"},\"query-input\":{\"@type\":\"PropertyValueSpecification\",\"valueRequired\":true,\"valueName\":\"search_term_string\"}}],\"inLanguage\":\"ro-RO\"},{\"@type\":\"Organization\",\"@id\":\"https:\\\/\\\/shopatoa.com\\\/ro\\\/#organization\",\"name\":\"SHOPATOA\",\"url\":\"https:\\\/\\\/shopatoa.com\\\/ro\\\/\",\"logo\":{\"@type\":\"ImageObject\",\"inLanguage\":\"ro-RO\",\"@id\":\"https:\\\/\\\/shopatoa.com\\\/ro\\\/#\\\/schema\\\/logo\\\/image\\\/\",\"url\":\"https:\\\/\\\/storage.googleapis.com\\\/cz-shopatoa-img\\\/ro\\\/b4dac915-shopatoa_logo.png\",\"contentUrl\":\"https:\\\/\\\/storage.googleapis.com\\\/cz-shopatoa-img\\\/ro\\\/b4dac915-shopatoa_logo.png\",\"width\":416,\"height\":63,\"caption\":\"SHOPATOA\"},\"image\":{\"@id\":\"https:\\\/\\\/shopatoa.com\\\/ro\\\/#\\\/schema\\\/logo\\\/image\\\/\"}}]}<\/script>\n<!-- \/ Yoast SEO plugin. -->","yoast_head_json":{"title":"Forrest & Love Can\u0103 pentru cocktailuri r\u0103cite 450 ml - SHOPATOA.COM","robots":{"index":"index","follow":"follow","max-snippet":"max-snippet:-1","max-image-preview":"max-image-preview:large","max-video-preview":"max-video-preview:-1"},"canonical":"https:\/\/shopatoa.com\/ro\/forrest-love-cana-pentru-cocktailuri-racite-450-ml\/","og_locale":"ro_RO","og_type":"article","og_title":"Forrest & Love Can\u0103 pentru cocktailuri r\u0103cite 450 ml - SHOPATOA.COM","og_description":"Cana pentru cocktailuri r\u0103coritoare, conceput\u0103 \u00eentr-un stil clasic minimalist, care va \u00eembog\u0103\u021bi instantaneu colec\u021bia dvs. de accesorii de bar, este fabricat\u0103 din o\u021bel inoxidabil alimentar cu un aspect luxos de cupru pe partea exterioar\u0103, f\u0103r\u0103 con\u021binut de metale grele.","og_url":"https:\/\/shopatoa.com\/ro\/forrest-love-cana-pentru-cocktailuri-racite-450-ml\/","og_site_name":"SHOPATOA","article_modified_time":"2025-12-09T09:55:19+00:00","og_image":[{"width":800,"height":800,"url":"https:\/\/storage.googleapis.com\/cz-shopatoa-img\/ro\/a7ab134c-unnamed-file.webp","type":"image\/webp"}],"twitter_card":"summary_large_image","schema":{"@context":"https:\/\/schema.org","@graph":[{"@type":"WebPage","@id":"https:\/\/shopatoa.com\/ro\/forrest-love-cana-pentru-cocktailuri-racite-450-ml\/","url":"https:\/\/shopatoa.com\/ro\/forrest-love-cana-pentru-cocktailuri-racite-450-ml\/","name":"Forrest & Love Can\u0103 pentru cocktailuri r\u0103cite 450 ml - SHOPATOA.COM","isPartOf":{"@id":"https:\/\/shopatoa.com\/ro\/#website"},"primaryImageOfPage":{"@id":"https:\/\/shopatoa.com\/ro\/forrest-love-cana-pentru-cocktailuri-racite-450-ml\/#primaryimage"},"image":{"@id":"https:\/\/shopatoa.com\/ro\/forrest-love-cana-pentru-cocktailuri-racite-450-ml\/#primaryimage"},"thumbnailUrl":"https:\/\/storage.googleapis.com\/cz-shopatoa-img\/ro\/a7ab134c-unnamed-file.webp","datePublished":"2025-04-28T14:15:16+00:00","dateModified":"2025-12-09T09:55:19+00:00","breadcrumb":{"@id":"https:\/\/shopatoa.com\/ro\/forrest-love-cana-pentru-cocktailuri-racite-450-ml\/#breadcrumb"},"inLanguage":"ro-RO","potentialAction":[{"@type":"ReadAction","target":["https:\/\/shopatoa.com\/ro\/forrest-love-cana-pentru-cocktailuri-racite-450-ml\/"]}]},{"@type":"ImageObject","inLanguage":"ro-RO","@id":"https:\/\/shopatoa.com\/ro\/forrest-love-cana-pentru-cocktailuri-racite-450-ml\/#primaryimage","url":"https:\/\/storage.googleapis.com\/cz-shopatoa-img\/ro\/a7ab134c-unnamed-file.webp","contentUrl":"https:\/\/storage.googleapis.com\/cz-shopatoa-img\/ro\/a7ab134c-unnamed-file.webp","width":800,"height":800},{"@type":"BreadcrumbList","@id":"https:\/\/shopatoa.com\/ro\/forrest-love-cana-pentru-cocktailuri-racite-450-ml\/#breadcrumb","itemListElement":[{"@type":"ListItem","position":1,"name":"Dom\u016f","item":"https:\/\/shopatoa.com\/ro\/"},{"@type":"ListItem","position":2,"name":"Shop","item":"https:\/\/shopatoa.com\/ro\/shop\/"},{"@type":"ListItem","position":3,"name":"S\u0103n\u0103tate","item":"https:\/\/shopatoa.com\/ro\/sanatate\/"},{"@type":"ListItem","position":4,"name":"Gospod\u0103rie","item":"https:\/\/shopatoa.com\/ro\/gospodarie\/"},{"@type":"ListItem","position":5,"name":"Forrest &amp; Love Can\u0103 pentru cocktailuri r\u0103cite 450 ml"}]},{"@type":"WebSite","@id":"https:\/\/shopatoa.com\/ro\/#website","url":"https:\/\/shopatoa.com\/ro\/","name":"SHOPATOA","description":"","publisher":{"@id":"https:\/\/shopatoa.com\/ro\/#organization"},"potentialAction":[{"@type":"SearchAction","target":{"@type":"EntryPoint","urlTemplate":"https:\/\/shopatoa.com\/ro\/?s={search_term_string}"},"query-input":{"@type":"PropertyValueSpecification","valueRequired":true,"valueName":"search_term_string"}}],"inLanguage":"ro-RO"},{"@type":"Organization","@id":"https:\/\/shopatoa.com\/ro\/#organization","name":"SHOPATOA","url":"https:\/\/shopatoa.com\/ro\/","logo":{"@type":"ImageObject","inLanguage":"ro-RO","@id":"https:\/\/shopatoa.com\/ro\/#\/schema\/logo\/image\/","url":"https:\/\/storage.googleapis.com\/cz-shopatoa-img\/ro\/b4dac915-shopatoa_logo.png","contentUrl":"https:\/\/storage.googleapis.com\/cz-shopatoa-img\/ro\/b4dac915-shopatoa_logo.png","width":416,"height":63,"caption":"SHOPATOA"},"image":{"@id":"https:\/\/shopatoa.com\/ro\/#\/schema\/logo\/image\/"}}]}},"_links":{"self":[{"href":"https:\/\/shopatoa.com\/ro\/wp-json\/wp\/v2\/product\/266532","targetHints":{"allow":["GET"]}}],"collection":[{"href":"https:\/\/shopatoa.com\/ro\/wp-json\/wp\/v2\/product"}],"about":[{"href":"https:\/\/shopatoa.com\/ro\/wp-json\/wp\/v2\/types\/product"}],"replies":[{"embeddable":true,"href":"https:\/\/shopatoa.com\/ro\/wp-json\/wp\/v2\/comments?post=266532"}],"wp:featuredmedia":[{"embeddable":true,"href":"https:\/\/shopatoa.com\/ro\/wp-json\/wp\/v2\/media\/266533"}],"wp:attachment":[{"href":"https:\/\/shopatoa.com\/ro\/wp-json\/wp\/v2\/media?parent=266532"}],"wp:term":[{"taxonomy":"product_brand","embeddable":true,"href":"https:\/\/shopatoa.com\/ro\/wp-json\/wp\/v2\/product_brand?post=266532"},{"taxonomy":"product_cat","embeddable":true,"href":"https:\/\/shopatoa.com\/ro\/wp-json\/wp\/v2\/product_cat?post=266532"},{"taxonomy":"product_tag","embeddable":true,"href":"https:\/\/shopatoa.com\/ro\/wp-json\/wp\/v2\/product_tag?post=266532"}],"curies":[{"name":"wp","href":"https:\/\/api.w.org\/{rel}","templated":true}]}}