{"id":266538,"date":"2025-04-28T16:15:45","date_gmt":"2025-04-28T14:15:45","guid":{"rendered":"https:\/\/shopatoa.com\/ro\/oral-b-periuta-de-dinti-electrica-io-series-5-matt-black-2\/"},"modified":"2025-12-09T10:55:03","modified_gmt":"2025-12-09T09:55:03","slug":"oral-b-periuta-de-dinti-electrica-io-series-5-matt-black-2","status":"publish","type":"product","link":"https:\/\/shopatoa.com\/ro\/oral-b-periuta-de-dinti-electrica-io-series-5-matt-black-2\/","title":{"rendered":"Oral B Periu\u021b\u0103 de din\u021bi electric\u0103 iO Series 5 Matt Black"},"content":{"rendered":"<p>Periu\u021ba de din\u021bi electric\u0103 iO cu tehnologie revolu\u021bionar\u0103 magnetic\u0103 iO pentru o senza\u021bie de periaj profesional \u0219i delicat. Combin\u0103 capul de perie rotund unic Oral-B \u0219i micro-vibra\u021bii bl\u00e2nde, astfel \u00eenc\u00e2t ve\u021bi avea o senza\u021bie proasp\u0103t\u0103 de cur\u0103\u021benie \u00een gur\u0103 \u0219i gingiile dvs. vor fi 100% mai s\u0103n\u0103toase \u00een doar o s\u0103pt\u0103m\u00e2n\u0103. Inteligen\u021ba artificial\u0103 va recunoa\u0219te stilul de periaj \u0219i v\u0103 ghideaz\u0103 s\u0103 v\u0103 sp\u0103la\u021bi to\u021bi din\u021bii \u0219i s\u0103 nu rata\u021bi niciun punct. Peria ofer\u0103 5 moduri de cur\u0103\u021bare: pentru cur\u0103\u021bare zilnic\u0103, cur\u0103\u021bare intensiv\u0103, bl\u00e2nd\u0103, super fin\u0103 \u0219i pentru albire. Senzorul de presiune inteligent \u00eembun\u0103t\u0103\u021bit indic\u0103 cu un indicator luminos ro\u0219u, alb sau verde dac\u0103 aplica\u021bi prea mult\u0103, prea pu\u021bin\u0103 sau cantitatea potrivit\u0103 de presiune atunci c\u00e2nd cur\u0103\u021ba\u021bi.<\/p>\n","protected":false},"excerpt":{"rendered":"<p>Periu\u021ba de din\u021bi electric\u0103 iO cu tehnologie revolu\u021bionar\u0103 magnetic\u0103 iO pentru o senza\u021bie de periaj profesional \u0219i delicat. Combin\u0103 capul de perie rotund unic Oral-B \u0219i micro-vibra\u021bii bl\u00e2nde, astfel \u00eenc\u00e2t ve\u021bi avea o senza\u021bie proasp\u0103t\u0103 de cur\u0103\u021benie \u00een gur\u0103 \u0219i gingiile dvs. vor fi 100% mai s\u0103n\u0103toase \u00een doar o s\u0103pt\u0103m\u00e2n\u0103. Inteligen\u021ba artificial\u0103 va recunoa\u0219te&#8230;<\/p>\n","protected":false},"featured_media":266539,"comment_status":"closed","ping_status":"open","template":"","meta":{"_acf_changed":false,"_kadence_starter_templates_imported_post":false,"_kad_post_transparent":"","_kad_post_title":"","_kad_post_layout":"","_kad_post_sidebar_id":"","_kad_post_content_style":"","_kad_post_vertical_padding":"","_kad_post_feature":"","_kad_post_feature_position":"","_kad_post_header":false,"_kad_post_footer":false,"_kad_post_classname":""},"product_brand":[290],"product_cat":[246,709,710],"product_tag":[],"class_list":{"0":"post-266538","1":"product","2":"type-product","3":"status-publish","4":"has-post-thumbnail","6":"product_brand-oral-b","7":"product_cat-cosmetice","8":"product_cat-ingrijirea-dentara","9":"product_cat-periute-de-dinti-magnetice","11":"first","12":"instock","13":"sale","14":"product-type-external","15":"entry","16":"content-bg","17":"loop-entry"},"acf":[],"yoast_head":"<!-- This site is optimized with the Yoast SEO plugin v27.4 - https:\/\/yoast.com\/product\/yoast-seo-wordpress\/ -->\n<title>Oral B Periu\u021b\u0103 de din\u021bi electric\u0103 iO Series 5 Matt Black - SHOPATOA.COM<\/title>\n<meta name=\"robots\" content=\"index, follow, max-snippet:-1, max-image-preview:large, max-video-preview:-1\" \/>\n<link rel=\"canonical\" href=\"https:\/\/shopatoa.com\/ro\/oral-b-periuta-de-dinti-electrica-io-series-5-matt-black-2\/\" \/>\n<meta property=\"og:locale\" content=\"ro_RO\" \/>\n<meta property=\"og:type\" content=\"article\" \/>\n<meta property=\"og:title\" content=\"Oral B Periu\u021b\u0103 de din\u021bi electric\u0103 iO Series 5 Matt Black - SHOPATOA.COM\" \/>\n<meta property=\"og:description\" content=\"Periu\u021ba de din\u021bi electric\u0103 iO cu tehnologie revolu\u021bionar\u0103 magnetic\u0103 iO pentru o senza\u021bie de periaj profesional \u0219i delicat. Combin\u0103 capul de perie rotund unic Oral-B \u0219i micro-vibra\u021bii bl\u00e2nde, astfel \u00eenc\u00e2t ve\u021bi avea o senza\u021bie proasp\u0103t\u0103 de cur\u0103\u021benie \u00een gur\u0103 \u0219i gingiile dvs. vor fi 100% mai s\u0103n\u0103toase \u00een doar o s\u0103pt\u0103m\u00e2n\u0103. Inteligen\u021ba artificial\u0103 va recunoa\u0219te...\" \/>\n<meta property=\"og:url\" content=\"https:\/\/shopatoa.com\/ro\/oral-b-periuta-de-dinti-electrica-io-series-5-matt-black-2\/\" \/>\n<meta property=\"og:site_name\" content=\"SHOPATOA\" \/>\n<meta property=\"article:modified_time\" content=\"2025-12-09T09:55:03+00:00\" \/>\n<meta property=\"og:image\" content=\"https:\/\/storage.googleapis.com\/cz-shopatoa-img\/ro\/8d2e486f-unnamed-file.webp\" \/>\n\t<meta property=\"og:image:width\" content=\"800\" \/>\n\t<meta property=\"og:image:height\" content=\"800\" \/>\n\t<meta property=\"og:image:type\" content=\"image\/webp\" \/>\n<meta name=\"twitter:card\" content=\"summary_large_image\" \/>\n<meta name=\"twitter:label1\" content=\"Timp estimat pentru citire\" \/>\n\t<meta name=\"twitter:data1\" content=\"1 minut\" \/>\n<script type=\"application\/ld+json\" class=\"yoast-schema-graph\">{\"@context\":\"https:\\\/\\\/schema.org\",\"@graph\":[{\"@type\":\"WebPage\",\"@id\":\"https:\\\/\\\/shopatoa.com\\\/ro\\\/oral-b-periuta-de-dinti-electrica-io-series-5-matt-black-2\\\/\",\"url\":\"https:\\\/\\\/shopatoa.com\\\/ro\\\/oral-b-periuta-de-dinti-electrica-io-series-5-matt-black-2\\\/\",\"name\":\"Oral B Periu\u021b\u0103 de din\u021bi electric\u0103 iO Series 5 Matt Black - SHOPATOA.COM\",\"isPartOf\":{\"@id\":\"https:\\\/\\\/shopatoa.com\\\/ro\\\/#website\"},\"primaryImageOfPage\":{\"@id\":\"https:\\\/\\\/shopatoa.com\\\/ro\\\/oral-b-periuta-de-dinti-electrica-io-series-5-matt-black-2\\\/#primaryimage\"},\"image\":{\"@id\":\"https:\\\/\\\/shopatoa.com\\\/ro\\\/oral-b-periuta-de-dinti-electrica-io-series-5-matt-black-2\\\/#primaryimage\"},\"thumbnailUrl\":\"https:\\\/\\\/storage.googleapis.com\\\/cz-shopatoa-img\\\/ro\\\/8d2e486f-unnamed-file.webp\",\"datePublished\":\"2025-04-28T14:15:45+00:00\",\"dateModified\":\"2025-12-09T09:55:03+00:00\",\"breadcrumb\":{\"@id\":\"https:\\\/\\\/shopatoa.com\\\/ro\\\/oral-b-periuta-de-dinti-electrica-io-series-5-matt-black-2\\\/#breadcrumb\"},\"inLanguage\":\"ro-RO\",\"potentialAction\":[{\"@type\":\"ReadAction\",\"target\":[\"https:\\\/\\\/shopatoa.com\\\/ro\\\/oral-b-periuta-de-dinti-electrica-io-series-5-matt-black-2\\\/\"]}]},{\"@type\":\"ImageObject\",\"inLanguage\":\"ro-RO\",\"@id\":\"https:\\\/\\\/shopatoa.com\\\/ro\\\/oral-b-periuta-de-dinti-electrica-io-series-5-matt-black-2\\\/#primaryimage\",\"url\":\"https:\\\/\\\/storage.googleapis.com\\\/cz-shopatoa-img\\\/ro\\\/8d2e486f-unnamed-file.webp\",\"contentUrl\":\"https:\\\/\\\/storage.googleapis.com\\\/cz-shopatoa-img\\\/ro\\\/8d2e486f-unnamed-file.webp\",\"width\":800,\"height\":800},{\"@type\":\"BreadcrumbList\",\"@id\":\"https:\\\/\\\/shopatoa.com\\\/ro\\\/oral-b-periuta-de-dinti-electrica-io-series-5-matt-black-2\\\/#breadcrumb\",\"itemListElement\":[{\"@type\":\"ListItem\",\"position\":1,\"name\":\"Dom\u016f\",\"item\":\"https:\\\/\\\/shopatoa.com\\\/ro\\\/\"},{\"@type\":\"ListItem\",\"position\":2,\"name\":\"Shop\",\"item\":\"https:\\\/\\\/shopatoa.com\\\/ro\\\/shop\\\/\"},{\"@type\":\"ListItem\",\"position\":3,\"name\":\"Cosmetice\",\"item\":\"https:\\\/\\\/shopatoa.com\\\/ro\\\/cosmetice\\\/\"},{\"@type\":\"ListItem\",\"position\":4,\"name\":\"\u00cengrijirea dentar\u0103\",\"item\":\"https:\\\/\\\/shopatoa.com\\\/ro\\\/ingrijirea-dentara\\\/\"},{\"@type\":\"ListItem\",\"position\":5,\"name\":\"Periu\u021be de din\u021bi magnetice\",\"item\":\"https:\\\/\\\/shopatoa.com\\\/ro\\\/periute-de-dinti-magnetice\\\/\"},{\"@type\":\"ListItem\",\"position\":6,\"name\":\"Oral B Periu\u021b\u0103 de din\u021bi electric\u0103 iO Series 5 Matt Black\"}]},{\"@type\":\"WebSite\",\"@id\":\"https:\\\/\\\/shopatoa.com\\\/ro\\\/#website\",\"url\":\"https:\\\/\\\/shopatoa.com\\\/ro\\\/\",\"name\":\"SHOPATOA\",\"description\":\"\",\"publisher\":{\"@id\":\"https:\\\/\\\/shopatoa.com\\\/ro\\\/#organization\"},\"potentialAction\":[{\"@type\":\"SearchAction\",\"target\":{\"@type\":\"EntryPoint\",\"urlTemplate\":\"https:\\\/\\\/shopatoa.com\\\/ro\\\/?s={search_term_string}\"},\"query-input\":{\"@type\":\"PropertyValueSpecification\",\"valueRequired\":true,\"valueName\":\"search_term_string\"}}],\"inLanguage\":\"ro-RO\"},{\"@type\":\"Organization\",\"@id\":\"https:\\\/\\\/shopatoa.com\\\/ro\\\/#organization\",\"name\":\"SHOPATOA\",\"url\":\"https:\\\/\\\/shopatoa.com\\\/ro\\\/\",\"logo\":{\"@type\":\"ImageObject\",\"inLanguage\":\"ro-RO\",\"@id\":\"https:\\\/\\\/shopatoa.com\\\/ro\\\/#\\\/schema\\\/logo\\\/image\\\/\",\"url\":\"https:\\\/\\\/storage.googleapis.com\\\/cz-shopatoa-img\\\/ro\\\/b4dac915-shopatoa_logo.png\",\"contentUrl\":\"https:\\\/\\\/storage.googleapis.com\\\/cz-shopatoa-img\\\/ro\\\/b4dac915-shopatoa_logo.png\",\"width\":416,\"height\":63,\"caption\":\"SHOPATOA\"},\"image\":{\"@id\":\"https:\\\/\\\/shopatoa.com\\\/ro\\\/#\\\/schema\\\/logo\\\/image\\\/\"}}]}<\/script>\n<!-- \/ Yoast SEO plugin. -->","yoast_head_json":{"title":"Oral B Periu\u021b\u0103 de din\u021bi electric\u0103 iO Series 5 Matt Black - SHOPATOA.COM","robots":{"index":"index","follow":"follow","max-snippet":"max-snippet:-1","max-image-preview":"max-image-preview:large","max-video-preview":"max-video-preview:-1"},"canonical":"https:\/\/shopatoa.com\/ro\/oral-b-periuta-de-dinti-electrica-io-series-5-matt-black-2\/","og_locale":"ro_RO","og_type":"article","og_title":"Oral B Periu\u021b\u0103 de din\u021bi electric\u0103 iO Series 5 Matt Black - SHOPATOA.COM","og_description":"Periu\u021ba de din\u021bi electric\u0103 iO cu tehnologie revolu\u021bionar\u0103 magnetic\u0103 iO pentru o senza\u021bie de periaj profesional \u0219i delicat. Combin\u0103 capul de perie rotund unic Oral-B \u0219i micro-vibra\u021bii bl\u00e2nde, astfel \u00eenc\u00e2t ve\u021bi avea o senza\u021bie proasp\u0103t\u0103 de cur\u0103\u021benie \u00een gur\u0103 \u0219i gingiile dvs. vor fi 100% mai s\u0103n\u0103toase \u00een doar o s\u0103pt\u0103m\u00e2n\u0103. Inteligen\u021ba artificial\u0103 va recunoa\u0219te...","og_url":"https:\/\/shopatoa.com\/ro\/oral-b-periuta-de-dinti-electrica-io-series-5-matt-black-2\/","og_site_name":"SHOPATOA","article_modified_time":"2025-12-09T09:55:03+00:00","og_image":[{"width":800,"height":800,"url":"https:\/\/storage.googleapis.com\/cz-shopatoa-img\/ro\/8d2e486f-unnamed-file.webp","type":"image\/webp"}],"twitter_card":"summary_large_image","twitter_misc":{"Timp estimat pentru citire":"1 minut"},"schema":{"@context":"https:\/\/schema.org","@graph":[{"@type":"WebPage","@id":"https:\/\/shopatoa.com\/ro\/oral-b-periuta-de-dinti-electrica-io-series-5-matt-black-2\/","url":"https:\/\/shopatoa.com\/ro\/oral-b-periuta-de-dinti-electrica-io-series-5-matt-black-2\/","name":"Oral B Periu\u021b\u0103 de din\u021bi electric\u0103 iO Series 5 Matt Black - SHOPATOA.COM","isPartOf":{"@id":"https:\/\/shopatoa.com\/ro\/#website"},"primaryImageOfPage":{"@id":"https:\/\/shopatoa.com\/ro\/oral-b-periuta-de-dinti-electrica-io-series-5-matt-black-2\/#primaryimage"},"image":{"@id":"https:\/\/shopatoa.com\/ro\/oral-b-periuta-de-dinti-electrica-io-series-5-matt-black-2\/#primaryimage"},"thumbnailUrl":"https:\/\/storage.googleapis.com\/cz-shopatoa-img\/ro\/8d2e486f-unnamed-file.webp","datePublished":"2025-04-28T14:15:45+00:00","dateModified":"2025-12-09T09:55:03+00:00","breadcrumb":{"@id":"https:\/\/shopatoa.com\/ro\/oral-b-periuta-de-dinti-electrica-io-series-5-matt-black-2\/#breadcrumb"},"inLanguage":"ro-RO","potentialAction":[{"@type":"ReadAction","target":["https:\/\/shopatoa.com\/ro\/oral-b-periuta-de-dinti-electrica-io-series-5-matt-black-2\/"]}]},{"@type":"ImageObject","inLanguage":"ro-RO","@id":"https:\/\/shopatoa.com\/ro\/oral-b-periuta-de-dinti-electrica-io-series-5-matt-black-2\/#primaryimage","url":"https:\/\/storage.googleapis.com\/cz-shopatoa-img\/ro\/8d2e486f-unnamed-file.webp","contentUrl":"https:\/\/storage.googleapis.com\/cz-shopatoa-img\/ro\/8d2e486f-unnamed-file.webp","width":800,"height":800},{"@type":"BreadcrumbList","@id":"https:\/\/shopatoa.com\/ro\/oral-b-periuta-de-dinti-electrica-io-series-5-matt-black-2\/#breadcrumb","itemListElement":[{"@type":"ListItem","position":1,"name":"Dom\u016f","item":"https:\/\/shopatoa.com\/ro\/"},{"@type":"ListItem","position":2,"name":"Shop","item":"https:\/\/shopatoa.com\/ro\/shop\/"},{"@type":"ListItem","position":3,"name":"Cosmetice","item":"https:\/\/shopatoa.com\/ro\/cosmetice\/"},{"@type":"ListItem","position":4,"name":"\u00cengrijirea dentar\u0103","item":"https:\/\/shopatoa.com\/ro\/ingrijirea-dentara\/"},{"@type":"ListItem","position":5,"name":"Periu\u021be de din\u021bi magnetice","item":"https:\/\/shopatoa.com\/ro\/periute-de-dinti-magnetice\/"},{"@type":"ListItem","position":6,"name":"Oral B Periu\u021b\u0103 de din\u021bi electric\u0103 iO Series 5 Matt Black"}]},{"@type":"WebSite","@id":"https:\/\/shopatoa.com\/ro\/#website","url":"https:\/\/shopatoa.com\/ro\/","name":"SHOPATOA","description":"","publisher":{"@id":"https:\/\/shopatoa.com\/ro\/#organization"},"potentialAction":[{"@type":"SearchAction","target":{"@type":"EntryPoint","urlTemplate":"https:\/\/shopatoa.com\/ro\/?s={search_term_string}"},"query-input":{"@type":"PropertyValueSpecification","valueRequired":true,"valueName":"search_term_string"}}],"inLanguage":"ro-RO"},{"@type":"Organization","@id":"https:\/\/shopatoa.com\/ro\/#organization","name":"SHOPATOA","url":"https:\/\/shopatoa.com\/ro\/","logo":{"@type":"ImageObject","inLanguage":"ro-RO","@id":"https:\/\/shopatoa.com\/ro\/#\/schema\/logo\/image\/","url":"https:\/\/storage.googleapis.com\/cz-shopatoa-img\/ro\/b4dac915-shopatoa_logo.png","contentUrl":"https:\/\/storage.googleapis.com\/cz-shopatoa-img\/ro\/b4dac915-shopatoa_logo.png","width":416,"height":63,"caption":"SHOPATOA"},"image":{"@id":"https:\/\/shopatoa.com\/ro\/#\/schema\/logo\/image\/"}}]}},"_links":{"self":[{"href":"https:\/\/shopatoa.com\/ro\/wp-json\/wp\/v2\/product\/266538","targetHints":{"allow":["GET"]}}],"collection":[{"href":"https:\/\/shopatoa.com\/ro\/wp-json\/wp\/v2\/product"}],"about":[{"href":"https:\/\/shopatoa.com\/ro\/wp-json\/wp\/v2\/types\/product"}],"replies":[{"embeddable":true,"href":"https:\/\/shopatoa.com\/ro\/wp-json\/wp\/v2\/comments?post=266538"}],"wp:featuredmedia":[{"embeddable":true,"href":"https:\/\/shopatoa.com\/ro\/wp-json\/wp\/v2\/media\/266539"}],"wp:attachment":[{"href":"https:\/\/shopatoa.com\/ro\/wp-json\/wp\/v2\/media?parent=266538"}],"wp:term":[{"taxonomy":"product_brand","embeddable":true,"href":"https:\/\/shopatoa.com\/ro\/wp-json\/wp\/v2\/product_brand?post=266538"},{"taxonomy":"product_cat","embeddable":true,"href":"https:\/\/shopatoa.com\/ro\/wp-json\/wp\/v2\/product_cat?post=266538"},{"taxonomy":"product_tag","embeddable":true,"href":"https:\/\/shopatoa.com\/ro\/wp-json\/wp\/v2\/product_tag?post=266538"}],"curies":[{"name":"wp","href":"https:\/\/api.w.org\/{rel}","templated":true}]}}