{"id":266653,"date":"2025-04-28T16:41:02","date_gmt":"2025-04-28T14:41:02","guid":{"rendered":"https:\/\/shopatoa.com\/ro\/sensai-baza-iluminatoare-pentru-fond-de-ten-cellular-performance-brightening-make-up-base-30-ml\/"},"modified":"2025-12-09T10:24:08","modified_gmt":"2025-12-09T09:24:08","slug":"sensai-baza-iluminatoare-pentru-fond-de-ten-cellular-performance-brightening-make-up-base-30-ml","status":"publish","type":"product","link":"https:\/\/shopatoa.com\/ro\/sensai-baza-iluminatoare-pentru-fond-de-ten-cellular-performance-brightening-make-up-base-30-ml\/","title":{"rendered":"Sensai Baz\u0103 iluminatoare pentru fond de ten Cellular Performance (Brightening Make-up Base) 30 ml"},"content":{"rendered":"<p>Baza pentru fond de ten v\u0103 va conferi un ten perfect iluminat, uniformizat \u0219i matifiat. Men\u021bine un aspect str\u0103lucitor al pielii pe toat\u0103 durata zilei. \u00cen plus, va las\u0103 pielea catifelat\u0103, fin\u0103, hidratat\u0103 \u0219i profund revitalizat\u0103.<\/p>\n","protected":false},"excerpt":{"rendered":"<p>Baza pentru fond de ten v\u0103 va conferi un ten perfect iluminat, uniformizat \u0219i matifiat. Men\u021bine un aspect str\u0103lucitor al pielii pe toat\u0103 durata zilei. \u00cen plus, va las\u0103 pielea catifelat\u0103, fin\u0103, hidratat\u0103 \u0219i profund revitalizat\u0103.<\/p>\n","protected":false},"featured_media":266654,"comment_status":"closed","ping_status":"open","template":"","meta":{"_acf_changed":false,"_kadence_starter_templates_imported_post":false,"_kad_post_transparent":"","_kad_post_title":"","_kad_post_layout":"","_kad_post_sidebar_id":"","_kad_post_content_style":"","_kad_post_vertical_padding":"","_kad_post_feature":"","_kad_post_feature_position":"","_kad_post_header":false,"_kad_post_footer":false,"_kad_post_classname":""},"product_brand":[200],"product_cat":[649,246,609,616],"product_tag":[],"class_list":{"0":"post-266653","1":"product","2":"type-product","3":"status-publish","4":"has-post-thumbnail","6":"product_brand-sensai","7":"product_cat-baza-de-machiaj-pentru-fata","8":"product_cat-cosmetice","9":"product_cat-cosmetice-decorative","10":"product_cat-machiaj-pentru-fata","12":"first","13":"instock","14":"product-type-external","15":"entry","16":"content-bg","17":"loop-entry"},"acf":[],"yoast_head":"<!-- This site is optimized with the Yoast SEO plugin v27.3 - https:\/\/yoast.com\/product\/yoast-seo-wordpress\/ -->\n<title>Sensai Baz\u0103 iluminatoare pentru fond de ten Cellular Performance (Brightening Make-up Base) 30 ml - SHOPATOA.COM<\/title>\n<meta name=\"robots\" content=\"index, follow, max-snippet:-1, max-image-preview:large, max-video-preview:-1\" \/>\n<link rel=\"canonical\" href=\"https:\/\/shopatoa.com\/ro\/sensai-baza-iluminatoare-pentru-fond-de-ten-cellular-performance-brightening-make-up-base-30-ml\/\" \/>\n<meta property=\"og:locale\" content=\"ro_RO\" \/>\n<meta property=\"og:type\" content=\"article\" \/>\n<meta property=\"og:title\" content=\"Sensai Baz\u0103 iluminatoare pentru fond de ten Cellular Performance (Brightening Make-up Base) 30 ml - SHOPATOA.COM\" \/>\n<meta property=\"og:description\" content=\"Baza pentru fond de ten v\u0103 va conferi un ten perfect iluminat, uniformizat \u0219i matifiat. Men\u021bine un aspect str\u0103lucitor al pielii pe toat\u0103 durata zilei. \u00cen plus, va las\u0103 pielea catifelat\u0103, fin\u0103, hidratat\u0103 \u0219i profund revitalizat\u0103.\" \/>\n<meta property=\"og:url\" content=\"https:\/\/shopatoa.com\/ro\/sensai-baza-iluminatoare-pentru-fond-de-ten-cellular-performance-brightening-make-up-base-30-ml\/\" \/>\n<meta property=\"og:site_name\" content=\"SHOPATOA\" \/>\n<meta property=\"article:modified_time\" content=\"2025-12-09T09:24:08+00:00\" \/>\n<meta property=\"og:image\" content=\"https:\/\/storage.googleapis.com\/cz-shopatoa-img\/ro\/70303e57-unnamed-file.webp\" \/>\n\t<meta property=\"og:image:width\" content=\"800\" \/>\n\t<meta property=\"og:image:height\" content=\"800\" \/>\n\t<meta property=\"og:image:type\" content=\"image\/webp\" \/>\n<meta name=\"twitter:card\" content=\"summary_large_image\" \/>\n<script type=\"application\/ld+json\" class=\"yoast-schema-graph\">{\"@context\":\"https:\\\/\\\/schema.org\",\"@graph\":[{\"@type\":\"WebPage\",\"@id\":\"https:\\\/\\\/shopatoa.com\\\/ro\\\/sensai-baza-iluminatoare-pentru-fond-de-ten-cellular-performance-brightening-make-up-base-30-ml\\\/\",\"url\":\"https:\\\/\\\/shopatoa.com\\\/ro\\\/sensai-baza-iluminatoare-pentru-fond-de-ten-cellular-performance-brightening-make-up-base-30-ml\\\/\",\"name\":\"Sensai Baz\u0103 iluminatoare pentru fond de ten Cellular Performance (Brightening Make-up Base) 30 ml - SHOPATOA.COM\",\"isPartOf\":{\"@id\":\"https:\\\/\\\/shopatoa.com\\\/ro\\\/#website\"},\"primaryImageOfPage\":{\"@id\":\"https:\\\/\\\/shopatoa.com\\\/ro\\\/sensai-baza-iluminatoare-pentru-fond-de-ten-cellular-performance-brightening-make-up-base-30-ml\\\/#primaryimage\"},\"image\":{\"@id\":\"https:\\\/\\\/shopatoa.com\\\/ro\\\/sensai-baza-iluminatoare-pentru-fond-de-ten-cellular-performance-brightening-make-up-base-30-ml\\\/#primaryimage\"},\"thumbnailUrl\":\"https:\\\/\\\/storage.googleapis.com\\\/cz-shopatoa-img\\\/ro\\\/70303e57-unnamed-file.webp\",\"datePublished\":\"2025-04-28T14:41:02+00:00\",\"dateModified\":\"2025-12-09T09:24:08+00:00\",\"breadcrumb\":{\"@id\":\"https:\\\/\\\/shopatoa.com\\\/ro\\\/sensai-baza-iluminatoare-pentru-fond-de-ten-cellular-performance-brightening-make-up-base-30-ml\\\/#breadcrumb\"},\"inLanguage\":\"ro-RO\",\"potentialAction\":[{\"@type\":\"ReadAction\",\"target\":[\"https:\\\/\\\/shopatoa.com\\\/ro\\\/sensai-baza-iluminatoare-pentru-fond-de-ten-cellular-performance-brightening-make-up-base-30-ml\\\/\"]}]},{\"@type\":\"ImageObject\",\"inLanguage\":\"ro-RO\",\"@id\":\"https:\\\/\\\/shopatoa.com\\\/ro\\\/sensai-baza-iluminatoare-pentru-fond-de-ten-cellular-performance-brightening-make-up-base-30-ml\\\/#primaryimage\",\"url\":\"https:\\\/\\\/storage.googleapis.com\\\/cz-shopatoa-img\\\/ro\\\/70303e57-unnamed-file.webp\",\"contentUrl\":\"https:\\\/\\\/storage.googleapis.com\\\/cz-shopatoa-img\\\/ro\\\/70303e57-unnamed-file.webp\",\"width\":800,\"height\":800},{\"@type\":\"BreadcrumbList\",\"@id\":\"https:\\\/\\\/shopatoa.com\\\/ro\\\/sensai-baza-iluminatoare-pentru-fond-de-ten-cellular-performance-brightening-make-up-base-30-ml\\\/#breadcrumb\",\"itemListElement\":[{\"@type\":\"ListItem\",\"position\":1,\"name\":\"Dom\u016f\",\"item\":\"https:\\\/\\\/shopatoa.com\\\/ro\\\/\"},{\"@type\":\"ListItem\",\"position\":2,\"name\":\"Shop\",\"item\":\"https:\\\/\\\/shopatoa.com\\\/ro\\\/shop\\\/\"},{\"@type\":\"ListItem\",\"position\":3,\"name\":\"Cosmetice\",\"item\":\"https:\\\/\\\/shopatoa.com\\\/ro\\\/cosmetice\\\/\"},{\"@type\":\"ListItem\",\"position\":4,\"name\":\"Cosmetice decorative\",\"item\":\"https:\\\/\\\/shopatoa.com\\\/ro\\\/cosmetice-decorative\\\/\"},{\"@type\":\"ListItem\",\"position\":5,\"name\":\"Machiaj pentru fa\u021ba\",\"item\":\"https:\\\/\\\/shopatoa.com\\\/ro\\\/machiaj-pentru-fata\\\/\"},{\"@type\":\"ListItem\",\"position\":6,\"name\":\"Baz\u0103 de machiaj pentru fa\u021b\u0103\",\"item\":\"https:\\\/\\\/shopatoa.com\\\/ro\\\/baza-de-machiaj-pentru-fata\\\/\"},{\"@type\":\"ListItem\",\"position\":7,\"name\":\"Sensai Baz\u0103 iluminatoare pentru fond de ten Cellular Performance (Brightening Make-up Base) 30 ml\"}]},{\"@type\":\"WebSite\",\"@id\":\"https:\\\/\\\/shopatoa.com\\\/ro\\\/#website\",\"url\":\"https:\\\/\\\/shopatoa.com\\\/ro\\\/\",\"name\":\"SHOPATOA\",\"description\":\"\",\"publisher\":{\"@id\":\"https:\\\/\\\/shopatoa.com\\\/ro\\\/#organization\"},\"potentialAction\":[{\"@type\":\"SearchAction\",\"target\":{\"@type\":\"EntryPoint\",\"urlTemplate\":\"https:\\\/\\\/shopatoa.com\\\/ro\\\/?s={search_term_string}\"},\"query-input\":{\"@type\":\"PropertyValueSpecification\",\"valueRequired\":true,\"valueName\":\"search_term_string\"}}],\"inLanguage\":\"ro-RO\"},{\"@type\":\"Organization\",\"@id\":\"https:\\\/\\\/shopatoa.com\\\/ro\\\/#organization\",\"name\":\"SHOPATOA\",\"url\":\"https:\\\/\\\/shopatoa.com\\\/ro\\\/\",\"logo\":{\"@type\":\"ImageObject\",\"inLanguage\":\"ro-RO\",\"@id\":\"https:\\\/\\\/shopatoa.com\\\/ro\\\/#\\\/schema\\\/logo\\\/image\\\/\",\"url\":\"https:\\\/\\\/storage.googleapis.com\\\/cz-shopatoa-img\\\/ro\\\/b4dac915-shopatoa_logo.png\",\"contentUrl\":\"https:\\\/\\\/storage.googleapis.com\\\/cz-shopatoa-img\\\/ro\\\/b4dac915-shopatoa_logo.png\",\"width\":416,\"height\":63,\"caption\":\"SHOPATOA\"},\"image\":{\"@id\":\"https:\\\/\\\/shopatoa.com\\\/ro\\\/#\\\/schema\\\/logo\\\/image\\\/\"}}]}<\/script>\n<!-- \/ Yoast SEO plugin. -->","yoast_head_json":{"title":"Sensai Baz\u0103 iluminatoare pentru fond de ten Cellular Performance (Brightening Make-up Base) 30 ml - SHOPATOA.COM","robots":{"index":"index","follow":"follow","max-snippet":"max-snippet:-1","max-image-preview":"max-image-preview:large","max-video-preview":"max-video-preview:-1"},"canonical":"https:\/\/shopatoa.com\/ro\/sensai-baza-iluminatoare-pentru-fond-de-ten-cellular-performance-brightening-make-up-base-30-ml\/","og_locale":"ro_RO","og_type":"article","og_title":"Sensai Baz\u0103 iluminatoare pentru fond de ten Cellular Performance (Brightening Make-up Base) 30 ml - SHOPATOA.COM","og_description":"Baza pentru fond de ten v\u0103 va conferi un ten perfect iluminat, uniformizat \u0219i matifiat. Men\u021bine un aspect str\u0103lucitor al pielii pe toat\u0103 durata zilei. \u00cen plus, va las\u0103 pielea catifelat\u0103, fin\u0103, hidratat\u0103 \u0219i profund revitalizat\u0103.","og_url":"https:\/\/shopatoa.com\/ro\/sensai-baza-iluminatoare-pentru-fond-de-ten-cellular-performance-brightening-make-up-base-30-ml\/","og_site_name":"SHOPATOA","article_modified_time":"2025-12-09T09:24:08+00:00","og_image":[{"width":800,"height":800,"url":"https:\/\/storage.googleapis.com\/cz-shopatoa-img\/ro\/70303e57-unnamed-file.webp","type":"image\/webp"}],"twitter_card":"summary_large_image","schema":{"@context":"https:\/\/schema.org","@graph":[{"@type":"WebPage","@id":"https:\/\/shopatoa.com\/ro\/sensai-baza-iluminatoare-pentru-fond-de-ten-cellular-performance-brightening-make-up-base-30-ml\/","url":"https:\/\/shopatoa.com\/ro\/sensai-baza-iluminatoare-pentru-fond-de-ten-cellular-performance-brightening-make-up-base-30-ml\/","name":"Sensai Baz\u0103 iluminatoare pentru fond de ten Cellular Performance (Brightening Make-up Base) 30 ml - SHOPATOA.COM","isPartOf":{"@id":"https:\/\/shopatoa.com\/ro\/#website"},"primaryImageOfPage":{"@id":"https:\/\/shopatoa.com\/ro\/sensai-baza-iluminatoare-pentru-fond-de-ten-cellular-performance-brightening-make-up-base-30-ml\/#primaryimage"},"image":{"@id":"https:\/\/shopatoa.com\/ro\/sensai-baza-iluminatoare-pentru-fond-de-ten-cellular-performance-brightening-make-up-base-30-ml\/#primaryimage"},"thumbnailUrl":"https:\/\/storage.googleapis.com\/cz-shopatoa-img\/ro\/70303e57-unnamed-file.webp","datePublished":"2025-04-28T14:41:02+00:00","dateModified":"2025-12-09T09:24:08+00:00","breadcrumb":{"@id":"https:\/\/shopatoa.com\/ro\/sensai-baza-iluminatoare-pentru-fond-de-ten-cellular-performance-brightening-make-up-base-30-ml\/#breadcrumb"},"inLanguage":"ro-RO","potentialAction":[{"@type":"ReadAction","target":["https:\/\/shopatoa.com\/ro\/sensai-baza-iluminatoare-pentru-fond-de-ten-cellular-performance-brightening-make-up-base-30-ml\/"]}]},{"@type":"ImageObject","inLanguage":"ro-RO","@id":"https:\/\/shopatoa.com\/ro\/sensai-baza-iluminatoare-pentru-fond-de-ten-cellular-performance-brightening-make-up-base-30-ml\/#primaryimage","url":"https:\/\/storage.googleapis.com\/cz-shopatoa-img\/ro\/70303e57-unnamed-file.webp","contentUrl":"https:\/\/storage.googleapis.com\/cz-shopatoa-img\/ro\/70303e57-unnamed-file.webp","width":800,"height":800},{"@type":"BreadcrumbList","@id":"https:\/\/shopatoa.com\/ro\/sensai-baza-iluminatoare-pentru-fond-de-ten-cellular-performance-brightening-make-up-base-30-ml\/#breadcrumb","itemListElement":[{"@type":"ListItem","position":1,"name":"Dom\u016f","item":"https:\/\/shopatoa.com\/ro\/"},{"@type":"ListItem","position":2,"name":"Shop","item":"https:\/\/shopatoa.com\/ro\/shop\/"},{"@type":"ListItem","position":3,"name":"Cosmetice","item":"https:\/\/shopatoa.com\/ro\/cosmetice\/"},{"@type":"ListItem","position":4,"name":"Cosmetice decorative","item":"https:\/\/shopatoa.com\/ro\/cosmetice-decorative\/"},{"@type":"ListItem","position":5,"name":"Machiaj pentru fa\u021ba","item":"https:\/\/shopatoa.com\/ro\/machiaj-pentru-fata\/"},{"@type":"ListItem","position":6,"name":"Baz\u0103 de machiaj pentru fa\u021b\u0103","item":"https:\/\/shopatoa.com\/ro\/baza-de-machiaj-pentru-fata\/"},{"@type":"ListItem","position":7,"name":"Sensai Baz\u0103 iluminatoare pentru fond de ten Cellular Performance (Brightening Make-up Base) 30 ml"}]},{"@type":"WebSite","@id":"https:\/\/shopatoa.com\/ro\/#website","url":"https:\/\/shopatoa.com\/ro\/","name":"SHOPATOA","description":"","publisher":{"@id":"https:\/\/shopatoa.com\/ro\/#organization"},"potentialAction":[{"@type":"SearchAction","target":{"@type":"EntryPoint","urlTemplate":"https:\/\/shopatoa.com\/ro\/?s={search_term_string}"},"query-input":{"@type":"PropertyValueSpecification","valueRequired":true,"valueName":"search_term_string"}}],"inLanguage":"ro-RO"},{"@type":"Organization","@id":"https:\/\/shopatoa.com\/ro\/#organization","name":"SHOPATOA","url":"https:\/\/shopatoa.com\/ro\/","logo":{"@type":"ImageObject","inLanguage":"ro-RO","@id":"https:\/\/shopatoa.com\/ro\/#\/schema\/logo\/image\/","url":"https:\/\/storage.googleapis.com\/cz-shopatoa-img\/ro\/b4dac915-shopatoa_logo.png","contentUrl":"https:\/\/storage.googleapis.com\/cz-shopatoa-img\/ro\/b4dac915-shopatoa_logo.png","width":416,"height":63,"caption":"SHOPATOA"},"image":{"@id":"https:\/\/shopatoa.com\/ro\/#\/schema\/logo\/image\/"}}]}},"_links":{"self":[{"href":"https:\/\/shopatoa.com\/ro\/wp-json\/wp\/v2\/product\/266653","targetHints":{"allow":["GET"]}}],"collection":[{"href":"https:\/\/shopatoa.com\/ro\/wp-json\/wp\/v2\/product"}],"about":[{"href":"https:\/\/shopatoa.com\/ro\/wp-json\/wp\/v2\/types\/product"}],"replies":[{"embeddable":true,"href":"https:\/\/shopatoa.com\/ro\/wp-json\/wp\/v2\/comments?post=266653"}],"wp:featuredmedia":[{"embeddable":true,"href":"https:\/\/shopatoa.com\/ro\/wp-json\/wp\/v2\/media\/266654"}],"wp:attachment":[{"href":"https:\/\/shopatoa.com\/ro\/wp-json\/wp\/v2\/media?parent=266653"}],"wp:term":[{"taxonomy":"product_brand","embeddable":true,"href":"https:\/\/shopatoa.com\/ro\/wp-json\/wp\/v2\/product_brand?post=266653"},{"taxonomy":"product_cat","embeddable":true,"href":"https:\/\/shopatoa.com\/ro\/wp-json\/wp\/v2\/product_cat?post=266653"},{"taxonomy":"product_tag","embeddable":true,"href":"https:\/\/shopatoa.com\/ro\/wp-json\/wp\/v2\/product_tag?post=266653"}],"curies":[{"name":"wp","href":"https:\/\/api.w.org\/{rel}","templated":true}]}}