{"id":266675,"date":"2025-04-28T16:46:00","date_gmt":"2025-04-28T14:46:00","guid":{"rendered":"https:\/\/shopatoa.com\/ro\/medisana-polizor-profesional-de-manichiura-si-pedichiura-mp-840\/"},"modified":"2025-12-09T10:15:54","modified_gmt":"2025-12-09T09:15:54","slug":"medisana-polizor-profesional-de-manichiura-si-pedichiura-mp-840","status":"publish","type":"product","link":"https:\/\/shopatoa.com\/ro\/medisana-polizor-profesional-de-manichiura-si-pedichiura-mp-840\/","title":{"rendered":"Medisana Polizor profesional de manichiura si pedichiur\u0103 MP 840"},"content":{"rendered":"<p>Polizorul pentru manichiur\u0103 \u0219i pedichiur\u0103 Medisana MP 840 este u\u0219or de operat \u0219i este un ajutor ideal \u00een \u00eengrijirea m\u00e2inilor, picioarelor \u0219i unghiilor. Poate fi folosit \u00een tratamentul unghiilor \u00eencarnate, groase \u0219i \u00eent\u0103rite, pentru tratamentul pielii cornificate, a calusurilor \u0219i a marginilor. De asemenea, este potrivit pentru \u00eengrijirea cosmetic\u0103 a m\u00e2inilor \u0219i a unghiilor. Datorit\u0103 accesoriilor interschimbabile (6 safire, 2 netezire, 2 lustruire) ve\u021bi trata diferite p\u0103r\u021bi ale corpului. Accesoriile safir au o durat\u0103 lung\u0103 de via\u021b\u0103. Potrivit \u0219i pentru diabetici. Aplicare mai u\u0219oar\u0103 datorit\u0103 luminii LED care lumineaz\u0103 suprafa\u021ba . Dispozitivul are 2 direc\u021bii de rota\u021bie \u0219i 3 viteze.<\/p>\n","protected":false},"excerpt":{"rendered":"<p>Polizorul pentru manichiur\u0103 \u0219i pedichiur\u0103 Medisana MP 840 este u\u0219or de operat \u0219i este un ajutor ideal \u00een \u00eengrijirea m\u00e2inilor, picioarelor \u0219i unghiilor. Poate fi folosit \u00een tratamentul unghiilor \u00eencarnate, groase \u0219i \u00eent\u0103rite, pentru tratamentul pielii cornificate, a calusurilor \u0219i a marginilor. De asemenea, este potrivit pentru \u00eengrijirea cosmetic\u0103 a m\u00e2inilor \u0219i a unghiilor. Datorit\u0103&#8230;<\/p>\n","protected":false},"featured_media":266676,"comment_status":"closed","ping_status":"open","template":"","meta":{"_acf_changed":false,"_kadence_starter_templates_imported_post":false,"_kad_post_transparent":"","_kad_post_title":"","_kad_post_layout":"","_kad_post_sidebar_id":"","_kad_post_content_style":"","_kad_post_vertical_padding":"","_kad_post_feature":"","_kad_post_feature_position":"","_kad_post_header":false,"_kad_post_footer":false,"_kad_post_classname":""},"product_brand":[471],"product_cat":[246,697,698,611],"product_tag":[],"class_list":{"0":"post-266675","1":"product","2":"type-product","3":"status-publish","4":"has-post-thumbnail","6":"product_brand-medisana","7":"product_cat-cosmetice","8":"product_cat-manichiura-si-pedichiura","9":"product_cat-manichiuri","10":"product_cat-produse-cosmetice-pentru-corp","12":"first","13":"instock","14":"product-type-external","15":"entry","16":"content-bg","17":"loop-entry"},"acf":[],"yoast_head":"<!-- This site is optimized with the Yoast SEO plugin v27.4 - https:\/\/yoast.com\/product\/yoast-seo-wordpress\/ -->\n<title>Medisana Polizor profesional de manichiura si pedichiur\u0103 MP 840 - SHOPATOA.COM<\/title>\n<meta name=\"robots\" content=\"index, follow, max-snippet:-1, max-image-preview:large, max-video-preview:-1\" \/>\n<link rel=\"canonical\" href=\"https:\/\/shopatoa.com\/ro\/medisana-polizor-profesional-de-manichiura-si-pedichiura-mp-840\/\" \/>\n<meta property=\"og:locale\" content=\"ro_RO\" \/>\n<meta property=\"og:type\" content=\"article\" \/>\n<meta property=\"og:title\" content=\"Medisana Polizor profesional de manichiura si pedichiur\u0103 MP 840 - SHOPATOA.COM\" \/>\n<meta property=\"og:description\" content=\"Polizorul pentru manichiur\u0103 \u0219i pedichiur\u0103 Medisana MP 840 este u\u0219or de operat \u0219i este un ajutor ideal \u00een \u00eengrijirea m\u00e2inilor, picioarelor \u0219i unghiilor. Poate fi folosit \u00een tratamentul unghiilor \u00eencarnate, groase \u0219i \u00eent\u0103rite, pentru tratamentul pielii cornificate, a calusurilor \u0219i a marginilor. De asemenea, este potrivit pentru \u00eengrijirea cosmetic\u0103 a m\u00e2inilor \u0219i a unghiilor. Datorit\u0103...\" \/>\n<meta property=\"og:url\" content=\"https:\/\/shopatoa.com\/ro\/medisana-polizor-profesional-de-manichiura-si-pedichiura-mp-840\/\" \/>\n<meta property=\"og:site_name\" content=\"SHOPATOA\" \/>\n<meta property=\"article:modified_time\" content=\"2025-12-09T09:15:54+00:00\" \/>\n<meta property=\"og:image\" content=\"https:\/\/storage.googleapis.com\/cz-shopatoa-img\/ro\/87eb41db-unnamed-file.webp\" \/>\n\t<meta property=\"og:image:width\" content=\"800\" \/>\n\t<meta property=\"og:image:height\" content=\"800\" \/>\n\t<meta property=\"og:image:type\" content=\"image\/webp\" \/>\n<meta name=\"twitter:card\" content=\"summary_large_image\" \/>\n<meta name=\"twitter:label1\" content=\"Timp estimat pentru citire\" \/>\n\t<meta name=\"twitter:data1\" content=\"1 minut\" \/>\n<script type=\"application\/ld+json\" class=\"yoast-schema-graph\">{\"@context\":\"https:\\\/\\\/schema.org\",\"@graph\":[{\"@type\":\"WebPage\",\"@id\":\"https:\\\/\\\/shopatoa.com\\\/ro\\\/medisana-polizor-profesional-de-manichiura-si-pedichiura-mp-840\\\/\",\"url\":\"https:\\\/\\\/shopatoa.com\\\/ro\\\/medisana-polizor-profesional-de-manichiura-si-pedichiura-mp-840\\\/\",\"name\":\"Medisana Polizor profesional de manichiura si pedichiur\u0103 MP 840 - SHOPATOA.COM\",\"isPartOf\":{\"@id\":\"https:\\\/\\\/shopatoa.com\\\/ro\\\/#website\"},\"primaryImageOfPage\":{\"@id\":\"https:\\\/\\\/shopatoa.com\\\/ro\\\/medisana-polizor-profesional-de-manichiura-si-pedichiura-mp-840\\\/#primaryimage\"},\"image\":{\"@id\":\"https:\\\/\\\/shopatoa.com\\\/ro\\\/medisana-polizor-profesional-de-manichiura-si-pedichiura-mp-840\\\/#primaryimage\"},\"thumbnailUrl\":\"https:\\\/\\\/storage.googleapis.com\\\/cz-shopatoa-img\\\/ro\\\/87eb41db-unnamed-file.webp\",\"datePublished\":\"2025-04-28T14:46:00+00:00\",\"dateModified\":\"2025-12-09T09:15:54+00:00\",\"breadcrumb\":{\"@id\":\"https:\\\/\\\/shopatoa.com\\\/ro\\\/medisana-polizor-profesional-de-manichiura-si-pedichiura-mp-840\\\/#breadcrumb\"},\"inLanguage\":\"ro-RO\",\"potentialAction\":[{\"@type\":\"ReadAction\",\"target\":[\"https:\\\/\\\/shopatoa.com\\\/ro\\\/medisana-polizor-profesional-de-manichiura-si-pedichiura-mp-840\\\/\"]}]},{\"@type\":\"ImageObject\",\"inLanguage\":\"ro-RO\",\"@id\":\"https:\\\/\\\/shopatoa.com\\\/ro\\\/medisana-polizor-profesional-de-manichiura-si-pedichiura-mp-840\\\/#primaryimage\",\"url\":\"https:\\\/\\\/storage.googleapis.com\\\/cz-shopatoa-img\\\/ro\\\/87eb41db-unnamed-file.webp\",\"contentUrl\":\"https:\\\/\\\/storage.googleapis.com\\\/cz-shopatoa-img\\\/ro\\\/87eb41db-unnamed-file.webp\",\"width\":800,\"height\":800},{\"@type\":\"BreadcrumbList\",\"@id\":\"https:\\\/\\\/shopatoa.com\\\/ro\\\/medisana-polizor-profesional-de-manichiura-si-pedichiura-mp-840\\\/#breadcrumb\",\"itemListElement\":[{\"@type\":\"ListItem\",\"position\":1,\"name\":\"Dom\u016f\",\"item\":\"https:\\\/\\\/shopatoa.com\\\/ro\\\/\"},{\"@type\":\"ListItem\",\"position\":2,\"name\":\"Shop\",\"item\":\"https:\\\/\\\/shopatoa.com\\\/ro\\\/shop\\\/\"},{\"@type\":\"ListItem\",\"position\":3,\"name\":\"Cosmetice\",\"item\":\"https:\\\/\\\/shopatoa.com\\\/ro\\\/cosmetice\\\/\"},{\"@type\":\"ListItem\",\"position\":4,\"name\":\"Produse cosmetice pentru corp\",\"item\":\"https:\\\/\\\/shopatoa.com\\\/ro\\\/produse-cosmetice-pentru-corp\\\/\"},{\"@type\":\"ListItem\",\"position\":5,\"name\":\"Manichiura si pedichiura\",\"item\":\"https:\\\/\\\/shopatoa.com\\\/ro\\\/manichiura-si-pedichiura\\\/\"},{\"@type\":\"ListItem\",\"position\":6,\"name\":\"Manichiuri\",\"item\":\"https:\\\/\\\/shopatoa.com\\\/ro\\\/manichiuri\\\/\"},{\"@type\":\"ListItem\",\"position\":7,\"name\":\"Medisana Polizor profesional de manichiura si pedichiur\u0103 MP 840\"}]},{\"@type\":\"WebSite\",\"@id\":\"https:\\\/\\\/shopatoa.com\\\/ro\\\/#website\",\"url\":\"https:\\\/\\\/shopatoa.com\\\/ro\\\/\",\"name\":\"SHOPATOA\",\"description\":\"\",\"publisher\":{\"@id\":\"https:\\\/\\\/shopatoa.com\\\/ro\\\/#organization\"},\"potentialAction\":[{\"@type\":\"SearchAction\",\"target\":{\"@type\":\"EntryPoint\",\"urlTemplate\":\"https:\\\/\\\/shopatoa.com\\\/ro\\\/?s={search_term_string}\"},\"query-input\":{\"@type\":\"PropertyValueSpecification\",\"valueRequired\":true,\"valueName\":\"search_term_string\"}}],\"inLanguage\":\"ro-RO\"},{\"@type\":\"Organization\",\"@id\":\"https:\\\/\\\/shopatoa.com\\\/ro\\\/#organization\",\"name\":\"SHOPATOA\",\"url\":\"https:\\\/\\\/shopatoa.com\\\/ro\\\/\",\"logo\":{\"@type\":\"ImageObject\",\"inLanguage\":\"ro-RO\",\"@id\":\"https:\\\/\\\/shopatoa.com\\\/ro\\\/#\\\/schema\\\/logo\\\/image\\\/\",\"url\":\"https:\\\/\\\/storage.googleapis.com\\\/cz-shopatoa-img\\\/ro\\\/b4dac915-shopatoa_logo.png\",\"contentUrl\":\"https:\\\/\\\/storage.googleapis.com\\\/cz-shopatoa-img\\\/ro\\\/b4dac915-shopatoa_logo.png\",\"width\":416,\"height\":63,\"caption\":\"SHOPATOA\"},\"image\":{\"@id\":\"https:\\\/\\\/shopatoa.com\\\/ro\\\/#\\\/schema\\\/logo\\\/image\\\/\"}}]}<\/script>\n<!-- \/ Yoast SEO plugin. -->","yoast_head_json":{"title":"Medisana Polizor profesional de manichiura si pedichiur\u0103 MP 840 - SHOPATOA.COM","robots":{"index":"index","follow":"follow","max-snippet":"max-snippet:-1","max-image-preview":"max-image-preview:large","max-video-preview":"max-video-preview:-1"},"canonical":"https:\/\/shopatoa.com\/ro\/medisana-polizor-profesional-de-manichiura-si-pedichiura-mp-840\/","og_locale":"ro_RO","og_type":"article","og_title":"Medisana Polizor profesional de manichiura si pedichiur\u0103 MP 840 - SHOPATOA.COM","og_description":"Polizorul pentru manichiur\u0103 \u0219i pedichiur\u0103 Medisana MP 840 este u\u0219or de operat \u0219i este un ajutor ideal \u00een \u00eengrijirea m\u00e2inilor, picioarelor \u0219i unghiilor. Poate fi folosit \u00een tratamentul unghiilor \u00eencarnate, groase \u0219i \u00eent\u0103rite, pentru tratamentul pielii cornificate, a calusurilor \u0219i a marginilor. De asemenea, este potrivit pentru \u00eengrijirea cosmetic\u0103 a m\u00e2inilor \u0219i a unghiilor. Datorit\u0103...","og_url":"https:\/\/shopatoa.com\/ro\/medisana-polizor-profesional-de-manichiura-si-pedichiura-mp-840\/","og_site_name":"SHOPATOA","article_modified_time":"2025-12-09T09:15:54+00:00","og_image":[{"width":800,"height":800,"url":"https:\/\/storage.googleapis.com\/cz-shopatoa-img\/ro\/87eb41db-unnamed-file.webp","type":"image\/webp"}],"twitter_card":"summary_large_image","twitter_misc":{"Timp estimat pentru citire":"1 minut"},"schema":{"@context":"https:\/\/schema.org","@graph":[{"@type":"WebPage","@id":"https:\/\/shopatoa.com\/ro\/medisana-polizor-profesional-de-manichiura-si-pedichiura-mp-840\/","url":"https:\/\/shopatoa.com\/ro\/medisana-polizor-profesional-de-manichiura-si-pedichiura-mp-840\/","name":"Medisana Polizor profesional de manichiura si pedichiur\u0103 MP 840 - SHOPATOA.COM","isPartOf":{"@id":"https:\/\/shopatoa.com\/ro\/#website"},"primaryImageOfPage":{"@id":"https:\/\/shopatoa.com\/ro\/medisana-polizor-profesional-de-manichiura-si-pedichiura-mp-840\/#primaryimage"},"image":{"@id":"https:\/\/shopatoa.com\/ro\/medisana-polizor-profesional-de-manichiura-si-pedichiura-mp-840\/#primaryimage"},"thumbnailUrl":"https:\/\/storage.googleapis.com\/cz-shopatoa-img\/ro\/87eb41db-unnamed-file.webp","datePublished":"2025-04-28T14:46:00+00:00","dateModified":"2025-12-09T09:15:54+00:00","breadcrumb":{"@id":"https:\/\/shopatoa.com\/ro\/medisana-polizor-profesional-de-manichiura-si-pedichiura-mp-840\/#breadcrumb"},"inLanguage":"ro-RO","potentialAction":[{"@type":"ReadAction","target":["https:\/\/shopatoa.com\/ro\/medisana-polizor-profesional-de-manichiura-si-pedichiura-mp-840\/"]}]},{"@type":"ImageObject","inLanguage":"ro-RO","@id":"https:\/\/shopatoa.com\/ro\/medisana-polizor-profesional-de-manichiura-si-pedichiura-mp-840\/#primaryimage","url":"https:\/\/storage.googleapis.com\/cz-shopatoa-img\/ro\/87eb41db-unnamed-file.webp","contentUrl":"https:\/\/storage.googleapis.com\/cz-shopatoa-img\/ro\/87eb41db-unnamed-file.webp","width":800,"height":800},{"@type":"BreadcrumbList","@id":"https:\/\/shopatoa.com\/ro\/medisana-polizor-profesional-de-manichiura-si-pedichiura-mp-840\/#breadcrumb","itemListElement":[{"@type":"ListItem","position":1,"name":"Dom\u016f","item":"https:\/\/shopatoa.com\/ro\/"},{"@type":"ListItem","position":2,"name":"Shop","item":"https:\/\/shopatoa.com\/ro\/shop\/"},{"@type":"ListItem","position":3,"name":"Cosmetice","item":"https:\/\/shopatoa.com\/ro\/cosmetice\/"},{"@type":"ListItem","position":4,"name":"Produse cosmetice pentru corp","item":"https:\/\/shopatoa.com\/ro\/produse-cosmetice-pentru-corp\/"},{"@type":"ListItem","position":5,"name":"Manichiura si pedichiura","item":"https:\/\/shopatoa.com\/ro\/manichiura-si-pedichiura\/"},{"@type":"ListItem","position":6,"name":"Manichiuri","item":"https:\/\/shopatoa.com\/ro\/manichiuri\/"},{"@type":"ListItem","position":7,"name":"Medisana Polizor profesional de manichiura si pedichiur\u0103 MP 840"}]},{"@type":"WebSite","@id":"https:\/\/shopatoa.com\/ro\/#website","url":"https:\/\/shopatoa.com\/ro\/","name":"SHOPATOA","description":"","publisher":{"@id":"https:\/\/shopatoa.com\/ro\/#organization"},"potentialAction":[{"@type":"SearchAction","target":{"@type":"EntryPoint","urlTemplate":"https:\/\/shopatoa.com\/ro\/?s={search_term_string}"},"query-input":{"@type":"PropertyValueSpecification","valueRequired":true,"valueName":"search_term_string"}}],"inLanguage":"ro-RO"},{"@type":"Organization","@id":"https:\/\/shopatoa.com\/ro\/#organization","name":"SHOPATOA","url":"https:\/\/shopatoa.com\/ro\/","logo":{"@type":"ImageObject","inLanguage":"ro-RO","@id":"https:\/\/shopatoa.com\/ro\/#\/schema\/logo\/image\/","url":"https:\/\/storage.googleapis.com\/cz-shopatoa-img\/ro\/b4dac915-shopatoa_logo.png","contentUrl":"https:\/\/storage.googleapis.com\/cz-shopatoa-img\/ro\/b4dac915-shopatoa_logo.png","width":416,"height":63,"caption":"SHOPATOA"},"image":{"@id":"https:\/\/shopatoa.com\/ro\/#\/schema\/logo\/image\/"}}]}},"_links":{"self":[{"href":"https:\/\/shopatoa.com\/ro\/wp-json\/wp\/v2\/product\/266675","targetHints":{"allow":["GET"]}}],"collection":[{"href":"https:\/\/shopatoa.com\/ro\/wp-json\/wp\/v2\/product"}],"about":[{"href":"https:\/\/shopatoa.com\/ro\/wp-json\/wp\/v2\/types\/product"}],"replies":[{"embeddable":true,"href":"https:\/\/shopatoa.com\/ro\/wp-json\/wp\/v2\/comments?post=266675"}],"wp:featuredmedia":[{"embeddable":true,"href":"https:\/\/shopatoa.com\/ro\/wp-json\/wp\/v2\/media\/266676"}],"wp:attachment":[{"href":"https:\/\/shopatoa.com\/ro\/wp-json\/wp\/v2\/media?parent=266675"}],"wp:term":[{"taxonomy":"product_brand","embeddable":true,"href":"https:\/\/shopatoa.com\/ro\/wp-json\/wp\/v2\/product_brand?post=266675"},{"taxonomy":"product_cat","embeddable":true,"href":"https:\/\/shopatoa.com\/ro\/wp-json\/wp\/v2\/product_cat?post=266675"},{"taxonomy":"product_tag","embeddable":true,"href":"https:\/\/shopatoa.com\/ro\/wp-json\/wp\/v2\/product_tag?post=266675"}],"curies":[{"name":"wp","href":"https:\/\/api.w.org\/{rel}","templated":true}]}}