{"id":266752,"date":"2025-04-28T17:01:53","date_gmt":"2025-04-28T15:01:53","guid":{"rendered":"https:\/\/shopatoa.com\/ro\/revolution-haircare-maser-stimulator-pentru-scalp-stimulating-scalp-massager\/"},"modified":"2025-12-09T10:06:17","modified_gmt":"2025-12-09T09:06:17","slug":"revolution-haircare-maser-stimulator-pentru-scalp-stimulating-scalp-massager","status":"publish","type":"product","link":"https:\/\/shopatoa.com\/ro\/revolution-haircare-maser-stimulator-pentru-scalp-stimulating-scalp-massager\/","title":{"rendered":"Revolution Haircare Maser stimulator pentru scalp Stimulating Scalp Massager"},"content":{"rendered":"<p>Dispozitivul de masaj pentru scalp este un accesoriu perfect pentru eliminarea stresului.Datorita formei sale ergonomice, este u\u0219or de \u021binut in mana \u0219i permite un masaj u\u0219or al capului folosind v\u00e2rfuri din silicon. Ajut\u0103 la \u00eendep\u0103rtarea reziduurilor de produs \u0219i cur\u0103\u021b\u0103 scalpul, stimuleaz\u0103 foliculii \u0219i amelioreaz\u0103 acumularea de tensiune \u00een jurul capului \u0219i g\u00e2tului.<\/p>\n","protected":false},"excerpt":{"rendered":"<p>Dispozitivul de masaj pentru scalp este un accesoriu perfect pentru eliminarea stresului.Datorita formei sale ergonomice, este u\u0219or de \u021binut in mana \u0219i permite un masaj u\u0219or al capului folosind v\u00e2rfuri din silicon. Ajut\u0103 la \u00eendep\u0103rtarea reziduurilor de produs \u0219i cur\u0103\u021b\u0103 scalpul, stimuleaz\u0103 foliculii \u0219i amelioreaz\u0103 acumularea de tensiune \u00een jurul capului \u0219i g\u00e2tului.<\/p>\n","protected":false},"featured_media":266753,"comment_status":"closed","ping_status":"open","template":"","meta":{"_acf_changed":false,"_kadence_starter_templates_imported_post":false,"_kad_post_transparent":"","_kad_post_title":"","_kad_post_layout":"","_kad_post_sidebar_id":"","_kad_post_content_style":"","_kad_post_vertical_padding":"","_kad_post_feature":"","_kad_post_feature_position":"","_kad_post_header":false,"_kad_post_footer":false,"_kad_post_classname":""},"product_brand":[217],"product_cat":[246,623,624],"product_tag":[],"class_list":{"0":"post-266752","1":"product","2":"type-product","3":"status-publish","4":"has-post-thumbnail","6":"product_brand-revolution-haircare","7":"product_cat-cosmetice","8":"product_cat-produse-cosmetice-pentru-par","9":"product_cat-produse-aparate-si-accesorii-pentru-par","11":"first","12":"instock","13":"sale","14":"product-type-external","15":"entry","16":"content-bg","17":"loop-entry"},"acf":[],"yoast_head":"<!-- This site is optimized with the Yoast SEO plugin v27.4 - https:\/\/yoast.com\/product\/yoast-seo-wordpress\/ -->\n<title>Revolution Haircare Maser stimulator pentru scalp Stimulating Scalp Massager - SHOPATOA.COM<\/title>\n<meta name=\"robots\" content=\"index, follow, max-snippet:-1, max-image-preview:large, max-video-preview:-1\" \/>\n<link rel=\"canonical\" href=\"https:\/\/shopatoa.com\/ro\/revolution-haircare-maser-stimulator-pentru-scalp-stimulating-scalp-massager\/\" \/>\n<meta property=\"og:locale\" content=\"ro_RO\" \/>\n<meta property=\"og:type\" content=\"article\" \/>\n<meta property=\"og:title\" content=\"Revolution Haircare Maser stimulator pentru scalp Stimulating Scalp Massager - SHOPATOA.COM\" \/>\n<meta property=\"og:description\" content=\"Dispozitivul de masaj pentru scalp este un accesoriu perfect pentru eliminarea stresului.Datorita formei sale ergonomice, este u\u0219or de \u021binut in mana \u0219i permite un masaj u\u0219or al capului folosind v\u00e2rfuri din silicon. Ajut\u0103 la \u00eendep\u0103rtarea reziduurilor de produs \u0219i cur\u0103\u021b\u0103 scalpul, stimuleaz\u0103 foliculii \u0219i amelioreaz\u0103 acumularea de tensiune \u00een jurul capului \u0219i g\u00e2tului.\" \/>\n<meta property=\"og:url\" content=\"https:\/\/shopatoa.com\/ro\/revolution-haircare-maser-stimulator-pentru-scalp-stimulating-scalp-massager\/\" \/>\n<meta property=\"og:site_name\" content=\"SHOPATOA\" \/>\n<meta property=\"article:modified_time\" content=\"2025-12-09T09:06:17+00:00\" \/>\n<meta property=\"og:image\" content=\"https:\/\/storage.googleapis.com\/cz-shopatoa-img\/ro\/ec2ab6f7-unnamed-file.webp\" \/>\n\t<meta property=\"og:image:width\" content=\"800\" \/>\n\t<meta property=\"og:image:height\" content=\"800\" \/>\n\t<meta property=\"og:image:type\" content=\"image\/webp\" \/>\n<meta name=\"twitter:card\" content=\"summary_large_image\" \/>\n<script type=\"application\/ld+json\" class=\"yoast-schema-graph\">{\"@context\":\"https:\\\/\\\/schema.org\",\"@graph\":[{\"@type\":\"WebPage\",\"@id\":\"https:\\\/\\\/shopatoa.com\\\/ro\\\/revolution-haircare-maser-stimulator-pentru-scalp-stimulating-scalp-massager\\\/\",\"url\":\"https:\\\/\\\/shopatoa.com\\\/ro\\\/revolution-haircare-maser-stimulator-pentru-scalp-stimulating-scalp-massager\\\/\",\"name\":\"Revolution Haircare Maser stimulator pentru scalp Stimulating Scalp Massager - SHOPATOA.COM\",\"isPartOf\":{\"@id\":\"https:\\\/\\\/shopatoa.com\\\/ro\\\/#website\"},\"primaryImageOfPage\":{\"@id\":\"https:\\\/\\\/shopatoa.com\\\/ro\\\/revolution-haircare-maser-stimulator-pentru-scalp-stimulating-scalp-massager\\\/#primaryimage\"},\"image\":{\"@id\":\"https:\\\/\\\/shopatoa.com\\\/ro\\\/revolution-haircare-maser-stimulator-pentru-scalp-stimulating-scalp-massager\\\/#primaryimage\"},\"thumbnailUrl\":\"https:\\\/\\\/storage.googleapis.com\\\/cz-shopatoa-img\\\/ro\\\/ec2ab6f7-unnamed-file.webp\",\"datePublished\":\"2025-04-28T15:01:53+00:00\",\"dateModified\":\"2025-12-09T09:06:17+00:00\",\"breadcrumb\":{\"@id\":\"https:\\\/\\\/shopatoa.com\\\/ro\\\/revolution-haircare-maser-stimulator-pentru-scalp-stimulating-scalp-massager\\\/#breadcrumb\"},\"inLanguage\":\"ro-RO\",\"potentialAction\":[{\"@type\":\"ReadAction\",\"target\":[\"https:\\\/\\\/shopatoa.com\\\/ro\\\/revolution-haircare-maser-stimulator-pentru-scalp-stimulating-scalp-massager\\\/\"]}]},{\"@type\":\"ImageObject\",\"inLanguage\":\"ro-RO\",\"@id\":\"https:\\\/\\\/shopatoa.com\\\/ro\\\/revolution-haircare-maser-stimulator-pentru-scalp-stimulating-scalp-massager\\\/#primaryimage\",\"url\":\"https:\\\/\\\/storage.googleapis.com\\\/cz-shopatoa-img\\\/ro\\\/ec2ab6f7-unnamed-file.webp\",\"contentUrl\":\"https:\\\/\\\/storage.googleapis.com\\\/cz-shopatoa-img\\\/ro\\\/ec2ab6f7-unnamed-file.webp\",\"width\":800,\"height\":800},{\"@type\":\"BreadcrumbList\",\"@id\":\"https:\\\/\\\/shopatoa.com\\\/ro\\\/revolution-haircare-maser-stimulator-pentru-scalp-stimulating-scalp-massager\\\/#breadcrumb\",\"itemListElement\":[{\"@type\":\"ListItem\",\"position\":1,\"name\":\"Dom\u016f\",\"item\":\"https:\\\/\\\/shopatoa.com\\\/ro\\\/\"},{\"@type\":\"ListItem\",\"position\":2,\"name\":\"Shop\",\"item\":\"https:\\\/\\\/shopatoa.com\\\/ro\\\/shop\\\/\"},{\"@type\":\"ListItem\",\"position\":3,\"name\":\"Cosmetice\",\"item\":\"https:\\\/\\\/shopatoa.com\\\/ro\\\/cosmetice\\\/\"},{\"@type\":\"ListItem\",\"position\":4,\"name\":\"Produse cosmetice pentru p\u0103r\",\"item\":\"https:\\\/\\\/shopatoa.com\\\/ro\\\/produse-cosmetice-pentru-par\\\/\"},{\"@type\":\"ListItem\",\"position\":5,\"name\":\"Produse, aparate \u0219i accesorii pentru p\u0103r\",\"item\":\"https:\\\/\\\/shopatoa.com\\\/ro\\\/produse-aparate-si-accesorii-pentru-par\\\/\"},{\"@type\":\"ListItem\",\"position\":6,\"name\":\"Revolution Haircare Maser stimulator pentru scalp Stimulating Scalp Massager\"}]},{\"@type\":\"WebSite\",\"@id\":\"https:\\\/\\\/shopatoa.com\\\/ro\\\/#website\",\"url\":\"https:\\\/\\\/shopatoa.com\\\/ro\\\/\",\"name\":\"SHOPATOA\",\"description\":\"\",\"publisher\":{\"@id\":\"https:\\\/\\\/shopatoa.com\\\/ro\\\/#organization\"},\"potentialAction\":[{\"@type\":\"SearchAction\",\"target\":{\"@type\":\"EntryPoint\",\"urlTemplate\":\"https:\\\/\\\/shopatoa.com\\\/ro\\\/?s={search_term_string}\"},\"query-input\":{\"@type\":\"PropertyValueSpecification\",\"valueRequired\":true,\"valueName\":\"search_term_string\"}}],\"inLanguage\":\"ro-RO\"},{\"@type\":\"Organization\",\"@id\":\"https:\\\/\\\/shopatoa.com\\\/ro\\\/#organization\",\"name\":\"SHOPATOA\",\"url\":\"https:\\\/\\\/shopatoa.com\\\/ro\\\/\",\"logo\":{\"@type\":\"ImageObject\",\"inLanguage\":\"ro-RO\",\"@id\":\"https:\\\/\\\/shopatoa.com\\\/ro\\\/#\\\/schema\\\/logo\\\/image\\\/\",\"url\":\"https:\\\/\\\/storage.googleapis.com\\\/cz-shopatoa-img\\\/ro\\\/b4dac915-shopatoa_logo.png\",\"contentUrl\":\"https:\\\/\\\/storage.googleapis.com\\\/cz-shopatoa-img\\\/ro\\\/b4dac915-shopatoa_logo.png\",\"width\":416,\"height\":63,\"caption\":\"SHOPATOA\"},\"image\":{\"@id\":\"https:\\\/\\\/shopatoa.com\\\/ro\\\/#\\\/schema\\\/logo\\\/image\\\/\"}}]}<\/script>\n<!-- \/ Yoast SEO plugin. -->","yoast_head_json":{"title":"Revolution Haircare Maser stimulator pentru scalp Stimulating Scalp Massager - SHOPATOA.COM","robots":{"index":"index","follow":"follow","max-snippet":"max-snippet:-1","max-image-preview":"max-image-preview:large","max-video-preview":"max-video-preview:-1"},"canonical":"https:\/\/shopatoa.com\/ro\/revolution-haircare-maser-stimulator-pentru-scalp-stimulating-scalp-massager\/","og_locale":"ro_RO","og_type":"article","og_title":"Revolution Haircare Maser stimulator pentru scalp Stimulating Scalp Massager - SHOPATOA.COM","og_description":"Dispozitivul de masaj pentru scalp este un accesoriu perfect pentru eliminarea stresului.Datorita formei sale ergonomice, este u\u0219or de \u021binut in mana \u0219i permite un masaj u\u0219or al capului folosind v\u00e2rfuri din silicon. Ajut\u0103 la \u00eendep\u0103rtarea reziduurilor de produs \u0219i cur\u0103\u021b\u0103 scalpul, stimuleaz\u0103 foliculii \u0219i amelioreaz\u0103 acumularea de tensiune \u00een jurul capului \u0219i g\u00e2tului.","og_url":"https:\/\/shopatoa.com\/ro\/revolution-haircare-maser-stimulator-pentru-scalp-stimulating-scalp-massager\/","og_site_name":"SHOPATOA","article_modified_time":"2025-12-09T09:06:17+00:00","og_image":[{"width":800,"height":800,"url":"https:\/\/storage.googleapis.com\/cz-shopatoa-img\/ro\/ec2ab6f7-unnamed-file.webp","type":"image\/webp"}],"twitter_card":"summary_large_image","schema":{"@context":"https:\/\/schema.org","@graph":[{"@type":"WebPage","@id":"https:\/\/shopatoa.com\/ro\/revolution-haircare-maser-stimulator-pentru-scalp-stimulating-scalp-massager\/","url":"https:\/\/shopatoa.com\/ro\/revolution-haircare-maser-stimulator-pentru-scalp-stimulating-scalp-massager\/","name":"Revolution Haircare Maser stimulator pentru scalp Stimulating Scalp Massager - SHOPATOA.COM","isPartOf":{"@id":"https:\/\/shopatoa.com\/ro\/#website"},"primaryImageOfPage":{"@id":"https:\/\/shopatoa.com\/ro\/revolution-haircare-maser-stimulator-pentru-scalp-stimulating-scalp-massager\/#primaryimage"},"image":{"@id":"https:\/\/shopatoa.com\/ro\/revolution-haircare-maser-stimulator-pentru-scalp-stimulating-scalp-massager\/#primaryimage"},"thumbnailUrl":"https:\/\/storage.googleapis.com\/cz-shopatoa-img\/ro\/ec2ab6f7-unnamed-file.webp","datePublished":"2025-04-28T15:01:53+00:00","dateModified":"2025-12-09T09:06:17+00:00","breadcrumb":{"@id":"https:\/\/shopatoa.com\/ro\/revolution-haircare-maser-stimulator-pentru-scalp-stimulating-scalp-massager\/#breadcrumb"},"inLanguage":"ro-RO","potentialAction":[{"@type":"ReadAction","target":["https:\/\/shopatoa.com\/ro\/revolution-haircare-maser-stimulator-pentru-scalp-stimulating-scalp-massager\/"]}]},{"@type":"ImageObject","inLanguage":"ro-RO","@id":"https:\/\/shopatoa.com\/ro\/revolution-haircare-maser-stimulator-pentru-scalp-stimulating-scalp-massager\/#primaryimage","url":"https:\/\/storage.googleapis.com\/cz-shopatoa-img\/ro\/ec2ab6f7-unnamed-file.webp","contentUrl":"https:\/\/storage.googleapis.com\/cz-shopatoa-img\/ro\/ec2ab6f7-unnamed-file.webp","width":800,"height":800},{"@type":"BreadcrumbList","@id":"https:\/\/shopatoa.com\/ro\/revolution-haircare-maser-stimulator-pentru-scalp-stimulating-scalp-massager\/#breadcrumb","itemListElement":[{"@type":"ListItem","position":1,"name":"Dom\u016f","item":"https:\/\/shopatoa.com\/ro\/"},{"@type":"ListItem","position":2,"name":"Shop","item":"https:\/\/shopatoa.com\/ro\/shop\/"},{"@type":"ListItem","position":3,"name":"Cosmetice","item":"https:\/\/shopatoa.com\/ro\/cosmetice\/"},{"@type":"ListItem","position":4,"name":"Produse cosmetice pentru p\u0103r","item":"https:\/\/shopatoa.com\/ro\/produse-cosmetice-pentru-par\/"},{"@type":"ListItem","position":5,"name":"Produse, aparate \u0219i accesorii pentru p\u0103r","item":"https:\/\/shopatoa.com\/ro\/produse-aparate-si-accesorii-pentru-par\/"},{"@type":"ListItem","position":6,"name":"Revolution Haircare Maser stimulator pentru scalp Stimulating Scalp Massager"}]},{"@type":"WebSite","@id":"https:\/\/shopatoa.com\/ro\/#website","url":"https:\/\/shopatoa.com\/ro\/","name":"SHOPATOA","description":"","publisher":{"@id":"https:\/\/shopatoa.com\/ro\/#organization"},"potentialAction":[{"@type":"SearchAction","target":{"@type":"EntryPoint","urlTemplate":"https:\/\/shopatoa.com\/ro\/?s={search_term_string}"},"query-input":{"@type":"PropertyValueSpecification","valueRequired":true,"valueName":"search_term_string"}}],"inLanguage":"ro-RO"},{"@type":"Organization","@id":"https:\/\/shopatoa.com\/ro\/#organization","name":"SHOPATOA","url":"https:\/\/shopatoa.com\/ro\/","logo":{"@type":"ImageObject","inLanguage":"ro-RO","@id":"https:\/\/shopatoa.com\/ro\/#\/schema\/logo\/image\/","url":"https:\/\/storage.googleapis.com\/cz-shopatoa-img\/ro\/b4dac915-shopatoa_logo.png","contentUrl":"https:\/\/storage.googleapis.com\/cz-shopatoa-img\/ro\/b4dac915-shopatoa_logo.png","width":416,"height":63,"caption":"SHOPATOA"},"image":{"@id":"https:\/\/shopatoa.com\/ro\/#\/schema\/logo\/image\/"}}]}},"_links":{"self":[{"href":"https:\/\/shopatoa.com\/ro\/wp-json\/wp\/v2\/product\/266752","targetHints":{"allow":["GET"]}}],"collection":[{"href":"https:\/\/shopatoa.com\/ro\/wp-json\/wp\/v2\/product"}],"about":[{"href":"https:\/\/shopatoa.com\/ro\/wp-json\/wp\/v2\/types\/product"}],"replies":[{"embeddable":true,"href":"https:\/\/shopatoa.com\/ro\/wp-json\/wp\/v2\/comments?post=266752"}],"wp:featuredmedia":[{"embeddable":true,"href":"https:\/\/shopatoa.com\/ro\/wp-json\/wp\/v2\/media\/266753"}],"wp:attachment":[{"href":"https:\/\/shopatoa.com\/ro\/wp-json\/wp\/v2\/media?parent=266752"}],"wp:term":[{"taxonomy":"product_brand","embeddable":true,"href":"https:\/\/shopatoa.com\/ro\/wp-json\/wp\/v2\/product_brand?post=266752"},{"taxonomy":"product_cat","embeddable":true,"href":"https:\/\/shopatoa.com\/ro\/wp-json\/wp\/v2\/product_cat?post=266752"},{"taxonomy":"product_tag","embeddable":true,"href":"https:\/\/shopatoa.com\/ro\/wp-json\/wp\/v2\/product_tag?post=266752"}],"curies":[{"name":"wp","href":"https:\/\/api.w.org\/{rel}","templated":true}]}}