{"id":266920,"date":"2025-04-28T17:37:03","date_gmt":"2025-04-28T15:37:03","guid":{"rendered":"https:\/\/shopatoa.com\/ro\/tesori-doriente-byzantium-crema-de-baie-500-ml\/"},"modified":"2025-12-09T09:36:40","modified_gmt":"2025-12-09T08:36:40","slug":"tesori-doriente-byzantium-crema-de-baie-500-ml","status":"publish","type":"product","link":"https:\/\/shopatoa.com\/ro\/tesori-doriente-byzantium-crema-de-baie-500-ml\/","title":{"rendered":"Tesori d&#8217;Oriente Byzantium &#8211; crem\u0103 de baie 500 ml"},"content":{"rendered":"<p>Byzance de la marca Tesori d \u00b4Oriente este un miros oriental-floral pentru femei. Capul const\u0103 dintr-o combina\u021bie de scor\u021bi\u0219oar\u0103, migdale \u0219i mimoz\u0103. \u00cen inim\u0103, veti g\u0103si trandafir negru, miere \u0219i labdanum de r\u0103\u0219in\u0103. Baza este apoi alc\u0103tuit\u0103 din vanilie dulce \u00eempreun\u0103 cu lemn de agar, balsam peruvian \u0219i cacao. Parfumul a fost lansat \u00een anul 2016.<\/p>\n","protected":false},"excerpt":{"rendered":"<p>Byzance de la marca Tesori d \u00b4Oriente este un miros oriental-floral pentru femei. Capul const\u0103 dintr-o combina\u021bie de scor\u021bi\u0219oar\u0103, migdale \u0219i mimoz\u0103. \u00cen inim\u0103, veti g\u0103si trandafir negru, miere \u0219i labdanum de r\u0103\u0219in\u0103. Baza este apoi alc\u0103tuit\u0103 din vanilie dulce \u00eempreun\u0103 cu lemn de agar, balsam peruvian \u0219i cacao. Parfumul a fost lansat \u00een anul&#8230;<\/p>\n","protected":false},"featured_media":266921,"comment_status":"closed","ping_status":"open","template":"","meta":{"_acf_changed":false,"_kadence_starter_templates_imported_post":false,"_kad_post_transparent":"","_kad_post_title":"","_kad_post_layout":"","_kad_post_sidebar_id":"","_kad_post_content_style":"","_kad_post_vertical_padding":"","_kad_post_feature":"","_kad_post_feature_position":"","_kad_post_header":false,"_kad_post_footer":false,"_kad_post_classname":""},"product_brand":[244],"product_cat":[246,641,611],"product_tag":[],"class_list":{"0":"post-266920","1":"product","2":"type-product","3":"status-publish","4":"has-post-thumbnail","6":"product_brand-tesori-doriente","7":"product_cat-cosmetice","8":"product_cat-cosmetice-pentru-dus-si-baie","9":"product_cat-produse-cosmetice-pentru-corp","11":"first","12":"instock","13":"product-type-external","14":"entry","15":"content-bg","16":"loop-entry"},"acf":[],"yoast_head":"<!-- This site is optimized with the Yoast SEO plugin v27.4 - https:\/\/yoast.com\/product\/yoast-seo-wordpress\/ -->\n<title>Tesori d&#039;Oriente Byzantium - crem\u0103 de baie 500 ml - SHOPATOA.COM<\/title>\n<meta name=\"robots\" content=\"index, follow, max-snippet:-1, max-image-preview:large, max-video-preview:-1\" \/>\n<link rel=\"canonical\" href=\"https:\/\/shopatoa.com\/ro\/tesori-doriente-byzantium-crema-de-baie-500-ml\/\" \/>\n<meta property=\"og:locale\" content=\"ro_RO\" \/>\n<meta property=\"og:type\" content=\"article\" \/>\n<meta property=\"og:title\" content=\"Tesori d&#039;Oriente Byzantium - crem\u0103 de baie 500 ml - SHOPATOA.COM\" \/>\n<meta property=\"og:description\" content=\"Byzance de la marca Tesori d \u00b4Oriente este un miros oriental-floral pentru femei. Capul const\u0103 dintr-o combina\u021bie de scor\u021bi\u0219oar\u0103, migdale \u0219i mimoz\u0103. \u00cen inim\u0103, veti g\u0103si trandafir negru, miere \u0219i labdanum de r\u0103\u0219in\u0103. Baza este apoi alc\u0103tuit\u0103 din vanilie dulce \u00eempreun\u0103 cu lemn de agar, balsam peruvian \u0219i cacao. Parfumul a fost lansat \u00een anul...\" \/>\n<meta property=\"og:url\" content=\"https:\/\/shopatoa.com\/ro\/tesori-doriente-byzantium-crema-de-baie-500-ml\/\" \/>\n<meta property=\"og:site_name\" content=\"SHOPATOA\" \/>\n<meta property=\"article:modified_time\" content=\"2025-12-09T08:36:40+00:00\" \/>\n<meta property=\"og:image\" content=\"https:\/\/storage.googleapis.com\/cz-shopatoa-img\/ro\/b3a5c777-unnamed-file.webp\" \/>\n\t<meta property=\"og:image:width\" content=\"800\" \/>\n\t<meta property=\"og:image:height\" content=\"800\" \/>\n\t<meta property=\"og:image:type\" content=\"image\/webp\" \/>\n<meta name=\"twitter:card\" content=\"summary_large_image\" \/>\n<script type=\"application\/ld+json\" class=\"yoast-schema-graph\">{\"@context\":\"https:\\\/\\\/schema.org\",\"@graph\":[{\"@type\":\"WebPage\",\"@id\":\"https:\\\/\\\/shopatoa.com\\\/ro\\\/tesori-doriente-byzantium-crema-de-baie-500-ml\\\/\",\"url\":\"https:\\\/\\\/shopatoa.com\\\/ro\\\/tesori-doriente-byzantium-crema-de-baie-500-ml\\\/\",\"name\":\"Tesori d'Oriente Byzantium - crem\u0103 de baie 500 ml - SHOPATOA.COM\",\"isPartOf\":{\"@id\":\"https:\\\/\\\/shopatoa.com\\\/ro\\\/#website\"},\"primaryImageOfPage\":{\"@id\":\"https:\\\/\\\/shopatoa.com\\\/ro\\\/tesori-doriente-byzantium-crema-de-baie-500-ml\\\/#primaryimage\"},\"image\":{\"@id\":\"https:\\\/\\\/shopatoa.com\\\/ro\\\/tesori-doriente-byzantium-crema-de-baie-500-ml\\\/#primaryimage\"},\"thumbnailUrl\":\"https:\\\/\\\/storage.googleapis.com\\\/cz-shopatoa-img\\\/ro\\\/b3a5c777-unnamed-file.webp\",\"datePublished\":\"2025-04-28T15:37:03+00:00\",\"dateModified\":\"2025-12-09T08:36:40+00:00\",\"breadcrumb\":{\"@id\":\"https:\\\/\\\/shopatoa.com\\\/ro\\\/tesori-doriente-byzantium-crema-de-baie-500-ml\\\/#breadcrumb\"},\"inLanguage\":\"ro-RO\",\"potentialAction\":[{\"@type\":\"ReadAction\",\"target\":[\"https:\\\/\\\/shopatoa.com\\\/ro\\\/tesori-doriente-byzantium-crema-de-baie-500-ml\\\/\"]}]},{\"@type\":\"ImageObject\",\"inLanguage\":\"ro-RO\",\"@id\":\"https:\\\/\\\/shopatoa.com\\\/ro\\\/tesori-doriente-byzantium-crema-de-baie-500-ml\\\/#primaryimage\",\"url\":\"https:\\\/\\\/storage.googleapis.com\\\/cz-shopatoa-img\\\/ro\\\/b3a5c777-unnamed-file.webp\",\"contentUrl\":\"https:\\\/\\\/storage.googleapis.com\\\/cz-shopatoa-img\\\/ro\\\/b3a5c777-unnamed-file.webp\",\"width\":800,\"height\":800},{\"@type\":\"BreadcrumbList\",\"@id\":\"https:\\\/\\\/shopatoa.com\\\/ro\\\/tesori-doriente-byzantium-crema-de-baie-500-ml\\\/#breadcrumb\",\"itemListElement\":[{\"@type\":\"ListItem\",\"position\":1,\"name\":\"Dom\u016f\",\"item\":\"https:\\\/\\\/shopatoa.com\\\/ro\\\/\"},{\"@type\":\"ListItem\",\"position\":2,\"name\":\"Shop\",\"item\":\"https:\\\/\\\/shopatoa.com\\\/ro\\\/shop\\\/\"},{\"@type\":\"ListItem\",\"position\":3,\"name\":\"Cosmetice\",\"item\":\"https:\\\/\\\/shopatoa.com\\\/ro\\\/cosmetice\\\/\"},{\"@type\":\"ListItem\",\"position\":4,\"name\":\"Produse cosmetice pentru corp\",\"item\":\"https:\\\/\\\/shopatoa.com\\\/ro\\\/produse-cosmetice-pentru-corp\\\/\"},{\"@type\":\"ListItem\",\"position\":5,\"name\":\"Cosmetice pentru du\u0219 \u0219i baie\",\"item\":\"https:\\\/\\\/shopatoa.com\\\/ro\\\/cosmetice-pentru-dus-si-baie\\\/\"},{\"@type\":\"ListItem\",\"position\":6,\"name\":\"Tesori d&#8217;Oriente Byzantium &#8211; crem\u0103 de baie 500 ml\"}]},{\"@type\":\"WebSite\",\"@id\":\"https:\\\/\\\/shopatoa.com\\\/ro\\\/#website\",\"url\":\"https:\\\/\\\/shopatoa.com\\\/ro\\\/\",\"name\":\"SHOPATOA\",\"description\":\"\",\"publisher\":{\"@id\":\"https:\\\/\\\/shopatoa.com\\\/ro\\\/#organization\"},\"potentialAction\":[{\"@type\":\"SearchAction\",\"target\":{\"@type\":\"EntryPoint\",\"urlTemplate\":\"https:\\\/\\\/shopatoa.com\\\/ro\\\/?s={search_term_string}\"},\"query-input\":{\"@type\":\"PropertyValueSpecification\",\"valueRequired\":true,\"valueName\":\"search_term_string\"}}],\"inLanguage\":\"ro-RO\"},{\"@type\":\"Organization\",\"@id\":\"https:\\\/\\\/shopatoa.com\\\/ro\\\/#organization\",\"name\":\"SHOPATOA\",\"url\":\"https:\\\/\\\/shopatoa.com\\\/ro\\\/\",\"logo\":{\"@type\":\"ImageObject\",\"inLanguage\":\"ro-RO\",\"@id\":\"https:\\\/\\\/shopatoa.com\\\/ro\\\/#\\\/schema\\\/logo\\\/image\\\/\",\"url\":\"https:\\\/\\\/storage.googleapis.com\\\/cz-shopatoa-img\\\/ro\\\/b4dac915-shopatoa_logo.png\",\"contentUrl\":\"https:\\\/\\\/storage.googleapis.com\\\/cz-shopatoa-img\\\/ro\\\/b4dac915-shopatoa_logo.png\",\"width\":416,\"height\":63,\"caption\":\"SHOPATOA\"},\"image\":{\"@id\":\"https:\\\/\\\/shopatoa.com\\\/ro\\\/#\\\/schema\\\/logo\\\/image\\\/\"}}]}<\/script>\n<!-- \/ Yoast SEO plugin. -->","yoast_head_json":{"title":"Tesori d'Oriente Byzantium - crem\u0103 de baie 500 ml - SHOPATOA.COM","robots":{"index":"index","follow":"follow","max-snippet":"max-snippet:-1","max-image-preview":"max-image-preview:large","max-video-preview":"max-video-preview:-1"},"canonical":"https:\/\/shopatoa.com\/ro\/tesori-doriente-byzantium-crema-de-baie-500-ml\/","og_locale":"ro_RO","og_type":"article","og_title":"Tesori d'Oriente Byzantium - crem\u0103 de baie 500 ml - SHOPATOA.COM","og_description":"Byzance de la marca Tesori d \u00b4Oriente este un miros oriental-floral pentru femei. Capul const\u0103 dintr-o combina\u021bie de scor\u021bi\u0219oar\u0103, migdale \u0219i mimoz\u0103. \u00cen inim\u0103, veti g\u0103si trandafir negru, miere \u0219i labdanum de r\u0103\u0219in\u0103. Baza este apoi alc\u0103tuit\u0103 din vanilie dulce \u00eempreun\u0103 cu lemn de agar, balsam peruvian \u0219i cacao. Parfumul a fost lansat \u00een anul...","og_url":"https:\/\/shopatoa.com\/ro\/tesori-doriente-byzantium-crema-de-baie-500-ml\/","og_site_name":"SHOPATOA","article_modified_time":"2025-12-09T08:36:40+00:00","og_image":[{"width":800,"height":800,"url":"https:\/\/storage.googleapis.com\/cz-shopatoa-img\/ro\/b3a5c777-unnamed-file.webp","type":"image\/webp"}],"twitter_card":"summary_large_image","schema":{"@context":"https:\/\/schema.org","@graph":[{"@type":"WebPage","@id":"https:\/\/shopatoa.com\/ro\/tesori-doriente-byzantium-crema-de-baie-500-ml\/","url":"https:\/\/shopatoa.com\/ro\/tesori-doriente-byzantium-crema-de-baie-500-ml\/","name":"Tesori d'Oriente Byzantium - crem\u0103 de baie 500 ml - SHOPATOA.COM","isPartOf":{"@id":"https:\/\/shopatoa.com\/ro\/#website"},"primaryImageOfPage":{"@id":"https:\/\/shopatoa.com\/ro\/tesori-doriente-byzantium-crema-de-baie-500-ml\/#primaryimage"},"image":{"@id":"https:\/\/shopatoa.com\/ro\/tesori-doriente-byzantium-crema-de-baie-500-ml\/#primaryimage"},"thumbnailUrl":"https:\/\/storage.googleapis.com\/cz-shopatoa-img\/ro\/b3a5c777-unnamed-file.webp","datePublished":"2025-04-28T15:37:03+00:00","dateModified":"2025-12-09T08:36:40+00:00","breadcrumb":{"@id":"https:\/\/shopatoa.com\/ro\/tesori-doriente-byzantium-crema-de-baie-500-ml\/#breadcrumb"},"inLanguage":"ro-RO","potentialAction":[{"@type":"ReadAction","target":["https:\/\/shopatoa.com\/ro\/tesori-doriente-byzantium-crema-de-baie-500-ml\/"]}]},{"@type":"ImageObject","inLanguage":"ro-RO","@id":"https:\/\/shopatoa.com\/ro\/tesori-doriente-byzantium-crema-de-baie-500-ml\/#primaryimage","url":"https:\/\/storage.googleapis.com\/cz-shopatoa-img\/ro\/b3a5c777-unnamed-file.webp","contentUrl":"https:\/\/storage.googleapis.com\/cz-shopatoa-img\/ro\/b3a5c777-unnamed-file.webp","width":800,"height":800},{"@type":"BreadcrumbList","@id":"https:\/\/shopatoa.com\/ro\/tesori-doriente-byzantium-crema-de-baie-500-ml\/#breadcrumb","itemListElement":[{"@type":"ListItem","position":1,"name":"Dom\u016f","item":"https:\/\/shopatoa.com\/ro\/"},{"@type":"ListItem","position":2,"name":"Shop","item":"https:\/\/shopatoa.com\/ro\/shop\/"},{"@type":"ListItem","position":3,"name":"Cosmetice","item":"https:\/\/shopatoa.com\/ro\/cosmetice\/"},{"@type":"ListItem","position":4,"name":"Produse cosmetice pentru corp","item":"https:\/\/shopatoa.com\/ro\/produse-cosmetice-pentru-corp\/"},{"@type":"ListItem","position":5,"name":"Cosmetice pentru du\u0219 \u0219i baie","item":"https:\/\/shopatoa.com\/ro\/cosmetice-pentru-dus-si-baie\/"},{"@type":"ListItem","position":6,"name":"Tesori d&#8217;Oriente Byzantium &#8211; crem\u0103 de baie 500 ml"}]},{"@type":"WebSite","@id":"https:\/\/shopatoa.com\/ro\/#website","url":"https:\/\/shopatoa.com\/ro\/","name":"SHOPATOA","description":"","publisher":{"@id":"https:\/\/shopatoa.com\/ro\/#organization"},"potentialAction":[{"@type":"SearchAction","target":{"@type":"EntryPoint","urlTemplate":"https:\/\/shopatoa.com\/ro\/?s={search_term_string}"},"query-input":{"@type":"PropertyValueSpecification","valueRequired":true,"valueName":"search_term_string"}}],"inLanguage":"ro-RO"},{"@type":"Organization","@id":"https:\/\/shopatoa.com\/ro\/#organization","name":"SHOPATOA","url":"https:\/\/shopatoa.com\/ro\/","logo":{"@type":"ImageObject","inLanguage":"ro-RO","@id":"https:\/\/shopatoa.com\/ro\/#\/schema\/logo\/image\/","url":"https:\/\/storage.googleapis.com\/cz-shopatoa-img\/ro\/b4dac915-shopatoa_logo.png","contentUrl":"https:\/\/storage.googleapis.com\/cz-shopatoa-img\/ro\/b4dac915-shopatoa_logo.png","width":416,"height":63,"caption":"SHOPATOA"},"image":{"@id":"https:\/\/shopatoa.com\/ro\/#\/schema\/logo\/image\/"}}]}},"_links":{"self":[{"href":"https:\/\/shopatoa.com\/ro\/wp-json\/wp\/v2\/product\/266920","targetHints":{"allow":["GET"]}}],"collection":[{"href":"https:\/\/shopatoa.com\/ro\/wp-json\/wp\/v2\/product"}],"about":[{"href":"https:\/\/shopatoa.com\/ro\/wp-json\/wp\/v2\/types\/product"}],"replies":[{"embeddable":true,"href":"https:\/\/shopatoa.com\/ro\/wp-json\/wp\/v2\/comments?post=266920"}],"wp:featuredmedia":[{"embeddable":true,"href":"https:\/\/shopatoa.com\/ro\/wp-json\/wp\/v2\/media\/266921"}],"wp:attachment":[{"href":"https:\/\/shopatoa.com\/ro\/wp-json\/wp\/v2\/media?parent=266920"}],"wp:term":[{"taxonomy":"product_brand","embeddable":true,"href":"https:\/\/shopatoa.com\/ro\/wp-json\/wp\/v2\/product_brand?post=266920"},{"taxonomy":"product_cat","embeddable":true,"href":"https:\/\/shopatoa.com\/ro\/wp-json\/wp\/v2\/product_cat?post=266920"},{"taxonomy":"product_tag","embeddable":true,"href":"https:\/\/shopatoa.com\/ro\/wp-json\/wp\/v2\/product_tag?post=266920"}],"curies":[{"name":"wp","href":"https:\/\/api.w.org\/{rel}","templated":true}]}}