{"id":266944,"date":"2025-04-28T17:45:04","date_gmt":"2025-04-28T15:45:04","guid":{"rendered":"https:\/\/shopatoa.com\/ro\/woodwick-scented-lumanarea-boat-cinnamon-chai-453-g\/"},"modified":"2025-12-09T09:35:04","modified_gmt":"2025-12-09T08:35:04","slug":"woodwick-scented-lumanarea-boat-cinnamon-chai-453-g","status":"publish","type":"product","link":"https:\/\/shopatoa.com\/ro\/woodwick-scented-lumanarea-boat-cinnamon-chai-453-g\/","title":{"rendered":"WoodWick Scented Lumanarea Boat Cinnamon Chai 453 g"},"content":{"rendered":"<p>Lumanarea parfumat\u0103 Scor\u021bi\u0219oar\u0103 Chai poart\u0103 un miros lini\u0219titor de scor\u021bi\u0219oar\u0103 picant\u0103 \u0219i tonuri bogate de vanilie. Datorit\u0103 fitilului unic HEARTHWICK\u00ae FLAME, acest tip de lum\u00e2nare ofer\u0103 confortul maxim al unui \u0219emineu ars. Sunetul delicat al cr\u0103p\u0103rii \u0219i flac\u0103ra de dans lung dau o atmosfer\u0103 unic\u0103. Se arde timp de 30-40 de ore. Amestecul de parafin\u0103 premium \u0219i cear\u0103 de soia cu arome foarte concentrate asigur\u0103 arderea curat\u0103 f\u0103r\u0103 reziduuri nepl\u0103cute. Esen\u021bele aromate au fost alese cu grij\u0103 pentru a umple camera cu mirosuri de lung\u0103 durat\u0103. Forma deschis\u0103 a lum\u00e2n\u0103rii m\u0103re\u0219te zona de evaporare a esen\u021belor de parfum din iazul de cear\u0103 \u0219i asigur\u0103 o experien\u021b\u0103 uniform\u0103 de parfumare. Capacul din lemn serve\u0219te drept baz\u0103 sub lum\u00e2nare atunci c\u00e2nd este ars\u0103 pentru a proteja suprafa\u021ba mobilei.<\/p>\n","protected":false},"excerpt":{"rendered":"<p>Lumanarea parfumat\u0103 Scor\u021bi\u0219oar\u0103 Chai poart\u0103 un miros lini\u0219titor de scor\u021bi\u0219oar\u0103 picant\u0103 \u0219i tonuri bogate de vanilie. Datorit\u0103 fitilului unic HEARTHWICK\u00ae FLAME, acest tip de lum\u00e2nare ofer\u0103 confortul maxim al unui \u0219emineu ars. Sunetul delicat al cr\u0103p\u0103rii \u0219i flac\u0103ra de dans lung dau o atmosfer\u0103 unic\u0103. Se arde timp de 30-40 de ore. Amestecul de parafin\u0103&#8230;<\/p>\n","protected":false},"featured_media":266945,"comment_status":"closed","ping_status":"open","template":"","meta":{"_acf_changed":false,"_kadence_starter_templates_imported_post":false,"_kad_post_transparent":"","_kad_post_title":"","_kad_post_layout":"","_kad_post_sidebar_id":"","_kad_post_content_style":"","_kad_post_vertical_padding":"","_kad_post_feature":"","_kad_post_feature_position":"","_kad_post_header":false,"_kad_post_footer":false,"_kad_post_classname":""},"product_brand":[124],"product_cat":[246,656,655,654],"product_tag":[],"class_list":{"0":"post-266944","1":"product","2":"type-product","3":"status-publish","4":"has-post-thumbnail","6":"product_brand-woodwick","7":"product_cat-cosmetice","8":"product_cat-lumanari-decorative-si-in-sticla","9":"product_cat-lumanari-parfumate","10":"product_cat-lumanari-parfumate-si-arome","12":"first","13":"instock","14":"sale","15":"product-type-external","16":"entry","17":"content-bg","18":"loop-entry"},"acf":[],"yoast_head":"<!-- This site is optimized with the Yoast SEO plugin v27.4 - https:\/\/yoast.com\/product\/yoast-seo-wordpress\/ -->\n<title>WoodWick Scented Lumanarea Boat Cinnamon Chai 453 g - SHOPATOA.COM<\/title>\n<meta name=\"robots\" content=\"index, follow, max-snippet:-1, max-image-preview:large, max-video-preview:-1\" \/>\n<link rel=\"canonical\" href=\"https:\/\/shopatoa.com\/ro\/woodwick-scented-lumanarea-boat-cinnamon-chai-453-g\/\" \/>\n<meta property=\"og:locale\" content=\"ro_RO\" \/>\n<meta property=\"og:type\" content=\"article\" \/>\n<meta property=\"og:title\" content=\"WoodWick Scented Lumanarea Boat Cinnamon Chai 453 g - SHOPATOA.COM\" \/>\n<meta property=\"og:description\" content=\"Lumanarea parfumat\u0103 Scor\u021bi\u0219oar\u0103 Chai poart\u0103 un miros lini\u0219titor de scor\u021bi\u0219oar\u0103 picant\u0103 \u0219i tonuri bogate de vanilie. Datorit\u0103 fitilului unic HEARTHWICK\u00ae FLAME, acest tip de lum\u00e2nare ofer\u0103 confortul maxim al unui \u0219emineu ars. Sunetul delicat al cr\u0103p\u0103rii \u0219i flac\u0103ra de dans lung dau o atmosfer\u0103 unic\u0103. Se arde timp de 30-40 de ore. Amestecul de parafin\u0103...\" \/>\n<meta property=\"og:url\" content=\"https:\/\/shopatoa.com\/ro\/woodwick-scented-lumanarea-boat-cinnamon-chai-453-g\/\" \/>\n<meta property=\"og:site_name\" content=\"SHOPATOA\" \/>\n<meta property=\"article:modified_time\" content=\"2025-12-09T08:35:04+00:00\" \/>\n<meta property=\"og:image\" content=\"https:\/\/storage.googleapis.com\/cz-shopatoa-img\/ro\/9f135d7f-unnamed-file.webp\" \/>\n\t<meta property=\"og:image:width\" content=\"800\" \/>\n\t<meta property=\"og:image:height\" content=\"800\" \/>\n\t<meta property=\"og:image:type\" content=\"image\/webp\" \/>\n<meta name=\"twitter:card\" content=\"summary_large_image\" \/>\n<meta name=\"twitter:label1\" content=\"Timp estimat pentru citire\" \/>\n\t<meta name=\"twitter:data1\" content=\"1 minut\" \/>\n<script type=\"application\/ld+json\" class=\"yoast-schema-graph\">{\"@context\":\"https:\\\/\\\/schema.org\",\"@graph\":[{\"@type\":\"WebPage\",\"@id\":\"https:\\\/\\\/shopatoa.com\\\/ro\\\/woodwick-scented-lumanarea-boat-cinnamon-chai-453-g\\\/\",\"url\":\"https:\\\/\\\/shopatoa.com\\\/ro\\\/woodwick-scented-lumanarea-boat-cinnamon-chai-453-g\\\/\",\"name\":\"WoodWick Scented Lumanarea Boat Cinnamon Chai 453 g - SHOPATOA.COM\",\"isPartOf\":{\"@id\":\"https:\\\/\\\/shopatoa.com\\\/ro\\\/#website\"},\"primaryImageOfPage\":{\"@id\":\"https:\\\/\\\/shopatoa.com\\\/ro\\\/woodwick-scented-lumanarea-boat-cinnamon-chai-453-g\\\/#primaryimage\"},\"image\":{\"@id\":\"https:\\\/\\\/shopatoa.com\\\/ro\\\/woodwick-scented-lumanarea-boat-cinnamon-chai-453-g\\\/#primaryimage\"},\"thumbnailUrl\":\"https:\\\/\\\/storage.googleapis.com\\\/cz-shopatoa-img\\\/ro\\\/9f135d7f-unnamed-file.webp\",\"datePublished\":\"2025-04-28T15:45:04+00:00\",\"dateModified\":\"2025-12-09T08:35:04+00:00\",\"breadcrumb\":{\"@id\":\"https:\\\/\\\/shopatoa.com\\\/ro\\\/woodwick-scented-lumanarea-boat-cinnamon-chai-453-g\\\/#breadcrumb\"},\"inLanguage\":\"ro-RO\",\"potentialAction\":[{\"@type\":\"ReadAction\",\"target\":[\"https:\\\/\\\/shopatoa.com\\\/ro\\\/woodwick-scented-lumanarea-boat-cinnamon-chai-453-g\\\/\"]}]},{\"@type\":\"ImageObject\",\"inLanguage\":\"ro-RO\",\"@id\":\"https:\\\/\\\/shopatoa.com\\\/ro\\\/woodwick-scented-lumanarea-boat-cinnamon-chai-453-g\\\/#primaryimage\",\"url\":\"https:\\\/\\\/storage.googleapis.com\\\/cz-shopatoa-img\\\/ro\\\/9f135d7f-unnamed-file.webp\",\"contentUrl\":\"https:\\\/\\\/storage.googleapis.com\\\/cz-shopatoa-img\\\/ro\\\/9f135d7f-unnamed-file.webp\",\"width\":800,\"height\":800},{\"@type\":\"BreadcrumbList\",\"@id\":\"https:\\\/\\\/shopatoa.com\\\/ro\\\/woodwick-scented-lumanarea-boat-cinnamon-chai-453-g\\\/#breadcrumb\",\"itemListElement\":[{\"@type\":\"ListItem\",\"position\":1,\"name\":\"Dom\u016f\",\"item\":\"https:\\\/\\\/shopatoa.com\\\/ro\\\/\"},{\"@type\":\"ListItem\",\"position\":2,\"name\":\"Shop\",\"item\":\"https:\\\/\\\/shopatoa.com\\\/ro\\\/shop\\\/\"},{\"@type\":\"ListItem\",\"position\":3,\"name\":\"Cosmetice\",\"item\":\"https:\\\/\\\/shopatoa.com\\\/ro\\\/cosmetice\\\/\"},{\"@type\":\"ListItem\",\"position\":4,\"name\":\"Lum\u00e2n\u0103ri parfumate \u0219i arome\",\"item\":\"https:\\\/\\\/shopatoa.com\\\/ro\\\/lumanari-parfumate-si-arome\\\/\"},{\"@type\":\"ListItem\",\"position\":5,\"name\":\"Lum\u00e2n\u0103ri parfumate\",\"item\":\"https:\\\/\\\/shopatoa.com\\\/ro\\\/lumanari-parfumate\\\/\"},{\"@type\":\"ListItem\",\"position\":6,\"name\":\"Lum\u00e2n\u0103ri decorative \u0219i \u00een sticl\u0103\",\"item\":\"https:\\\/\\\/shopatoa.com\\\/ro\\\/lumanari-decorative-si-in-sticla\\\/\"},{\"@type\":\"ListItem\",\"position\":7,\"name\":\"WoodWick Scented Lumanarea Boat Cinnamon Chai 453 g\"}]},{\"@type\":\"WebSite\",\"@id\":\"https:\\\/\\\/shopatoa.com\\\/ro\\\/#website\",\"url\":\"https:\\\/\\\/shopatoa.com\\\/ro\\\/\",\"name\":\"SHOPATOA\",\"description\":\"\",\"publisher\":{\"@id\":\"https:\\\/\\\/shopatoa.com\\\/ro\\\/#organization\"},\"potentialAction\":[{\"@type\":\"SearchAction\",\"target\":{\"@type\":\"EntryPoint\",\"urlTemplate\":\"https:\\\/\\\/shopatoa.com\\\/ro\\\/?s={search_term_string}\"},\"query-input\":{\"@type\":\"PropertyValueSpecification\",\"valueRequired\":true,\"valueName\":\"search_term_string\"}}],\"inLanguage\":\"ro-RO\"},{\"@type\":\"Organization\",\"@id\":\"https:\\\/\\\/shopatoa.com\\\/ro\\\/#organization\",\"name\":\"SHOPATOA\",\"url\":\"https:\\\/\\\/shopatoa.com\\\/ro\\\/\",\"logo\":{\"@type\":\"ImageObject\",\"inLanguage\":\"ro-RO\",\"@id\":\"https:\\\/\\\/shopatoa.com\\\/ro\\\/#\\\/schema\\\/logo\\\/image\\\/\",\"url\":\"https:\\\/\\\/storage.googleapis.com\\\/cz-shopatoa-img\\\/ro\\\/b4dac915-shopatoa_logo.png\",\"contentUrl\":\"https:\\\/\\\/storage.googleapis.com\\\/cz-shopatoa-img\\\/ro\\\/b4dac915-shopatoa_logo.png\",\"width\":416,\"height\":63,\"caption\":\"SHOPATOA\"},\"image\":{\"@id\":\"https:\\\/\\\/shopatoa.com\\\/ro\\\/#\\\/schema\\\/logo\\\/image\\\/\"}}]}<\/script>\n<!-- \/ Yoast SEO plugin. -->","yoast_head_json":{"title":"WoodWick Scented Lumanarea Boat Cinnamon Chai 453 g - SHOPATOA.COM","robots":{"index":"index","follow":"follow","max-snippet":"max-snippet:-1","max-image-preview":"max-image-preview:large","max-video-preview":"max-video-preview:-1"},"canonical":"https:\/\/shopatoa.com\/ro\/woodwick-scented-lumanarea-boat-cinnamon-chai-453-g\/","og_locale":"ro_RO","og_type":"article","og_title":"WoodWick Scented Lumanarea Boat Cinnamon Chai 453 g - SHOPATOA.COM","og_description":"Lumanarea parfumat\u0103 Scor\u021bi\u0219oar\u0103 Chai poart\u0103 un miros lini\u0219titor de scor\u021bi\u0219oar\u0103 picant\u0103 \u0219i tonuri bogate de vanilie. Datorit\u0103 fitilului unic HEARTHWICK\u00ae FLAME, acest tip de lum\u00e2nare ofer\u0103 confortul maxim al unui \u0219emineu ars. Sunetul delicat al cr\u0103p\u0103rii \u0219i flac\u0103ra de dans lung dau o atmosfer\u0103 unic\u0103. Se arde timp de 30-40 de ore. Amestecul de parafin\u0103...","og_url":"https:\/\/shopatoa.com\/ro\/woodwick-scented-lumanarea-boat-cinnamon-chai-453-g\/","og_site_name":"SHOPATOA","article_modified_time":"2025-12-09T08:35:04+00:00","og_image":[{"width":800,"height":800,"url":"https:\/\/storage.googleapis.com\/cz-shopatoa-img\/ro\/9f135d7f-unnamed-file.webp","type":"image\/webp"}],"twitter_card":"summary_large_image","twitter_misc":{"Timp estimat pentru citire":"1 minut"},"schema":{"@context":"https:\/\/schema.org","@graph":[{"@type":"WebPage","@id":"https:\/\/shopatoa.com\/ro\/woodwick-scented-lumanarea-boat-cinnamon-chai-453-g\/","url":"https:\/\/shopatoa.com\/ro\/woodwick-scented-lumanarea-boat-cinnamon-chai-453-g\/","name":"WoodWick Scented Lumanarea Boat Cinnamon Chai 453 g - SHOPATOA.COM","isPartOf":{"@id":"https:\/\/shopatoa.com\/ro\/#website"},"primaryImageOfPage":{"@id":"https:\/\/shopatoa.com\/ro\/woodwick-scented-lumanarea-boat-cinnamon-chai-453-g\/#primaryimage"},"image":{"@id":"https:\/\/shopatoa.com\/ro\/woodwick-scented-lumanarea-boat-cinnamon-chai-453-g\/#primaryimage"},"thumbnailUrl":"https:\/\/storage.googleapis.com\/cz-shopatoa-img\/ro\/9f135d7f-unnamed-file.webp","datePublished":"2025-04-28T15:45:04+00:00","dateModified":"2025-12-09T08:35:04+00:00","breadcrumb":{"@id":"https:\/\/shopatoa.com\/ro\/woodwick-scented-lumanarea-boat-cinnamon-chai-453-g\/#breadcrumb"},"inLanguage":"ro-RO","potentialAction":[{"@type":"ReadAction","target":["https:\/\/shopatoa.com\/ro\/woodwick-scented-lumanarea-boat-cinnamon-chai-453-g\/"]}]},{"@type":"ImageObject","inLanguage":"ro-RO","@id":"https:\/\/shopatoa.com\/ro\/woodwick-scented-lumanarea-boat-cinnamon-chai-453-g\/#primaryimage","url":"https:\/\/storage.googleapis.com\/cz-shopatoa-img\/ro\/9f135d7f-unnamed-file.webp","contentUrl":"https:\/\/storage.googleapis.com\/cz-shopatoa-img\/ro\/9f135d7f-unnamed-file.webp","width":800,"height":800},{"@type":"BreadcrumbList","@id":"https:\/\/shopatoa.com\/ro\/woodwick-scented-lumanarea-boat-cinnamon-chai-453-g\/#breadcrumb","itemListElement":[{"@type":"ListItem","position":1,"name":"Dom\u016f","item":"https:\/\/shopatoa.com\/ro\/"},{"@type":"ListItem","position":2,"name":"Shop","item":"https:\/\/shopatoa.com\/ro\/shop\/"},{"@type":"ListItem","position":3,"name":"Cosmetice","item":"https:\/\/shopatoa.com\/ro\/cosmetice\/"},{"@type":"ListItem","position":4,"name":"Lum\u00e2n\u0103ri parfumate \u0219i arome","item":"https:\/\/shopatoa.com\/ro\/lumanari-parfumate-si-arome\/"},{"@type":"ListItem","position":5,"name":"Lum\u00e2n\u0103ri parfumate","item":"https:\/\/shopatoa.com\/ro\/lumanari-parfumate\/"},{"@type":"ListItem","position":6,"name":"Lum\u00e2n\u0103ri decorative \u0219i \u00een sticl\u0103","item":"https:\/\/shopatoa.com\/ro\/lumanari-decorative-si-in-sticla\/"},{"@type":"ListItem","position":7,"name":"WoodWick Scented Lumanarea Boat Cinnamon Chai 453 g"}]},{"@type":"WebSite","@id":"https:\/\/shopatoa.com\/ro\/#website","url":"https:\/\/shopatoa.com\/ro\/","name":"SHOPATOA","description":"","publisher":{"@id":"https:\/\/shopatoa.com\/ro\/#organization"},"potentialAction":[{"@type":"SearchAction","target":{"@type":"EntryPoint","urlTemplate":"https:\/\/shopatoa.com\/ro\/?s={search_term_string}"},"query-input":{"@type":"PropertyValueSpecification","valueRequired":true,"valueName":"search_term_string"}}],"inLanguage":"ro-RO"},{"@type":"Organization","@id":"https:\/\/shopatoa.com\/ro\/#organization","name":"SHOPATOA","url":"https:\/\/shopatoa.com\/ro\/","logo":{"@type":"ImageObject","inLanguage":"ro-RO","@id":"https:\/\/shopatoa.com\/ro\/#\/schema\/logo\/image\/","url":"https:\/\/storage.googleapis.com\/cz-shopatoa-img\/ro\/b4dac915-shopatoa_logo.png","contentUrl":"https:\/\/storage.googleapis.com\/cz-shopatoa-img\/ro\/b4dac915-shopatoa_logo.png","width":416,"height":63,"caption":"SHOPATOA"},"image":{"@id":"https:\/\/shopatoa.com\/ro\/#\/schema\/logo\/image\/"}}]}},"_links":{"self":[{"href":"https:\/\/shopatoa.com\/ro\/wp-json\/wp\/v2\/product\/266944","targetHints":{"allow":["GET"]}}],"collection":[{"href":"https:\/\/shopatoa.com\/ro\/wp-json\/wp\/v2\/product"}],"about":[{"href":"https:\/\/shopatoa.com\/ro\/wp-json\/wp\/v2\/types\/product"}],"replies":[{"embeddable":true,"href":"https:\/\/shopatoa.com\/ro\/wp-json\/wp\/v2\/comments?post=266944"}],"wp:featuredmedia":[{"embeddable":true,"href":"https:\/\/shopatoa.com\/ro\/wp-json\/wp\/v2\/media\/266945"}],"wp:attachment":[{"href":"https:\/\/shopatoa.com\/ro\/wp-json\/wp\/v2\/media?parent=266944"}],"wp:term":[{"taxonomy":"product_brand","embeddable":true,"href":"https:\/\/shopatoa.com\/ro\/wp-json\/wp\/v2\/product_brand?post=266944"},{"taxonomy":"product_cat","embeddable":true,"href":"https:\/\/shopatoa.com\/ro\/wp-json\/wp\/v2\/product_cat?post=266944"},{"taxonomy":"product_tag","embeddable":true,"href":"https:\/\/shopatoa.com\/ro\/wp-json\/wp\/v2\/product_tag?post=266944"}],"curies":[{"name":"wp","href":"https:\/\/api.w.org\/{rel}","templated":true}]}}