{"id":267051,"date":"2025-04-28T18:06:14","date_gmt":"2025-04-28T16:06:14","guid":{"rendered":"https:\/\/shopatoa.com\/ro\/naipo-perna-de-calatorie-fs-n07\/"},"modified":"2025-12-09T09:15:54","modified_gmt":"2025-12-09T08:15:54","slug":"naipo-perna-de-calatorie-fs-n07","status":"publish","type":"product","link":"https:\/\/shopatoa.com\/ro\/naipo-perna-de-calatorie-fs-n07\/","title":{"rendered":"NAIPO Pern\u0103 de c\u0103l\u0103torie FS-N07"},"content":{"rendered":"<p>Naipo FS-N07 Pern\u0103 de c\u0103l\u0103torie: Cel mai bun companion in c\u0103l\u0103torii \u0219i acas\u0103! De ce v\u0103 va pl\u0103cea Naipo FS-N07? 1. Design ergonomic pentru confort maxim Aceast\u0103 pern\u0103 a fost conceput\u0103 cu un singur scop: s\u0103 ofere g\u00e2tului \u0219i capului o sus\u021binere optim\u0103. Datorit\u0103 formei sale ergonomice, se adapteaz\u0103 corpului dvs. \u0219i asigur\u0103 relaxarea mu\u0219chilor chiar \u0219i atunci c\u00e2nd sta\u021bi a\u0219ezat ore \u00een \u0219ir. Nu v\u0103 mai trezi\u021bi cu dureri de g\u00e2t sau umerii \u00een\u021bepeni\u021bi! 2. Spum\u0103 cu memorie &#8211; luxul pe care \u00eel merita\u021bi \u00cen centrul acestei perne se afl\u0103 spuma cu memorie care se conformeaz\u0103 formei capului \u0219i g\u00e2tului dvs. De \u00eendat\u0103 ce folosi\u021bi perna, ve\u021bi sim\u021bi imediat cum se adapteaz\u0103 la nevoile dvs. 3. Ideal\u0103 pentru c\u0103l\u0103torii \u0219i acas\u0103 Fie c\u0103 sunte\u021bi pe drum, la birou sau dori\u021bi doar s\u0103 v\u0103 relaxa\u021bi acas\u0103, Naipo FS-N07 este pentru dvs. Este u\u0219oar\u0103, compact\u0103 \u0219i u\u0219or de transportat, astfel \u00eenc\u00e2t s\u0103 o pute\u021bi avea \u00eentotdeauna la \u00eendem\u00e2n\u0103. Punga de plastic resigilabil\u0103 inclus\u0103 o face u\u0219or de \u00eempachetat \u00een valiz\u0103, rucsac sau geant\u0103. 4. \u0218ireturi pentru o potrivire perfect\u0103 Fiecare persoan\u0103 este diferit\u0103, motiv pentru care Naipo FS-N07 are \u0219ireturi reglabile care v\u0103 permit s\u0103 personaliza\u021bi perna \u00een func\u021bie de nevoile dvs. exacte. Dori\u021bi un suport mai ferm? Doar str\u00e2nge\u021bi-o. Ave\u021bi nevoie de mai mult spa\u021biu? Elibera\u021bi \u0219ireturile. Este at\u00e2t de simplu! 5. Material moale \u0219i confortabil Husa pernei este fabricat\u0103 dintr-o combina\u021bie de spandex \u0219i poliester, asigur\u00e2nd c\u0103 nu este doar durabil\u0103, ci \u0219i incredibil de confortabil\u0103 la atingere. Suprafa\u021ba de plu\u0219 v\u0103 va \u00eembr\u0103\u021bi\u0219a literalmente \u0219i v\u0103 va oferi un sentiment de lux. 6. U\u0219oar\u0103 \u0219i compact\u0103 Cu o greutate de doar 300 de grame \u0219i dimensiuni de 25x12x22 cm, aceast\u0103 pern\u0103 este ideal\u0103 pentru c\u0103l\u0103torii. Nu ocup\u0103 aproape deloc spa\u021biu, dar ofer\u0103 confort maxim oriunde v-a\u021bi afla. Pentru cine este ideal\u0103 Naipo FS-N07? &#8211; C\u0103l\u0103tori: Fie c\u0103 zbura\u021bi \u00een cealalt\u0103 parte a lumii sau lua\u021bi trenul pentru o c\u0103l\u0103torie de weekend, aceast\u0103 pern\u0103 v\u0103 va men\u021bine confortul pe tot parcursul c\u0103l\u0103toriei. &#8211; Lucr\u0103torii la birou: Ave\u021bi nevoie s\u0103 v\u0103 odihni\u021bi pentru o perioad\u0103 \u00een timpul zilei? Naipo FS-N07 v\u0103 va oferi suportul de care ave\u021bi nevoie pentru a v\u0103 sim\u021bi proasp\u0103t \u0219i plin de energie. &#8211; Relaxare acas\u0103: Dori\u021bi s\u0103 citi\u021bi o carte, s\u0103 viziona\u021bi un film sau doar s\u0103 v\u0103 relaxa\u021bi acas\u0103? Aceast\u0103 pern\u0103 este partenerul perfect pentru orice ocazie. &#8211; Mame \u0219i ta\u021bi: Ideal\u0103 atunci c\u00e2nd dori\u021bi s\u0103 v\u0103 relaxa\u021bi pu\u021bin \u00een timp ce copiii dorm. Naipo FS-N07 nu este doar o pern\u0103 de c\u0103l\u0103torie obi\u0219nuit\u0103. Gata cu durerile de g\u00e2t, gata cu disconfortul atunci c\u00e2nd c\u0103l\u0103tori\u021bi sau v\u0103 odihni\u021bi. Aceast\u0103 pern\u0103 este conceput\u0103 pentru a v\u0103 oferi sprijin maxim \u0219i relaxare, oric\u00e2nd, oriunde.<\/p>\n","protected":false},"excerpt":{"rendered":"<p>Naipo FS-N07 Pern\u0103 de c\u0103l\u0103torie: Cel mai bun companion in c\u0103l\u0103torii \u0219i acas\u0103! De ce v\u0103 va pl\u0103cea Naipo FS-N07? 1. Design ergonomic pentru confort maxim Aceast\u0103 pern\u0103 a fost conceput\u0103 cu un singur scop: s\u0103 ofere g\u00e2tului \u0219i capului o sus\u021binere optim\u0103. Datorit\u0103 formei sale ergonomice, se adapteaz\u0103 corpului dvs. \u0219i asigur\u0103 relaxarea mu\u0219chilor&#8230;<\/p>\n","protected":false},"featured_media":267052,"comment_status":"closed","ping_status":"open","template":"","meta":{"_acf_changed":false,"_kadence_starter_templates_imported_post":false,"_kad_post_transparent":"","_kad_post_title":"","_kad_post_layout":"","_kad_post_sidebar_id":"","_kad_post_content_style":"","_kad_post_vertical_padding":"","_kad_post_feature":"","_kad_post_feature_position":"","_kad_post_header":false,"_kad_post_footer":false,"_kad_post_classname":""},"product_brand":[1015],"product_cat":[733,353],"product_tag":[],"class_list":{"0":"post-267051","1":"product","2":"type-product","3":"status-publish","4":"has-post-thumbnail","6":"product_brand-naipo","7":"product_cat-aparate-si-ajutoare-de-sanatate","8":"product_cat-sanatate","10":"first","11":"instock","12":"product-type-external","13":"entry","14":"content-bg","15":"loop-entry"},"acf":[],"yoast_head":"<!-- This site is optimized with the Yoast SEO plugin v27.4 - https:\/\/yoast.com\/product\/yoast-seo-wordpress\/ -->\n<title>NAIPO Pern\u0103 de c\u0103l\u0103torie FS-N07 - SHOPATOA.COM<\/title>\n<meta name=\"robots\" content=\"index, follow, max-snippet:-1, max-image-preview:large, max-video-preview:-1\" \/>\n<link rel=\"canonical\" href=\"https:\/\/shopatoa.com\/ro\/naipo-perna-de-calatorie-fs-n07\/\" \/>\n<meta property=\"og:locale\" content=\"ro_RO\" \/>\n<meta property=\"og:type\" content=\"article\" \/>\n<meta property=\"og:title\" content=\"NAIPO Pern\u0103 de c\u0103l\u0103torie FS-N07 - SHOPATOA.COM\" \/>\n<meta property=\"og:description\" content=\"Naipo FS-N07 Pern\u0103 de c\u0103l\u0103torie: Cel mai bun companion in c\u0103l\u0103torii \u0219i acas\u0103! De ce v\u0103 va pl\u0103cea Naipo FS-N07? 1. Design ergonomic pentru confort maxim Aceast\u0103 pern\u0103 a fost conceput\u0103 cu un singur scop: s\u0103 ofere g\u00e2tului \u0219i capului o sus\u021binere optim\u0103. Datorit\u0103 formei sale ergonomice, se adapteaz\u0103 corpului dvs. \u0219i asigur\u0103 relaxarea mu\u0219chilor...\" \/>\n<meta property=\"og:url\" content=\"https:\/\/shopatoa.com\/ro\/naipo-perna-de-calatorie-fs-n07\/\" \/>\n<meta property=\"og:site_name\" content=\"SHOPATOA\" \/>\n<meta property=\"article:modified_time\" content=\"2025-12-09T08:15:54+00:00\" \/>\n<meta property=\"og:image\" content=\"https:\/\/storage.googleapis.com\/cz-shopatoa-img\/ro\/ae44b026-unnamed-file.webp\" \/>\n\t<meta property=\"og:image:width\" content=\"800\" \/>\n\t<meta property=\"og:image:height\" content=\"800\" \/>\n\t<meta property=\"og:image:type\" content=\"image\/webp\" \/>\n<meta name=\"twitter:card\" content=\"summary_large_image\" \/>\n<meta name=\"twitter:label1\" content=\"Timp estimat pentru citire\" \/>\n\t<meta name=\"twitter:data1\" content=\"3 minute\" \/>\n<script type=\"application\/ld+json\" class=\"yoast-schema-graph\">{\"@context\":\"https:\\\/\\\/schema.org\",\"@graph\":[{\"@type\":\"WebPage\",\"@id\":\"https:\\\/\\\/shopatoa.com\\\/ro\\\/naipo-perna-de-calatorie-fs-n07\\\/\",\"url\":\"https:\\\/\\\/shopatoa.com\\\/ro\\\/naipo-perna-de-calatorie-fs-n07\\\/\",\"name\":\"NAIPO Pern\u0103 de c\u0103l\u0103torie FS-N07 - SHOPATOA.COM\",\"isPartOf\":{\"@id\":\"https:\\\/\\\/shopatoa.com\\\/ro\\\/#website\"},\"primaryImageOfPage\":{\"@id\":\"https:\\\/\\\/shopatoa.com\\\/ro\\\/naipo-perna-de-calatorie-fs-n07\\\/#primaryimage\"},\"image\":{\"@id\":\"https:\\\/\\\/shopatoa.com\\\/ro\\\/naipo-perna-de-calatorie-fs-n07\\\/#primaryimage\"},\"thumbnailUrl\":\"https:\\\/\\\/storage.googleapis.com\\\/cz-shopatoa-img\\\/ro\\\/ae44b026-unnamed-file.webp\",\"datePublished\":\"2025-04-28T16:06:14+00:00\",\"dateModified\":\"2025-12-09T08:15:54+00:00\",\"breadcrumb\":{\"@id\":\"https:\\\/\\\/shopatoa.com\\\/ro\\\/naipo-perna-de-calatorie-fs-n07\\\/#breadcrumb\"},\"inLanguage\":\"ro-RO\",\"potentialAction\":[{\"@type\":\"ReadAction\",\"target\":[\"https:\\\/\\\/shopatoa.com\\\/ro\\\/naipo-perna-de-calatorie-fs-n07\\\/\"]}]},{\"@type\":\"ImageObject\",\"inLanguage\":\"ro-RO\",\"@id\":\"https:\\\/\\\/shopatoa.com\\\/ro\\\/naipo-perna-de-calatorie-fs-n07\\\/#primaryimage\",\"url\":\"https:\\\/\\\/storage.googleapis.com\\\/cz-shopatoa-img\\\/ro\\\/ae44b026-unnamed-file.webp\",\"contentUrl\":\"https:\\\/\\\/storage.googleapis.com\\\/cz-shopatoa-img\\\/ro\\\/ae44b026-unnamed-file.webp\",\"width\":800,\"height\":800},{\"@type\":\"BreadcrumbList\",\"@id\":\"https:\\\/\\\/shopatoa.com\\\/ro\\\/naipo-perna-de-calatorie-fs-n07\\\/#breadcrumb\",\"itemListElement\":[{\"@type\":\"ListItem\",\"position\":1,\"name\":\"Dom\u016f\",\"item\":\"https:\\\/\\\/shopatoa.com\\\/ro\\\/\"},{\"@type\":\"ListItem\",\"position\":2,\"name\":\"Shop\",\"item\":\"https:\\\/\\\/shopatoa.com\\\/ro\\\/shop\\\/\"},{\"@type\":\"ListItem\",\"position\":3,\"name\":\"S\u0103n\u0103tate\",\"item\":\"https:\\\/\\\/shopatoa.com\\\/ro\\\/sanatate\\\/\"},{\"@type\":\"ListItem\",\"position\":4,\"name\":\"Aparate \u0219i ajutoare de s\u0103n\u0103tate\",\"item\":\"https:\\\/\\\/shopatoa.com\\\/ro\\\/aparate-si-ajutoare-de-sanatate\\\/\"},{\"@type\":\"ListItem\",\"position\":5,\"name\":\"NAIPO Pern\u0103 de c\u0103l\u0103torie FS-N07\"}]},{\"@type\":\"WebSite\",\"@id\":\"https:\\\/\\\/shopatoa.com\\\/ro\\\/#website\",\"url\":\"https:\\\/\\\/shopatoa.com\\\/ro\\\/\",\"name\":\"SHOPATOA\",\"description\":\"\",\"publisher\":{\"@id\":\"https:\\\/\\\/shopatoa.com\\\/ro\\\/#organization\"},\"potentialAction\":[{\"@type\":\"SearchAction\",\"target\":{\"@type\":\"EntryPoint\",\"urlTemplate\":\"https:\\\/\\\/shopatoa.com\\\/ro\\\/?s={search_term_string}\"},\"query-input\":{\"@type\":\"PropertyValueSpecification\",\"valueRequired\":true,\"valueName\":\"search_term_string\"}}],\"inLanguage\":\"ro-RO\"},{\"@type\":\"Organization\",\"@id\":\"https:\\\/\\\/shopatoa.com\\\/ro\\\/#organization\",\"name\":\"SHOPATOA\",\"url\":\"https:\\\/\\\/shopatoa.com\\\/ro\\\/\",\"logo\":{\"@type\":\"ImageObject\",\"inLanguage\":\"ro-RO\",\"@id\":\"https:\\\/\\\/shopatoa.com\\\/ro\\\/#\\\/schema\\\/logo\\\/image\\\/\",\"url\":\"https:\\\/\\\/storage.googleapis.com\\\/cz-shopatoa-img\\\/ro\\\/b4dac915-shopatoa_logo.png\",\"contentUrl\":\"https:\\\/\\\/storage.googleapis.com\\\/cz-shopatoa-img\\\/ro\\\/b4dac915-shopatoa_logo.png\",\"width\":416,\"height\":63,\"caption\":\"SHOPATOA\"},\"image\":{\"@id\":\"https:\\\/\\\/shopatoa.com\\\/ro\\\/#\\\/schema\\\/logo\\\/image\\\/\"}}]}<\/script>\n<!-- \/ Yoast SEO plugin. -->","yoast_head_json":{"title":"NAIPO Pern\u0103 de c\u0103l\u0103torie FS-N07 - SHOPATOA.COM","robots":{"index":"index","follow":"follow","max-snippet":"max-snippet:-1","max-image-preview":"max-image-preview:large","max-video-preview":"max-video-preview:-1"},"canonical":"https:\/\/shopatoa.com\/ro\/naipo-perna-de-calatorie-fs-n07\/","og_locale":"ro_RO","og_type":"article","og_title":"NAIPO Pern\u0103 de c\u0103l\u0103torie FS-N07 - SHOPATOA.COM","og_description":"Naipo FS-N07 Pern\u0103 de c\u0103l\u0103torie: Cel mai bun companion in c\u0103l\u0103torii \u0219i acas\u0103! De ce v\u0103 va pl\u0103cea Naipo FS-N07? 1. Design ergonomic pentru confort maxim Aceast\u0103 pern\u0103 a fost conceput\u0103 cu un singur scop: s\u0103 ofere g\u00e2tului \u0219i capului o sus\u021binere optim\u0103. Datorit\u0103 formei sale ergonomice, se adapteaz\u0103 corpului dvs. \u0219i asigur\u0103 relaxarea mu\u0219chilor...","og_url":"https:\/\/shopatoa.com\/ro\/naipo-perna-de-calatorie-fs-n07\/","og_site_name":"SHOPATOA","article_modified_time":"2025-12-09T08:15:54+00:00","og_image":[{"width":800,"height":800,"url":"https:\/\/storage.googleapis.com\/cz-shopatoa-img\/ro\/ae44b026-unnamed-file.webp","type":"image\/webp"}],"twitter_card":"summary_large_image","twitter_misc":{"Timp estimat pentru citire":"3 minute"},"schema":{"@context":"https:\/\/schema.org","@graph":[{"@type":"WebPage","@id":"https:\/\/shopatoa.com\/ro\/naipo-perna-de-calatorie-fs-n07\/","url":"https:\/\/shopatoa.com\/ro\/naipo-perna-de-calatorie-fs-n07\/","name":"NAIPO Pern\u0103 de c\u0103l\u0103torie FS-N07 - SHOPATOA.COM","isPartOf":{"@id":"https:\/\/shopatoa.com\/ro\/#website"},"primaryImageOfPage":{"@id":"https:\/\/shopatoa.com\/ro\/naipo-perna-de-calatorie-fs-n07\/#primaryimage"},"image":{"@id":"https:\/\/shopatoa.com\/ro\/naipo-perna-de-calatorie-fs-n07\/#primaryimage"},"thumbnailUrl":"https:\/\/storage.googleapis.com\/cz-shopatoa-img\/ro\/ae44b026-unnamed-file.webp","datePublished":"2025-04-28T16:06:14+00:00","dateModified":"2025-12-09T08:15:54+00:00","breadcrumb":{"@id":"https:\/\/shopatoa.com\/ro\/naipo-perna-de-calatorie-fs-n07\/#breadcrumb"},"inLanguage":"ro-RO","potentialAction":[{"@type":"ReadAction","target":["https:\/\/shopatoa.com\/ro\/naipo-perna-de-calatorie-fs-n07\/"]}]},{"@type":"ImageObject","inLanguage":"ro-RO","@id":"https:\/\/shopatoa.com\/ro\/naipo-perna-de-calatorie-fs-n07\/#primaryimage","url":"https:\/\/storage.googleapis.com\/cz-shopatoa-img\/ro\/ae44b026-unnamed-file.webp","contentUrl":"https:\/\/storage.googleapis.com\/cz-shopatoa-img\/ro\/ae44b026-unnamed-file.webp","width":800,"height":800},{"@type":"BreadcrumbList","@id":"https:\/\/shopatoa.com\/ro\/naipo-perna-de-calatorie-fs-n07\/#breadcrumb","itemListElement":[{"@type":"ListItem","position":1,"name":"Dom\u016f","item":"https:\/\/shopatoa.com\/ro\/"},{"@type":"ListItem","position":2,"name":"Shop","item":"https:\/\/shopatoa.com\/ro\/shop\/"},{"@type":"ListItem","position":3,"name":"S\u0103n\u0103tate","item":"https:\/\/shopatoa.com\/ro\/sanatate\/"},{"@type":"ListItem","position":4,"name":"Aparate \u0219i ajutoare de s\u0103n\u0103tate","item":"https:\/\/shopatoa.com\/ro\/aparate-si-ajutoare-de-sanatate\/"},{"@type":"ListItem","position":5,"name":"NAIPO Pern\u0103 de c\u0103l\u0103torie FS-N07"}]},{"@type":"WebSite","@id":"https:\/\/shopatoa.com\/ro\/#website","url":"https:\/\/shopatoa.com\/ro\/","name":"SHOPATOA","description":"","publisher":{"@id":"https:\/\/shopatoa.com\/ro\/#organization"},"potentialAction":[{"@type":"SearchAction","target":{"@type":"EntryPoint","urlTemplate":"https:\/\/shopatoa.com\/ro\/?s={search_term_string}"},"query-input":{"@type":"PropertyValueSpecification","valueRequired":true,"valueName":"search_term_string"}}],"inLanguage":"ro-RO"},{"@type":"Organization","@id":"https:\/\/shopatoa.com\/ro\/#organization","name":"SHOPATOA","url":"https:\/\/shopatoa.com\/ro\/","logo":{"@type":"ImageObject","inLanguage":"ro-RO","@id":"https:\/\/shopatoa.com\/ro\/#\/schema\/logo\/image\/","url":"https:\/\/storage.googleapis.com\/cz-shopatoa-img\/ro\/b4dac915-shopatoa_logo.png","contentUrl":"https:\/\/storage.googleapis.com\/cz-shopatoa-img\/ro\/b4dac915-shopatoa_logo.png","width":416,"height":63,"caption":"SHOPATOA"},"image":{"@id":"https:\/\/shopatoa.com\/ro\/#\/schema\/logo\/image\/"}}]}},"_links":{"self":[{"href":"https:\/\/shopatoa.com\/ro\/wp-json\/wp\/v2\/product\/267051","targetHints":{"allow":["GET"]}}],"collection":[{"href":"https:\/\/shopatoa.com\/ro\/wp-json\/wp\/v2\/product"}],"about":[{"href":"https:\/\/shopatoa.com\/ro\/wp-json\/wp\/v2\/types\/product"}],"replies":[{"embeddable":true,"href":"https:\/\/shopatoa.com\/ro\/wp-json\/wp\/v2\/comments?post=267051"}],"wp:featuredmedia":[{"embeddable":true,"href":"https:\/\/shopatoa.com\/ro\/wp-json\/wp\/v2\/media\/267052"}],"wp:attachment":[{"href":"https:\/\/shopatoa.com\/ro\/wp-json\/wp\/v2\/media?parent=267051"}],"wp:term":[{"taxonomy":"product_brand","embeddable":true,"href":"https:\/\/shopatoa.com\/ro\/wp-json\/wp\/v2\/product_brand?post=267051"},{"taxonomy":"product_cat","embeddable":true,"href":"https:\/\/shopatoa.com\/ro\/wp-json\/wp\/v2\/product_cat?post=267051"},{"taxonomy":"product_tag","embeddable":true,"href":"https:\/\/shopatoa.com\/ro\/wp-json\/wp\/v2\/product_tag?post=267051"}],"curies":[{"name":"wp","href":"https:\/\/api.w.org\/{rel}","templated":true}]}}