{"id":267100,"date":"2025-04-28T18:16:37","date_gmt":"2025-04-28T16:16:37","guid":{"rendered":"https:\/\/shopatoa.com\/ro\/oclean-periuta-sonica-x-ultra-neagra\/"},"modified":"2025-12-09T09:05:21","modified_gmt":"2025-12-09T08:05:21","slug":"oclean-periuta-sonica-x-ultra-neagra","status":"publish","type":"product","link":"https:\/\/shopatoa.com\/ro\/oclean-periuta-sonica-x-ultra-neagra\/","title":{"rendered":"Oclean Periu\u021b\u0103 sonic\u0103 X Ultra Neagr\u0103"},"content":{"rendered":"<p>Periu\u021b\u0103 sonic\u0103 inteligent\u0103 Oclean X Ultra cu ecran tactil colorat, motor magnetic, tehnologie AI \u0219i conectivitate cu aplica\u021bia. Combina\u021bia acestor tehnologii v\u0103 va \u00eenv\u0103\u021ba s\u0103 ob\u021bine\u021bi obiceiurile corecte de periaj \u0219i v\u0103 va oferi feedback instantaneu. Motorul magnetic va asigura o uzur\u0103 mai mic\u0103 a motorului, prelungind astfel durata de via\u021b\u0103 a produsului. Oclean X Ultra con\u021bine capete de periu\u021b\u0103 care absorb \u0219ocurile, protej\u00e2nd astfel gingiile \u0219i din\u021bii dumneavoastr\u0103. Forma lor \u0219i materialul unic garanteaz\u0103 cur\u0103\u021barea perfect\u0103 a spa\u021biilor interdentare, \u00eendep\u0103rtarea pl\u0103cii \u0219i sunt delicate cu smal\u021bul din\u021bilor. Ghidul vocal v\u0103 va ghida c\u0103tre zonele ratate care necesit\u0103 o corec\u021bie de cur\u0103\u021bare. Periu\u021b\u0103 poate fi conectat\u0103 la aplica\u021bia Oclean Care+, Apple Health \u0219i Apple Weatherkit. Prin intermediul aplica\u021biei, pute\u021bi seta programe personalizate personalizate pentru dvs. Totodat\u0103, con\u021bine un program motiva\u021bional \u0219i un program cu evaluare imediat\u0103 de cur\u0103\u021benie. Astfel, primi\u021bi sugestii \u0219i v\u0103 \u00eembun\u0103t\u0103\u021bi\u021bi obiceiurile \u00een fiecare zi.<\/p>\n","protected":false},"excerpt":{"rendered":"<p>Periu\u021b\u0103 sonic\u0103 inteligent\u0103 Oclean X Ultra cu ecran tactil colorat, motor magnetic, tehnologie AI \u0219i conectivitate cu aplica\u021bia. Combina\u021bia acestor tehnologii v\u0103 va \u00eenv\u0103\u021ba s\u0103 ob\u021bine\u021bi obiceiurile corecte de periaj \u0219i v\u0103 va oferi feedback instantaneu. Motorul magnetic va asigura o uzur\u0103 mai mic\u0103 a motorului, prelungind astfel durata de via\u021b\u0103 a produsului. Oclean X&#8230;<\/p>\n","protected":false},"featured_media":267101,"comment_status":"closed","ping_status":"open","template":"","meta":{"_acf_changed":false,"_kadence_starter_templates_imported_post":false,"_kad_post_transparent":"","_kad_post_title":"","_kad_post_layout":"","_kad_post_sidebar_id":"","_kad_post_content_style":"","_kad_post_vertical_padding":"","_kad_post_feature":"","_kad_post_feature_position":"","_kad_post_header":false,"_kad_post_footer":false,"_kad_post_classname":""},"product_brand":[1062],"product_cat":[246,709,761],"product_tag":[],"class_list":{"0":"post-267100","1":"product","2":"type-product","3":"status-publish","4":"has-post-thumbnail","6":"product_brand-oclean","7":"product_cat-cosmetice","8":"product_cat-ingrijirea-dentara","9":"product_cat-periute-de-dinti-sonice","11":"first","12":"instock","13":"sale","14":"product-type-external","15":"entry","16":"content-bg","17":"loop-entry"},"acf":[],"yoast_head":"<!-- This site is optimized with the Yoast SEO plugin v27.4 - https:\/\/yoast.com\/product\/yoast-seo-wordpress\/ -->\n<title>Oclean Periu\u021b\u0103 sonic\u0103 X Ultra Neagr\u0103 - SHOPATOA.COM<\/title>\n<meta name=\"robots\" content=\"index, follow, max-snippet:-1, max-image-preview:large, max-video-preview:-1\" \/>\n<link rel=\"canonical\" href=\"https:\/\/shopatoa.com\/ro\/oclean-periuta-sonica-x-ultra-neagra\/\" \/>\n<meta property=\"og:locale\" content=\"ro_RO\" \/>\n<meta property=\"og:type\" content=\"article\" \/>\n<meta property=\"og:title\" content=\"Oclean Periu\u021b\u0103 sonic\u0103 X Ultra Neagr\u0103 - SHOPATOA.COM\" \/>\n<meta property=\"og:description\" content=\"Periu\u021b\u0103 sonic\u0103 inteligent\u0103 Oclean X Ultra cu ecran tactil colorat, motor magnetic, tehnologie AI \u0219i conectivitate cu aplica\u021bia. Combina\u021bia acestor tehnologii v\u0103 va \u00eenv\u0103\u021ba s\u0103 ob\u021bine\u021bi obiceiurile corecte de periaj \u0219i v\u0103 va oferi feedback instantaneu. Motorul magnetic va asigura o uzur\u0103 mai mic\u0103 a motorului, prelungind astfel durata de via\u021b\u0103 a produsului. Oclean X...\" \/>\n<meta property=\"og:url\" content=\"https:\/\/shopatoa.com\/ro\/oclean-periuta-sonica-x-ultra-neagra\/\" \/>\n<meta property=\"og:site_name\" content=\"SHOPATOA\" \/>\n<meta property=\"article:modified_time\" content=\"2025-12-09T08:05:21+00:00\" \/>\n<meta property=\"og:image\" content=\"https:\/\/storage.googleapis.com\/cz-shopatoa-img\/ro\/78253433-unnamed-file.webp\" \/>\n\t<meta property=\"og:image:width\" content=\"800\" \/>\n\t<meta property=\"og:image:height\" content=\"800\" \/>\n\t<meta property=\"og:image:type\" content=\"image\/webp\" \/>\n<meta name=\"twitter:card\" content=\"summary_large_image\" \/>\n<meta name=\"twitter:label1\" content=\"Timp estimat pentru citire\" \/>\n\t<meta name=\"twitter:data1\" content=\"1 minut\" \/>\n<script type=\"application\/ld+json\" class=\"yoast-schema-graph\">{\"@context\":\"https:\\\/\\\/schema.org\",\"@graph\":[{\"@type\":\"WebPage\",\"@id\":\"https:\\\/\\\/shopatoa.com\\\/ro\\\/oclean-periuta-sonica-x-ultra-neagra\\\/\",\"url\":\"https:\\\/\\\/shopatoa.com\\\/ro\\\/oclean-periuta-sonica-x-ultra-neagra\\\/\",\"name\":\"Oclean Periu\u021b\u0103 sonic\u0103 X Ultra Neagr\u0103 - SHOPATOA.COM\",\"isPartOf\":{\"@id\":\"https:\\\/\\\/shopatoa.com\\\/ro\\\/#website\"},\"primaryImageOfPage\":{\"@id\":\"https:\\\/\\\/shopatoa.com\\\/ro\\\/oclean-periuta-sonica-x-ultra-neagra\\\/#primaryimage\"},\"image\":{\"@id\":\"https:\\\/\\\/shopatoa.com\\\/ro\\\/oclean-periuta-sonica-x-ultra-neagra\\\/#primaryimage\"},\"thumbnailUrl\":\"https:\\\/\\\/storage.googleapis.com\\\/cz-shopatoa-img\\\/ro\\\/78253433-unnamed-file.webp\",\"datePublished\":\"2025-04-28T16:16:37+00:00\",\"dateModified\":\"2025-12-09T08:05:21+00:00\",\"breadcrumb\":{\"@id\":\"https:\\\/\\\/shopatoa.com\\\/ro\\\/oclean-periuta-sonica-x-ultra-neagra\\\/#breadcrumb\"},\"inLanguage\":\"ro-RO\",\"potentialAction\":[{\"@type\":\"ReadAction\",\"target\":[\"https:\\\/\\\/shopatoa.com\\\/ro\\\/oclean-periuta-sonica-x-ultra-neagra\\\/\"]}]},{\"@type\":\"ImageObject\",\"inLanguage\":\"ro-RO\",\"@id\":\"https:\\\/\\\/shopatoa.com\\\/ro\\\/oclean-periuta-sonica-x-ultra-neagra\\\/#primaryimage\",\"url\":\"https:\\\/\\\/storage.googleapis.com\\\/cz-shopatoa-img\\\/ro\\\/78253433-unnamed-file.webp\",\"contentUrl\":\"https:\\\/\\\/storage.googleapis.com\\\/cz-shopatoa-img\\\/ro\\\/78253433-unnamed-file.webp\",\"width\":800,\"height\":800},{\"@type\":\"BreadcrumbList\",\"@id\":\"https:\\\/\\\/shopatoa.com\\\/ro\\\/oclean-periuta-sonica-x-ultra-neagra\\\/#breadcrumb\",\"itemListElement\":[{\"@type\":\"ListItem\",\"position\":1,\"name\":\"Dom\u016f\",\"item\":\"https:\\\/\\\/shopatoa.com\\\/ro\\\/\"},{\"@type\":\"ListItem\",\"position\":2,\"name\":\"Shop\",\"item\":\"https:\\\/\\\/shopatoa.com\\\/ro\\\/shop\\\/\"},{\"@type\":\"ListItem\",\"position\":3,\"name\":\"Cosmetice\",\"item\":\"https:\\\/\\\/shopatoa.com\\\/ro\\\/cosmetice\\\/\"},{\"@type\":\"ListItem\",\"position\":4,\"name\":\"\u00cengrijirea dentar\u0103\",\"item\":\"https:\\\/\\\/shopatoa.com\\\/ro\\\/ingrijirea-dentara\\\/\"},{\"@type\":\"ListItem\",\"position\":5,\"name\":\"Periu\u021be de din\u021bi sonice\",\"item\":\"https:\\\/\\\/shopatoa.com\\\/ro\\\/periute-de-dinti-sonice\\\/\"},{\"@type\":\"ListItem\",\"position\":6,\"name\":\"Oclean Periu\u021b\u0103 sonic\u0103 X Ultra Neagr\u0103\"}]},{\"@type\":\"WebSite\",\"@id\":\"https:\\\/\\\/shopatoa.com\\\/ro\\\/#website\",\"url\":\"https:\\\/\\\/shopatoa.com\\\/ro\\\/\",\"name\":\"SHOPATOA\",\"description\":\"\",\"publisher\":{\"@id\":\"https:\\\/\\\/shopatoa.com\\\/ro\\\/#organization\"},\"potentialAction\":[{\"@type\":\"SearchAction\",\"target\":{\"@type\":\"EntryPoint\",\"urlTemplate\":\"https:\\\/\\\/shopatoa.com\\\/ro\\\/?s={search_term_string}\"},\"query-input\":{\"@type\":\"PropertyValueSpecification\",\"valueRequired\":true,\"valueName\":\"search_term_string\"}}],\"inLanguage\":\"ro-RO\"},{\"@type\":\"Organization\",\"@id\":\"https:\\\/\\\/shopatoa.com\\\/ro\\\/#organization\",\"name\":\"SHOPATOA\",\"url\":\"https:\\\/\\\/shopatoa.com\\\/ro\\\/\",\"logo\":{\"@type\":\"ImageObject\",\"inLanguage\":\"ro-RO\",\"@id\":\"https:\\\/\\\/shopatoa.com\\\/ro\\\/#\\\/schema\\\/logo\\\/image\\\/\",\"url\":\"https:\\\/\\\/storage.googleapis.com\\\/cz-shopatoa-img\\\/ro\\\/b4dac915-shopatoa_logo.png\",\"contentUrl\":\"https:\\\/\\\/storage.googleapis.com\\\/cz-shopatoa-img\\\/ro\\\/b4dac915-shopatoa_logo.png\",\"width\":416,\"height\":63,\"caption\":\"SHOPATOA\"},\"image\":{\"@id\":\"https:\\\/\\\/shopatoa.com\\\/ro\\\/#\\\/schema\\\/logo\\\/image\\\/\"}}]}<\/script>\n<!-- \/ Yoast SEO plugin. -->","yoast_head_json":{"title":"Oclean Periu\u021b\u0103 sonic\u0103 X Ultra Neagr\u0103 - SHOPATOA.COM","robots":{"index":"index","follow":"follow","max-snippet":"max-snippet:-1","max-image-preview":"max-image-preview:large","max-video-preview":"max-video-preview:-1"},"canonical":"https:\/\/shopatoa.com\/ro\/oclean-periuta-sonica-x-ultra-neagra\/","og_locale":"ro_RO","og_type":"article","og_title":"Oclean Periu\u021b\u0103 sonic\u0103 X Ultra Neagr\u0103 - SHOPATOA.COM","og_description":"Periu\u021b\u0103 sonic\u0103 inteligent\u0103 Oclean X Ultra cu ecran tactil colorat, motor magnetic, tehnologie AI \u0219i conectivitate cu aplica\u021bia. Combina\u021bia acestor tehnologii v\u0103 va \u00eenv\u0103\u021ba s\u0103 ob\u021bine\u021bi obiceiurile corecte de periaj \u0219i v\u0103 va oferi feedback instantaneu. Motorul magnetic va asigura o uzur\u0103 mai mic\u0103 a motorului, prelungind astfel durata de via\u021b\u0103 a produsului. Oclean X...","og_url":"https:\/\/shopatoa.com\/ro\/oclean-periuta-sonica-x-ultra-neagra\/","og_site_name":"SHOPATOA","article_modified_time":"2025-12-09T08:05:21+00:00","og_image":[{"width":800,"height":800,"url":"https:\/\/storage.googleapis.com\/cz-shopatoa-img\/ro\/78253433-unnamed-file.webp","type":"image\/webp"}],"twitter_card":"summary_large_image","twitter_misc":{"Timp estimat pentru citire":"1 minut"},"schema":{"@context":"https:\/\/schema.org","@graph":[{"@type":"WebPage","@id":"https:\/\/shopatoa.com\/ro\/oclean-periuta-sonica-x-ultra-neagra\/","url":"https:\/\/shopatoa.com\/ro\/oclean-periuta-sonica-x-ultra-neagra\/","name":"Oclean Periu\u021b\u0103 sonic\u0103 X Ultra Neagr\u0103 - SHOPATOA.COM","isPartOf":{"@id":"https:\/\/shopatoa.com\/ro\/#website"},"primaryImageOfPage":{"@id":"https:\/\/shopatoa.com\/ro\/oclean-periuta-sonica-x-ultra-neagra\/#primaryimage"},"image":{"@id":"https:\/\/shopatoa.com\/ro\/oclean-periuta-sonica-x-ultra-neagra\/#primaryimage"},"thumbnailUrl":"https:\/\/storage.googleapis.com\/cz-shopatoa-img\/ro\/78253433-unnamed-file.webp","datePublished":"2025-04-28T16:16:37+00:00","dateModified":"2025-12-09T08:05:21+00:00","breadcrumb":{"@id":"https:\/\/shopatoa.com\/ro\/oclean-periuta-sonica-x-ultra-neagra\/#breadcrumb"},"inLanguage":"ro-RO","potentialAction":[{"@type":"ReadAction","target":["https:\/\/shopatoa.com\/ro\/oclean-periuta-sonica-x-ultra-neagra\/"]}]},{"@type":"ImageObject","inLanguage":"ro-RO","@id":"https:\/\/shopatoa.com\/ro\/oclean-periuta-sonica-x-ultra-neagra\/#primaryimage","url":"https:\/\/storage.googleapis.com\/cz-shopatoa-img\/ro\/78253433-unnamed-file.webp","contentUrl":"https:\/\/storage.googleapis.com\/cz-shopatoa-img\/ro\/78253433-unnamed-file.webp","width":800,"height":800},{"@type":"BreadcrumbList","@id":"https:\/\/shopatoa.com\/ro\/oclean-periuta-sonica-x-ultra-neagra\/#breadcrumb","itemListElement":[{"@type":"ListItem","position":1,"name":"Dom\u016f","item":"https:\/\/shopatoa.com\/ro\/"},{"@type":"ListItem","position":2,"name":"Shop","item":"https:\/\/shopatoa.com\/ro\/shop\/"},{"@type":"ListItem","position":3,"name":"Cosmetice","item":"https:\/\/shopatoa.com\/ro\/cosmetice\/"},{"@type":"ListItem","position":4,"name":"\u00cengrijirea dentar\u0103","item":"https:\/\/shopatoa.com\/ro\/ingrijirea-dentara\/"},{"@type":"ListItem","position":5,"name":"Periu\u021be de din\u021bi sonice","item":"https:\/\/shopatoa.com\/ro\/periute-de-dinti-sonice\/"},{"@type":"ListItem","position":6,"name":"Oclean Periu\u021b\u0103 sonic\u0103 X Ultra Neagr\u0103"}]},{"@type":"WebSite","@id":"https:\/\/shopatoa.com\/ro\/#website","url":"https:\/\/shopatoa.com\/ro\/","name":"SHOPATOA","description":"","publisher":{"@id":"https:\/\/shopatoa.com\/ro\/#organization"},"potentialAction":[{"@type":"SearchAction","target":{"@type":"EntryPoint","urlTemplate":"https:\/\/shopatoa.com\/ro\/?s={search_term_string}"},"query-input":{"@type":"PropertyValueSpecification","valueRequired":true,"valueName":"search_term_string"}}],"inLanguage":"ro-RO"},{"@type":"Organization","@id":"https:\/\/shopatoa.com\/ro\/#organization","name":"SHOPATOA","url":"https:\/\/shopatoa.com\/ro\/","logo":{"@type":"ImageObject","inLanguage":"ro-RO","@id":"https:\/\/shopatoa.com\/ro\/#\/schema\/logo\/image\/","url":"https:\/\/storage.googleapis.com\/cz-shopatoa-img\/ro\/b4dac915-shopatoa_logo.png","contentUrl":"https:\/\/storage.googleapis.com\/cz-shopatoa-img\/ro\/b4dac915-shopatoa_logo.png","width":416,"height":63,"caption":"SHOPATOA"},"image":{"@id":"https:\/\/shopatoa.com\/ro\/#\/schema\/logo\/image\/"}}]}},"_links":{"self":[{"href":"https:\/\/shopatoa.com\/ro\/wp-json\/wp\/v2\/product\/267100","targetHints":{"allow":["GET"]}}],"collection":[{"href":"https:\/\/shopatoa.com\/ro\/wp-json\/wp\/v2\/product"}],"about":[{"href":"https:\/\/shopatoa.com\/ro\/wp-json\/wp\/v2\/types\/product"}],"replies":[{"embeddable":true,"href":"https:\/\/shopatoa.com\/ro\/wp-json\/wp\/v2\/comments?post=267100"}],"wp:featuredmedia":[{"embeddable":true,"href":"https:\/\/shopatoa.com\/ro\/wp-json\/wp\/v2\/media\/267101"}],"wp:attachment":[{"href":"https:\/\/shopatoa.com\/ro\/wp-json\/wp\/v2\/media?parent=267100"}],"wp:term":[{"taxonomy":"product_brand","embeddable":true,"href":"https:\/\/shopatoa.com\/ro\/wp-json\/wp\/v2\/product_brand?post=267100"},{"taxonomy":"product_cat","embeddable":true,"href":"https:\/\/shopatoa.com\/ro\/wp-json\/wp\/v2\/product_cat?post=267100"},{"taxonomy":"product_tag","embeddable":true,"href":"https:\/\/shopatoa.com\/ro\/wp-json\/wp\/v2\/product_tag?post=267100"}],"curies":[{"name":"wp","href":"https:\/\/api.w.org\/{rel}","templated":true}]}}