{"id":267108,"date":"2025-04-28T18:20:17","date_gmt":"2025-04-28T16:20:17","guid":{"rendered":"https:\/\/shopatoa.com\/ro\/oclean-set-de-perii-sonice-gri-roz-x-lite-grey-set\/"},"modified":"2025-12-09T09:05:00","modified_gmt":"2025-12-09T08:05:00","slug":"oclean-set-de-perii-sonice-gri-roz-x-lite-grey-set","status":"publish","type":"product","link":"https:\/\/shopatoa.com\/ro\/oclean-set-de-perii-sonice-gri-roz-x-lite-grey-set\/","title":{"rendered":"Oclean Set de perii sonice gri-roz X Lite Grey set"},"content":{"rendered":"<p>Set exclusiv de periu\u021b\u0103 de din\u021bi Oclean X Lite cu o hus\u0103 elegant\u0103 \u0219i cap Professional Clean. Periu\u021ba de din\u021bi sonic\u0103 X Lite cu ecran tactil color, motor magnetic \u0219i operare simpl\u0103 cu un singur buton. Afi\u0219ajul mare arat\u0103 feedback dup\u0103 cur\u0103\u021bare, \u00een timp ce senzorul giroscop urm\u0103re\u0219te cele 8 zone de cur\u0103\u021bare. Acest model este conceput pentru utilizatorii care nu doresc s\u0103 configureze \u0219i s\u0103 se conecteze la o aplica\u021bie, ci prefer\u0103 simplitatea atunci c\u00e2nd se spal\u0103 pe din\u021bi \u0219i feedback instantaneu direct la dispozitiv. Bucura\u021bi-v\u0103 de p\u00e2n\u0103 la 40 de zile cu o singur\u0103 \u00eenc\u0103rcare \u0219i alege\u021bi dintre 5 moduri. Cu motorul Maglev, pute\u021bi realiza p\u00e2n\u0103 la 72.000 de mi\u0219c\u0103ri\/minut pentru rezultate excelente. Setul include o hus\u0103 de c\u0103l\u0103torie \u00een care plasa\u021bi corpul \u0219i capul periei. Design elegant \u0219i model practic ideal pentru c\u0103l\u0103torii. Al\u021bi parametri: Max. frecven\u021b\u0103: 300 Hz, Zgomot: func\u021bionare silen\u021bioas\u0103 &lt;65 dB, Rezisten\u021b\u0103 la ap\u0103: IPX7, \u00cenc\u0103rcare: Cablu de \u00eenc\u0103rcare USB-C, Timp de \u00eenc\u0103rcare: 4,0 h, Baterie: Baterie nedeta\u0219abil\u0103 Li-ion; 3,7 V, Capacitate: 1100 mAh, Timp de func\u021bionare: 40 zile, Tensiune: 5V &#8211; 0.5A, Putere: 2,5 W, Dimensiuni: 252*26*26 mm, Greutate: 107 g.<\/p>\n","protected":false},"excerpt":{"rendered":"<p>Set exclusiv de periu\u021b\u0103 de din\u021bi Oclean X Lite cu o hus\u0103 elegant\u0103 \u0219i cap Professional Clean. Periu\u021ba de din\u021bi sonic\u0103 X Lite cu ecran tactil color, motor magnetic \u0219i operare simpl\u0103 cu un singur buton. Afi\u0219ajul mare arat\u0103 feedback dup\u0103 cur\u0103\u021bare, \u00een timp ce senzorul giroscop urm\u0103re\u0219te cele 8 zone de cur\u0103\u021bare. Acest model&#8230;<\/p>\n","protected":false},"featured_media":267109,"comment_status":"closed","ping_status":"open","template":"","meta":{"_acf_changed":false,"_kadence_starter_templates_imported_post":false,"_kad_post_transparent":"","_kad_post_title":"","_kad_post_layout":"","_kad_post_sidebar_id":"","_kad_post_content_style":"","_kad_post_vertical_padding":"","_kad_post_feature":"","_kad_post_feature_position":"","_kad_post_header":false,"_kad_post_footer":false,"_kad_post_classname":""},"product_brand":[1062],"product_cat":[246,709,761],"product_tag":[],"class_list":{"0":"post-267108","1":"product","2":"type-product","3":"status-publish","4":"has-post-thumbnail","6":"product_brand-oclean","7":"product_cat-cosmetice","8":"product_cat-ingrijirea-dentara","9":"product_cat-periute-de-dinti-sonice","11":"first","12":"instock","13":"sale","14":"product-type-external","15":"entry","16":"content-bg","17":"loop-entry"},"acf":[],"yoast_head":"<!-- This site is optimized with the Yoast SEO plugin v27.4 - https:\/\/yoast.com\/product\/yoast-seo-wordpress\/ -->\n<title>Oclean Set de perii sonice gri-roz X Lite Grey set - SHOPATOA.COM<\/title>\n<meta name=\"robots\" content=\"index, follow, max-snippet:-1, max-image-preview:large, max-video-preview:-1\" \/>\n<link rel=\"canonical\" href=\"https:\/\/shopatoa.com\/ro\/oclean-set-de-perii-sonice-gri-roz-x-lite-grey-set\/\" \/>\n<meta property=\"og:locale\" content=\"ro_RO\" \/>\n<meta property=\"og:type\" content=\"article\" \/>\n<meta property=\"og:title\" content=\"Oclean Set de perii sonice gri-roz X Lite Grey set - SHOPATOA.COM\" \/>\n<meta property=\"og:description\" content=\"Set exclusiv de periu\u021b\u0103 de din\u021bi Oclean X Lite cu o hus\u0103 elegant\u0103 \u0219i cap Professional Clean. Periu\u021ba de din\u021bi sonic\u0103 X Lite cu ecran tactil color, motor magnetic \u0219i operare simpl\u0103 cu un singur buton. Afi\u0219ajul mare arat\u0103 feedback dup\u0103 cur\u0103\u021bare, \u00een timp ce senzorul giroscop urm\u0103re\u0219te cele 8 zone de cur\u0103\u021bare. Acest model...\" \/>\n<meta property=\"og:url\" content=\"https:\/\/shopatoa.com\/ro\/oclean-set-de-perii-sonice-gri-roz-x-lite-grey-set\/\" \/>\n<meta property=\"og:site_name\" content=\"SHOPATOA\" \/>\n<meta property=\"article:modified_time\" content=\"2025-12-09T08:05:00+00:00\" \/>\n<meta property=\"og:image\" content=\"https:\/\/storage.googleapis.com\/cz-shopatoa-img\/ro\/a80f3fb8-unnamed-file.webp\" \/>\n\t<meta property=\"og:image:width\" content=\"800\" \/>\n\t<meta property=\"og:image:height\" content=\"800\" \/>\n\t<meta property=\"og:image:type\" content=\"image\/webp\" \/>\n<meta name=\"twitter:card\" content=\"summary_large_image\" \/>\n<meta name=\"twitter:label1\" content=\"Timp estimat pentru citire\" \/>\n\t<meta name=\"twitter:data1\" content=\"1 minut\" \/>\n<script type=\"application\/ld+json\" class=\"yoast-schema-graph\">{\"@context\":\"https:\\\/\\\/schema.org\",\"@graph\":[{\"@type\":\"WebPage\",\"@id\":\"https:\\\/\\\/shopatoa.com\\\/ro\\\/oclean-set-de-perii-sonice-gri-roz-x-lite-grey-set\\\/\",\"url\":\"https:\\\/\\\/shopatoa.com\\\/ro\\\/oclean-set-de-perii-sonice-gri-roz-x-lite-grey-set\\\/\",\"name\":\"Oclean Set de perii sonice gri-roz X Lite Grey set - SHOPATOA.COM\",\"isPartOf\":{\"@id\":\"https:\\\/\\\/shopatoa.com\\\/ro\\\/#website\"},\"primaryImageOfPage\":{\"@id\":\"https:\\\/\\\/shopatoa.com\\\/ro\\\/oclean-set-de-perii-sonice-gri-roz-x-lite-grey-set\\\/#primaryimage\"},\"image\":{\"@id\":\"https:\\\/\\\/shopatoa.com\\\/ro\\\/oclean-set-de-perii-sonice-gri-roz-x-lite-grey-set\\\/#primaryimage\"},\"thumbnailUrl\":\"https:\\\/\\\/storage.googleapis.com\\\/cz-shopatoa-img\\\/ro\\\/a80f3fb8-unnamed-file.webp\",\"datePublished\":\"2025-04-28T16:20:17+00:00\",\"dateModified\":\"2025-12-09T08:05:00+00:00\",\"breadcrumb\":{\"@id\":\"https:\\\/\\\/shopatoa.com\\\/ro\\\/oclean-set-de-perii-sonice-gri-roz-x-lite-grey-set\\\/#breadcrumb\"},\"inLanguage\":\"ro-RO\",\"potentialAction\":[{\"@type\":\"ReadAction\",\"target\":[\"https:\\\/\\\/shopatoa.com\\\/ro\\\/oclean-set-de-perii-sonice-gri-roz-x-lite-grey-set\\\/\"]}]},{\"@type\":\"ImageObject\",\"inLanguage\":\"ro-RO\",\"@id\":\"https:\\\/\\\/shopatoa.com\\\/ro\\\/oclean-set-de-perii-sonice-gri-roz-x-lite-grey-set\\\/#primaryimage\",\"url\":\"https:\\\/\\\/storage.googleapis.com\\\/cz-shopatoa-img\\\/ro\\\/a80f3fb8-unnamed-file.webp\",\"contentUrl\":\"https:\\\/\\\/storage.googleapis.com\\\/cz-shopatoa-img\\\/ro\\\/a80f3fb8-unnamed-file.webp\",\"width\":800,\"height\":800},{\"@type\":\"BreadcrumbList\",\"@id\":\"https:\\\/\\\/shopatoa.com\\\/ro\\\/oclean-set-de-perii-sonice-gri-roz-x-lite-grey-set\\\/#breadcrumb\",\"itemListElement\":[{\"@type\":\"ListItem\",\"position\":1,\"name\":\"Dom\u016f\",\"item\":\"https:\\\/\\\/shopatoa.com\\\/ro\\\/\"},{\"@type\":\"ListItem\",\"position\":2,\"name\":\"Shop\",\"item\":\"https:\\\/\\\/shopatoa.com\\\/ro\\\/shop\\\/\"},{\"@type\":\"ListItem\",\"position\":3,\"name\":\"Cosmetice\",\"item\":\"https:\\\/\\\/shopatoa.com\\\/ro\\\/cosmetice\\\/\"},{\"@type\":\"ListItem\",\"position\":4,\"name\":\"\u00cengrijirea dentar\u0103\",\"item\":\"https:\\\/\\\/shopatoa.com\\\/ro\\\/ingrijirea-dentara\\\/\"},{\"@type\":\"ListItem\",\"position\":5,\"name\":\"Periu\u021be de din\u021bi sonice\",\"item\":\"https:\\\/\\\/shopatoa.com\\\/ro\\\/periute-de-dinti-sonice\\\/\"},{\"@type\":\"ListItem\",\"position\":6,\"name\":\"Oclean Set de perii sonice gri-roz X Lite Grey set\"}]},{\"@type\":\"WebSite\",\"@id\":\"https:\\\/\\\/shopatoa.com\\\/ro\\\/#website\",\"url\":\"https:\\\/\\\/shopatoa.com\\\/ro\\\/\",\"name\":\"SHOPATOA\",\"description\":\"\",\"publisher\":{\"@id\":\"https:\\\/\\\/shopatoa.com\\\/ro\\\/#organization\"},\"potentialAction\":[{\"@type\":\"SearchAction\",\"target\":{\"@type\":\"EntryPoint\",\"urlTemplate\":\"https:\\\/\\\/shopatoa.com\\\/ro\\\/?s={search_term_string}\"},\"query-input\":{\"@type\":\"PropertyValueSpecification\",\"valueRequired\":true,\"valueName\":\"search_term_string\"}}],\"inLanguage\":\"ro-RO\"},{\"@type\":\"Organization\",\"@id\":\"https:\\\/\\\/shopatoa.com\\\/ro\\\/#organization\",\"name\":\"SHOPATOA\",\"url\":\"https:\\\/\\\/shopatoa.com\\\/ro\\\/\",\"logo\":{\"@type\":\"ImageObject\",\"inLanguage\":\"ro-RO\",\"@id\":\"https:\\\/\\\/shopatoa.com\\\/ro\\\/#\\\/schema\\\/logo\\\/image\\\/\",\"url\":\"https:\\\/\\\/storage.googleapis.com\\\/cz-shopatoa-img\\\/ro\\\/b4dac915-shopatoa_logo.png\",\"contentUrl\":\"https:\\\/\\\/storage.googleapis.com\\\/cz-shopatoa-img\\\/ro\\\/b4dac915-shopatoa_logo.png\",\"width\":416,\"height\":63,\"caption\":\"SHOPATOA\"},\"image\":{\"@id\":\"https:\\\/\\\/shopatoa.com\\\/ro\\\/#\\\/schema\\\/logo\\\/image\\\/\"}}]}<\/script>\n<!-- \/ Yoast SEO plugin. -->","yoast_head_json":{"title":"Oclean Set de perii sonice gri-roz X Lite Grey set - SHOPATOA.COM","robots":{"index":"index","follow":"follow","max-snippet":"max-snippet:-1","max-image-preview":"max-image-preview:large","max-video-preview":"max-video-preview:-1"},"canonical":"https:\/\/shopatoa.com\/ro\/oclean-set-de-perii-sonice-gri-roz-x-lite-grey-set\/","og_locale":"ro_RO","og_type":"article","og_title":"Oclean Set de perii sonice gri-roz X Lite Grey set - SHOPATOA.COM","og_description":"Set exclusiv de periu\u021b\u0103 de din\u021bi Oclean X Lite cu o hus\u0103 elegant\u0103 \u0219i cap Professional Clean. Periu\u021ba de din\u021bi sonic\u0103 X Lite cu ecran tactil color, motor magnetic \u0219i operare simpl\u0103 cu un singur buton. Afi\u0219ajul mare arat\u0103 feedback dup\u0103 cur\u0103\u021bare, \u00een timp ce senzorul giroscop urm\u0103re\u0219te cele 8 zone de cur\u0103\u021bare. Acest model...","og_url":"https:\/\/shopatoa.com\/ro\/oclean-set-de-perii-sonice-gri-roz-x-lite-grey-set\/","og_site_name":"SHOPATOA","article_modified_time":"2025-12-09T08:05:00+00:00","og_image":[{"width":800,"height":800,"url":"https:\/\/storage.googleapis.com\/cz-shopatoa-img\/ro\/a80f3fb8-unnamed-file.webp","type":"image\/webp"}],"twitter_card":"summary_large_image","twitter_misc":{"Timp estimat pentru citire":"1 minut"},"schema":{"@context":"https:\/\/schema.org","@graph":[{"@type":"WebPage","@id":"https:\/\/shopatoa.com\/ro\/oclean-set-de-perii-sonice-gri-roz-x-lite-grey-set\/","url":"https:\/\/shopatoa.com\/ro\/oclean-set-de-perii-sonice-gri-roz-x-lite-grey-set\/","name":"Oclean Set de perii sonice gri-roz X Lite Grey set - SHOPATOA.COM","isPartOf":{"@id":"https:\/\/shopatoa.com\/ro\/#website"},"primaryImageOfPage":{"@id":"https:\/\/shopatoa.com\/ro\/oclean-set-de-perii-sonice-gri-roz-x-lite-grey-set\/#primaryimage"},"image":{"@id":"https:\/\/shopatoa.com\/ro\/oclean-set-de-perii-sonice-gri-roz-x-lite-grey-set\/#primaryimage"},"thumbnailUrl":"https:\/\/storage.googleapis.com\/cz-shopatoa-img\/ro\/a80f3fb8-unnamed-file.webp","datePublished":"2025-04-28T16:20:17+00:00","dateModified":"2025-12-09T08:05:00+00:00","breadcrumb":{"@id":"https:\/\/shopatoa.com\/ro\/oclean-set-de-perii-sonice-gri-roz-x-lite-grey-set\/#breadcrumb"},"inLanguage":"ro-RO","potentialAction":[{"@type":"ReadAction","target":["https:\/\/shopatoa.com\/ro\/oclean-set-de-perii-sonice-gri-roz-x-lite-grey-set\/"]}]},{"@type":"ImageObject","inLanguage":"ro-RO","@id":"https:\/\/shopatoa.com\/ro\/oclean-set-de-perii-sonice-gri-roz-x-lite-grey-set\/#primaryimage","url":"https:\/\/storage.googleapis.com\/cz-shopatoa-img\/ro\/a80f3fb8-unnamed-file.webp","contentUrl":"https:\/\/storage.googleapis.com\/cz-shopatoa-img\/ro\/a80f3fb8-unnamed-file.webp","width":800,"height":800},{"@type":"BreadcrumbList","@id":"https:\/\/shopatoa.com\/ro\/oclean-set-de-perii-sonice-gri-roz-x-lite-grey-set\/#breadcrumb","itemListElement":[{"@type":"ListItem","position":1,"name":"Dom\u016f","item":"https:\/\/shopatoa.com\/ro\/"},{"@type":"ListItem","position":2,"name":"Shop","item":"https:\/\/shopatoa.com\/ro\/shop\/"},{"@type":"ListItem","position":3,"name":"Cosmetice","item":"https:\/\/shopatoa.com\/ro\/cosmetice\/"},{"@type":"ListItem","position":4,"name":"\u00cengrijirea dentar\u0103","item":"https:\/\/shopatoa.com\/ro\/ingrijirea-dentara\/"},{"@type":"ListItem","position":5,"name":"Periu\u021be de din\u021bi sonice","item":"https:\/\/shopatoa.com\/ro\/periute-de-dinti-sonice\/"},{"@type":"ListItem","position":6,"name":"Oclean Set de perii sonice gri-roz X Lite Grey set"}]},{"@type":"WebSite","@id":"https:\/\/shopatoa.com\/ro\/#website","url":"https:\/\/shopatoa.com\/ro\/","name":"SHOPATOA","description":"","publisher":{"@id":"https:\/\/shopatoa.com\/ro\/#organization"},"potentialAction":[{"@type":"SearchAction","target":{"@type":"EntryPoint","urlTemplate":"https:\/\/shopatoa.com\/ro\/?s={search_term_string}"},"query-input":{"@type":"PropertyValueSpecification","valueRequired":true,"valueName":"search_term_string"}}],"inLanguage":"ro-RO"},{"@type":"Organization","@id":"https:\/\/shopatoa.com\/ro\/#organization","name":"SHOPATOA","url":"https:\/\/shopatoa.com\/ro\/","logo":{"@type":"ImageObject","inLanguage":"ro-RO","@id":"https:\/\/shopatoa.com\/ro\/#\/schema\/logo\/image\/","url":"https:\/\/storage.googleapis.com\/cz-shopatoa-img\/ro\/b4dac915-shopatoa_logo.png","contentUrl":"https:\/\/storage.googleapis.com\/cz-shopatoa-img\/ro\/b4dac915-shopatoa_logo.png","width":416,"height":63,"caption":"SHOPATOA"},"image":{"@id":"https:\/\/shopatoa.com\/ro\/#\/schema\/logo\/image\/"}}]}},"_links":{"self":[{"href":"https:\/\/shopatoa.com\/ro\/wp-json\/wp\/v2\/product\/267108","targetHints":{"allow":["GET"]}}],"collection":[{"href":"https:\/\/shopatoa.com\/ro\/wp-json\/wp\/v2\/product"}],"about":[{"href":"https:\/\/shopatoa.com\/ro\/wp-json\/wp\/v2\/types\/product"}],"replies":[{"embeddable":true,"href":"https:\/\/shopatoa.com\/ro\/wp-json\/wp\/v2\/comments?post=267108"}],"wp:featuredmedia":[{"embeddable":true,"href":"https:\/\/shopatoa.com\/ro\/wp-json\/wp\/v2\/media\/267109"}],"wp:attachment":[{"href":"https:\/\/shopatoa.com\/ro\/wp-json\/wp\/v2\/media?parent=267108"}],"wp:term":[{"taxonomy":"product_brand","embeddable":true,"href":"https:\/\/shopatoa.com\/ro\/wp-json\/wp\/v2\/product_brand?post=267108"},{"taxonomy":"product_cat","embeddable":true,"href":"https:\/\/shopatoa.com\/ro\/wp-json\/wp\/v2\/product_cat?post=267108"},{"taxonomy":"product_tag","embeddable":true,"href":"https:\/\/shopatoa.com\/ro\/wp-json\/wp\/v2\/product_tag?post=267108"}],"curies":[{"name":"wp","href":"https:\/\/api.w.org\/{rel}","templated":true}]}}