{"id":267239,"date":"2025-04-28T18:50:07","date_gmt":"2025-04-28T16:50:07","guid":{"rendered":"https:\/\/shopatoa.com\/ro\/heliocare-make-up-compact-spf-50-oil-free-compact-10-g-pearl\/"},"modified":"2025-12-09T08:42:07","modified_gmt":"2025-12-09T07:42:07","slug":"heliocare-make-up-compact-spf-50-oil-free-compact-10-g-pearl","status":"publish","type":"product","link":"https:\/\/shopatoa.com\/ro\/heliocare-make-up-compact-spf-50-oil-free-compact-10-g-pearl\/","title":{"rendered":"Heliocare Make-up compact SPF 50 (Oil-Free Compact) 10 g Pearl"},"content":{"rendered":"<p>Machiajul compact acoper\u0103 imperfec\u021biunile pielii, \u00eei unific\u0103 nuan\u021ba de culoare \u0219i, datorit\u0103 SPF 50, protejeaz\u0103 \u00een mod fiabil pielea de radia\u021biile UV. \u00cencetine\u0219te \u00eemb\u0103tr\u00e2nirea pielii \u0219i previne formarea petelor pigmentare, previne alergiile la soare \u0219i limiteaz\u0103 efectul radicalilor liberi nocivi asupra pielii. Nu con\u021bine uleiuri \u0219i este hipoalergenic.<\/p>\n","protected":false},"excerpt":{"rendered":"<p>Machiajul compact acoper\u0103 imperfec\u021biunile pielii, \u00eei unific\u0103 nuan\u021ba de culoare \u0219i, datorit\u0103 SPF 50, protejeaz\u0103 \u00een mod fiabil pielea de radia\u021biile UV. \u00cencetine\u0219te \u00eemb\u0103tr\u00e2nirea pielii \u0219i previne formarea petelor pigmentare, previne alergiile la soare \u0219i limiteaz\u0103 efectul radicalilor liberi nocivi asupra pielii. Nu con\u021bine uleiuri \u0219i este hipoalergenic.<\/p>\n","protected":false},"featured_media":267240,"comment_status":"closed","ping_status":"open","template":"","meta":{"_acf_changed":false,"_kadence_starter_templates_imported_post":false,"_kad_post_transparent":"","_kad_post_title":"","_kad_post_layout":"","_kad_post_sidebar_id":"","_kad_post_content_style":"","_kad_post_vertical_padding":"","_kad_post_feature":"","_kad_post_feature_position":"","_kad_post_header":false,"_kad_post_footer":false,"_kad_post_classname":""},"product_brand":[928],"product_cat":[246,609,616,705],"product_tag":[],"class_list":{"0":"post-267239","1":"product","2":"type-product","3":"status-publish","4":"has-post-thumbnail","6":"product_brand-heliocare","7":"product_cat-cosmetice","8":"product_cat-cosmetice-decorative","9":"product_cat-machiaj-pentru-fata","10":"product_cat-make-ups","12":"first","13":"instock","14":"sale","15":"product-type-external","16":"entry","17":"content-bg","18":"loop-entry"},"acf":[],"yoast_head":"<!-- This site is optimized with the Yoast SEO plugin v27.3 - https:\/\/yoast.com\/product\/yoast-seo-wordpress\/ -->\n<title>Heliocare Make-up compact SPF 50 (Oil-Free Compact) 10 g Pearl - SHOPATOA.COM<\/title>\n<meta name=\"robots\" content=\"index, follow, max-snippet:-1, max-image-preview:large, max-video-preview:-1\" \/>\n<link rel=\"canonical\" href=\"https:\/\/shopatoa.com\/ro\/heliocare-make-up-compact-spf-50-oil-free-compact-10-g-pearl\/\" \/>\n<meta property=\"og:locale\" content=\"ro_RO\" \/>\n<meta property=\"og:type\" content=\"article\" \/>\n<meta property=\"og:title\" content=\"Heliocare Make-up compact SPF 50 (Oil-Free Compact) 10 g Pearl - SHOPATOA.COM\" \/>\n<meta property=\"og:description\" content=\"Machiajul compact acoper\u0103 imperfec\u021biunile pielii, \u00eei unific\u0103 nuan\u021ba de culoare \u0219i, datorit\u0103 SPF 50, protejeaz\u0103 \u00een mod fiabil pielea de radia\u021biile UV. \u00cencetine\u0219te \u00eemb\u0103tr\u00e2nirea pielii \u0219i previne formarea petelor pigmentare, previne alergiile la soare \u0219i limiteaz\u0103 efectul radicalilor liberi nocivi asupra pielii. Nu con\u021bine uleiuri \u0219i este hipoalergenic.\" \/>\n<meta property=\"og:url\" content=\"https:\/\/shopatoa.com\/ro\/heliocare-make-up-compact-spf-50-oil-free-compact-10-g-pearl\/\" \/>\n<meta property=\"og:site_name\" content=\"SHOPATOA\" \/>\n<meta property=\"article:modified_time\" content=\"2025-12-09T07:42:07+00:00\" \/>\n<meta property=\"og:image\" content=\"https:\/\/storage.googleapis.com\/cz-shopatoa-img\/ro\/68ded728-.webp\" \/>\n\t<meta property=\"og:image:width\" content=\"800\" \/>\n\t<meta property=\"og:image:height\" content=\"800\" \/>\n\t<meta property=\"og:image:type\" content=\"image\/webp\" \/>\n<meta name=\"twitter:card\" content=\"summary_large_image\" \/>\n<script type=\"application\/ld+json\" class=\"yoast-schema-graph\">{\"@context\":\"https:\\\/\\\/schema.org\",\"@graph\":[{\"@type\":\"WebPage\",\"@id\":\"https:\\\/\\\/shopatoa.com\\\/ro\\\/heliocare-make-up-compact-spf-50-oil-free-compact-10-g-pearl\\\/\",\"url\":\"https:\\\/\\\/shopatoa.com\\\/ro\\\/heliocare-make-up-compact-spf-50-oil-free-compact-10-g-pearl\\\/\",\"name\":\"Heliocare Make-up compact SPF 50 (Oil-Free Compact) 10 g Pearl - SHOPATOA.COM\",\"isPartOf\":{\"@id\":\"https:\\\/\\\/shopatoa.com\\\/ro\\\/#website\"},\"primaryImageOfPage\":{\"@id\":\"https:\\\/\\\/shopatoa.com\\\/ro\\\/heliocare-make-up-compact-spf-50-oil-free-compact-10-g-pearl\\\/#primaryimage\"},\"image\":{\"@id\":\"https:\\\/\\\/shopatoa.com\\\/ro\\\/heliocare-make-up-compact-spf-50-oil-free-compact-10-g-pearl\\\/#primaryimage\"},\"thumbnailUrl\":\"https:\\\/\\\/storage.googleapis.com\\\/cz-shopatoa-img\\\/ro\\\/68ded728-.webp\",\"datePublished\":\"2025-04-28T16:50:07+00:00\",\"dateModified\":\"2025-12-09T07:42:07+00:00\",\"breadcrumb\":{\"@id\":\"https:\\\/\\\/shopatoa.com\\\/ro\\\/heliocare-make-up-compact-spf-50-oil-free-compact-10-g-pearl\\\/#breadcrumb\"},\"inLanguage\":\"ro-RO\",\"potentialAction\":[{\"@type\":\"ReadAction\",\"target\":[\"https:\\\/\\\/shopatoa.com\\\/ro\\\/heliocare-make-up-compact-spf-50-oil-free-compact-10-g-pearl\\\/\"]}]},{\"@type\":\"ImageObject\",\"inLanguage\":\"ro-RO\",\"@id\":\"https:\\\/\\\/shopatoa.com\\\/ro\\\/heliocare-make-up-compact-spf-50-oil-free-compact-10-g-pearl\\\/#primaryimage\",\"url\":\"https:\\\/\\\/storage.googleapis.com\\\/cz-shopatoa-img\\\/ro\\\/68ded728-.webp\",\"contentUrl\":\"https:\\\/\\\/storage.googleapis.com\\\/cz-shopatoa-img\\\/ro\\\/68ded728-.webp\",\"width\":800,\"height\":800},{\"@type\":\"BreadcrumbList\",\"@id\":\"https:\\\/\\\/shopatoa.com\\\/ro\\\/heliocare-make-up-compact-spf-50-oil-free-compact-10-g-pearl\\\/#breadcrumb\",\"itemListElement\":[{\"@type\":\"ListItem\",\"position\":1,\"name\":\"Dom\u016f\",\"item\":\"https:\\\/\\\/shopatoa.com\\\/ro\\\/\"},{\"@type\":\"ListItem\",\"position\":2,\"name\":\"Shop\",\"item\":\"https:\\\/\\\/shopatoa.com\\\/ro\\\/shop\\\/\"},{\"@type\":\"ListItem\",\"position\":3,\"name\":\"Cosmetice\",\"item\":\"https:\\\/\\\/shopatoa.com\\\/ro\\\/cosmetice\\\/\"},{\"@type\":\"ListItem\",\"position\":4,\"name\":\"Cosmetice decorative\",\"item\":\"https:\\\/\\\/shopatoa.com\\\/ro\\\/cosmetice-decorative\\\/\"},{\"@type\":\"ListItem\",\"position\":5,\"name\":\"Machiaj pentru fa\u021ba\",\"item\":\"https:\\\/\\\/shopatoa.com\\\/ro\\\/machiaj-pentru-fata\\\/\"},{\"@type\":\"ListItem\",\"position\":6,\"name\":\"Make-ups\",\"item\":\"https:\\\/\\\/shopatoa.com\\\/ro\\\/make-ups\\\/\"},{\"@type\":\"ListItem\",\"position\":7,\"name\":\"Heliocare Make-up compact SPF 50 (Oil-Free Compact) 10 g Pearl\"}]},{\"@type\":\"WebSite\",\"@id\":\"https:\\\/\\\/shopatoa.com\\\/ro\\\/#website\",\"url\":\"https:\\\/\\\/shopatoa.com\\\/ro\\\/\",\"name\":\"SHOPATOA\",\"description\":\"\",\"publisher\":{\"@id\":\"https:\\\/\\\/shopatoa.com\\\/ro\\\/#organization\"},\"potentialAction\":[{\"@type\":\"SearchAction\",\"target\":{\"@type\":\"EntryPoint\",\"urlTemplate\":\"https:\\\/\\\/shopatoa.com\\\/ro\\\/?s={search_term_string}\"},\"query-input\":{\"@type\":\"PropertyValueSpecification\",\"valueRequired\":true,\"valueName\":\"search_term_string\"}}],\"inLanguage\":\"ro-RO\"},{\"@type\":\"Organization\",\"@id\":\"https:\\\/\\\/shopatoa.com\\\/ro\\\/#organization\",\"name\":\"SHOPATOA\",\"url\":\"https:\\\/\\\/shopatoa.com\\\/ro\\\/\",\"logo\":{\"@type\":\"ImageObject\",\"inLanguage\":\"ro-RO\",\"@id\":\"https:\\\/\\\/shopatoa.com\\\/ro\\\/#\\\/schema\\\/logo\\\/image\\\/\",\"url\":\"https:\\\/\\\/storage.googleapis.com\\\/cz-shopatoa-img\\\/ro\\\/b4dac915-shopatoa_logo.png\",\"contentUrl\":\"https:\\\/\\\/storage.googleapis.com\\\/cz-shopatoa-img\\\/ro\\\/b4dac915-shopatoa_logo.png\",\"width\":416,\"height\":63,\"caption\":\"SHOPATOA\"},\"image\":{\"@id\":\"https:\\\/\\\/shopatoa.com\\\/ro\\\/#\\\/schema\\\/logo\\\/image\\\/\"}}]}<\/script>\n<!-- \/ Yoast SEO plugin. -->","yoast_head_json":{"title":"Heliocare Make-up compact SPF 50 (Oil-Free Compact) 10 g Pearl - SHOPATOA.COM","robots":{"index":"index","follow":"follow","max-snippet":"max-snippet:-1","max-image-preview":"max-image-preview:large","max-video-preview":"max-video-preview:-1"},"canonical":"https:\/\/shopatoa.com\/ro\/heliocare-make-up-compact-spf-50-oil-free-compact-10-g-pearl\/","og_locale":"ro_RO","og_type":"article","og_title":"Heliocare Make-up compact SPF 50 (Oil-Free Compact) 10 g Pearl - SHOPATOA.COM","og_description":"Machiajul compact acoper\u0103 imperfec\u021biunile pielii, \u00eei unific\u0103 nuan\u021ba de culoare \u0219i, datorit\u0103 SPF 50, protejeaz\u0103 \u00een mod fiabil pielea de radia\u021biile UV. \u00cencetine\u0219te \u00eemb\u0103tr\u00e2nirea pielii \u0219i previne formarea petelor pigmentare, previne alergiile la soare \u0219i limiteaz\u0103 efectul radicalilor liberi nocivi asupra pielii. Nu con\u021bine uleiuri \u0219i este hipoalergenic.","og_url":"https:\/\/shopatoa.com\/ro\/heliocare-make-up-compact-spf-50-oil-free-compact-10-g-pearl\/","og_site_name":"SHOPATOA","article_modified_time":"2025-12-09T07:42:07+00:00","og_image":[{"width":800,"height":800,"url":"https:\/\/storage.googleapis.com\/cz-shopatoa-img\/ro\/68ded728-.webp","type":"image\/webp"}],"twitter_card":"summary_large_image","schema":{"@context":"https:\/\/schema.org","@graph":[{"@type":"WebPage","@id":"https:\/\/shopatoa.com\/ro\/heliocare-make-up-compact-spf-50-oil-free-compact-10-g-pearl\/","url":"https:\/\/shopatoa.com\/ro\/heliocare-make-up-compact-spf-50-oil-free-compact-10-g-pearl\/","name":"Heliocare Make-up compact SPF 50 (Oil-Free Compact) 10 g Pearl - SHOPATOA.COM","isPartOf":{"@id":"https:\/\/shopatoa.com\/ro\/#website"},"primaryImageOfPage":{"@id":"https:\/\/shopatoa.com\/ro\/heliocare-make-up-compact-spf-50-oil-free-compact-10-g-pearl\/#primaryimage"},"image":{"@id":"https:\/\/shopatoa.com\/ro\/heliocare-make-up-compact-spf-50-oil-free-compact-10-g-pearl\/#primaryimage"},"thumbnailUrl":"https:\/\/storage.googleapis.com\/cz-shopatoa-img\/ro\/68ded728-.webp","datePublished":"2025-04-28T16:50:07+00:00","dateModified":"2025-12-09T07:42:07+00:00","breadcrumb":{"@id":"https:\/\/shopatoa.com\/ro\/heliocare-make-up-compact-spf-50-oil-free-compact-10-g-pearl\/#breadcrumb"},"inLanguage":"ro-RO","potentialAction":[{"@type":"ReadAction","target":["https:\/\/shopatoa.com\/ro\/heliocare-make-up-compact-spf-50-oil-free-compact-10-g-pearl\/"]}]},{"@type":"ImageObject","inLanguage":"ro-RO","@id":"https:\/\/shopatoa.com\/ro\/heliocare-make-up-compact-spf-50-oil-free-compact-10-g-pearl\/#primaryimage","url":"https:\/\/storage.googleapis.com\/cz-shopatoa-img\/ro\/68ded728-.webp","contentUrl":"https:\/\/storage.googleapis.com\/cz-shopatoa-img\/ro\/68ded728-.webp","width":800,"height":800},{"@type":"BreadcrumbList","@id":"https:\/\/shopatoa.com\/ro\/heliocare-make-up-compact-spf-50-oil-free-compact-10-g-pearl\/#breadcrumb","itemListElement":[{"@type":"ListItem","position":1,"name":"Dom\u016f","item":"https:\/\/shopatoa.com\/ro\/"},{"@type":"ListItem","position":2,"name":"Shop","item":"https:\/\/shopatoa.com\/ro\/shop\/"},{"@type":"ListItem","position":3,"name":"Cosmetice","item":"https:\/\/shopatoa.com\/ro\/cosmetice\/"},{"@type":"ListItem","position":4,"name":"Cosmetice decorative","item":"https:\/\/shopatoa.com\/ro\/cosmetice-decorative\/"},{"@type":"ListItem","position":5,"name":"Machiaj pentru fa\u021ba","item":"https:\/\/shopatoa.com\/ro\/machiaj-pentru-fata\/"},{"@type":"ListItem","position":6,"name":"Make-ups","item":"https:\/\/shopatoa.com\/ro\/make-ups\/"},{"@type":"ListItem","position":7,"name":"Heliocare Make-up compact SPF 50 (Oil-Free Compact) 10 g Pearl"}]},{"@type":"WebSite","@id":"https:\/\/shopatoa.com\/ro\/#website","url":"https:\/\/shopatoa.com\/ro\/","name":"SHOPATOA","description":"","publisher":{"@id":"https:\/\/shopatoa.com\/ro\/#organization"},"potentialAction":[{"@type":"SearchAction","target":{"@type":"EntryPoint","urlTemplate":"https:\/\/shopatoa.com\/ro\/?s={search_term_string}"},"query-input":{"@type":"PropertyValueSpecification","valueRequired":true,"valueName":"search_term_string"}}],"inLanguage":"ro-RO"},{"@type":"Organization","@id":"https:\/\/shopatoa.com\/ro\/#organization","name":"SHOPATOA","url":"https:\/\/shopatoa.com\/ro\/","logo":{"@type":"ImageObject","inLanguage":"ro-RO","@id":"https:\/\/shopatoa.com\/ro\/#\/schema\/logo\/image\/","url":"https:\/\/storage.googleapis.com\/cz-shopatoa-img\/ro\/b4dac915-shopatoa_logo.png","contentUrl":"https:\/\/storage.googleapis.com\/cz-shopatoa-img\/ro\/b4dac915-shopatoa_logo.png","width":416,"height":63,"caption":"SHOPATOA"},"image":{"@id":"https:\/\/shopatoa.com\/ro\/#\/schema\/logo\/image\/"}}]}},"_links":{"self":[{"href":"https:\/\/shopatoa.com\/ro\/wp-json\/wp\/v2\/product\/267239","targetHints":{"allow":["GET"]}}],"collection":[{"href":"https:\/\/shopatoa.com\/ro\/wp-json\/wp\/v2\/product"}],"about":[{"href":"https:\/\/shopatoa.com\/ro\/wp-json\/wp\/v2\/types\/product"}],"replies":[{"embeddable":true,"href":"https:\/\/shopatoa.com\/ro\/wp-json\/wp\/v2\/comments?post=267239"}],"wp:featuredmedia":[{"embeddable":true,"href":"https:\/\/shopatoa.com\/ro\/wp-json\/wp\/v2\/media\/267240"}],"wp:attachment":[{"href":"https:\/\/shopatoa.com\/ro\/wp-json\/wp\/v2\/media?parent=267239"}],"wp:term":[{"taxonomy":"product_brand","embeddable":true,"href":"https:\/\/shopatoa.com\/ro\/wp-json\/wp\/v2\/product_brand?post=267239"},{"taxonomy":"product_cat","embeddable":true,"href":"https:\/\/shopatoa.com\/ro\/wp-json\/wp\/v2\/product_cat?post=267239"},{"taxonomy":"product_tag","embeddable":true,"href":"https:\/\/shopatoa.com\/ro\/wp-json\/wp\/v2\/product_tag?post=267239"}],"curies":[{"name":"wp","href":"https:\/\/api.w.org\/{rel}","templated":true}]}}