{"id":267785,"date":"2025-04-28T21:05:50","date_gmt":"2025-04-28T19:05:50","guid":{"rendered":"https:\/\/shopatoa.com\/ro\/weleda-ulei-uscat-bicomponent-skin-food-ultra-light-dry-oil-100-ml\/"},"modified":"2025-12-09T06:53:50","modified_gmt":"2025-12-09T05:53:50","slug":"weleda-ulei-uscat-bicomponent-skin-food-ultra-light-dry-oil-100-ml","status":"publish","type":"product","link":"https:\/\/shopatoa.com\/ro\/weleda-ulei-uscat-bicomponent-skin-food-ultra-light-dry-oil-100-ml\/","title":{"rendered":"Weleda Ulei uscat bicomponent Skin Food (Ultra-Light Dry Oil) 100 ml"},"content":{"rendered":"<p>Uleiul uscat din dou\u0103 componente combin\u0103 lejeritatea unei lo\u021biuni hidratante cu hr\u0103nirea uleiurilor vegetale \u0219i extractelor de violet\u0103, g\u0103lbenele organice, rozmarin \u0219i mu\u0219e\u021bel. Toate acestea sunt completate de parfumul inconfundabil de portocal\u0103, benzoin\u0103 \u0219i lavand\u0103. Ce poate face Ski Food Ultra-Light Dry Ulei de la Weleda: Uleiul este multifunc\u021bional pentru corp \u0219i piele. Las\u0103 pielea radiant\u0103, hidratat\u0103 \u0219i moale. Aplica\u021bi u\u0219or, nu este gras sau lipicios \u0219i se absoarbe rapid. Testat dermatologic pentru eficacitate. Cu 78% mai mult\u0103 hidratare* 73% dintre femei sunt de acord: ofer\u0103 o hr\u0103nire intens\u0103** 97% dintre femei sunt de acord: pielea este instantaneu mai fin\u0103 *** * m\u0103surat dup\u0103 15 minute dup\u0103 o aplicare ** Studiu \u00een uz cu 33 de femei, dup\u0103 2 s\u0103pt\u0103m\u00e2ni aplicare de 1-2 ori pe zi, aplicare pe corp \u0219i de cel pu\u021bin 2 ori pe s\u0103pt\u0103m\u00e2n\u0103 aplicare pe fa\u021b\u0103 ca supliment de \u00eengrijire a pielii *** Studiu \u00een utilizare cu 33 de femei, dup\u0103 o singur\u0103 aplicare pe pielea corpului Potrivita pentru vegani.<\/p>\n","protected":false},"excerpt":{"rendered":"<p>Uleiul uscat din dou\u0103 componente combin\u0103 lejeritatea unei lo\u021biuni hidratante cu hr\u0103nirea uleiurilor vegetale \u0219i extractelor de violet\u0103, g\u0103lbenele organice, rozmarin \u0219i mu\u0219e\u021bel. Toate acestea sunt completate de parfumul inconfundabil de portocal\u0103, benzoin\u0103 \u0219i lavand\u0103. Ce poate face Ski Food Ultra-Light Dry Ulei de la Weleda: Uleiul este multifunc\u021bional pentru corp \u0219i piele. Las\u0103 pielea&#8230;<\/p>\n","protected":false},"featured_media":267786,"comment_status":"closed","ping_status":"open","template":"","meta":{"_acf_changed":false,"_kadence_starter_templates_imported_post":false,"_kad_post_transparent":"","_kad_post_title":"","_kad_post_layout":"","_kad_post_sidebar_id":"","_kad_post_content_style":"","_kad_post_vertical_padding":"","_kad_post_feature":"","_kad_post_feature_position":"","_kad_post_header":false,"_kad_post_footer":false,"_kad_post_classname":""},"product_brand":[554],"product_cat":[246,635,634,633],"product_tag":[],"class_list":{"0":"post-267785","1":"product","2":"type-product","3":"status-publish","4":"has-post-thumbnail","6":"product_brand-weleda","7":"product_cat-cosmetice","8":"product_cat-hidratarea-si-nutritia-pielii","9":"product_cat-produse-cosmetice-de-ingrijire-a-pielii","10":"product_cat-produse-cosmetice-pentru-piele","12":"first","13":"instock","14":"sale","15":"product-type-external","16":"entry","17":"content-bg","18":"loop-entry"},"acf":[],"yoast_head":"<!-- This site is optimized with the Yoast SEO plugin v27.3 - https:\/\/yoast.com\/product\/yoast-seo-wordpress\/ -->\n<title>Weleda Ulei uscat bicomponent Skin Food (Ultra-Light Dry Oil) 100 ml - SHOPATOA.COM<\/title>\n<meta name=\"robots\" content=\"index, follow, max-snippet:-1, max-image-preview:large, max-video-preview:-1\" \/>\n<link rel=\"canonical\" href=\"https:\/\/shopatoa.com\/ro\/weleda-ulei-uscat-bicomponent-skin-food-ultra-light-dry-oil-100-ml\/\" \/>\n<meta property=\"og:locale\" content=\"ro_RO\" \/>\n<meta property=\"og:type\" content=\"article\" \/>\n<meta property=\"og:title\" content=\"Weleda Ulei uscat bicomponent Skin Food (Ultra-Light Dry Oil) 100 ml - SHOPATOA.COM\" \/>\n<meta property=\"og:description\" content=\"Uleiul uscat din dou\u0103 componente combin\u0103 lejeritatea unei lo\u021biuni hidratante cu hr\u0103nirea uleiurilor vegetale \u0219i extractelor de violet\u0103, g\u0103lbenele organice, rozmarin \u0219i mu\u0219e\u021bel. Toate acestea sunt completate de parfumul inconfundabil de portocal\u0103, benzoin\u0103 \u0219i lavand\u0103. Ce poate face Ski Food Ultra-Light Dry Ulei de la Weleda: Uleiul este multifunc\u021bional pentru corp \u0219i piele. Las\u0103 pielea...\" \/>\n<meta property=\"og:url\" content=\"https:\/\/shopatoa.com\/ro\/weleda-ulei-uscat-bicomponent-skin-food-ultra-light-dry-oil-100-ml\/\" \/>\n<meta property=\"og:site_name\" content=\"SHOPATOA\" \/>\n<meta property=\"article:modified_time\" content=\"2025-12-09T05:53:50+00:00\" \/>\n<meta property=\"og:image\" content=\"https:\/\/storage.googleapis.com\/cz-shopatoa-img\/ro\/6c8934ef-unnamed-file.webp\" \/>\n\t<meta property=\"og:image:width\" content=\"800\" \/>\n\t<meta property=\"og:image:height\" content=\"800\" \/>\n\t<meta property=\"og:image:type\" content=\"image\/webp\" \/>\n<meta name=\"twitter:card\" content=\"summary_large_image\" \/>\n<meta name=\"twitter:label1\" content=\"Timp estimat pentru citire\" \/>\n\t<meta name=\"twitter:data1\" content=\"1 minut\" \/>\n<script type=\"application\/ld+json\" class=\"yoast-schema-graph\">{\"@context\":\"https:\\\/\\\/schema.org\",\"@graph\":[{\"@type\":\"WebPage\",\"@id\":\"https:\\\/\\\/shopatoa.com\\\/ro\\\/weleda-ulei-uscat-bicomponent-skin-food-ultra-light-dry-oil-100-ml\\\/\",\"url\":\"https:\\\/\\\/shopatoa.com\\\/ro\\\/weleda-ulei-uscat-bicomponent-skin-food-ultra-light-dry-oil-100-ml\\\/\",\"name\":\"Weleda Ulei uscat bicomponent Skin Food (Ultra-Light Dry Oil) 100 ml - SHOPATOA.COM\",\"isPartOf\":{\"@id\":\"https:\\\/\\\/shopatoa.com\\\/ro\\\/#website\"},\"primaryImageOfPage\":{\"@id\":\"https:\\\/\\\/shopatoa.com\\\/ro\\\/weleda-ulei-uscat-bicomponent-skin-food-ultra-light-dry-oil-100-ml\\\/#primaryimage\"},\"image\":{\"@id\":\"https:\\\/\\\/shopatoa.com\\\/ro\\\/weleda-ulei-uscat-bicomponent-skin-food-ultra-light-dry-oil-100-ml\\\/#primaryimage\"},\"thumbnailUrl\":\"https:\\\/\\\/storage.googleapis.com\\\/cz-shopatoa-img\\\/ro\\\/6c8934ef-unnamed-file.webp\",\"datePublished\":\"2025-04-28T19:05:50+00:00\",\"dateModified\":\"2025-12-09T05:53:50+00:00\",\"breadcrumb\":{\"@id\":\"https:\\\/\\\/shopatoa.com\\\/ro\\\/weleda-ulei-uscat-bicomponent-skin-food-ultra-light-dry-oil-100-ml\\\/#breadcrumb\"},\"inLanguage\":\"ro-RO\",\"potentialAction\":[{\"@type\":\"ReadAction\",\"target\":[\"https:\\\/\\\/shopatoa.com\\\/ro\\\/weleda-ulei-uscat-bicomponent-skin-food-ultra-light-dry-oil-100-ml\\\/\"]}]},{\"@type\":\"ImageObject\",\"inLanguage\":\"ro-RO\",\"@id\":\"https:\\\/\\\/shopatoa.com\\\/ro\\\/weleda-ulei-uscat-bicomponent-skin-food-ultra-light-dry-oil-100-ml\\\/#primaryimage\",\"url\":\"https:\\\/\\\/storage.googleapis.com\\\/cz-shopatoa-img\\\/ro\\\/6c8934ef-unnamed-file.webp\",\"contentUrl\":\"https:\\\/\\\/storage.googleapis.com\\\/cz-shopatoa-img\\\/ro\\\/6c8934ef-unnamed-file.webp\",\"width\":800,\"height\":800},{\"@type\":\"BreadcrumbList\",\"@id\":\"https:\\\/\\\/shopatoa.com\\\/ro\\\/weleda-ulei-uscat-bicomponent-skin-food-ultra-light-dry-oil-100-ml\\\/#breadcrumb\",\"itemListElement\":[{\"@type\":\"ListItem\",\"position\":1,\"name\":\"Dom\u016f\",\"item\":\"https:\\\/\\\/shopatoa.com\\\/ro\\\/\"},{\"@type\":\"ListItem\",\"position\":2,\"name\":\"Shop\",\"item\":\"https:\\\/\\\/shopatoa.com\\\/ro\\\/shop\\\/\"},{\"@type\":\"ListItem\",\"position\":3,\"name\":\"Cosmetice\",\"item\":\"https:\\\/\\\/shopatoa.com\\\/ro\\\/cosmetice\\\/\"},{\"@type\":\"ListItem\",\"position\":4,\"name\":\"Produse cosmetice pentru piele\",\"item\":\"https:\\\/\\\/shopatoa.com\\\/ro\\\/produse-cosmetice-pentru-piele\\\/\"},{\"@type\":\"ListItem\",\"position\":5,\"name\":\"Produse cosmetice de \u00eengrijire a pielii\",\"item\":\"https:\\\/\\\/shopatoa.com\\\/ro\\\/produse-cosmetice-de-ingrijire-a-pielii\\\/\"},{\"@type\":\"ListItem\",\"position\":6,\"name\":\"Hidratarea \u0219i nutri\u021bia pielii\",\"item\":\"https:\\\/\\\/shopatoa.com\\\/ro\\\/hidratarea-si-nutritia-pielii\\\/\"},{\"@type\":\"ListItem\",\"position\":7,\"name\":\"Weleda Ulei uscat bicomponent Skin Food (Ultra-Light Dry Oil) 100 ml\"}]},{\"@type\":\"WebSite\",\"@id\":\"https:\\\/\\\/shopatoa.com\\\/ro\\\/#website\",\"url\":\"https:\\\/\\\/shopatoa.com\\\/ro\\\/\",\"name\":\"SHOPATOA\",\"description\":\"\",\"publisher\":{\"@id\":\"https:\\\/\\\/shopatoa.com\\\/ro\\\/#organization\"},\"potentialAction\":[{\"@type\":\"SearchAction\",\"target\":{\"@type\":\"EntryPoint\",\"urlTemplate\":\"https:\\\/\\\/shopatoa.com\\\/ro\\\/?s={search_term_string}\"},\"query-input\":{\"@type\":\"PropertyValueSpecification\",\"valueRequired\":true,\"valueName\":\"search_term_string\"}}],\"inLanguage\":\"ro-RO\"},{\"@type\":\"Organization\",\"@id\":\"https:\\\/\\\/shopatoa.com\\\/ro\\\/#organization\",\"name\":\"SHOPATOA\",\"url\":\"https:\\\/\\\/shopatoa.com\\\/ro\\\/\",\"logo\":{\"@type\":\"ImageObject\",\"inLanguage\":\"ro-RO\",\"@id\":\"https:\\\/\\\/shopatoa.com\\\/ro\\\/#\\\/schema\\\/logo\\\/image\\\/\",\"url\":\"https:\\\/\\\/storage.googleapis.com\\\/cz-shopatoa-img\\\/ro\\\/b4dac915-shopatoa_logo.png\",\"contentUrl\":\"https:\\\/\\\/storage.googleapis.com\\\/cz-shopatoa-img\\\/ro\\\/b4dac915-shopatoa_logo.png\",\"width\":416,\"height\":63,\"caption\":\"SHOPATOA\"},\"image\":{\"@id\":\"https:\\\/\\\/shopatoa.com\\\/ro\\\/#\\\/schema\\\/logo\\\/image\\\/\"}}]}<\/script>\n<!-- \/ Yoast SEO plugin. -->","yoast_head_json":{"title":"Weleda Ulei uscat bicomponent Skin Food (Ultra-Light Dry Oil) 100 ml - SHOPATOA.COM","robots":{"index":"index","follow":"follow","max-snippet":"max-snippet:-1","max-image-preview":"max-image-preview:large","max-video-preview":"max-video-preview:-1"},"canonical":"https:\/\/shopatoa.com\/ro\/weleda-ulei-uscat-bicomponent-skin-food-ultra-light-dry-oil-100-ml\/","og_locale":"ro_RO","og_type":"article","og_title":"Weleda Ulei uscat bicomponent Skin Food (Ultra-Light Dry Oil) 100 ml - SHOPATOA.COM","og_description":"Uleiul uscat din dou\u0103 componente combin\u0103 lejeritatea unei lo\u021biuni hidratante cu hr\u0103nirea uleiurilor vegetale \u0219i extractelor de violet\u0103, g\u0103lbenele organice, rozmarin \u0219i mu\u0219e\u021bel. Toate acestea sunt completate de parfumul inconfundabil de portocal\u0103, benzoin\u0103 \u0219i lavand\u0103. Ce poate face Ski Food Ultra-Light Dry Ulei de la Weleda: Uleiul este multifunc\u021bional pentru corp \u0219i piele. Las\u0103 pielea...","og_url":"https:\/\/shopatoa.com\/ro\/weleda-ulei-uscat-bicomponent-skin-food-ultra-light-dry-oil-100-ml\/","og_site_name":"SHOPATOA","article_modified_time":"2025-12-09T05:53:50+00:00","og_image":[{"width":800,"height":800,"url":"https:\/\/storage.googleapis.com\/cz-shopatoa-img\/ro\/6c8934ef-unnamed-file.webp","type":"image\/webp"}],"twitter_card":"summary_large_image","twitter_misc":{"Timp estimat pentru citire":"1 minut"},"schema":{"@context":"https:\/\/schema.org","@graph":[{"@type":"WebPage","@id":"https:\/\/shopatoa.com\/ro\/weleda-ulei-uscat-bicomponent-skin-food-ultra-light-dry-oil-100-ml\/","url":"https:\/\/shopatoa.com\/ro\/weleda-ulei-uscat-bicomponent-skin-food-ultra-light-dry-oil-100-ml\/","name":"Weleda Ulei uscat bicomponent Skin Food (Ultra-Light Dry Oil) 100 ml - SHOPATOA.COM","isPartOf":{"@id":"https:\/\/shopatoa.com\/ro\/#website"},"primaryImageOfPage":{"@id":"https:\/\/shopatoa.com\/ro\/weleda-ulei-uscat-bicomponent-skin-food-ultra-light-dry-oil-100-ml\/#primaryimage"},"image":{"@id":"https:\/\/shopatoa.com\/ro\/weleda-ulei-uscat-bicomponent-skin-food-ultra-light-dry-oil-100-ml\/#primaryimage"},"thumbnailUrl":"https:\/\/storage.googleapis.com\/cz-shopatoa-img\/ro\/6c8934ef-unnamed-file.webp","datePublished":"2025-04-28T19:05:50+00:00","dateModified":"2025-12-09T05:53:50+00:00","breadcrumb":{"@id":"https:\/\/shopatoa.com\/ro\/weleda-ulei-uscat-bicomponent-skin-food-ultra-light-dry-oil-100-ml\/#breadcrumb"},"inLanguage":"ro-RO","potentialAction":[{"@type":"ReadAction","target":["https:\/\/shopatoa.com\/ro\/weleda-ulei-uscat-bicomponent-skin-food-ultra-light-dry-oil-100-ml\/"]}]},{"@type":"ImageObject","inLanguage":"ro-RO","@id":"https:\/\/shopatoa.com\/ro\/weleda-ulei-uscat-bicomponent-skin-food-ultra-light-dry-oil-100-ml\/#primaryimage","url":"https:\/\/storage.googleapis.com\/cz-shopatoa-img\/ro\/6c8934ef-unnamed-file.webp","contentUrl":"https:\/\/storage.googleapis.com\/cz-shopatoa-img\/ro\/6c8934ef-unnamed-file.webp","width":800,"height":800},{"@type":"BreadcrumbList","@id":"https:\/\/shopatoa.com\/ro\/weleda-ulei-uscat-bicomponent-skin-food-ultra-light-dry-oil-100-ml\/#breadcrumb","itemListElement":[{"@type":"ListItem","position":1,"name":"Dom\u016f","item":"https:\/\/shopatoa.com\/ro\/"},{"@type":"ListItem","position":2,"name":"Shop","item":"https:\/\/shopatoa.com\/ro\/shop\/"},{"@type":"ListItem","position":3,"name":"Cosmetice","item":"https:\/\/shopatoa.com\/ro\/cosmetice\/"},{"@type":"ListItem","position":4,"name":"Produse cosmetice pentru piele","item":"https:\/\/shopatoa.com\/ro\/produse-cosmetice-pentru-piele\/"},{"@type":"ListItem","position":5,"name":"Produse cosmetice de \u00eengrijire a pielii","item":"https:\/\/shopatoa.com\/ro\/produse-cosmetice-de-ingrijire-a-pielii\/"},{"@type":"ListItem","position":6,"name":"Hidratarea \u0219i nutri\u021bia pielii","item":"https:\/\/shopatoa.com\/ro\/hidratarea-si-nutritia-pielii\/"},{"@type":"ListItem","position":7,"name":"Weleda Ulei uscat bicomponent Skin Food (Ultra-Light Dry Oil) 100 ml"}]},{"@type":"WebSite","@id":"https:\/\/shopatoa.com\/ro\/#website","url":"https:\/\/shopatoa.com\/ro\/","name":"SHOPATOA","description":"","publisher":{"@id":"https:\/\/shopatoa.com\/ro\/#organization"},"potentialAction":[{"@type":"SearchAction","target":{"@type":"EntryPoint","urlTemplate":"https:\/\/shopatoa.com\/ro\/?s={search_term_string}"},"query-input":{"@type":"PropertyValueSpecification","valueRequired":true,"valueName":"search_term_string"}}],"inLanguage":"ro-RO"},{"@type":"Organization","@id":"https:\/\/shopatoa.com\/ro\/#organization","name":"SHOPATOA","url":"https:\/\/shopatoa.com\/ro\/","logo":{"@type":"ImageObject","inLanguage":"ro-RO","@id":"https:\/\/shopatoa.com\/ro\/#\/schema\/logo\/image\/","url":"https:\/\/storage.googleapis.com\/cz-shopatoa-img\/ro\/b4dac915-shopatoa_logo.png","contentUrl":"https:\/\/storage.googleapis.com\/cz-shopatoa-img\/ro\/b4dac915-shopatoa_logo.png","width":416,"height":63,"caption":"SHOPATOA"},"image":{"@id":"https:\/\/shopatoa.com\/ro\/#\/schema\/logo\/image\/"}}]}},"_links":{"self":[{"href":"https:\/\/shopatoa.com\/ro\/wp-json\/wp\/v2\/product\/267785","targetHints":{"allow":["GET"]}}],"collection":[{"href":"https:\/\/shopatoa.com\/ro\/wp-json\/wp\/v2\/product"}],"about":[{"href":"https:\/\/shopatoa.com\/ro\/wp-json\/wp\/v2\/types\/product"}],"replies":[{"embeddable":true,"href":"https:\/\/shopatoa.com\/ro\/wp-json\/wp\/v2\/comments?post=267785"}],"wp:featuredmedia":[{"embeddable":true,"href":"https:\/\/shopatoa.com\/ro\/wp-json\/wp\/v2\/media\/267786"}],"wp:attachment":[{"href":"https:\/\/shopatoa.com\/ro\/wp-json\/wp\/v2\/media?parent=267785"}],"wp:term":[{"taxonomy":"product_brand","embeddable":true,"href":"https:\/\/shopatoa.com\/ro\/wp-json\/wp\/v2\/product_brand?post=267785"},{"taxonomy":"product_cat","embeddable":true,"href":"https:\/\/shopatoa.com\/ro\/wp-json\/wp\/v2\/product_cat?post=267785"},{"taxonomy":"product_tag","embeddable":true,"href":"https:\/\/shopatoa.com\/ro\/wp-json\/wp\/v2\/product_tag?post=267785"}],"curies":[{"name":"wp","href":"https:\/\/api.w.org\/{rel}","templated":true}]}}