{"id":268104,"date":"2025-04-28T22:26:17","date_gmt":"2025-04-28T20:26:17","guid":{"rendered":"https:\/\/shopatoa.com\/ro\/two-cosmetics-balsam-de-ingrijire-a-buzelor-cu-antioxidanti-tykokos-10-g\/"},"modified":"2025-09-15T02:57:59","modified_gmt":"2025-09-15T00:57:59","slug":"two-cosmetics-balsam-de-ingrijire-a-buzelor-cu-antioxidanti-tykokos-10-g","status":"publish","type":"product","link":"https:\/\/shopatoa.com\/ro\/two-cosmetics-balsam-de-ingrijire-a-buzelor-cu-antioxidanti-tykokos-10-g\/","title":{"rendered":"two cosmetics Balsam de \u00eengrijire a buzelor cu antioxidan\u021bi TYKOKOS 10 g"},"content":{"rendered":"<p>Balsam de buze \u00eentr-un tub practic de h\u00e2rtie. Uleiul de cocos con\u021binut va salva chiar si buzele cele mai uscate. Con\u021bine antioxidan\u021bi \u0219i, prin urmare, poate re\u00eennoi celulele \u0219i \u00een acela\u0219i timp poate \u00eencetini \u00eemb\u0103tr\u00e2nirea. Balsamul are un miros moale, se absoarbe u\u0219or \u0219i rezist\u0103 foarte mult timp.<\/p>\n","protected":false},"excerpt":{"rendered":"<p>Balsam de buze \u00eentr-un tub practic de h\u00e2rtie. Uleiul de cocos con\u021binut va salva chiar si buzele cele mai uscate. Con\u021bine antioxidan\u021bi \u0219i, prin urmare, poate re\u00eennoi celulele \u0219i \u00een acela\u0219i timp poate \u00eencetini \u00eemb\u0103tr\u00e2nirea. Balsamul are un miros moale, se absoarbe u\u0219or \u0219i rezist\u0103 foarte mult timp.<\/p>\n","protected":false},"featured_media":268105,"comment_status":"closed","ping_status":"open","template":"","meta":{"_acf_changed":false,"_kadence_starter_templates_imported_post":false,"_kad_post_transparent":"","_kad_post_title":"","_kad_post_layout":"","_kad_post_sidebar_id":"","_kad_post_content_style":"","_kad_post_vertical_padding":"","_kad_post_feature":"","_kad_post_feature_position":"","_kad_post_header":false,"_kad_post_footer":false,"_kad_post_classname":""},"product_brand":[1067],"product_cat":[246,673,633],"product_tag":[],"class_list":{"0":"post-268104","1":"product","2":"type-product","3":"status-publish","4":"has-post-thumbnail","6":"product_brand-two-cosmetics","7":"product_cat-cosmetice","8":"product_cat-lip-cosmetica","9":"product_cat-produse-cosmetice-pentru-piele","11":"first","12":"instock","13":"sale","14":"product-type-external","15":"entry","16":"content-bg","17":"loop-entry"},"acf":[],"yoast_head":"<!-- This site is optimized with the Yoast SEO plugin v27.3 - https:\/\/yoast.com\/product\/yoast-seo-wordpress\/ -->\n<title>two cosmetics Balsam de \u00eengrijire a buzelor cu antioxidan\u021bi TYKOKOS 10 g - SHOPATOA.COM<\/title>\n<meta name=\"robots\" content=\"index, follow, max-snippet:-1, max-image-preview:large, max-video-preview:-1\" \/>\n<link rel=\"canonical\" href=\"https:\/\/shopatoa.com\/ro\/two-cosmetics-balsam-de-ingrijire-a-buzelor-cu-antioxidanti-tykokos-10-g\/\" \/>\n<meta property=\"og:locale\" content=\"ro_RO\" \/>\n<meta property=\"og:type\" content=\"article\" \/>\n<meta property=\"og:title\" content=\"two cosmetics Balsam de \u00eengrijire a buzelor cu antioxidan\u021bi TYKOKOS 10 g - SHOPATOA.COM\" \/>\n<meta property=\"og:description\" content=\"Balsam de buze \u00eentr-un tub practic de h\u00e2rtie. Uleiul de cocos con\u021binut va salva chiar si buzele cele mai uscate. Con\u021bine antioxidan\u021bi \u0219i, prin urmare, poate re\u00eennoi celulele \u0219i \u00een acela\u0219i timp poate \u00eencetini \u00eemb\u0103tr\u00e2nirea. Balsamul are un miros moale, se absoarbe u\u0219or \u0219i rezist\u0103 foarte mult timp.\" \/>\n<meta property=\"og:url\" content=\"https:\/\/shopatoa.com\/ro\/two-cosmetics-balsam-de-ingrijire-a-buzelor-cu-antioxidanti-tykokos-10-g\/\" \/>\n<meta property=\"og:site_name\" content=\"SHOPATOA\" \/>\n<meta property=\"article:modified_time\" content=\"2025-09-15T00:57:59+00:00\" \/>\n<meta property=\"og:image\" content=\"https:\/\/storage.googleapis.com\/cz-shopatoa-img\/ro\/67eb2541-unnamed-file.webp\" \/>\n\t<meta property=\"og:image:width\" content=\"800\" \/>\n\t<meta property=\"og:image:height\" content=\"800\" \/>\n\t<meta property=\"og:image:type\" content=\"image\/webp\" \/>\n<meta name=\"twitter:card\" content=\"summary_large_image\" \/>\n<script type=\"application\/ld+json\" class=\"yoast-schema-graph\">{\"@context\":\"https:\\\/\\\/schema.org\",\"@graph\":[{\"@type\":\"WebPage\",\"@id\":\"https:\\\/\\\/shopatoa.com\\\/ro\\\/two-cosmetics-balsam-de-ingrijire-a-buzelor-cu-antioxidanti-tykokos-10-g\\\/\",\"url\":\"https:\\\/\\\/shopatoa.com\\\/ro\\\/two-cosmetics-balsam-de-ingrijire-a-buzelor-cu-antioxidanti-tykokos-10-g\\\/\",\"name\":\"two cosmetics Balsam de \u00eengrijire a buzelor cu antioxidan\u021bi TYKOKOS 10 g - SHOPATOA.COM\",\"isPartOf\":{\"@id\":\"https:\\\/\\\/shopatoa.com\\\/ro\\\/#website\"},\"primaryImageOfPage\":{\"@id\":\"https:\\\/\\\/shopatoa.com\\\/ro\\\/two-cosmetics-balsam-de-ingrijire-a-buzelor-cu-antioxidanti-tykokos-10-g\\\/#primaryimage\"},\"image\":{\"@id\":\"https:\\\/\\\/shopatoa.com\\\/ro\\\/two-cosmetics-balsam-de-ingrijire-a-buzelor-cu-antioxidanti-tykokos-10-g\\\/#primaryimage\"},\"thumbnailUrl\":\"https:\\\/\\\/storage.googleapis.com\\\/cz-shopatoa-img\\\/ro\\\/67eb2541-unnamed-file.webp\",\"datePublished\":\"2025-04-28T20:26:17+00:00\",\"dateModified\":\"2025-09-15T00:57:59+00:00\",\"breadcrumb\":{\"@id\":\"https:\\\/\\\/shopatoa.com\\\/ro\\\/two-cosmetics-balsam-de-ingrijire-a-buzelor-cu-antioxidanti-tykokos-10-g\\\/#breadcrumb\"},\"inLanguage\":\"ro-RO\",\"potentialAction\":[{\"@type\":\"ReadAction\",\"target\":[\"https:\\\/\\\/shopatoa.com\\\/ro\\\/two-cosmetics-balsam-de-ingrijire-a-buzelor-cu-antioxidanti-tykokos-10-g\\\/\"]}]},{\"@type\":\"ImageObject\",\"inLanguage\":\"ro-RO\",\"@id\":\"https:\\\/\\\/shopatoa.com\\\/ro\\\/two-cosmetics-balsam-de-ingrijire-a-buzelor-cu-antioxidanti-tykokos-10-g\\\/#primaryimage\",\"url\":\"https:\\\/\\\/storage.googleapis.com\\\/cz-shopatoa-img\\\/ro\\\/67eb2541-unnamed-file.webp\",\"contentUrl\":\"https:\\\/\\\/storage.googleapis.com\\\/cz-shopatoa-img\\\/ro\\\/67eb2541-unnamed-file.webp\",\"width\":800,\"height\":800},{\"@type\":\"BreadcrumbList\",\"@id\":\"https:\\\/\\\/shopatoa.com\\\/ro\\\/two-cosmetics-balsam-de-ingrijire-a-buzelor-cu-antioxidanti-tykokos-10-g\\\/#breadcrumb\",\"itemListElement\":[{\"@type\":\"ListItem\",\"position\":1,\"name\":\"Dom\u016f\",\"item\":\"https:\\\/\\\/shopatoa.com\\\/ro\\\/\"},{\"@type\":\"ListItem\",\"position\":2,\"name\":\"Shop\",\"item\":\"https:\\\/\\\/shopatoa.com\\\/ro\\\/shop\\\/\"},{\"@type\":\"ListItem\",\"position\":3,\"name\":\"Cosmetice\",\"item\":\"https:\\\/\\\/shopatoa.com\\\/ro\\\/cosmetice\\\/\"},{\"@type\":\"ListItem\",\"position\":4,\"name\":\"Produse cosmetice pentru piele\",\"item\":\"https:\\\/\\\/shopatoa.com\\\/ro\\\/produse-cosmetice-pentru-piele\\\/\"},{\"@type\":\"ListItem\",\"position\":5,\"name\":\"Lip Cosmetica\",\"item\":\"https:\\\/\\\/shopatoa.com\\\/ro\\\/lip-cosmetica\\\/\"},{\"@type\":\"ListItem\",\"position\":6,\"name\":\"two cosmetics Balsam de \u00eengrijire a buzelor cu antioxidan\u021bi TYKOKOS 10 g\"}]},{\"@type\":\"WebSite\",\"@id\":\"https:\\\/\\\/shopatoa.com\\\/ro\\\/#website\",\"url\":\"https:\\\/\\\/shopatoa.com\\\/ro\\\/\",\"name\":\"SHOPATOA\",\"description\":\"\",\"publisher\":{\"@id\":\"https:\\\/\\\/shopatoa.com\\\/ro\\\/#organization\"},\"potentialAction\":[{\"@type\":\"SearchAction\",\"target\":{\"@type\":\"EntryPoint\",\"urlTemplate\":\"https:\\\/\\\/shopatoa.com\\\/ro\\\/?s={search_term_string}\"},\"query-input\":{\"@type\":\"PropertyValueSpecification\",\"valueRequired\":true,\"valueName\":\"search_term_string\"}}],\"inLanguage\":\"ro-RO\"},{\"@type\":\"Organization\",\"@id\":\"https:\\\/\\\/shopatoa.com\\\/ro\\\/#organization\",\"name\":\"SHOPATOA\",\"url\":\"https:\\\/\\\/shopatoa.com\\\/ro\\\/\",\"logo\":{\"@type\":\"ImageObject\",\"inLanguage\":\"ro-RO\",\"@id\":\"https:\\\/\\\/shopatoa.com\\\/ro\\\/#\\\/schema\\\/logo\\\/image\\\/\",\"url\":\"https:\\\/\\\/storage.googleapis.com\\\/cz-shopatoa-img\\\/ro\\\/b4dac915-shopatoa_logo.png\",\"contentUrl\":\"https:\\\/\\\/storage.googleapis.com\\\/cz-shopatoa-img\\\/ro\\\/b4dac915-shopatoa_logo.png\",\"width\":416,\"height\":63,\"caption\":\"SHOPATOA\"},\"image\":{\"@id\":\"https:\\\/\\\/shopatoa.com\\\/ro\\\/#\\\/schema\\\/logo\\\/image\\\/\"}}]}<\/script>\n<!-- \/ Yoast SEO plugin. -->","yoast_head_json":{"title":"two cosmetics Balsam de \u00eengrijire a buzelor cu antioxidan\u021bi TYKOKOS 10 g - SHOPATOA.COM","robots":{"index":"index","follow":"follow","max-snippet":"max-snippet:-1","max-image-preview":"max-image-preview:large","max-video-preview":"max-video-preview:-1"},"canonical":"https:\/\/shopatoa.com\/ro\/two-cosmetics-balsam-de-ingrijire-a-buzelor-cu-antioxidanti-tykokos-10-g\/","og_locale":"ro_RO","og_type":"article","og_title":"two cosmetics Balsam de \u00eengrijire a buzelor cu antioxidan\u021bi TYKOKOS 10 g - SHOPATOA.COM","og_description":"Balsam de buze \u00eentr-un tub practic de h\u00e2rtie. Uleiul de cocos con\u021binut va salva chiar si buzele cele mai uscate. Con\u021bine antioxidan\u021bi \u0219i, prin urmare, poate re\u00eennoi celulele \u0219i \u00een acela\u0219i timp poate \u00eencetini \u00eemb\u0103tr\u00e2nirea. Balsamul are un miros moale, se absoarbe u\u0219or \u0219i rezist\u0103 foarte mult timp.","og_url":"https:\/\/shopatoa.com\/ro\/two-cosmetics-balsam-de-ingrijire-a-buzelor-cu-antioxidanti-tykokos-10-g\/","og_site_name":"SHOPATOA","article_modified_time":"2025-09-15T00:57:59+00:00","og_image":[{"width":800,"height":800,"url":"https:\/\/storage.googleapis.com\/cz-shopatoa-img\/ro\/67eb2541-unnamed-file.webp","type":"image\/webp"}],"twitter_card":"summary_large_image","schema":{"@context":"https:\/\/schema.org","@graph":[{"@type":"WebPage","@id":"https:\/\/shopatoa.com\/ro\/two-cosmetics-balsam-de-ingrijire-a-buzelor-cu-antioxidanti-tykokos-10-g\/","url":"https:\/\/shopatoa.com\/ro\/two-cosmetics-balsam-de-ingrijire-a-buzelor-cu-antioxidanti-tykokos-10-g\/","name":"two cosmetics Balsam de \u00eengrijire a buzelor cu antioxidan\u021bi TYKOKOS 10 g - SHOPATOA.COM","isPartOf":{"@id":"https:\/\/shopatoa.com\/ro\/#website"},"primaryImageOfPage":{"@id":"https:\/\/shopatoa.com\/ro\/two-cosmetics-balsam-de-ingrijire-a-buzelor-cu-antioxidanti-tykokos-10-g\/#primaryimage"},"image":{"@id":"https:\/\/shopatoa.com\/ro\/two-cosmetics-balsam-de-ingrijire-a-buzelor-cu-antioxidanti-tykokos-10-g\/#primaryimage"},"thumbnailUrl":"https:\/\/storage.googleapis.com\/cz-shopatoa-img\/ro\/67eb2541-unnamed-file.webp","datePublished":"2025-04-28T20:26:17+00:00","dateModified":"2025-09-15T00:57:59+00:00","breadcrumb":{"@id":"https:\/\/shopatoa.com\/ro\/two-cosmetics-balsam-de-ingrijire-a-buzelor-cu-antioxidanti-tykokos-10-g\/#breadcrumb"},"inLanguage":"ro-RO","potentialAction":[{"@type":"ReadAction","target":["https:\/\/shopatoa.com\/ro\/two-cosmetics-balsam-de-ingrijire-a-buzelor-cu-antioxidanti-tykokos-10-g\/"]}]},{"@type":"ImageObject","inLanguage":"ro-RO","@id":"https:\/\/shopatoa.com\/ro\/two-cosmetics-balsam-de-ingrijire-a-buzelor-cu-antioxidanti-tykokos-10-g\/#primaryimage","url":"https:\/\/storage.googleapis.com\/cz-shopatoa-img\/ro\/67eb2541-unnamed-file.webp","contentUrl":"https:\/\/storage.googleapis.com\/cz-shopatoa-img\/ro\/67eb2541-unnamed-file.webp","width":800,"height":800},{"@type":"BreadcrumbList","@id":"https:\/\/shopatoa.com\/ro\/two-cosmetics-balsam-de-ingrijire-a-buzelor-cu-antioxidanti-tykokos-10-g\/#breadcrumb","itemListElement":[{"@type":"ListItem","position":1,"name":"Dom\u016f","item":"https:\/\/shopatoa.com\/ro\/"},{"@type":"ListItem","position":2,"name":"Shop","item":"https:\/\/shopatoa.com\/ro\/shop\/"},{"@type":"ListItem","position":3,"name":"Cosmetice","item":"https:\/\/shopatoa.com\/ro\/cosmetice\/"},{"@type":"ListItem","position":4,"name":"Produse cosmetice pentru piele","item":"https:\/\/shopatoa.com\/ro\/produse-cosmetice-pentru-piele\/"},{"@type":"ListItem","position":5,"name":"Lip Cosmetica","item":"https:\/\/shopatoa.com\/ro\/lip-cosmetica\/"},{"@type":"ListItem","position":6,"name":"two cosmetics Balsam de \u00eengrijire a buzelor cu antioxidan\u021bi TYKOKOS 10 g"}]},{"@type":"WebSite","@id":"https:\/\/shopatoa.com\/ro\/#website","url":"https:\/\/shopatoa.com\/ro\/","name":"SHOPATOA","description":"","publisher":{"@id":"https:\/\/shopatoa.com\/ro\/#organization"},"potentialAction":[{"@type":"SearchAction","target":{"@type":"EntryPoint","urlTemplate":"https:\/\/shopatoa.com\/ro\/?s={search_term_string}"},"query-input":{"@type":"PropertyValueSpecification","valueRequired":true,"valueName":"search_term_string"}}],"inLanguage":"ro-RO"},{"@type":"Organization","@id":"https:\/\/shopatoa.com\/ro\/#organization","name":"SHOPATOA","url":"https:\/\/shopatoa.com\/ro\/","logo":{"@type":"ImageObject","inLanguage":"ro-RO","@id":"https:\/\/shopatoa.com\/ro\/#\/schema\/logo\/image\/","url":"https:\/\/storage.googleapis.com\/cz-shopatoa-img\/ro\/b4dac915-shopatoa_logo.png","contentUrl":"https:\/\/storage.googleapis.com\/cz-shopatoa-img\/ro\/b4dac915-shopatoa_logo.png","width":416,"height":63,"caption":"SHOPATOA"},"image":{"@id":"https:\/\/shopatoa.com\/ro\/#\/schema\/logo\/image\/"}}]}},"_links":{"self":[{"href":"https:\/\/shopatoa.com\/ro\/wp-json\/wp\/v2\/product\/268104","targetHints":{"allow":["GET"]}}],"collection":[{"href":"https:\/\/shopatoa.com\/ro\/wp-json\/wp\/v2\/product"}],"about":[{"href":"https:\/\/shopatoa.com\/ro\/wp-json\/wp\/v2\/types\/product"}],"replies":[{"embeddable":true,"href":"https:\/\/shopatoa.com\/ro\/wp-json\/wp\/v2\/comments?post=268104"}],"wp:featuredmedia":[{"embeddable":true,"href":"https:\/\/shopatoa.com\/ro\/wp-json\/wp\/v2\/media\/268105"}],"wp:attachment":[{"href":"https:\/\/shopatoa.com\/ro\/wp-json\/wp\/v2\/media?parent=268104"}],"wp:term":[{"taxonomy":"product_brand","embeddable":true,"href":"https:\/\/shopatoa.com\/ro\/wp-json\/wp\/v2\/product_brand?post=268104"},{"taxonomy":"product_cat","embeddable":true,"href":"https:\/\/shopatoa.com\/ro\/wp-json\/wp\/v2\/product_cat?post=268104"},{"taxonomy":"product_tag","embeddable":true,"href":"https:\/\/shopatoa.com\/ro\/wp-json\/wp\/v2\/product_tag?post=268104"}],"curies":[{"name":"wp","href":"https:\/\/api.w.org\/{rel}","templated":true}]}}