{"id":268195,"date":"2025-04-28T22:55:25","date_gmt":"2025-04-28T20:55:25","guid":{"rendered":"https:\/\/shopatoa.com\/ro\/kenzo-flower-by-kenzo-poppy-bouquet-edt-30-ml\/"},"modified":"2025-12-09T05:34:51","modified_gmt":"2025-12-09T04:34:51","slug":"kenzo-flower-by-kenzo-poppy-bouquet-edt-30-ml","status":"publish","type":"product","link":"https:\/\/shopatoa.com\/ro\/kenzo-flower-by-kenzo-poppy-bouquet-edt-30-ml\/","title":{"rendered":"Kenzo Flower By Kenzo Poppy Bouquet &#8211; EDT 30 ml"},"content":{"rendered":"<p>Apa de toalet\u0103 pentru femei Flower By Kenzo Poppy Bouquet exploreaz\u0103 florile din toate unghiurile, s\u0103rb\u0103torind energia \u0219i puterea de a face aceast\u0103 lume mai frumoas\u0103. Parfumul este inspirat de o plimbare matinal\u0103 \u00eentr-o pia\u021b\u0103 japonez\u0103 de flori. Notele de deschidere de migdal\u0103 verde, frunze de ceai \u0219i mandarin\u0103 dulce ofer\u0103 o introducere ame\u021bitoare care v\u0103 va \u00eenc\u00e2nta sim\u021burile. \u00cen inima nobil\u0103, florile emblematice ale Flower By Kenzo se \u00eentrep\u0103trund &#8211; gardenia \u00eenflorit\u0103 impregneaz\u0103 trandafirul Damask din Bulgaria \u0219i se combin\u0103 cu notele irezistibile, u\u0219or pudrate, ale iasomiei Sambac. Nota final\u0103 v\u0103 \u00eenv\u0103luie \u00eentr-o baz\u0103 cald\u0103 care dezv\u0103luie secretele seduc\u0103toare ale moscului alb \u0219i ale lemnului de cedru. Apa de toalet\u0103 vibrant\u0103 Flower By Kenzo Poppy Bouquet este perfect\u0103 pentru femeile care iubesc parfumurile florale proaspete, delicioase \u0219i pline de via\u021b\u0103 \u00een acela\u0219i timp. Creat \u00een 2022 de Alberto Morillas \u0219i Dora Baghriche, parfumul este o arom\u0103 autentic\u0103 \u0219i pasional\u0103 care \u00eenflore\u0219te pe piele \u0219i pe care o ve\u021bi \u00eendr\u0103gi de la prima adulmecare.<\/p>\n","protected":false},"excerpt":{"rendered":"<p>Apa de toalet\u0103 pentru femei Flower By Kenzo Poppy Bouquet exploreaz\u0103 florile din toate unghiurile, s\u0103rb\u0103torind energia \u0219i puterea de a face aceast\u0103 lume mai frumoas\u0103. Parfumul este inspirat de o plimbare matinal\u0103 \u00eentr-o pia\u021b\u0103 japonez\u0103 de flori. Notele de deschidere de migdal\u0103 verde, frunze de ceai \u0219i mandarin\u0103 dulce ofer\u0103 o introducere ame\u021bitoare care&#8230;<\/p>\n","protected":false},"featured_media":268196,"comment_status":"closed","ping_status":"open","template":"","meta":{"_acf_changed":false,"_kadence_starter_templates_imported_post":false,"_kad_post_transparent":"","_kad_post_title":"","_kad_post_layout":"","_kad_post_sidebar_id":"","_kad_post_content_style":"","_kad_post_vertical_padding":"","_kad_post_feature":"","_kad_post_feature_position":"","_kad_post_header":false,"_kad_post_footer":false,"_kad_post_classname":""},"product_brand":[401],"product_cat":[615,614],"product_tag":[],"class_list":{"0":"post-268195","1":"product","2":"type-product","3":"status-publish","4":"has-post-thumbnail","6":"product_brand-kenzo","7":"product_cat-ape-de-toaleta-edt","8":"product_cat-parfumuri","10":"first","11":"instock","12":"product-type-external","13":"entry","14":"content-bg","15":"loop-entry"},"acf":[],"yoast_head":"<!-- This site is optimized with the Yoast SEO plugin v27.4 - https:\/\/yoast.com\/product\/yoast-seo-wordpress\/ -->\n<title>Kenzo Flower By Kenzo Poppy Bouquet - EDT 30 ml - SHOPATOA.COM<\/title>\n<meta name=\"robots\" content=\"index, follow, max-snippet:-1, max-image-preview:large, max-video-preview:-1\" \/>\n<link rel=\"canonical\" href=\"https:\/\/shopatoa.com\/ro\/kenzo-flower-by-kenzo-poppy-bouquet-edt-30-ml\/\" \/>\n<meta property=\"og:locale\" content=\"ro_RO\" \/>\n<meta property=\"og:type\" content=\"article\" \/>\n<meta property=\"og:title\" content=\"Kenzo Flower By Kenzo Poppy Bouquet - EDT 30 ml - SHOPATOA.COM\" \/>\n<meta property=\"og:description\" content=\"Apa de toalet\u0103 pentru femei Flower By Kenzo Poppy Bouquet exploreaz\u0103 florile din toate unghiurile, s\u0103rb\u0103torind energia \u0219i puterea de a face aceast\u0103 lume mai frumoas\u0103. Parfumul este inspirat de o plimbare matinal\u0103 \u00eentr-o pia\u021b\u0103 japonez\u0103 de flori. Notele de deschidere de migdal\u0103 verde, frunze de ceai \u0219i mandarin\u0103 dulce ofer\u0103 o introducere ame\u021bitoare care...\" \/>\n<meta property=\"og:url\" content=\"https:\/\/shopatoa.com\/ro\/kenzo-flower-by-kenzo-poppy-bouquet-edt-30-ml\/\" \/>\n<meta property=\"og:site_name\" content=\"SHOPATOA\" \/>\n<meta property=\"article:modified_time\" content=\"2025-12-09T04:34:51+00:00\" \/>\n<meta property=\"og:image\" content=\"https:\/\/storage.googleapis.com\/cz-shopatoa-img\/ro\/ea6020c8-unnamed-file.webp\" \/>\n\t<meta property=\"og:image:width\" content=\"800\" \/>\n\t<meta property=\"og:image:height\" content=\"800\" \/>\n\t<meta property=\"og:image:type\" content=\"image\/webp\" \/>\n<meta name=\"twitter:card\" content=\"summary_large_image\" \/>\n<meta name=\"twitter:label1\" content=\"Timp estimat pentru citire\" \/>\n\t<meta name=\"twitter:data1\" content=\"1 minut\" \/>\n<script type=\"application\/ld+json\" class=\"yoast-schema-graph\">{\"@context\":\"https:\\\/\\\/schema.org\",\"@graph\":[{\"@type\":\"WebPage\",\"@id\":\"https:\\\/\\\/shopatoa.com\\\/ro\\\/kenzo-flower-by-kenzo-poppy-bouquet-edt-30-ml\\\/\",\"url\":\"https:\\\/\\\/shopatoa.com\\\/ro\\\/kenzo-flower-by-kenzo-poppy-bouquet-edt-30-ml\\\/\",\"name\":\"Kenzo Flower By Kenzo Poppy Bouquet - EDT 30 ml - SHOPATOA.COM\",\"isPartOf\":{\"@id\":\"https:\\\/\\\/shopatoa.com\\\/ro\\\/#website\"},\"primaryImageOfPage\":{\"@id\":\"https:\\\/\\\/shopatoa.com\\\/ro\\\/kenzo-flower-by-kenzo-poppy-bouquet-edt-30-ml\\\/#primaryimage\"},\"image\":{\"@id\":\"https:\\\/\\\/shopatoa.com\\\/ro\\\/kenzo-flower-by-kenzo-poppy-bouquet-edt-30-ml\\\/#primaryimage\"},\"thumbnailUrl\":\"https:\\\/\\\/storage.googleapis.com\\\/cz-shopatoa-img\\\/ro\\\/ea6020c8-unnamed-file.webp\",\"datePublished\":\"2025-04-28T20:55:25+00:00\",\"dateModified\":\"2025-12-09T04:34:51+00:00\",\"breadcrumb\":{\"@id\":\"https:\\\/\\\/shopatoa.com\\\/ro\\\/kenzo-flower-by-kenzo-poppy-bouquet-edt-30-ml\\\/#breadcrumb\"},\"inLanguage\":\"ro-RO\",\"potentialAction\":[{\"@type\":\"ReadAction\",\"target\":[\"https:\\\/\\\/shopatoa.com\\\/ro\\\/kenzo-flower-by-kenzo-poppy-bouquet-edt-30-ml\\\/\"]}]},{\"@type\":\"ImageObject\",\"inLanguage\":\"ro-RO\",\"@id\":\"https:\\\/\\\/shopatoa.com\\\/ro\\\/kenzo-flower-by-kenzo-poppy-bouquet-edt-30-ml\\\/#primaryimage\",\"url\":\"https:\\\/\\\/storage.googleapis.com\\\/cz-shopatoa-img\\\/ro\\\/ea6020c8-unnamed-file.webp\",\"contentUrl\":\"https:\\\/\\\/storage.googleapis.com\\\/cz-shopatoa-img\\\/ro\\\/ea6020c8-unnamed-file.webp\",\"width\":800,\"height\":800},{\"@type\":\"BreadcrumbList\",\"@id\":\"https:\\\/\\\/shopatoa.com\\\/ro\\\/kenzo-flower-by-kenzo-poppy-bouquet-edt-30-ml\\\/#breadcrumb\",\"itemListElement\":[{\"@type\":\"ListItem\",\"position\":1,\"name\":\"Dom\u016f\",\"item\":\"https:\\\/\\\/shopatoa.com\\\/ro\\\/\"},{\"@type\":\"ListItem\",\"position\":2,\"name\":\"Shop\",\"item\":\"https:\\\/\\\/shopatoa.com\\\/ro\\\/shop\\\/\"},{\"@type\":\"ListItem\",\"position\":3,\"name\":\"Parfumuri\",\"item\":\"https:\\\/\\\/shopatoa.com\\\/ro\\\/parfumuri\\\/\"},{\"@type\":\"ListItem\",\"position\":4,\"name\":\"Ape de toalet\u0103 (EDT)\",\"item\":\"https:\\\/\\\/shopatoa.com\\\/ro\\\/ape-de-toaleta-edt\\\/\"},{\"@type\":\"ListItem\",\"position\":5,\"name\":\"Kenzo Flower By Kenzo Poppy Bouquet &#8211; EDT 30 ml\"}]},{\"@type\":\"WebSite\",\"@id\":\"https:\\\/\\\/shopatoa.com\\\/ro\\\/#website\",\"url\":\"https:\\\/\\\/shopatoa.com\\\/ro\\\/\",\"name\":\"SHOPATOA\",\"description\":\"\",\"publisher\":{\"@id\":\"https:\\\/\\\/shopatoa.com\\\/ro\\\/#organization\"},\"potentialAction\":[{\"@type\":\"SearchAction\",\"target\":{\"@type\":\"EntryPoint\",\"urlTemplate\":\"https:\\\/\\\/shopatoa.com\\\/ro\\\/?s={search_term_string}\"},\"query-input\":{\"@type\":\"PropertyValueSpecification\",\"valueRequired\":true,\"valueName\":\"search_term_string\"}}],\"inLanguage\":\"ro-RO\"},{\"@type\":\"Organization\",\"@id\":\"https:\\\/\\\/shopatoa.com\\\/ro\\\/#organization\",\"name\":\"SHOPATOA\",\"url\":\"https:\\\/\\\/shopatoa.com\\\/ro\\\/\",\"logo\":{\"@type\":\"ImageObject\",\"inLanguage\":\"ro-RO\",\"@id\":\"https:\\\/\\\/shopatoa.com\\\/ro\\\/#\\\/schema\\\/logo\\\/image\\\/\",\"url\":\"https:\\\/\\\/storage.googleapis.com\\\/cz-shopatoa-img\\\/ro\\\/b4dac915-shopatoa_logo.png\",\"contentUrl\":\"https:\\\/\\\/storage.googleapis.com\\\/cz-shopatoa-img\\\/ro\\\/b4dac915-shopatoa_logo.png\",\"width\":416,\"height\":63,\"caption\":\"SHOPATOA\"},\"image\":{\"@id\":\"https:\\\/\\\/shopatoa.com\\\/ro\\\/#\\\/schema\\\/logo\\\/image\\\/\"}}]}<\/script>\n<!-- \/ Yoast SEO plugin. -->","yoast_head_json":{"title":"Kenzo Flower By Kenzo Poppy Bouquet - EDT 30 ml - SHOPATOA.COM","robots":{"index":"index","follow":"follow","max-snippet":"max-snippet:-1","max-image-preview":"max-image-preview:large","max-video-preview":"max-video-preview:-1"},"canonical":"https:\/\/shopatoa.com\/ro\/kenzo-flower-by-kenzo-poppy-bouquet-edt-30-ml\/","og_locale":"ro_RO","og_type":"article","og_title":"Kenzo Flower By Kenzo Poppy Bouquet - EDT 30 ml - SHOPATOA.COM","og_description":"Apa de toalet\u0103 pentru femei Flower By Kenzo Poppy Bouquet exploreaz\u0103 florile din toate unghiurile, s\u0103rb\u0103torind energia \u0219i puterea de a face aceast\u0103 lume mai frumoas\u0103. Parfumul este inspirat de o plimbare matinal\u0103 \u00eentr-o pia\u021b\u0103 japonez\u0103 de flori. Notele de deschidere de migdal\u0103 verde, frunze de ceai \u0219i mandarin\u0103 dulce ofer\u0103 o introducere ame\u021bitoare care...","og_url":"https:\/\/shopatoa.com\/ro\/kenzo-flower-by-kenzo-poppy-bouquet-edt-30-ml\/","og_site_name":"SHOPATOA","article_modified_time":"2025-12-09T04:34:51+00:00","og_image":[{"width":800,"height":800,"url":"https:\/\/storage.googleapis.com\/cz-shopatoa-img\/ro\/ea6020c8-unnamed-file.webp","type":"image\/webp"}],"twitter_card":"summary_large_image","twitter_misc":{"Timp estimat pentru citire":"1 minut"},"schema":{"@context":"https:\/\/schema.org","@graph":[{"@type":"WebPage","@id":"https:\/\/shopatoa.com\/ro\/kenzo-flower-by-kenzo-poppy-bouquet-edt-30-ml\/","url":"https:\/\/shopatoa.com\/ro\/kenzo-flower-by-kenzo-poppy-bouquet-edt-30-ml\/","name":"Kenzo Flower By Kenzo Poppy Bouquet - EDT 30 ml - SHOPATOA.COM","isPartOf":{"@id":"https:\/\/shopatoa.com\/ro\/#website"},"primaryImageOfPage":{"@id":"https:\/\/shopatoa.com\/ro\/kenzo-flower-by-kenzo-poppy-bouquet-edt-30-ml\/#primaryimage"},"image":{"@id":"https:\/\/shopatoa.com\/ro\/kenzo-flower-by-kenzo-poppy-bouquet-edt-30-ml\/#primaryimage"},"thumbnailUrl":"https:\/\/storage.googleapis.com\/cz-shopatoa-img\/ro\/ea6020c8-unnamed-file.webp","datePublished":"2025-04-28T20:55:25+00:00","dateModified":"2025-12-09T04:34:51+00:00","breadcrumb":{"@id":"https:\/\/shopatoa.com\/ro\/kenzo-flower-by-kenzo-poppy-bouquet-edt-30-ml\/#breadcrumb"},"inLanguage":"ro-RO","potentialAction":[{"@type":"ReadAction","target":["https:\/\/shopatoa.com\/ro\/kenzo-flower-by-kenzo-poppy-bouquet-edt-30-ml\/"]}]},{"@type":"ImageObject","inLanguage":"ro-RO","@id":"https:\/\/shopatoa.com\/ro\/kenzo-flower-by-kenzo-poppy-bouquet-edt-30-ml\/#primaryimage","url":"https:\/\/storage.googleapis.com\/cz-shopatoa-img\/ro\/ea6020c8-unnamed-file.webp","contentUrl":"https:\/\/storage.googleapis.com\/cz-shopatoa-img\/ro\/ea6020c8-unnamed-file.webp","width":800,"height":800},{"@type":"BreadcrumbList","@id":"https:\/\/shopatoa.com\/ro\/kenzo-flower-by-kenzo-poppy-bouquet-edt-30-ml\/#breadcrumb","itemListElement":[{"@type":"ListItem","position":1,"name":"Dom\u016f","item":"https:\/\/shopatoa.com\/ro\/"},{"@type":"ListItem","position":2,"name":"Shop","item":"https:\/\/shopatoa.com\/ro\/shop\/"},{"@type":"ListItem","position":3,"name":"Parfumuri","item":"https:\/\/shopatoa.com\/ro\/parfumuri\/"},{"@type":"ListItem","position":4,"name":"Ape de toalet\u0103 (EDT)","item":"https:\/\/shopatoa.com\/ro\/ape-de-toaleta-edt\/"},{"@type":"ListItem","position":5,"name":"Kenzo Flower By Kenzo Poppy Bouquet &#8211; EDT 30 ml"}]},{"@type":"WebSite","@id":"https:\/\/shopatoa.com\/ro\/#website","url":"https:\/\/shopatoa.com\/ro\/","name":"SHOPATOA","description":"","publisher":{"@id":"https:\/\/shopatoa.com\/ro\/#organization"},"potentialAction":[{"@type":"SearchAction","target":{"@type":"EntryPoint","urlTemplate":"https:\/\/shopatoa.com\/ro\/?s={search_term_string}"},"query-input":{"@type":"PropertyValueSpecification","valueRequired":true,"valueName":"search_term_string"}}],"inLanguage":"ro-RO"},{"@type":"Organization","@id":"https:\/\/shopatoa.com\/ro\/#organization","name":"SHOPATOA","url":"https:\/\/shopatoa.com\/ro\/","logo":{"@type":"ImageObject","inLanguage":"ro-RO","@id":"https:\/\/shopatoa.com\/ro\/#\/schema\/logo\/image\/","url":"https:\/\/storage.googleapis.com\/cz-shopatoa-img\/ro\/b4dac915-shopatoa_logo.png","contentUrl":"https:\/\/storage.googleapis.com\/cz-shopatoa-img\/ro\/b4dac915-shopatoa_logo.png","width":416,"height":63,"caption":"SHOPATOA"},"image":{"@id":"https:\/\/shopatoa.com\/ro\/#\/schema\/logo\/image\/"}}]}},"_links":{"self":[{"href":"https:\/\/shopatoa.com\/ro\/wp-json\/wp\/v2\/product\/268195","targetHints":{"allow":["GET"]}}],"collection":[{"href":"https:\/\/shopatoa.com\/ro\/wp-json\/wp\/v2\/product"}],"about":[{"href":"https:\/\/shopatoa.com\/ro\/wp-json\/wp\/v2\/types\/product"}],"replies":[{"embeddable":true,"href":"https:\/\/shopatoa.com\/ro\/wp-json\/wp\/v2\/comments?post=268195"}],"wp:featuredmedia":[{"embeddable":true,"href":"https:\/\/shopatoa.com\/ro\/wp-json\/wp\/v2\/media\/268196"}],"wp:attachment":[{"href":"https:\/\/shopatoa.com\/ro\/wp-json\/wp\/v2\/media?parent=268195"}],"wp:term":[{"taxonomy":"product_brand","embeddable":true,"href":"https:\/\/shopatoa.com\/ro\/wp-json\/wp\/v2\/product_brand?post=268195"},{"taxonomy":"product_cat","embeddable":true,"href":"https:\/\/shopatoa.com\/ro\/wp-json\/wp\/v2\/product_cat?post=268195"},{"taxonomy":"product_tag","embeddable":true,"href":"https:\/\/shopatoa.com\/ro\/wp-json\/wp\/v2\/product_tag?post=268195"}],"curies":[{"name":"wp","href":"https:\/\/api.w.org\/{rel}","templated":true}]}}