{"id":268356,"date":"2025-04-28T23:36:52","date_gmt":"2025-04-28T21:36:52","guid":{"rendered":"https:\/\/shopatoa.com\/ro\/nars-spray-de-fixare-light-reflecting-make-up-setting-mist-90-ml\/"},"modified":"2025-12-09T05:14:22","modified_gmt":"2025-12-09T04:14:22","slug":"nars-spray-de-fixare-light-reflecting-make-up-setting-mist-90-ml","status":"publish","type":"product","link":"https:\/\/shopatoa.com\/ro\/nars-spray-de-fixare-light-reflecting-make-up-setting-mist-90-ml\/","title":{"rendered":"NARS Spray de fixare Light Reflecting (Make-up Setting Mist) 90 ml"},"content":{"rendered":"<p>Spray-ul de fixare con\u021bine un amestec de ingrediente care capteaz\u0103 \u0219i reflect\u0103 lumina. Nu numai c\u0103 fixeaz\u0103 machiajul, ci ofer\u0103 \u0219i o str\u0103lucire moale \u0219i s\u0103n\u0103toas\u0103. Formula u\u0219oar\u0103 \u0219i r\u0103coritoare ajut\u0103 la controlul sebumului, astfel \u00eenc\u00e2t pielea s\u0103 r\u0103m\u00e2n\u0103 hidratat\u0103 toat\u0103 ziua. Este potrivit pentru toate tipurile de ten \u0219i asigur\u0103 un machiaj impecabil care rezist\u0103.<\/p>\n","protected":false},"excerpt":{"rendered":"<p>Spray-ul de fixare con\u021bine un amestec de ingrediente care capteaz\u0103 \u0219i reflect\u0103 lumina. Nu numai c\u0103 fixeaz\u0103 machiajul, ci ofer\u0103 \u0219i o str\u0103lucire moale \u0219i s\u0103n\u0103toas\u0103. Formula u\u0219oar\u0103 \u0219i r\u0103coritoare ajut\u0103 la controlul sebumului, astfel \u00eenc\u00e2t pielea s\u0103 r\u0103m\u00e2n\u0103 hidratat\u0103 toat\u0103 ziua. Este potrivit pentru toate tipurile de ten \u0219i asigur\u0103 un machiaj impecabil care&#8230;<\/p>\n","protected":false},"featured_media":268357,"comment_status":"closed","ping_status":"open","template":"","meta":{"_acf_changed":false,"_kadence_starter_templates_imported_post":false,"_kad_post_transparent":"","_kad_post_title":"","_kad_post_layout":"","_kad_post_sidebar_id":"","_kad_post_content_style":"","_kad_post_vertical_padding":"","_kad_post_feature":"","_kad_post_feature_position":"","_kad_post_header":false,"_kad_post_footer":false,"_kad_post_classname":""},"product_brand":[458],"product_cat":[246,609,616,750],"product_tag":[],"class_list":{"0":"post-268356","1":"product","2":"type-product","3":"status-publish","4":"has-post-thumbnail","6":"product_brand-nars","7":"product_cat-cosmetice","8":"product_cat-cosmetice-decorative","9":"product_cat-machiaj-pentru-fata","10":"product_cat-spray-de-setare","12":"first","13":"instock","14":"sale","15":"product-type-external","16":"entry","17":"content-bg","18":"loop-entry"},"acf":[],"yoast_head":"<!-- This site is optimized with the Yoast SEO plugin v27.3 - https:\/\/yoast.com\/product\/yoast-seo-wordpress\/ -->\n<title>NARS Spray de fixare Light Reflecting (Make-up Setting Mist) 90 ml - SHOPATOA.COM<\/title>\n<meta name=\"robots\" content=\"index, follow, max-snippet:-1, max-image-preview:large, max-video-preview:-1\" \/>\n<link rel=\"canonical\" href=\"https:\/\/shopatoa.com\/ro\/nars-spray-de-fixare-light-reflecting-make-up-setting-mist-90-ml\/\" \/>\n<meta property=\"og:locale\" content=\"ro_RO\" \/>\n<meta property=\"og:type\" content=\"article\" \/>\n<meta property=\"og:title\" content=\"NARS Spray de fixare Light Reflecting (Make-up Setting Mist) 90 ml - SHOPATOA.COM\" \/>\n<meta property=\"og:description\" content=\"Spray-ul de fixare con\u021bine un amestec de ingrediente care capteaz\u0103 \u0219i reflect\u0103 lumina. Nu numai c\u0103 fixeaz\u0103 machiajul, ci ofer\u0103 \u0219i o str\u0103lucire moale \u0219i s\u0103n\u0103toas\u0103. Formula u\u0219oar\u0103 \u0219i r\u0103coritoare ajut\u0103 la controlul sebumului, astfel \u00eenc\u00e2t pielea s\u0103 r\u0103m\u00e2n\u0103 hidratat\u0103 toat\u0103 ziua. Este potrivit pentru toate tipurile de ten \u0219i asigur\u0103 un machiaj impecabil care...\" \/>\n<meta property=\"og:url\" content=\"https:\/\/shopatoa.com\/ro\/nars-spray-de-fixare-light-reflecting-make-up-setting-mist-90-ml\/\" \/>\n<meta property=\"og:site_name\" content=\"SHOPATOA\" \/>\n<meta property=\"article:modified_time\" content=\"2025-12-09T04:14:22+00:00\" \/>\n<meta property=\"og:image\" content=\"https:\/\/storage.googleapis.com\/cz-shopatoa-img\/ro\/98245a0d-unnamed-file.webp\" \/>\n\t<meta property=\"og:image:width\" content=\"800\" \/>\n\t<meta property=\"og:image:height\" content=\"800\" \/>\n\t<meta property=\"og:image:type\" content=\"image\/webp\" \/>\n<meta name=\"twitter:card\" content=\"summary_large_image\" \/>\n<script type=\"application\/ld+json\" class=\"yoast-schema-graph\">{\"@context\":\"https:\\\/\\\/schema.org\",\"@graph\":[{\"@type\":\"WebPage\",\"@id\":\"https:\\\/\\\/shopatoa.com\\\/ro\\\/nars-spray-de-fixare-light-reflecting-make-up-setting-mist-90-ml\\\/\",\"url\":\"https:\\\/\\\/shopatoa.com\\\/ro\\\/nars-spray-de-fixare-light-reflecting-make-up-setting-mist-90-ml\\\/\",\"name\":\"NARS Spray de fixare Light Reflecting (Make-up Setting Mist) 90 ml - SHOPATOA.COM\",\"isPartOf\":{\"@id\":\"https:\\\/\\\/shopatoa.com\\\/ro\\\/#website\"},\"primaryImageOfPage\":{\"@id\":\"https:\\\/\\\/shopatoa.com\\\/ro\\\/nars-spray-de-fixare-light-reflecting-make-up-setting-mist-90-ml\\\/#primaryimage\"},\"image\":{\"@id\":\"https:\\\/\\\/shopatoa.com\\\/ro\\\/nars-spray-de-fixare-light-reflecting-make-up-setting-mist-90-ml\\\/#primaryimage\"},\"thumbnailUrl\":\"https:\\\/\\\/storage.googleapis.com\\\/cz-shopatoa-img\\\/ro\\\/98245a0d-unnamed-file.webp\",\"datePublished\":\"2025-04-28T21:36:52+00:00\",\"dateModified\":\"2025-12-09T04:14:22+00:00\",\"breadcrumb\":{\"@id\":\"https:\\\/\\\/shopatoa.com\\\/ro\\\/nars-spray-de-fixare-light-reflecting-make-up-setting-mist-90-ml\\\/#breadcrumb\"},\"inLanguage\":\"ro-RO\",\"potentialAction\":[{\"@type\":\"ReadAction\",\"target\":[\"https:\\\/\\\/shopatoa.com\\\/ro\\\/nars-spray-de-fixare-light-reflecting-make-up-setting-mist-90-ml\\\/\"]}]},{\"@type\":\"ImageObject\",\"inLanguage\":\"ro-RO\",\"@id\":\"https:\\\/\\\/shopatoa.com\\\/ro\\\/nars-spray-de-fixare-light-reflecting-make-up-setting-mist-90-ml\\\/#primaryimage\",\"url\":\"https:\\\/\\\/storage.googleapis.com\\\/cz-shopatoa-img\\\/ro\\\/98245a0d-unnamed-file.webp\",\"contentUrl\":\"https:\\\/\\\/storage.googleapis.com\\\/cz-shopatoa-img\\\/ro\\\/98245a0d-unnamed-file.webp\",\"width\":800,\"height\":800},{\"@type\":\"BreadcrumbList\",\"@id\":\"https:\\\/\\\/shopatoa.com\\\/ro\\\/nars-spray-de-fixare-light-reflecting-make-up-setting-mist-90-ml\\\/#breadcrumb\",\"itemListElement\":[{\"@type\":\"ListItem\",\"position\":1,\"name\":\"Dom\u016f\",\"item\":\"https:\\\/\\\/shopatoa.com\\\/ro\\\/\"},{\"@type\":\"ListItem\",\"position\":2,\"name\":\"Shop\",\"item\":\"https:\\\/\\\/shopatoa.com\\\/ro\\\/shop\\\/\"},{\"@type\":\"ListItem\",\"position\":3,\"name\":\"Cosmetice\",\"item\":\"https:\\\/\\\/shopatoa.com\\\/ro\\\/cosmetice\\\/\"},{\"@type\":\"ListItem\",\"position\":4,\"name\":\"Cosmetice decorative\",\"item\":\"https:\\\/\\\/shopatoa.com\\\/ro\\\/cosmetice-decorative\\\/\"},{\"@type\":\"ListItem\",\"position\":5,\"name\":\"Machiaj pentru fa\u021ba\",\"item\":\"https:\\\/\\\/shopatoa.com\\\/ro\\\/machiaj-pentru-fata\\\/\"},{\"@type\":\"ListItem\",\"position\":6,\"name\":\"Spray de setare\",\"item\":\"https:\\\/\\\/shopatoa.com\\\/ro\\\/spray-de-setare\\\/\"},{\"@type\":\"ListItem\",\"position\":7,\"name\":\"NARS Spray de fixare Light Reflecting (Make-up Setting Mist) 90 ml\"}]},{\"@type\":\"WebSite\",\"@id\":\"https:\\\/\\\/shopatoa.com\\\/ro\\\/#website\",\"url\":\"https:\\\/\\\/shopatoa.com\\\/ro\\\/\",\"name\":\"SHOPATOA\",\"description\":\"\",\"publisher\":{\"@id\":\"https:\\\/\\\/shopatoa.com\\\/ro\\\/#organization\"},\"potentialAction\":[{\"@type\":\"SearchAction\",\"target\":{\"@type\":\"EntryPoint\",\"urlTemplate\":\"https:\\\/\\\/shopatoa.com\\\/ro\\\/?s={search_term_string}\"},\"query-input\":{\"@type\":\"PropertyValueSpecification\",\"valueRequired\":true,\"valueName\":\"search_term_string\"}}],\"inLanguage\":\"ro-RO\"},{\"@type\":\"Organization\",\"@id\":\"https:\\\/\\\/shopatoa.com\\\/ro\\\/#organization\",\"name\":\"SHOPATOA\",\"url\":\"https:\\\/\\\/shopatoa.com\\\/ro\\\/\",\"logo\":{\"@type\":\"ImageObject\",\"inLanguage\":\"ro-RO\",\"@id\":\"https:\\\/\\\/shopatoa.com\\\/ro\\\/#\\\/schema\\\/logo\\\/image\\\/\",\"url\":\"https:\\\/\\\/storage.googleapis.com\\\/cz-shopatoa-img\\\/ro\\\/b4dac915-shopatoa_logo.png\",\"contentUrl\":\"https:\\\/\\\/storage.googleapis.com\\\/cz-shopatoa-img\\\/ro\\\/b4dac915-shopatoa_logo.png\",\"width\":416,\"height\":63,\"caption\":\"SHOPATOA\"},\"image\":{\"@id\":\"https:\\\/\\\/shopatoa.com\\\/ro\\\/#\\\/schema\\\/logo\\\/image\\\/\"}}]}<\/script>\n<!-- \/ Yoast SEO plugin. -->","yoast_head_json":{"title":"NARS Spray de fixare Light Reflecting (Make-up Setting Mist) 90 ml - SHOPATOA.COM","robots":{"index":"index","follow":"follow","max-snippet":"max-snippet:-1","max-image-preview":"max-image-preview:large","max-video-preview":"max-video-preview:-1"},"canonical":"https:\/\/shopatoa.com\/ro\/nars-spray-de-fixare-light-reflecting-make-up-setting-mist-90-ml\/","og_locale":"ro_RO","og_type":"article","og_title":"NARS Spray de fixare Light Reflecting (Make-up Setting Mist) 90 ml - SHOPATOA.COM","og_description":"Spray-ul de fixare con\u021bine un amestec de ingrediente care capteaz\u0103 \u0219i reflect\u0103 lumina. Nu numai c\u0103 fixeaz\u0103 machiajul, ci ofer\u0103 \u0219i o str\u0103lucire moale \u0219i s\u0103n\u0103toas\u0103. Formula u\u0219oar\u0103 \u0219i r\u0103coritoare ajut\u0103 la controlul sebumului, astfel \u00eenc\u00e2t pielea s\u0103 r\u0103m\u00e2n\u0103 hidratat\u0103 toat\u0103 ziua. Este potrivit pentru toate tipurile de ten \u0219i asigur\u0103 un machiaj impecabil care...","og_url":"https:\/\/shopatoa.com\/ro\/nars-spray-de-fixare-light-reflecting-make-up-setting-mist-90-ml\/","og_site_name":"SHOPATOA","article_modified_time":"2025-12-09T04:14:22+00:00","og_image":[{"width":800,"height":800,"url":"https:\/\/storage.googleapis.com\/cz-shopatoa-img\/ro\/98245a0d-unnamed-file.webp","type":"image\/webp"}],"twitter_card":"summary_large_image","schema":{"@context":"https:\/\/schema.org","@graph":[{"@type":"WebPage","@id":"https:\/\/shopatoa.com\/ro\/nars-spray-de-fixare-light-reflecting-make-up-setting-mist-90-ml\/","url":"https:\/\/shopatoa.com\/ro\/nars-spray-de-fixare-light-reflecting-make-up-setting-mist-90-ml\/","name":"NARS Spray de fixare Light Reflecting (Make-up Setting Mist) 90 ml - SHOPATOA.COM","isPartOf":{"@id":"https:\/\/shopatoa.com\/ro\/#website"},"primaryImageOfPage":{"@id":"https:\/\/shopatoa.com\/ro\/nars-spray-de-fixare-light-reflecting-make-up-setting-mist-90-ml\/#primaryimage"},"image":{"@id":"https:\/\/shopatoa.com\/ro\/nars-spray-de-fixare-light-reflecting-make-up-setting-mist-90-ml\/#primaryimage"},"thumbnailUrl":"https:\/\/storage.googleapis.com\/cz-shopatoa-img\/ro\/98245a0d-unnamed-file.webp","datePublished":"2025-04-28T21:36:52+00:00","dateModified":"2025-12-09T04:14:22+00:00","breadcrumb":{"@id":"https:\/\/shopatoa.com\/ro\/nars-spray-de-fixare-light-reflecting-make-up-setting-mist-90-ml\/#breadcrumb"},"inLanguage":"ro-RO","potentialAction":[{"@type":"ReadAction","target":["https:\/\/shopatoa.com\/ro\/nars-spray-de-fixare-light-reflecting-make-up-setting-mist-90-ml\/"]}]},{"@type":"ImageObject","inLanguage":"ro-RO","@id":"https:\/\/shopatoa.com\/ro\/nars-spray-de-fixare-light-reflecting-make-up-setting-mist-90-ml\/#primaryimage","url":"https:\/\/storage.googleapis.com\/cz-shopatoa-img\/ro\/98245a0d-unnamed-file.webp","contentUrl":"https:\/\/storage.googleapis.com\/cz-shopatoa-img\/ro\/98245a0d-unnamed-file.webp","width":800,"height":800},{"@type":"BreadcrumbList","@id":"https:\/\/shopatoa.com\/ro\/nars-spray-de-fixare-light-reflecting-make-up-setting-mist-90-ml\/#breadcrumb","itemListElement":[{"@type":"ListItem","position":1,"name":"Dom\u016f","item":"https:\/\/shopatoa.com\/ro\/"},{"@type":"ListItem","position":2,"name":"Shop","item":"https:\/\/shopatoa.com\/ro\/shop\/"},{"@type":"ListItem","position":3,"name":"Cosmetice","item":"https:\/\/shopatoa.com\/ro\/cosmetice\/"},{"@type":"ListItem","position":4,"name":"Cosmetice decorative","item":"https:\/\/shopatoa.com\/ro\/cosmetice-decorative\/"},{"@type":"ListItem","position":5,"name":"Machiaj pentru fa\u021ba","item":"https:\/\/shopatoa.com\/ro\/machiaj-pentru-fata\/"},{"@type":"ListItem","position":6,"name":"Spray de setare","item":"https:\/\/shopatoa.com\/ro\/spray-de-setare\/"},{"@type":"ListItem","position":7,"name":"NARS Spray de fixare Light Reflecting (Make-up Setting Mist) 90 ml"}]},{"@type":"WebSite","@id":"https:\/\/shopatoa.com\/ro\/#website","url":"https:\/\/shopatoa.com\/ro\/","name":"SHOPATOA","description":"","publisher":{"@id":"https:\/\/shopatoa.com\/ro\/#organization"},"potentialAction":[{"@type":"SearchAction","target":{"@type":"EntryPoint","urlTemplate":"https:\/\/shopatoa.com\/ro\/?s={search_term_string}"},"query-input":{"@type":"PropertyValueSpecification","valueRequired":true,"valueName":"search_term_string"}}],"inLanguage":"ro-RO"},{"@type":"Organization","@id":"https:\/\/shopatoa.com\/ro\/#organization","name":"SHOPATOA","url":"https:\/\/shopatoa.com\/ro\/","logo":{"@type":"ImageObject","inLanguage":"ro-RO","@id":"https:\/\/shopatoa.com\/ro\/#\/schema\/logo\/image\/","url":"https:\/\/storage.googleapis.com\/cz-shopatoa-img\/ro\/b4dac915-shopatoa_logo.png","contentUrl":"https:\/\/storage.googleapis.com\/cz-shopatoa-img\/ro\/b4dac915-shopatoa_logo.png","width":416,"height":63,"caption":"SHOPATOA"},"image":{"@id":"https:\/\/shopatoa.com\/ro\/#\/schema\/logo\/image\/"}}]}},"_links":{"self":[{"href":"https:\/\/shopatoa.com\/ro\/wp-json\/wp\/v2\/product\/268356","targetHints":{"allow":["GET"]}}],"collection":[{"href":"https:\/\/shopatoa.com\/ro\/wp-json\/wp\/v2\/product"}],"about":[{"href":"https:\/\/shopatoa.com\/ro\/wp-json\/wp\/v2\/types\/product"}],"replies":[{"embeddable":true,"href":"https:\/\/shopatoa.com\/ro\/wp-json\/wp\/v2\/comments?post=268356"}],"wp:featuredmedia":[{"embeddable":true,"href":"https:\/\/shopatoa.com\/ro\/wp-json\/wp\/v2\/media\/268357"}],"wp:attachment":[{"href":"https:\/\/shopatoa.com\/ro\/wp-json\/wp\/v2\/media?parent=268356"}],"wp:term":[{"taxonomy":"product_brand","embeddable":true,"href":"https:\/\/shopatoa.com\/ro\/wp-json\/wp\/v2\/product_brand?post=268356"},{"taxonomy":"product_cat","embeddable":true,"href":"https:\/\/shopatoa.com\/ro\/wp-json\/wp\/v2\/product_cat?post=268356"},{"taxonomy":"product_tag","embeddable":true,"href":"https:\/\/shopatoa.com\/ro\/wp-json\/wp\/v2\/product_tag?post=268356"}],"curies":[{"name":"wp","href":"https:\/\/api.w.org\/{rel}","templated":true}]}}