{"id":268470,"date":"2025-04-29T00:02:00","date_gmt":"2025-04-28T22:02:00","guid":{"rendered":"https:\/\/shopatoa.com\/ro\/origins-crema-revigoranta-pentru-ochi-ginzing-refreshing-eye-cream-to-brighten-and-depuff-warm-15-ml\/"},"modified":"2025-12-09T04:55:16","modified_gmt":"2025-12-09T03:55:16","slug":"origins-crema-revigoranta-pentru-ochi-ginzing-refreshing-eye-cream-to-brighten-and-depuff-warm-15-ml","status":"publish","type":"product","link":"https:\/\/shopatoa.com\/ro\/origins-crema-revigoranta-pentru-ochi-ginzing-refreshing-eye-cream-to-brighten-and-depuff-warm-15-ml\/","title":{"rendered":"Origins Crem\u0103 revigorant\u0103 pentru ochi Ginzing (Refreshing Eye Cream to Brighten and Depuff Warm) 15 ml"},"content":{"rendered":"<p>Crema revigorant\u0103 pentru ochi lumineaz\u0103 imediat zona ochilor \u0219i ajut\u0103 la restabilirea str\u0103lucirii ochilor obosi\u021bi. Reduce cearc\u0103nele vizibile, pungile de sub ochi \u0219i umflarea. Nuan\u021ba WARM este ideal\u0103 pentru tonurile medii p\u00e2n\u0103 la profunde ale pielii \u0219i subtonurile mai calde.<\/p>\n","protected":false},"excerpt":{"rendered":"<p>Crema revigorant\u0103 pentru ochi lumineaz\u0103 imediat zona ochilor \u0219i ajut\u0103 la restabilirea str\u0103lucirii ochilor obosi\u021bi. Reduce cearc\u0103nele vizibile, pungile de sub ochi \u0219i umflarea. Nuan\u021ba WARM este ideal\u0103 pentru tonurile medii p\u00e2n\u0103 la profunde ale pielii \u0219i subtonurile mai calde.<\/p>\n","protected":false},"featured_media":268471,"comment_status":"closed","ping_status":"open","template":"","meta":{"_acf_changed":false,"_kadence_starter_templates_imported_post":false,"_kad_post_transparent":"","_kad_post_title":"","_kad_post_layout":"","_kad_post_sidebar_id":"","_kad_post_content_style":"","_kad_post_vertical_padding":"","_kad_post_feature":"","_kad_post_feature_position":"","_kad_post_header":false,"_kad_post_footer":false,"_kad_post_classname":""},"product_brand":[162],"product_cat":[246,674,633],"product_tag":[],"class_list":{"0":"post-268470","1":"product","2":"type-product","3":"status-publish","4":"has-post-thumbnail","6":"product_brand-origins","7":"product_cat-cosmetice","8":"product_cat-ingrijirea-ochilor-cosmetica","9":"product_cat-produse-cosmetice-pentru-piele","11":"first","12":"instock","13":"sale","14":"product-type-external","15":"entry","16":"content-bg","17":"loop-entry"},"acf":[],"yoast_head":"<!-- This site is optimized with the Yoast SEO plugin v27.3 - https:\/\/yoast.com\/product\/yoast-seo-wordpress\/ -->\n<title>Origins Crem\u0103 revigorant\u0103 pentru ochi Ginzing (Refreshing Eye Cream to Brighten and Depuff Warm) 15 ml - SHOPATOA.COM<\/title>\n<meta name=\"robots\" content=\"index, follow, max-snippet:-1, max-image-preview:large, max-video-preview:-1\" \/>\n<link rel=\"canonical\" href=\"https:\/\/shopatoa.com\/ro\/origins-crema-revigoranta-pentru-ochi-ginzing-refreshing-eye-cream-to-brighten-and-depuff-warm-15-ml\/\" \/>\n<meta property=\"og:locale\" content=\"ro_RO\" \/>\n<meta property=\"og:type\" content=\"article\" \/>\n<meta property=\"og:title\" content=\"Origins Crem\u0103 revigorant\u0103 pentru ochi Ginzing (Refreshing Eye Cream to Brighten and Depuff Warm) 15 ml - SHOPATOA.COM\" \/>\n<meta property=\"og:description\" content=\"Crema revigorant\u0103 pentru ochi lumineaz\u0103 imediat zona ochilor \u0219i ajut\u0103 la restabilirea str\u0103lucirii ochilor obosi\u021bi. Reduce cearc\u0103nele vizibile, pungile de sub ochi \u0219i umflarea. Nuan\u021ba WARM este ideal\u0103 pentru tonurile medii p\u00e2n\u0103 la profunde ale pielii \u0219i subtonurile mai calde.\" \/>\n<meta property=\"og:url\" content=\"https:\/\/shopatoa.com\/ro\/origins-crema-revigoranta-pentru-ochi-ginzing-refreshing-eye-cream-to-brighten-and-depuff-warm-15-ml\/\" \/>\n<meta property=\"og:site_name\" content=\"SHOPATOA\" \/>\n<meta property=\"article:modified_time\" content=\"2025-12-09T03:55:16+00:00\" \/>\n<meta property=\"og:image\" content=\"https:\/\/storage.googleapis.com\/cz-shopatoa-img\/ro\/9fef5a6b-unnamed-file.webp\" \/>\n\t<meta property=\"og:image:width\" content=\"800\" \/>\n\t<meta property=\"og:image:height\" content=\"800\" \/>\n\t<meta property=\"og:image:type\" content=\"image\/webp\" \/>\n<meta name=\"twitter:card\" content=\"summary_large_image\" \/>\n<script type=\"application\/ld+json\" class=\"yoast-schema-graph\">{\"@context\":\"https:\\\/\\\/schema.org\",\"@graph\":[{\"@type\":\"WebPage\",\"@id\":\"https:\\\/\\\/shopatoa.com\\\/ro\\\/origins-crema-revigoranta-pentru-ochi-ginzing-refreshing-eye-cream-to-brighten-and-depuff-warm-15-ml\\\/\",\"url\":\"https:\\\/\\\/shopatoa.com\\\/ro\\\/origins-crema-revigoranta-pentru-ochi-ginzing-refreshing-eye-cream-to-brighten-and-depuff-warm-15-ml\\\/\",\"name\":\"Origins Crem\u0103 revigorant\u0103 pentru ochi Ginzing (Refreshing Eye Cream to Brighten and Depuff Warm) 15 ml - SHOPATOA.COM\",\"isPartOf\":{\"@id\":\"https:\\\/\\\/shopatoa.com\\\/ro\\\/#website\"},\"primaryImageOfPage\":{\"@id\":\"https:\\\/\\\/shopatoa.com\\\/ro\\\/origins-crema-revigoranta-pentru-ochi-ginzing-refreshing-eye-cream-to-brighten-and-depuff-warm-15-ml\\\/#primaryimage\"},\"image\":{\"@id\":\"https:\\\/\\\/shopatoa.com\\\/ro\\\/origins-crema-revigoranta-pentru-ochi-ginzing-refreshing-eye-cream-to-brighten-and-depuff-warm-15-ml\\\/#primaryimage\"},\"thumbnailUrl\":\"https:\\\/\\\/storage.googleapis.com\\\/cz-shopatoa-img\\\/ro\\\/9fef5a6b-unnamed-file.webp\",\"datePublished\":\"2025-04-28T22:02:00+00:00\",\"dateModified\":\"2025-12-09T03:55:16+00:00\",\"breadcrumb\":{\"@id\":\"https:\\\/\\\/shopatoa.com\\\/ro\\\/origins-crema-revigoranta-pentru-ochi-ginzing-refreshing-eye-cream-to-brighten-and-depuff-warm-15-ml\\\/#breadcrumb\"},\"inLanguage\":\"ro-RO\",\"potentialAction\":[{\"@type\":\"ReadAction\",\"target\":[\"https:\\\/\\\/shopatoa.com\\\/ro\\\/origins-crema-revigoranta-pentru-ochi-ginzing-refreshing-eye-cream-to-brighten-and-depuff-warm-15-ml\\\/\"]}]},{\"@type\":\"ImageObject\",\"inLanguage\":\"ro-RO\",\"@id\":\"https:\\\/\\\/shopatoa.com\\\/ro\\\/origins-crema-revigoranta-pentru-ochi-ginzing-refreshing-eye-cream-to-brighten-and-depuff-warm-15-ml\\\/#primaryimage\",\"url\":\"https:\\\/\\\/storage.googleapis.com\\\/cz-shopatoa-img\\\/ro\\\/9fef5a6b-unnamed-file.webp\",\"contentUrl\":\"https:\\\/\\\/storage.googleapis.com\\\/cz-shopatoa-img\\\/ro\\\/9fef5a6b-unnamed-file.webp\",\"width\":800,\"height\":800},{\"@type\":\"BreadcrumbList\",\"@id\":\"https:\\\/\\\/shopatoa.com\\\/ro\\\/origins-crema-revigoranta-pentru-ochi-ginzing-refreshing-eye-cream-to-brighten-and-depuff-warm-15-ml\\\/#breadcrumb\",\"itemListElement\":[{\"@type\":\"ListItem\",\"position\":1,\"name\":\"Dom\u016f\",\"item\":\"https:\\\/\\\/shopatoa.com\\\/ro\\\/\"},{\"@type\":\"ListItem\",\"position\":2,\"name\":\"Shop\",\"item\":\"https:\\\/\\\/shopatoa.com\\\/ro\\\/shop\\\/\"},{\"@type\":\"ListItem\",\"position\":3,\"name\":\"Cosmetice\",\"item\":\"https:\\\/\\\/shopatoa.com\\\/ro\\\/cosmetice\\\/\"},{\"@type\":\"ListItem\",\"position\":4,\"name\":\"Produse cosmetice pentru piele\",\"item\":\"https:\\\/\\\/shopatoa.com\\\/ro\\\/produse-cosmetice-pentru-piele\\\/\"},{\"@type\":\"ListItem\",\"position\":5,\"name\":\"\u00cengrijirea ochilor Cosmetic\u0103\",\"item\":\"https:\\\/\\\/shopatoa.com\\\/ro\\\/ingrijirea-ochilor-cosmetica\\\/\"},{\"@type\":\"ListItem\",\"position\":6,\"name\":\"Origins Crem\u0103 revigorant\u0103 pentru ochi Ginzing (Refreshing Eye Cream to Brighten and Depuff Warm) 15 ml\"}]},{\"@type\":\"WebSite\",\"@id\":\"https:\\\/\\\/shopatoa.com\\\/ro\\\/#website\",\"url\":\"https:\\\/\\\/shopatoa.com\\\/ro\\\/\",\"name\":\"SHOPATOA\",\"description\":\"\",\"publisher\":{\"@id\":\"https:\\\/\\\/shopatoa.com\\\/ro\\\/#organization\"},\"potentialAction\":[{\"@type\":\"SearchAction\",\"target\":{\"@type\":\"EntryPoint\",\"urlTemplate\":\"https:\\\/\\\/shopatoa.com\\\/ro\\\/?s={search_term_string}\"},\"query-input\":{\"@type\":\"PropertyValueSpecification\",\"valueRequired\":true,\"valueName\":\"search_term_string\"}}],\"inLanguage\":\"ro-RO\"},{\"@type\":\"Organization\",\"@id\":\"https:\\\/\\\/shopatoa.com\\\/ro\\\/#organization\",\"name\":\"SHOPATOA\",\"url\":\"https:\\\/\\\/shopatoa.com\\\/ro\\\/\",\"logo\":{\"@type\":\"ImageObject\",\"inLanguage\":\"ro-RO\",\"@id\":\"https:\\\/\\\/shopatoa.com\\\/ro\\\/#\\\/schema\\\/logo\\\/image\\\/\",\"url\":\"https:\\\/\\\/storage.googleapis.com\\\/cz-shopatoa-img\\\/ro\\\/b4dac915-shopatoa_logo.png\",\"contentUrl\":\"https:\\\/\\\/storage.googleapis.com\\\/cz-shopatoa-img\\\/ro\\\/b4dac915-shopatoa_logo.png\",\"width\":416,\"height\":63,\"caption\":\"SHOPATOA\"},\"image\":{\"@id\":\"https:\\\/\\\/shopatoa.com\\\/ro\\\/#\\\/schema\\\/logo\\\/image\\\/\"}}]}<\/script>\n<!-- \/ Yoast SEO plugin. -->","yoast_head_json":{"title":"Origins Crem\u0103 revigorant\u0103 pentru ochi Ginzing (Refreshing Eye Cream to Brighten and Depuff Warm) 15 ml - SHOPATOA.COM","robots":{"index":"index","follow":"follow","max-snippet":"max-snippet:-1","max-image-preview":"max-image-preview:large","max-video-preview":"max-video-preview:-1"},"canonical":"https:\/\/shopatoa.com\/ro\/origins-crema-revigoranta-pentru-ochi-ginzing-refreshing-eye-cream-to-brighten-and-depuff-warm-15-ml\/","og_locale":"ro_RO","og_type":"article","og_title":"Origins Crem\u0103 revigorant\u0103 pentru ochi Ginzing (Refreshing Eye Cream to Brighten and Depuff Warm) 15 ml - SHOPATOA.COM","og_description":"Crema revigorant\u0103 pentru ochi lumineaz\u0103 imediat zona ochilor \u0219i ajut\u0103 la restabilirea str\u0103lucirii ochilor obosi\u021bi. Reduce cearc\u0103nele vizibile, pungile de sub ochi \u0219i umflarea. Nuan\u021ba WARM este ideal\u0103 pentru tonurile medii p\u00e2n\u0103 la profunde ale pielii \u0219i subtonurile mai calde.","og_url":"https:\/\/shopatoa.com\/ro\/origins-crema-revigoranta-pentru-ochi-ginzing-refreshing-eye-cream-to-brighten-and-depuff-warm-15-ml\/","og_site_name":"SHOPATOA","article_modified_time":"2025-12-09T03:55:16+00:00","og_image":[{"width":800,"height":800,"url":"https:\/\/storage.googleapis.com\/cz-shopatoa-img\/ro\/9fef5a6b-unnamed-file.webp","type":"image\/webp"}],"twitter_card":"summary_large_image","schema":{"@context":"https:\/\/schema.org","@graph":[{"@type":"WebPage","@id":"https:\/\/shopatoa.com\/ro\/origins-crema-revigoranta-pentru-ochi-ginzing-refreshing-eye-cream-to-brighten-and-depuff-warm-15-ml\/","url":"https:\/\/shopatoa.com\/ro\/origins-crema-revigoranta-pentru-ochi-ginzing-refreshing-eye-cream-to-brighten-and-depuff-warm-15-ml\/","name":"Origins Crem\u0103 revigorant\u0103 pentru ochi Ginzing (Refreshing Eye Cream to Brighten and Depuff Warm) 15 ml - SHOPATOA.COM","isPartOf":{"@id":"https:\/\/shopatoa.com\/ro\/#website"},"primaryImageOfPage":{"@id":"https:\/\/shopatoa.com\/ro\/origins-crema-revigoranta-pentru-ochi-ginzing-refreshing-eye-cream-to-brighten-and-depuff-warm-15-ml\/#primaryimage"},"image":{"@id":"https:\/\/shopatoa.com\/ro\/origins-crema-revigoranta-pentru-ochi-ginzing-refreshing-eye-cream-to-brighten-and-depuff-warm-15-ml\/#primaryimage"},"thumbnailUrl":"https:\/\/storage.googleapis.com\/cz-shopatoa-img\/ro\/9fef5a6b-unnamed-file.webp","datePublished":"2025-04-28T22:02:00+00:00","dateModified":"2025-12-09T03:55:16+00:00","breadcrumb":{"@id":"https:\/\/shopatoa.com\/ro\/origins-crema-revigoranta-pentru-ochi-ginzing-refreshing-eye-cream-to-brighten-and-depuff-warm-15-ml\/#breadcrumb"},"inLanguage":"ro-RO","potentialAction":[{"@type":"ReadAction","target":["https:\/\/shopatoa.com\/ro\/origins-crema-revigoranta-pentru-ochi-ginzing-refreshing-eye-cream-to-brighten-and-depuff-warm-15-ml\/"]}]},{"@type":"ImageObject","inLanguage":"ro-RO","@id":"https:\/\/shopatoa.com\/ro\/origins-crema-revigoranta-pentru-ochi-ginzing-refreshing-eye-cream-to-brighten-and-depuff-warm-15-ml\/#primaryimage","url":"https:\/\/storage.googleapis.com\/cz-shopatoa-img\/ro\/9fef5a6b-unnamed-file.webp","contentUrl":"https:\/\/storage.googleapis.com\/cz-shopatoa-img\/ro\/9fef5a6b-unnamed-file.webp","width":800,"height":800},{"@type":"BreadcrumbList","@id":"https:\/\/shopatoa.com\/ro\/origins-crema-revigoranta-pentru-ochi-ginzing-refreshing-eye-cream-to-brighten-and-depuff-warm-15-ml\/#breadcrumb","itemListElement":[{"@type":"ListItem","position":1,"name":"Dom\u016f","item":"https:\/\/shopatoa.com\/ro\/"},{"@type":"ListItem","position":2,"name":"Shop","item":"https:\/\/shopatoa.com\/ro\/shop\/"},{"@type":"ListItem","position":3,"name":"Cosmetice","item":"https:\/\/shopatoa.com\/ro\/cosmetice\/"},{"@type":"ListItem","position":4,"name":"Produse cosmetice pentru piele","item":"https:\/\/shopatoa.com\/ro\/produse-cosmetice-pentru-piele\/"},{"@type":"ListItem","position":5,"name":"\u00cengrijirea ochilor Cosmetic\u0103","item":"https:\/\/shopatoa.com\/ro\/ingrijirea-ochilor-cosmetica\/"},{"@type":"ListItem","position":6,"name":"Origins Crem\u0103 revigorant\u0103 pentru ochi Ginzing (Refreshing Eye Cream to Brighten and Depuff Warm) 15 ml"}]},{"@type":"WebSite","@id":"https:\/\/shopatoa.com\/ro\/#website","url":"https:\/\/shopatoa.com\/ro\/","name":"SHOPATOA","description":"","publisher":{"@id":"https:\/\/shopatoa.com\/ro\/#organization"},"potentialAction":[{"@type":"SearchAction","target":{"@type":"EntryPoint","urlTemplate":"https:\/\/shopatoa.com\/ro\/?s={search_term_string}"},"query-input":{"@type":"PropertyValueSpecification","valueRequired":true,"valueName":"search_term_string"}}],"inLanguage":"ro-RO"},{"@type":"Organization","@id":"https:\/\/shopatoa.com\/ro\/#organization","name":"SHOPATOA","url":"https:\/\/shopatoa.com\/ro\/","logo":{"@type":"ImageObject","inLanguage":"ro-RO","@id":"https:\/\/shopatoa.com\/ro\/#\/schema\/logo\/image\/","url":"https:\/\/storage.googleapis.com\/cz-shopatoa-img\/ro\/b4dac915-shopatoa_logo.png","contentUrl":"https:\/\/storage.googleapis.com\/cz-shopatoa-img\/ro\/b4dac915-shopatoa_logo.png","width":416,"height":63,"caption":"SHOPATOA"},"image":{"@id":"https:\/\/shopatoa.com\/ro\/#\/schema\/logo\/image\/"}}]}},"_links":{"self":[{"href":"https:\/\/shopatoa.com\/ro\/wp-json\/wp\/v2\/product\/268470","targetHints":{"allow":["GET"]}}],"collection":[{"href":"https:\/\/shopatoa.com\/ro\/wp-json\/wp\/v2\/product"}],"about":[{"href":"https:\/\/shopatoa.com\/ro\/wp-json\/wp\/v2\/types\/product"}],"replies":[{"embeddable":true,"href":"https:\/\/shopatoa.com\/ro\/wp-json\/wp\/v2\/comments?post=268470"}],"wp:featuredmedia":[{"embeddable":true,"href":"https:\/\/shopatoa.com\/ro\/wp-json\/wp\/v2\/media\/268471"}],"wp:attachment":[{"href":"https:\/\/shopatoa.com\/ro\/wp-json\/wp\/v2\/media?parent=268470"}],"wp:term":[{"taxonomy":"product_brand","embeddable":true,"href":"https:\/\/shopatoa.com\/ro\/wp-json\/wp\/v2\/product_brand?post=268470"},{"taxonomy":"product_cat","embeddable":true,"href":"https:\/\/shopatoa.com\/ro\/wp-json\/wp\/v2\/product_cat?post=268470"},{"taxonomy":"product_tag","embeddable":true,"href":"https:\/\/shopatoa.com\/ro\/wp-json\/wp\/v2\/product_tag?post=268470"}],"curies":[{"name":"wp","href":"https:\/\/api.w.org\/{rel}","templated":true}]}}