{"id":268629,"date":"2025-04-29T00:40:30","date_gmt":"2025-04-28T22:40:30","guid":{"rendered":"https:\/\/shopatoa.com\/ro\/eucerin-crema-de-zi-tonifianta-spf-30-antipigment-tinted-cream-50-ml-light\/"},"modified":"2025-12-09T04:25:20","modified_gmt":"2025-12-09T03:25:20","slug":"eucerin-crema-de-zi-tonifianta-spf-30-antipigment-tinted-cream-50-ml-light","status":"publish","type":"product","link":"https:\/\/shopatoa.com\/ro\/eucerin-crema-de-zi-tonifianta-spf-30-antipigment-tinted-cream-50-ml-light\/","title":{"rendered":"Eucerin Crem\u0103 de zi tonifiant\u0103 SPF 30 Antipigment (Tinted Cream) 50 ml Light"},"content":{"rendered":"<p>Crema de zi acoper\u0103 \u0219i reduce eficient petele pigmentare \u0219i previne reapari\u021bia acestora. Ofer\u0103 pielii un aspect natural \u0219i instantaneu mai unificat. \u00cen acela\u0219i timp, hidrateaz\u0103 pielea \u0219i ofer\u0103 protec\u021bie \u00eempotriva razelor solare.<\/p>\n","protected":false},"excerpt":{"rendered":"<p>Crema de zi acoper\u0103 \u0219i reduce eficient petele pigmentare \u0219i previne reapari\u021bia acestora. Ofer\u0103 pielii un aspect natural \u0219i instantaneu mai unificat. \u00cen acela\u0219i timp, hidrateaz\u0103 pielea \u0219i ofer\u0103 protec\u021bie \u00eempotriva razelor solare.<\/p>\n","protected":false},"featured_media":268630,"comment_status":"closed","ping_status":"open","template":"","meta":{"_acf_changed":false,"_kadence_starter_templates_imported_post":false,"_kad_post_transparent":"","_kad_post_title":"","_kad_post_layout":"","_kad_post_sidebar_id":"","_kad_post_content_style":"","_kad_post_vertical_padding":"","_kad_post_feature":"","_kad_post_feature_position":"","_kad_post_header":false,"_kad_post_footer":false,"_kad_post_classname":""},"product_brand":[333],"product_cat":[246,609],"product_tag":[],"class_list":{"0":"post-268629","1":"product","2":"type-product","3":"status-publish","4":"has-post-thumbnail","6":"product_brand-eucerin","7":"product_cat-cosmetice","8":"product_cat-cosmetice-decorative","10":"first","11":"instock","12":"product-type-external","13":"entry","14":"content-bg","15":"loop-entry"},"acf":[],"yoast_head":"<!-- This site is optimized with the Yoast SEO plugin v27.3 - https:\/\/yoast.com\/product\/yoast-seo-wordpress\/ -->\n<title>Eucerin Crem\u0103 de zi tonifiant\u0103 SPF 30 Antipigment (Tinted Cream) 50 ml Light - SHOPATOA.COM<\/title>\n<meta name=\"robots\" content=\"index, follow, max-snippet:-1, max-image-preview:large, max-video-preview:-1\" \/>\n<link rel=\"canonical\" href=\"https:\/\/shopatoa.com\/ro\/eucerin-crema-de-zi-tonifianta-spf-30-antipigment-tinted-cream-50-ml-light\/\" \/>\n<meta property=\"og:locale\" content=\"ro_RO\" \/>\n<meta property=\"og:type\" content=\"article\" \/>\n<meta property=\"og:title\" content=\"Eucerin Crem\u0103 de zi tonifiant\u0103 SPF 30 Antipigment (Tinted Cream) 50 ml Light - SHOPATOA.COM\" \/>\n<meta property=\"og:description\" content=\"Crema de zi acoper\u0103 \u0219i reduce eficient petele pigmentare \u0219i previne reapari\u021bia acestora. Ofer\u0103 pielii un aspect natural \u0219i instantaneu mai unificat. \u00cen acela\u0219i timp, hidrateaz\u0103 pielea \u0219i ofer\u0103 protec\u021bie \u00eempotriva razelor solare.\" \/>\n<meta property=\"og:url\" content=\"https:\/\/shopatoa.com\/ro\/eucerin-crema-de-zi-tonifianta-spf-30-antipigment-tinted-cream-50-ml-light\/\" \/>\n<meta property=\"og:site_name\" content=\"SHOPATOA\" \/>\n<meta property=\"article:modified_time\" content=\"2025-12-09T03:25:20+00:00\" \/>\n<meta property=\"og:image\" content=\"https:\/\/storage.googleapis.com\/cz-shopatoa-img\/ro\/6d604f04-unnamed-file.webp\" \/>\n\t<meta property=\"og:image:width\" content=\"800\" \/>\n\t<meta property=\"og:image:height\" content=\"800\" \/>\n\t<meta property=\"og:image:type\" content=\"image\/webp\" \/>\n<meta name=\"twitter:card\" content=\"summary_large_image\" \/>\n<script type=\"application\/ld+json\" class=\"yoast-schema-graph\">{\"@context\":\"https:\\\/\\\/schema.org\",\"@graph\":[{\"@type\":\"WebPage\",\"@id\":\"https:\\\/\\\/shopatoa.com\\\/ro\\\/eucerin-crema-de-zi-tonifianta-spf-30-antipigment-tinted-cream-50-ml-light\\\/\",\"url\":\"https:\\\/\\\/shopatoa.com\\\/ro\\\/eucerin-crema-de-zi-tonifianta-spf-30-antipigment-tinted-cream-50-ml-light\\\/\",\"name\":\"Eucerin Crem\u0103 de zi tonifiant\u0103 SPF 30 Antipigment (Tinted Cream) 50 ml Light - SHOPATOA.COM\",\"isPartOf\":{\"@id\":\"https:\\\/\\\/shopatoa.com\\\/ro\\\/#website\"},\"primaryImageOfPage\":{\"@id\":\"https:\\\/\\\/shopatoa.com\\\/ro\\\/eucerin-crema-de-zi-tonifianta-spf-30-antipigment-tinted-cream-50-ml-light\\\/#primaryimage\"},\"image\":{\"@id\":\"https:\\\/\\\/shopatoa.com\\\/ro\\\/eucerin-crema-de-zi-tonifianta-spf-30-antipigment-tinted-cream-50-ml-light\\\/#primaryimage\"},\"thumbnailUrl\":\"https:\\\/\\\/storage.googleapis.com\\\/cz-shopatoa-img\\\/ro\\\/6d604f04-unnamed-file.webp\",\"datePublished\":\"2025-04-28T22:40:30+00:00\",\"dateModified\":\"2025-12-09T03:25:20+00:00\",\"breadcrumb\":{\"@id\":\"https:\\\/\\\/shopatoa.com\\\/ro\\\/eucerin-crema-de-zi-tonifianta-spf-30-antipigment-tinted-cream-50-ml-light\\\/#breadcrumb\"},\"inLanguage\":\"ro-RO\",\"potentialAction\":[{\"@type\":\"ReadAction\",\"target\":[\"https:\\\/\\\/shopatoa.com\\\/ro\\\/eucerin-crema-de-zi-tonifianta-spf-30-antipigment-tinted-cream-50-ml-light\\\/\"]}]},{\"@type\":\"ImageObject\",\"inLanguage\":\"ro-RO\",\"@id\":\"https:\\\/\\\/shopatoa.com\\\/ro\\\/eucerin-crema-de-zi-tonifianta-spf-30-antipigment-tinted-cream-50-ml-light\\\/#primaryimage\",\"url\":\"https:\\\/\\\/storage.googleapis.com\\\/cz-shopatoa-img\\\/ro\\\/6d604f04-unnamed-file.webp\",\"contentUrl\":\"https:\\\/\\\/storage.googleapis.com\\\/cz-shopatoa-img\\\/ro\\\/6d604f04-unnamed-file.webp\",\"width\":800,\"height\":800},{\"@type\":\"BreadcrumbList\",\"@id\":\"https:\\\/\\\/shopatoa.com\\\/ro\\\/eucerin-crema-de-zi-tonifianta-spf-30-antipigment-tinted-cream-50-ml-light\\\/#breadcrumb\",\"itemListElement\":[{\"@type\":\"ListItem\",\"position\":1,\"name\":\"Dom\u016f\",\"item\":\"https:\\\/\\\/shopatoa.com\\\/ro\\\/\"},{\"@type\":\"ListItem\",\"position\":2,\"name\":\"Shop\",\"item\":\"https:\\\/\\\/shopatoa.com\\\/ro\\\/shop\\\/\"},{\"@type\":\"ListItem\",\"position\":3,\"name\":\"Cosmetice\",\"item\":\"https:\\\/\\\/shopatoa.com\\\/ro\\\/cosmetice\\\/\"},{\"@type\":\"ListItem\",\"position\":4,\"name\":\"Cosmetice decorative\",\"item\":\"https:\\\/\\\/shopatoa.com\\\/ro\\\/cosmetice-decorative\\\/\"},{\"@type\":\"ListItem\",\"position\":5,\"name\":\"Eucerin Crem\u0103 de zi tonifiant\u0103 SPF 30 Antipigment (Tinted Cream) 50 ml Light\"}]},{\"@type\":\"WebSite\",\"@id\":\"https:\\\/\\\/shopatoa.com\\\/ro\\\/#website\",\"url\":\"https:\\\/\\\/shopatoa.com\\\/ro\\\/\",\"name\":\"SHOPATOA\",\"description\":\"\",\"publisher\":{\"@id\":\"https:\\\/\\\/shopatoa.com\\\/ro\\\/#organization\"},\"potentialAction\":[{\"@type\":\"SearchAction\",\"target\":{\"@type\":\"EntryPoint\",\"urlTemplate\":\"https:\\\/\\\/shopatoa.com\\\/ro\\\/?s={search_term_string}\"},\"query-input\":{\"@type\":\"PropertyValueSpecification\",\"valueRequired\":true,\"valueName\":\"search_term_string\"}}],\"inLanguage\":\"ro-RO\"},{\"@type\":\"Organization\",\"@id\":\"https:\\\/\\\/shopatoa.com\\\/ro\\\/#organization\",\"name\":\"SHOPATOA\",\"url\":\"https:\\\/\\\/shopatoa.com\\\/ro\\\/\",\"logo\":{\"@type\":\"ImageObject\",\"inLanguage\":\"ro-RO\",\"@id\":\"https:\\\/\\\/shopatoa.com\\\/ro\\\/#\\\/schema\\\/logo\\\/image\\\/\",\"url\":\"https:\\\/\\\/storage.googleapis.com\\\/cz-shopatoa-img\\\/ro\\\/b4dac915-shopatoa_logo.png\",\"contentUrl\":\"https:\\\/\\\/storage.googleapis.com\\\/cz-shopatoa-img\\\/ro\\\/b4dac915-shopatoa_logo.png\",\"width\":416,\"height\":63,\"caption\":\"SHOPATOA\"},\"image\":{\"@id\":\"https:\\\/\\\/shopatoa.com\\\/ro\\\/#\\\/schema\\\/logo\\\/image\\\/\"}}]}<\/script>\n<!-- \/ Yoast SEO plugin. -->","yoast_head_json":{"title":"Eucerin Crem\u0103 de zi tonifiant\u0103 SPF 30 Antipigment (Tinted Cream) 50 ml Light - SHOPATOA.COM","robots":{"index":"index","follow":"follow","max-snippet":"max-snippet:-1","max-image-preview":"max-image-preview:large","max-video-preview":"max-video-preview:-1"},"canonical":"https:\/\/shopatoa.com\/ro\/eucerin-crema-de-zi-tonifianta-spf-30-antipigment-tinted-cream-50-ml-light\/","og_locale":"ro_RO","og_type":"article","og_title":"Eucerin Crem\u0103 de zi tonifiant\u0103 SPF 30 Antipigment (Tinted Cream) 50 ml Light - SHOPATOA.COM","og_description":"Crema de zi acoper\u0103 \u0219i reduce eficient petele pigmentare \u0219i previne reapari\u021bia acestora. Ofer\u0103 pielii un aspect natural \u0219i instantaneu mai unificat. \u00cen acela\u0219i timp, hidrateaz\u0103 pielea \u0219i ofer\u0103 protec\u021bie \u00eempotriva razelor solare.","og_url":"https:\/\/shopatoa.com\/ro\/eucerin-crema-de-zi-tonifianta-spf-30-antipigment-tinted-cream-50-ml-light\/","og_site_name":"SHOPATOA","article_modified_time":"2025-12-09T03:25:20+00:00","og_image":[{"width":800,"height":800,"url":"https:\/\/storage.googleapis.com\/cz-shopatoa-img\/ro\/6d604f04-unnamed-file.webp","type":"image\/webp"}],"twitter_card":"summary_large_image","schema":{"@context":"https:\/\/schema.org","@graph":[{"@type":"WebPage","@id":"https:\/\/shopatoa.com\/ro\/eucerin-crema-de-zi-tonifianta-spf-30-antipigment-tinted-cream-50-ml-light\/","url":"https:\/\/shopatoa.com\/ro\/eucerin-crema-de-zi-tonifianta-spf-30-antipigment-tinted-cream-50-ml-light\/","name":"Eucerin Crem\u0103 de zi tonifiant\u0103 SPF 30 Antipigment (Tinted Cream) 50 ml Light - SHOPATOA.COM","isPartOf":{"@id":"https:\/\/shopatoa.com\/ro\/#website"},"primaryImageOfPage":{"@id":"https:\/\/shopatoa.com\/ro\/eucerin-crema-de-zi-tonifianta-spf-30-antipigment-tinted-cream-50-ml-light\/#primaryimage"},"image":{"@id":"https:\/\/shopatoa.com\/ro\/eucerin-crema-de-zi-tonifianta-spf-30-antipigment-tinted-cream-50-ml-light\/#primaryimage"},"thumbnailUrl":"https:\/\/storage.googleapis.com\/cz-shopatoa-img\/ro\/6d604f04-unnamed-file.webp","datePublished":"2025-04-28T22:40:30+00:00","dateModified":"2025-12-09T03:25:20+00:00","breadcrumb":{"@id":"https:\/\/shopatoa.com\/ro\/eucerin-crema-de-zi-tonifianta-spf-30-antipigment-tinted-cream-50-ml-light\/#breadcrumb"},"inLanguage":"ro-RO","potentialAction":[{"@type":"ReadAction","target":["https:\/\/shopatoa.com\/ro\/eucerin-crema-de-zi-tonifianta-spf-30-antipigment-tinted-cream-50-ml-light\/"]}]},{"@type":"ImageObject","inLanguage":"ro-RO","@id":"https:\/\/shopatoa.com\/ro\/eucerin-crema-de-zi-tonifianta-spf-30-antipigment-tinted-cream-50-ml-light\/#primaryimage","url":"https:\/\/storage.googleapis.com\/cz-shopatoa-img\/ro\/6d604f04-unnamed-file.webp","contentUrl":"https:\/\/storage.googleapis.com\/cz-shopatoa-img\/ro\/6d604f04-unnamed-file.webp","width":800,"height":800},{"@type":"BreadcrumbList","@id":"https:\/\/shopatoa.com\/ro\/eucerin-crema-de-zi-tonifianta-spf-30-antipigment-tinted-cream-50-ml-light\/#breadcrumb","itemListElement":[{"@type":"ListItem","position":1,"name":"Dom\u016f","item":"https:\/\/shopatoa.com\/ro\/"},{"@type":"ListItem","position":2,"name":"Shop","item":"https:\/\/shopatoa.com\/ro\/shop\/"},{"@type":"ListItem","position":3,"name":"Cosmetice","item":"https:\/\/shopatoa.com\/ro\/cosmetice\/"},{"@type":"ListItem","position":4,"name":"Cosmetice decorative","item":"https:\/\/shopatoa.com\/ro\/cosmetice-decorative\/"},{"@type":"ListItem","position":5,"name":"Eucerin Crem\u0103 de zi tonifiant\u0103 SPF 30 Antipigment (Tinted Cream) 50 ml Light"}]},{"@type":"WebSite","@id":"https:\/\/shopatoa.com\/ro\/#website","url":"https:\/\/shopatoa.com\/ro\/","name":"SHOPATOA","description":"","publisher":{"@id":"https:\/\/shopatoa.com\/ro\/#organization"},"potentialAction":[{"@type":"SearchAction","target":{"@type":"EntryPoint","urlTemplate":"https:\/\/shopatoa.com\/ro\/?s={search_term_string}"},"query-input":{"@type":"PropertyValueSpecification","valueRequired":true,"valueName":"search_term_string"}}],"inLanguage":"ro-RO"},{"@type":"Organization","@id":"https:\/\/shopatoa.com\/ro\/#organization","name":"SHOPATOA","url":"https:\/\/shopatoa.com\/ro\/","logo":{"@type":"ImageObject","inLanguage":"ro-RO","@id":"https:\/\/shopatoa.com\/ro\/#\/schema\/logo\/image\/","url":"https:\/\/storage.googleapis.com\/cz-shopatoa-img\/ro\/b4dac915-shopatoa_logo.png","contentUrl":"https:\/\/storage.googleapis.com\/cz-shopatoa-img\/ro\/b4dac915-shopatoa_logo.png","width":416,"height":63,"caption":"SHOPATOA"},"image":{"@id":"https:\/\/shopatoa.com\/ro\/#\/schema\/logo\/image\/"}}]}},"_links":{"self":[{"href":"https:\/\/shopatoa.com\/ro\/wp-json\/wp\/v2\/product\/268629","targetHints":{"allow":["GET"]}}],"collection":[{"href":"https:\/\/shopatoa.com\/ro\/wp-json\/wp\/v2\/product"}],"about":[{"href":"https:\/\/shopatoa.com\/ro\/wp-json\/wp\/v2\/types\/product"}],"replies":[{"embeddable":true,"href":"https:\/\/shopatoa.com\/ro\/wp-json\/wp\/v2\/comments?post=268629"}],"wp:featuredmedia":[{"embeddable":true,"href":"https:\/\/shopatoa.com\/ro\/wp-json\/wp\/v2\/media\/268630"}],"wp:attachment":[{"href":"https:\/\/shopatoa.com\/ro\/wp-json\/wp\/v2\/media?parent=268629"}],"wp:term":[{"taxonomy":"product_brand","embeddable":true,"href":"https:\/\/shopatoa.com\/ro\/wp-json\/wp\/v2\/product_brand?post=268629"},{"taxonomy":"product_cat","embeddable":true,"href":"https:\/\/shopatoa.com\/ro\/wp-json\/wp\/v2\/product_cat?post=268629"},{"taxonomy":"product_tag","embeddable":true,"href":"https:\/\/shopatoa.com\/ro\/wp-json\/wp\/v2\/product_tag?post=268629"}],"curies":[{"name":"wp","href":"https:\/\/api.w.org\/{rel}","templated":true}]}}