{"id":268810,"date":"2025-04-29T01:16:28","date_gmt":"2025-04-28T23:16:28","guid":{"rendered":"https:\/\/shopatoa.com\/ro\/rabanne-phantom-edt-50-ml\/"},"modified":"2025-12-09T03:54:40","modified_gmt":"2025-12-09T02:54:40","slug":"rabanne-phantom-edt-50-ml","status":"publish","type":"product","link":"https:\/\/shopatoa.com\/ro\/rabanne-phantom-edt-50-ml\/","title":{"rendered":"Rabanne Phantom &#8211; EDT 50 ml"},"content":{"rendered":"<p>Phantom, noul parfum aromatic futurist pentru b\u0103rba\u021bi de la Rabanne. Esen\u021ba \u00eencrederii \u0219i a energiei pozitive. Un parfum \u00eendr\u0103zne\u021b cu note de lavand\u0103 cremoas\u0103 care creeaz\u0103 dependen\u021b\u0103, a c\u0103rei arom\u0103 este esen\u021bial\u0103 pentru aceast\u0103 ap\u0103 de toalet\u0103. \u00cempreun\u0103 cu acesta, ve\u021bi fi orbite de fuziunea energizant\u0103 a l\u0103m\u00e2ii \u0219i a cojii de l\u0103m\u00e2ie. Inima combin\u0103 note fumurii \u0219i p\u0103m\u00e2ntii cu patchouli \u0219i m\u0103r verde. La baz\u0103, apare un parfum sexy de vanilie lemnoas\u0103 \u0219i vetiver luxuriant. Datorita acestui parfum masculin te vei sim\u021bi plin de energie \u0219i \u00eencredere. Varianta de 150 ml este re\u00eenc\u0103rcabil\u0103. Parfumul a fost lansat pe pia\u021b\u0103 \u00een anul 2021.<\/p>\n","protected":false},"excerpt":{"rendered":"<p>Phantom, noul parfum aromatic futurist pentru b\u0103rba\u021bi de la Rabanne. Esen\u021ba \u00eencrederii \u0219i a energiei pozitive. Un parfum \u00eendr\u0103zne\u021b cu note de lavand\u0103 cremoas\u0103 care creeaz\u0103 dependen\u021b\u0103, a c\u0103rei arom\u0103 este esen\u021bial\u0103 pentru aceast\u0103 ap\u0103 de toalet\u0103. \u00cempreun\u0103 cu acesta, ve\u021bi fi orbite de fuziunea energizant\u0103 a l\u0103m\u00e2ii \u0219i a cojii de l\u0103m\u00e2ie. Inima combin\u0103&#8230;<\/p>\n","protected":false},"featured_media":268811,"comment_status":"closed","ping_status":"open","template":"","meta":{"_acf_changed":false,"_kadence_starter_templates_imported_post":false,"_kad_post_transparent":"","_kad_post_title":"","_kad_post_layout":"","_kad_post_sidebar_id":"","_kad_post_content_style":"","_kad_post_vertical_padding":"","_kad_post_feature":"","_kad_post_feature_position":"","_kad_post_header":false,"_kad_post_footer":false,"_kad_post_classname":""},"product_brand":[33],"product_cat":[615,614],"product_tag":[],"class_list":{"0":"post-268810","1":"product","2":"type-product","3":"status-publish","4":"has-post-thumbnail","6":"product_brand-rabanne","7":"product_cat-ape-de-toaleta-edt","8":"product_cat-parfumuri","10":"first","11":"instock","12":"product-type-external","13":"entry","14":"content-bg","15":"loop-entry"},"acf":[],"yoast_head":"<!-- This site is optimized with the Yoast SEO plugin v27.4 - https:\/\/yoast.com\/product\/yoast-seo-wordpress\/ -->\n<title>Rabanne Phantom - EDT 50 ml - SHOPATOA.COM<\/title>\n<meta name=\"robots\" content=\"index, follow, max-snippet:-1, max-image-preview:large, max-video-preview:-1\" \/>\n<link rel=\"canonical\" href=\"https:\/\/shopatoa.com\/ro\/rabanne-phantom-edt-50-ml\/\" \/>\n<meta property=\"og:locale\" content=\"ro_RO\" \/>\n<meta property=\"og:type\" content=\"article\" \/>\n<meta property=\"og:title\" content=\"Rabanne Phantom - EDT 50 ml - SHOPATOA.COM\" \/>\n<meta property=\"og:description\" content=\"Phantom, noul parfum aromatic futurist pentru b\u0103rba\u021bi de la Rabanne. Esen\u021ba \u00eencrederii \u0219i a energiei pozitive. Un parfum \u00eendr\u0103zne\u021b cu note de lavand\u0103 cremoas\u0103 care creeaz\u0103 dependen\u021b\u0103, a c\u0103rei arom\u0103 este esen\u021bial\u0103 pentru aceast\u0103 ap\u0103 de toalet\u0103. \u00cempreun\u0103 cu acesta, ve\u021bi fi orbite de fuziunea energizant\u0103 a l\u0103m\u00e2ii \u0219i a cojii de l\u0103m\u00e2ie. Inima combin\u0103...\" \/>\n<meta property=\"og:url\" content=\"https:\/\/shopatoa.com\/ro\/rabanne-phantom-edt-50-ml\/\" \/>\n<meta property=\"og:site_name\" content=\"SHOPATOA\" \/>\n<meta property=\"article:modified_time\" content=\"2025-12-09T02:54:40+00:00\" \/>\n<meta property=\"og:image\" content=\"https:\/\/storage.googleapis.com\/cz-shopatoa-img\/ro\/02f25d3d-unnamed-file.webp\" \/>\n\t<meta property=\"og:image:width\" content=\"800\" \/>\n\t<meta property=\"og:image:height\" content=\"800\" \/>\n\t<meta property=\"og:image:type\" content=\"image\/webp\" \/>\n<meta name=\"twitter:card\" content=\"summary_large_image\" \/>\n<meta name=\"twitter:label1\" content=\"Timp estimat pentru citire\" \/>\n\t<meta name=\"twitter:data1\" content=\"1 minut\" \/>\n<script type=\"application\/ld+json\" class=\"yoast-schema-graph\">{\"@context\":\"https:\\\/\\\/schema.org\",\"@graph\":[{\"@type\":\"WebPage\",\"@id\":\"https:\\\/\\\/shopatoa.com\\\/ro\\\/rabanne-phantom-edt-50-ml\\\/\",\"url\":\"https:\\\/\\\/shopatoa.com\\\/ro\\\/rabanne-phantom-edt-50-ml\\\/\",\"name\":\"Rabanne Phantom - EDT 50 ml - SHOPATOA.COM\",\"isPartOf\":{\"@id\":\"https:\\\/\\\/shopatoa.com\\\/ro\\\/#website\"},\"primaryImageOfPage\":{\"@id\":\"https:\\\/\\\/shopatoa.com\\\/ro\\\/rabanne-phantom-edt-50-ml\\\/#primaryimage\"},\"image\":{\"@id\":\"https:\\\/\\\/shopatoa.com\\\/ro\\\/rabanne-phantom-edt-50-ml\\\/#primaryimage\"},\"thumbnailUrl\":\"https:\\\/\\\/storage.googleapis.com\\\/cz-shopatoa-img\\\/ro\\\/02f25d3d-unnamed-file.webp\",\"datePublished\":\"2025-04-28T23:16:28+00:00\",\"dateModified\":\"2025-12-09T02:54:40+00:00\",\"breadcrumb\":{\"@id\":\"https:\\\/\\\/shopatoa.com\\\/ro\\\/rabanne-phantom-edt-50-ml\\\/#breadcrumb\"},\"inLanguage\":\"ro-RO\",\"potentialAction\":[{\"@type\":\"ReadAction\",\"target\":[\"https:\\\/\\\/shopatoa.com\\\/ro\\\/rabanne-phantom-edt-50-ml\\\/\"]}]},{\"@type\":\"ImageObject\",\"inLanguage\":\"ro-RO\",\"@id\":\"https:\\\/\\\/shopatoa.com\\\/ro\\\/rabanne-phantom-edt-50-ml\\\/#primaryimage\",\"url\":\"https:\\\/\\\/storage.googleapis.com\\\/cz-shopatoa-img\\\/ro\\\/02f25d3d-unnamed-file.webp\",\"contentUrl\":\"https:\\\/\\\/storage.googleapis.com\\\/cz-shopatoa-img\\\/ro\\\/02f25d3d-unnamed-file.webp\",\"width\":800,\"height\":800},{\"@type\":\"BreadcrumbList\",\"@id\":\"https:\\\/\\\/shopatoa.com\\\/ro\\\/rabanne-phantom-edt-50-ml\\\/#breadcrumb\",\"itemListElement\":[{\"@type\":\"ListItem\",\"position\":1,\"name\":\"Dom\u016f\",\"item\":\"https:\\\/\\\/shopatoa.com\\\/ro\\\/\"},{\"@type\":\"ListItem\",\"position\":2,\"name\":\"Shop\",\"item\":\"https:\\\/\\\/shopatoa.com\\\/ro\\\/shop\\\/\"},{\"@type\":\"ListItem\",\"position\":3,\"name\":\"Parfumuri\",\"item\":\"https:\\\/\\\/shopatoa.com\\\/ro\\\/parfumuri\\\/\"},{\"@type\":\"ListItem\",\"position\":4,\"name\":\"Ape de toalet\u0103 (EDT)\",\"item\":\"https:\\\/\\\/shopatoa.com\\\/ro\\\/ape-de-toaleta-edt\\\/\"},{\"@type\":\"ListItem\",\"position\":5,\"name\":\"Rabanne Phantom &#8211; EDT 50 ml\"}]},{\"@type\":\"WebSite\",\"@id\":\"https:\\\/\\\/shopatoa.com\\\/ro\\\/#website\",\"url\":\"https:\\\/\\\/shopatoa.com\\\/ro\\\/\",\"name\":\"SHOPATOA\",\"description\":\"\",\"publisher\":{\"@id\":\"https:\\\/\\\/shopatoa.com\\\/ro\\\/#organization\"},\"potentialAction\":[{\"@type\":\"SearchAction\",\"target\":{\"@type\":\"EntryPoint\",\"urlTemplate\":\"https:\\\/\\\/shopatoa.com\\\/ro\\\/?s={search_term_string}\"},\"query-input\":{\"@type\":\"PropertyValueSpecification\",\"valueRequired\":true,\"valueName\":\"search_term_string\"}}],\"inLanguage\":\"ro-RO\"},{\"@type\":\"Organization\",\"@id\":\"https:\\\/\\\/shopatoa.com\\\/ro\\\/#organization\",\"name\":\"SHOPATOA\",\"url\":\"https:\\\/\\\/shopatoa.com\\\/ro\\\/\",\"logo\":{\"@type\":\"ImageObject\",\"inLanguage\":\"ro-RO\",\"@id\":\"https:\\\/\\\/shopatoa.com\\\/ro\\\/#\\\/schema\\\/logo\\\/image\\\/\",\"url\":\"https:\\\/\\\/storage.googleapis.com\\\/cz-shopatoa-img\\\/ro\\\/b4dac915-shopatoa_logo.png\",\"contentUrl\":\"https:\\\/\\\/storage.googleapis.com\\\/cz-shopatoa-img\\\/ro\\\/b4dac915-shopatoa_logo.png\",\"width\":416,\"height\":63,\"caption\":\"SHOPATOA\"},\"image\":{\"@id\":\"https:\\\/\\\/shopatoa.com\\\/ro\\\/#\\\/schema\\\/logo\\\/image\\\/\"}}]}<\/script>\n<!-- \/ Yoast SEO plugin. -->","yoast_head_json":{"title":"Rabanne Phantom - EDT 50 ml - SHOPATOA.COM","robots":{"index":"index","follow":"follow","max-snippet":"max-snippet:-1","max-image-preview":"max-image-preview:large","max-video-preview":"max-video-preview:-1"},"canonical":"https:\/\/shopatoa.com\/ro\/rabanne-phantom-edt-50-ml\/","og_locale":"ro_RO","og_type":"article","og_title":"Rabanne Phantom - EDT 50 ml - SHOPATOA.COM","og_description":"Phantom, noul parfum aromatic futurist pentru b\u0103rba\u021bi de la Rabanne. Esen\u021ba \u00eencrederii \u0219i a energiei pozitive. Un parfum \u00eendr\u0103zne\u021b cu note de lavand\u0103 cremoas\u0103 care creeaz\u0103 dependen\u021b\u0103, a c\u0103rei arom\u0103 este esen\u021bial\u0103 pentru aceast\u0103 ap\u0103 de toalet\u0103. \u00cempreun\u0103 cu acesta, ve\u021bi fi orbite de fuziunea energizant\u0103 a l\u0103m\u00e2ii \u0219i a cojii de l\u0103m\u00e2ie. Inima combin\u0103...","og_url":"https:\/\/shopatoa.com\/ro\/rabanne-phantom-edt-50-ml\/","og_site_name":"SHOPATOA","article_modified_time":"2025-12-09T02:54:40+00:00","og_image":[{"width":800,"height":800,"url":"https:\/\/storage.googleapis.com\/cz-shopatoa-img\/ro\/02f25d3d-unnamed-file.webp","type":"image\/webp"}],"twitter_card":"summary_large_image","twitter_misc":{"Timp estimat pentru citire":"1 minut"},"schema":{"@context":"https:\/\/schema.org","@graph":[{"@type":"WebPage","@id":"https:\/\/shopatoa.com\/ro\/rabanne-phantom-edt-50-ml\/","url":"https:\/\/shopatoa.com\/ro\/rabanne-phantom-edt-50-ml\/","name":"Rabanne Phantom - EDT 50 ml - SHOPATOA.COM","isPartOf":{"@id":"https:\/\/shopatoa.com\/ro\/#website"},"primaryImageOfPage":{"@id":"https:\/\/shopatoa.com\/ro\/rabanne-phantom-edt-50-ml\/#primaryimage"},"image":{"@id":"https:\/\/shopatoa.com\/ro\/rabanne-phantom-edt-50-ml\/#primaryimage"},"thumbnailUrl":"https:\/\/storage.googleapis.com\/cz-shopatoa-img\/ro\/02f25d3d-unnamed-file.webp","datePublished":"2025-04-28T23:16:28+00:00","dateModified":"2025-12-09T02:54:40+00:00","breadcrumb":{"@id":"https:\/\/shopatoa.com\/ro\/rabanne-phantom-edt-50-ml\/#breadcrumb"},"inLanguage":"ro-RO","potentialAction":[{"@type":"ReadAction","target":["https:\/\/shopatoa.com\/ro\/rabanne-phantom-edt-50-ml\/"]}]},{"@type":"ImageObject","inLanguage":"ro-RO","@id":"https:\/\/shopatoa.com\/ro\/rabanne-phantom-edt-50-ml\/#primaryimage","url":"https:\/\/storage.googleapis.com\/cz-shopatoa-img\/ro\/02f25d3d-unnamed-file.webp","contentUrl":"https:\/\/storage.googleapis.com\/cz-shopatoa-img\/ro\/02f25d3d-unnamed-file.webp","width":800,"height":800},{"@type":"BreadcrumbList","@id":"https:\/\/shopatoa.com\/ro\/rabanne-phantom-edt-50-ml\/#breadcrumb","itemListElement":[{"@type":"ListItem","position":1,"name":"Dom\u016f","item":"https:\/\/shopatoa.com\/ro\/"},{"@type":"ListItem","position":2,"name":"Shop","item":"https:\/\/shopatoa.com\/ro\/shop\/"},{"@type":"ListItem","position":3,"name":"Parfumuri","item":"https:\/\/shopatoa.com\/ro\/parfumuri\/"},{"@type":"ListItem","position":4,"name":"Ape de toalet\u0103 (EDT)","item":"https:\/\/shopatoa.com\/ro\/ape-de-toaleta-edt\/"},{"@type":"ListItem","position":5,"name":"Rabanne Phantom &#8211; EDT 50 ml"}]},{"@type":"WebSite","@id":"https:\/\/shopatoa.com\/ro\/#website","url":"https:\/\/shopatoa.com\/ro\/","name":"SHOPATOA","description":"","publisher":{"@id":"https:\/\/shopatoa.com\/ro\/#organization"},"potentialAction":[{"@type":"SearchAction","target":{"@type":"EntryPoint","urlTemplate":"https:\/\/shopatoa.com\/ro\/?s={search_term_string}"},"query-input":{"@type":"PropertyValueSpecification","valueRequired":true,"valueName":"search_term_string"}}],"inLanguage":"ro-RO"},{"@type":"Organization","@id":"https:\/\/shopatoa.com\/ro\/#organization","name":"SHOPATOA","url":"https:\/\/shopatoa.com\/ro\/","logo":{"@type":"ImageObject","inLanguage":"ro-RO","@id":"https:\/\/shopatoa.com\/ro\/#\/schema\/logo\/image\/","url":"https:\/\/storage.googleapis.com\/cz-shopatoa-img\/ro\/b4dac915-shopatoa_logo.png","contentUrl":"https:\/\/storage.googleapis.com\/cz-shopatoa-img\/ro\/b4dac915-shopatoa_logo.png","width":416,"height":63,"caption":"SHOPATOA"},"image":{"@id":"https:\/\/shopatoa.com\/ro\/#\/schema\/logo\/image\/"}}]}},"_links":{"self":[{"href":"https:\/\/shopatoa.com\/ro\/wp-json\/wp\/v2\/product\/268810","targetHints":{"allow":["GET"]}}],"collection":[{"href":"https:\/\/shopatoa.com\/ro\/wp-json\/wp\/v2\/product"}],"about":[{"href":"https:\/\/shopatoa.com\/ro\/wp-json\/wp\/v2\/types\/product"}],"replies":[{"embeddable":true,"href":"https:\/\/shopatoa.com\/ro\/wp-json\/wp\/v2\/comments?post=268810"}],"wp:featuredmedia":[{"embeddable":true,"href":"https:\/\/shopatoa.com\/ro\/wp-json\/wp\/v2\/media\/268811"}],"wp:attachment":[{"href":"https:\/\/shopatoa.com\/ro\/wp-json\/wp\/v2\/media?parent=268810"}],"wp:term":[{"taxonomy":"product_brand","embeddable":true,"href":"https:\/\/shopatoa.com\/ro\/wp-json\/wp\/v2\/product_brand?post=268810"},{"taxonomy":"product_cat","embeddable":true,"href":"https:\/\/shopatoa.com\/ro\/wp-json\/wp\/v2\/product_cat?post=268810"},{"taxonomy":"product_tag","embeddable":true,"href":"https:\/\/shopatoa.com\/ro\/wp-json\/wp\/v2\/product_tag?post=268810"}],"curies":[{"name":"wp","href":"https:\/\/api.w.org\/{rel}","templated":true}]}}