{"id":268818,"date":"2025-04-29T01:20:05","date_gmt":"2025-04-28T23:20:05","guid":{"rendered":"https:\/\/shopatoa.com\/ro\/sencor-cap-de-schimb-pentru-periute-de-dinti-sonice-pentru-copii-soc-091x-sox-013rs\/"},"modified":"2025-12-09T03:46:30","modified_gmt":"2025-12-09T02:46:30","slug":"sencor-cap-de-schimb-pentru-periute-de-dinti-sonice-pentru-copii-soc-091x-sox-013rs","status":"publish","type":"product","link":"https:\/\/shopatoa.com\/ro\/sencor-cap-de-schimb-pentru-periute-de-dinti-sonice-pentru-copii-soc-091x-sox-013rs\/","title":{"rendered":"Sencor Cap de schimb pentru periu\u021be de din\u021bi sonice pentru copii SOC 091x SOX 013RS"},"content":{"rendered":"<p>Capurile de rezerv\u0103 sunt compatibile cu periu\u021bele de din\u021bi pentru copii Sencor SOC 091x. Au spatele din silicon pentru cur\u0103\u021barea limbii si peri speciali cu indica\u021bie de utilizare, care i\u0219i pierd culoarea datorit\u0103 utiliz\u0103rii si astfel semnaleaz\u0103 momentul ideal pentru inlocuire. \u00cendep\u0103rteaz\u0103 mai mult\u0103 plac\u0103 dec\u00e2t o perie manual\u0103. potrivit pentru utilizarea zilnic\u0103.<\/p>\n","protected":false},"excerpt":{"rendered":"<p>Capurile de rezerv\u0103 sunt compatibile cu periu\u021bele de din\u021bi pentru copii Sencor SOC 091x. Au spatele din silicon pentru cur\u0103\u021barea limbii si peri speciali cu indica\u021bie de utilizare, care i\u0219i pierd culoarea datorit\u0103 utiliz\u0103rii si astfel semnaleaz\u0103 momentul ideal pentru inlocuire. \u00cendep\u0103rteaz\u0103 mai mult\u0103 plac\u0103 dec\u00e2t o perie manual\u0103. potrivit pentru utilizarea zilnic\u0103.<\/p>\n","protected":false},"featured_media":268819,"comment_status":"closed","ping_status":"open","template":"","meta":{"_acf_changed":false,"_kadence_starter_templates_imported_post":false,"_kad_post_transparent":"","_kad_post_title":"","_kad_post_layout":"","_kad_post_sidebar_id":"","_kad_post_content_style":"","_kad_post_vertical_padding":"","_kad_post_feature":"","_kad_post_feature_position":"","_kad_post_header":false,"_kad_post_footer":false,"_kad_post_classname":""},"product_brand":[479],"product_cat":[246,709,761],"product_tag":[],"class_list":{"0":"post-268818","1":"product","2":"type-product","3":"status-publish","4":"has-post-thumbnail","6":"product_brand-sencor","7":"product_cat-cosmetice","8":"product_cat-ingrijirea-dentara","9":"product_cat-periute-de-dinti-sonice","11":"first","12":"instock","13":"sale","14":"product-type-external","15":"entry","16":"content-bg","17":"loop-entry"},"acf":[],"yoast_head":"<!-- This site is optimized with the Yoast SEO plugin v27.4 - https:\/\/yoast.com\/product\/yoast-seo-wordpress\/ -->\n<title>Sencor Cap de schimb pentru periu\u021be de din\u021bi sonice pentru copii SOC 091x SOX 013RS - SHOPATOA.COM<\/title>\n<meta name=\"robots\" content=\"index, follow, max-snippet:-1, max-image-preview:large, max-video-preview:-1\" \/>\n<link rel=\"canonical\" href=\"https:\/\/shopatoa.com\/ro\/sencor-cap-de-schimb-pentru-periute-de-dinti-sonice-pentru-copii-soc-091x-sox-013rs\/\" \/>\n<meta property=\"og:locale\" content=\"ro_RO\" \/>\n<meta property=\"og:type\" content=\"article\" \/>\n<meta property=\"og:title\" content=\"Sencor Cap de schimb pentru periu\u021be de din\u021bi sonice pentru copii SOC 091x SOX 013RS - SHOPATOA.COM\" \/>\n<meta property=\"og:description\" content=\"Capurile de rezerv\u0103 sunt compatibile cu periu\u021bele de din\u021bi pentru copii Sencor SOC 091x. Au spatele din silicon pentru cur\u0103\u021barea limbii si peri speciali cu indica\u021bie de utilizare, care i\u0219i pierd culoarea datorit\u0103 utiliz\u0103rii si astfel semnaleaz\u0103 momentul ideal pentru inlocuire. \u00cendep\u0103rteaz\u0103 mai mult\u0103 plac\u0103 dec\u00e2t o perie manual\u0103. potrivit pentru utilizarea zilnic\u0103.\" \/>\n<meta property=\"og:url\" content=\"https:\/\/shopatoa.com\/ro\/sencor-cap-de-schimb-pentru-periute-de-dinti-sonice-pentru-copii-soc-091x-sox-013rs\/\" \/>\n<meta property=\"og:site_name\" content=\"SHOPATOA\" \/>\n<meta property=\"article:modified_time\" content=\"2025-12-09T02:46:30+00:00\" \/>\n<meta property=\"og:image\" content=\"https:\/\/storage.googleapis.com\/cz-shopatoa-img\/ro\/37768735-unnamed-file.webp\" \/>\n\t<meta property=\"og:image:width\" content=\"800\" \/>\n\t<meta property=\"og:image:height\" content=\"800\" \/>\n\t<meta property=\"og:image:type\" content=\"image\/webp\" \/>\n<meta name=\"twitter:card\" content=\"summary_large_image\" \/>\n<script type=\"application\/ld+json\" class=\"yoast-schema-graph\">{\"@context\":\"https:\\\/\\\/schema.org\",\"@graph\":[{\"@type\":\"WebPage\",\"@id\":\"https:\\\/\\\/shopatoa.com\\\/ro\\\/sencor-cap-de-schimb-pentru-periute-de-dinti-sonice-pentru-copii-soc-091x-sox-013rs\\\/\",\"url\":\"https:\\\/\\\/shopatoa.com\\\/ro\\\/sencor-cap-de-schimb-pentru-periute-de-dinti-sonice-pentru-copii-soc-091x-sox-013rs\\\/\",\"name\":\"Sencor Cap de schimb pentru periu\u021be de din\u021bi sonice pentru copii SOC 091x SOX 013RS - SHOPATOA.COM\",\"isPartOf\":{\"@id\":\"https:\\\/\\\/shopatoa.com\\\/ro\\\/#website\"},\"primaryImageOfPage\":{\"@id\":\"https:\\\/\\\/shopatoa.com\\\/ro\\\/sencor-cap-de-schimb-pentru-periute-de-dinti-sonice-pentru-copii-soc-091x-sox-013rs\\\/#primaryimage\"},\"image\":{\"@id\":\"https:\\\/\\\/shopatoa.com\\\/ro\\\/sencor-cap-de-schimb-pentru-periute-de-dinti-sonice-pentru-copii-soc-091x-sox-013rs\\\/#primaryimage\"},\"thumbnailUrl\":\"https:\\\/\\\/storage.googleapis.com\\\/cz-shopatoa-img\\\/ro\\\/37768735-unnamed-file.webp\",\"datePublished\":\"2025-04-28T23:20:05+00:00\",\"dateModified\":\"2025-12-09T02:46:30+00:00\",\"breadcrumb\":{\"@id\":\"https:\\\/\\\/shopatoa.com\\\/ro\\\/sencor-cap-de-schimb-pentru-periute-de-dinti-sonice-pentru-copii-soc-091x-sox-013rs\\\/#breadcrumb\"},\"inLanguage\":\"ro-RO\",\"potentialAction\":[{\"@type\":\"ReadAction\",\"target\":[\"https:\\\/\\\/shopatoa.com\\\/ro\\\/sencor-cap-de-schimb-pentru-periute-de-dinti-sonice-pentru-copii-soc-091x-sox-013rs\\\/\"]}]},{\"@type\":\"ImageObject\",\"inLanguage\":\"ro-RO\",\"@id\":\"https:\\\/\\\/shopatoa.com\\\/ro\\\/sencor-cap-de-schimb-pentru-periute-de-dinti-sonice-pentru-copii-soc-091x-sox-013rs\\\/#primaryimage\",\"url\":\"https:\\\/\\\/storage.googleapis.com\\\/cz-shopatoa-img\\\/ro\\\/37768735-unnamed-file.webp\",\"contentUrl\":\"https:\\\/\\\/storage.googleapis.com\\\/cz-shopatoa-img\\\/ro\\\/37768735-unnamed-file.webp\",\"width\":800,\"height\":800},{\"@type\":\"BreadcrumbList\",\"@id\":\"https:\\\/\\\/shopatoa.com\\\/ro\\\/sencor-cap-de-schimb-pentru-periute-de-dinti-sonice-pentru-copii-soc-091x-sox-013rs\\\/#breadcrumb\",\"itemListElement\":[{\"@type\":\"ListItem\",\"position\":1,\"name\":\"Dom\u016f\",\"item\":\"https:\\\/\\\/shopatoa.com\\\/ro\\\/\"},{\"@type\":\"ListItem\",\"position\":2,\"name\":\"Shop\",\"item\":\"https:\\\/\\\/shopatoa.com\\\/ro\\\/shop\\\/\"},{\"@type\":\"ListItem\",\"position\":3,\"name\":\"Cosmetice\",\"item\":\"https:\\\/\\\/shopatoa.com\\\/ro\\\/cosmetice\\\/\"},{\"@type\":\"ListItem\",\"position\":4,\"name\":\"\u00cengrijirea dentar\u0103\",\"item\":\"https:\\\/\\\/shopatoa.com\\\/ro\\\/ingrijirea-dentara\\\/\"},{\"@type\":\"ListItem\",\"position\":5,\"name\":\"Periu\u021be de din\u021bi sonice\",\"item\":\"https:\\\/\\\/shopatoa.com\\\/ro\\\/periute-de-dinti-sonice\\\/\"},{\"@type\":\"ListItem\",\"position\":6,\"name\":\"Sencor Cap de schimb pentru periu\u021be de din\u021bi sonice pentru copii SOC 091x SOX 013RS\"}]},{\"@type\":\"WebSite\",\"@id\":\"https:\\\/\\\/shopatoa.com\\\/ro\\\/#website\",\"url\":\"https:\\\/\\\/shopatoa.com\\\/ro\\\/\",\"name\":\"SHOPATOA\",\"description\":\"\",\"publisher\":{\"@id\":\"https:\\\/\\\/shopatoa.com\\\/ro\\\/#organization\"},\"potentialAction\":[{\"@type\":\"SearchAction\",\"target\":{\"@type\":\"EntryPoint\",\"urlTemplate\":\"https:\\\/\\\/shopatoa.com\\\/ro\\\/?s={search_term_string}\"},\"query-input\":{\"@type\":\"PropertyValueSpecification\",\"valueRequired\":true,\"valueName\":\"search_term_string\"}}],\"inLanguage\":\"ro-RO\"},{\"@type\":\"Organization\",\"@id\":\"https:\\\/\\\/shopatoa.com\\\/ro\\\/#organization\",\"name\":\"SHOPATOA\",\"url\":\"https:\\\/\\\/shopatoa.com\\\/ro\\\/\",\"logo\":{\"@type\":\"ImageObject\",\"inLanguage\":\"ro-RO\",\"@id\":\"https:\\\/\\\/shopatoa.com\\\/ro\\\/#\\\/schema\\\/logo\\\/image\\\/\",\"url\":\"https:\\\/\\\/storage.googleapis.com\\\/cz-shopatoa-img\\\/ro\\\/b4dac915-shopatoa_logo.png\",\"contentUrl\":\"https:\\\/\\\/storage.googleapis.com\\\/cz-shopatoa-img\\\/ro\\\/b4dac915-shopatoa_logo.png\",\"width\":416,\"height\":63,\"caption\":\"SHOPATOA\"},\"image\":{\"@id\":\"https:\\\/\\\/shopatoa.com\\\/ro\\\/#\\\/schema\\\/logo\\\/image\\\/\"}}]}<\/script>\n<!-- \/ Yoast SEO plugin. -->","yoast_head_json":{"title":"Sencor Cap de schimb pentru periu\u021be de din\u021bi sonice pentru copii SOC 091x SOX 013RS - SHOPATOA.COM","robots":{"index":"index","follow":"follow","max-snippet":"max-snippet:-1","max-image-preview":"max-image-preview:large","max-video-preview":"max-video-preview:-1"},"canonical":"https:\/\/shopatoa.com\/ro\/sencor-cap-de-schimb-pentru-periute-de-dinti-sonice-pentru-copii-soc-091x-sox-013rs\/","og_locale":"ro_RO","og_type":"article","og_title":"Sencor Cap de schimb pentru periu\u021be de din\u021bi sonice pentru copii SOC 091x SOX 013RS - SHOPATOA.COM","og_description":"Capurile de rezerv\u0103 sunt compatibile cu periu\u021bele de din\u021bi pentru copii Sencor SOC 091x. Au spatele din silicon pentru cur\u0103\u021barea limbii si peri speciali cu indica\u021bie de utilizare, care i\u0219i pierd culoarea datorit\u0103 utiliz\u0103rii si astfel semnaleaz\u0103 momentul ideal pentru inlocuire. \u00cendep\u0103rteaz\u0103 mai mult\u0103 plac\u0103 dec\u00e2t o perie manual\u0103. potrivit pentru utilizarea zilnic\u0103.","og_url":"https:\/\/shopatoa.com\/ro\/sencor-cap-de-schimb-pentru-periute-de-dinti-sonice-pentru-copii-soc-091x-sox-013rs\/","og_site_name":"SHOPATOA","article_modified_time":"2025-12-09T02:46:30+00:00","og_image":[{"width":800,"height":800,"url":"https:\/\/storage.googleapis.com\/cz-shopatoa-img\/ro\/37768735-unnamed-file.webp","type":"image\/webp"}],"twitter_card":"summary_large_image","schema":{"@context":"https:\/\/schema.org","@graph":[{"@type":"WebPage","@id":"https:\/\/shopatoa.com\/ro\/sencor-cap-de-schimb-pentru-periute-de-dinti-sonice-pentru-copii-soc-091x-sox-013rs\/","url":"https:\/\/shopatoa.com\/ro\/sencor-cap-de-schimb-pentru-periute-de-dinti-sonice-pentru-copii-soc-091x-sox-013rs\/","name":"Sencor Cap de schimb pentru periu\u021be de din\u021bi sonice pentru copii SOC 091x SOX 013RS - SHOPATOA.COM","isPartOf":{"@id":"https:\/\/shopatoa.com\/ro\/#website"},"primaryImageOfPage":{"@id":"https:\/\/shopatoa.com\/ro\/sencor-cap-de-schimb-pentru-periute-de-dinti-sonice-pentru-copii-soc-091x-sox-013rs\/#primaryimage"},"image":{"@id":"https:\/\/shopatoa.com\/ro\/sencor-cap-de-schimb-pentru-periute-de-dinti-sonice-pentru-copii-soc-091x-sox-013rs\/#primaryimage"},"thumbnailUrl":"https:\/\/storage.googleapis.com\/cz-shopatoa-img\/ro\/37768735-unnamed-file.webp","datePublished":"2025-04-28T23:20:05+00:00","dateModified":"2025-12-09T02:46:30+00:00","breadcrumb":{"@id":"https:\/\/shopatoa.com\/ro\/sencor-cap-de-schimb-pentru-periute-de-dinti-sonice-pentru-copii-soc-091x-sox-013rs\/#breadcrumb"},"inLanguage":"ro-RO","potentialAction":[{"@type":"ReadAction","target":["https:\/\/shopatoa.com\/ro\/sencor-cap-de-schimb-pentru-periute-de-dinti-sonice-pentru-copii-soc-091x-sox-013rs\/"]}]},{"@type":"ImageObject","inLanguage":"ro-RO","@id":"https:\/\/shopatoa.com\/ro\/sencor-cap-de-schimb-pentru-periute-de-dinti-sonice-pentru-copii-soc-091x-sox-013rs\/#primaryimage","url":"https:\/\/storage.googleapis.com\/cz-shopatoa-img\/ro\/37768735-unnamed-file.webp","contentUrl":"https:\/\/storage.googleapis.com\/cz-shopatoa-img\/ro\/37768735-unnamed-file.webp","width":800,"height":800},{"@type":"BreadcrumbList","@id":"https:\/\/shopatoa.com\/ro\/sencor-cap-de-schimb-pentru-periute-de-dinti-sonice-pentru-copii-soc-091x-sox-013rs\/#breadcrumb","itemListElement":[{"@type":"ListItem","position":1,"name":"Dom\u016f","item":"https:\/\/shopatoa.com\/ro\/"},{"@type":"ListItem","position":2,"name":"Shop","item":"https:\/\/shopatoa.com\/ro\/shop\/"},{"@type":"ListItem","position":3,"name":"Cosmetice","item":"https:\/\/shopatoa.com\/ro\/cosmetice\/"},{"@type":"ListItem","position":4,"name":"\u00cengrijirea dentar\u0103","item":"https:\/\/shopatoa.com\/ro\/ingrijirea-dentara\/"},{"@type":"ListItem","position":5,"name":"Periu\u021be de din\u021bi sonice","item":"https:\/\/shopatoa.com\/ro\/periute-de-dinti-sonice\/"},{"@type":"ListItem","position":6,"name":"Sencor Cap de schimb pentru periu\u021be de din\u021bi sonice pentru copii SOC 091x SOX 013RS"}]},{"@type":"WebSite","@id":"https:\/\/shopatoa.com\/ro\/#website","url":"https:\/\/shopatoa.com\/ro\/","name":"SHOPATOA","description":"","publisher":{"@id":"https:\/\/shopatoa.com\/ro\/#organization"},"potentialAction":[{"@type":"SearchAction","target":{"@type":"EntryPoint","urlTemplate":"https:\/\/shopatoa.com\/ro\/?s={search_term_string}"},"query-input":{"@type":"PropertyValueSpecification","valueRequired":true,"valueName":"search_term_string"}}],"inLanguage":"ro-RO"},{"@type":"Organization","@id":"https:\/\/shopatoa.com\/ro\/#organization","name":"SHOPATOA","url":"https:\/\/shopatoa.com\/ro\/","logo":{"@type":"ImageObject","inLanguage":"ro-RO","@id":"https:\/\/shopatoa.com\/ro\/#\/schema\/logo\/image\/","url":"https:\/\/storage.googleapis.com\/cz-shopatoa-img\/ro\/b4dac915-shopatoa_logo.png","contentUrl":"https:\/\/storage.googleapis.com\/cz-shopatoa-img\/ro\/b4dac915-shopatoa_logo.png","width":416,"height":63,"caption":"SHOPATOA"},"image":{"@id":"https:\/\/shopatoa.com\/ro\/#\/schema\/logo\/image\/"}}]}},"_links":{"self":[{"href":"https:\/\/shopatoa.com\/ro\/wp-json\/wp\/v2\/product\/268818","targetHints":{"allow":["GET"]}}],"collection":[{"href":"https:\/\/shopatoa.com\/ro\/wp-json\/wp\/v2\/product"}],"about":[{"href":"https:\/\/shopatoa.com\/ro\/wp-json\/wp\/v2\/types\/product"}],"replies":[{"embeddable":true,"href":"https:\/\/shopatoa.com\/ro\/wp-json\/wp\/v2\/comments?post=268818"}],"wp:featuredmedia":[{"embeddable":true,"href":"https:\/\/shopatoa.com\/ro\/wp-json\/wp\/v2\/media\/268819"}],"wp:attachment":[{"href":"https:\/\/shopatoa.com\/ro\/wp-json\/wp\/v2\/media?parent=268818"}],"wp:term":[{"taxonomy":"product_brand","embeddable":true,"href":"https:\/\/shopatoa.com\/ro\/wp-json\/wp\/v2\/product_brand?post=268818"},{"taxonomy":"product_cat","embeddable":true,"href":"https:\/\/shopatoa.com\/ro\/wp-json\/wp\/v2\/product_cat?post=268818"},{"taxonomy":"product_tag","embeddable":true,"href":"https:\/\/shopatoa.com\/ro\/wp-json\/wp\/v2\/product_tag?post=268818"}],"curies":[{"name":"wp","href":"https:\/\/api.w.org\/{rel}","templated":true}]}}