{"id":268925,"date":"2025-04-29T01:41:41","date_gmt":"2025-04-28T23:41:41","guid":{"rendered":"https:\/\/shopatoa.com\/ro\/braun-perie-de-ondulare-cu-aer-cald-satin-hair-7-as-720ionic\/"},"modified":"2025-12-09T03:32:52","modified_gmt":"2025-12-09T02:32:52","slug":"braun-perie-de-ondulare-cu-aer-cald-satin-hair-7-as-720ionic","status":"publish","type":"product","link":"https:\/\/shopatoa.com\/ro\/braun-perie-de-ondulare-cu-aer-cald-satin-hair-7-as-720ionic\/","title":{"rendered":"Braun Perie de ondulare cu aer cald Satin Hair 7 &#8211; AS 720Ionic"},"content":{"rendered":"<p>Noua perie de ondulare cu aer cald Braun Satin Hair 7 va condi\u021biona delicat \u0219i eficient p\u0103rul, astfel \u00eenc\u00e2t s\u0103 fie frumos \u0219i str\u0103lucitor \u00een fiecare zi, indiferent de tunsoare sau lungime a p\u0103rului. Tehnologie inovatoare IONTEC Ca toate dispozitivele din seria Braun Satin Hair 7, peria de ondulare cu aer cald Braun Satin Hair 7 con\u021bine \u0219i tehnologia inovatoare IONTEC. IONTEC este o tehnologie unic\u0103 conceput\u0103 special pentru a v\u0103 proteja s\u0103n\u0103tatea p\u0103rului. Prin urmare, este \u0219i o garan\u021bie a \u00eengrijirii s\u0103n\u0103toase a p\u0103rului. Jeturile de ioni verzi elibereaz\u0103 efectiv milioane de ioni de satin \u00een p\u0103r \u00een timpul condi\u021bion\u0103rii, care atrag particulele de umiditate din aer. Rezultatul este o coafur\u0103 impecabil\u0103, str\u0103lucitor, care reflect\u0103 s\u0103n\u0103tatea p\u0103rului dvs. Con\u021binut echilibrat de umiditate Ionii de satin \u00eenconjoar\u0103 fiecare p\u0103r \u00een parte \u0219i \u00eei restabilesc rapid echilibrul de umiditate, care se pierde de obicei \u00een timpul tratamentului termic. Tratament antistatic pentru p\u0103r Datorit\u0103 tehnologiei unice de ioni, va fi creat un flux bogat de ioni satina\u021bi, care vor \u00eenconjura fiecare p\u0103r \u00een parte. Aceast\u0103 ac\u021biune avansat\u0103 a ionilor func\u021bioneaz\u0103 ca un umidificator natural atunci c\u00e2nd condi\u021bioneaz\u0103 p\u0103rul, reduc\u00e2nd zborul p\u0103rului \u0219i \u00eenc\u0103rcarea static\u0103. P\u0103rul dvs. va fi frumos str\u0103lucitor \u0219i neted. Protec\u021bie \u00eempotriva ruperii p\u0103rului Accesoriile special concepute pentru perie \u0219i pieptene protejeaz\u0103 cuticulele de p\u0103r de deteriorare \u0219i rupere datorit\u0103 tehnologiei lor unice de v\u00e2rfuri netede. Filtru cu plas\u0103 Filtrul de plas\u0103 ingenios din spatele m\u00e2nerului cu form\u0103 ergonomic\u0103 ajut\u0103 la prevenirea ruperii p\u0103rului. \u00cempiedic\u0103 tragerea p\u0103rului \u00een aparat, unde s-ar putea \u00eencalci. Acest lucru face coafarea p\u0103rului \u0219i mai sigur\u0103. Set\u0103ri personale Tratamentul individual al p\u0103rului necesit\u0103 posibilitatea unor set\u0103ri individuale. Dou\u0103 niveluri de set\u0103ri v\u0103 permit s\u0103 regla\u021bi temperatura \u0219i intensitatea fluxului de aer \u00een func\u021bie de nevoile dvs. Pute\u021bi fi siguri c\u0103 temperatura \u0219i intensitatea fluxului de aer se potrivesc \u00eentotdeauna exact cu tipul p\u0103rului dvs., deci astfel nu se va usca \u00een timpul tratamentului.<\/p>\n","protected":false},"excerpt":{"rendered":"<p>Noua perie de ondulare cu aer cald Braun Satin Hair 7 va condi\u021biona delicat \u0219i eficient p\u0103rul, astfel \u00eenc\u00e2t s\u0103 fie frumos \u0219i str\u0103lucitor \u00een fiecare zi, indiferent de tunsoare sau lungime a p\u0103rului. Tehnologie inovatoare IONTEC Ca toate dispozitivele din seria Braun Satin Hair 7, peria de ondulare cu aer cald Braun Satin Hair&#8230;<\/p>\n","protected":false},"featured_media":268926,"comment_status":"closed","ping_status":"open","template":"","meta":{"_acf_changed":false,"_kadence_starter_templates_imported_post":false,"_kad_post_transparent":"","_kad_post_title":"","_kad_post_layout":"","_kad_post_sidebar_id":"","_kad_post_content_style":"","_kad_post_vertical_padding":"","_kad_post_feature":"","_kad_post_feature_position":"","_kad_post_header":false,"_kad_post_footer":false,"_kad_post_classname":""},"product_brand":[502],"product_cat":[246,781,623,624],"product_tag":[],"class_list":{"0":"post-268925","1":"product","2":"type-product","3":"status-publish","4":"has-post-thumbnail","6":"product_brand-braun","7":"product_cat-cosmetice","8":"product_cat-ondulatoare-pentru-par","9":"product_cat-produse-cosmetice-pentru-par","10":"product_cat-produse-aparate-si-accesorii-pentru-par","12":"first","13":"instock","14":"sale","15":"product-type-external","16":"entry","17":"content-bg","18":"loop-entry"},"acf":[],"yoast_head":"<!-- This site is optimized with the Yoast SEO plugin v27.4 - https:\/\/yoast.com\/product\/yoast-seo-wordpress\/ -->\n<title>Braun Perie de ondulare cu aer cald Satin Hair 7 - AS 720Ionic - SHOPATOA.COM<\/title>\n<meta name=\"robots\" content=\"index, follow, max-snippet:-1, max-image-preview:large, max-video-preview:-1\" \/>\n<link rel=\"canonical\" href=\"https:\/\/shopatoa.com\/ro\/braun-perie-de-ondulare-cu-aer-cald-satin-hair-7-as-720ionic\/\" \/>\n<meta property=\"og:locale\" content=\"ro_RO\" \/>\n<meta property=\"og:type\" content=\"article\" \/>\n<meta property=\"og:title\" content=\"Braun Perie de ondulare cu aer cald Satin Hair 7 - AS 720Ionic - SHOPATOA.COM\" \/>\n<meta property=\"og:description\" content=\"Noua perie de ondulare cu aer cald Braun Satin Hair 7 va condi\u021biona delicat \u0219i eficient p\u0103rul, astfel \u00eenc\u00e2t s\u0103 fie frumos \u0219i str\u0103lucitor \u00een fiecare zi, indiferent de tunsoare sau lungime a p\u0103rului. Tehnologie inovatoare IONTEC Ca toate dispozitivele din seria Braun Satin Hair 7, peria de ondulare cu aer cald Braun Satin Hair...\" \/>\n<meta property=\"og:url\" content=\"https:\/\/shopatoa.com\/ro\/braun-perie-de-ondulare-cu-aer-cald-satin-hair-7-as-720ionic\/\" \/>\n<meta property=\"og:site_name\" content=\"SHOPATOA\" \/>\n<meta property=\"article:modified_time\" content=\"2025-12-09T02:32:52+00:00\" \/>\n<meta property=\"og:image\" content=\"https:\/\/storage.googleapis.com\/cz-shopatoa-img\/ro\/850a107c-unnamed-file.webp\" \/>\n\t<meta property=\"og:image:width\" content=\"800\" \/>\n\t<meta property=\"og:image:height\" content=\"800\" \/>\n\t<meta property=\"og:image:type\" content=\"image\/webp\" \/>\n<meta name=\"twitter:card\" content=\"summary_large_image\" \/>\n<meta name=\"twitter:label1\" content=\"Timp estimat pentru citire\" \/>\n\t<meta name=\"twitter:data1\" content=\"2 minute\" \/>\n<script type=\"application\/ld+json\" class=\"yoast-schema-graph\">{\"@context\":\"https:\\\/\\\/schema.org\",\"@graph\":[{\"@type\":\"WebPage\",\"@id\":\"https:\\\/\\\/shopatoa.com\\\/ro\\\/braun-perie-de-ondulare-cu-aer-cald-satin-hair-7-as-720ionic\\\/\",\"url\":\"https:\\\/\\\/shopatoa.com\\\/ro\\\/braun-perie-de-ondulare-cu-aer-cald-satin-hair-7-as-720ionic\\\/\",\"name\":\"Braun Perie de ondulare cu aer cald Satin Hair 7 - AS 720Ionic - SHOPATOA.COM\",\"isPartOf\":{\"@id\":\"https:\\\/\\\/shopatoa.com\\\/ro\\\/#website\"},\"primaryImageOfPage\":{\"@id\":\"https:\\\/\\\/shopatoa.com\\\/ro\\\/braun-perie-de-ondulare-cu-aer-cald-satin-hair-7-as-720ionic\\\/#primaryimage\"},\"image\":{\"@id\":\"https:\\\/\\\/shopatoa.com\\\/ro\\\/braun-perie-de-ondulare-cu-aer-cald-satin-hair-7-as-720ionic\\\/#primaryimage\"},\"thumbnailUrl\":\"https:\\\/\\\/storage.googleapis.com\\\/cz-shopatoa-img\\\/ro\\\/850a107c-unnamed-file.webp\",\"datePublished\":\"2025-04-28T23:41:41+00:00\",\"dateModified\":\"2025-12-09T02:32:52+00:00\",\"breadcrumb\":{\"@id\":\"https:\\\/\\\/shopatoa.com\\\/ro\\\/braun-perie-de-ondulare-cu-aer-cald-satin-hair-7-as-720ionic\\\/#breadcrumb\"},\"inLanguage\":\"ro-RO\",\"potentialAction\":[{\"@type\":\"ReadAction\",\"target\":[\"https:\\\/\\\/shopatoa.com\\\/ro\\\/braun-perie-de-ondulare-cu-aer-cald-satin-hair-7-as-720ionic\\\/\"]}]},{\"@type\":\"ImageObject\",\"inLanguage\":\"ro-RO\",\"@id\":\"https:\\\/\\\/shopatoa.com\\\/ro\\\/braun-perie-de-ondulare-cu-aer-cald-satin-hair-7-as-720ionic\\\/#primaryimage\",\"url\":\"https:\\\/\\\/storage.googleapis.com\\\/cz-shopatoa-img\\\/ro\\\/850a107c-unnamed-file.webp\",\"contentUrl\":\"https:\\\/\\\/storage.googleapis.com\\\/cz-shopatoa-img\\\/ro\\\/850a107c-unnamed-file.webp\",\"width\":800,\"height\":800},{\"@type\":\"BreadcrumbList\",\"@id\":\"https:\\\/\\\/shopatoa.com\\\/ro\\\/braun-perie-de-ondulare-cu-aer-cald-satin-hair-7-as-720ionic\\\/#breadcrumb\",\"itemListElement\":[{\"@type\":\"ListItem\",\"position\":1,\"name\":\"Dom\u016f\",\"item\":\"https:\\\/\\\/shopatoa.com\\\/ro\\\/\"},{\"@type\":\"ListItem\",\"position\":2,\"name\":\"Shop\",\"item\":\"https:\\\/\\\/shopatoa.com\\\/ro\\\/shop\\\/\"},{\"@type\":\"ListItem\",\"position\":3,\"name\":\"Cosmetice\",\"item\":\"https:\\\/\\\/shopatoa.com\\\/ro\\\/cosmetice\\\/\"},{\"@type\":\"ListItem\",\"position\":4,\"name\":\"Produse cosmetice pentru p\u0103r\",\"item\":\"https:\\\/\\\/shopatoa.com\\\/ro\\\/produse-cosmetice-pentru-par\\\/\"},{\"@type\":\"ListItem\",\"position\":5,\"name\":\"Produse, aparate \u0219i accesorii pentru p\u0103r\",\"item\":\"https:\\\/\\\/shopatoa.com\\\/ro\\\/produse-aparate-si-accesorii-pentru-par\\\/\"},{\"@type\":\"ListItem\",\"position\":6,\"name\":\"Ondulatoare pentru p\u0103r\",\"item\":\"https:\\\/\\\/shopatoa.com\\\/ro\\\/ondulatoare-pentru-par\\\/\"},{\"@type\":\"ListItem\",\"position\":7,\"name\":\"Braun Perie de ondulare cu aer cald Satin Hair 7 &#8211; AS 720Ionic\"}]},{\"@type\":\"WebSite\",\"@id\":\"https:\\\/\\\/shopatoa.com\\\/ro\\\/#website\",\"url\":\"https:\\\/\\\/shopatoa.com\\\/ro\\\/\",\"name\":\"SHOPATOA\",\"description\":\"\",\"publisher\":{\"@id\":\"https:\\\/\\\/shopatoa.com\\\/ro\\\/#organization\"},\"potentialAction\":[{\"@type\":\"SearchAction\",\"target\":{\"@type\":\"EntryPoint\",\"urlTemplate\":\"https:\\\/\\\/shopatoa.com\\\/ro\\\/?s={search_term_string}\"},\"query-input\":{\"@type\":\"PropertyValueSpecification\",\"valueRequired\":true,\"valueName\":\"search_term_string\"}}],\"inLanguage\":\"ro-RO\"},{\"@type\":\"Organization\",\"@id\":\"https:\\\/\\\/shopatoa.com\\\/ro\\\/#organization\",\"name\":\"SHOPATOA\",\"url\":\"https:\\\/\\\/shopatoa.com\\\/ro\\\/\",\"logo\":{\"@type\":\"ImageObject\",\"inLanguage\":\"ro-RO\",\"@id\":\"https:\\\/\\\/shopatoa.com\\\/ro\\\/#\\\/schema\\\/logo\\\/image\\\/\",\"url\":\"https:\\\/\\\/storage.googleapis.com\\\/cz-shopatoa-img\\\/ro\\\/b4dac915-shopatoa_logo.png\",\"contentUrl\":\"https:\\\/\\\/storage.googleapis.com\\\/cz-shopatoa-img\\\/ro\\\/b4dac915-shopatoa_logo.png\",\"width\":416,\"height\":63,\"caption\":\"SHOPATOA\"},\"image\":{\"@id\":\"https:\\\/\\\/shopatoa.com\\\/ro\\\/#\\\/schema\\\/logo\\\/image\\\/\"}}]}<\/script>\n<!-- \/ Yoast SEO plugin. -->","yoast_head_json":{"title":"Braun Perie de ondulare cu aer cald Satin Hair 7 - AS 720Ionic - SHOPATOA.COM","robots":{"index":"index","follow":"follow","max-snippet":"max-snippet:-1","max-image-preview":"max-image-preview:large","max-video-preview":"max-video-preview:-1"},"canonical":"https:\/\/shopatoa.com\/ro\/braun-perie-de-ondulare-cu-aer-cald-satin-hair-7-as-720ionic\/","og_locale":"ro_RO","og_type":"article","og_title":"Braun Perie de ondulare cu aer cald Satin Hair 7 - AS 720Ionic - SHOPATOA.COM","og_description":"Noua perie de ondulare cu aer cald Braun Satin Hair 7 va condi\u021biona delicat \u0219i eficient p\u0103rul, astfel \u00eenc\u00e2t s\u0103 fie frumos \u0219i str\u0103lucitor \u00een fiecare zi, indiferent de tunsoare sau lungime a p\u0103rului. Tehnologie inovatoare IONTEC Ca toate dispozitivele din seria Braun Satin Hair 7, peria de ondulare cu aer cald Braun Satin Hair...","og_url":"https:\/\/shopatoa.com\/ro\/braun-perie-de-ondulare-cu-aer-cald-satin-hair-7-as-720ionic\/","og_site_name":"SHOPATOA","article_modified_time":"2025-12-09T02:32:52+00:00","og_image":[{"width":800,"height":800,"url":"https:\/\/storage.googleapis.com\/cz-shopatoa-img\/ro\/850a107c-unnamed-file.webp","type":"image\/webp"}],"twitter_card":"summary_large_image","twitter_misc":{"Timp estimat pentru citire":"2 minute"},"schema":{"@context":"https:\/\/schema.org","@graph":[{"@type":"WebPage","@id":"https:\/\/shopatoa.com\/ro\/braun-perie-de-ondulare-cu-aer-cald-satin-hair-7-as-720ionic\/","url":"https:\/\/shopatoa.com\/ro\/braun-perie-de-ondulare-cu-aer-cald-satin-hair-7-as-720ionic\/","name":"Braun Perie de ondulare cu aer cald Satin Hair 7 - AS 720Ionic - SHOPATOA.COM","isPartOf":{"@id":"https:\/\/shopatoa.com\/ro\/#website"},"primaryImageOfPage":{"@id":"https:\/\/shopatoa.com\/ro\/braun-perie-de-ondulare-cu-aer-cald-satin-hair-7-as-720ionic\/#primaryimage"},"image":{"@id":"https:\/\/shopatoa.com\/ro\/braun-perie-de-ondulare-cu-aer-cald-satin-hair-7-as-720ionic\/#primaryimage"},"thumbnailUrl":"https:\/\/storage.googleapis.com\/cz-shopatoa-img\/ro\/850a107c-unnamed-file.webp","datePublished":"2025-04-28T23:41:41+00:00","dateModified":"2025-12-09T02:32:52+00:00","breadcrumb":{"@id":"https:\/\/shopatoa.com\/ro\/braun-perie-de-ondulare-cu-aer-cald-satin-hair-7-as-720ionic\/#breadcrumb"},"inLanguage":"ro-RO","potentialAction":[{"@type":"ReadAction","target":["https:\/\/shopatoa.com\/ro\/braun-perie-de-ondulare-cu-aer-cald-satin-hair-7-as-720ionic\/"]}]},{"@type":"ImageObject","inLanguage":"ro-RO","@id":"https:\/\/shopatoa.com\/ro\/braun-perie-de-ondulare-cu-aer-cald-satin-hair-7-as-720ionic\/#primaryimage","url":"https:\/\/storage.googleapis.com\/cz-shopatoa-img\/ro\/850a107c-unnamed-file.webp","contentUrl":"https:\/\/storage.googleapis.com\/cz-shopatoa-img\/ro\/850a107c-unnamed-file.webp","width":800,"height":800},{"@type":"BreadcrumbList","@id":"https:\/\/shopatoa.com\/ro\/braun-perie-de-ondulare-cu-aer-cald-satin-hair-7-as-720ionic\/#breadcrumb","itemListElement":[{"@type":"ListItem","position":1,"name":"Dom\u016f","item":"https:\/\/shopatoa.com\/ro\/"},{"@type":"ListItem","position":2,"name":"Shop","item":"https:\/\/shopatoa.com\/ro\/shop\/"},{"@type":"ListItem","position":3,"name":"Cosmetice","item":"https:\/\/shopatoa.com\/ro\/cosmetice\/"},{"@type":"ListItem","position":4,"name":"Produse cosmetice pentru p\u0103r","item":"https:\/\/shopatoa.com\/ro\/produse-cosmetice-pentru-par\/"},{"@type":"ListItem","position":5,"name":"Produse, aparate \u0219i accesorii pentru p\u0103r","item":"https:\/\/shopatoa.com\/ro\/produse-aparate-si-accesorii-pentru-par\/"},{"@type":"ListItem","position":6,"name":"Ondulatoare pentru p\u0103r","item":"https:\/\/shopatoa.com\/ro\/ondulatoare-pentru-par\/"},{"@type":"ListItem","position":7,"name":"Braun Perie de ondulare cu aer cald Satin Hair 7 &#8211; AS 720Ionic"}]},{"@type":"WebSite","@id":"https:\/\/shopatoa.com\/ro\/#website","url":"https:\/\/shopatoa.com\/ro\/","name":"SHOPATOA","description":"","publisher":{"@id":"https:\/\/shopatoa.com\/ro\/#organization"},"potentialAction":[{"@type":"SearchAction","target":{"@type":"EntryPoint","urlTemplate":"https:\/\/shopatoa.com\/ro\/?s={search_term_string}"},"query-input":{"@type":"PropertyValueSpecification","valueRequired":true,"valueName":"search_term_string"}}],"inLanguage":"ro-RO"},{"@type":"Organization","@id":"https:\/\/shopatoa.com\/ro\/#organization","name":"SHOPATOA","url":"https:\/\/shopatoa.com\/ro\/","logo":{"@type":"ImageObject","inLanguage":"ro-RO","@id":"https:\/\/shopatoa.com\/ro\/#\/schema\/logo\/image\/","url":"https:\/\/storage.googleapis.com\/cz-shopatoa-img\/ro\/b4dac915-shopatoa_logo.png","contentUrl":"https:\/\/storage.googleapis.com\/cz-shopatoa-img\/ro\/b4dac915-shopatoa_logo.png","width":416,"height":63,"caption":"SHOPATOA"},"image":{"@id":"https:\/\/shopatoa.com\/ro\/#\/schema\/logo\/image\/"}}]}},"_links":{"self":[{"href":"https:\/\/shopatoa.com\/ro\/wp-json\/wp\/v2\/product\/268925","targetHints":{"allow":["GET"]}}],"collection":[{"href":"https:\/\/shopatoa.com\/ro\/wp-json\/wp\/v2\/product"}],"about":[{"href":"https:\/\/shopatoa.com\/ro\/wp-json\/wp\/v2\/types\/product"}],"replies":[{"embeddable":true,"href":"https:\/\/shopatoa.com\/ro\/wp-json\/wp\/v2\/comments?post=268925"}],"wp:featuredmedia":[{"embeddable":true,"href":"https:\/\/shopatoa.com\/ro\/wp-json\/wp\/v2\/media\/268926"}],"wp:attachment":[{"href":"https:\/\/shopatoa.com\/ro\/wp-json\/wp\/v2\/media?parent=268925"}],"wp:term":[{"taxonomy":"product_brand","embeddable":true,"href":"https:\/\/shopatoa.com\/ro\/wp-json\/wp\/v2\/product_brand?post=268925"},{"taxonomy":"product_cat","embeddable":true,"href":"https:\/\/shopatoa.com\/ro\/wp-json\/wp\/v2\/product_cat?post=268925"},{"taxonomy":"product_tag","embeddable":true,"href":"https:\/\/shopatoa.com\/ro\/wp-json\/wp\/v2\/product_tag?post=268925"}],"curies":[{"name":"wp","href":"https:\/\/api.w.org\/{rel}","templated":true}]}}