{"id":268935,"date":"2025-04-29T01:45:26","date_gmt":"2025-04-28T23:45:26","guid":{"rendered":"https:\/\/shopatoa.com\/ro\/dripping-gold-perie-kabuki-dripping-gold-mini\/"},"modified":"2025-10-06T08:46:38","modified_gmt":"2025-10-06T06:46:38","slug":"dripping-gold-perie-kabuki-dripping-gold-mini","status":"publish","type":"product","link":"https:\/\/shopatoa.com\/ro\/dripping-gold-perie-kabuki-dripping-gold-mini\/","title":{"rendered":"Dripping Gold Perie Kabuki Dripping Gold Mini"},"content":{"rendered":"<p>Versiune mini a celei mai v\u00e2ndute pensule Kabuki. Perfect in c\u0103l\u0103torii pentru o r\u0103sp\u00e2ndire perfect\u0103 a lo\u021biunii autobronzante pe fa\u021ba dvs. Fibrele sintetice antibacteriene plantate dens se \u00eendep\u0103rteaz\u0103 impecabil at\u00e2t de produsele autobronzante, c\u00e2t \u0219i de orice produse de machiaj pudr\u0103 de pe fa\u021b\u0103. In plus, datorit\u0103 dimensiunilor sale compacte, o pute\u021bi pune in orice geant\u0103.<\/p>\n","protected":false},"excerpt":{"rendered":"<p>Versiune mini a celei mai v\u00e2ndute pensule Kabuki. Perfect in c\u0103l\u0103torii pentru o r\u0103sp\u00e2ndire perfect\u0103 a lo\u021biunii autobronzante pe fa\u021ba dvs. Fibrele sintetice antibacteriene plantate dens se \u00eendep\u0103rteaz\u0103 impecabil at\u00e2t de produsele autobronzante, c\u00e2t \u0219i de orice produse de machiaj pudr\u0103 de pe fa\u021b\u0103. In plus, datorit\u0103 dimensiunilor sale compacte, o pute\u021bi pune in orice&#8230;<\/p>\n","protected":false},"featured_media":268936,"comment_status":"closed","ping_status":"open","template":"","meta":{"_acf_changed":false,"_kadence_starter_templates_imported_post":false,"_kad_post_transparent":"","_kad_post_title":"","_kad_post_layout":"","_kad_post_sidebar_id":"","_kad_post_content_style":"","_kad_post_vertical_padding":"","_kad_post_feature":"","_kad_post_feature_position":"","_kad_post_header":false,"_kad_post_footer":false,"_kad_post_classname":""},"product_brand":[921],"product_cat":[658,246,609,714],"product_tag":[],"class_list":{"0":"post-268935","1":"product","2":"type-product","3":"status-publish","4":"has-post-thumbnail","6":"product_brand-dripping-gold","7":"product_cat-accesorii-cosmetice","8":"product_cat-cosmetice","9":"product_cat-cosmetice-decorative","10":"product_cat-perii-cosmetice","12":"first","13":"instock","14":"product-type-external","15":"entry","16":"content-bg","17":"loop-entry"},"acf":[],"yoast_head":"<!-- This site is optimized with the Yoast SEO plugin v27.3 - https:\/\/yoast.com\/product\/yoast-seo-wordpress\/ -->\n<title>Dripping Gold Perie Kabuki Dripping Gold Mini - SHOPATOA.COM<\/title>\n<meta name=\"robots\" content=\"index, follow, max-snippet:-1, max-image-preview:large, max-video-preview:-1\" \/>\n<link rel=\"canonical\" href=\"https:\/\/shopatoa.com\/ro\/dripping-gold-perie-kabuki-dripping-gold-mini\/\" \/>\n<meta property=\"og:locale\" content=\"ro_RO\" \/>\n<meta property=\"og:type\" content=\"article\" \/>\n<meta property=\"og:title\" content=\"Dripping Gold Perie Kabuki Dripping Gold Mini - SHOPATOA.COM\" \/>\n<meta property=\"og:description\" content=\"Versiune mini a celei mai v\u00e2ndute pensule Kabuki. Perfect in c\u0103l\u0103torii pentru o r\u0103sp\u00e2ndire perfect\u0103 a lo\u021biunii autobronzante pe fa\u021ba dvs. Fibrele sintetice antibacteriene plantate dens se \u00eendep\u0103rteaz\u0103 impecabil at\u00e2t de produsele autobronzante, c\u00e2t \u0219i de orice produse de machiaj pudr\u0103 de pe fa\u021b\u0103. In plus, datorit\u0103 dimensiunilor sale compacte, o pute\u021bi pune in orice...\" \/>\n<meta property=\"og:url\" content=\"https:\/\/shopatoa.com\/ro\/dripping-gold-perie-kabuki-dripping-gold-mini\/\" \/>\n<meta property=\"og:site_name\" content=\"SHOPATOA\" \/>\n<meta property=\"article:modified_time\" content=\"2025-10-06T06:46:38+00:00\" \/>\n<meta property=\"og:image\" content=\"https:\/\/storage.googleapis.com\/cz-shopatoa-img\/ro\/85a6f478-unnamed-file.webp\" \/>\n\t<meta property=\"og:image:width\" content=\"800\" \/>\n\t<meta property=\"og:image:height\" content=\"800\" \/>\n\t<meta property=\"og:image:type\" content=\"image\/webp\" \/>\n<meta name=\"twitter:card\" content=\"summary_large_image\" \/>\n<script type=\"application\/ld+json\" class=\"yoast-schema-graph\">{\"@context\":\"https:\\\/\\\/schema.org\",\"@graph\":[{\"@type\":\"WebPage\",\"@id\":\"https:\\\/\\\/shopatoa.com\\\/ro\\\/dripping-gold-perie-kabuki-dripping-gold-mini\\\/\",\"url\":\"https:\\\/\\\/shopatoa.com\\\/ro\\\/dripping-gold-perie-kabuki-dripping-gold-mini\\\/\",\"name\":\"Dripping Gold Perie Kabuki Dripping Gold Mini - SHOPATOA.COM\",\"isPartOf\":{\"@id\":\"https:\\\/\\\/shopatoa.com\\\/ro\\\/#website\"},\"primaryImageOfPage\":{\"@id\":\"https:\\\/\\\/shopatoa.com\\\/ro\\\/dripping-gold-perie-kabuki-dripping-gold-mini\\\/#primaryimage\"},\"image\":{\"@id\":\"https:\\\/\\\/shopatoa.com\\\/ro\\\/dripping-gold-perie-kabuki-dripping-gold-mini\\\/#primaryimage\"},\"thumbnailUrl\":\"https:\\\/\\\/storage.googleapis.com\\\/cz-shopatoa-img\\\/ro\\\/85a6f478-unnamed-file.webp\",\"datePublished\":\"2025-04-28T23:45:26+00:00\",\"dateModified\":\"2025-10-06T06:46:38+00:00\",\"breadcrumb\":{\"@id\":\"https:\\\/\\\/shopatoa.com\\\/ro\\\/dripping-gold-perie-kabuki-dripping-gold-mini\\\/#breadcrumb\"},\"inLanguage\":\"ro-RO\",\"potentialAction\":[{\"@type\":\"ReadAction\",\"target\":[\"https:\\\/\\\/shopatoa.com\\\/ro\\\/dripping-gold-perie-kabuki-dripping-gold-mini\\\/\"]}]},{\"@type\":\"ImageObject\",\"inLanguage\":\"ro-RO\",\"@id\":\"https:\\\/\\\/shopatoa.com\\\/ro\\\/dripping-gold-perie-kabuki-dripping-gold-mini\\\/#primaryimage\",\"url\":\"https:\\\/\\\/storage.googleapis.com\\\/cz-shopatoa-img\\\/ro\\\/85a6f478-unnamed-file.webp\",\"contentUrl\":\"https:\\\/\\\/storage.googleapis.com\\\/cz-shopatoa-img\\\/ro\\\/85a6f478-unnamed-file.webp\",\"width\":800,\"height\":800},{\"@type\":\"BreadcrumbList\",\"@id\":\"https:\\\/\\\/shopatoa.com\\\/ro\\\/dripping-gold-perie-kabuki-dripping-gold-mini\\\/#breadcrumb\",\"itemListElement\":[{\"@type\":\"ListItem\",\"position\":1,\"name\":\"Dom\u016f\",\"item\":\"https:\\\/\\\/shopatoa.com\\\/ro\\\/\"},{\"@type\":\"ListItem\",\"position\":2,\"name\":\"Shop\",\"item\":\"https:\\\/\\\/shopatoa.com\\\/ro\\\/shop\\\/\"},{\"@type\":\"ListItem\",\"position\":3,\"name\":\"Cosmetice\",\"item\":\"https:\\\/\\\/shopatoa.com\\\/ro\\\/cosmetice\\\/\"},{\"@type\":\"ListItem\",\"position\":4,\"name\":\"Cosmetice decorative\",\"item\":\"https:\\\/\\\/shopatoa.com\\\/ro\\\/cosmetice-decorative\\\/\"},{\"@type\":\"ListItem\",\"position\":5,\"name\":\"Accesorii cosmetice\",\"item\":\"https:\\\/\\\/shopatoa.com\\\/ro\\\/accesorii-cosmetice\\\/\"},{\"@type\":\"ListItem\",\"position\":6,\"name\":\"Perii cosmetice\",\"item\":\"https:\\\/\\\/shopatoa.com\\\/ro\\\/perii-cosmetice\\\/\"},{\"@type\":\"ListItem\",\"position\":7,\"name\":\"Dripping Gold Perie Kabuki Dripping Gold Mini\"}]},{\"@type\":\"WebSite\",\"@id\":\"https:\\\/\\\/shopatoa.com\\\/ro\\\/#website\",\"url\":\"https:\\\/\\\/shopatoa.com\\\/ro\\\/\",\"name\":\"SHOPATOA\",\"description\":\"\",\"publisher\":{\"@id\":\"https:\\\/\\\/shopatoa.com\\\/ro\\\/#organization\"},\"potentialAction\":[{\"@type\":\"SearchAction\",\"target\":{\"@type\":\"EntryPoint\",\"urlTemplate\":\"https:\\\/\\\/shopatoa.com\\\/ro\\\/?s={search_term_string}\"},\"query-input\":{\"@type\":\"PropertyValueSpecification\",\"valueRequired\":true,\"valueName\":\"search_term_string\"}}],\"inLanguage\":\"ro-RO\"},{\"@type\":\"Organization\",\"@id\":\"https:\\\/\\\/shopatoa.com\\\/ro\\\/#organization\",\"name\":\"SHOPATOA\",\"url\":\"https:\\\/\\\/shopatoa.com\\\/ro\\\/\",\"logo\":{\"@type\":\"ImageObject\",\"inLanguage\":\"ro-RO\",\"@id\":\"https:\\\/\\\/shopatoa.com\\\/ro\\\/#\\\/schema\\\/logo\\\/image\\\/\",\"url\":\"https:\\\/\\\/storage.googleapis.com\\\/cz-shopatoa-img\\\/ro\\\/b4dac915-shopatoa_logo.png\",\"contentUrl\":\"https:\\\/\\\/storage.googleapis.com\\\/cz-shopatoa-img\\\/ro\\\/b4dac915-shopatoa_logo.png\",\"width\":416,\"height\":63,\"caption\":\"SHOPATOA\"},\"image\":{\"@id\":\"https:\\\/\\\/shopatoa.com\\\/ro\\\/#\\\/schema\\\/logo\\\/image\\\/\"}}]}<\/script>\n<!-- \/ Yoast SEO plugin. -->","yoast_head_json":{"title":"Dripping Gold Perie Kabuki Dripping Gold Mini - SHOPATOA.COM","robots":{"index":"index","follow":"follow","max-snippet":"max-snippet:-1","max-image-preview":"max-image-preview:large","max-video-preview":"max-video-preview:-1"},"canonical":"https:\/\/shopatoa.com\/ro\/dripping-gold-perie-kabuki-dripping-gold-mini\/","og_locale":"ro_RO","og_type":"article","og_title":"Dripping Gold Perie Kabuki Dripping Gold Mini - SHOPATOA.COM","og_description":"Versiune mini a celei mai v\u00e2ndute pensule Kabuki. Perfect in c\u0103l\u0103torii pentru o r\u0103sp\u00e2ndire perfect\u0103 a lo\u021biunii autobronzante pe fa\u021ba dvs. Fibrele sintetice antibacteriene plantate dens se \u00eendep\u0103rteaz\u0103 impecabil at\u00e2t de produsele autobronzante, c\u00e2t \u0219i de orice produse de machiaj pudr\u0103 de pe fa\u021b\u0103. In plus, datorit\u0103 dimensiunilor sale compacte, o pute\u021bi pune in orice...","og_url":"https:\/\/shopatoa.com\/ro\/dripping-gold-perie-kabuki-dripping-gold-mini\/","og_site_name":"SHOPATOA","article_modified_time":"2025-10-06T06:46:38+00:00","og_image":[{"width":800,"height":800,"url":"https:\/\/storage.googleapis.com\/cz-shopatoa-img\/ro\/85a6f478-unnamed-file.webp","type":"image\/webp"}],"twitter_card":"summary_large_image","schema":{"@context":"https:\/\/schema.org","@graph":[{"@type":"WebPage","@id":"https:\/\/shopatoa.com\/ro\/dripping-gold-perie-kabuki-dripping-gold-mini\/","url":"https:\/\/shopatoa.com\/ro\/dripping-gold-perie-kabuki-dripping-gold-mini\/","name":"Dripping Gold Perie Kabuki Dripping Gold Mini - SHOPATOA.COM","isPartOf":{"@id":"https:\/\/shopatoa.com\/ro\/#website"},"primaryImageOfPage":{"@id":"https:\/\/shopatoa.com\/ro\/dripping-gold-perie-kabuki-dripping-gold-mini\/#primaryimage"},"image":{"@id":"https:\/\/shopatoa.com\/ro\/dripping-gold-perie-kabuki-dripping-gold-mini\/#primaryimage"},"thumbnailUrl":"https:\/\/storage.googleapis.com\/cz-shopatoa-img\/ro\/85a6f478-unnamed-file.webp","datePublished":"2025-04-28T23:45:26+00:00","dateModified":"2025-10-06T06:46:38+00:00","breadcrumb":{"@id":"https:\/\/shopatoa.com\/ro\/dripping-gold-perie-kabuki-dripping-gold-mini\/#breadcrumb"},"inLanguage":"ro-RO","potentialAction":[{"@type":"ReadAction","target":["https:\/\/shopatoa.com\/ro\/dripping-gold-perie-kabuki-dripping-gold-mini\/"]}]},{"@type":"ImageObject","inLanguage":"ro-RO","@id":"https:\/\/shopatoa.com\/ro\/dripping-gold-perie-kabuki-dripping-gold-mini\/#primaryimage","url":"https:\/\/storage.googleapis.com\/cz-shopatoa-img\/ro\/85a6f478-unnamed-file.webp","contentUrl":"https:\/\/storage.googleapis.com\/cz-shopatoa-img\/ro\/85a6f478-unnamed-file.webp","width":800,"height":800},{"@type":"BreadcrumbList","@id":"https:\/\/shopatoa.com\/ro\/dripping-gold-perie-kabuki-dripping-gold-mini\/#breadcrumb","itemListElement":[{"@type":"ListItem","position":1,"name":"Dom\u016f","item":"https:\/\/shopatoa.com\/ro\/"},{"@type":"ListItem","position":2,"name":"Shop","item":"https:\/\/shopatoa.com\/ro\/shop\/"},{"@type":"ListItem","position":3,"name":"Cosmetice","item":"https:\/\/shopatoa.com\/ro\/cosmetice\/"},{"@type":"ListItem","position":4,"name":"Cosmetice decorative","item":"https:\/\/shopatoa.com\/ro\/cosmetice-decorative\/"},{"@type":"ListItem","position":5,"name":"Accesorii cosmetice","item":"https:\/\/shopatoa.com\/ro\/accesorii-cosmetice\/"},{"@type":"ListItem","position":6,"name":"Perii cosmetice","item":"https:\/\/shopatoa.com\/ro\/perii-cosmetice\/"},{"@type":"ListItem","position":7,"name":"Dripping Gold Perie Kabuki Dripping Gold Mini"}]},{"@type":"WebSite","@id":"https:\/\/shopatoa.com\/ro\/#website","url":"https:\/\/shopatoa.com\/ro\/","name":"SHOPATOA","description":"","publisher":{"@id":"https:\/\/shopatoa.com\/ro\/#organization"},"potentialAction":[{"@type":"SearchAction","target":{"@type":"EntryPoint","urlTemplate":"https:\/\/shopatoa.com\/ro\/?s={search_term_string}"},"query-input":{"@type":"PropertyValueSpecification","valueRequired":true,"valueName":"search_term_string"}}],"inLanguage":"ro-RO"},{"@type":"Organization","@id":"https:\/\/shopatoa.com\/ro\/#organization","name":"SHOPATOA","url":"https:\/\/shopatoa.com\/ro\/","logo":{"@type":"ImageObject","inLanguage":"ro-RO","@id":"https:\/\/shopatoa.com\/ro\/#\/schema\/logo\/image\/","url":"https:\/\/storage.googleapis.com\/cz-shopatoa-img\/ro\/b4dac915-shopatoa_logo.png","contentUrl":"https:\/\/storage.googleapis.com\/cz-shopatoa-img\/ro\/b4dac915-shopatoa_logo.png","width":416,"height":63,"caption":"SHOPATOA"},"image":{"@id":"https:\/\/shopatoa.com\/ro\/#\/schema\/logo\/image\/"}}]}},"_links":{"self":[{"href":"https:\/\/shopatoa.com\/ro\/wp-json\/wp\/v2\/product\/268935","targetHints":{"allow":["GET"]}}],"collection":[{"href":"https:\/\/shopatoa.com\/ro\/wp-json\/wp\/v2\/product"}],"about":[{"href":"https:\/\/shopatoa.com\/ro\/wp-json\/wp\/v2\/types\/product"}],"replies":[{"embeddable":true,"href":"https:\/\/shopatoa.com\/ro\/wp-json\/wp\/v2\/comments?post=268935"}],"wp:featuredmedia":[{"embeddable":true,"href":"https:\/\/shopatoa.com\/ro\/wp-json\/wp\/v2\/media\/268936"}],"wp:attachment":[{"href":"https:\/\/shopatoa.com\/ro\/wp-json\/wp\/v2\/media?parent=268935"}],"wp:term":[{"taxonomy":"product_brand","embeddable":true,"href":"https:\/\/shopatoa.com\/ro\/wp-json\/wp\/v2\/product_brand?post=268935"},{"taxonomy":"product_cat","embeddable":true,"href":"https:\/\/shopatoa.com\/ro\/wp-json\/wp\/v2\/product_cat?post=268935"},{"taxonomy":"product_tag","embeddable":true,"href":"https:\/\/shopatoa.com\/ro\/wp-json\/wp\/v2\/product_tag?post=268935"}],"curies":[{"name":"wp","href":"https:\/\/api.w.org\/{rel}","templated":true}]}}