{"id":269061,"date":"2025-04-29T02:11:21","date_gmt":"2025-04-29T00:11:21","guid":{"rendered":"https:\/\/shopatoa.com\/ro\/philips-producator-de-soda-viva-add4902-cu-cartus-co2-alb-add4902wh\/"},"modified":"2025-12-09T03:05:56","modified_gmt":"2025-12-09T02:05:56","slug":"philips-producator-de-soda-viva-add4902-cu-cartus-co2-alb-add4902wh","status":"publish","type":"product","link":"https:\/\/shopatoa.com\/ro\/philips-producator-de-soda-viva-add4902-cu-cartus-co2-alb-add4902wh\/","title":{"rendered":"Philips Produc\u0103tor de sod\u0103 Viva ADD4902 cu cartu\u0219 CO2 alb ADD4902WH"},"content":{"rendered":"<p>R\u0103sf\u0103\u021ba\u021bi-v\u0103 oric\u00e2nd cu ap\u0103 spumant\u0103 r\u0103coritoare cu Philips GoZero. Doar 3 pa\u0219i simpli \u2013 umple\u021bi, r\u0103suci\u021bi \u0219i ap\u0103sa\u021bi. Designul elegant, cu un finisaj din o\u021bel inoxidabil lustruit, se va integra \u00een buc\u0103t\u0103ria dvs. \u0219i va completa stilul casei dvs. Produc\u0103torul are un design compact care \u00eel face s\u0103 se potriveasc\u0103 oriunde. Limiteaz\u0103 utilizarea materialelor plastice de unic\u0103 folosin\u021b\u0103. O butelie de CO2 produce p\u00e2n\u0103 la 60 de litri de ap\u0103 spumant\u0103 delicioas\u0103, \u00eenlocuind 120 de sticle de plastic de unic\u0103 folosin\u021b\u0103.<\/p>\n","protected":false},"excerpt":{"rendered":"<p>R\u0103sf\u0103\u021ba\u021bi-v\u0103 oric\u00e2nd cu ap\u0103 spumant\u0103 r\u0103coritoare cu Philips GoZero. Doar 3 pa\u0219i simpli \u2013 umple\u021bi, r\u0103suci\u021bi \u0219i ap\u0103sa\u021bi. Designul elegant, cu un finisaj din o\u021bel inoxidabil lustruit, se va integra \u00een buc\u0103t\u0103ria dvs. \u0219i va completa stilul casei dvs. Produc\u0103torul are un design compact care \u00eel face s\u0103 se potriveasc\u0103 oriunde. Limiteaz\u0103 utilizarea materialelor plastice&#8230;<\/p>\n","protected":false},"featured_media":269062,"comment_status":"closed","ping_status":"open","template":"","meta":{"_acf_changed":false,"_kadence_starter_templates_imported_post":false,"_kad_post_transparent":"","_kad_post_title":"","_kad_post_layout":"","_kad_post_sidebar_id":"","_kad_post_content_style":"","_kad_post_vertical_padding":"","_kad_post_feature":"","_kad_post_feature_position":"","_kad_post_header":false,"_kad_post_footer":false,"_kad_post_classname":""},"product_brand":[495],"product_cat":[703,353],"product_tag":[],"class_list":{"0":"post-269061","1":"product","2":"type-product","3":"status-publish","4":"has-post-thumbnail","6":"product_brand-philips","7":"product_cat-gospodarie","8":"product_cat-sanatate","10":"first","11":"instock","12":"product-type-external","13":"entry","14":"content-bg","15":"loop-entry"},"acf":[],"yoast_head":"<!-- This site is optimized with the Yoast SEO plugin v27.4 - https:\/\/yoast.com\/product\/yoast-seo-wordpress\/ -->\n<title>Philips Produc\u0103tor de sod\u0103 Viva ADD4902 cu cartu\u0219 CO2 alb ADD4902WH - SHOPATOA.COM<\/title>\n<meta name=\"robots\" content=\"index, follow, max-snippet:-1, max-image-preview:large, max-video-preview:-1\" \/>\n<link rel=\"canonical\" href=\"https:\/\/shopatoa.com\/ro\/philips-producator-de-soda-viva-add4902-cu-cartus-co2-alb-add4902wh\/\" \/>\n<meta property=\"og:locale\" content=\"ro_RO\" \/>\n<meta property=\"og:type\" content=\"article\" \/>\n<meta property=\"og:title\" content=\"Philips Produc\u0103tor de sod\u0103 Viva ADD4902 cu cartu\u0219 CO2 alb ADD4902WH - SHOPATOA.COM\" \/>\n<meta property=\"og:description\" content=\"R\u0103sf\u0103\u021ba\u021bi-v\u0103 oric\u00e2nd cu ap\u0103 spumant\u0103 r\u0103coritoare cu Philips GoZero. Doar 3 pa\u0219i simpli \u2013 umple\u021bi, r\u0103suci\u021bi \u0219i ap\u0103sa\u021bi. Designul elegant, cu un finisaj din o\u021bel inoxidabil lustruit, se va integra \u00een buc\u0103t\u0103ria dvs. \u0219i va completa stilul casei dvs. Produc\u0103torul are un design compact care \u00eel face s\u0103 se potriveasc\u0103 oriunde. Limiteaz\u0103 utilizarea materialelor plastice...\" \/>\n<meta property=\"og:url\" content=\"https:\/\/shopatoa.com\/ro\/philips-producator-de-soda-viva-add4902-cu-cartus-co2-alb-add4902wh\/\" \/>\n<meta property=\"og:site_name\" content=\"SHOPATOA\" \/>\n<meta property=\"article:modified_time\" content=\"2025-12-09T02:05:56+00:00\" \/>\n<meta property=\"og:image\" content=\"https:\/\/storage.googleapis.com\/cz-shopatoa-img\/ro\/dece5c56-unnamed-file.webp\" \/>\n\t<meta property=\"og:image:width\" content=\"800\" \/>\n\t<meta property=\"og:image:height\" content=\"800\" \/>\n\t<meta property=\"og:image:type\" content=\"image\/webp\" \/>\n<meta name=\"twitter:card\" content=\"summary_large_image\" \/>\n<script type=\"application\/ld+json\" class=\"yoast-schema-graph\">{\"@context\":\"https:\\\/\\\/schema.org\",\"@graph\":[{\"@type\":\"WebPage\",\"@id\":\"https:\\\/\\\/shopatoa.com\\\/ro\\\/philips-producator-de-soda-viva-add4902-cu-cartus-co2-alb-add4902wh\\\/\",\"url\":\"https:\\\/\\\/shopatoa.com\\\/ro\\\/philips-producator-de-soda-viva-add4902-cu-cartus-co2-alb-add4902wh\\\/\",\"name\":\"Philips Produc\u0103tor de sod\u0103 Viva ADD4902 cu cartu\u0219 CO2 alb ADD4902WH - SHOPATOA.COM\",\"isPartOf\":{\"@id\":\"https:\\\/\\\/shopatoa.com\\\/ro\\\/#website\"},\"primaryImageOfPage\":{\"@id\":\"https:\\\/\\\/shopatoa.com\\\/ro\\\/philips-producator-de-soda-viva-add4902-cu-cartus-co2-alb-add4902wh\\\/#primaryimage\"},\"image\":{\"@id\":\"https:\\\/\\\/shopatoa.com\\\/ro\\\/philips-producator-de-soda-viva-add4902-cu-cartus-co2-alb-add4902wh\\\/#primaryimage\"},\"thumbnailUrl\":\"https:\\\/\\\/storage.googleapis.com\\\/cz-shopatoa-img\\\/ro\\\/dece5c56-unnamed-file.webp\",\"datePublished\":\"2025-04-29T00:11:21+00:00\",\"dateModified\":\"2025-12-09T02:05:56+00:00\",\"breadcrumb\":{\"@id\":\"https:\\\/\\\/shopatoa.com\\\/ro\\\/philips-producator-de-soda-viva-add4902-cu-cartus-co2-alb-add4902wh\\\/#breadcrumb\"},\"inLanguage\":\"ro-RO\",\"potentialAction\":[{\"@type\":\"ReadAction\",\"target\":[\"https:\\\/\\\/shopatoa.com\\\/ro\\\/philips-producator-de-soda-viva-add4902-cu-cartus-co2-alb-add4902wh\\\/\"]}]},{\"@type\":\"ImageObject\",\"inLanguage\":\"ro-RO\",\"@id\":\"https:\\\/\\\/shopatoa.com\\\/ro\\\/philips-producator-de-soda-viva-add4902-cu-cartus-co2-alb-add4902wh\\\/#primaryimage\",\"url\":\"https:\\\/\\\/storage.googleapis.com\\\/cz-shopatoa-img\\\/ro\\\/dece5c56-unnamed-file.webp\",\"contentUrl\":\"https:\\\/\\\/storage.googleapis.com\\\/cz-shopatoa-img\\\/ro\\\/dece5c56-unnamed-file.webp\",\"width\":800,\"height\":800},{\"@type\":\"BreadcrumbList\",\"@id\":\"https:\\\/\\\/shopatoa.com\\\/ro\\\/philips-producator-de-soda-viva-add4902-cu-cartus-co2-alb-add4902wh\\\/#breadcrumb\",\"itemListElement\":[{\"@type\":\"ListItem\",\"position\":1,\"name\":\"Dom\u016f\",\"item\":\"https:\\\/\\\/shopatoa.com\\\/ro\\\/\"},{\"@type\":\"ListItem\",\"position\":2,\"name\":\"Shop\",\"item\":\"https:\\\/\\\/shopatoa.com\\\/ro\\\/shop\\\/\"},{\"@type\":\"ListItem\",\"position\":3,\"name\":\"S\u0103n\u0103tate\",\"item\":\"https:\\\/\\\/shopatoa.com\\\/ro\\\/sanatate\\\/\"},{\"@type\":\"ListItem\",\"position\":4,\"name\":\"Gospod\u0103rie\",\"item\":\"https:\\\/\\\/shopatoa.com\\\/ro\\\/gospodarie\\\/\"},{\"@type\":\"ListItem\",\"position\":5,\"name\":\"Philips Produc\u0103tor de sod\u0103 Viva ADD4902 cu cartu\u0219 CO2 alb ADD4902WH\"}]},{\"@type\":\"WebSite\",\"@id\":\"https:\\\/\\\/shopatoa.com\\\/ro\\\/#website\",\"url\":\"https:\\\/\\\/shopatoa.com\\\/ro\\\/\",\"name\":\"SHOPATOA\",\"description\":\"\",\"publisher\":{\"@id\":\"https:\\\/\\\/shopatoa.com\\\/ro\\\/#organization\"},\"potentialAction\":[{\"@type\":\"SearchAction\",\"target\":{\"@type\":\"EntryPoint\",\"urlTemplate\":\"https:\\\/\\\/shopatoa.com\\\/ro\\\/?s={search_term_string}\"},\"query-input\":{\"@type\":\"PropertyValueSpecification\",\"valueRequired\":true,\"valueName\":\"search_term_string\"}}],\"inLanguage\":\"ro-RO\"},{\"@type\":\"Organization\",\"@id\":\"https:\\\/\\\/shopatoa.com\\\/ro\\\/#organization\",\"name\":\"SHOPATOA\",\"url\":\"https:\\\/\\\/shopatoa.com\\\/ro\\\/\",\"logo\":{\"@type\":\"ImageObject\",\"inLanguage\":\"ro-RO\",\"@id\":\"https:\\\/\\\/shopatoa.com\\\/ro\\\/#\\\/schema\\\/logo\\\/image\\\/\",\"url\":\"https:\\\/\\\/storage.googleapis.com\\\/cz-shopatoa-img\\\/ro\\\/b4dac915-shopatoa_logo.png\",\"contentUrl\":\"https:\\\/\\\/storage.googleapis.com\\\/cz-shopatoa-img\\\/ro\\\/b4dac915-shopatoa_logo.png\",\"width\":416,\"height\":63,\"caption\":\"SHOPATOA\"},\"image\":{\"@id\":\"https:\\\/\\\/shopatoa.com\\\/ro\\\/#\\\/schema\\\/logo\\\/image\\\/\"}}]}<\/script>\n<!-- \/ Yoast SEO plugin. -->","yoast_head_json":{"title":"Philips Produc\u0103tor de sod\u0103 Viva ADD4902 cu cartu\u0219 CO2 alb ADD4902WH - SHOPATOA.COM","robots":{"index":"index","follow":"follow","max-snippet":"max-snippet:-1","max-image-preview":"max-image-preview:large","max-video-preview":"max-video-preview:-1"},"canonical":"https:\/\/shopatoa.com\/ro\/philips-producator-de-soda-viva-add4902-cu-cartus-co2-alb-add4902wh\/","og_locale":"ro_RO","og_type":"article","og_title":"Philips Produc\u0103tor de sod\u0103 Viva ADD4902 cu cartu\u0219 CO2 alb ADD4902WH - SHOPATOA.COM","og_description":"R\u0103sf\u0103\u021ba\u021bi-v\u0103 oric\u00e2nd cu ap\u0103 spumant\u0103 r\u0103coritoare cu Philips GoZero. Doar 3 pa\u0219i simpli \u2013 umple\u021bi, r\u0103suci\u021bi \u0219i ap\u0103sa\u021bi. Designul elegant, cu un finisaj din o\u021bel inoxidabil lustruit, se va integra \u00een buc\u0103t\u0103ria dvs. \u0219i va completa stilul casei dvs. Produc\u0103torul are un design compact care \u00eel face s\u0103 se potriveasc\u0103 oriunde. Limiteaz\u0103 utilizarea materialelor plastice...","og_url":"https:\/\/shopatoa.com\/ro\/philips-producator-de-soda-viva-add4902-cu-cartus-co2-alb-add4902wh\/","og_site_name":"SHOPATOA","article_modified_time":"2025-12-09T02:05:56+00:00","og_image":[{"width":800,"height":800,"url":"https:\/\/storage.googleapis.com\/cz-shopatoa-img\/ro\/dece5c56-unnamed-file.webp","type":"image\/webp"}],"twitter_card":"summary_large_image","schema":{"@context":"https:\/\/schema.org","@graph":[{"@type":"WebPage","@id":"https:\/\/shopatoa.com\/ro\/philips-producator-de-soda-viva-add4902-cu-cartus-co2-alb-add4902wh\/","url":"https:\/\/shopatoa.com\/ro\/philips-producator-de-soda-viva-add4902-cu-cartus-co2-alb-add4902wh\/","name":"Philips Produc\u0103tor de sod\u0103 Viva ADD4902 cu cartu\u0219 CO2 alb ADD4902WH - SHOPATOA.COM","isPartOf":{"@id":"https:\/\/shopatoa.com\/ro\/#website"},"primaryImageOfPage":{"@id":"https:\/\/shopatoa.com\/ro\/philips-producator-de-soda-viva-add4902-cu-cartus-co2-alb-add4902wh\/#primaryimage"},"image":{"@id":"https:\/\/shopatoa.com\/ro\/philips-producator-de-soda-viva-add4902-cu-cartus-co2-alb-add4902wh\/#primaryimage"},"thumbnailUrl":"https:\/\/storage.googleapis.com\/cz-shopatoa-img\/ro\/dece5c56-unnamed-file.webp","datePublished":"2025-04-29T00:11:21+00:00","dateModified":"2025-12-09T02:05:56+00:00","breadcrumb":{"@id":"https:\/\/shopatoa.com\/ro\/philips-producator-de-soda-viva-add4902-cu-cartus-co2-alb-add4902wh\/#breadcrumb"},"inLanguage":"ro-RO","potentialAction":[{"@type":"ReadAction","target":["https:\/\/shopatoa.com\/ro\/philips-producator-de-soda-viva-add4902-cu-cartus-co2-alb-add4902wh\/"]}]},{"@type":"ImageObject","inLanguage":"ro-RO","@id":"https:\/\/shopatoa.com\/ro\/philips-producator-de-soda-viva-add4902-cu-cartus-co2-alb-add4902wh\/#primaryimage","url":"https:\/\/storage.googleapis.com\/cz-shopatoa-img\/ro\/dece5c56-unnamed-file.webp","contentUrl":"https:\/\/storage.googleapis.com\/cz-shopatoa-img\/ro\/dece5c56-unnamed-file.webp","width":800,"height":800},{"@type":"BreadcrumbList","@id":"https:\/\/shopatoa.com\/ro\/philips-producator-de-soda-viva-add4902-cu-cartus-co2-alb-add4902wh\/#breadcrumb","itemListElement":[{"@type":"ListItem","position":1,"name":"Dom\u016f","item":"https:\/\/shopatoa.com\/ro\/"},{"@type":"ListItem","position":2,"name":"Shop","item":"https:\/\/shopatoa.com\/ro\/shop\/"},{"@type":"ListItem","position":3,"name":"S\u0103n\u0103tate","item":"https:\/\/shopatoa.com\/ro\/sanatate\/"},{"@type":"ListItem","position":4,"name":"Gospod\u0103rie","item":"https:\/\/shopatoa.com\/ro\/gospodarie\/"},{"@type":"ListItem","position":5,"name":"Philips Produc\u0103tor de sod\u0103 Viva ADD4902 cu cartu\u0219 CO2 alb ADD4902WH"}]},{"@type":"WebSite","@id":"https:\/\/shopatoa.com\/ro\/#website","url":"https:\/\/shopatoa.com\/ro\/","name":"SHOPATOA","description":"","publisher":{"@id":"https:\/\/shopatoa.com\/ro\/#organization"},"potentialAction":[{"@type":"SearchAction","target":{"@type":"EntryPoint","urlTemplate":"https:\/\/shopatoa.com\/ro\/?s={search_term_string}"},"query-input":{"@type":"PropertyValueSpecification","valueRequired":true,"valueName":"search_term_string"}}],"inLanguage":"ro-RO"},{"@type":"Organization","@id":"https:\/\/shopatoa.com\/ro\/#organization","name":"SHOPATOA","url":"https:\/\/shopatoa.com\/ro\/","logo":{"@type":"ImageObject","inLanguage":"ro-RO","@id":"https:\/\/shopatoa.com\/ro\/#\/schema\/logo\/image\/","url":"https:\/\/storage.googleapis.com\/cz-shopatoa-img\/ro\/b4dac915-shopatoa_logo.png","contentUrl":"https:\/\/storage.googleapis.com\/cz-shopatoa-img\/ro\/b4dac915-shopatoa_logo.png","width":416,"height":63,"caption":"SHOPATOA"},"image":{"@id":"https:\/\/shopatoa.com\/ro\/#\/schema\/logo\/image\/"}}]}},"_links":{"self":[{"href":"https:\/\/shopatoa.com\/ro\/wp-json\/wp\/v2\/product\/269061","targetHints":{"allow":["GET"]}}],"collection":[{"href":"https:\/\/shopatoa.com\/ro\/wp-json\/wp\/v2\/product"}],"about":[{"href":"https:\/\/shopatoa.com\/ro\/wp-json\/wp\/v2\/types\/product"}],"replies":[{"embeddable":true,"href":"https:\/\/shopatoa.com\/ro\/wp-json\/wp\/v2\/comments?post=269061"}],"wp:featuredmedia":[{"embeddable":true,"href":"https:\/\/shopatoa.com\/ro\/wp-json\/wp\/v2\/media\/269062"}],"wp:attachment":[{"href":"https:\/\/shopatoa.com\/ro\/wp-json\/wp\/v2\/media?parent=269061"}],"wp:term":[{"taxonomy":"product_brand","embeddable":true,"href":"https:\/\/shopatoa.com\/ro\/wp-json\/wp\/v2\/product_brand?post=269061"},{"taxonomy":"product_cat","embeddable":true,"href":"https:\/\/shopatoa.com\/ro\/wp-json\/wp\/v2\/product_cat?post=269061"},{"taxonomy":"product_tag","embeddable":true,"href":"https:\/\/shopatoa.com\/ro\/wp-json\/wp\/v2\/product_tag?post=269061"}],"curies":[{"name":"wp","href":"https:\/\/api.w.org\/{rel}","templated":true}]}}