{"id":269191,"date":"2025-04-29T02:40:17","date_gmt":"2025-04-29T00:40:17","guid":{"rendered":"https:\/\/shopatoa.com\/ro\/vitalcare-sistem-de-albire-pap-white-pearl-80-ml\/"},"modified":"2025-12-09T02:44:13","modified_gmt":"2025-12-09T01:44:13","slug":"vitalcare-sistem-de-albire-pap-white-pearl-80-ml","status":"publish","type":"product","link":"https:\/\/shopatoa.com\/ro\/vitalcare-sistem-de-albire-pap-white-pearl-80-ml\/","title":{"rendered":"VitalCare Sistem de albire PAP White Pearl 80 ml"},"content":{"rendered":"<p>Cercet\u0103rile demonstreaz\u0103 c\u0103 efectul de albire dup\u0103 utilizarea gelului PAP White Pearl este acela\u0219i ca atunci c\u00e2nd se utilizeaz\u0103 compu\u0219i H2O2 \u0219i dureaz\u0103 p\u00e2n\u0103 la c\u00e2\u021biva ani. Chiar dac\u0103 din\u021bii albi\u021bi se \u00eeng\u0103lbenesc \u00een timp din cauza alimentelor colorante (cafea, vin, sosuri) \u0219i a tutunului, ei r\u0103m\u00e2n totu\u0219i mai albi pe termen lung dec\u00e2t \u00eenainte de procedura de albire PAP. Unii din\u021bi foarte p\u0103ta\u021bi pot necesita o procedur\u0103 de albire mai lung\u0103 dec\u00e2t din\u021bii u\u0219or p\u0103ta\u021bi. Pachetul include: 2 tuburi de gel de albire cu un dozator practic, 4 aplicatoare modelabile, instruc\u021biuni detaliate de utilizare. Alte componente importante ale gelului: Hidroxiapatita: \u00eent\u0103re\u0219te si remineralizeaz\u0103 smal\u021bul din\u021bilor Xilitol: utilizat pentru prevenirea cariilor dentare. Efectul se bazeaz\u0103 pe p\u0103trunderea sa \u00een celula bacterian\u0103, care ulterior degenereaz\u0103 \u0219i moare. Xilitolul se caracterizeaz\u0103 \u0219i prin reducerea form\u0103rii pl\u0103cii. Acolo unde a avut loc deja decalcificarea smal\u021bului, xilitolul particip\u0103 la procesele care conduc la remineralizarea acestuia.<\/p>\n","protected":false},"excerpt":{"rendered":"<p>Cercet\u0103rile demonstreaz\u0103 c\u0103 efectul de albire dup\u0103 utilizarea gelului PAP White Pearl este acela\u0219i ca atunci c\u00e2nd se utilizeaz\u0103 compu\u0219i H2O2 \u0219i dureaz\u0103 p\u00e2n\u0103 la c\u00e2\u021biva ani. Chiar dac\u0103 din\u021bii albi\u021bi se \u00eeng\u0103lbenesc \u00een timp din cauza alimentelor colorante (cafea, vin, sosuri) \u0219i a tutunului, ei r\u0103m\u00e2n totu\u0219i mai albi pe termen lung dec\u00e2t \u00eenainte&#8230;<\/p>\n","protected":false},"featured_media":269192,"comment_status":"closed","ping_status":"open","template":"","meta":{"_acf_changed":false,"_kadence_starter_templates_imported_post":false,"_kad_post_transparent":"","_kad_post_title":"","_kad_post_layout":"","_kad_post_sidebar_id":"","_kad_post_content_style":"","_kad_post_vertical_padding":"","_kad_post_feature":"","_kad_post_feature_position":"","_kad_post_header":false,"_kad_post_footer":false,"_kad_post_classname":""},"product_brand":[855],"product_cat":[829,246,828,709],"product_tag":[],"class_list":{"0":"post-269191","1":"product","2":"type-product","3":"status-publish","4":"has-post-thumbnail","6":"product_brand-vitalcare","7":"product_cat-albirea-dintilor","8":"product_cat-cosmetice","9":"product_cat-ingrijire-speciala-orala","10":"product_cat-ingrijirea-dentara","12":"first","13":"instock","14":"product-type-external","15":"entry","16":"content-bg","17":"loop-entry"},"acf":[],"yoast_head":"<!-- This site is optimized with the Yoast SEO plugin v27.4 - https:\/\/yoast.com\/product\/yoast-seo-wordpress\/ -->\n<title>VitalCare Sistem de albire PAP White Pearl 80 ml - SHOPATOA.COM<\/title>\n<meta name=\"robots\" content=\"index, follow, max-snippet:-1, max-image-preview:large, max-video-preview:-1\" \/>\n<link rel=\"canonical\" href=\"https:\/\/shopatoa.com\/ro\/vitalcare-sistem-de-albire-pap-white-pearl-80-ml\/\" \/>\n<meta property=\"og:locale\" content=\"ro_RO\" \/>\n<meta property=\"og:type\" content=\"article\" \/>\n<meta property=\"og:title\" content=\"VitalCare Sistem de albire PAP White Pearl 80 ml - SHOPATOA.COM\" \/>\n<meta property=\"og:description\" content=\"Cercet\u0103rile demonstreaz\u0103 c\u0103 efectul de albire dup\u0103 utilizarea gelului PAP White Pearl este acela\u0219i ca atunci c\u00e2nd se utilizeaz\u0103 compu\u0219i H2O2 \u0219i dureaz\u0103 p\u00e2n\u0103 la c\u00e2\u021biva ani. Chiar dac\u0103 din\u021bii albi\u021bi se \u00eeng\u0103lbenesc \u00een timp din cauza alimentelor colorante (cafea, vin, sosuri) \u0219i a tutunului, ei r\u0103m\u00e2n totu\u0219i mai albi pe termen lung dec\u00e2t \u00eenainte...\" \/>\n<meta property=\"og:url\" content=\"https:\/\/shopatoa.com\/ro\/vitalcare-sistem-de-albire-pap-white-pearl-80-ml\/\" \/>\n<meta property=\"og:site_name\" content=\"SHOPATOA\" \/>\n<meta property=\"article:modified_time\" content=\"2025-12-09T01:44:13+00:00\" \/>\n<meta property=\"og:image\" content=\"https:\/\/storage.googleapis.com\/cz-shopatoa-img\/ro\/bbde3105-unnamed-file.webp\" \/>\n\t<meta property=\"og:image:width\" content=\"800\" \/>\n\t<meta property=\"og:image:height\" content=\"800\" \/>\n\t<meta property=\"og:image:type\" content=\"image\/webp\" \/>\n<meta name=\"twitter:card\" content=\"summary_large_image\" \/>\n<meta name=\"twitter:label1\" content=\"Timp estimat pentru citire\" \/>\n\t<meta name=\"twitter:data1\" content=\"1 minut\" \/>\n<script type=\"application\/ld+json\" class=\"yoast-schema-graph\">{\"@context\":\"https:\\\/\\\/schema.org\",\"@graph\":[{\"@type\":\"WebPage\",\"@id\":\"https:\\\/\\\/shopatoa.com\\\/ro\\\/vitalcare-sistem-de-albire-pap-white-pearl-80-ml\\\/\",\"url\":\"https:\\\/\\\/shopatoa.com\\\/ro\\\/vitalcare-sistem-de-albire-pap-white-pearl-80-ml\\\/\",\"name\":\"VitalCare Sistem de albire PAP White Pearl 80 ml - SHOPATOA.COM\",\"isPartOf\":{\"@id\":\"https:\\\/\\\/shopatoa.com\\\/ro\\\/#website\"},\"primaryImageOfPage\":{\"@id\":\"https:\\\/\\\/shopatoa.com\\\/ro\\\/vitalcare-sistem-de-albire-pap-white-pearl-80-ml\\\/#primaryimage\"},\"image\":{\"@id\":\"https:\\\/\\\/shopatoa.com\\\/ro\\\/vitalcare-sistem-de-albire-pap-white-pearl-80-ml\\\/#primaryimage\"},\"thumbnailUrl\":\"https:\\\/\\\/storage.googleapis.com\\\/cz-shopatoa-img\\\/ro\\\/bbde3105-unnamed-file.webp\",\"datePublished\":\"2025-04-29T00:40:17+00:00\",\"dateModified\":\"2025-12-09T01:44:13+00:00\",\"breadcrumb\":{\"@id\":\"https:\\\/\\\/shopatoa.com\\\/ro\\\/vitalcare-sistem-de-albire-pap-white-pearl-80-ml\\\/#breadcrumb\"},\"inLanguage\":\"ro-RO\",\"potentialAction\":[{\"@type\":\"ReadAction\",\"target\":[\"https:\\\/\\\/shopatoa.com\\\/ro\\\/vitalcare-sistem-de-albire-pap-white-pearl-80-ml\\\/\"]}]},{\"@type\":\"ImageObject\",\"inLanguage\":\"ro-RO\",\"@id\":\"https:\\\/\\\/shopatoa.com\\\/ro\\\/vitalcare-sistem-de-albire-pap-white-pearl-80-ml\\\/#primaryimage\",\"url\":\"https:\\\/\\\/storage.googleapis.com\\\/cz-shopatoa-img\\\/ro\\\/bbde3105-unnamed-file.webp\",\"contentUrl\":\"https:\\\/\\\/storage.googleapis.com\\\/cz-shopatoa-img\\\/ro\\\/bbde3105-unnamed-file.webp\",\"width\":800,\"height\":800},{\"@type\":\"BreadcrumbList\",\"@id\":\"https:\\\/\\\/shopatoa.com\\\/ro\\\/vitalcare-sistem-de-albire-pap-white-pearl-80-ml\\\/#breadcrumb\",\"itemListElement\":[{\"@type\":\"ListItem\",\"position\":1,\"name\":\"Dom\u016f\",\"item\":\"https:\\\/\\\/shopatoa.com\\\/ro\\\/\"},{\"@type\":\"ListItem\",\"position\":2,\"name\":\"Shop\",\"item\":\"https:\\\/\\\/shopatoa.com\\\/ro\\\/shop\\\/\"},{\"@type\":\"ListItem\",\"position\":3,\"name\":\"Cosmetice\",\"item\":\"https:\\\/\\\/shopatoa.com\\\/ro\\\/cosmetice\\\/\"},{\"@type\":\"ListItem\",\"position\":4,\"name\":\"\u00cengrijirea dentar\u0103\",\"item\":\"https:\\\/\\\/shopatoa.com\\\/ro\\\/ingrijirea-dentara\\\/\"},{\"@type\":\"ListItem\",\"position\":5,\"name\":\"\u00cengrijire special\u0103 oral\u0103\",\"item\":\"https:\\\/\\\/shopatoa.com\\\/ro\\\/ingrijire-speciala-orala\\\/\"},{\"@type\":\"ListItem\",\"position\":6,\"name\":\"Albirea dintilor\",\"item\":\"https:\\\/\\\/shopatoa.com\\\/ro\\\/albirea-dintilor\\\/\"},{\"@type\":\"ListItem\",\"position\":7,\"name\":\"VitalCare Sistem de albire PAP White Pearl 80 ml\"}]},{\"@type\":\"WebSite\",\"@id\":\"https:\\\/\\\/shopatoa.com\\\/ro\\\/#website\",\"url\":\"https:\\\/\\\/shopatoa.com\\\/ro\\\/\",\"name\":\"SHOPATOA\",\"description\":\"\",\"publisher\":{\"@id\":\"https:\\\/\\\/shopatoa.com\\\/ro\\\/#organization\"},\"potentialAction\":[{\"@type\":\"SearchAction\",\"target\":{\"@type\":\"EntryPoint\",\"urlTemplate\":\"https:\\\/\\\/shopatoa.com\\\/ro\\\/?s={search_term_string}\"},\"query-input\":{\"@type\":\"PropertyValueSpecification\",\"valueRequired\":true,\"valueName\":\"search_term_string\"}}],\"inLanguage\":\"ro-RO\"},{\"@type\":\"Organization\",\"@id\":\"https:\\\/\\\/shopatoa.com\\\/ro\\\/#organization\",\"name\":\"SHOPATOA\",\"url\":\"https:\\\/\\\/shopatoa.com\\\/ro\\\/\",\"logo\":{\"@type\":\"ImageObject\",\"inLanguage\":\"ro-RO\",\"@id\":\"https:\\\/\\\/shopatoa.com\\\/ro\\\/#\\\/schema\\\/logo\\\/image\\\/\",\"url\":\"https:\\\/\\\/storage.googleapis.com\\\/cz-shopatoa-img\\\/ro\\\/b4dac915-shopatoa_logo.png\",\"contentUrl\":\"https:\\\/\\\/storage.googleapis.com\\\/cz-shopatoa-img\\\/ro\\\/b4dac915-shopatoa_logo.png\",\"width\":416,\"height\":63,\"caption\":\"SHOPATOA\"},\"image\":{\"@id\":\"https:\\\/\\\/shopatoa.com\\\/ro\\\/#\\\/schema\\\/logo\\\/image\\\/\"}}]}<\/script>\n<!-- \/ Yoast SEO plugin. -->","yoast_head_json":{"title":"VitalCare Sistem de albire PAP White Pearl 80 ml - SHOPATOA.COM","robots":{"index":"index","follow":"follow","max-snippet":"max-snippet:-1","max-image-preview":"max-image-preview:large","max-video-preview":"max-video-preview:-1"},"canonical":"https:\/\/shopatoa.com\/ro\/vitalcare-sistem-de-albire-pap-white-pearl-80-ml\/","og_locale":"ro_RO","og_type":"article","og_title":"VitalCare Sistem de albire PAP White Pearl 80 ml - SHOPATOA.COM","og_description":"Cercet\u0103rile demonstreaz\u0103 c\u0103 efectul de albire dup\u0103 utilizarea gelului PAP White Pearl este acela\u0219i ca atunci c\u00e2nd se utilizeaz\u0103 compu\u0219i H2O2 \u0219i dureaz\u0103 p\u00e2n\u0103 la c\u00e2\u021biva ani. Chiar dac\u0103 din\u021bii albi\u021bi se \u00eeng\u0103lbenesc \u00een timp din cauza alimentelor colorante (cafea, vin, sosuri) \u0219i a tutunului, ei r\u0103m\u00e2n totu\u0219i mai albi pe termen lung dec\u00e2t \u00eenainte...","og_url":"https:\/\/shopatoa.com\/ro\/vitalcare-sistem-de-albire-pap-white-pearl-80-ml\/","og_site_name":"SHOPATOA","article_modified_time":"2025-12-09T01:44:13+00:00","og_image":[{"width":800,"height":800,"url":"https:\/\/storage.googleapis.com\/cz-shopatoa-img\/ro\/bbde3105-unnamed-file.webp","type":"image\/webp"}],"twitter_card":"summary_large_image","twitter_misc":{"Timp estimat pentru citire":"1 minut"},"schema":{"@context":"https:\/\/schema.org","@graph":[{"@type":"WebPage","@id":"https:\/\/shopatoa.com\/ro\/vitalcare-sistem-de-albire-pap-white-pearl-80-ml\/","url":"https:\/\/shopatoa.com\/ro\/vitalcare-sistem-de-albire-pap-white-pearl-80-ml\/","name":"VitalCare Sistem de albire PAP White Pearl 80 ml - SHOPATOA.COM","isPartOf":{"@id":"https:\/\/shopatoa.com\/ro\/#website"},"primaryImageOfPage":{"@id":"https:\/\/shopatoa.com\/ro\/vitalcare-sistem-de-albire-pap-white-pearl-80-ml\/#primaryimage"},"image":{"@id":"https:\/\/shopatoa.com\/ro\/vitalcare-sistem-de-albire-pap-white-pearl-80-ml\/#primaryimage"},"thumbnailUrl":"https:\/\/storage.googleapis.com\/cz-shopatoa-img\/ro\/bbde3105-unnamed-file.webp","datePublished":"2025-04-29T00:40:17+00:00","dateModified":"2025-12-09T01:44:13+00:00","breadcrumb":{"@id":"https:\/\/shopatoa.com\/ro\/vitalcare-sistem-de-albire-pap-white-pearl-80-ml\/#breadcrumb"},"inLanguage":"ro-RO","potentialAction":[{"@type":"ReadAction","target":["https:\/\/shopatoa.com\/ro\/vitalcare-sistem-de-albire-pap-white-pearl-80-ml\/"]}]},{"@type":"ImageObject","inLanguage":"ro-RO","@id":"https:\/\/shopatoa.com\/ro\/vitalcare-sistem-de-albire-pap-white-pearl-80-ml\/#primaryimage","url":"https:\/\/storage.googleapis.com\/cz-shopatoa-img\/ro\/bbde3105-unnamed-file.webp","contentUrl":"https:\/\/storage.googleapis.com\/cz-shopatoa-img\/ro\/bbde3105-unnamed-file.webp","width":800,"height":800},{"@type":"BreadcrumbList","@id":"https:\/\/shopatoa.com\/ro\/vitalcare-sistem-de-albire-pap-white-pearl-80-ml\/#breadcrumb","itemListElement":[{"@type":"ListItem","position":1,"name":"Dom\u016f","item":"https:\/\/shopatoa.com\/ro\/"},{"@type":"ListItem","position":2,"name":"Shop","item":"https:\/\/shopatoa.com\/ro\/shop\/"},{"@type":"ListItem","position":3,"name":"Cosmetice","item":"https:\/\/shopatoa.com\/ro\/cosmetice\/"},{"@type":"ListItem","position":4,"name":"\u00cengrijirea dentar\u0103","item":"https:\/\/shopatoa.com\/ro\/ingrijirea-dentara\/"},{"@type":"ListItem","position":5,"name":"\u00cengrijire special\u0103 oral\u0103","item":"https:\/\/shopatoa.com\/ro\/ingrijire-speciala-orala\/"},{"@type":"ListItem","position":6,"name":"Albirea dintilor","item":"https:\/\/shopatoa.com\/ro\/albirea-dintilor\/"},{"@type":"ListItem","position":7,"name":"VitalCare Sistem de albire PAP White Pearl 80 ml"}]},{"@type":"WebSite","@id":"https:\/\/shopatoa.com\/ro\/#website","url":"https:\/\/shopatoa.com\/ro\/","name":"SHOPATOA","description":"","publisher":{"@id":"https:\/\/shopatoa.com\/ro\/#organization"},"potentialAction":[{"@type":"SearchAction","target":{"@type":"EntryPoint","urlTemplate":"https:\/\/shopatoa.com\/ro\/?s={search_term_string}"},"query-input":{"@type":"PropertyValueSpecification","valueRequired":true,"valueName":"search_term_string"}}],"inLanguage":"ro-RO"},{"@type":"Organization","@id":"https:\/\/shopatoa.com\/ro\/#organization","name":"SHOPATOA","url":"https:\/\/shopatoa.com\/ro\/","logo":{"@type":"ImageObject","inLanguage":"ro-RO","@id":"https:\/\/shopatoa.com\/ro\/#\/schema\/logo\/image\/","url":"https:\/\/storage.googleapis.com\/cz-shopatoa-img\/ro\/b4dac915-shopatoa_logo.png","contentUrl":"https:\/\/storage.googleapis.com\/cz-shopatoa-img\/ro\/b4dac915-shopatoa_logo.png","width":416,"height":63,"caption":"SHOPATOA"},"image":{"@id":"https:\/\/shopatoa.com\/ro\/#\/schema\/logo\/image\/"}}]}},"_links":{"self":[{"href":"https:\/\/shopatoa.com\/ro\/wp-json\/wp\/v2\/product\/269191","targetHints":{"allow":["GET"]}}],"collection":[{"href":"https:\/\/shopatoa.com\/ro\/wp-json\/wp\/v2\/product"}],"about":[{"href":"https:\/\/shopatoa.com\/ro\/wp-json\/wp\/v2\/types\/product"}],"replies":[{"embeddable":true,"href":"https:\/\/shopatoa.com\/ro\/wp-json\/wp\/v2\/comments?post=269191"}],"wp:featuredmedia":[{"embeddable":true,"href":"https:\/\/shopatoa.com\/ro\/wp-json\/wp\/v2\/media\/269192"}],"wp:attachment":[{"href":"https:\/\/shopatoa.com\/ro\/wp-json\/wp\/v2\/media?parent=269191"}],"wp:term":[{"taxonomy":"product_brand","embeddable":true,"href":"https:\/\/shopatoa.com\/ro\/wp-json\/wp\/v2\/product_brand?post=269191"},{"taxonomy":"product_cat","embeddable":true,"href":"https:\/\/shopatoa.com\/ro\/wp-json\/wp\/v2\/product_cat?post=269191"},{"taxonomy":"product_tag","embeddable":true,"href":"https:\/\/shopatoa.com\/ro\/wp-json\/wp\/v2\/product_tag?post=269191"}],"curies":[{"name":"wp","href":"https:\/\/api.w.org\/{rel}","templated":true}]}}