{"id":269332,"date":"2025-04-29T03:10:37","date_gmt":"2025-04-29T01:10:37","guid":{"rendered":"https:\/\/shopatoa.com\/ro\/oranjito-lotiune-de-bronzare-pentru-solar-cu-miere-milk-and-honey-accelerator-200-ml\/"},"modified":"2025-12-09T02:06:15","modified_gmt":"2025-12-09T01:06:15","slug":"oranjito-lotiune-de-bronzare-pentru-solar-cu-miere-milk-and-honey-accelerator-200-ml","status":"publish","type":"product","link":"https:\/\/shopatoa.com\/ro\/oranjito-lotiune-de-bronzare-pentru-solar-cu-miere-milk-and-honey-accelerator-200-ml\/","title":{"rendered":"Oranjito Lo\u021biune de bronzare pentru solar cu miere (Milk and Honey Accelerator) 200 ml"},"content":{"rendered":"<p>Lo\u021biune de bronzare pentru solar cu bio-ingrediente \u0219i accelerator de bronzare Max. effect pentru un bronz s\u0103n\u0103tos, atractiv \u0219i de lung\u0103 durat\u0103. Noua formul\u0103 unic\u0103 cu un accelerator puternic de bronzare activ sus\u021bine bronzarea rapid\u0103 \u0219i sigur\u0103 a pielii \u0219i stimuleaz\u0103 maxim produc\u021bia de melanin\u0103. O concentra\u021bie ridicat\u0103 de substan\u021be hidratante \u0219i hr\u0103nitoare, vitamine, antioxidan\u021bi, extracte naturale, substan\u021be cu puternice propriet\u0103\u021bi hidratante, antiinflamatoare \u0219i anti-\u00eemb\u0103tr\u00e2nire asigur\u0103 o \u00eengrijire perfect\u0103 a pielii \u00een timpul bronz\u0103rii. Aceast\u0103 combina\u021bie ideal\u0103 de ingrediente active serve\u0219te pentru \u00eengrijirea perfect\u0103 a pielii \u00een timpul procedurii de bronzare \u0219i dup\u0103. Sistemul activ de penetrare men\u021bine bronzul mai mult timp. Con\u021bine zece uleiuri vegetale naturale de cea mai \u00eenalt\u0103 calitate, care asigur\u0103 o nutri\u021bie perfect\u0103, elasticitate \u0219i regenerarea pielii. Antioxidan\u021bii protejeaz\u0103 \u00eempotriva form\u0103rii radicalilor liberi \u0219i previn apari\u021bia ridurilor. Laptele este u\u0219or de aplicat, u\u0219or de \u00eentins, las\u0103 pe piele o pelicul\u0103 moale, catifelat\u0103, hr\u0103nitoare \u0219i hidratant\u0103.<\/p>\n","protected":false},"excerpt":{"rendered":"<p>Lo\u021biune de bronzare pentru solar cu bio-ingrediente \u0219i accelerator de bronzare Max. effect pentru un bronz s\u0103n\u0103tos, atractiv \u0219i de lung\u0103 durat\u0103. Noua formul\u0103 unic\u0103 cu un accelerator puternic de bronzare activ sus\u021bine bronzarea rapid\u0103 \u0219i sigur\u0103 a pielii \u0219i stimuleaz\u0103 maxim produc\u021bia de melanin\u0103. O concentra\u021bie ridicat\u0103 de substan\u021be hidratante \u0219i hr\u0103nitoare, vitamine, antioxidan\u021bi,&#8230;<\/p>\n","protected":false},"featured_media":269333,"comment_status":"closed","ping_status":"open","template":"","meta":{"_acf_changed":false,"_kadence_starter_templates_imported_post":false,"_kad_post_transparent":"","_kad_post_title":"","_kad_post_layout":"","_kad_post_sidebar_id":"","_kad_post_content_style":"","_kad_post_vertical_padding":"","_kad_post_feature":"","_kad_post_feature_position":"","_kad_post_header":false,"_kad_post_footer":false,"_kad_post_classname":""},"product_brand":[878],"product_cat":[246,642,879],"product_tag":[],"class_list":{"0":"post-269332","1":"product","2":"type-product","3":"status-publish","4":"has-post-thumbnail","6":"product_brand-oranjito","7":"product_cat-cosmetice","8":"product_cat-cosmetice-de-protectie-solara","9":"product_cat-cosmetice-pentru-solariu","11":"first","12":"instock","13":"product-type-external","14":"entry","15":"content-bg","16":"loop-entry"},"acf":[],"yoast_head":"<!-- This site is optimized with the Yoast SEO plugin v27.3 - https:\/\/yoast.com\/product\/yoast-seo-wordpress\/ -->\n<title>Oranjito Lo\u021biune de bronzare pentru solar cu miere (Milk and Honey Accelerator) 200 ml - SHOPATOA.COM<\/title>\n<meta name=\"robots\" content=\"index, follow, max-snippet:-1, max-image-preview:large, max-video-preview:-1\" \/>\n<link rel=\"canonical\" href=\"https:\/\/shopatoa.com\/ro\/oranjito-lotiune-de-bronzare-pentru-solar-cu-miere-milk-and-honey-accelerator-200-ml\/\" \/>\n<meta property=\"og:locale\" content=\"ro_RO\" \/>\n<meta property=\"og:type\" content=\"article\" \/>\n<meta property=\"og:title\" content=\"Oranjito Lo\u021biune de bronzare pentru solar cu miere (Milk and Honey Accelerator) 200 ml - SHOPATOA.COM\" \/>\n<meta property=\"og:description\" content=\"Lo\u021biune de bronzare pentru solar cu bio-ingrediente \u0219i accelerator de bronzare Max. effect pentru un bronz s\u0103n\u0103tos, atractiv \u0219i de lung\u0103 durat\u0103. Noua formul\u0103 unic\u0103 cu un accelerator puternic de bronzare activ sus\u021bine bronzarea rapid\u0103 \u0219i sigur\u0103 a pielii \u0219i stimuleaz\u0103 maxim produc\u021bia de melanin\u0103. O concentra\u021bie ridicat\u0103 de substan\u021be hidratante \u0219i hr\u0103nitoare, vitamine, antioxidan\u021bi,...\" \/>\n<meta property=\"og:url\" content=\"https:\/\/shopatoa.com\/ro\/oranjito-lotiune-de-bronzare-pentru-solar-cu-miere-milk-and-honey-accelerator-200-ml\/\" \/>\n<meta property=\"og:site_name\" content=\"SHOPATOA\" \/>\n<meta property=\"article:modified_time\" content=\"2025-12-09T01:06:15+00:00\" \/>\n<meta property=\"og:image\" content=\"https:\/\/storage.googleapis.com\/cz-shopatoa-img\/ro\/4eeaa948-unnamed-file.webp\" \/>\n\t<meta property=\"og:image:width\" content=\"800\" \/>\n\t<meta property=\"og:image:height\" content=\"800\" \/>\n\t<meta property=\"og:image:type\" content=\"image\/webp\" \/>\n<meta name=\"twitter:card\" content=\"summary_large_image\" \/>\n<meta name=\"twitter:label1\" content=\"Timp estimat pentru citire\" \/>\n\t<meta name=\"twitter:data1\" content=\"1 minut\" \/>\n<script type=\"application\/ld+json\" class=\"yoast-schema-graph\">{\"@context\":\"https:\\\/\\\/schema.org\",\"@graph\":[{\"@type\":\"WebPage\",\"@id\":\"https:\\\/\\\/shopatoa.com\\\/ro\\\/oranjito-lotiune-de-bronzare-pentru-solar-cu-miere-milk-and-honey-accelerator-200-ml\\\/\",\"url\":\"https:\\\/\\\/shopatoa.com\\\/ro\\\/oranjito-lotiune-de-bronzare-pentru-solar-cu-miere-milk-and-honey-accelerator-200-ml\\\/\",\"name\":\"Oranjito Lo\u021biune de bronzare pentru solar cu miere (Milk and Honey Accelerator) 200 ml - SHOPATOA.COM\",\"isPartOf\":{\"@id\":\"https:\\\/\\\/shopatoa.com\\\/ro\\\/#website\"},\"primaryImageOfPage\":{\"@id\":\"https:\\\/\\\/shopatoa.com\\\/ro\\\/oranjito-lotiune-de-bronzare-pentru-solar-cu-miere-milk-and-honey-accelerator-200-ml\\\/#primaryimage\"},\"image\":{\"@id\":\"https:\\\/\\\/shopatoa.com\\\/ro\\\/oranjito-lotiune-de-bronzare-pentru-solar-cu-miere-milk-and-honey-accelerator-200-ml\\\/#primaryimage\"},\"thumbnailUrl\":\"https:\\\/\\\/storage.googleapis.com\\\/cz-shopatoa-img\\\/ro\\\/4eeaa948-unnamed-file.webp\",\"datePublished\":\"2025-04-29T01:10:37+00:00\",\"dateModified\":\"2025-12-09T01:06:15+00:00\",\"breadcrumb\":{\"@id\":\"https:\\\/\\\/shopatoa.com\\\/ro\\\/oranjito-lotiune-de-bronzare-pentru-solar-cu-miere-milk-and-honey-accelerator-200-ml\\\/#breadcrumb\"},\"inLanguage\":\"ro-RO\",\"potentialAction\":[{\"@type\":\"ReadAction\",\"target\":[\"https:\\\/\\\/shopatoa.com\\\/ro\\\/oranjito-lotiune-de-bronzare-pentru-solar-cu-miere-milk-and-honey-accelerator-200-ml\\\/\"]}]},{\"@type\":\"ImageObject\",\"inLanguage\":\"ro-RO\",\"@id\":\"https:\\\/\\\/shopatoa.com\\\/ro\\\/oranjito-lotiune-de-bronzare-pentru-solar-cu-miere-milk-and-honey-accelerator-200-ml\\\/#primaryimage\",\"url\":\"https:\\\/\\\/storage.googleapis.com\\\/cz-shopatoa-img\\\/ro\\\/4eeaa948-unnamed-file.webp\",\"contentUrl\":\"https:\\\/\\\/storage.googleapis.com\\\/cz-shopatoa-img\\\/ro\\\/4eeaa948-unnamed-file.webp\",\"width\":800,\"height\":800},{\"@type\":\"BreadcrumbList\",\"@id\":\"https:\\\/\\\/shopatoa.com\\\/ro\\\/oranjito-lotiune-de-bronzare-pentru-solar-cu-miere-milk-and-honey-accelerator-200-ml\\\/#breadcrumb\",\"itemListElement\":[{\"@type\":\"ListItem\",\"position\":1,\"name\":\"Dom\u016f\",\"item\":\"https:\\\/\\\/shopatoa.com\\\/ro\\\/\"},{\"@type\":\"ListItem\",\"position\":2,\"name\":\"Shop\",\"item\":\"https:\\\/\\\/shopatoa.com\\\/ro\\\/shop\\\/\"},{\"@type\":\"ListItem\",\"position\":3,\"name\":\"Cosmetice\",\"item\":\"https:\\\/\\\/shopatoa.com\\\/ro\\\/cosmetice\\\/\"},{\"@type\":\"ListItem\",\"position\":4,\"name\":\"Cosmetice de protec\u021bie solar\u0103\",\"item\":\"https:\\\/\\\/shopatoa.com\\\/ro\\\/cosmetice-de-protectie-solara\\\/\"},{\"@type\":\"ListItem\",\"position\":5,\"name\":\"Cosmetice pentru solariu\",\"item\":\"https:\\\/\\\/shopatoa.com\\\/ro\\\/cosmetice-pentru-solariu\\\/\"},{\"@type\":\"ListItem\",\"position\":6,\"name\":\"Oranjito Lo\u021biune de bronzare pentru solar cu miere (Milk and Honey Accelerator) 200 ml\"}]},{\"@type\":\"WebSite\",\"@id\":\"https:\\\/\\\/shopatoa.com\\\/ro\\\/#website\",\"url\":\"https:\\\/\\\/shopatoa.com\\\/ro\\\/\",\"name\":\"SHOPATOA\",\"description\":\"\",\"publisher\":{\"@id\":\"https:\\\/\\\/shopatoa.com\\\/ro\\\/#organization\"},\"potentialAction\":[{\"@type\":\"SearchAction\",\"target\":{\"@type\":\"EntryPoint\",\"urlTemplate\":\"https:\\\/\\\/shopatoa.com\\\/ro\\\/?s={search_term_string}\"},\"query-input\":{\"@type\":\"PropertyValueSpecification\",\"valueRequired\":true,\"valueName\":\"search_term_string\"}}],\"inLanguage\":\"ro-RO\"},{\"@type\":\"Organization\",\"@id\":\"https:\\\/\\\/shopatoa.com\\\/ro\\\/#organization\",\"name\":\"SHOPATOA\",\"url\":\"https:\\\/\\\/shopatoa.com\\\/ro\\\/\",\"logo\":{\"@type\":\"ImageObject\",\"inLanguage\":\"ro-RO\",\"@id\":\"https:\\\/\\\/shopatoa.com\\\/ro\\\/#\\\/schema\\\/logo\\\/image\\\/\",\"url\":\"https:\\\/\\\/storage.googleapis.com\\\/cz-shopatoa-img\\\/ro\\\/b4dac915-shopatoa_logo.png\",\"contentUrl\":\"https:\\\/\\\/storage.googleapis.com\\\/cz-shopatoa-img\\\/ro\\\/b4dac915-shopatoa_logo.png\",\"width\":416,\"height\":63,\"caption\":\"SHOPATOA\"},\"image\":{\"@id\":\"https:\\\/\\\/shopatoa.com\\\/ro\\\/#\\\/schema\\\/logo\\\/image\\\/\"}}]}<\/script>\n<!-- \/ Yoast SEO plugin. -->","yoast_head_json":{"title":"Oranjito Lo\u021biune de bronzare pentru solar cu miere (Milk and Honey Accelerator) 200 ml - SHOPATOA.COM","robots":{"index":"index","follow":"follow","max-snippet":"max-snippet:-1","max-image-preview":"max-image-preview:large","max-video-preview":"max-video-preview:-1"},"canonical":"https:\/\/shopatoa.com\/ro\/oranjito-lotiune-de-bronzare-pentru-solar-cu-miere-milk-and-honey-accelerator-200-ml\/","og_locale":"ro_RO","og_type":"article","og_title":"Oranjito Lo\u021biune de bronzare pentru solar cu miere (Milk and Honey Accelerator) 200 ml - SHOPATOA.COM","og_description":"Lo\u021biune de bronzare pentru solar cu bio-ingrediente \u0219i accelerator de bronzare Max. effect pentru un bronz s\u0103n\u0103tos, atractiv \u0219i de lung\u0103 durat\u0103. Noua formul\u0103 unic\u0103 cu un accelerator puternic de bronzare activ sus\u021bine bronzarea rapid\u0103 \u0219i sigur\u0103 a pielii \u0219i stimuleaz\u0103 maxim produc\u021bia de melanin\u0103. O concentra\u021bie ridicat\u0103 de substan\u021be hidratante \u0219i hr\u0103nitoare, vitamine, antioxidan\u021bi,...","og_url":"https:\/\/shopatoa.com\/ro\/oranjito-lotiune-de-bronzare-pentru-solar-cu-miere-milk-and-honey-accelerator-200-ml\/","og_site_name":"SHOPATOA","article_modified_time":"2025-12-09T01:06:15+00:00","og_image":[{"width":800,"height":800,"url":"https:\/\/storage.googleapis.com\/cz-shopatoa-img\/ro\/4eeaa948-unnamed-file.webp","type":"image\/webp"}],"twitter_card":"summary_large_image","twitter_misc":{"Timp estimat pentru citire":"1 minut"},"schema":{"@context":"https:\/\/schema.org","@graph":[{"@type":"WebPage","@id":"https:\/\/shopatoa.com\/ro\/oranjito-lotiune-de-bronzare-pentru-solar-cu-miere-milk-and-honey-accelerator-200-ml\/","url":"https:\/\/shopatoa.com\/ro\/oranjito-lotiune-de-bronzare-pentru-solar-cu-miere-milk-and-honey-accelerator-200-ml\/","name":"Oranjito Lo\u021biune de bronzare pentru solar cu miere (Milk and Honey Accelerator) 200 ml - SHOPATOA.COM","isPartOf":{"@id":"https:\/\/shopatoa.com\/ro\/#website"},"primaryImageOfPage":{"@id":"https:\/\/shopatoa.com\/ro\/oranjito-lotiune-de-bronzare-pentru-solar-cu-miere-milk-and-honey-accelerator-200-ml\/#primaryimage"},"image":{"@id":"https:\/\/shopatoa.com\/ro\/oranjito-lotiune-de-bronzare-pentru-solar-cu-miere-milk-and-honey-accelerator-200-ml\/#primaryimage"},"thumbnailUrl":"https:\/\/storage.googleapis.com\/cz-shopatoa-img\/ro\/4eeaa948-unnamed-file.webp","datePublished":"2025-04-29T01:10:37+00:00","dateModified":"2025-12-09T01:06:15+00:00","breadcrumb":{"@id":"https:\/\/shopatoa.com\/ro\/oranjito-lotiune-de-bronzare-pentru-solar-cu-miere-milk-and-honey-accelerator-200-ml\/#breadcrumb"},"inLanguage":"ro-RO","potentialAction":[{"@type":"ReadAction","target":["https:\/\/shopatoa.com\/ro\/oranjito-lotiune-de-bronzare-pentru-solar-cu-miere-milk-and-honey-accelerator-200-ml\/"]}]},{"@type":"ImageObject","inLanguage":"ro-RO","@id":"https:\/\/shopatoa.com\/ro\/oranjito-lotiune-de-bronzare-pentru-solar-cu-miere-milk-and-honey-accelerator-200-ml\/#primaryimage","url":"https:\/\/storage.googleapis.com\/cz-shopatoa-img\/ro\/4eeaa948-unnamed-file.webp","contentUrl":"https:\/\/storage.googleapis.com\/cz-shopatoa-img\/ro\/4eeaa948-unnamed-file.webp","width":800,"height":800},{"@type":"BreadcrumbList","@id":"https:\/\/shopatoa.com\/ro\/oranjito-lotiune-de-bronzare-pentru-solar-cu-miere-milk-and-honey-accelerator-200-ml\/#breadcrumb","itemListElement":[{"@type":"ListItem","position":1,"name":"Dom\u016f","item":"https:\/\/shopatoa.com\/ro\/"},{"@type":"ListItem","position":2,"name":"Shop","item":"https:\/\/shopatoa.com\/ro\/shop\/"},{"@type":"ListItem","position":3,"name":"Cosmetice","item":"https:\/\/shopatoa.com\/ro\/cosmetice\/"},{"@type":"ListItem","position":4,"name":"Cosmetice de protec\u021bie solar\u0103","item":"https:\/\/shopatoa.com\/ro\/cosmetice-de-protectie-solara\/"},{"@type":"ListItem","position":5,"name":"Cosmetice pentru solariu","item":"https:\/\/shopatoa.com\/ro\/cosmetice-pentru-solariu\/"},{"@type":"ListItem","position":6,"name":"Oranjito Lo\u021biune de bronzare pentru solar cu miere (Milk and Honey Accelerator) 200 ml"}]},{"@type":"WebSite","@id":"https:\/\/shopatoa.com\/ro\/#website","url":"https:\/\/shopatoa.com\/ro\/","name":"SHOPATOA","description":"","publisher":{"@id":"https:\/\/shopatoa.com\/ro\/#organization"},"potentialAction":[{"@type":"SearchAction","target":{"@type":"EntryPoint","urlTemplate":"https:\/\/shopatoa.com\/ro\/?s={search_term_string}"},"query-input":{"@type":"PropertyValueSpecification","valueRequired":true,"valueName":"search_term_string"}}],"inLanguage":"ro-RO"},{"@type":"Organization","@id":"https:\/\/shopatoa.com\/ro\/#organization","name":"SHOPATOA","url":"https:\/\/shopatoa.com\/ro\/","logo":{"@type":"ImageObject","inLanguage":"ro-RO","@id":"https:\/\/shopatoa.com\/ro\/#\/schema\/logo\/image\/","url":"https:\/\/storage.googleapis.com\/cz-shopatoa-img\/ro\/b4dac915-shopatoa_logo.png","contentUrl":"https:\/\/storage.googleapis.com\/cz-shopatoa-img\/ro\/b4dac915-shopatoa_logo.png","width":416,"height":63,"caption":"SHOPATOA"},"image":{"@id":"https:\/\/shopatoa.com\/ro\/#\/schema\/logo\/image\/"}}]}},"_links":{"self":[{"href":"https:\/\/shopatoa.com\/ro\/wp-json\/wp\/v2\/product\/269332","targetHints":{"allow":["GET"]}}],"collection":[{"href":"https:\/\/shopatoa.com\/ro\/wp-json\/wp\/v2\/product"}],"about":[{"href":"https:\/\/shopatoa.com\/ro\/wp-json\/wp\/v2\/types\/product"}],"replies":[{"embeddable":true,"href":"https:\/\/shopatoa.com\/ro\/wp-json\/wp\/v2\/comments?post=269332"}],"wp:featuredmedia":[{"embeddable":true,"href":"https:\/\/shopatoa.com\/ro\/wp-json\/wp\/v2\/media\/269333"}],"wp:attachment":[{"href":"https:\/\/shopatoa.com\/ro\/wp-json\/wp\/v2\/media?parent=269332"}],"wp:term":[{"taxonomy":"product_brand","embeddable":true,"href":"https:\/\/shopatoa.com\/ro\/wp-json\/wp\/v2\/product_brand?post=269332"},{"taxonomy":"product_cat","embeddable":true,"href":"https:\/\/shopatoa.com\/ro\/wp-json\/wp\/v2\/product_cat?post=269332"},{"taxonomy":"product_tag","embeddable":true,"href":"https:\/\/shopatoa.com\/ro\/wp-json\/wp\/v2\/product_tag?post=269332"}],"curies":[{"name":"wp","href":"https:\/\/api.w.org\/{rel}","templated":true}]}}