{"id":269352,"date":"2025-04-29T03:15:15","date_gmt":"2025-04-29T01:15:15","guid":{"rendered":"https:\/\/shopatoa.com\/ro\/elmex-periuta-de-dinti-pentru-copii-cu-varsta-0-1-an-1-buc\/"},"modified":"2025-12-09T01:56:24","modified_gmt":"2025-12-09T00:56:24","slug":"elmex-periuta-de-dinti-pentru-copii-cu-varsta-0-1-an-1-buc","status":"publish","type":"product","link":"https:\/\/shopatoa.com\/ro\/elmex-periuta-de-dinti-pentru-copii-cu-varsta-0-1-an-1-buc\/","title":{"rendered":"Elmex Periu\u021b\u0103 de din\u021bi pentru copii cu v\u00e2rsta 0-1 an 1 buc"},"content":{"rendered":"<p>Periu\u021ba de din\u021bi Elmex le prezint\u0103 bebelu\u0219ilor cur\u0103\u021barea cu periu\u021ba de din\u021bi \u0219i este special conceput\u0103 pentru a u\u0219ura cre\u0219terea primilor din\u021bi. Periu\u021ba este potrivit\u0103 pentru copii de la 0-12 luni. Nu con\u021bine BPA \u0219i este fabricat 100% din silicon alimentar. Fibrele moi de silicon ajut\u0103 la ameliorarea durerilor de din\u021bi. M\u00e2nerele flexibile sunt concepute pentru m\u00e2inile copiilor mici. Produsul este testat pentru utilizare \u00een frigidere \u0219i ap\u0103 clocotit\u0103.<\/p>\n","protected":false},"excerpt":{"rendered":"<p>Periu\u021ba de din\u021bi Elmex le prezint\u0103 bebelu\u0219ilor cur\u0103\u021barea cu periu\u021ba de din\u021bi \u0219i este special conceput\u0103 pentru a u\u0219ura cre\u0219terea primilor din\u021bi. Periu\u021ba este potrivit\u0103 pentru copii de la 0-12 luni. Nu con\u021bine BPA \u0219i este fabricat 100% din silicon alimentar. Fibrele moi de silicon ajut\u0103 la ameliorarea durerilor de din\u021bi. M\u00e2nerele flexibile sunt concepute&#8230;<\/p>\n","protected":false},"featured_media":269353,"comment_status":"closed","ping_status":"open","template":"","meta":{"_acf_changed":false,"_kadence_starter_templates_imported_post":false,"_kad_post_transparent":"","_kad_post_title":"","_kad_post_layout":"","_kad_post_sidebar_id":"","_kad_post_content_style":"","_kad_post_vertical_padding":"","_kad_post_feature":"","_kad_post_feature_position":"","_kad_post_header":false,"_kad_post_footer":false,"_kad_post_classname":""},"product_brand":[852],"product_cat":[246,709,746],"product_tag":[],"class_list":{"0":"post-269352","1":"product","2":"type-product","3":"status-publish","4":"has-post-thumbnail","6":"product_brand-elmex","7":"product_cat-cosmetice","8":"product_cat-ingrijirea-dentara","9":"product_cat-periute-de-dinti","11":"first","12":"instock","13":"product-type-external","14":"entry","15":"content-bg","16":"loop-entry"},"acf":[],"yoast_head":"<!-- This site is optimized with the Yoast SEO plugin v27.4 - https:\/\/yoast.com\/product\/yoast-seo-wordpress\/ -->\n<title>Elmex Periu\u021b\u0103 de din\u021bi pentru copii cu v\u00e2rsta 0-1 an 1 buc - SHOPATOA.COM<\/title>\n<meta name=\"robots\" content=\"index, follow, max-snippet:-1, max-image-preview:large, max-video-preview:-1\" \/>\n<link rel=\"canonical\" href=\"https:\/\/shopatoa.com\/ro\/elmex-periuta-de-dinti-pentru-copii-cu-varsta-0-1-an-1-buc\/\" \/>\n<meta property=\"og:locale\" content=\"ro_RO\" \/>\n<meta property=\"og:type\" content=\"article\" \/>\n<meta property=\"og:title\" content=\"Elmex Periu\u021b\u0103 de din\u021bi pentru copii cu v\u00e2rsta 0-1 an 1 buc - SHOPATOA.COM\" \/>\n<meta property=\"og:description\" content=\"Periu\u021ba de din\u021bi Elmex le prezint\u0103 bebelu\u0219ilor cur\u0103\u021barea cu periu\u021ba de din\u021bi \u0219i este special conceput\u0103 pentru a u\u0219ura cre\u0219terea primilor din\u021bi. Periu\u021ba este potrivit\u0103 pentru copii de la 0-12 luni. Nu con\u021bine BPA \u0219i este fabricat 100% din silicon alimentar. Fibrele moi de silicon ajut\u0103 la ameliorarea durerilor de din\u021bi. M\u00e2nerele flexibile sunt concepute...\" \/>\n<meta property=\"og:url\" content=\"https:\/\/shopatoa.com\/ro\/elmex-periuta-de-dinti-pentru-copii-cu-varsta-0-1-an-1-buc\/\" \/>\n<meta property=\"og:site_name\" content=\"SHOPATOA\" \/>\n<meta property=\"article:modified_time\" content=\"2025-12-09T00:56:24+00:00\" \/>\n<meta property=\"og:image\" content=\"https:\/\/storage.googleapis.com\/cz-shopatoa-img\/ro\/fde5ba6f-unnamed-file.webp\" \/>\n\t<meta property=\"og:image:width\" content=\"800\" \/>\n\t<meta property=\"og:image:height\" content=\"800\" \/>\n\t<meta property=\"og:image:type\" content=\"image\/webp\" \/>\n<meta name=\"twitter:card\" content=\"summary_large_image\" \/>\n<script type=\"application\/ld+json\" class=\"yoast-schema-graph\">{\"@context\":\"https:\\\/\\\/schema.org\",\"@graph\":[{\"@type\":\"WebPage\",\"@id\":\"https:\\\/\\\/shopatoa.com\\\/ro\\\/elmex-periuta-de-dinti-pentru-copii-cu-varsta-0-1-an-1-buc\\\/\",\"url\":\"https:\\\/\\\/shopatoa.com\\\/ro\\\/elmex-periuta-de-dinti-pentru-copii-cu-varsta-0-1-an-1-buc\\\/\",\"name\":\"Elmex Periu\u021b\u0103 de din\u021bi pentru copii cu v\u00e2rsta 0-1 an 1 buc - SHOPATOA.COM\",\"isPartOf\":{\"@id\":\"https:\\\/\\\/shopatoa.com\\\/ro\\\/#website\"},\"primaryImageOfPage\":{\"@id\":\"https:\\\/\\\/shopatoa.com\\\/ro\\\/elmex-periuta-de-dinti-pentru-copii-cu-varsta-0-1-an-1-buc\\\/#primaryimage\"},\"image\":{\"@id\":\"https:\\\/\\\/shopatoa.com\\\/ro\\\/elmex-periuta-de-dinti-pentru-copii-cu-varsta-0-1-an-1-buc\\\/#primaryimage\"},\"thumbnailUrl\":\"https:\\\/\\\/storage.googleapis.com\\\/cz-shopatoa-img\\\/ro\\\/fde5ba6f-unnamed-file.webp\",\"datePublished\":\"2025-04-29T01:15:15+00:00\",\"dateModified\":\"2025-12-09T00:56:24+00:00\",\"breadcrumb\":{\"@id\":\"https:\\\/\\\/shopatoa.com\\\/ro\\\/elmex-periuta-de-dinti-pentru-copii-cu-varsta-0-1-an-1-buc\\\/#breadcrumb\"},\"inLanguage\":\"ro-RO\",\"potentialAction\":[{\"@type\":\"ReadAction\",\"target\":[\"https:\\\/\\\/shopatoa.com\\\/ro\\\/elmex-periuta-de-dinti-pentru-copii-cu-varsta-0-1-an-1-buc\\\/\"]}]},{\"@type\":\"ImageObject\",\"inLanguage\":\"ro-RO\",\"@id\":\"https:\\\/\\\/shopatoa.com\\\/ro\\\/elmex-periuta-de-dinti-pentru-copii-cu-varsta-0-1-an-1-buc\\\/#primaryimage\",\"url\":\"https:\\\/\\\/storage.googleapis.com\\\/cz-shopatoa-img\\\/ro\\\/fde5ba6f-unnamed-file.webp\",\"contentUrl\":\"https:\\\/\\\/storage.googleapis.com\\\/cz-shopatoa-img\\\/ro\\\/fde5ba6f-unnamed-file.webp\",\"width\":800,\"height\":800},{\"@type\":\"BreadcrumbList\",\"@id\":\"https:\\\/\\\/shopatoa.com\\\/ro\\\/elmex-periuta-de-dinti-pentru-copii-cu-varsta-0-1-an-1-buc\\\/#breadcrumb\",\"itemListElement\":[{\"@type\":\"ListItem\",\"position\":1,\"name\":\"Dom\u016f\",\"item\":\"https:\\\/\\\/shopatoa.com\\\/ro\\\/\"},{\"@type\":\"ListItem\",\"position\":2,\"name\":\"Shop\",\"item\":\"https:\\\/\\\/shopatoa.com\\\/ro\\\/shop\\\/\"},{\"@type\":\"ListItem\",\"position\":3,\"name\":\"Cosmetice\",\"item\":\"https:\\\/\\\/shopatoa.com\\\/ro\\\/cosmetice\\\/\"},{\"@type\":\"ListItem\",\"position\":4,\"name\":\"\u00cengrijirea dentar\u0103\",\"item\":\"https:\\\/\\\/shopatoa.com\\\/ro\\\/ingrijirea-dentara\\\/\"},{\"@type\":\"ListItem\",\"position\":5,\"name\":\"Periu\u021be de din\u021bi\",\"item\":\"https:\\\/\\\/shopatoa.com\\\/ro\\\/periute-de-dinti\\\/\"},{\"@type\":\"ListItem\",\"position\":6,\"name\":\"Elmex Periu\u021b\u0103 de din\u021bi pentru copii cu v\u00e2rsta 0-1 an 1 buc\"}]},{\"@type\":\"WebSite\",\"@id\":\"https:\\\/\\\/shopatoa.com\\\/ro\\\/#website\",\"url\":\"https:\\\/\\\/shopatoa.com\\\/ro\\\/\",\"name\":\"SHOPATOA\",\"description\":\"\",\"publisher\":{\"@id\":\"https:\\\/\\\/shopatoa.com\\\/ro\\\/#organization\"},\"potentialAction\":[{\"@type\":\"SearchAction\",\"target\":{\"@type\":\"EntryPoint\",\"urlTemplate\":\"https:\\\/\\\/shopatoa.com\\\/ro\\\/?s={search_term_string}\"},\"query-input\":{\"@type\":\"PropertyValueSpecification\",\"valueRequired\":true,\"valueName\":\"search_term_string\"}}],\"inLanguage\":\"ro-RO\"},{\"@type\":\"Organization\",\"@id\":\"https:\\\/\\\/shopatoa.com\\\/ro\\\/#organization\",\"name\":\"SHOPATOA\",\"url\":\"https:\\\/\\\/shopatoa.com\\\/ro\\\/\",\"logo\":{\"@type\":\"ImageObject\",\"inLanguage\":\"ro-RO\",\"@id\":\"https:\\\/\\\/shopatoa.com\\\/ro\\\/#\\\/schema\\\/logo\\\/image\\\/\",\"url\":\"https:\\\/\\\/storage.googleapis.com\\\/cz-shopatoa-img\\\/ro\\\/b4dac915-shopatoa_logo.png\",\"contentUrl\":\"https:\\\/\\\/storage.googleapis.com\\\/cz-shopatoa-img\\\/ro\\\/b4dac915-shopatoa_logo.png\",\"width\":416,\"height\":63,\"caption\":\"SHOPATOA\"},\"image\":{\"@id\":\"https:\\\/\\\/shopatoa.com\\\/ro\\\/#\\\/schema\\\/logo\\\/image\\\/\"}}]}<\/script>\n<!-- \/ Yoast SEO plugin. -->","yoast_head_json":{"title":"Elmex Periu\u021b\u0103 de din\u021bi pentru copii cu v\u00e2rsta 0-1 an 1 buc - SHOPATOA.COM","robots":{"index":"index","follow":"follow","max-snippet":"max-snippet:-1","max-image-preview":"max-image-preview:large","max-video-preview":"max-video-preview:-1"},"canonical":"https:\/\/shopatoa.com\/ro\/elmex-periuta-de-dinti-pentru-copii-cu-varsta-0-1-an-1-buc\/","og_locale":"ro_RO","og_type":"article","og_title":"Elmex Periu\u021b\u0103 de din\u021bi pentru copii cu v\u00e2rsta 0-1 an 1 buc - SHOPATOA.COM","og_description":"Periu\u021ba de din\u021bi Elmex le prezint\u0103 bebelu\u0219ilor cur\u0103\u021barea cu periu\u021ba de din\u021bi \u0219i este special conceput\u0103 pentru a u\u0219ura cre\u0219terea primilor din\u021bi. Periu\u021ba este potrivit\u0103 pentru copii de la 0-12 luni. Nu con\u021bine BPA \u0219i este fabricat 100% din silicon alimentar. Fibrele moi de silicon ajut\u0103 la ameliorarea durerilor de din\u021bi. M\u00e2nerele flexibile sunt concepute...","og_url":"https:\/\/shopatoa.com\/ro\/elmex-periuta-de-dinti-pentru-copii-cu-varsta-0-1-an-1-buc\/","og_site_name":"SHOPATOA","article_modified_time":"2025-12-09T00:56:24+00:00","og_image":[{"width":800,"height":800,"url":"https:\/\/storage.googleapis.com\/cz-shopatoa-img\/ro\/fde5ba6f-unnamed-file.webp","type":"image\/webp"}],"twitter_card":"summary_large_image","schema":{"@context":"https:\/\/schema.org","@graph":[{"@type":"WebPage","@id":"https:\/\/shopatoa.com\/ro\/elmex-periuta-de-dinti-pentru-copii-cu-varsta-0-1-an-1-buc\/","url":"https:\/\/shopatoa.com\/ro\/elmex-periuta-de-dinti-pentru-copii-cu-varsta-0-1-an-1-buc\/","name":"Elmex Periu\u021b\u0103 de din\u021bi pentru copii cu v\u00e2rsta 0-1 an 1 buc - SHOPATOA.COM","isPartOf":{"@id":"https:\/\/shopatoa.com\/ro\/#website"},"primaryImageOfPage":{"@id":"https:\/\/shopatoa.com\/ro\/elmex-periuta-de-dinti-pentru-copii-cu-varsta-0-1-an-1-buc\/#primaryimage"},"image":{"@id":"https:\/\/shopatoa.com\/ro\/elmex-periuta-de-dinti-pentru-copii-cu-varsta-0-1-an-1-buc\/#primaryimage"},"thumbnailUrl":"https:\/\/storage.googleapis.com\/cz-shopatoa-img\/ro\/fde5ba6f-unnamed-file.webp","datePublished":"2025-04-29T01:15:15+00:00","dateModified":"2025-12-09T00:56:24+00:00","breadcrumb":{"@id":"https:\/\/shopatoa.com\/ro\/elmex-periuta-de-dinti-pentru-copii-cu-varsta-0-1-an-1-buc\/#breadcrumb"},"inLanguage":"ro-RO","potentialAction":[{"@type":"ReadAction","target":["https:\/\/shopatoa.com\/ro\/elmex-periuta-de-dinti-pentru-copii-cu-varsta-0-1-an-1-buc\/"]}]},{"@type":"ImageObject","inLanguage":"ro-RO","@id":"https:\/\/shopatoa.com\/ro\/elmex-periuta-de-dinti-pentru-copii-cu-varsta-0-1-an-1-buc\/#primaryimage","url":"https:\/\/storage.googleapis.com\/cz-shopatoa-img\/ro\/fde5ba6f-unnamed-file.webp","contentUrl":"https:\/\/storage.googleapis.com\/cz-shopatoa-img\/ro\/fde5ba6f-unnamed-file.webp","width":800,"height":800},{"@type":"BreadcrumbList","@id":"https:\/\/shopatoa.com\/ro\/elmex-periuta-de-dinti-pentru-copii-cu-varsta-0-1-an-1-buc\/#breadcrumb","itemListElement":[{"@type":"ListItem","position":1,"name":"Dom\u016f","item":"https:\/\/shopatoa.com\/ro\/"},{"@type":"ListItem","position":2,"name":"Shop","item":"https:\/\/shopatoa.com\/ro\/shop\/"},{"@type":"ListItem","position":3,"name":"Cosmetice","item":"https:\/\/shopatoa.com\/ro\/cosmetice\/"},{"@type":"ListItem","position":4,"name":"\u00cengrijirea dentar\u0103","item":"https:\/\/shopatoa.com\/ro\/ingrijirea-dentara\/"},{"@type":"ListItem","position":5,"name":"Periu\u021be de din\u021bi","item":"https:\/\/shopatoa.com\/ro\/periute-de-dinti\/"},{"@type":"ListItem","position":6,"name":"Elmex Periu\u021b\u0103 de din\u021bi pentru copii cu v\u00e2rsta 0-1 an 1 buc"}]},{"@type":"WebSite","@id":"https:\/\/shopatoa.com\/ro\/#website","url":"https:\/\/shopatoa.com\/ro\/","name":"SHOPATOA","description":"","publisher":{"@id":"https:\/\/shopatoa.com\/ro\/#organization"},"potentialAction":[{"@type":"SearchAction","target":{"@type":"EntryPoint","urlTemplate":"https:\/\/shopatoa.com\/ro\/?s={search_term_string}"},"query-input":{"@type":"PropertyValueSpecification","valueRequired":true,"valueName":"search_term_string"}}],"inLanguage":"ro-RO"},{"@type":"Organization","@id":"https:\/\/shopatoa.com\/ro\/#organization","name":"SHOPATOA","url":"https:\/\/shopatoa.com\/ro\/","logo":{"@type":"ImageObject","inLanguage":"ro-RO","@id":"https:\/\/shopatoa.com\/ro\/#\/schema\/logo\/image\/","url":"https:\/\/storage.googleapis.com\/cz-shopatoa-img\/ro\/b4dac915-shopatoa_logo.png","contentUrl":"https:\/\/storage.googleapis.com\/cz-shopatoa-img\/ro\/b4dac915-shopatoa_logo.png","width":416,"height":63,"caption":"SHOPATOA"},"image":{"@id":"https:\/\/shopatoa.com\/ro\/#\/schema\/logo\/image\/"}}]}},"_links":{"self":[{"href":"https:\/\/shopatoa.com\/ro\/wp-json\/wp\/v2\/product\/269352","targetHints":{"allow":["GET"]}}],"collection":[{"href":"https:\/\/shopatoa.com\/ro\/wp-json\/wp\/v2\/product"}],"about":[{"href":"https:\/\/shopatoa.com\/ro\/wp-json\/wp\/v2\/types\/product"}],"replies":[{"embeddable":true,"href":"https:\/\/shopatoa.com\/ro\/wp-json\/wp\/v2\/comments?post=269352"}],"wp:featuredmedia":[{"embeddable":true,"href":"https:\/\/shopatoa.com\/ro\/wp-json\/wp\/v2\/media\/269353"}],"wp:attachment":[{"href":"https:\/\/shopatoa.com\/ro\/wp-json\/wp\/v2\/media?parent=269352"}],"wp:term":[{"taxonomy":"product_brand","embeddable":true,"href":"https:\/\/shopatoa.com\/ro\/wp-json\/wp\/v2\/product_brand?post=269352"},{"taxonomy":"product_cat","embeddable":true,"href":"https:\/\/shopatoa.com\/ro\/wp-json\/wp\/v2\/product_cat?post=269352"},{"taxonomy":"product_tag","embeddable":true,"href":"https:\/\/shopatoa.com\/ro\/wp-json\/wp\/v2\/product_tag?post=269352"}],"curies":[{"name":"wp","href":"https:\/\/api.w.org\/{rel}","templated":true}]}}