{"id":269445,"date":"2025-04-29T03:31:42","date_gmt":"2025-04-29T01:31:42","guid":{"rendered":"https:\/\/shopatoa.com\/ro\/kenzo-aqua-kenzo-pour-femme-edt-50-ml\/"},"modified":"2025-12-09T01:37:30","modified_gmt":"2025-12-09T00:37:30","slug":"kenzo-aqua-kenzo-pour-femme-edt-50-ml","status":"publish","type":"product","link":"https:\/\/shopatoa.com\/ro\/kenzo-aqua-kenzo-pour-femme-edt-50-ml\/","title":{"rendered":"Kenzo Aqua Kenzo Pour Femme- EDT 50 ml"},"content":{"rendered":"<p>Apa de toalet\u0103 Aqua Kenzo Pour Femme este un parfum delicat floral-fructat, plin de prospe\u021bime, bucurie \u0219i inspira\u021bie. Completeaz\u0103 armonios imaginea feminin\u0103, \u00eei subliniaz\u0103 farmecul \u0219i gra\u021bia. Nota ini\u021bial\u0103 a parfumului este plin\u0103 de nuan\u021be mieroase de iasomie, de prospe\u021bimea suculent\u0103 a l\u0103m\u00e2ii \u0219i de acorduri ierboase moi de frunze de zmeur\u0103. Inima compozi\u021biei con\u021bine iasomie, care se combin\u0103 frumos cu str\u0103lucirea magnoliei \u0219i trandafirului, acorduri fructate de m\u0103r \u0219i motive verzi. La baz\u0103, dulcea\u021ba delicat\u0103 a vaniliei se combin\u0103 armonios \u00eempreun\u0103 cu vetiverul elegant, ca\u0219mirul cald, paciuliul de ierburi \u0219i lemnul de santal atractiv.<\/p>\n","protected":false},"excerpt":{"rendered":"<p>Apa de toalet\u0103 Aqua Kenzo Pour Femme este un parfum delicat floral-fructat, plin de prospe\u021bime, bucurie \u0219i inspira\u021bie. Completeaz\u0103 armonios imaginea feminin\u0103, \u00eei subliniaz\u0103 farmecul \u0219i gra\u021bia. Nota ini\u021bial\u0103 a parfumului este plin\u0103 de nuan\u021be mieroase de iasomie, de prospe\u021bimea suculent\u0103 a l\u0103m\u00e2ii \u0219i de acorduri ierboase moi de frunze de zmeur\u0103. Inima compozi\u021biei con\u021bine&#8230;<\/p>\n","protected":false},"featured_media":269446,"comment_status":"closed","ping_status":"open","template":"","meta":{"_acf_changed":false,"_kadence_starter_templates_imported_post":false,"_kad_post_transparent":"","_kad_post_title":"","_kad_post_layout":"","_kad_post_sidebar_id":"","_kad_post_content_style":"","_kad_post_vertical_padding":"","_kad_post_feature":"","_kad_post_feature_position":"","_kad_post_header":false,"_kad_post_footer":false,"_kad_post_classname":""},"product_brand":[401],"product_cat":[615,614],"product_tag":[],"class_list":{"0":"post-269445","1":"product","2":"type-product","3":"status-publish","4":"has-post-thumbnail","6":"product_brand-kenzo","7":"product_cat-ape-de-toaleta-edt","8":"product_cat-parfumuri","10":"first","11":"instock","12":"sale","13":"product-type-external","14":"entry","15":"content-bg","16":"loop-entry"},"acf":[],"yoast_head":"<!-- This site is optimized with the Yoast SEO plugin v27.4 - https:\/\/yoast.com\/product\/yoast-seo-wordpress\/ -->\n<title>Kenzo Aqua Kenzo Pour Femme- EDT 50 ml - SHOPATOA.COM<\/title>\n<meta name=\"robots\" content=\"index, follow, max-snippet:-1, max-image-preview:large, max-video-preview:-1\" \/>\n<link rel=\"canonical\" href=\"https:\/\/shopatoa.com\/ro\/kenzo-aqua-kenzo-pour-femme-edt-50-ml\/\" \/>\n<meta property=\"og:locale\" content=\"ro_RO\" \/>\n<meta property=\"og:type\" content=\"article\" \/>\n<meta property=\"og:title\" content=\"Kenzo Aqua Kenzo Pour Femme- EDT 50 ml - SHOPATOA.COM\" \/>\n<meta property=\"og:description\" content=\"Apa de toalet\u0103 Aqua Kenzo Pour Femme este un parfum delicat floral-fructat, plin de prospe\u021bime, bucurie \u0219i inspira\u021bie. Completeaz\u0103 armonios imaginea feminin\u0103, \u00eei subliniaz\u0103 farmecul \u0219i gra\u021bia. Nota ini\u021bial\u0103 a parfumului este plin\u0103 de nuan\u021be mieroase de iasomie, de prospe\u021bimea suculent\u0103 a l\u0103m\u00e2ii \u0219i de acorduri ierboase moi de frunze de zmeur\u0103. Inima compozi\u021biei con\u021bine...\" \/>\n<meta property=\"og:url\" content=\"https:\/\/shopatoa.com\/ro\/kenzo-aqua-kenzo-pour-femme-edt-50-ml\/\" \/>\n<meta property=\"og:site_name\" content=\"SHOPATOA\" \/>\n<meta property=\"article:modified_time\" content=\"2025-12-09T00:37:30+00:00\" \/>\n<meta property=\"og:image\" content=\"https:\/\/storage.googleapis.com\/cz-shopatoa-img\/ro\/10646ee5-unnamed-file.webp\" \/>\n\t<meta property=\"og:image:width\" content=\"800\" \/>\n\t<meta property=\"og:image:height\" content=\"800\" \/>\n\t<meta property=\"og:image:type\" content=\"image\/webp\" \/>\n<meta name=\"twitter:card\" content=\"summary_large_image\" \/>\n<meta name=\"twitter:label1\" content=\"Timp estimat pentru citire\" \/>\n\t<meta name=\"twitter:data1\" content=\"1 minut\" \/>\n<script type=\"application\/ld+json\" class=\"yoast-schema-graph\">{\"@context\":\"https:\\\/\\\/schema.org\",\"@graph\":[{\"@type\":\"WebPage\",\"@id\":\"https:\\\/\\\/shopatoa.com\\\/ro\\\/kenzo-aqua-kenzo-pour-femme-edt-50-ml\\\/\",\"url\":\"https:\\\/\\\/shopatoa.com\\\/ro\\\/kenzo-aqua-kenzo-pour-femme-edt-50-ml\\\/\",\"name\":\"Kenzo Aqua Kenzo Pour Femme- EDT 50 ml - SHOPATOA.COM\",\"isPartOf\":{\"@id\":\"https:\\\/\\\/shopatoa.com\\\/ro\\\/#website\"},\"primaryImageOfPage\":{\"@id\":\"https:\\\/\\\/shopatoa.com\\\/ro\\\/kenzo-aqua-kenzo-pour-femme-edt-50-ml\\\/#primaryimage\"},\"image\":{\"@id\":\"https:\\\/\\\/shopatoa.com\\\/ro\\\/kenzo-aqua-kenzo-pour-femme-edt-50-ml\\\/#primaryimage\"},\"thumbnailUrl\":\"https:\\\/\\\/storage.googleapis.com\\\/cz-shopatoa-img\\\/ro\\\/10646ee5-unnamed-file.webp\",\"datePublished\":\"2025-04-29T01:31:42+00:00\",\"dateModified\":\"2025-12-09T00:37:30+00:00\",\"breadcrumb\":{\"@id\":\"https:\\\/\\\/shopatoa.com\\\/ro\\\/kenzo-aqua-kenzo-pour-femme-edt-50-ml\\\/#breadcrumb\"},\"inLanguage\":\"ro-RO\",\"potentialAction\":[{\"@type\":\"ReadAction\",\"target\":[\"https:\\\/\\\/shopatoa.com\\\/ro\\\/kenzo-aqua-kenzo-pour-femme-edt-50-ml\\\/\"]}]},{\"@type\":\"ImageObject\",\"inLanguage\":\"ro-RO\",\"@id\":\"https:\\\/\\\/shopatoa.com\\\/ro\\\/kenzo-aqua-kenzo-pour-femme-edt-50-ml\\\/#primaryimage\",\"url\":\"https:\\\/\\\/storage.googleapis.com\\\/cz-shopatoa-img\\\/ro\\\/10646ee5-unnamed-file.webp\",\"contentUrl\":\"https:\\\/\\\/storage.googleapis.com\\\/cz-shopatoa-img\\\/ro\\\/10646ee5-unnamed-file.webp\",\"width\":800,\"height\":800},{\"@type\":\"BreadcrumbList\",\"@id\":\"https:\\\/\\\/shopatoa.com\\\/ro\\\/kenzo-aqua-kenzo-pour-femme-edt-50-ml\\\/#breadcrumb\",\"itemListElement\":[{\"@type\":\"ListItem\",\"position\":1,\"name\":\"Dom\u016f\",\"item\":\"https:\\\/\\\/shopatoa.com\\\/ro\\\/\"},{\"@type\":\"ListItem\",\"position\":2,\"name\":\"Shop\",\"item\":\"https:\\\/\\\/shopatoa.com\\\/ro\\\/shop\\\/\"},{\"@type\":\"ListItem\",\"position\":3,\"name\":\"Parfumuri\",\"item\":\"https:\\\/\\\/shopatoa.com\\\/ro\\\/parfumuri\\\/\"},{\"@type\":\"ListItem\",\"position\":4,\"name\":\"Ape de toalet\u0103 (EDT)\",\"item\":\"https:\\\/\\\/shopatoa.com\\\/ro\\\/ape-de-toaleta-edt\\\/\"},{\"@type\":\"ListItem\",\"position\":5,\"name\":\"Kenzo Aqua Kenzo Pour Femme- EDT 50 ml\"}]},{\"@type\":\"WebSite\",\"@id\":\"https:\\\/\\\/shopatoa.com\\\/ro\\\/#website\",\"url\":\"https:\\\/\\\/shopatoa.com\\\/ro\\\/\",\"name\":\"SHOPATOA\",\"description\":\"\",\"publisher\":{\"@id\":\"https:\\\/\\\/shopatoa.com\\\/ro\\\/#organization\"},\"potentialAction\":[{\"@type\":\"SearchAction\",\"target\":{\"@type\":\"EntryPoint\",\"urlTemplate\":\"https:\\\/\\\/shopatoa.com\\\/ro\\\/?s={search_term_string}\"},\"query-input\":{\"@type\":\"PropertyValueSpecification\",\"valueRequired\":true,\"valueName\":\"search_term_string\"}}],\"inLanguage\":\"ro-RO\"},{\"@type\":\"Organization\",\"@id\":\"https:\\\/\\\/shopatoa.com\\\/ro\\\/#organization\",\"name\":\"SHOPATOA\",\"url\":\"https:\\\/\\\/shopatoa.com\\\/ro\\\/\",\"logo\":{\"@type\":\"ImageObject\",\"inLanguage\":\"ro-RO\",\"@id\":\"https:\\\/\\\/shopatoa.com\\\/ro\\\/#\\\/schema\\\/logo\\\/image\\\/\",\"url\":\"https:\\\/\\\/storage.googleapis.com\\\/cz-shopatoa-img\\\/ro\\\/b4dac915-shopatoa_logo.png\",\"contentUrl\":\"https:\\\/\\\/storage.googleapis.com\\\/cz-shopatoa-img\\\/ro\\\/b4dac915-shopatoa_logo.png\",\"width\":416,\"height\":63,\"caption\":\"SHOPATOA\"},\"image\":{\"@id\":\"https:\\\/\\\/shopatoa.com\\\/ro\\\/#\\\/schema\\\/logo\\\/image\\\/\"}}]}<\/script>\n<!-- \/ Yoast SEO plugin. -->","yoast_head_json":{"title":"Kenzo Aqua Kenzo Pour Femme- EDT 50 ml - SHOPATOA.COM","robots":{"index":"index","follow":"follow","max-snippet":"max-snippet:-1","max-image-preview":"max-image-preview:large","max-video-preview":"max-video-preview:-1"},"canonical":"https:\/\/shopatoa.com\/ro\/kenzo-aqua-kenzo-pour-femme-edt-50-ml\/","og_locale":"ro_RO","og_type":"article","og_title":"Kenzo Aqua Kenzo Pour Femme- EDT 50 ml - SHOPATOA.COM","og_description":"Apa de toalet\u0103 Aqua Kenzo Pour Femme este un parfum delicat floral-fructat, plin de prospe\u021bime, bucurie \u0219i inspira\u021bie. Completeaz\u0103 armonios imaginea feminin\u0103, \u00eei subliniaz\u0103 farmecul \u0219i gra\u021bia. Nota ini\u021bial\u0103 a parfumului este plin\u0103 de nuan\u021be mieroase de iasomie, de prospe\u021bimea suculent\u0103 a l\u0103m\u00e2ii \u0219i de acorduri ierboase moi de frunze de zmeur\u0103. Inima compozi\u021biei con\u021bine...","og_url":"https:\/\/shopatoa.com\/ro\/kenzo-aqua-kenzo-pour-femme-edt-50-ml\/","og_site_name":"SHOPATOA","article_modified_time":"2025-12-09T00:37:30+00:00","og_image":[{"width":800,"height":800,"url":"https:\/\/storage.googleapis.com\/cz-shopatoa-img\/ro\/10646ee5-unnamed-file.webp","type":"image\/webp"}],"twitter_card":"summary_large_image","twitter_misc":{"Timp estimat pentru citire":"1 minut"},"schema":{"@context":"https:\/\/schema.org","@graph":[{"@type":"WebPage","@id":"https:\/\/shopatoa.com\/ro\/kenzo-aqua-kenzo-pour-femme-edt-50-ml\/","url":"https:\/\/shopatoa.com\/ro\/kenzo-aqua-kenzo-pour-femme-edt-50-ml\/","name":"Kenzo Aqua Kenzo Pour Femme- EDT 50 ml - SHOPATOA.COM","isPartOf":{"@id":"https:\/\/shopatoa.com\/ro\/#website"},"primaryImageOfPage":{"@id":"https:\/\/shopatoa.com\/ro\/kenzo-aqua-kenzo-pour-femme-edt-50-ml\/#primaryimage"},"image":{"@id":"https:\/\/shopatoa.com\/ro\/kenzo-aqua-kenzo-pour-femme-edt-50-ml\/#primaryimage"},"thumbnailUrl":"https:\/\/storage.googleapis.com\/cz-shopatoa-img\/ro\/10646ee5-unnamed-file.webp","datePublished":"2025-04-29T01:31:42+00:00","dateModified":"2025-12-09T00:37:30+00:00","breadcrumb":{"@id":"https:\/\/shopatoa.com\/ro\/kenzo-aqua-kenzo-pour-femme-edt-50-ml\/#breadcrumb"},"inLanguage":"ro-RO","potentialAction":[{"@type":"ReadAction","target":["https:\/\/shopatoa.com\/ro\/kenzo-aqua-kenzo-pour-femme-edt-50-ml\/"]}]},{"@type":"ImageObject","inLanguage":"ro-RO","@id":"https:\/\/shopatoa.com\/ro\/kenzo-aqua-kenzo-pour-femme-edt-50-ml\/#primaryimage","url":"https:\/\/storage.googleapis.com\/cz-shopatoa-img\/ro\/10646ee5-unnamed-file.webp","contentUrl":"https:\/\/storage.googleapis.com\/cz-shopatoa-img\/ro\/10646ee5-unnamed-file.webp","width":800,"height":800},{"@type":"BreadcrumbList","@id":"https:\/\/shopatoa.com\/ro\/kenzo-aqua-kenzo-pour-femme-edt-50-ml\/#breadcrumb","itemListElement":[{"@type":"ListItem","position":1,"name":"Dom\u016f","item":"https:\/\/shopatoa.com\/ro\/"},{"@type":"ListItem","position":2,"name":"Shop","item":"https:\/\/shopatoa.com\/ro\/shop\/"},{"@type":"ListItem","position":3,"name":"Parfumuri","item":"https:\/\/shopatoa.com\/ro\/parfumuri\/"},{"@type":"ListItem","position":4,"name":"Ape de toalet\u0103 (EDT)","item":"https:\/\/shopatoa.com\/ro\/ape-de-toaleta-edt\/"},{"@type":"ListItem","position":5,"name":"Kenzo Aqua Kenzo Pour Femme- EDT 50 ml"}]},{"@type":"WebSite","@id":"https:\/\/shopatoa.com\/ro\/#website","url":"https:\/\/shopatoa.com\/ro\/","name":"SHOPATOA","description":"","publisher":{"@id":"https:\/\/shopatoa.com\/ro\/#organization"},"potentialAction":[{"@type":"SearchAction","target":{"@type":"EntryPoint","urlTemplate":"https:\/\/shopatoa.com\/ro\/?s={search_term_string}"},"query-input":{"@type":"PropertyValueSpecification","valueRequired":true,"valueName":"search_term_string"}}],"inLanguage":"ro-RO"},{"@type":"Organization","@id":"https:\/\/shopatoa.com\/ro\/#organization","name":"SHOPATOA","url":"https:\/\/shopatoa.com\/ro\/","logo":{"@type":"ImageObject","inLanguage":"ro-RO","@id":"https:\/\/shopatoa.com\/ro\/#\/schema\/logo\/image\/","url":"https:\/\/storage.googleapis.com\/cz-shopatoa-img\/ro\/b4dac915-shopatoa_logo.png","contentUrl":"https:\/\/storage.googleapis.com\/cz-shopatoa-img\/ro\/b4dac915-shopatoa_logo.png","width":416,"height":63,"caption":"SHOPATOA"},"image":{"@id":"https:\/\/shopatoa.com\/ro\/#\/schema\/logo\/image\/"}}]}},"_links":{"self":[{"href":"https:\/\/shopatoa.com\/ro\/wp-json\/wp\/v2\/product\/269445","targetHints":{"allow":["GET"]}}],"collection":[{"href":"https:\/\/shopatoa.com\/ro\/wp-json\/wp\/v2\/product"}],"about":[{"href":"https:\/\/shopatoa.com\/ro\/wp-json\/wp\/v2\/types\/product"}],"replies":[{"embeddable":true,"href":"https:\/\/shopatoa.com\/ro\/wp-json\/wp\/v2\/comments?post=269445"}],"wp:featuredmedia":[{"embeddable":true,"href":"https:\/\/shopatoa.com\/ro\/wp-json\/wp\/v2\/media\/269446"}],"wp:attachment":[{"href":"https:\/\/shopatoa.com\/ro\/wp-json\/wp\/v2\/media?parent=269445"}],"wp:term":[{"taxonomy":"product_brand","embeddable":true,"href":"https:\/\/shopatoa.com\/ro\/wp-json\/wp\/v2\/product_brand?post=269445"},{"taxonomy":"product_cat","embeddable":true,"href":"https:\/\/shopatoa.com\/ro\/wp-json\/wp\/v2\/product_cat?post=269445"},{"taxonomy":"product_tag","embeddable":true,"href":"https:\/\/shopatoa.com\/ro\/wp-json\/wp\/v2\/product_tag?post=269445"}],"curies":[{"name":"wp","href":"https:\/\/api.w.org\/{rel}","templated":true}]}}