{"id":269941,"date":"2025-04-29T05:15:59","date_gmt":"2025-04-29T03:15:59","guid":{"rendered":"https:\/\/shopatoa.com\/ro\/polar-polar-unite-sporttester-s-l-tunnel-negru\/"},"modified":"2025-12-09T00:05:56","modified_gmt":"2025-12-08T23:05:56","slug":"polar-polar-unite-sporttester-s-l-tunnel-negru","status":"publish","type":"product","link":"https:\/\/shopatoa.com\/ro\/polar-polar-unite-sporttester-s-l-tunnel-negru\/","title":{"rendered":"Polar Polar Unite sporttester S-L Tunnel negru"},"content":{"rendered":"<p>Dac\u0103 ave\u021bi \u00eentreb\u0103ri despre produsele marca Polar, v\u0103 rug\u0103m contacta\u021bi suport e-mail: pottenpannen@pottenpannen.cz Instruc\u021biuni \u00een limba ceh\u0103 AICI Un ceas inteligent nu este un dispozitiv medical. Datele ob\u021binute \u00een urma utiliz\u0103rii sale sunt doar cu titlu orientativ \u0219i nu trebuie utilizate pentru cercetare medical\u0103, diagnostic sau tratament.<\/p>\n","protected":false},"excerpt":{"rendered":"<p>Dac\u0103 ave\u021bi \u00eentreb\u0103ri despre produsele marca Polar, v\u0103 rug\u0103m contacta\u021bi suport e-mail: pottenpannen@pottenpannen.cz Instruc\u021biuni \u00een limba ceh\u0103 AICI Un ceas inteligent nu este un dispozitiv medical. Datele ob\u021binute \u00een urma utiliz\u0103rii sale sunt doar cu titlu orientativ \u0219i nu trebuie utilizate pentru cercetare medical\u0103, diagnostic sau tratament.<\/p>\n","protected":false},"featured_media":341484,"comment_status":"closed","ping_status":"open","template":"","meta":{"_acf_changed":false,"_kadence_starter_templates_imported_post":false,"_kad_post_transparent":"","_kad_post_title":"","_kad_post_layout":"","_kad_post_sidebar_id":"","_kad_post_content_style":"","_kad_post_vertical_padding":"","_kad_post_feature":"","_kad_post_feature_position":"","_kad_post_header":false,"_kad_post_footer":false,"_kad_post_classname":""},"product_brand":[300],"product_cat":[629,711],"product_tag":[],"class_list":{"0":"post-269941","1":"product","2":"type-product","3":"status-publish","4":"has-post-thumbnail","6":"product_brand-polar","7":"product_cat-ceasuri","8":"product_cat-smartwatch","10":"first","11":"instock","12":"sale","13":"product-type-external","14":"entry","15":"content-bg","16":"loop-entry"},"acf":[],"yoast_head":"<!-- This site is optimized with the Yoast SEO plugin v27.4 - https:\/\/yoast.com\/product\/yoast-seo-wordpress\/ -->\n<title>Polar Polar Unite sporttester S-L Tunnel negru - SHOPATOA.COM<\/title>\n<meta name=\"robots\" content=\"index, follow, max-snippet:-1, max-image-preview:large, max-video-preview:-1\" \/>\n<link rel=\"canonical\" href=\"https:\/\/shopatoa.com\/ro\/polar-polar-unite-sporttester-s-l-tunnel-negru\/\" \/>\n<meta property=\"og:locale\" content=\"ro_RO\" \/>\n<meta property=\"og:type\" content=\"article\" \/>\n<meta property=\"og:title\" content=\"Polar Polar Unite sporttester S-L Tunnel negru - SHOPATOA.COM\" \/>\n<meta property=\"og:description\" content=\"Dac\u0103 ave\u021bi \u00eentreb\u0103ri despre produsele marca Polar, v\u0103 rug\u0103m contacta\u021bi suport e-mail: pottenpannen@pottenpannen.cz Instruc\u021biuni \u00een limba ceh\u0103 AICI Un ceas inteligent nu este un dispozitiv medical. Datele ob\u021binute \u00een urma utiliz\u0103rii sale sunt doar cu titlu orientativ \u0219i nu trebuie utilizate pentru cercetare medical\u0103, diagnostic sau tratament.\" \/>\n<meta property=\"og:url\" content=\"https:\/\/shopatoa.com\/ro\/polar-polar-unite-sporttester-s-l-tunnel-negru\/\" \/>\n<meta property=\"og:site_name\" content=\"SHOPATOA\" \/>\n<meta property=\"article:modified_time\" content=\"2025-12-08T23:05:56+00:00\" \/>\n<meta property=\"og:image\" content=\"https:\/\/storage.googleapis.com\/cz-shopatoa-img\/ro\/e961701a-unnamed-file.webp\" \/>\n\t<meta property=\"og:image:width\" content=\"800\" \/>\n\t<meta property=\"og:image:height\" content=\"800\" \/>\n\t<meta property=\"og:image:type\" content=\"image\/webp\" \/>\n<meta name=\"twitter:card\" content=\"summary_large_image\" \/>\n<script type=\"application\/ld+json\" class=\"yoast-schema-graph\">{\"@context\":\"https:\\\/\\\/schema.org\",\"@graph\":[{\"@type\":\"WebPage\",\"@id\":\"https:\\\/\\\/shopatoa.com\\\/ro\\\/polar-polar-unite-sporttester-s-l-tunnel-negru\\\/\",\"url\":\"https:\\\/\\\/shopatoa.com\\\/ro\\\/polar-polar-unite-sporttester-s-l-tunnel-negru\\\/\",\"name\":\"Polar Polar Unite sporttester S-L Tunnel negru - SHOPATOA.COM\",\"isPartOf\":{\"@id\":\"https:\\\/\\\/shopatoa.com\\\/ro\\\/#website\"},\"primaryImageOfPage\":{\"@id\":\"https:\\\/\\\/shopatoa.com\\\/ro\\\/polar-polar-unite-sporttester-s-l-tunnel-negru\\\/#primaryimage\"},\"image\":{\"@id\":\"https:\\\/\\\/shopatoa.com\\\/ro\\\/polar-polar-unite-sporttester-s-l-tunnel-negru\\\/#primaryimage\"},\"thumbnailUrl\":\"https:\\\/\\\/storage.googleapis.com\\\/cz-shopatoa-img\\\/ro\\\/e961701a-unnamed-file.webp\",\"datePublished\":\"2025-04-29T03:15:59+00:00\",\"dateModified\":\"2025-12-08T23:05:56+00:00\",\"breadcrumb\":{\"@id\":\"https:\\\/\\\/shopatoa.com\\\/ro\\\/polar-polar-unite-sporttester-s-l-tunnel-negru\\\/#breadcrumb\"},\"inLanguage\":\"ro-RO\",\"potentialAction\":[{\"@type\":\"ReadAction\",\"target\":[\"https:\\\/\\\/shopatoa.com\\\/ro\\\/polar-polar-unite-sporttester-s-l-tunnel-negru\\\/\"]}]},{\"@type\":\"ImageObject\",\"inLanguage\":\"ro-RO\",\"@id\":\"https:\\\/\\\/shopatoa.com\\\/ro\\\/polar-polar-unite-sporttester-s-l-tunnel-negru\\\/#primaryimage\",\"url\":\"https:\\\/\\\/storage.googleapis.com\\\/cz-shopatoa-img\\\/ro\\\/e961701a-unnamed-file.webp\",\"contentUrl\":\"https:\\\/\\\/storage.googleapis.com\\\/cz-shopatoa-img\\\/ro\\\/e961701a-unnamed-file.webp\",\"width\":800,\"height\":800},{\"@type\":\"BreadcrumbList\",\"@id\":\"https:\\\/\\\/shopatoa.com\\\/ro\\\/polar-polar-unite-sporttester-s-l-tunnel-negru\\\/#breadcrumb\",\"itemListElement\":[{\"@type\":\"ListItem\",\"position\":1,\"name\":\"Dom\u016f\",\"item\":\"https:\\\/\\\/shopatoa.com\\\/ro\\\/\"},{\"@type\":\"ListItem\",\"position\":2,\"name\":\"Shop\",\"item\":\"https:\\\/\\\/shopatoa.com\\\/ro\\\/shop\\\/\"},{\"@type\":\"ListItem\",\"position\":3,\"name\":\"Ceasuri\",\"item\":\"https:\\\/\\\/shopatoa.com\\\/ro\\\/ceasuri\\\/\"},{\"@type\":\"ListItem\",\"position\":4,\"name\":\"SmartWatch\",\"item\":\"https:\\\/\\\/shopatoa.com\\\/ro\\\/smartwatch\\\/\"},{\"@type\":\"ListItem\",\"position\":5,\"name\":\"Polar Polar Unite sporttester S-L Tunnel negru\"}]},{\"@type\":\"WebSite\",\"@id\":\"https:\\\/\\\/shopatoa.com\\\/ro\\\/#website\",\"url\":\"https:\\\/\\\/shopatoa.com\\\/ro\\\/\",\"name\":\"SHOPATOA\",\"description\":\"\",\"publisher\":{\"@id\":\"https:\\\/\\\/shopatoa.com\\\/ro\\\/#organization\"},\"potentialAction\":[{\"@type\":\"SearchAction\",\"target\":{\"@type\":\"EntryPoint\",\"urlTemplate\":\"https:\\\/\\\/shopatoa.com\\\/ro\\\/?s={search_term_string}\"},\"query-input\":{\"@type\":\"PropertyValueSpecification\",\"valueRequired\":true,\"valueName\":\"search_term_string\"}}],\"inLanguage\":\"ro-RO\"},{\"@type\":\"Organization\",\"@id\":\"https:\\\/\\\/shopatoa.com\\\/ro\\\/#organization\",\"name\":\"SHOPATOA\",\"url\":\"https:\\\/\\\/shopatoa.com\\\/ro\\\/\",\"logo\":{\"@type\":\"ImageObject\",\"inLanguage\":\"ro-RO\",\"@id\":\"https:\\\/\\\/shopatoa.com\\\/ro\\\/#\\\/schema\\\/logo\\\/image\\\/\",\"url\":\"https:\\\/\\\/storage.googleapis.com\\\/cz-shopatoa-img\\\/ro\\\/b4dac915-shopatoa_logo.png\",\"contentUrl\":\"https:\\\/\\\/storage.googleapis.com\\\/cz-shopatoa-img\\\/ro\\\/b4dac915-shopatoa_logo.png\",\"width\":416,\"height\":63,\"caption\":\"SHOPATOA\"},\"image\":{\"@id\":\"https:\\\/\\\/shopatoa.com\\\/ro\\\/#\\\/schema\\\/logo\\\/image\\\/\"}}]}<\/script>\n<!-- \/ Yoast SEO plugin. -->","yoast_head_json":{"title":"Polar Polar Unite sporttester S-L Tunnel negru - SHOPATOA.COM","robots":{"index":"index","follow":"follow","max-snippet":"max-snippet:-1","max-image-preview":"max-image-preview:large","max-video-preview":"max-video-preview:-1"},"canonical":"https:\/\/shopatoa.com\/ro\/polar-polar-unite-sporttester-s-l-tunnel-negru\/","og_locale":"ro_RO","og_type":"article","og_title":"Polar Polar Unite sporttester S-L Tunnel negru - SHOPATOA.COM","og_description":"Dac\u0103 ave\u021bi \u00eentreb\u0103ri despre produsele marca Polar, v\u0103 rug\u0103m contacta\u021bi suport e-mail: pottenpannen@pottenpannen.cz Instruc\u021biuni \u00een limba ceh\u0103 AICI Un ceas inteligent nu este un dispozitiv medical. Datele ob\u021binute \u00een urma utiliz\u0103rii sale sunt doar cu titlu orientativ \u0219i nu trebuie utilizate pentru cercetare medical\u0103, diagnostic sau tratament.","og_url":"https:\/\/shopatoa.com\/ro\/polar-polar-unite-sporttester-s-l-tunnel-negru\/","og_site_name":"SHOPATOA","article_modified_time":"2025-12-08T23:05:56+00:00","og_image":[{"width":800,"height":800,"url":"https:\/\/storage.googleapis.com\/cz-shopatoa-img\/ro\/e961701a-unnamed-file.webp","type":"image\/webp"}],"twitter_card":"summary_large_image","schema":{"@context":"https:\/\/schema.org","@graph":[{"@type":"WebPage","@id":"https:\/\/shopatoa.com\/ro\/polar-polar-unite-sporttester-s-l-tunnel-negru\/","url":"https:\/\/shopatoa.com\/ro\/polar-polar-unite-sporttester-s-l-tunnel-negru\/","name":"Polar Polar Unite sporttester S-L Tunnel negru - SHOPATOA.COM","isPartOf":{"@id":"https:\/\/shopatoa.com\/ro\/#website"},"primaryImageOfPage":{"@id":"https:\/\/shopatoa.com\/ro\/polar-polar-unite-sporttester-s-l-tunnel-negru\/#primaryimage"},"image":{"@id":"https:\/\/shopatoa.com\/ro\/polar-polar-unite-sporttester-s-l-tunnel-negru\/#primaryimage"},"thumbnailUrl":"https:\/\/storage.googleapis.com\/cz-shopatoa-img\/ro\/e961701a-unnamed-file.webp","datePublished":"2025-04-29T03:15:59+00:00","dateModified":"2025-12-08T23:05:56+00:00","breadcrumb":{"@id":"https:\/\/shopatoa.com\/ro\/polar-polar-unite-sporttester-s-l-tunnel-negru\/#breadcrumb"},"inLanguage":"ro-RO","potentialAction":[{"@type":"ReadAction","target":["https:\/\/shopatoa.com\/ro\/polar-polar-unite-sporttester-s-l-tunnel-negru\/"]}]},{"@type":"ImageObject","inLanguage":"ro-RO","@id":"https:\/\/shopatoa.com\/ro\/polar-polar-unite-sporttester-s-l-tunnel-negru\/#primaryimage","url":"https:\/\/storage.googleapis.com\/cz-shopatoa-img\/ro\/e961701a-unnamed-file.webp","contentUrl":"https:\/\/storage.googleapis.com\/cz-shopatoa-img\/ro\/e961701a-unnamed-file.webp","width":800,"height":800},{"@type":"BreadcrumbList","@id":"https:\/\/shopatoa.com\/ro\/polar-polar-unite-sporttester-s-l-tunnel-negru\/#breadcrumb","itemListElement":[{"@type":"ListItem","position":1,"name":"Dom\u016f","item":"https:\/\/shopatoa.com\/ro\/"},{"@type":"ListItem","position":2,"name":"Shop","item":"https:\/\/shopatoa.com\/ro\/shop\/"},{"@type":"ListItem","position":3,"name":"Ceasuri","item":"https:\/\/shopatoa.com\/ro\/ceasuri\/"},{"@type":"ListItem","position":4,"name":"SmartWatch","item":"https:\/\/shopatoa.com\/ro\/smartwatch\/"},{"@type":"ListItem","position":5,"name":"Polar Polar Unite sporttester S-L Tunnel negru"}]},{"@type":"WebSite","@id":"https:\/\/shopatoa.com\/ro\/#website","url":"https:\/\/shopatoa.com\/ro\/","name":"SHOPATOA","description":"","publisher":{"@id":"https:\/\/shopatoa.com\/ro\/#organization"},"potentialAction":[{"@type":"SearchAction","target":{"@type":"EntryPoint","urlTemplate":"https:\/\/shopatoa.com\/ro\/?s={search_term_string}"},"query-input":{"@type":"PropertyValueSpecification","valueRequired":true,"valueName":"search_term_string"}}],"inLanguage":"ro-RO"},{"@type":"Organization","@id":"https:\/\/shopatoa.com\/ro\/#organization","name":"SHOPATOA","url":"https:\/\/shopatoa.com\/ro\/","logo":{"@type":"ImageObject","inLanguage":"ro-RO","@id":"https:\/\/shopatoa.com\/ro\/#\/schema\/logo\/image\/","url":"https:\/\/storage.googleapis.com\/cz-shopatoa-img\/ro\/b4dac915-shopatoa_logo.png","contentUrl":"https:\/\/storage.googleapis.com\/cz-shopatoa-img\/ro\/b4dac915-shopatoa_logo.png","width":416,"height":63,"caption":"SHOPATOA"},"image":{"@id":"https:\/\/shopatoa.com\/ro\/#\/schema\/logo\/image\/"}}]}},"_links":{"self":[{"href":"https:\/\/shopatoa.com\/ro\/wp-json\/wp\/v2\/product\/269941","targetHints":{"allow":["GET"]}}],"collection":[{"href":"https:\/\/shopatoa.com\/ro\/wp-json\/wp\/v2\/product"}],"about":[{"href":"https:\/\/shopatoa.com\/ro\/wp-json\/wp\/v2\/types\/product"}],"replies":[{"embeddable":true,"href":"https:\/\/shopatoa.com\/ro\/wp-json\/wp\/v2\/comments?post=269941"}],"wp:featuredmedia":[{"embeddable":true,"href":"https:\/\/shopatoa.com\/ro\/wp-json\/wp\/v2\/media\/341484"}],"wp:attachment":[{"href":"https:\/\/shopatoa.com\/ro\/wp-json\/wp\/v2\/media?parent=269941"}],"wp:term":[{"taxonomy":"product_brand","embeddable":true,"href":"https:\/\/shopatoa.com\/ro\/wp-json\/wp\/v2\/product_brand?post=269941"},{"taxonomy":"product_cat","embeddable":true,"href":"https:\/\/shopatoa.com\/ro\/wp-json\/wp\/v2\/product_cat?post=269941"},{"taxonomy":"product_tag","embeddable":true,"href":"https:\/\/shopatoa.com\/ro\/wp-json\/wp\/v2\/product_tag?post=269941"}],"curies":[{"name":"wp","href":"https:\/\/api.w.org\/{rel}","templated":true}]}}