{"id":269955,"date":"2025-04-29T05:20:05","date_gmt":"2025-04-29T03:20:05","guid":{"rendered":"https:\/\/shopatoa.com\/ro\/denim-anti-age-balsam-de-dupa-ras-100-ml\/"},"modified":"2025-12-09T00:05:35","modified_gmt":"2025-12-08T23:05:35","slug":"denim-anti-age-balsam-de-dupa-ras-100-ml","status":"publish","type":"product","link":"https:\/\/shopatoa.com\/ro\/denim-anti-age-balsam-de-dupa-ras-100-ml\/","title":{"rendered":"Denim Anti-Age &#8211; balsam de dup\u0103 ras 100 ml"},"content":{"rendered":"<p>Balsamul de dup\u0103 ras Anti-Age de la marca Denim este perfect pentru b\u0103rbatul modern c\u0103ruia \u00eei place s\u0103 aib\u0103 grij\u0103 de el \u00eensu\u0219i. Balsamul de dup\u0103 ras v\u0103 va \u00eemprosp\u0103ta pielea \u0219i va las\u0103 un miros pl\u0103cut. Acest produs calmeaz\u0103 ro\u0219ea\u021ba dup\u0103 b\u0103rbierit, hidrateaz\u0103 pielea, ajut\u0103 la reducerea ridurilor \u0219i previne apari\u021bia lor.<\/p>\n","protected":false},"excerpt":{"rendered":"<p>Balsamul de dup\u0103 ras Anti-Age de la marca Denim este perfect pentru b\u0103rbatul modern c\u0103ruia \u00eei place s\u0103 aib\u0103 grij\u0103 de el \u00eensu\u0219i. Balsamul de dup\u0103 ras v\u0103 va \u00eemprosp\u0103ta pielea \u0219i va las\u0103 un miros pl\u0103cut. Acest produs calmeaz\u0103 ro\u0219ea\u021ba dup\u0103 b\u0103rbierit, hidrateaz\u0103 pielea, ajut\u0103 la reducerea ridurilor \u0219i previne apari\u021bia lor.<\/p>\n","protected":false},"featured_media":269956,"comment_status":"closed","ping_status":"open","template":"","meta":{"_acf_changed":false,"_kadence_starter_templates_imported_post":false,"_kad_post_transparent":"","_kad_post_title":"","_kad_post_layout":"","_kad_post_sidebar_id":"","_kad_post_content_style":"","_kad_post_vertical_padding":"","_kad_post_feature":"","_kad_post_feature_position":"","_kad_post_header":false,"_kad_post_footer":false,"_kad_post_classname":""},"product_brand":[542],"product_cat":[877,614],"product_tag":[],"class_list":{"0":"post-269955","1":"product","2":"type-product","3":"status-publish","4":"has-post-thumbnail","6":"product_brand-denim","7":"product_cat-balzam-dupa-ras","8":"product_cat-parfumuri","10":"first","11":"instock","12":"product-type-external","13":"entry","14":"content-bg","15":"loop-entry"},"acf":[],"yoast_head":"<!-- This site is optimized with the Yoast SEO plugin v27.4 - https:\/\/yoast.com\/product\/yoast-seo-wordpress\/ -->\n<title>Denim Anti-Age - balsam de dup\u0103 ras 100 ml - SHOPATOA.COM<\/title>\n<meta name=\"robots\" content=\"index, follow, max-snippet:-1, max-image-preview:large, max-video-preview:-1\" \/>\n<link rel=\"canonical\" href=\"https:\/\/shopatoa.com\/ro\/denim-anti-age-balsam-de-dupa-ras-100-ml\/\" \/>\n<meta property=\"og:locale\" content=\"ro_RO\" \/>\n<meta property=\"og:type\" content=\"article\" \/>\n<meta property=\"og:title\" content=\"Denim Anti-Age - balsam de dup\u0103 ras 100 ml - SHOPATOA.COM\" \/>\n<meta property=\"og:description\" content=\"Balsamul de dup\u0103 ras Anti-Age de la marca Denim este perfect pentru b\u0103rbatul modern c\u0103ruia \u00eei place s\u0103 aib\u0103 grij\u0103 de el \u00eensu\u0219i. Balsamul de dup\u0103 ras v\u0103 va \u00eemprosp\u0103ta pielea \u0219i va las\u0103 un miros pl\u0103cut. Acest produs calmeaz\u0103 ro\u0219ea\u021ba dup\u0103 b\u0103rbierit, hidrateaz\u0103 pielea, ajut\u0103 la reducerea ridurilor \u0219i previne apari\u021bia lor.\" \/>\n<meta property=\"og:url\" content=\"https:\/\/shopatoa.com\/ro\/denim-anti-age-balsam-de-dupa-ras-100-ml\/\" \/>\n<meta property=\"og:site_name\" content=\"SHOPATOA\" \/>\n<meta property=\"article:modified_time\" content=\"2025-12-08T23:05:35+00:00\" \/>\n<meta property=\"og:image\" content=\"https:\/\/storage.googleapis.com\/cz-shopatoa-img\/ro\/ca9271e8-unnamed-file.webp\" \/>\n\t<meta property=\"og:image:width\" content=\"800\" \/>\n\t<meta property=\"og:image:height\" content=\"800\" \/>\n\t<meta property=\"og:image:type\" content=\"image\/webp\" \/>\n<meta name=\"twitter:card\" content=\"summary_large_image\" \/>\n<script type=\"application\/ld+json\" class=\"yoast-schema-graph\">{\"@context\":\"https:\\\/\\\/schema.org\",\"@graph\":[{\"@type\":\"WebPage\",\"@id\":\"https:\\\/\\\/shopatoa.com\\\/ro\\\/denim-anti-age-balsam-de-dupa-ras-100-ml\\\/\",\"url\":\"https:\\\/\\\/shopatoa.com\\\/ro\\\/denim-anti-age-balsam-de-dupa-ras-100-ml\\\/\",\"name\":\"Denim Anti-Age - balsam de dup\u0103 ras 100 ml - SHOPATOA.COM\",\"isPartOf\":{\"@id\":\"https:\\\/\\\/shopatoa.com\\\/ro\\\/#website\"},\"primaryImageOfPage\":{\"@id\":\"https:\\\/\\\/shopatoa.com\\\/ro\\\/denim-anti-age-balsam-de-dupa-ras-100-ml\\\/#primaryimage\"},\"image\":{\"@id\":\"https:\\\/\\\/shopatoa.com\\\/ro\\\/denim-anti-age-balsam-de-dupa-ras-100-ml\\\/#primaryimage\"},\"thumbnailUrl\":\"https:\\\/\\\/storage.googleapis.com\\\/cz-shopatoa-img\\\/ro\\\/ca9271e8-unnamed-file.webp\",\"datePublished\":\"2025-04-29T03:20:05+00:00\",\"dateModified\":\"2025-12-08T23:05:35+00:00\",\"breadcrumb\":{\"@id\":\"https:\\\/\\\/shopatoa.com\\\/ro\\\/denim-anti-age-balsam-de-dupa-ras-100-ml\\\/#breadcrumb\"},\"inLanguage\":\"ro-RO\",\"potentialAction\":[{\"@type\":\"ReadAction\",\"target\":[\"https:\\\/\\\/shopatoa.com\\\/ro\\\/denim-anti-age-balsam-de-dupa-ras-100-ml\\\/\"]}]},{\"@type\":\"ImageObject\",\"inLanguage\":\"ro-RO\",\"@id\":\"https:\\\/\\\/shopatoa.com\\\/ro\\\/denim-anti-age-balsam-de-dupa-ras-100-ml\\\/#primaryimage\",\"url\":\"https:\\\/\\\/storage.googleapis.com\\\/cz-shopatoa-img\\\/ro\\\/ca9271e8-unnamed-file.webp\",\"contentUrl\":\"https:\\\/\\\/storage.googleapis.com\\\/cz-shopatoa-img\\\/ro\\\/ca9271e8-unnamed-file.webp\",\"width\":800,\"height\":800},{\"@type\":\"BreadcrumbList\",\"@id\":\"https:\\\/\\\/shopatoa.com\\\/ro\\\/denim-anti-age-balsam-de-dupa-ras-100-ml\\\/#breadcrumb\",\"itemListElement\":[{\"@type\":\"ListItem\",\"position\":1,\"name\":\"Dom\u016f\",\"item\":\"https:\\\/\\\/shopatoa.com\\\/ro\\\/\"},{\"@type\":\"ListItem\",\"position\":2,\"name\":\"Shop\",\"item\":\"https:\\\/\\\/shopatoa.com\\\/ro\\\/shop\\\/\"},{\"@type\":\"ListItem\",\"position\":3,\"name\":\"Parfumuri\",\"item\":\"https:\\\/\\\/shopatoa.com\\\/ro\\\/parfumuri\\\/\"},{\"@type\":\"ListItem\",\"position\":4,\"name\":\"Balzam dup\u0103 ras\",\"item\":\"https:\\\/\\\/shopatoa.com\\\/ro\\\/balzam-dupa-ras\\\/\"},{\"@type\":\"ListItem\",\"position\":5,\"name\":\"Denim Anti-Age &#8211; balsam de dup\u0103 ras 100 ml\"}]},{\"@type\":\"WebSite\",\"@id\":\"https:\\\/\\\/shopatoa.com\\\/ro\\\/#website\",\"url\":\"https:\\\/\\\/shopatoa.com\\\/ro\\\/\",\"name\":\"SHOPATOA\",\"description\":\"\",\"publisher\":{\"@id\":\"https:\\\/\\\/shopatoa.com\\\/ro\\\/#organization\"},\"potentialAction\":[{\"@type\":\"SearchAction\",\"target\":{\"@type\":\"EntryPoint\",\"urlTemplate\":\"https:\\\/\\\/shopatoa.com\\\/ro\\\/?s={search_term_string}\"},\"query-input\":{\"@type\":\"PropertyValueSpecification\",\"valueRequired\":true,\"valueName\":\"search_term_string\"}}],\"inLanguage\":\"ro-RO\"},{\"@type\":\"Organization\",\"@id\":\"https:\\\/\\\/shopatoa.com\\\/ro\\\/#organization\",\"name\":\"SHOPATOA\",\"url\":\"https:\\\/\\\/shopatoa.com\\\/ro\\\/\",\"logo\":{\"@type\":\"ImageObject\",\"inLanguage\":\"ro-RO\",\"@id\":\"https:\\\/\\\/shopatoa.com\\\/ro\\\/#\\\/schema\\\/logo\\\/image\\\/\",\"url\":\"https:\\\/\\\/storage.googleapis.com\\\/cz-shopatoa-img\\\/ro\\\/b4dac915-shopatoa_logo.png\",\"contentUrl\":\"https:\\\/\\\/storage.googleapis.com\\\/cz-shopatoa-img\\\/ro\\\/b4dac915-shopatoa_logo.png\",\"width\":416,\"height\":63,\"caption\":\"SHOPATOA\"},\"image\":{\"@id\":\"https:\\\/\\\/shopatoa.com\\\/ro\\\/#\\\/schema\\\/logo\\\/image\\\/\"}}]}<\/script>\n<!-- \/ Yoast SEO plugin. -->","yoast_head_json":{"title":"Denim Anti-Age - balsam de dup\u0103 ras 100 ml - SHOPATOA.COM","robots":{"index":"index","follow":"follow","max-snippet":"max-snippet:-1","max-image-preview":"max-image-preview:large","max-video-preview":"max-video-preview:-1"},"canonical":"https:\/\/shopatoa.com\/ro\/denim-anti-age-balsam-de-dupa-ras-100-ml\/","og_locale":"ro_RO","og_type":"article","og_title":"Denim Anti-Age - balsam de dup\u0103 ras 100 ml - SHOPATOA.COM","og_description":"Balsamul de dup\u0103 ras Anti-Age de la marca Denim este perfect pentru b\u0103rbatul modern c\u0103ruia \u00eei place s\u0103 aib\u0103 grij\u0103 de el \u00eensu\u0219i. Balsamul de dup\u0103 ras v\u0103 va \u00eemprosp\u0103ta pielea \u0219i va las\u0103 un miros pl\u0103cut. Acest produs calmeaz\u0103 ro\u0219ea\u021ba dup\u0103 b\u0103rbierit, hidrateaz\u0103 pielea, ajut\u0103 la reducerea ridurilor \u0219i previne apari\u021bia lor.","og_url":"https:\/\/shopatoa.com\/ro\/denim-anti-age-balsam-de-dupa-ras-100-ml\/","og_site_name":"SHOPATOA","article_modified_time":"2025-12-08T23:05:35+00:00","og_image":[{"width":800,"height":800,"url":"https:\/\/storage.googleapis.com\/cz-shopatoa-img\/ro\/ca9271e8-unnamed-file.webp","type":"image\/webp"}],"twitter_card":"summary_large_image","schema":{"@context":"https:\/\/schema.org","@graph":[{"@type":"WebPage","@id":"https:\/\/shopatoa.com\/ro\/denim-anti-age-balsam-de-dupa-ras-100-ml\/","url":"https:\/\/shopatoa.com\/ro\/denim-anti-age-balsam-de-dupa-ras-100-ml\/","name":"Denim Anti-Age - balsam de dup\u0103 ras 100 ml - SHOPATOA.COM","isPartOf":{"@id":"https:\/\/shopatoa.com\/ro\/#website"},"primaryImageOfPage":{"@id":"https:\/\/shopatoa.com\/ro\/denim-anti-age-balsam-de-dupa-ras-100-ml\/#primaryimage"},"image":{"@id":"https:\/\/shopatoa.com\/ro\/denim-anti-age-balsam-de-dupa-ras-100-ml\/#primaryimage"},"thumbnailUrl":"https:\/\/storage.googleapis.com\/cz-shopatoa-img\/ro\/ca9271e8-unnamed-file.webp","datePublished":"2025-04-29T03:20:05+00:00","dateModified":"2025-12-08T23:05:35+00:00","breadcrumb":{"@id":"https:\/\/shopatoa.com\/ro\/denim-anti-age-balsam-de-dupa-ras-100-ml\/#breadcrumb"},"inLanguage":"ro-RO","potentialAction":[{"@type":"ReadAction","target":["https:\/\/shopatoa.com\/ro\/denim-anti-age-balsam-de-dupa-ras-100-ml\/"]}]},{"@type":"ImageObject","inLanguage":"ro-RO","@id":"https:\/\/shopatoa.com\/ro\/denim-anti-age-balsam-de-dupa-ras-100-ml\/#primaryimage","url":"https:\/\/storage.googleapis.com\/cz-shopatoa-img\/ro\/ca9271e8-unnamed-file.webp","contentUrl":"https:\/\/storage.googleapis.com\/cz-shopatoa-img\/ro\/ca9271e8-unnamed-file.webp","width":800,"height":800},{"@type":"BreadcrumbList","@id":"https:\/\/shopatoa.com\/ro\/denim-anti-age-balsam-de-dupa-ras-100-ml\/#breadcrumb","itemListElement":[{"@type":"ListItem","position":1,"name":"Dom\u016f","item":"https:\/\/shopatoa.com\/ro\/"},{"@type":"ListItem","position":2,"name":"Shop","item":"https:\/\/shopatoa.com\/ro\/shop\/"},{"@type":"ListItem","position":3,"name":"Parfumuri","item":"https:\/\/shopatoa.com\/ro\/parfumuri\/"},{"@type":"ListItem","position":4,"name":"Balzam dup\u0103 ras","item":"https:\/\/shopatoa.com\/ro\/balzam-dupa-ras\/"},{"@type":"ListItem","position":5,"name":"Denim Anti-Age &#8211; balsam de dup\u0103 ras 100 ml"}]},{"@type":"WebSite","@id":"https:\/\/shopatoa.com\/ro\/#website","url":"https:\/\/shopatoa.com\/ro\/","name":"SHOPATOA","description":"","publisher":{"@id":"https:\/\/shopatoa.com\/ro\/#organization"},"potentialAction":[{"@type":"SearchAction","target":{"@type":"EntryPoint","urlTemplate":"https:\/\/shopatoa.com\/ro\/?s={search_term_string}"},"query-input":{"@type":"PropertyValueSpecification","valueRequired":true,"valueName":"search_term_string"}}],"inLanguage":"ro-RO"},{"@type":"Organization","@id":"https:\/\/shopatoa.com\/ro\/#organization","name":"SHOPATOA","url":"https:\/\/shopatoa.com\/ro\/","logo":{"@type":"ImageObject","inLanguage":"ro-RO","@id":"https:\/\/shopatoa.com\/ro\/#\/schema\/logo\/image\/","url":"https:\/\/storage.googleapis.com\/cz-shopatoa-img\/ro\/b4dac915-shopatoa_logo.png","contentUrl":"https:\/\/storage.googleapis.com\/cz-shopatoa-img\/ro\/b4dac915-shopatoa_logo.png","width":416,"height":63,"caption":"SHOPATOA"},"image":{"@id":"https:\/\/shopatoa.com\/ro\/#\/schema\/logo\/image\/"}}]}},"_links":{"self":[{"href":"https:\/\/shopatoa.com\/ro\/wp-json\/wp\/v2\/product\/269955","targetHints":{"allow":["GET"]}}],"collection":[{"href":"https:\/\/shopatoa.com\/ro\/wp-json\/wp\/v2\/product"}],"about":[{"href":"https:\/\/shopatoa.com\/ro\/wp-json\/wp\/v2\/types\/product"}],"replies":[{"embeddable":true,"href":"https:\/\/shopatoa.com\/ro\/wp-json\/wp\/v2\/comments?post=269955"}],"wp:featuredmedia":[{"embeddable":true,"href":"https:\/\/shopatoa.com\/ro\/wp-json\/wp\/v2\/media\/269956"}],"wp:attachment":[{"href":"https:\/\/shopatoa.com\/ro\/wp-json\/wp\/v2\/media?parent=269955"}],"wp:term":[{"taxonomy":"product_brand","embeddable":true,"href":"https:\/\/shopatoa.com\/ro\/wp-json\/wp\/v2\/product_brand?post=269955"},{"taxonomy":"product_cat","embeddable":true,"href":"https:\/\/shopatoa.com\/ro\/wp-json\/wp\/v2\/product_cat?post=269955"},{"taxonomy":"product_tag","embeddable":true,"href":"https:\/\/shopatoa.com\/ro\/wp-json\/wp\/v2\/product_tag?post=269955"}],"curies":[{"name":"wp","href":"https:\/\/api.w.org\/{rel}","templated":true}]}}