{"id":269957,"date":"2025-04-29T05:20:17","date_gmt":"2025-04-29T03:20:17","guid":{"rendered":"https:\/\/shopatoa.com\/ro\/oclean-set-de-periute-sonice-flow-find-duo-set-rosu-albastru-2-buc\/"},"modified":"2025-09-29T16:48:07","modified_gmt":"2025-09-29T14:48:07","slug":"oclean-set-de-periute-sonice-flow-find-duo-set-rosu-albastru-2-buc","status":"publish","type":"product","link":"https:\/\/shopatoa.com\/ro\/oclean-set-de-periute-sonice-flow-find-duo-set-rosu-albastru-2-buc\/","title":{"rendered":"Oclean Set de periu\u021be sonice Flow Find Duo Set Ro\u0219u &amp; albastru 2 buc"},"content":{"rendered":"<p>Setul con\u021bine: Periu\u021b\u0103 de din\u021bi sonic\u0103 Flow Albastr\u0103 Periu\u021b\u0103 de din\u021bi sonic\u0103 Flow Ro\u0219ie Set de 2 periu\u021be de din\u021bi electrice sonice cu ac\u021bionare magnetic\u0103 Oclean Flow Red&amp;Blue cu cea mai lung\u0103 durat\u0103 de via\u021b\u0103 a bateriei la 1 \u00eenc\u0103rcare de pe pia\u021b\u0103 &#8211; p\u00e2n\u0103 la 180 de zile! Ofer\u0103 76.000 de mi\u0219c\u0103ri\/min \u0219i un design curat \u0219i elegant. Periu\u021ba de din\u021bi sonic\u0103 Oclean Flow v\u0103 cur\u0103\u021b\u0103 perfect din\u021bii \u0219i gingiile. Operarea simpl\u0103 cu un singur buton \u0219i durata de via\u021b\u0103 extrem de lung\u0103 a bateriei sunt doar o frac\u021biune din calit\u0103\u021bile periei sonice Oclean Flow. Motorul magnetic Maglev cu 76.000 de mi\u0219c\u0103ri\/min ofer\u0103 o eficien\u021b\u0103 ridicat\u0103 de cur\u0103\u021bare pentru cur\u0103\u021barea profund\u0103 \u00eentre din\u021bi \u0219i de-a lungul liniei gingiilor, \u00eendep\u0103rt\u00e2nd reziduurile alimentare \u0219i petele. Tehnologia modern\u0103 a motorului magnetic din corpul periei creeaz\u0103 o mi\u0219care oscilator-rotativ\u0103 cu micro-vibra\u021bii. Micro-vibra\u021biile mi\u0219c\u0103 capul periei, care cur\u0103\u021b\u0103 foarte u\u0219or, dar eficient, din\u021bii \u0219i \u00eendep\u0103rteaz\u0103 placa. Datorit\u0103 acestei tehnologii avansate, atunci c\u00e2nd nu exist\u0103 frecare \u00een motor \u0219i uzur\u0103 a componentelor mecanice, periu\u021bele Oclean au o durat\u0103 de via\u021b\u0103 mai lung\u0103, zgomot mai mic \u0219i performan\u021be mai mari. Ap\u0103sa\u021bi pentru a comuta \u00eentre 5 moduri de cur\u0103\u021bare sonic\u0103. Exist\u0103 un mod de noapte pentru cur\u0103\u021bare intensiv\u0103, un mod de zi, un mod de cur\u0103\u021bare standard, albire \u0219i bl\u00e2nd\u0103 pentru din\u021bi \u0219i gingii sensibile. Func\u021bionarea periu\u021bei de din\u021bi electrice este asigurat\u0103 de o baterie re\u00eenc\u0103rcabil\u0103 cu o durat\u0103 de 180 de zile. Indicatorul LED avertizeaz\u0103 despre un nivel sc\u0103zut de \u00eenc\u0103rcare. Pur \u0219i simplu \u00eenc\u0103rca\u021bi bateria folosind conectorul USB-C. Avantajele periei sonice Oclean Flow: 76.000 de mi\u0219c\u0103ri\/min &#8211; Motor magnetic Maglev (f\u0103r\u0103 comutator) Cinci moduri (zi, noapte, standard, albire \u0219i bl\u00e2nd) Design elegant uimitor Durata de via\u021b\u0103 a bateriei 180 de zile. \u00cenc\u0103rcare prin conector USB-C Certificat de impermeabilitate IPX7 Cronometru de 2 min cu un interval de cur\u0103\u021bare a 4 cadrane de 30 s., indicator de stare a bateriei Culori: ro\u0219u \u0219i albastru Al\u021bi parametri: Cap Standard Clean (Soft) Max. frecven\u021b\u0103: 330 Hz Impermeabil: IPX7 Temporizator, 2 min, cu un interval de cur\u0103\u021bare a 4 cadrane de 30s. Nivel de zgomot: &lt;55 dB Interval de oscila\u021bie: 10\u00b0 \u00cenc\u0103rcare: Cablu pentru \u00eenc\u0103rcare USB &#8211; C Baterie: Baterie Li-ion nedeta\u0219abil\u0103; 3,7 V Capacitate: 2500 mAh Timp de func\u021bionare: 180 de zile Tensiune: 5V \/ 1A Consum de energie: 1,85W Dimensiuni: 255 mm x \u220527,5 mm Greutate: 130 g Con\u021binutul pachetului: m\u00e2ner de perie 2x, cap de perie 2x, cablu de \u00eenc\u0103rcare USB &#8211; C 1x, instruc\u021biuni.<\/p>\n","protected":false},"excerpt":{"rendered":"<p>Setul con\u021bine: Periu\u021b\u0103 de din\u021bi sonic\u0103 Flow Albastr\u0103 Periu\u021b\u0103 de din\u021bi sonic\u0103 Flow Ro\u0219ie Set de 2 periu\u021be de din\u021bi electrice sonice cu ac\u021bionare magnetic\u0103 Oclean Flow Red&amp;Blue cu cea mai lung\u0103 durat\u0103 de via\u021b\u0103 a bateriei la 1 \u00eenc\u0103rcare de pe pia\u021b\u0103 &#8211; p\u00e2n\u0103 la 180 de zile! Ofer\u0103 76.000 de mi\u0219c\u0103ri\/min \u0219i un&#8230;<\/p>\n","protected":false},"featured_media":269958,"comment_status":"closed","ping_status":"open","template":"","meta":{"_acf_changed":false,"_kadence_starter_templates_imported_post":false,"_kad_post_transparent":"","_kad_post_title":"","_kad_post_layout":"","_kad_post_sidebar_id":"","_kad_post_content_style":"","_kad_post_vertical_padding":"","_kad_post_feature":"","_kad_post_feature_position":"","_kad_post_header":false,"_kad_post_footer":false,"_kad_post_classname":""},"product_brand":[1062],"product_cat":[246,709,710],"product_tag":[],"class_list":{"0":"post-269957","1":"product","2":"type-product","3":"status-publish","4":"has-post-thumbnail","6":"product_brand-oclean","7":"product_cat-cosmetice","8":"product_cat-ingrijirea-dentara","9":"product_cat-periute-de-dinti-magnetice","11":"first","12":"instock","13":"product-type-external","14":"entry","15":"content-bg","16":"loop-entry"},"acf":[],"yoast_head":"<!-- This site is optimized with the Yoast SEO plugin v27.4 - https:\/\/yoast.com\/product\/yoast-seo-wordpress\/ -->\n<title>Oclean Set de periu\u021be sonice Flow Find Duo Set Ro\u0219u &amp; albastru 2 buc - SHOPATOA.COM<\/title>\n<meta name=\"robots\" content=\"index, follow, max-snippet:-1, max-image-preview:large, max-video-preview:-1\" \/>\n<link rel=\"canonical\" href=\"https:\/\/shopatoa.com\/ro\/oclean-set-de-periute-sonice-flow-find-duo-set-rosu-albastru-2-buc\/\" \/>\n<meta property=\"og:locale\" content=\"ro_RO\" \/>\n<meta property=\"og:type\" content=\"article\" \/>\n<meta property=\"og:title\" content=\"Oclean Set de periu\u021be sonice Flow Find Duo Set Ro\u0219u &amp; albastru 2 buc - SHOPATOA.COM\" \/>\n<meta property=\"og:description\" content=\"Setul con\u021bine: Periu\u021b\u0103 de din\u021bi sonic\u0103 Flow Albastr\u0103 Periu\u021b\u0103 de din\u021bi sonic\u0103 Flow Ro\u0219ie Set de 2 periu\u021be de din\u021bi electrice sonice cu ac\u021bionare magnetic\u0103 Oclean Flow Red&amp;Blue cu cea mai lung\u0103 durat\u0103 de via\u021b\u0103 a bateriei la 1 \u00eenc\u0103rcare de pe pia\u021b\u0103 &#8211; p\u00e2n\u0103 la 180 de zile! Ofer\u0103 76.000 de mi\u0219c\u0103ri\/min \u0219i un...\" \/>\n<meta property=\"og:url\" content=\"https:\/\/shopatoa.com\/ro\/oclean-set-de-periute-sonice-flow-find-duo-set-rosu-albastru-2-buc\/\" \/>\n<meta property=\"og:site_name\" content=\"SHOPATOA\" \/>\n<meta property=\"article:modified_time\" content=\"2025-09-29T14:48:07+00:00\" \/>\n<meta property=\"og:image\" content=\"https:\/\/storage.googleapis.com\/cz-shopatoa-img\/ro\/f6faf60c-unnamed-file.webp\" \/>\n\t<meta property=\"og:image:width\" content=\"800\" \/>\n\t<meta property=\"og:image:height\" content=\"800\" \/>\n\t<meta property=\"og:image:type\" content=\"image\/webp\" \/>\n<meta name=\"twitter:card\" content=\"summary_large_image\" \/>\n<meta name=\"twitter:label1\" content=\"Timp estimat pentru citire\" \/>\n\t<meta name=\"twitter:data1\" content=\"2 minute\" \/>\n<script type=\"application\/ld+json\" class=\"yoast-schema-graph\">{\"@context\":\"https:\\\/\\\/schema.org\",\"@graph\":[{\"@type\":\"WebPage\",\"@id\":\"https:\\\/\\\/shopatoa.com\\\/ro\\\/oclean-set-de-periute-sonice-flow-find-duo-set-rosu-albastru-2-buc\\\/\",\"url\":\"https:\\\/\\\/shopatoa.com\\\/ro\\\/oclean-set-de-periute-sonice-flow-find-duo-set-rosu-albastru-2-buc\\\/\",\"name\":\"Oclean Set de periu\u021be sonice Flow Find Duo Set Ro\u0219u & albastru 2 buc - SHOPATOA.COM\",\"isPartOf\":{\"@id\":\"https:\\\/\\\/shopatoa.com\\\/ro\\\/#website\"},\"primaryImageOfPage\":{\"@id\":\"https:\\\/\\\/shopatoa.com\\\/ro\\\/oclean-set-de-periute-sonice-flow-find-duo-set-rosu-albastru-2-buc\\\/#primaryimage\"},\"image\":{\"@id\":\"https:\\\/\\\/shopatoa.com\\\/ro\\\/oclean-set-de-periute-sonice-flow-find-duo-set-rosu-albastru-2-buc\\\/#primaryimage\"},\"thumbnailUrl\":\"https:\\\/\\\/storage.googleapis.com\\\/cz-shopatoa-img\\\/ro\\\/f6faf60c-unnamed-file.webp\",\"datePublished\":\"2025-04-29T03:20:17+00:00\",\"dateModified\":\"2025-09-29T14:48:07+00:00\",\"breadcrumb\":{\"@id\":\"https:\\\/\\\/shopatoa.com\\\/ro\\\/oclean-set-de-periute-sonice-flow-find-duo-set-rosu-albastru-2-buc\\\/#breadcrumb\"},\"inLanguage\":\"ro-RO\",\"potentialAction\":[{\"@type\":\"ReadAction\",\"target\":[\"https:\\\/\\\/shopatoa.com\\\/ro\\\/oclean-set-de-periute-sonice-flow-find-duo-set-rosu-albastru-2-buc\\\/\"]}]},{\"@type\":\"ImageObject\",\"inLanguage\":\"ro-RO\",\"@id\":\"https:\\\/\\\/shopatoa.com\\\/ro\\\/oclean-set-de-periute-sonice-flow-find-duo-set-rosu-albastru-2-buc\\\/#primaryimage\",\"url\":\"https:\\\/\\\/storage.googleapis.com\\\/cz-shopatoa-img\\\/ro\\\/f6faf60c-unnamed-file.webp\",\"contentUrl\":\"https:\\\/\\\/storage.googleapis.com\\\/cz-shopatoa-img\\\/ro\\\/f6faf60c-unnamed-file.webp\",\"width\":800,\"height\":800},{\"@type\":\"BreadcrumbList\",\"@id\":\"https:\\\/\\\/shopatoa.com\\\/ro\\\/oclean-set-de-periute-sonice-flow-find-duo-set-rosu-albastru-2-buc\\\/#breadcrumb\",\"itemListElement\":[{\"@type\":\"ListItem\",\"position\":1,\"name\":\"Dom\u016f\",\"item\":\"https:\\\/\\\/shopatoa.com\\\/ro\\\/\"},{\"@type\":\"ListItem\",\"position\":2,\"name\":\"Shop\",\"item\":\"https:\\\/\\\/shopatoa.com\\\/ro\\\/shop\\\/\"},{\"@type\":\"ListItem\",\"position\":3,\"name\":\"Cosmetice\",\"item\":\"https:\\\/\\\/shopatoa.com\\\/ro\\\/cosmetice\\\/\"},{\"@type\":\"ListItem\",\"position\":4,\"name\":\"\u00cengrijirea dentar\u0103\",\"item\":\"https:\\\/\\\/shopatoa.com\\\/ro\\\/ingrijirea-dentara\\\/\"},{\"@type\":\"ListItem\",\"position\":5,\"name\":\"Periu\u021be de din\u021bi magnetice\",\"item\":\"https:\\\/\\\/shopatoa.com\\\/ro\\\/periute-de-dinti-magnetice\\\/\"},{\"@type\":\"ListItem\",\"position\":6,\"name\":\"Oclean Set de periu\u021be sonice Flow Find Duo Set Ro\u0219u &amp; albastru 2 buc\"}]},{\"@type\":\"WebSite\",\"@id\":\"https:\\\/\\\/shopatoa.com\\\/ro\\\/#website\",\"url\":\"https:\\\/\\\/shopatoa.com\\\/ro\\\/\",\"name\":\"SHOPATOA\",\"description\":\"\",\"publisher\":{\"@id\":\"https:\\\/\\\/shopatoa.com\\\/ro\\\/#organization\"},\"potentialAction\":[{\"@type\":\"SearchAction\",\"target\":{\"@type\":\"EntryPoint\",\"urlTemplate\":\"https:\\\/\\\/shopatoa.com\\\/ro\\\/?s={search_term_string}\"},\"query-input\":{\"@type\":\"PropertyValueSpecification\",\"valueRequired\":true,\"valueName\":\"search_term_string\"}}],\"inLanguage\":\"ro-RO\"},{\"@type\":\"Organization\",\"@id\":\"https:\\\/\\\/shopatoa.com\\\/ro\\\/#organization\",\"name\":\"SHOPATOA\",\"url\":\"https:\\\/\\\/shopatoa.com\\\/ro\\\/\",\"logo\":{\"@type\":\"ImageObject\",\"inLanguage\":\"ro-RO\",\"@id\":\"https:\\\/\\\/shopatoa.com\\\/ro\\\/#\\\/schema\\\/logo\\\/image\\\/\",\"url\":\"https:\\\/\\\/storage.googleapis.com\\\/cz-shopatoa-img\\\/ro\\\/b4dac915-shopatoa_logo.png\",\"contentUrl\":\"https:\\\/\\\/storage.googleapis.com\\\/cz-shopatoa-img\\\/ro\\\/b4dac915-shopatoa_logo.png\",\"width\":416,\"height\":63,\"caption\":\"SHOPATOA\"},\"image\":{\"@id\":\"https:\\\/\\\/shopatoa.com\\\/ro\\\/#\\\/schema\\\/logo\\\/image\\\/\"}}]}<\/script>\n<!-- \/ Yoast SEO plugin. -->","yoast_head_json":{"title":"Oclean Set de periu\u021be sonice Flow Find Duo Set Ro\u0219u & albastru 2 buc - SHOPATOA.COM","robots":{"index":"index","follow":"follow","max-snippet":"max-snippet:-1","max-image-preview":"max-image-preview:large","max-video-preview":"max-video-preview:-1"},"canonical":"https:\/\/shopatoa.com\/ro\/oclean-set-de-periute-sonice-flow-find-duo-set-rosu-albastru-2-buc\/","og_locale":"ro_RO","og_type":"article","og_title":"Oclean Set de periu\u021be sonice Flow Find Duo Set Ro\u0219u & albastru 2 buc - SHOPATOA.COM","og_description":"Setul con\u021bine: Periu\u021b\u0103 de din\u021bi sonic\u0103 Flow Albastr\u0103 Periu\u021b\u0103 de din\u021bi sonic\u0103 Flow Ro\u0219ie Set de 2 periu\u021be de din\u021bi electrice sonice cu ac\u021bionare magnetic\u0103 Oclean Flow Red&amp;Blue cu cea mai lung\u0103 durat\u0103 de via\u021b\u0103 a bateriei la 1 \u00eenc\u0103rcare de pe pia\u021b\u0103 &#8211; p\u00e2n\u0103 la 180 de zile! Ofer\u0103 76.000 de mi\u0219c\u0103ri\/min \u0219i un...","og_url":"https:\/\/shopatoa.com\/ro\/oclean-set-de-periute-sonice-flow-find-duo-set-rosu-albastru-2-buc\/","og_site_name":"SHOPATOA","article_modified_time":"2025-09-29T14:48:07+00:00","og_image":[{"width":800,"height":800,"url":"https:\/\/storage.googleapis.com\/cz-shopatoa-img\/ro\/f6faf60c-unnamed-file.webp","type":"image\/webp"}],"twitter_card":"summary_large_image","twitter_misc":{"Timp estimat pentru citire":"2 minute"},"schema":{"@context":"https:\/\/schema.org","@graph":[{"@type":"WebPage","@id":"https:\/\/shopatoa.com\/ro\/oclean-set-de-periute-sonice-flow-find-duo-set-rosu-albastru-2-buc\/","url":"https:\/\/shopatoa.com\/ro\/oclean-set-de-periute-sonice-flow-find-duo-set-rosu-albastru-2-buc\/","name":"Oclean Set de periu\u021be sonice Flow Find Duo Set Ro\u0219u & albastru 2 buc - SHOPATOA.COM","isPartOf":{"@id":"https:\/\/shopatoa.com\/ro\/#website"},"primaryImageOfPage":{"@id":"https:\/\/shopatoa.com\/ro\/oclean-set-de-periute-sonice-flow-find-duo-set-rosu-albastru-2-buc\/#primaryimage"},"image":{"@id":"https:\/\/shopatoa.com\/ro\/oclean-set-de-periute-sonice-flow-find-duo-set-rosu-albastru-2-buc\/#primaryimage"},"thumbnailUrl":"https:\/\/storage.googleapis.com\/cz-shopatoa-img\/ro\/f6faf60c-unnamed-file.webp","datePublished":"2025-04-29T03:20:17+00:00","dateModified":"2025-09-29T14:48:07+00:00","breadcrumb":{"@id":"https:\/\/shopatoa.com\/ro\/oclean-set-de-periute-sonice-flow-find-duo-set-rosu-albastru-2-buc\/#breadcrumb"},"inLanguage":"ro-RO","potentialAction":[{"@type":"ReadAction","target":["https:\/\/shopatoa.com\/ro\/oclean-set-de-periute-sonice-flow-find-duo-set-rosu-albastru-2-buc\/"]}]},{"@type":"ImageObject","inLanguage":"ro-RO","@id":"https:\/\/shopatoa.com\/ro\/oclean-set-de-periute-sonice-flow-find-duo-set-rosu-albastru-2-buc\/#primaryimage","url":"https:\/\/storage.googleapis.com\/cz-shopatoa-img\/ro\/f6faf60c-unnamed-file.webp","contentUrl":"https:\/\/storage.googleapis.com\/cz-shopatoa-img\/ro\/f6faf60c-unnamed-file.webp","width":800,"height":800},{"@type":"BreadcrumbList","@id":"https:\/\/shopatoa.com\/ro\/oclean-set-de-periute-sonice-flow-find-duo-set-rosu-albastru-2-buc\/#breadcrumb","itemListElement":[{"@type":"ListItem","position":1,"name":"Dom\u016f","item":"https:\/\/shopatoa.com\/ro\/"},{"@type":"ListItem","position":2,"name":"Shop","item":"https:\/\/shopatoa.com\/ro\/shop\/"},{"@type":"ListItem","position":3,"name":"Cosmetice","item":"https:\/\/shopatoa.com\/ro\/cosmetice\/"},{"@type":"ListItem","position":4,"name":"\u00cengrijirea dentar\u0103","item":"https:\/\/shopatoa.com\/ro\/ingrijirea-dentara\/"},{"@type":"ListItem","position":5,"name":"Periu\u021be de din\u021bi magnetice","item":"https:\/\/shopatoa.com\/ro\/periute-de-dinti-magnetice\/"},{"@type":"ListItem","position":6,"name":"Oclean Set de periu\u021be sonice Flow Find Duo Set Ro\u0219u &amp; albastru 2 buc"}]},{"@type":"WebSite","@id":"https:\/\/shopatoa.com\/ro\/#website","url":"https:\/\/shopatoa.com\/ro\/","name":"SHOPATOA","description":"","publisher":{"@id":"https:\/\/shopatoa.com\/ro\/#organization"},"potentialAction":[{"@type":"SearchAction","target":{"@type":"EntryPoint","urlTemplate":"https:\/\/shopatoa.com\/ro\/?s={search_term_string}"},"query-input":{"@type":"PropertyValueSpecification","valueRequired":true,"valueName":"search_term_string"}}],"inLanguage":"ro-RO"},{"@type":"Organization","@id":"https:\/\/shopatoa.com\/ro\/#organization","name":"SHOPATOA","url":"https:\/\/shopatoa.com\/ro\/","logo":{"@type":"ImageObject","inLanguage":"ro-RO","@id":"https:\/\/shopatoa.com\/ro\/#\/schema\/logo\/image\/","url":"https:\/\/storage.googleapis.com\/cz-shopatoa-img\/ro\/b4dac915-shopatoa_logo.png","contentUrl":"https:\/\/storage.googleapis.com\/cz-shopatoa-img\/ro\/b4dac915-shopatoa_logo.png","width":416,"height":63,"caption":"SHOPATOA"},"image":{"@id":"https:\/\/shopatoa.com\/ro\/#\/schema\/logo\/image\/"}}]}},"_links":{"self":[{"href":"https:\/\/shopatoa.com\/ro\/wp-json\/wp\/v2\/product\/269957","targetHints":{"allow":["GET"]}}],"collection":[{"href":"https:\/\/shopatoa.com\/ro\/wp-json\/wp\/v2\/product"}],"about":[{"href":"https:\/\/shopatoa.com\/ro\/wp-json\/wp\/v2\/types\/product"}],"replies":[{"embeddable":true,"href":"https:\/\/shopatoa.com\/ro\/wp-json\/wp\/v2\/comments?post=269957"}],"wp:featuredmedia":[{"embeddable":true,"href":"https:\/\/shopatoa.com\/ro\/wp-json\/wp\/v2\/media\/269958"}],"wp:attachment":[{"href":"https:\/\/shopatoa.com\/ro\/wp-json\/wp\/v2\/media?parent=269957"}],"wp:term":[{"taxonomy":"product_brand","embeddable":true,"href":"https:\/\/shopatoa.com\/ro\/wp-json\/wp\/v2\/product_brand?post=269957"},{"taxonomy":"product_cat","embeddable":true,"href":"https:\/\/shopatoa.com\/ro\/wp-json\/wp\/v2\/product_cat?post=269957"},{"taxonomy":"product_tag","embeddable":true,"href":"https:\/\/shopatoa.com\/ro\/wp-json\/wp\/v2\/product_tag?post=269957"}],"curies":[{"name":"wp","href":"https:\/\/api.w.org\/{rel}","templated":true}]}}