{"id":269961,"date":"2025-04-29T05:20:38","date_gmt":"2025-04-29T03:20:38","guid":{"rendered":"https:\/\/shopatoa.com\/ro\/oclean-periuta-de-dinti-sonica-x10-albastra\/"},"modified":"2025-12-09T00:05:26","modified_gmt":"2025-12-08T23:05:26","slug":"oclean-periuta-de-dinti-sonica-x10-albastra","status":"publish","type":"product","link":"https:\/\/shopatoa.com\/ro\/oclean-periuta-de-dinti-sonica-x10-albastra\/","title":{"rendered":"Oclean Periu\u021b\u0103 de din\u021bi sonic\u0103 X10 Albastra"},"content":{"rendered":"<p>Periu\u021ba de din\u021bi sonic\u0103 inteligent\u0103 avansat\u0103 tehnologic Oclean X 10 Smart cu ecran color, motor magnetic puternic cu 80.000 de mi\u0219c\u0103ri\/min \u0219i func\u021bionare foarte silen\u021bioas\u0103 \u0219i o durat\u0103 de via\u021b\u0103 a bateriei de 60 de zile, ofer\u0103 5 moduri \u0219i 5 intensit\u0103\u021bi de cur\u0103\u021bare in acela\u0219i timp. Senzor de presiune \u0219i feedback imediat direct pe ecran. Periu\u021ba de din\u021bi sonic\u0103 inteligent\u0103 avansat\u0103 tehnologic Oclean X 10 Smart cu ecran color, motor magnetic puternic cu 80.000 de mi\u0219c\u0103ri\/min \u0219i func\u021bionare foarte silen\u021bioas\u0103 \u0219i o durat\u0103 de via\u021b\u0103 a bateriei de 60 de zile, ofer\u0103 5 moduri \u0219i 5 intensit\u0103\u021bi de cur\u0103\u021bare in acela\u0219i timp. V\u0103 pute\u021bi bucura chiar \u0219i de o cur\u0103\u021bare f\u0103r\u0103 griji la du\u0219, datorit\u0103 husei complet impermeabile (clasa IPX7). Cel mai mare avantaj al Oclean X 10 este feedback-ul cur\u0103\u021b\u0103rii din\u021bilor interactiv folosind emoji. Ofer\u0103 un feedback imediat al periajului vizualizat direct pe afi\u0219ajul periu\u021bei de din\u021bi \u0219i, \u00een cazul cur\u0103\u021b\u0103rii insuficiente a zonelor afi\u0219ate cu precizie ale cavit\u0103\u021bii bucale, stabile\u0219te automat un plan suplimentar de cur\u0103\u021bare. Devine astfel antrenorul dvs. personal \u00een domeniul igienei dentare. Dup\u0103 fiecare cur\u0103\u021bare suplimentar\u0103 finalizat\u0103, afi\u0219eaz\u0103 un emoji, care este grozav pentru a motiva chiar \u0219i copiii. Acest model este destinat utilizatorilor care nu caut\u0103 nicio configura\u021bie \u0219i conexiune cu aplica\u021bia, dar prefer\u0103 simplitatea atunci c\u00e2nd se spal\u0103 pe din\u021bi \u0219i feedback imediat direct pe dispozitiv. \u00cen acest sens, aceast\u0103 perie este unic\u0103 pe pia\u021b\u0103. Tehnologia modern\u0103 a motorului magnetic din corpul periei creeaz\u0103 o mi\u0219care oscilator-rotativ\u0103 cu micro-vibra\u021bii. Micro-vibra\u021biile mi\u0219c\u0103 capul periei, care cur\u0103\u021b\u0103 foarte u\u0219or, dar eficient, din\u021bii \u0219i \u00eendep\u0103rteaz\u0103 placa. Datorit\u0103 acestei tehnologii avansate, atunci c\u00e2nd nu exist\u0103 frecare \u00een motor \u0219i uzur\u0103 a componentelor mecanice, periu\u021bele Oclean au o durat\u0103 de via\u021b\u0103 mai lung\u0103, zgomot mai mic \u0219i performan\u021be mai mari. Alte avantaje ale periu\u021bei de din\u021bi Oclean X10: P\u00e2n\u0103 la 80.000 de mi\u0219c\u0103ri\/min &#8211; Motor magnetic Maglev (f\u0103r\u0103 comutator). Detectare unic\u0103 a zonelor necur\u0103\u021bate folosind un giroscop cu 6 axe pentru detectarea mi\u0219c\u0103rii (avertizare asupra locurilor pe care nu le cur\u0103\u021ba\u021bi bine). 5 moduri x 5 nivele de intensitate (cur\u0103\u021bare \/ masaj \/ bl\u00e2nd \/ albire \/ lustruire). senzor de presiune pentru o cur\u0103\u021bare precis\u0103 \u0219i minu\u021bioas\u0103, Cronometrul inteligent, cu indicarea timpului intermediar dup\u0103 30 de secunde (Quad pacer). Tehnologia WhisperClean 2.0 pentru o experien\u021b\u0103 de cur\u0103\u021bare excep\u021bional de silen\u021bioas\u0103. Perii Premium Du Pont\u2122 Diamond \u00een combina\u021bie cu fibrele DuPont\u2122 Classic asigur\u0103 o cur\u0103\u021bare de calitate f\u0103r\u0103 a deteriora smal\u021bul din\u021bilor. \u00cenc\u0103rcare rapid\u0103 \u00een 3,5 ore \u0219i autonomie a bateriei de p\u00e2n\u0103 la 60 de zile. \u00eenc\u0103rc\u0103tor 2 \u00een 1 \u0219i suport magnetic de perete (f\u0103r\u0103 g\u0103urire), Design pl\u0103cut si ergonomic pentru o prindere moale si confortabila. Rezistent la pete, cu o textur\u0103 rafinat\u0103 \u0219i suprafa\u021b\u0103 anti-alunecare. Al\u021bi parametri: Cap Plaque Control (Medium) Max. frecven\u021b\u0103: 330 Hz Ecran: Ecran color de 0,96 inchi nivelul de zgomot: func\u021bionare silen\u021bioas\u0103 &lt;45dB, Interval de oscila\u021bie: 11\u00b0 Impermeabil: IPX7 \u00cenc\u0103rcare: Sta\u021bie de \u00eenc\u0103rcare incl. cablu USB Timp de \u00eenc\u0103rcare: 3,5 ore de \u00eenc\u0103rcare rapid\u0103 f\u0103r\u0103 fir, Baterie: Baterie Li-ion nedeta\u0219abil\u0103; 3,7 V Capacitate: 1100 mAh Timp de func\u021bionare: 60 de zile Tensiune: 5V &#8211; 1A Consum de energie: 5W Dimensiuni: 252 mm x \u220520 mm Greutate: 107g<\/p>\n","protected":false},"excerpt":{"rendered":"<p>Periu\u021ba de din\u021bi sonic\u0103 inteligent\u0103 avansat\u0103 tehnologic Oclean X 10 Smart cu ecran color, motor magnetic puternic cu 80.000 de mi\u0219c\u0103ri\/min \u0219i func\u021bionare foarte silen\u021bioas\u0103 \u0219i o durat\u0103 de via\u021b\u0103 a bateriei de 60 de zile, ofer\u0103 5 moduri \u0219i 5 intensit\u0103\u021bi de cur\u0103\u021bare in acela\u0219i timp. Senzor de presiune \u0219i feedback imediat direct pe&#8230;<\/p>\n","protected":false},"featured_media":269962,"comment_status":"closed","ping_status":"open","template":"","meta":{"_acf_changed":false,"_kadence_starter_templates_imported_post":false,"_kad_post_transparent":"","_kad_post_title":"","_kad_post_layout":"","_kad_post_sidebar_id":"","_kad_post_content_style":"","_kad_post_vertical_padding":"","_kad_post_feature":"","_kad_post_feature_position":"","_kad_post_header":false,"_kad_post_footer":false,"_kad_post_classname":""},"product_brand":[1062],"product_cat":[246,709,710],"product_tag":[],"class_list":{"0":"post-269961","1":"product","2":"type-product","3":"status-publish","4":"has-post-thumbnail","6":"product_brand-oclean","7":"product_cat-cosmetice","8":"product_cat-ingrijirea-dentara","9":"product_cat-periute-de-dinti-magnetice","11":"first","12":"instock","13":"sale","14":"product-type-external","15":"entry","16":"content-bg","17":"loop-entry"},"acf":[],"yoast_head":"<!-- This site is optimized with the Yoast SEO plugin v27.4 - https:\/\/yoast.com\/product\/yoast-seo-wordpress\/ -->\n<title>Oclean Periu\u021b\u0103 de din\u021bi sonic\u0103 X10 Albastra - SHOPATOA.COM<\/title>\n<meta name=\"robots\" content=\"index, follow, max-snippet:-1, max-image-preview:large, max-video-preview:-1\" \/>\n<link rel=\"canonical\" href=\"https:\/\/shopatoa.com\/ro\/oclean-periuta-de-dinti-sonica-x10-albastra\/\" \/>\n<meta property=\"og:locale\" content=\"ro_RO\" \/>\n<meta property=\"og:type\" content=\"article\" \/>\n<meta property=\"og:title\" content=\"Oclean Periu\u021b\u0103 de din\u021bi sonic\u0103 X10 Albastra - SHOPATOA.COM\" \/>\n<meta property=\"og:description\" content=\"Periu\u021ba de din\u021bi sonic\u0103 inteligent\u0103 avansat\u0103 tehnologic Oclean X 10 Smart cu ecran color, motor magnetic puternic cu 80.000 de mi\u0219c\u0103ri\/min \u0219i func\u021bionare foarte silen\u021bioas\u0103 \u0219i o durat\u0103 de via\u021b\u0103 a bateriei de 60 de zile, ofer\u0103 5 moduri \u0219i 5 intensit\u0103\u021bi de cur\u0103\u021bare in acela\u0219i timp. Senzor de presiune \u0219i feedback imediat direct pe...\" \/>\n<meta property=\"og:url\" content=\"https:\/\/shopatoa.com\/ro\/oclean-periuta-de-dinti-sonica-x10-albastra\/\" \/>\n<meta property=\"og:site_name\" content=\"SHOPATOA\" \/>\n<meta property=\"article:modified_time\" content=\"2025-12-08T23:05:26+00:00\" \/>\n<meta property=\"og:image\" content=\"https:\/\/storage.googleapis.com\/cz-shopatoa-img\/ro\/d17a5f54-unnamed-file.webp\" \/>\n\t<meta property=\"og:image:width\" content=\"800\" \/>\n\t<meta property=\"og:image:height\" content=\"800\" \/>\n\t<meta property=\"og:image:type\" content=\"image\/webp\" \/>\n<meta name=\"twitter:card\" content=\"summary_large_image\" \/>\n<meta name=\"twitter:label1\" content=\"Timp estimat pentru citire\" \/>\n\t<meta name=\"twitter:data1\" content=\"3 minute\" \/>\n<script type=\"application\/ld+json\" class=\"yoast-schema-graph\">{\"@context\":\"https:\\\/\\\/schema.org\",\"@graph\":[{\"@type\":\"WebPage\",\"@id\":\"https:\\\/\\\/shopatoa.com\\\/ro\\\/oclean-periuta-de-dinti-sonica-x10-albastra\\\/\",\"url\":\"https:\\\/\\\/shopatoa.com\\\/ro\\\/oclean-periuta-de-dinti-sonica-x10-albastra\\\/\",\"name\":\"Oclean Periu\u021b\u0103 de din\u021bi sonic\u0103 X10 Albastra - SHOPATOA.COM\",\"isPartOf\":{\"@id\":\"https:\\\/\\\/shopatoa.com\\\/ro\\\/#website\"},\"primaryImageOfPage\":{\"@id\":\"https:\\\/\\\/shopatoa.com\\\/ro\\\/oclean-periuta-de-dinti-sonica-x10-albastra\\\/#primaryimage\"},\"image\":{\"@id\":\"https:\\\/\\\/shopatoa.com\\\/ro\\\/oclean-periuta-de-dinti-sonica-x10-albastra\\\/#primaryimage\"},\"thumbnailUrl\":\"https:\\\/\\\/storage.googleapis.com\\\/cz-shopatoa-img\\\/ro\\\/d17a5f54-unnamed-file.webp\",\"datePublished\":\"2025-04-29T03:20:38+00:00\",\"dateModified\":\"2025-12-08T23:05:26+00:00\",\"breadcrumb\":{\"@id\":\"https:\\\/\\\/shopatoa.com\\\/ro\\\/oclean-periuta-de-dinti-sonica-x10-albastra\\\/#breadcrumb\"},\"inLanguage\":\"ro-RO\",\"potentialAction\":[{\"@type\":\"ReadAction\",\"target\":[\"https:\\\/\\\/shopatoa.com\\\/ro\\\/oclean-periuta-de-dinti-sonica-x10-albastra\\\/\"]}]},{\"@type\":\"ImageObject\",\"inLanguage\":\"ro-RO\",\"@id\":\"https:\\\/\\\/shopatoa.com\\\/ro\\\/oclean-periuta-de-dinti-sonica-x10-albastra\\\/#primaryimage\",\"url\":\"https:\\\/\\\/storage.googleapis.com\\\/cz-shopatoa-img\\\/ro\\\/d17a5f54-unnamed-file.webp\",\"contentUrl\":\"https:\\\/\\\/storage.googleapis.com\\\/cz-shopatoa-img\\\/ro\\\/d17a5f54-unnamed-file.webp\",\"width\":800,\"height\":800},{\"@type\":\"BreadcrumbList\",\"@id\":\"https:\\\/\\\/shopatoa.com\\\/ro\\\/oclean-periuta-de-dinti-sonica-x10-albastra\\\/#breadcrumb\",\"itemListElement\":[{\"@type\":\"ListItem\",\"position\":1,\"name\":\"Dom\u016f\",\"item\":\"https:\\\/\\\/shopatoa.com\\\/ro\\\/\"},{\"@type\":\"ListItem\",\"position\":2,\"name\":\"Shop\",\"item\":\"https:\\\/\\\/shopatoa.com\\\/ro\\\/shop\\\/\"},{\"@type\":\"ListItem\",\"position\":3,\"name\":\"Cosmetice\",\"item\":\"https:\\\/\\\/shopatoa.com\\\/ro\\\/cosmetice\\\/\"},{\"@type\":\"ListItem\",\"position\":4,\"name\":\"\u00cengrijirea dentar\u0103\",\"item\":\"https:\\\/\\\/shopatoa.com\\\/ro\\\/ingrijirea-dentara\\\/\"},{\"@type\":\"ListItem\",\"position\":5,\"name\":\"Periu\u021be de din\u021bi magnetice\",\"item\":\"https:\\\/\\\/shopatoa.com\\\/ro\\\/periute-de-dinti-magnetice\\\/\"},{\"@type\":\"ListItem\",\"position\":6,\"name\":\"Oclean Periu\u021b\u0103 de din\u021bi sonic\u0103 X10 Albastra\"}]},{\"@type\":\"WebSite\",\"@id\":\"https:\\\/\\\/shopatoa.com\\\/ro\\\/#website\",\"url\":\"https:\\\/\\\/shopatoa.com\\\/ro\\\/\",\"name\":\"SHOPATOA\",\"description\":\"\",\"publisher\":{\"@id\":\"https:\\\/\\\/shopatoa.com\\\/ro\\\/#organization\"},\"potentialAction\":[{\"@type\":\"SearchAction\",\"target\":{\"@type\":\"EntryPoint\",\"urlTemplate\":\"https:\\\/\\\/shopatoa.com\\\/ro\\\/?s={search_term_string}\"},\"query-input\":{\"@type\":\"PropertyValueSpecification\",\"valueRequired\":true,\"valueName\":\"search_term_string\"}}],\"inLanguage\":\"ro-RO\"},{\"@type\":\"Organization\",\"@id\":\"https:\\\/\\\/shopatoa.com\\\/ro\\\/#organization\",\"name\":\"SHOPATOA\",\"url\":\"https:\\\/\\\/shopatoa.com\\\/ro\\\/\",\"logo\":{\"@type\":\"ImageObject\",\"inLanguage\":\"ro-RO\",\"@id\":\"https:\\\/\\\/shopatoa.com\\\/ro\\\/#\\\/schema\\\/logo\\\/image\\\/\",\"url\":\"https:\\\/\\\/storage.googleapis.com\\\/cz-shopatoa-img\\\/ro\\\/b4dac915-shopatoa_logo.png\",\"contentUrl\":\"https:\\\/\\\/storage.googleapis.com\\\/cz-shopatoa-img\\\/ro\\\/b4dac915-shopatoa_logo.png\",\"width\":416,\"height\":63,\"caption\":\"SHOPATOA\"},\"image\":{\"@id\":\"https:\\\/\\\/shopatoa.com\\\/ro\\\/#\\\/schema\\\/logo\\\/image\\\/\"}}]}<\/script>\n<!-- \/ Yoast SEO plugin. -->","yoast_head_json":{"title":"Oclean Periu\u021b\u0103 de din\u021bi sonic\u0103 X10 Albastra - SHOPATOA.COM","robots":{"index":"index","follow":"follow","max-snippet":"max-snippet:-1","max-image-preview":"max-image-preview:large","max-video-preview":"max-video-preview:-1"},"canonical":"https:\/\/shopatoa.com\/ro\/oclean-periuta-de-dinti-sonica-x10-albastra\/","og_locale":"ro_RO","og_type":"article","og_title":"Oclean Periu\u021b\u0103 de din\u021bi sonic\u0103 X10 Albastra - SHOPATOA.COM","og_description":"Periu\u021ba de din\u021bi sonic\u0103 inteligent\u0103 avansat\u0103 tehnologic Oclean X 10 Smart cu ecran color, motor magnetic puternic cu 80.000 de mi\u0219c\u0103ri\/min \u0219i func\u021bionare foarte silen\u021bioas\u0103 \u0219i o durat\u0103 de via\u021b\u0103 a bateriei de 60 de zile, ofer\u0103 5 moduri \u0219i 5 intensit\u0103\u021bi de cur\u0103\u021bare in acela\u0219i timp. Senzor de presiune \u0219i feedback imediat direct pe...","og_url":"https:\/\/shopatoa.com\/ro\/oclean-periuta-de-dinti-sonica-x10-albastra\/","og_site_name":"SHOPATOA","article_modified_time":"2025-12-08T23:05:26+00:00","og_image":[{"width":800,"height":800,"url":"https:\/\/storage.googleapis.com\/cz-shopatoa-img\/ro\/d17a5f54-unnamed-file.webp","type":"image\/webp"}],"twitter_card":"summary_large_image","twitter_misc":{"Timp estimat pentru citire":"3 minute"},"schema":{"@context":"https:\/\/schema.org","@graph":[{"@type":"WebPage","@id":"https:\/\/shopatoa.com\/ro\/oclean-periuta-de-dinti-sonica-x10-albastra\/","url":"https:\/\/shopatoa.com\/ro\/oclean-periuta-de-dinti-sonica-x10-albastra\/","name":"Oclean Periu\u021b\u0103 de din\u021bi sonic\u0103 X10 Albastra - SHOPATOA.COM","isPartOf":{"@id":"https:\/\/shopatoa.com\/ro\/#website"},"primaryImageOfPage":{"@id":"https:\/\/shopatoa.com\/ro\/oclean-periuta-de-dinti-sonica-x10-albastra\/#primaryimage"},"image":{"@id":"https:\/\/shopatoa.com\/ro\/oclean-periuta-de-dinti-sonica-x10-albastra\/#primaryimage"},"thumbnailUrl":"https:\/\/storage.googleapis.com\/cz-shopatoa-img\/ro\/d17a5f54-unnamed-file.webp","datePublished":"2025-04-29T03:20:38+00:00","dateModified":"2025-12-08T23:05:26+00:00","breadcrumb":{"@id":"https:\/\/shopatoa.com\/ro\/oclean-periuta-de-dinti-sonica-x10-albastra\/#breadcrumb"},"inLanguage":"ro-RO","potentialAction":[{"@type":"ReadAction","target":["https:\/\/shopatoa.com\/ro\/oclean-periuta-de-dinti-sonica-x10-albastra\/"]}]},{"@type":"ImageObject","inLanguage":"ro-RO","@id":"https:\/\/shopatoa.com\/ro\/oclean-periuta-de-dinti-sonica-x10-albastra\/#primaryimage","url":"https:\/\/storage.googleapis.com\/cz-shopatoa-img\/ro\/d17a5f54-unnamed-file.webp","contentUrl":"https:\/\/storage.googleapis.com\/cz-shopatoa-img\/ro\/d17a5f54-unnamed-file.webp","width":800,"height":800},{"@type":"BreadcrumbList","@id":"https:\/\/shopatoa.com\/ro\/oclean-periuta-de-dinti-sonica-x10-albastra\/#breadcrumb","itemListElement":[{"@type":"ListItem","position":1,"name":"Dom\u016f","item":"https:\/\/shopatoa.com\/ro\/"},{"@type":"ListItem","position":2,"name":"Shop","item":"https:\/\/shopatoa.com\/ro\/shop\/"},{"@type":"ListItem","position":3,"name":"Cosmetice","item":"https:\/\/shopatoa.com\/ro\/cosmetice\/"},{"@type":"ListItem","position":4,"name":"\u00cengrijirea dentar\u0103","item":"https:\/\/shopatoa.com\/ro\/ingrijirea-dentara\/"},{"@type":"ListItem","position":5,"name":"Periu\u021be de din\u021bi magnetice","item":"https:\/\/shopatoa.com\/ro\/periute-de-dinti-magnetice\/"},{"@type":"ListItem","position":6,"name":"Oclean Periu\u021b\u0103 de din\u021bi sonic\u0103 X10 Albastra"}]},{"@type":"WebSite","@id":"https:\/\/shopatoa.com\/ro\/#website","url":"https:\/\/shopatoa.com\/ro\/","name":"SHOPATOA","description":"","publisher":{"@id":"https:\/\/shopatoa.com\/ro\/#organization"},"potentialAction":[{"@type":"SearchAction","target":{"@type":"EntryPoint","urlTemplate":"https:\/\/shopatoa.com\/ro\/?s={search_term_string}"},"query-input":{"@type":"PropertyValueSpecification","valueRequired":true,"valueName":"search_term_string"}}],"inLanguage":"ro-RO"},{"@type":"Organization","@id":"https:\/\/shopatoa.com\/ro\/#organization","name":"SHOPATOA","url":"https:\/\/shopatoa.com\/ro\/","logo":{"@type":"ImageObject","inLanguage":"ro-RO","@id":"https:\/\/shopatoa.com\/ro\/#\/schema\/logo\/image\/","url":"https:\/\/storage.googleapis.com\/cz-shopatoa-img\/ro\/b4dac915-shopatoa_logo.png","contentUrl":"https:\/\/storage.googleapis.com\/cz-shopatoa-img\/ro\/b4dac915-shopatoa_logo.png","width":416,"height":63,"caption":"SHOPATOA"},"image":{"@id":"https:\/\/shopatoa.com\/ro\/#\/schema\/logo\/image\/"}}]}},"_links":{"self":[{"href":"https:\/\/shopatoa.com\/ro\/wp-json\/wp\/v2\/product\/269961","targetHints":{"allow":["GET"]}}],"collection":[{"href":"https:\/\/shopatoa.com\/ro\/wp-json\/wp\/v2\/product"}],"about":[{"href":"https:\/\/shopatoa.com\/ro\/wp-json\/wp\/v2\/types\/product"}],"replies":[{"embeddable":true,"href":"https:\/\/shopatoa.com\/ro\/wp-json\/wp\/v2\/comments?post=269961"}],"wp:featuredmedia":[{"embeddable":true,"href":"https:\/\/shopatoa.com\/ro\/wp-json\/wp\/v2\/media\/269962"}],"wp:attachment":[{"href":"https:\/\/shopatoa.com\/ro\/wp-json\/wp\/v2\/media?parent=269961"}],"wp:term":[{"taxonomy":"product_brand","embeddable":true,"href":"https:\/\/shopatoa.com\/ro\/wp-json\/wp\/v2\/product_brand?post=269961"},{"taxonomy":"product_cat","embeddable":true,"href":"https:\/\/shopatoa.com\/ro\/wp-json\/wp\/v2\/product_cat?post=269961"},{"taxonomy":"product_tag","embeddable":true,"href":"https:\/\/shopatoa.com\/ro\/wp-json\/wp\/v2\/product_tag?post=269961"}],"curies":[{"name":"wp","href":"https:\/\/api.w.org\/{rel}","templated":true}]}}