{"id":269967,"date":"2025-04-29T05:21:06","date_gmt":"2025-04-29T03:21:06","guid":{"rendered":"https:\/\/shopatoa.com\/ro\/oclean-dezinfectant-sterilizant-s1-gri\/"},"modified":"2025-12-09T00:05:18","modified_gmt":"2025-12-08T23:05:18","slug":"oclean-dezinfectant-sterilizant-s1-gri","status":"publish","type":"product","link":"https:\/\/shopatoa.com\/ro\/oclean-dezinfectant-sterilizant-s1-gri\/","title":{"rendered":"Oclean Dezinfectant sterilizant S1 Gri"},"content":{"rendered":"<p>Dezinfectantul sterilizant Oclean S1 asigur\u0103 c\u0103 instrumentele dumneavoastr\u0103 de cur\u0103\u021bare a din\u021bilor sunt \u00eentotdeauna igienice. Sterilizarea complet automat\u0103 folosind radia\u021bii UVC-LED pentru periu\u021bele de din\u021bi electrice \u0219i manuale \u00eendep\u0103rteaz\u0103 p\u00e2n\u0103 la 99,9% din bacterii. Durat\u0103 lung\u0103 de via\u021b\u0103 a bateriei de p\u00e2n\u0103 la 20 de zile. Plasarea periu\u021bei de din\u021bi pe chiuvet\u0103 sau raftul de baie poate genera cu u\u0219urin\u021b\u0103 bacterii. De fiecare dat\u0103 c\u00e2nd folosi\u021bi din nou periu\u021ba de din\u021bi, aceste bacterii vor intra apoi \u00een gur\u0103, motiv pentru care se recomand\u0103 s\u0103 ave\u021bi un dezinfectant sterilizant care s\u0103 omoare bacteriile de pe capetele periu\u021bei de din\u021bi. Folosind radia\u021bia UVC-LED, periu\u021bele de din\u021bi pot fi sterilizate rapid \u0219i eficient \u0219i astfel pot elimina p\u00e2n\u0103 la 99,9% din bacterii. Dezinfectantul Oclean S1 asigur\u0103 c\u0103 instrumentele dumneavoastr\u0103 de cur\u0103\u021bare a din\u021bilor sunt \u00eentotdeauna igienice, astfel \u00eenc\u00e2t s\u0103 pute\u021bi preveni eficient bolile gingiilor, cariile \u0219i bolile infec\u021bioase. Sterilizarea are loc la fiecare 6 ore si este complet automata. Este convenabil, inteligent \u0219i mai presus de toate de \u00eencredere. Pute\u021bi introduce p\u00e2n\u0103 la 5 periu\u021be de din\u021bi \u00een sterilizator, dintre care 3 pozi\u021bii sunt folosite pentru dezinfec\u021bie \u0219i 2 pozi\u021bii sunt folosite pentru depozitarea periu\u021belor de din\u021bi. Designul este inspirat de o lamp\u0103 retro cu form\u0103 rotund\u0103 \u0219i un \u0219iret pentru activare, astfel \u00eenc\u00e2t se potrive\u0219te frumos \u00een orice interior modern. Materialul ABS transparent ajut\u0103 periu\u021bele de din\u021bi s\u0103 fie amplasate confortabil. Lumina albastr\u0103 v\u0103 reaminte\u0219te s\u0103 evita\u021bi razele UV pentru a v\u0103 proteja vederea. Al\u021bi parametri: Dimensiuni: 12,1 cm (lungime) x 5,6 cm (\u00een\u0103l\u021bime) x 6,7 cm (ad\u00e2ncime) Greutate: 132,2 g. Proiectat pentru p\u00e2n\u0103 la 5 perii. Compatibil cu periu\u021bele manuale \u0219i electrice de toate m\u0103rcile, Distruge p\u00e2n\u0103 la 99,9% din bacterii, Sterilizare automat\u0103 la fiecare 6 ore. Capacitatea bateriei: 1 000 mAh (Li-ion). Alimentare: DC 9V \/ AC 220V. \u00cenc\u0103rcare USB-C. rezisten\u021ba bateriei: 20 de zile, 25 de zile \u00een modul de a\u0219teptare, \u00cenc\u0103rcare complet\u0103: \u00een 2,5 ore. Durata de via\u021b\u0103 a iluminatului LED: &gt; 8000 de ore. Temperatura de func\u021bionare: -10 p\u00e2n\u0103 la 50 \u00b0 C<\/p>\n","protected":false},"excerpt":{"rendered":"<p>Dezinfectantul sterilizant Oclean S1 asigur\u0103 c\u0103 instrumentele dumneavoastr\u0103 de cur\u0103\u021bare a din\u021bilor sunt \u00eentotdeauna igienice. Sterilizarea complet automat\u0103 folosind radia\u021bii UVC-LED pentru periu\u021bele de din\u021bi electrice \u0219i manuale \u00eendep\u0103rteaz\u0103 p\u00e2n\u0103 la 99,9% din bacterii. Durat\u0103 lung\u0103 de via\u021b\u0103 a bateriei de p\u00e2n\u0103 la 20 de zile. Plasarea periu\u021bei de din\u021bi pe chiuvet\u0103 sau raftul de&#8230;<\/p>\n","protected":false},"featured_media":269968,"comment_status":"closed","ping_status":"open","template":"","meta":{"_acf_changed":false,"_kadence_starter_templates_imported_post":false,"_kad_post_transparent":"","_kad_post_title":"","_kad_post_layout":"","_kad_post_sidebar_id":"","_kad_post_content_style":"","_kad_post_vertical_padding":"","_kad_post_feature":"","_kad_post_feature_position":"","_kad_post_header":false,"_kad_post_footer":false,"_kad_post_classname":""},"product_brand":[1062],"product_cat":[246,709,764],"product_tag":[],"class_list":{"0":"post-269967","1":"product","2":"type-product","3":"status-publish","4":"has-post-thumbnail","6":"product_brand-oclean","7":"product_cat-cosmetice","8":"product_cat-ingrijirea-dentara","9":"product_cat-periute-de-dinti-electrice","11":"first","12":"instock","13":"product-type-external","14":"entry","15":"content-bg","16":"loop-entry"},"acf":[],"yoast_head":"<!-- This site is optimized with the Yoast SEO plugin v27.4 - https:\/\/yoast.com\/product\/yoast-seo-wordpress\/ -->\n<title>Oclean Dezinfectant sterilizant S1 Gri - SHOPATOA.COM<\/title>\n<meta name=\"robots\" content=\"index, follow, max-snippet:-1, max-image-preview:large, max-video-preview:-1\" \/>\n<link rel=\"canonical\" href=\"https:\/\/shopatoa.com\/ro\/oclean-dezinfectant-sterilizant-s1-gri\/\" \/>\n<meta property=\"og:locale\" content=\"ro_RO\" \/>\n<meta property=\"og:type\" content=\"article\" \/>\n<meta property=\"og:title\" content=\"Oclean Dezinfectant sterilizant S1 Gri - SHOPATOA.COM\" \/>\n<meta property=\"og:description\" content=\"Dezinfectantul sterilizant Oclean S1 asigur\u0103 c\u0103 instrumentele dumneavoastr\u0103 de cur\u0103\u021bare a din\u021bilor sunt \u00eentotdeauna igienice. Sterilizarea complet automat\u0103 folosind radia\u021bii UVC-LED pentru periu\u021bele de din\u021bi electrice \u0219i manuale \u00eendep\u0103rteaz\u0103 p\u00e2n\u0103 la 99,9% din bacterii. Durat\u0103 lung\u0103 de via\u021b\u0103 a bateriei de p\u00e2n\u0103 la 20 de zile. Plasarea periu\u021bei de din\u021bi pe chiuvet\u0103 sau raftul de...\" \/>\n<meta property=\"og:url\" content=\"https:\/\/shopatoa.com\/ro\/oclean-dezinfectant-sterilizant-s1-gri\/\" \/>\n<meta property=\"og:site_name\" content=\"SHOPATOA\" \/>\n<meta property=\"article:modified_time\" content=\"2025-12-08T23:05:18+00:00\" \/>\n<meta property=\"og:image\" content=\"https:\/\/storage.googleapis.com\/cz-shopatoa-img\/ro\/584d2298-unnamed-file.webp\" \/>\n\t<meta property=\"og:image:width\" content=\"800\" \/>\n\t<meta property=\"og:image:height\" content=\"800\" \/>\n\t<meta property=\"og:image:type\" content=\"image\/webp\" \/>\n<meta name=\"twitter:card\" content=\"summary_large_image\" \/>\n<meta name=\"twitter:label1\" content=\"Timp estimat pentru citire\" \/>\n\t<meta name=\"twitter:data1\" content=\"2 minute\" \/>\n<script type=\"application\/ld+json\" class=\"yoast-schema-graph\">{\"@context\":\"https:\\\/\\\/schema.org\",\"@graph\":[{\"@type\":\"WebPage\",\"@id\":\"https:\\\/\\\/shopatoa.com\\\/ro\\\/oclean-dezinfectant-sterilizant-s1-gri\\\/\",\"url\":\"https:\\\/\\\/shopatoa.com\\\/ro\\\/oclean-dezinfectant-sterilizant-s1-gri\\\/\",\"name\":\"Oclean Dezinfectant sterilizant S1 Gri - SHOPATOA.COM\",\"isPartOf\":{\"@id\":\"https:\\\/\\\/shopatoa.com\\\/ro\\\/#website\"},\"primaryImageOfPage\":{\"@id\":\"https:\\\/\\\/shopatoa.com\\\/ro\\\/oclean-dezinfectant-sterilizant-s1-gri\\\/#primaryimage\"},\"image\":{\"@id\":\"https:\\\/\\\/shopatoa.com\\\/ro\\\/oclean-dezinfectant-sterilizant-s1-gri\\\/#primaryimage\"},\"thumbnailUrl\":\"https:\\\/\\\/storage.googleapis.com\\\/cz-shopatoa-img\\\/ro\\\/584d2298-unnamed-file.webp\",\"datePublished\":\"2025-04-29T03:21:06+00:00\",\"dateModified\":\"2025-12-08T23:05:18+00:00\",\"breadcrumb\":{\"@id\":\"https:\\\/\\\/shopatoa.com\\\/ro\\\/oclean-dezinfectant-sterilizant-s1-gri\\\/#breadcrumb\"},\"inLanguage\":\"ro-RO\",\"potentialAction\":[{\"@type\":\"ReadAction\",\"target\":[\"https:\\\/\\\/shopatoa.com\\\/ro\\\/oclean-dezinfectant-sterilizant-s1-gri\\\/\"]}]},{\"@type\":\"ImageObject\",\"inLanguage\":\"ro-RO\",\"@id\":\"https:\\\/\\\/shopatoa.com\\\/ro\\\/oclean-dezinfectant-sterilizant-s1-gri\\\/#primaryimage\",\"url\":\"https:\\\/\\\/storage.googleapis.com\\\/cz-shopatoa-img\\\/ro\\\/584d2298-unnamed-file.webp\",\"contentUrl\":\"https:\\\/\\\/storage.googleapis.com\\\/cz-shopatoa-img\\\/ro\\\/584d2298-unnamed-file.webp\",\"width\":800,\"height\":800},{\"@type\":\"BreadcrumbList\",\"@id\":\"https:\\\/\\\/shopatoa.com\\\/ro\\\/oclean-dezinfectant-sterilizant-s1-gri\\\/#breadcrumb\",\"itemListElement\":[{\"@type\":\"ListItem\",\"position\":1,\"name\":\"Dom\u016f\",\"item\":\"https:\\\/\\\/shopatoa.com\\\/ro\\\/\"},{\"@type\":\"ListItem\",\"position\":2,\"name\":\"Shop\",\"item\":\"https:\\\/\\\/shopatoa.com\\\/ro\\\/shop\\\/\"},{\"@type\":\"ListItem\",\"position\":3,\"name\":\"Cosmetice\",\"item\":\"https:\\\/\\\/shopatoa.com\\\/ro\\\/cosmetice\\\/\"},{\"@type\":\"ListItem\",\"position\":4,\"name\":\"\u00cengrijirea dentar\u0103\",\"item\":\"https:\\\/\\\/shopatoa.com\\\/ro\\\/ingrijirea-dentara\\\/\"},{\"@type\":\"ListItem\",\"position\":5,\"name\":\"Periu\u021be de din\u021bi electrice\",\"item\":\"https:\\\/\\\/shopatoa.com\\\/ro\\\/periute-de-dinti-electrice\\\/\"},{\"@type\":\"ListItem\",\"position\":6,\"name\":\"Oclean Dezinfectant sterilizant S1 Gri\"}]},{\"@type\":\"WebSite\",\"@id\":\"https:\\\/\\\/shopatoa.com\\\/ro\\\/#website\",\"url\":\"https:\\\/\\\/shopatoa.com\\\/ro\\\/\",\"name\":\"SHOPATOA\",\"description\":\"\",\"publisher\":{\"@id\":\"https:\\\/\\\/shopatoa.com\\\/ro\\\/#organization\"},\"potentialAction\":[{\"@type\":\"SearchAction\",\"target\":{\"@type\":\"EntryPoint\",\"urlTemplate\":\"https:\\\/\\\/shopatoa.com\\\/ro\\\/?s={search_term_string}\"},\"query-input\":{\"@type\":\"PropertyValueSpecification\",\"valueRequired\":true,\"valueName\":\"search_term_string\"}}],\"inLanguage\":\"ro-RO\"},{\"@type\":\"Organization\",\"@id\":\"https:\\\/\\\/shopatoa.com\\\/ro\\\/#organization\",\"name\":\"SHOPATOA\",\"url\":\"https:\\\/\\\/shopatoa.com\\\/ro\\\/\",\"logo\":{\"@type\":\"ImageObject\",\"inLanguage\":\"ro-RO\",\"@id\":\"https:\\\/\\\/shopatoa.com\\\/ro\\\/#\\\/schema\\\/logo\\\/image\\\/\",\"url\":\"https:\\\/\\\/storage.googleapis.com\\\/cz-shopatoa-img\\\/ro\\\/b4dac915-shopatoa_logo.png\",\"contentUrl\":\"https:\\\/\\\/storage.googleapis.com\\\/cz-shopatoa-img\\\/ro\\\/b4dac915-shopatoa_logo.png\",\"width\":416,\"height\":63,\"caption\":\"SHOPATOA\"},\"image\":{\"@id\":\"https:\\\/\\\/shopatoa.com\\\/ro\\\/#\\\/schema\\\/logo\\\/image\\\/\"}}]}<\/script>\n<!-- \/ Yoast SEO plugin. -->","yoast_head_json":{"title":"Oclean Dezinfectant sterilizant S1 Gri - SHOPATOA.COM","robots":{"index":"index","follow":"follow","max-snippet":"max-snippet:-1","max-image-preview":"max-image-preview:large","max-video-preview":"max-video-preview:-1"},"canonical":"https:\/\/shopatoa.com\/ro\/oclean-dezinfectant-sterilizant-s1-gri\/","og_locale":"ro_RO","og_type":"article","og_title":"Oclean Dezinfectant sterilizant S1 Gri - SHOPATOA.COM","og_description":"Dezinfectantul sterilizant Oclean S1 asigur\u0103 c\u0103 instrumentele dumneavoastr\u0103 de cur\u0103\u021bare a din\u021bilor sunt \u00eentotdeauna igienice. Sterilizarea complet automat\u0103 folosind radia\u021bii UVC-LED pentru periu\u021bele de din\u021bi electrice \u0219i manuale \u00eendep\u0103rteaz\u0103 p\u00e2n\u0103 la 99,9% din bacterii. Durat\u0103 lung\u0103 de via\u021b\u0103 a bateriei de p\u00e2n\u0103 la 20 de zile. Plasarea periu\u021bei de din\u021bi pe chiuvet\u0103 sau raftul de...","og_url":"https:\/\/shopatoa.com\/ro\/oclean-dezinfectant-sterilizant-s1-gri\/","og_site_name":"SHOPATOA","article_modified_time":"2025-12-08T23:05:18+00:00","og_image":[{"width":800,"height":800,"url":"https:\/\/storage.googleapis.com\/cz-shopatoa-img\/ro\/584d2298-unnamed-file.webp","type":"image\/webp"}],"twitter_card":"summary_large_image","twitter_misc":{"Timp estimat pentru citire":"2 minute"},"schema":{"@context":"https:\/\/schema.org","@graph":[{"@type":"WebPage","@id":"https:\/\/shopatoa.com\/ro\/oclean-dezinfectant-sterilizant-s1-gri\/","url":"https:\/\/shopatoa.com\/ro\/oclean-dezinfectant-sterilizant-s1-gri\/","name":"Oclean Dezinfectant sterilizant S1 Gri - SHOPATOA.COM","isPartOf":{"@id":"https:\/\/shopatoa.com\/ro\/#website"},"primaryImageOfPage":{"@id":"https:\/\/shopatoa.com\/ro\/oclean-dezinfectant-sterilizant-s1-gri\/#primaryimage"},"image":{"@id":"https:\/\/shopatoa.com\/ro\/oclean-dezinfectant-sterilizant-s1-gri\/#primaryimage"},"thumbnailUrl":"https:\/\/storage.googleapis.com\/cz-shopatoa-img\/ro\/584d2298-unnamed-file.webp","datePublished":"2025-04-29T03:21:06+00:00","dateModified":"2025-12-08T23:05:18+00:00","breadcrumb":{"@id":"https:\/\/shopatoa.com\/ro\/oclean-dezinfectant-sterilizant-s1-gri\/#breadcrumb"},"inLanguage":"ro-RO","potentialAction":[{"@type":"ReadAction","target":["https:\/\/shopatoa.com\/ro\/oclean-dezinfectant-sterilizant-s1-gri\/"]}]},{"@type":"ImageObject","inLanguage":"ro-RO","@id":"https:\/\/shopatoa.com\/ro\/oclean-dezinfectant-sterilizant-s1-gri\/#primaryimage","url":"https:\/\/storage.googleapis.com\/cz-shopatoa-img\/ro\/584d2298-unnamed-file.webp","contentUrl":"https:\/\/storage.googleapis.com\/cz-shopatoa-img\/ro\/584d2298-unnamed-file.webp","width":800,"height":800},{"@type":"BreadcrumbList","@id":"https:\/\/shopatoa.com\/ro\/oclean-dezinfectant-sterilizant-s1-gri\/#breadcrumb","itemListElement":[{"@type":"ListItem","position":1,"name":"Dom\u016f","item":"https:\/\/shopatoa.com\/ro\/"},{"@type":"ListItem","position":2,"name":"Shop","item":"https:\/\/shopatoa.com\/ro\/shop\/"},{"@type":"ListItem","position":3,"name":"Cosmetice","item":"https:\/\/shopatoa.com\/ro\/cosmetice\/"},{"@type":"ListItem","position":4,"name":"\u00cengrijirea dentar\u0103","item":"https:\/\/shopatoa.com\/ro\/ingrijirea-dentara\/"},{"@type":"ListItem","position":5,"name":"Periu\u021be de din\u021bi electrice","item":"https:\/\/shopatoa.com\/ro\/periute-de-dinti-electrice\/"},{"@type":"ListItem","position":6,"name":"Oclean Dezinfectant sterilizant S1 Gri"}]},{"@type":"WebSite","@id":"https:\/\/shopatoa.com\/ro\/#website","url":"https:\/\/shopatoa.com\/ro\/","name":"SHOPATOA","description":"","publisher":{"@id":"https:\/\/shopatoa.com\/ro\/#organization"},"potentialAction":[{"@type":"SearchAction","target":{"@type":"EntryPoint","urlTemplate":"https:\/\/shopatoa.com\/ro\/?s={search_term_string}"},"query-input":{"@type":"PropertyValueSpecification","valueRequired":true,"valueName":"search_term_string"}}],"inLanguage":"ro-RO"},{"@type":"Organization","@id":"https:\/\/shopatoa.com\/ro\/#organization","name":"SHOPATOA","url":"https:\/\/shopatoa.com\/ro\/","logo":{"@type":"ImageObject","inLanguage":"ro-RO","@id":"https:\/\/shopatoa.com\/ro\/#\/schema\/logo\/image\/","url":"https:\/\/storage.googleapis.com\/cz-shopatoa-img\/ro\/b4dac915-shopatoa_logo.png","contentUrl":"https:\/\/storage.googleapis.com\/cz-shopatoa-img\/ro\/b4dac915-shopatoa_logo.png","width":416,"height":63,"caption":"SHOPATOA"},"image":{"@id":"https:\/\/shopatoa.com\/ro\/#\/schema\/logo\/image\/"}}]}},"_links":{"self":[{"href":"https:\/\/shopatoa.com\/ro\/wp-json\/wp\/v2\/product\/269967","targetHints":{"allow":["GET"]}}],"collection":[{"href":"https:\/\/shopatoa.com\/ro\/wp-json\/wp\/v2\/product"}],"about":[{"href":"https:\/\/shopatoa.com\/ro\/wp-json\/wp\/v2\/types\/product"}],"replies":[{"embeddable":true,"href":"https:\/\/shopatoa.com\/ro\/wp-json\/wp\/v2\/comments?post=269967"}],"wp:featuredmedia":[{"embeddable":true,"href":"https:\/\/shopatoa.com\/ro\/wp-json\/wp\/v2\/media\/269968"}],"wp:attachment":[{"href":"https:\/\/shopatoa.com\/ro\/wp-json\/wp\/v2\/media?parent=269967"}],"wp:term":[{"taxonomy":"product_brand","embeddable":true,"href":"https:\/\/shopatoa.com\/ro\/wp-json\/wp\/v2\/product_brand?post=269967"},{"taxonomy":"product_cat","embeddable":true,"href":"https:\/\/shopatoa.com\/ro\/wp-json\/wp\/v2\/product_cat?post=269967"},{"taxonomy":"product_tag","embeddable":true,"href":"https:\/\/shopatoa.com\/ro\/wp-json\/wp\/v2\/product_tag?post=269967"}],"curies":[{"name":"wp","href":"https:\/\/api.w.org\/{rel}","templated":true}]}}