{"id":269969,"date":"2025-04-29T05:21:14","date_gmt":"2025-04-29T03:21:14","guid":{"rendered":"https:\/\/shopatoa.com\/ro\/oclean-husa-pentru-periuta-alba-gri\/"},"modified":"2025-12-09T00:05:14","modified_gmt":"2025-12-08T23:05:14","slug":"oclean-husa-pentru-periuta-alba-gri","status":"publish","type":"product","link":"https:\/\/shopatoa.com\/ro\/oclean-husa-pentru-periuta-alba-gri\/","title":{"rendered":"Oclean Hus\u0103 pentru periu\u021b\u0103 Alb\u0103-gri"},"content":{"rendered":"<p>Husa practica de voiaj Oclean igienica pentru 2 capete si o perie. Husa de c\u0103l\u0103torie este u\u0219or de p\u0103strat curat\u0103 \u0219i este compatibil\u0103 cu periu\u021bele: Oclean X Pro Elite\/ X Pro \/ X \/ Z1 \/ F1. Hus\u0103 igienic\u0103 practic\u0103 de voiaj de la marca Oclean, in care pute\u021bi lua confortabil periu\u021ba de din\u021bi cu dvs. peste tot. Husa v\u0103 protejeaz\u0103 periu\u021ba de din\u021bi de murd\u0103rie. \u00cen interior ve\u021bi g\u0103si dou\u0103 sloturi pentru capete de perie \u0219i un slot pentru peria \u00een sine. Husa de c\u0103l\u0103torie este u\u0219or de p\u0103strat curat\u0103 \u0219i este compatibil\u0103 cu periu\u021bele: Oclean X Pro Elite\/ X Pro \/ X \/ Z1 \/ F1. Propriet\u0103\u021bi cheie: Design curat, elegant. Husa v\u0103 protejeaz\u0103 periu\u021ba de din\u021bi de murd\u0103rie. Dou\u0103 sloturi pentru capete de perie \u0219i un slot pentru peria \u00een sine, \u00centre\u021binere \u0219i manipulare u\u0219oar\u0103. Dimensiune compact\u0103 \u0219i greutate redus\u0103. Greutate 122 g. Dimensiuni 212 x 37 mm (carcasa \u00eenchis\u0103).<\/p>\n","protected":false},"excerpt":{"rendered":"<p>Husa practica de voiaj Oclean igienica pentru 2 capete si o perie. Husa de c\u0103l\u0103torie este u\u0219or de p\u0103strat curat\u0103 \u0219i este compatibil\u0103 cu periu\u021bele: Oclean X Pro Elite\/ X Pro \/ X \/ Z1 \/ F1. Hus\u0103 igienic\u0103 practic\u0103 de voiaj de la marca Oclean, in care pute\u021bi lua confortabil periu\u021ba de din\u021bi cu&#8230;<\/p>\n","protected":false},"featured_media":269970,"comment_status":"closed","ping_status":"open","template":"","meta":{"_acf_changed":false,"_kadence_starter_templates_imported_post":false,"_kad_post_transparent":"","_kad_post_title":"","_kad_post_layout":"","_kad_post_sidebar_id":"","_kad_post_content_style":"","_kad_post_vertical_padding":"","_kad_post_feature":"","_kad_post_feature_position":"","_kad_post_header":false,"_kad_post_footer":false,"_kad_post_classname":""},"product_brand":[1062],"product_cat":[246,709,710],"product_tag":[],"class_list":{"0":"post-269969","1":"product","2":"type-product","3":"status-publish","4":"has-post-thumbnail","6":"product_brand-oclean","7":"product_cat-cosmetice","8":"product_cat-ingrijirea-dentara","9":"product_cat-periute-de-dinti-magnetice","11":"first","12":"instock","13":"sale","14":"product-type-external","15":"entry","16":"content-bg","17":"loop-entry"},"acf":[],"yoast_head":"<!-- This site is optimized with the Yoast SEO plugin v27.4 - https:\/\/yoast.com\/product\/yoast-seo-wordpress\/ -->\n<title>Oclean Hus\u0103 pentru periu\u021b\u0103 Alb\u0103-gri - SHOPATOA.COM<\/title>\n<meta name=\"robots\" content=\"index, follow, max-snippet:-1, max-image-preview:large, max-video-preview:-1\" \/>\n<link rel=\"canonical\" href=\"https:\/\/shopatoa.com\/ro\/oclean-husa-pentru-periuta-alba-gri\/\" \/>\n<meta property=\"og:locale\" content=\"ro_RO\" \/>\n<meta property=\"og:type\" content=\"article\" \/>\n<meta property=\"og:title\" content=\"Oclean Hus\u0103 pentru periu\u021b\u0103 Alb\u0103-gri - SHOPATOA.COM\" \/>\n<meta property=\"og:description\" content=\"Husa practica de voiaj Oclean igienica pentru 2 capete si o perie. Husa de c\u0103l\u0103torie este u\u0219or de p\u0103strat curat\u0103 \u0219i este compatibil\u0103 cu periu\u021bele: Oclean X Pro Elite\/ X Pro \/ X \/ Z1 \/ F1. Hus\u0103 igienic\u0103 practic\u0103 de voiaj de la marca Oclean, in care pute\u021bi lua confortabil periu\u021ba de din\u021bi cu...\" \/>\n<meta property=\"og:url\" content=\"https:\/\/shopatoa.com\/ro\/oclean-husa-pentru-periuta-alba-gri\/\" \/>\n<meta property=\"og:site_name\" content=\"SHOPATOA\" \/>\n<meta property=\"article:modified_time\" content=\"2025-12-08T23:05:14+00:00\" \/>\n<meta property=\"og:image\" content=\"https:\/\/storage.googleapis.com\/cz-shopatoa-img\/ro\/975696fa-unnamed-file.webp\" \/>\n\t<meta property=\"og:image:width\" content=\"800\" \/>\n\t<meta property=\"og:image:height\" content=\"800\" \/>\n\t<meta property=\"og:image:type\" content=\"image\/webp\" \/>\n<meta name=\"twitter:card\" content=\"summary_large_image\" \/>\n<meta name=\"twitter:label1\" content=\"Timp estimat pentru citire\" \/>\n\t<meta name=\"twitter:data1\" content=\"1 minut\" \/>\n<script type=\"application\/ld+json\" class=\"yoast-schema-graph\">{\"@context\":\"https:\\\/\\\/schema.org\",\"@graph\":[{\"@type\":\"WebPage\",\"@id\":\"https:\\\/\\\/shopatoa.com\\\/ro\\\/oclean-husa-pentru-periuta-alba-gri\\\/\",\"url\":\"https:\\\/\\\/shopatoa.com\\\/ro\\\/oclean-husa-pentru-periuta-alba-gri\\\/\",\"name\":\"Oclean Hus\u0103 pentru periu\u021b\u0103 Alb\u0103-gri - SHOPATOA.COM\",\"isPartOf\":{\"@id\":\"https:\\\/\\\/shopatoa.com\\\/ro\\\/#website\"},\"primaryImageOfPage\":{\"@id\":\"https:\\\/\\\/shopatoa.com\\\/ro\\\/oclean-husa-pentru-periuta-alba-gri\\\/#primaryimage\"},\"image\":{\"@id\":\"https:\\\/\\\/shopatoa.com\\\/ro\\\/oclean-husa-pentru-periuta-alba-gri\\\/#primaryimage\"},\"thumbnailUrl\":\"https:\\\/\\\/storage.googleapis.com\\\/cz-shopatoa-img\\\/ro\\\/975696fa-unnamed-file.webp\",\"datePublished\":\"2025-04-29T03:21:14+00:00\",\"dateModified\":\"2025-12-08T23:05:14+00:00\",\"breadcrumb\":{\"@id\":\"https:\\\/\\\/shopatoa.com\\\/ro\\\/oclean-husa-pentru-periuta-alba-gri\\\/#breadcrumb\"},\"inLanguage\":\"ro-RO\",\"potentialAction\":[{\"@type\":\"ReadAction\",\"target\":[\"https:\\\/\\\/shopatoa.com\\\/ro\\\/oclean-husa-pentru-periuta-alba-gri\\\/\"]}]},{\"@type\":\"ImageObject\",\"inLanguage\":\"ro-RO\",\"@id\":\"https:\\\/\\\/shopatoa.com\\\/ro\\\/oclean-husa-pentru-periuta-alba-gri\\\/#primaryimage\",\"url\":\"https:\\\/\\\/storage.googleapis.com\\\/cz-shopatoa-img\\\/ro\\\/975696fa-unnamed-file.webp\",\"contentUrl\":\"https:\\\/\\\/storage.googleapis.com\\\/cz-shopatoa-img\\\/ro\\\/975696fa-unnamed-file.webp\",\"width\":800,\"height\":800},{\"@type\":\"BreadcrumbList\",\"@id\":\"https:\\\/\\\/shopatoa.com\\\/ro\\\/oclean-husa-pentru-periuta-alba-gri\\\/#breadcrumb\",\"itemListElement\":[{\"@type\":\"ListItem\",\"position\":1,\"name\":\"Dom\u016f\",\"item\":\"https:\\\/\\\/shopatoa.com\\\/ro\\\/\"},{\"@type\":\"ListItem\",\"position\":2,\"name\":\"Shop\",\"item\":\"https:\\\/\\\/shopatoa.com\\\/ro\\\/shop\\\/\"},{\"@type\":\"ListItem\",\"position\":3,\"name\":\"Cosmetice\",\"item\":\"https:\\\/\\\/shopatoa.com\\\/ro\\\/cosmetice\\\/\"},{\"@type\":\"ListItem\",\"position\":4,\"name\":\"\u00cengrijirea dentar\u0103\",\"item\":\"https:\\\/\\\/shopatoa.com\\\/ro\\\/ingrijirea-dentara\\\/\"},{\"@type\":\"ListItem\",\"position\":5,\"name\":\"Periu\u021be de din\u021bi magnetice\",\"item\":\"https:\\\/\\\/shopatoa.com\\\/ro\\\/periute-de-dinti-magnetice\\\/\"},{\"@type\":\"ListItem\",\"position\":6,\"name\":\"Oclean Hus\u0103 pentru periu\u021b\u0103 Alb\u0103-gri\"}]},{\"@type\":\"WebSite\",\"@id\":\"https:\\\/\\\/shopatoa.com\\\/ro\\\/#website\",\"url\":\"https:\\\/\\\/shopatoa.com\\\/ro\\\/\",\"name\":\"SHOPATOA\",\"description\":\"\",\"publisher\":{\"@id\":\"https:\\\/\\\/shopatoa.com\\\/ro\\\/#organization\"},\"potentialAction\":[{\"@type\":\"SearchAction\",\"target\":{\"@type\":\"EntryPoint\",\"urlTemplate\":\"https:\\\/\\\/shopatoa.com\\\/ro\\\/?s={search_term_string}\"},\"query-input\":{\"@type\":\"PropertyValueSpecification\",\"valueRequired\":true,\"valueName\":\"search_term_string\"}}],\"inLanguage\":\"ro-RO\"},{\"@type\":\"Organization\",\"@id\":\"https:\\\/\\\/shopatoa.com\\\/ro\\\/#organization\",\"name\":\"SHOPATOA\",\"url\":\"https:\\\/\\\/shopatoa.com\\\/ro\\\/\",\"logo\":{\"@type\":\"ImageObject\",\"inLanguage\":\"ro-RO\",\"@id\":\"https:\\\/\\\/shopatoa.com\\\/ro\\\/#\\\/schema\\\/logo\\\/image\\\/\",\"url\":\"https:\\\/\\\/storage.googleapis.com\\\/cz-shopatoa-img\\\/ro\\\/b4dac915-shopatoa_logo.png\",\"contentUrl\":\"https:\\\/\\\/storage.googleapis.com\\\/cz-shopatoa-img\\\/ro\\\/b4dac915-shopatoa_logo.png\",\"width\":416,\"height\":63,\"caption\":\"SHOPATOA\"},\"image\":{\"@id\":\"https:\\\/\\\/shopatoa.com\\\/ro\\\/#\\\/schema\\\/logo\\\/image\\\/\"}}]}<\/script>\n<!-- \/ Yoast SEO plugin. -->","yoast_head_json":{"title":"Oclean Hus\u0103 pentru periu\u021b\u0103 Alb\u0103-gri - SHOPATOA.COM","robots":{"index":"index","follow":"follow","max-snippet":"max-snippet:-1","max-image-preview":"max-image-preview:large","max-video-preview":"max-video-preview:-1"},"canonical":"https:\/\/shopatoa.com\/ro\/oclean-husa-pentru-periuta-alba-gri\/","og_locale":"ro_RO","og_type":"article","og_title":"Oclean Hus\u0103 pentru periu\u021b\u0103 Alb\u0103-gri - SHOPATOA.COM","og_description":"Husa practica de voiaj Oclean igienica pentru 2 capete si o perie. Husa de c\u0103l\u0103torie este u\u0219or de p\u0103strat curat\u0103 \u0219i este compatibil\u0103 cu periu\u021bele: Oclean X Pro Elite\/ X Pro \/ X \/ Z1 \/ F1. Hus\u0103 igienic\u0103 practic\u0103 de voiaj de la marca Oclean, in care pute\u021bi lua confortabil periu\u021ba de din\u021bi cu...","og_url":"https:\/\/shopatoa.com\/ro\/oclean-husa-pentru-periuta-alba-gri\/","og_site_name":"SHOPATOA","article_modified_time":"2025-12-08T23:05:14+00:00","og_image":[{"width":800,"height":800,"url":"https:\/\/storage.googleapis.com\/cz-shopatoa-img\/ro\/975696fa-unnamed-file.webp","type":"image\/webp"}],"twitter_card":"summary_large_image","twitter_misc":{"Timp estimat pentru citire":"1 minut"},"schema":{"@context":"https:\/\/schema.org","@graph":[{"@type":"WebPage","@id":"https:\/\/shopatoa.com\/ro\/oclean-husa-pentru-periuta-alba-gri\/","url":"https:\/\/shopatoa.com\/ro\/oclean-husa-pentru-periuta-alba-gri\/","name":"Oclean Hus\u0103 pentru periu\u021b\u0103 Alb\u0103-gri - SHOPATOA.COM","isPartOf":{"@id":"https:\/\/shopatoa.com\/ro\/#website"},"primaryImageOfPage":{"@id":"https:\/\/shopatoa.com\/ro\/oclean-husa-pentru-periuta-alba-gri\/#primaryimage"},"image":{"@id":"https:\/\/shopatoa.com\/ro\/oclean-husa-pentru-periuta-alba-gri\/#primaryimage"},"thumbnailUrl":"https:\/\/storage.googleapis.com\/cz-shopatoa-img\/ro\/975696fa-unnamed-file.webp","datePublished":"2025-04-29T03:21:14+00:00","dateModified":"2025-12-08T23:05:14+00:00","breadcrumb":{"@id":"https:\/\/shopatoa.com\/ro\/oclean-husa-pentru-periuta-alba-gri\/#breadcrumb"},"inLanguage":"ro-RO","potentialAction":[{"@type":"ReadAction","target":["https:\/\/shopatoa.com\/ro\/oclean-husa-pentru-periuta-alba-gri\/"]}]},{"@type":"ImageObject","inLanguage":"ro-RO","@id":"https:\/\/shopatoa.com\/ro\/oclean-husa-pentru-periuta-alba-gri\/#primaryimage","url":"https:\/\/storage.googleapis.com\/cz-shopatoa-img\/ro\/975696fa-unnamed-file.webp","contentUrl":"https:\/\/storage.googleapis.com\/cz-shopatoa-img\/ro\/975696fa-unnamed-file.webp","width":800,"height":800},{"@type":"BreadcrumbList","@id":"https:\/\/shopatoa.com\/ro\/oclean-husa-pentru-periuta-alba-gri\/#breadcrumb","itemListElement":[{"@type":"ListItem","position":1,"name":"Dom\u016f","item":"https:\/\/shopatoa.com\/ro\/"},{"@type":"ListItem","position":2,"name":"Shop","item":"https:\/\/shopatoa.com\/ro\/shop\/"},{"@type":"ListItem","position":3,"name":"Cosmetice","item":"https:\/\/shopatoa.com\/ro\/cosmetice\/"},{"@type":"ListItem","position":4,"name":"\u00cengrijirea dentar\u0103","item":"https:\/\/shopatoa.com\/ro\/ingrijirea-dentara\/"},{"@type":"ListItem","position":5,"name":"Periu\u021be de din\u021bi magnetice","item":"https:\/\/shopatoa.com\/ro\/periute-de-dinti-magnetice\/"},{"@type":"ListItem","position":6,"name":"Oclean Hus\u0103 pentru periu\u021b\u0103 Alb\u0103-gri"}]},{"@type":"WebSite","@id":"https:\/\/shopatoa.com\/ro\/#website","url":"https:\/\/shopatoa.com\/ro\/","name":"SHOPATOA","description":"","publisher":{"@id":"https:\/\/shopatoa.com\/ro\/#organization"},"potentialAction":[{"@type":"SearchAction","target":{"@type":"EntryPoint","urlTemplate":"https:\/\/shopatoa.com\/ro\/?s={search_term_string}"},"query-input":{"@type":"PropertyValueSpecification","valueRequired":true,"valueName":"search_term_string"}}],"inLanguage":"ro-RO"},{"@type":"Organization","@id":"https:\/\/shopatoa.com\/ro\/#organization","name":"SHOPATOA","url":"https:\/\/shopatoa.com\/ro\/","logo":{"@type":"ImageObject","inLanguage":"ro-RO","@id":"https:\/\/shopatoa.com\/ro\/#\/schema\/logo\/image\/","url":"https:\/\/storage.googleapis.com\/cz-shopatoa-img\/ro\/b4dac915-shopatoa_logo.png","contentUrl":"https:\/\/storage.googleapis.com\/cz-shopatoa-img\/ro\/b4dac915-shopatoa_logo.png","width":416,"height":63,"caption":"SHOPATOA"},"image":{"@id":"https:\/\/shopatoa.com\/ro\/#\/schema\/logo\/image\/"}}]}},"_links":{"self":[{"href":"https:\/\/shopatoa.com\/ro\/wp-json\/wp\/v2\/product\/269969","targetHints":{"allow":["GET"]}}],"collection":[{"href":"https:\/\/shopatoa.com\/ro\/wp-json\/wp\/v2\/product"}],"about":[{"href":"https:\/\/shopatoa.com\/ro\/wp-json\/wp\/v2\/types\/product"}],"replies":[{"embeddable":true,"href":"https:\/\/shopatoa.com\/ro\/wp-json\/wp\/v2\/comments?post=269969"}],"wp:featuredmedia":[{"embeddable":true,"href":"https:\/\/shopatoa.com\/ro\/wp-json\/wp\/v2\/media\/269970"}],"wp:attachment":[{"href":"https:\/\/shopatoa.com\/ro\/wp-json\/wp\/v2\/media?parent=269969"}],"wp:term":[{"taxonomy":"product_brand","embeddable":true,"href":"https:\/\/shopatoa.com\/ro\/wp-json\/wp\/v2\/product_brand?post=269969"},{"taxonomy":"product_cat","embeddable":true,"href":"https:\/\/shopatoa.com\/ro\/wp-json\/wp\/v2\/product_cat?post=269969"},{"taxonomy":"product_tag","embeddable":true,"href":"https:\/\/shopatoa.com\/ro\/wp-json\/wp\/v2\/product_tag?post=269969"}],"curies":[{"name":"wp","href":"https:\/\/api.w.org\/{rel}","templated":true}]}}