{"id":269997,"date":"2025-04-29T05:26:49","date_gmt":"2025-04-29T03:26:49","guid":{"rendered":"https:\/\/shopatoa.com\/ro\/clarins-crema-de-noapte-cu-efect-de-lifting-pentru-piele-uscata-super-restorative-night-cream-50-ml\/"},"modified":"2025-12-08T23:54:57","modified_gmt":"2025-12-08T22:54:57","slug":"clarins-crema-de-noapte-cu-efect-de-lifting-pentru-piele-uscata-super-restorative-night-cream-50-ml","status":"publish","type":"product","link":"https:\/\/shopatoa.com\/ro\/clarins-crema-de-noapte-cu-efect-de-lifting-pentru-piele-uscata-super-restorative-night-cream-50-ml\/","title":{"rendered":"Clarins Crem\u0103 de noapte cu efect de lifting pentru piele uscat\u0103 (Super Restorative Night Cream) 50 ml"},"content":{"rendered":"<p>O crem\u0103 de noapte anti-\u00eemb\u0103tr\u00e2nire pentru pielea foarte uscat\u0103 \u0219i matur\u0103, care reface energia, combate ridurile, \u00eembun\u0103t\u0103\u021be\u0219te vizibil pielea l\u0103sat\u0103 \u0219i uniformizeaz\u0103 nuan\u021ba pielii. \u00cengrijirea este alimentat\u0103 de puterea harunganei BIO, care este bl\u00e2nd\u0103 cu pielea \u0219i la fel de eficient\u0103 ca retinolul \u0219i ulex BIO.<\/p>\n","protected":false},"excerpt":{"rendered":"<p>O crem\u0103 de noapte anti-\u00eemb\u0103tr\u00e2nire pentru pielea foarte uscat\u0103 \u0219i matur\u0103, care reface energia, combate ridurile, \u00eembun\u0103t\u0103\u021be\u0219te vizibil pielea l\u0103sat\u0103 \u0219i uniformizeaz\u0103 nuan\u021ba pielii. \u00cengrijirea este alimentat\u0103 de puterea harunganei BIO, care este bl\u00e2nd\u0103 cu pielea \u0219i la fel de eficient\u0103 ca retinolul \u0219i ulex BIO.<\/p>\n","protected":false},"featured_media":269998,"comment_status":"closed","ping_status":"open","template":"","meta":{"_acf_changed":false,"_kadence_starter_templates_imported_post":false,"_kad_post_transparent":"","_kad_post_title":"","_kad_post_layout":"","_kad_post_sidebar_id":"","_kad_post_content_style":"","_kad_post_vertical_padding":"","_kad_post_feature":"","_kad_post_feature_position":"","_kad_post_header":false,"_kad_post_footer":false,"_kad_post_classname":""},"product_brand":[120],"product_cat":[246,634,633,665],"product_tag":[],"class_list":{"0":"post-269997","1":"product","2":"type-product","3":"status-publish","4":"has-post-thumbnail","6":"product_brand-clarins","7":"product_cat-cosmetice","8":"product_cat-produse-cosmetice-de-ingrijire-a-pielii","9":"product_cat-produse-cosmetice-pentru-piele","10":"product_cat-produse-cosmetice-pentru-riduri-si-anti-imbatranire","12":"first","13":"instock","14":"product-type-external","15":"entry","16":"content-bg","17":"loop-entry"},"acf":[],"yoast_head":"<!-- This site is optimized with the Yoast SEO plugin v27.3 - https:\/\/yoast.com\/product\/yoast-seo-wordpress\/ -->\n<title>Clarins Crem\u0103 de noapte cu efect de lifting pentru piele uscat\u0103 (Super Restorative Night Cream) 50 ml - SHOPATOA.COM<\/title>\n<meta name=\"robots\" content=\"index, follow, max-snippet:-1, max-image-preview:large, max-video-preview:-1\" \/>\n<link rel=\"canonical\" href=\"https:\/\/shopatoa.com\/ro\/clarins-crema-de-noapte-cu-efect-de-lifting-pentru-piele-uscata-super-restorative-night-cream-50-ml\/\" \/>\n<meta property=\"og:locale\" content=\"ro_RO\" \/>\n<meta property=\"og:type\" content=\"article\" \/>\n<meta property=\"og:title\" content=\"Clarins Crem\u0103 de noapte cu efect de lifting pentru piele uscat\u0103 (Super Restorative Night Cream) 50 ml - SHOPATOA.COM\" \/>\n<meta property=\"og:description\" content=\"O crem\u0103 de noapte anti-\u00eemb\u0103tr\u00e2nire pentru pielea foarte uscat\u0103 \u0219i matur\u0103, care reface energia, combate ridurile, \u00eembun\u0103t\u0103\u021be\u0219te vizibil pielea l\u0103sat\u0103 \u0219i uniformizeaz\u0103 nuan\u021ba pielii. \u00cengrijirea este alimentat\u0103 de puterea harunganei BIO, care este bl\u00e2nd\u0103 cu pielea \u0219i la fel de eficient\u0103 ca retinolul \u0219i ulex BIO.\" \/>\n<meta property=\"og:url\" content=\"https:\/\/shopatoa.com\/ro\/clarins-crema-de-noapte-cu-efect-de-lifting-pentru-piele-uscata-super-restorative-night-cream-50-ml\/\" \/>\n<meta property=\"og:site_name\" content=\"SHOPATOA\" \/>\n<meta property=\"article:modified_time\" content=\"2025-12-08T22:54:57+00:00\" \/>\n<meta property=\"og:image\" content=\"https:\/\/storage.googleapis.com\/cz-shopatoa-img\/ro\/b2710e56-unnamed-file.webp\" \/>\n\t<meta property=\"og:image:width\" content=\"800\" \/>\n\t<meta property=\"og:image:height\" content=\"800\" \/>\n\t<meta property=\"og:image:type\" content=\"image\/webp\" \/>\n<meta name=\"twitter:card\" content=\"summary_large_image\" \/>\n<script type=\"application\/ld+json\" class=\"yoast-schema-graph\">{\"@context\":\"https:\\\/\\\/schema.org\",\"@graph\":[{\"@type\":\"WebPage\",\"@id\":\"https:\\\/\\\/shopatoa.com\\\/ro\\\/clarins-crema-de-noapte-cu-efect-de-lifting-pentru-piele-uscata-super-restorative-night-cream-50-ml\\\/\",\"url\":\"https:\\\/\\\/shopatoa.com\\\/ro\\\/clarins-crema-de-noapte-cu-efect-de-lifting-pentru-piele-uscata-super-restorative-night-cream-50-ml\\\/\",\"name\":\"Clarins Crem\u0103 de noapte cu efect de lifting pentru piele uscat\u0103 (Super Restorative Night Cream) 50 ml - SHOPATOA.COM\",\"isPartOf\":{\"@id\":\"https:\\\/\\\/shopatoa.com\\\/ro\\\/#website\"},\"primaryImageOfPage\":{\"@id\":\"https:\\\/\\\/shopatoa.com\\\/ro\\\/clarins-crema-de-noapte-cu-efect-de-lifting-pentru-piele-uscata-super-restorative-night-cream-50-ml\\\/#primaryimage\"},\"image\":{\"@id\":\"https:\\\/\\\/shopatoa.com\\\/ro\\\/clarins-crema-de-noapte-cu-efect-de-lifting-pentru-piele-uscata-super-restorative-night-cream-50-ml\\\/#primaryimage\"},\"thumbnailUrl\":\"https:\\\/\\\/storage.googleapis.com\\\/cz-shopatoa-img\\\/ro\\\/b2710e56-unnamed-file.webp\",\"datePublished\":\"2025-04-29T03:26:49+00:00\",\"dateModified\":\"2025-12-08T22:54:57+00:00\",\"breadcrumb\":{\"@id\":\"https:\\\/\\\/shopatoa.com\\\/ro\\\/clarins-crema-de-noapte-cu-efect-de-lifting-pentru-piele-uscata-super-restorative-night-cream-50-ml\\\/#breadcrumb\"},\"inLanguage\":\"ro-RO\",\"potentialAction\":[{\"@type\":\"ReadAction\",\"target\":[\"https:\\\/\\\/shopatoa.com\\\/ro\\\/clarins-crema-de-noapte-cu-efect-de-lifting-pentru-piele-uscata-super-restorative-night-cream-50-ml\\\/\"]}]},{\"@type\":\"ImageObject\",\"inLanguage\":\"ro-RO\",\"@id\":\"https:\\\/\\\/shopatoa.com\\\/ro\\\/clarins-crema-de-noapte-cu-efect-de-lifting-pentru-piele-uscata-super-restorative-night-cream-50-ml\\\/#primaryimage\",\"url\":\"https:\\\/\\\/storage.googleapis.com\\\/cz-shopatoa-img\\\/ro\\\/b2710e56-unnamed-file.webp\",\"contentUrl\":\"https:\\\/\\\/storage.googleapis.com\\\/cz-shopatoa-img\\\/ro\\\/b2710e56-unnamed-file.webp\",\"width\":800,\"height\":800},{\"@type\":\"BreadcrumbList\",\"@id\":\"https:\\\/\\\/shopatoa.com\\\/ro\\\/clarins-crema-de-noapte-cu-efect-de-lifting-pentru-piele-uscata-super-restorative-night-cream-50-ml\\\/#breadcrumb\",\"itemListElement\":[{\"@type\":\"ListItem\",\"position\":1,\"name\":\"Dom\u016f\",\"item\":\"https:\\\/\\\/shopatoa.com\\\/ro\\\/\"},{\"@type\":\"ListItem\",\"position\":2,\"name\":\"Shop\",\"item\":\"https:\\\/\\\/shopatoa.com\\\/ro\\\/shop\\\/\"},{\"@type\":\"ListItem\",\"position\":3,\"name\":\"Cosmetice\",\"item\":\"https:\\\/\\\/shopatoa.com\\\/ro\\\/cosmetice\\\/\"},{\"@type\":\"ListItem\",\"position\":4,\"name\":\"Produse cosmetice pentru piele\",\"item\":\"https:\\\/\\\/shopatoa.com\\\/ro\\\/produse-cosmetice-pentru-piele\\\/\"},{\"@type\":\"ListItem\",\"position\":5,\"name\":\"Produse cosmetice de \u00eengrijire a pielii\",\"item\":\"https:\\\/\\\/shopatoa.com\\\/ro\\\/produse-cosmetice-de-ingrijire-a-pielii\\\/\"},{\"@type\":\"ListItem\",\"position\":6,\"name\":\"Produse cosmetice pentru riduri \u0219i anti-\u00eemb\u0103tr\u00e2nire\",\"item\":\"https:\\\/\\\/shopatoa.com\\\/ro\\\/produse-cosmetice-pentru-riduri-si-anti-imbatranire\\\/\"},{\"@type\":\"ListItem\",\"position\":7,\"name\":\"Clarins Crem\u0103 de noapte cu efect de lifting pentru piele uscat\u0103 (Super Restorative Night Cream) 50 ml\"}]},{\"@type\":\"WebSite\",\"@id\":\"https:\\\/\\\/shopatoa.com\\\/ro\\\/#website\",\"url\":\"https:\\\/\\\/shopatoa.com\\\/ro\\\/\",\"name\":\"SHOPATOA\",\"description\":\"\",\"publisher\":{\"@id\":\"https:\\\/\\\/shopatoa.com\\\/ro\\\/#organization\"},\"potentialAction\":[{\"@type\":\"SearchAction\",\"target\":{\"@type\":\"EntryPoint\",\"urlTemplate\":\"https:\\\/\\\/shopatoa.com\\\/ro\\\/?s={search_term_string}\"},\"query-input\":{\"@type\":\"PropertyValueSpecification\",\"valueRequired\":true,\"valueName\":\"search_term_string\"}}],\"inLanguage\":\"ro-RO\"},{\"@type\":\"Organization\",\"@id\":\"https:\\\/\\\/shopatoa.com\\\/ro\\\/#organization\",\"name\":\"SHOPATOA\",\"url\":\"https:\\\/\\\/shopatoa.com\\\/ro\\\/\",\"logo\":{\"@type\":\"ImageObject\",\"inLanguage\":\"ro-RO\",\"@id\":\"https:\\\/\\\/shopatoa.com\\\/ro\\\/#\\\/schema\\\/logo\\\/image\\\/\",\"url\":\"https:\\\/\\\/storage.googleapis.com\\\/cz-shopatoa-img\\\/ro\\\/b4dac915-shopatoa_logo.png\",\"contentUrl\":\"https:\\\/\\\/storage.googleapis.com\\\/cz-shopatoa-img\\\/ro\\\/b4dac915-shopatoa_logo.png\",\"width\":416,\"height\":63,\"caption\":\"SHOPATOA\"},\"image\":{\"@id\":\"https:\\\/\\\/shopatoa.com\\\/ro\\\/#\\\/schema\\\/logo\\\/image\\\/\"}}]}<\/script>\n<!-- \/ Yoast SEO plugin. -->","yoast_head_json":{"title":"Clarins Crem\u0103 de noapte cu efect de lifting pentru piele uscat\u0103 (Super Restorative Night Cream) 50 ml - SHOPATOA.COM","robots":{"index":"index","follow":"follow","max-snippet":"max-snippet:-1","max-image-preview":"max-image-preview:large","max-video-preview":"max-video-preview:-1"},"canonical":"https:\/\/shopatoa.com\/ro\/clarins-crema-de-noapte-cu-efect-de-lifting-pentru-piele-uscata-super-restorative-night-cream-50-ml\/","og_locale":"ro_RO","og_type":"article","og_title":"Clarins Crem\u0103 de noapte cu efect de lifting pentru piele uscat\u0103 (Super Restorative Night Cream) 50 ml - SHOPATOA.COM","og_description":"O crem\u0103 de noapte anti-\u00eemb\u0103tr\u00e2nire pentru pielea foarte uscat\u0103 \u0219i matur\u0103, care reface energia, combate ridurile, \u00eembun\u0103t\u0103\u021be\u0219te vizibil pielea l\u0103sat\u0103 \u0219i uniformizeaz\u0103 nuan\u021ba pielii. \u00cengrijirea este alimentat\u0103 de puterea harunganei BIO, care este bl\u00e2nd\u0103 cu pielea \u0219i la fel de eficient\u0103 ca retinolul \u0219i ulex BIO.","og_url":"https:\/\/shopatoa.com\/ro\/clarins-crema-de-noapte-cu-efect-de-lifting-pentru-piele-uscata-super-restorative-night-cream-50-ml\/","og_site_name":"SHOPATOA","article_modified_time":"2025-12-08T22:54:57+00:00","og_image":[{"width":800,"height":800,"url":"https:\/\/storage.googleapis.com\/cz-shopatoa-img\/ro\/b2710e56-unnamed-file.webp","type":"image\/webp"}],"twitter_card":"summary_large_image","schema":{"@context":"https:\/\/schema.org","@graph":[{"@type":"WebPage","@id":"https:\/\/shopatoa.com\/ro\/clarins-crema-de-noapte-cu-efect-de-lifting-pentru-piele-uscata-super-restorative-night-cream-50-ml\/","url":"https:\/\/shopatoa.com\/ro\/clarins-crema-de-noapte-cu-efect-de-lifting-pentru-piele-uscata-super-restorative-night-cream-50-ml\/","name":"Clarins Crem\u0103 de noapte cu efect de lifting pentru piele uscat\u0103 (Super Restorative Night Cream) 50 ml - SHOPATOA.COM","isPartOf":{"@id":"https:\/\/shopatoa.com\/ro\/#website"},"primaryImageOfPage":{"@id":"https:\/\/shopatoa.com\/ro\/clarins-crema-de-noapte-cu-efect-de-lifting-pentru-piele-uscata-super-restorative-night-cream-50-ml\/#primaryimage"},"image":{"@id":"https:\/\/shopatoa.com\/ro\/clarins-crema-de-noapte-cu-efect-de-lifting-pentru-piele-uscata-super-restorative-night-cream-50-ml\/#primaryimage"},"thumbnailUrl":"https:\/\/storage.googleapis.com\/cz-shopatoa-img\/ro\/b2710e56-unnamed-file.webp","datePublished":"2025-04-29T03:26:49+00:00","dateModified":"2025-12-08T22:54:57+00:00","breadcrumb":{"@id":"https:\/\/shopatoa.com\/ro\/clarins-crema-de-noapte-cu-efect-de-lifting-pentru-piele-uscata-super-restorative-night-cream-50-ml\/#breadcrumb"},"inLanguage":"ro-RO","potentialAction":[{"@type":"ReadAction","target":["https:\/\/shopatoa.com\/ro\/clarins-crema-de-noapte-cu-efect-de-lifting-pentru-piele-uscata-super-restorative-night-cream-50-ml\/"]}]},{"@type":"ImageObject","inLanguage":"ro-RO","@id":"https:\/\/shopatoa.com\/ro\/clarins-crema-de-noapte-cu-efect-de-lifting-pentru-piele-uscata-super-restorative-night-cream-50-ml\/#primaryimage","url":"https:\/\/storage.googleapis.com\/cz-shopatoa-img\/ro\/b2710e56-unnamed-file.webp","contentUrl":"https:\/\/storage.googleapis.com\/cz-shopatoa-img\/ro\/b2710e56-unnamed-file.webp","width":800,"height":800},{"@type":"BreadcrumbList","@id":"https:\/\/shopatoa.com\/ro\/clarins-crema-de-noapte-cu-efect-de-lifting-pentru-piele-uscata-super-restorative-night-cream-50-ml\/#breadcrumb","itemListElement":[{"@type":"ListItem","position":1,"name":"Dom\u016f","item":"https:\/\/shopatoa.com\/ro\/"},{"@type":"ListItem","position":2,"name":"Shop","item":"https:\/\/shopatoa.com\/ro\/shop\/"},{"@type":"ListItem","position":3,"name":"Cosmetice","item":"https:\/\/shopatoa.com\/ro\/cosmetice\/"},{"@type":"ListItem","position":4,"name":"Produse cosmetice pentru piele","item":"https:\/\/shopatoa.com\/ro\/produse-cosmetice-pentru-piele\/"},{"@type":"ListItem","position":5,"name":"Produse cosmetice de \u00eengrijire a pielii","item":"https:\/\/shopatoa.com\/ro\/produse-cosmetice-de-ingrijire-a-pielii\/"},{"@type":"ListItem","position":6,"name":"Produse cosmetice pentru riduri \u0219i anti-\u00eemb\u0103tr\u00e2nire","item":"https:\/\/shopatoa.com\/ro\/produse-cosmetice-pentru-riduri-si-anti-imbatranire\/"},{"@type":"ListItem","position":7,"name":"Clarins Crem\u0103 de noapte cu efect de lifting pentru piele uscat\u0103 (Super Restorative Night Cream) 50 ml"}]},{"@type":"WebSite","@id":"https:\/\/shopatoa.com\/ro\/#website","url":"https:\/\/shopatoa.com\/ro\/","name":"SHOPATOA","description":"","publisher":{"@id":"https:\/\/shopatoa.com\/ro\/#organization"},"potentialAction":[{"@type":"SearchAction","target":{"@type":"EntryPoint","urlTemplate":"https:\/\/shopatoa.com\/ro\/?s={search_term_string}"},"query-input":{"@type":"PropertyValueSpecification","valueRequired":true,"valueName":"search_term_string"}}],"inLanguage":"ro-RO"},{"@type":"Organization","@id":"https:\/\/shopatoa.com\/ro\/#organization","name":"SHOPATOA","url":"https:\/\/shopatoa.com\/ro\/","logo":{"@type":"ImageObject","inLanguage":"ro-RO","@id":"https:\/\/shopatoa.com\/ro\/#\/schema\/logo\/image\/","url":"https:\/\/storage.googleapis.com\/cz-shopatoa-img\/ro\/b4dac915-shopatoa_logo.png","contentUrl":"https:\/\/storage.googleapis.com\/cz-shopatoa-img\/ro\/b4dac915-shopatoa_logo.png","width":416,"height":63,"caption":"SHOPATOA"},"image":{"@id":"https:\/\/shopatoa.com\/ro\/#\/schema\/logo\/image\/"}}]}},"_links":{"self":[{"href":"https:\/\/shopatoa.com\/ro\/wp-json\/wp\/v2\/product\/269997","targetHints":{"allow":["GET"]}}],"collection":[{"href":"https:\/\/shopatoa.com\/ro\/wp-json\/wp\/v2\/product"}],"about":[{"href":"https:\/\/shopatoa.com\/ro\/wp-json\/wp\/v2\/types\/product"}],"replies":[{"embeddable":true,"href":"https:\/\/shopatoa.com\/ro\/wp-json\/wp\/v2\/comments?post=269997"}],"wp:featuredmedia":[{"embeddable":true,"href":"https:\/\/shopatoa.com\/ro\/wp-json\/wp\/v2\/media\/269998"}],"wp:attachment":[{"href":"https:\/\/shopatoa.com\/ro\/wp-json\/wp\/v2\/media?parent=269997"}],"wp:term":[{"taxonomy":"product_brand","embeddable":true,"href":"https:\/\/shopatoa.com\/ro\/wp-json\/wp\/v2\/product_brand?post=269997"},{"taxonomy":"product_cat","embeddable":true,"href":"https:\/\/shopatoa.com\/ro\/wp-json\/wp\/v2\/product_cat?post=269997"},{"taxonomy":"product_tag","embeddable":true,"href":"https:\/\/shopatoa.com\/ro\/wp-json\/wp\/v2\/product_tag?post=269997"}],"curies":[{"name":"wp","href":"https:\/\/api.w.org\/{rel}","templated":true}]}}