{"id":270197,"date":"2025-04-29T06:06:56","date_gmt":"2025-04-29T04:06:56","guid":{"rendered":"https:\/\/shopatoa.com\/ro\/needly-masca-faciala-iluminatoare-peony-jelly-mask-33-ml\/"},"modified":"2025-12-08T23:13:12","modified_gmt":"2025-12-08T22:13:12","slug":"needly-masca-faciala-iluminatoare-peony-jelly-mask-33-ml","status":"publish","type":"product","link":"https:\/\/shopatoa.com\/ro\/needly-masca-faciala-iluminatoare-peony-jelly-mask-33-ml\/","title":{"rendered":"NEEDLY Masca facial\u0103 iluminatoare (Peony Jelly Mask) 33 ml"},"content":{"rendered":"<p>Masca facial\u0103 din \u021bes\u0103tur\u0103 cu efect puternic de iluminare ofer\u0103 hidratare profund\u0103 \u0219i hr\u0103ne\u0219te pielea simultan. \u00cembun\u0103t\u0103\u021be\u0219te elasticitatea, re\u00eemprosp\u0103teaz\u0103 \u0219i nu irit\u0103 pielea. Masca, \u00eembog\u0103\u021bit\u0103 cu extracte din petale de bujor, prezint\u0103 o textur\u0103 gelatinoas\u0103 pl\u0103cut\u0103 \u0219i ofer\u0103 pielii o senza\u021bie imediat\u0103 de confort.<\/p>\n","protected":false},"excerpt":{"rendered":"<p>Masca facial\u0103 din \u021bes\u0103tur\u0103 cu efect puternic de iluminare ofer\u0103 hidratare profund\u0103 \u0219i hr\u0103ne\u0219te pielea simultan. \u00cembun\u0103t\u0103\u021be\u0219te elasticitatea, re\u00eemprosp\u0103teaz\u0103 \u0219i nu irit\u0103 pielea. Masca, \u00eembog\u0103\u021bit\u0103 cu extracte din petale de bujor, prezint\u0103 o textur\u0103 gelatinoas\u0103 pl\u0103cut\u0103 \u0219i ofer\u0103 pielii o senza\u021bie imediat\u0103 de confort.<\/p>\n","protected":false},"featured_media":270198,"comment_status":"closed","ping_status":"open","template":"","meta":{"_acf_changed":false,"_kadence_starter_templates_imported_post":false,"_kad_post_transparent":"","_kad_post_title":"","_kad_post_layout":"","_kad_post_sidebar_id":"","_kad_post_content_style":"","_kad_post_vertical_padding":"","_kad_post_feature":"","_kad_post_feature_position":"","_kad_post_header":false,"_kad_post_footer":false,"_kad_post_classname":""},"product_brand":[1001],"product_cat":[246,635,634,633],"product_tag":[],"class_list":{"0":"post-270197","1":"product","2":"type-product","3":"status-publish","4":"has-post-thumbnail","6":"product_brand-needly","7":"product_cat-cosmetice","8":"product_cat-hidratarea-si-nutritia-pielii","9":"product_cat-produse-cosmetice-de-ingrijire-a-pielii","10":"product_cat-produse-cosmetice-pentru-piele","12":"first","13":"instock","14":"sale","15":"product-type-external","16":"entry","17":"content-bg","18":"loop-entry"},"acf":[],"yoast_head":"<!-- This site is optimized with the Yoast SEO plugin v27.3 - https:\/\/yoast.com\/product\/yoast-seo-wordpress\/ -->\n<title>NEEDLY Masca facial\u0103 iluminatoare (Peony Jelly Mask) 33 ml - SHOPATOA.COM<\/title>\n<meta name=\"robots\" content=\"index, follow, max-snippet:-1, max-image-preview:large, max-video-preview:-1\" \/>\n<link rel=\"canonical\" href=\"https:\/\/shopatoa.com\/ro\/needly-masca-faciala-iluminatoare-peony-jelly-mask-33-ml\/\" \/>\n<meta property=\"og:locale\" content=\"ro_RO\" \/>\n<meta property=\"og:type\" content=\"article\" \/>\n<meta property=\"og:title\" content=\"NEEDLY Masca facial\u0103 iluminatoare (Peony Jelly Mask) 33 ml - SHOPATOA.COM\" \/>\n<meta property=\"og:description\" content=\"Masca facial\u0103 din \u021bes\u0103tur\u0103 cu efect puternic de iluminare ofer\u0103 hidratare profund\u0103 \u0219i hr\u0103ne\u0219te pielea simultan. \u00cembun\u0103t\u0103\u021be\u0219te elasticitatea, re\u00eemprosp\u0103teaz\u0103 \u0219i nu irit\u0103 pielea. Masca, \u00eembog\u0103\u021bit\u0103 cu extracte din petale de bujor, prezint\u0103 o textur\u0103 gelatinoas\u0103 pl\u0103cut\u0103 \u0219i ofer\u0103 pielii o senza\u021bie imediat\u0103 de confort.\" \/>\n<meta property=\"og:url\" content=\"https:\/\/shopatoa.com\/ro\/needly-masca-faciala-iluminatoare-peony-jelly-mask-33-ml\/\" \/>\n<meta property=\"og:site_name\" content=\"SHOPATOA\" \/>\n<meta property=\"article:modified_time\" content=\"2025-12-08T22:13:12+00:00\" \/>\n<meta property=\"og:image\" content=\"https:\/\/storage.googleapis.com\/cz-shopatoa-img\/ro\/2f152cd8-unnamed-file.webp\" \/>\n\t<meta property=\"og:image:width\" content=\"800\" \/>\n\t<meta property=\"og:image:height\" content=\"800\" \/>\n\t<meta property=\"og:image:type\" content=\"image\/webp\" \/>\n<meta name=\"twitter:card\" content=\"summary_large_image\" \/>\n<script type=\"application\/ld+json\" class=\"yoast-schema-graph\">{\"@context\":\"https:\\\/\\\/schema.org\",\"@graph\":[{\"@type\":\"WebPage\",\"@id\":\"https:\\\/\\\/shopatoa.com\\\/ro\\\/needly-masca-faciala-iluminatoare-peony-jelly-mask-33-ml\\\/\",\"url\":\"https:\\\/\\\/shopatoa.com\\\/ro\\\/needly-masca-faciala-iluminatoare-peony-jelly-mask-33-ml\\\/\",\"name\":\"NEEDLY Masca facial\u0103 iluminatoare (Peony Jelly Mask) 33 ml - SHOPATOA.COM\",\"isPartOf\":{\"@id\":\"https:\\\/\\\/shopatoa.com\\\/ro\\\/#website\"},\"primaryImageOfPage\":{\"@id\":\"https:\\\/\\\/shopatoa.com\\\/ro\\\/needly-masca-faciala-iluminatoare-peony-jelly-mask-33-ml\\\/#primaryimage\"},\"image\":{\"@id\":\"https:\\\/\\\/shopatoa.com\\\/ro\\\/needly-masca-faciala-iluminatoare-peony-jelly-mask-33-ml\\\/#primaryimage\"},\"thumbnailUrl\":\"https:\\\/\\\/storage.googleapis.com\\\/cz-shopatoa-img\\\/ro\\\/2f152cd8-unnamed-file.webp\",\"datePublished\":\"2025-04-29T04:06:56+00:00\",\"dateModified\":\"2025-12-08T22:13:12+00:00\",\"breadcrumb\":{\"@id\":\"https:\\\/\\\/shopatoa.com\\\/ro\\\/needly-masca-faciala-iluminatoare-peony-jelly-mask-33-ml\\\/#breadcrumb\"},\"inLanguage\":\"ro-RO\",\"potentialAction\":[{\"@type\":\"ReadAction\",\"target\":[\"https:\\\/\\\/shopatoa.com\\\/ro\\\/needly-masca-faciala-iluminatoare-peony-jelly-mask-33-ml\\\/\"]}]},{\"@type\":\"ImageObject\",\"inLanguage\":\"ro-RO\",\"@id\":\"https:\\\/\\\/shopatoa.com\\\/ro\\\/needly-masca-faciala-iluminatoare-peony-jelly-mask-33-ml\\\/#primaryimage\",\"url\":\"https:\\\/\\\/storage.googleapis.com\\\/cz-shopatoa-img\\\/ro\\\/2f152cd8-unnamed-file.webp\",\"contentUrl\":\"https:\\\/\\\/storage.googleapis.com\\\/cz-shopatoa-img\\\/ro\\\/2f152cd8-unnamed-file.webp\",\"width\":800,\"height\":800},{\"@type\":\"BreadcrumbList\",\"@id\":\"https:\\\/\\\/shopatoa.com\\\/ro\\\/needly-masca-faciala-iluminatoare-peony-jelly-mask-33-ml\\\/#breadcrumb\",\"itemListElement\":[{\"@type\":\"ListItem\",\"position\":1,\"name\":\"Dom\u016f\",\"item\":\"https:\\\/\\\/shopatoa.com\\\/ro\\\/\"},{\"@type\":\"ListItem\",\"position\":2,\"name\":\"Shop\",\"item\":\"https:\\\/\\\/shopatoa.com\\\/ro\\\/shop\\\/\"},{\"@type\":\"ListItem\",\"position\":3,\"name\":\"Cosmetice\",\"item\":\"https:\\\/\\\/shopatoa.com\\\/ro\\\/cosmetice\\\/\"},{\"@type\":\"ListItem\",\"position\":4,\"name\":\"Produse cosmetice pentru piele\",\"item\":\"https:\\\/\\\/shopatoa.com\\\/ro\\\/produse-cosmetice-pentru-piele\\\/\"},{\"@type\":\"ListItem\",\"position\":5,\"name\":\"Produse cosmetice de \u00eengrijire a pielii\",\"item\":\"https:\\\/\\\/shopatoa.com\\\/ro\\\/produse-cosmetice-de-ingrijire-a-pielii\\\/\"},{\"@type\":\"ListItem\",\"position\":6,\"name\":\"Hidratarea \u0219i nutri\u021bia pielii\",\"item\":\"https:\\\/\\\/shopatoa.com\\\/ro\\\/hidratarea-si-nutritia-pielii\\\/\"},{\"@type\":\"ListItem\",\"position\":7,\"name\":\"NEEDLY Masca facial\u0103 iluminatoare (Peony Jelly Mask) 33 ml\"}]},{\"@type\":\"WebSite\",\"@id\":\"https:\\\/\\\/shopatoa.com\\\/ro\\\/#website\",\"url\":\"https:\\\/\\\/shopatoa.com\\\/ro\\\/\",\"name\":\"SHOPATOA\",\"description\":\"\",\"publisher\":{\"@id\":\"https:\\\/\\\/shopatoa.com\\\/ro\\\/#organization\"},\"potentialAction\":[{\"@type\":\"SearchAction\",\"target\":{\"@type\":\"EntryPoint\",\"urlTemplate\":\"https:\\\/\\\/shopatoa.com\\\/ro\\\/?s={search_term_string}\"},\"query-input\":{\"@type\":\"PropertyValueSpecification\",\"valueRequired\":true,\"valueName\":\"search_term_string\"}}],\"inLanguage\":\"ro-RO\"},{\"@type\":\"Organization\",\"@id\":\"https:\\\/\\\/shopatoa.com\\\/ro\\\/#organization\",\"name\":\"SHOPATOA\",\"url\":\"https:\\\/\\\/shopatoa.com\\\/ro\\\/\",\"logo\":{\"@type\":\"ImageObject\",\"inLanguage\":\"ro-RO\",\"@id\":\"https:\\\/\\\/shopatoa.com\\\/ro\\\/#\\\/schema\\\/logo\\\/image\\\/\",\"url\":\"https:\\\/\\\/storage.googleapis.com\\\/cz-shopatoa-img\\\/ro\\\/b4dac915-shopatoa_logo.png\",\"contentUrl\":\"https:\\\/\\\/storage.googleapis.com\\\/cz-shopatoa-img\\\/ro\\\/b4dac915-shopatoa_logo.png\",\"width\":416,\"height\":63,\"caption\":\"SHOPATOA\"},\"image\":{\"@id\":\"https:\\\/\\\/shopatoa.com\\\/ro\\\/#\\\/schema\\\/logo\\\/image\\\/\"}}]}<\/script>\n<!-- \/ Yoast SEO plugin. -->","yoast_head_json":{"title":"NEEDLY Masca facial\u0103 iluminatoare (Peony Jelly Mask) 33 ml - SHOPATOA.COM","robots":{"index":"index","follow":"follow","max-snippet":"max-snippet:-1","max-image-preview":"max-image-preview:large","max-video-preview":"max-video-preview:-1"},"canonical":"https:\/\/shopatoa.com\/ro\/needly-masca-faciala-iluminatoare-peony-jelly-mask-33-ml\/","og_locale":"ro_RO","og_type":"article","og_title":"NEEDLY Masca facial\u0103 iluminatoare (Peony Jelly Mask) 33 ml - SHOPATOA.COM","og_description":"Masca facial\u0103 din \u021bes\u0103tur\u0103 cu efect puternic de iluminare ofer\u0103 hidratare profund\u0103 \u0219i hr\u0103ne\u0219te pielea simultan. \u00cembun\u0103t\u0103\u021be\u0219te elasticitatea, re\u00eemprosp\u0103teaz\u0103 \u0219i nu irit\u0103 pielea. Masca, \u00eembog\u0103\u021bit\u0103 cu extracte din petale de bujor, prezint\u0103 o textur\u0103 gelatinoas\u0103 pl\u0103cut\u0103 \u0219i ofer\u0103 pielii o senza\u021bie imediat\u0103 de confort.","og_url":"https:\/\/shopatoa.com\/ro\/needly-masca-faciala-iluminatoare-peony-jelly-mask-33-ml\/","og_site_name":"SHOPATOA","article_modified_time":"2025-12-08T22:13:12+00:00","og_image":[{"width":800,"height":800,"url":"https:\/\/storage.googleapis.com\/cz-shopatoa-img\/ro\/2f152cd8-unnamed-file.webp","type":"image\/webp"}],"twitter_card":"summary_large_image","schema":{"@context":"https:\/\/schema.org","@graph":[{"@type":"WebPage","@id":"https:\/\/shopatoa.com\/ro\/needly-masca-faciala-iluminatoare-peony-jelly-mask-33-ml\/","url":"https:\/\/shopatoa.com\/ro\/needly-masca-faciala-iluminatoare-peony-jelly-mask-33-ml\/","name":"NEEDLY Masca facial\u0103 iluminatoare (Peony Jelly Mask) 33 ml - SHOPATOA.COM","isPartOf":{"@id":"https:\/\/shopatoa.com\/ro\/#website"},"primaryImageOfPage":{"@id":"https:\/\/shopatoa.com\/ro\/needly-masca-faciala-iluminatoare-peony-jelly-mask-33-ml\/#primaryimage"},"image":{"@id":"https:\/\/shopatoa.com\/ro\/needly-masca-faciala-iluminatoare-peony-jelly-mask-33-ml\/#primaryimage"},"thumbnailUrl":"https:\/\/storage.googleapis.com\/cz-shopatoa-img\/ro\/2f152cd8-unnamed-file.webp","datePublished":"2025-04-29T04:06:56+00:00","dateModified":"2025-12-08T22:13:12+00:00","breadcrumb":{"@id":"https:\/\/shopatoa.com\/ro\/needly-masca-faciala-iluminatoare-peony-jelly-mask-33-ml\/#breadcrumb"},"inLanguage":"ro-RO","potentialAction":[{"@type":"ReadAction","target":["https:\/\/shopatoa.com\/ro\/needly-masca-faciala-iluminatoare-peony-jelly-mask-33-ml\/"]}]},{"@type":"ImageObject","inLanguage":"ro-RO","@id":"https:\/\/shopatoa.com\/ro\/needly-masca-faciala-iluminatoare-peony-jelly-mask-33-ml\/#primaryimage","url":"https:\/\/storage.googleapis.com\/cz-shopatoa-img\/ro\/2f152cd8-unnamed-file.webp","contentUrl":"https:\/\/storage.googleapis.com\/cz-shopatoa-img\/ro\/2f152cd8-unnamed-file.webp","width":800,"height":800},{"@type":"BreadcrumbList","@id":"https:\/\/shopatoa.com\/ro\/needly-masca-faciala-iluminatoare-peony-jelly-mask-33-ml\/#breadcrumb","itemListElement":[{"@type":"ListItem","position":1,"name":"Dom\u016f","item":"https:\/\/shopatoa.com\/ro\/"},{"@type":"ListItem","position":2,"name":"Shop","item":"https:\/\/shopatoa.com\/ro\/shop\/"},{"@type":"ListItem","position":3,"name":"Cosmetice","item":"https:\/\/shopatoa.com\/ro\/cosmetice\/"},{"@type":"ListItem","position":4,"name":"Produse cosmetice pentru piele","item":"https:\/\/shopatoa.com\/ro\/produse-cosmetice-pentru-piele\/"},{"@type":"ListItem","position":5,"name":"Produse cosmetice de \u00eengrijire a pielii","item":"https:\/\/shopatoa.com\/ro\/produse-cosmetice-de-ingrijire-a-pielii\/"},{"@type":"ListItem","position":6,"name":"Hidratarea \u0219i nutri\u021bia pielii","item":"https:\/\/shopatoa.com\/ro\/hidratarea-si-nutritia-pielii\/"},{"@type":"ListItem","position":7,"name":"NEEDLY Masca facial\u0103 iluminatoare (Peony Jelly Mask) 33 ml"}]},{"@type":"WebSite","@id":"https:\/\/shopatoa.com\/ro\/#website","url":"https:\/\/shopatoa.com\/ro\/","name":"SHOPATOA","description":"","publisher":{"@id":"https:\/\/shopatoa.com\/ro\/#organization"},"potentialAction":[{"@type":"SearchAction","target":{"@type":"EntryPoint","urlTemplate":"https:\/\/shopatoa.com\/ro\/?s={search_term_string}"},"query-input":{"@type":"PropertyValueSpecification","valueRequired":true,"valueName":"search_term_string"}}],"inLanguage":"ro-RO"},{"@type":"Organization","@id":"https:\/\/shopatoa.com\/ro\/#organization","name":"SHOPATOA","url":"https:\/\/shopatoa.com\/ro\/","logo":{"@type":"ImageObject","inLanguage":"ro-RO","@id":"https:\/\/shopatoa.com\/ro\/#\/schema\/logo\/image\/","url":"https:\/\/storage.googleapis.com\/cz-shopatoa-img\/ro\/b4dac915-shopatoa_logo.png","contentUrl":"https:\/\/storage.googleapis.com\/cz-shopatoa-img\/ro\/b4dac915-shopatoa_logo.png","width":416,"height":63,"caption":"SHOPATOA"},"image":{"@id":"https:\/\/shopatoa.com\/ro\/#\/schema\/logo\/image\/"}}]}},"_links":{"self":[{"href":"https:\/\/shopatoa.com\/ro\/wp-json\/wp\/v2\/product\/270197","targetHints":{"allow":["GET"]}}],"collection":[{"href":"https:\/\/shopatoa.com\/ro\/wp-json\/wp\/v2\/product"}],"about":[{"href":"https:\/\/shopatoa.com\/ro\/wp-json\/wp\/v2\/types\/product"}],"replies":[{"embeddable":true,"href":"https:\/\/shopatoa.com\/ro\/wp-json\/wp\/v2\/comments?post=270197"}],"wp:featuredmedia":[{"embeddable":true,"href":"https:\/\/shopatoa.com\/ro\/wp-json\/wp\/v2\/media\/270198"}],"wp:attachment":[{"href":"https:\/\/shopatoa.com\/ro\/wp-json\/wp\/v2\/media?parent=270197"}],"wp:term":[{"taxonomy":"product_brand","embeddable":true,"href":"https:\/\/shopatoa.com\/ro\/wp-json\/wp\/v2\/product_brand?post=270197"},{"taxonomy":"product_cat","embeddable":true,"href":"https:\/\/shopatoa.com\/ro\/wp-json\/wp\/v2\/product_cat?post=270197"},{"taxonomy":"product_tag","embeddable":true,"href":"https:\/\/shopatoa.com\/ro\/wp-json\/wp\/v2\/product_tag?post=270197"}],"curies":[{"name":"wp","href":"https:\/\/api.w.org\/{rel}","templated":true}]}}